{"id":111226,"date":"2022-12-09T17:41:56","date_gmt":"2022-12-09T16:41:56","guid":{"rendered":"https:\/\/aulaabierta.arasaac.org\/asterics-grid_instalacao_ios"},"modified":"2025-09-11T19:22:30","modified_gmt":"2025-09-11T18:22:30","slug":"asterics-aac_instalacao_ios","status":"publish","type":"page","link":"https:\/\/aulaabierta.arasaac.org\/pt-pt\/asterics-aac_instalacao_ios","title":{"rendered":"Comunicador din\u00e2mico Asterics AAC &#8211; Instala\u00e7\u00e3o em iOS"},"content":{"rendered":"\n<style type=\"text\/css\" data-created_by=\"avia_inline_auto\" id=\"style-css-av-59few4t-2cffc8e74e39dab213ab66888018d0cb\">\n#top .av-special-heading.av-59few4t-2cffc8e74e39dab213ab66888018d0cb{\npadding-bottom:0;\n}\nbody .av-special-heading.av-59few4t-2cffc8e74e39dab213ab66888018d0cb .av-special-heading-tag .heading-char{\nfont-size:25px;\n}\n.av-special-heading.av-59few4t-2cffc8e74e39dab213ab66888018d0cb .av-subheading{\nfont-size:15px;\n}\n<\/style>\n<div  class='av-special-heading av-59few4t-2cffc8e74e39dab213ab66888018d0cb av-special-heading-h2  avia-builder-el-0  el_before_av_textblock  avia-builder-el-first '><h2 class='av-special-heading-tag'  itemprop=\"headline\"  >Asterics AAC &#8211; Instala\u00e7\u00e3o no iOS <\/h2><div class=\"special-heading-border\"><div class=\"special-heading-inner-border\"><\/div><\/div><\/div>\n\n<style type=\"text\/css\" data-created_by=\"avia_inline_auto\" id=\"style-css-av-4x1ydbh-7adc1332dd374778683f88dad48a972c\">\n#top .av_textblock_section.av-4x1ydbh-7adc1332dd374778683f88dad48a972c .avia_textblock{\nfont-size:16px;\n}\n<\/style>\n<section  class='av_textblock_section av-4x1ydbh-7adc1332dd374778683f88dad48a972c'  itemscope=\"itemscope\" itemtype=\"https:\/\/schema.org\/CreativeWork\" ><div class='avia_textblock'  itemprop=\"text\" ><p>O <strong>Asterics AAC<\/strong> \u00e9 um <strong>comunicador web (webapp) multiplataforma<\/strong>, o que implica que funciona tendo sempre como base um <strong>navegador web <\/strong>com a vantagem de que <strong>armazena todos os dados no dispositivo<\/strong> que estamos a usar (computador, tablet ou smartphone).<\/p>\n<p>Esta vantagem permite o <strong>funcionamento offline <\/strong>(sem liga\u00e7\u00e3o \u00e0 Internet) depois da primeira liga\u00e7\u00e3o e descarga inicial dos dados. Tamb\u00e9m existe a possibilidade de <strong>instal\u00e1-lo como se fosse uma aplica\u00e7\u00e3o nativa<\/strong> (ainda que continue a ser uma <strong>webapp<\/strong>), quer dizer, o funcionamento ser\u00e1 o mesmo de qualquer outra aplica\u00e7\u00e3o que tenhamos instalada no nosso computador ou dispositivo. Isto oferece a vantagem adicional de visualiza\u00e7\u00e3o em ecr\u00e3 inteiro sem que o navegador esteja vis\u00edvel, ou seja, como se fosse uma APP nativa que descarreg\u00e1mos e instal\u00e1mos.<\/p>\n<p>Neste tutorial, vamos explicar como <strong>instalar o Asterics AAC em dispositivos m\u00f3veis e tablets<\/strong> com sistema operativo <strong>iOS<\/strong>.<\/p>\n<p>Depois de instalado, aparecer\u00e1 um <strong>\u00edcone no ambiente de trabalho<\/strong> que nos permitir\u00e1 lan\u00e7ar o comunicador como se fosse uma aplica\u00e7\u00e3o, sem vermos o navegador em que \u00e9 executado.<\/p>\n<\/div><\/section>\n\n<style type=\"text\/css\" data-created_by=\"avia_inline_auto\" id=\"style-css-av-4g0llwt-3101bda47a796ebe2d6d4a46a49555c0\">\n#top .av-special-heading.av-4g0llwt-3101bda47a796ebe2d6d4a46a49555c0{\npadding-bottom:0;\n}\nbody .av-special-heading.av-4g0llwt-3101bda47a796ebe2d6d4a46a49555c0 .av-special-heading-tag .heading-char{\nfont-size:25px;\n}\n.av-special-heading.av-4g0llwt-3101bda47a796ebe2d6d4a46a49555c0 .av-subheading{\nfont-size:15px;\n}\n<\/style>\n<div  class='av-special-heading av-4g0llwt-3101bda47a796ebe2d6d4a46a49555c0 av-special-heading-h2  avia-builder-el-2  el_after_av_textblock  el_before_av_textblock '><h2 class='av-special-heading-tag'  itemprop=\"headline\"  >Instala\u00e7\u00e3o no sistema operativo iOS<\/h2><div class=\"special-heading-border\"><div class=\"special-heading-inner-border\"><\/div><\/div><\/div>\n\n<style type=\"text\/css\" data-created_by=\"avia_inline_auto\" id=\"style-css-av-3wam70t-07daf9f86fba3b42d48a4bbc7138ce83\">\n#top .av_textblock_section.av-3wam70t-07daf9f86fba3b42d48a4bbc7138ce83 .avia_textblock{\nfont-size:16px;\n}\n<\/style>\n<section  class='av_textblock_section av-3wam70t-07daf9f86fba3b42d48a4bbc7138ce83'  itemscope=\"itemscope\" itemtype=\"https:\/\/schema.org\/CreativeWork\" ><div class='avia_textblock'  itemprop=\"text\" ><p>Para instalar <strong>o Asterics AAC<\/strong> como se fosse uma app nativa em sistemas operativos iOS (iPhone ou iPad), abrimos a p\u00e1gina web do <strong>Asterics AAC<\/strong> no navegador <strong>Safari<\/strong>.<\/p>\n<p>Podemos abrir o <strong>Asterics AAC<\/strong> noutros navegadores e funcionar\u00e1 perfeitamente em ambiente web, mas n\u00e3o teremos possibilidade de instal\u00e1-lo no Ambiente de Trabalho como se fosse uma app nativa.<\/p>\n<p>Aberta a p\u00e1gina do <strong>Asterics AAC<\/strong> no <strong>Safari<\/strong>, clicamos no bot\u00e3o de Op\u00e7\u00f5es (1) &#8230;<\/p>\n<p><img loading=\"lazy\" decoding=\"async\" class=\"aligncenter wp-image-94038\" src=\"https:\/\/aulaabierta.arasaac.org\/wp-content\/uploads\/2022\/08\/IMG_0453_2.jpg\" alt=\"\" width=\"700\" height=\"525\" srcset=\"https:\/\/aulaabierta.arasaac.org\/wp-content\/uploads\/2022\/08\/IMG_0453_2.jpg 2048w, https:\/\/aulaabierta.arasaac.org\/wp-content\/uploads\/2022\/08\/IMG_0453_2-300x225.jpg 300w, https:\/\/aulaabierta.arasaac.org\/wp-content\/uploads\/2022\/08\/IMG_0453_2-1030x773.jpg 1030w, https:\/\/aulaabierta.arasaac.org\/wp-content\/uploads\/2022\/08\/IMG_0453_2-768x576.jpg 768w, https:\/\/aulaabierta.arasaac.org\/wp-content\/uploads\/2022\/08\/IMG_0453_2-1536x1152.jpg 1536w, https:\/\/aulaabierta.arasaac.org\/wp-content\/uploads\/2022\/08\/IMG_0453_2-1500x1125.jpg 1500w, https:\/\/aulaabierta.arasaac.org\/wp-content\/uploads\/2022\/08\/IMG_0453_2-705x529.jpg 705w\" sizes=\"auto, (max-width: 700px) 100vw, 700px\" \/><\/p>\n<p>&#8230; e a seguir clicamos em <strong>Adicionar ao ecr\u00e3 de in\u00edcio<\/strong> (2).<\/p>\n<p><img loading=\"lazy\" decoding=\"async\" class=\"aligncenter wp-image-94043\" src=\"https:\/\/aulaabierta.arasaac.org\/wp-content\/uploads\/2022\/08\/IMG_0454_2.jpg\" alt=\"\" width=\"700\" height=\"525\" srcset=\"https:\/\/aulaabierta.arasaac.org\/wp-content\/uploads\/2022\/08\/IMG_0454_2.jpg 2048w, https:\/\/aulaabierta.arasaac.org\/wp-content\/uploads\/2022\/08\/IMG_0454_2-300x225.jpg 300w, https:\/\/aulaabierta.arasaac.org\/wp-content\/uploads\/2022\/08\/IMG_0454_2-1030x773.jpg 1030w, https:\/\/aulaabierta.arasaac.org\/wp-content\/uploads\/2022\/08\/IMG_0454_2-768x576.jpg 768w, https:\/\/aulaabierta.arasaac.org\/wp-content\/uploads\/2022\/08\/IMG_0454_2-1536x1152.jpg 1536w, https:\/\/aulaabierta.arasaac.org\/wp-content\/uploads\/2022\/08\/IMG_0454_2-1500x1125.jpg 1500w, https:\/\/aulaabierta.arasaac.org\/wp-content\/uploads\/2022\/08\/IMG_0454_2-705x529.jpg 705w\" sizes=\"auto, (max-width: 700px) 100vw, 700px\" \/><\/p>\n<p>Se voltarmos ao Ambiente de Trabalho, observamos que aparece um novo \u00edcone chamado <strong>Grid<\/strong>.<\/p>\n<p><img loading=\"lazy\" decoding=\"async\" class=\"aligncenter wp-image-94048\" src=\"https:\/\/aulaabierta.arasaac.org\/wp-content\/uploads\/2022\/08\/IMG_0455_2.jpg\" alt=\"\" width=\"700\" height=\"525\" srcset=\"https:\/\/aulaabierta.arasaac.org\/wp-content\/uploads\/2022\/08\/IMG_0455_2.jpg 2048w, https:\/\/aulaabierta.arasaac.org\/wp-content\/uploads\/2022\/08\/IMG_0455_2-300x225.jpg 300w, https:\/\/aulaabierta.arasaac.org\/wp-content\/uploads\/2022\/08\/IMG_0455_2-1030x773.jpg 1030w, https:\/\/aulaabierta.arasaac.org\/wp-content\/uploads\/2022\/08\/IMG_0455_2-768x576.jpg 768w, https:\/\/aulaabierta.arasaac.org\/wp-content\/uploads\/2022\/08\/IMG_0455_2-1536x1152.jpg 1536w, https:\/\/aulaabierta.arasaac.org\/wp-content\/uploads\/2022\/08\/IMG_0455_2-1500x1125.jpg 1500w, https:\/\/aulaabierta.arasaac.org\/wp-content\/uploads\/2022\/08\/IMG_0455_2-705x529.jpg 705w\" sizes=\"auto, (max-width: 700px) 100vw, 700px\" \/><\/p>\n<p>Ao clicar no \u00edcone, comprovamos que o <strong>Asterics AAC<\/strong> abre em <strong>ecr\u00e3 completo<\/strong> e <strong>sem visualizar o navegador<\/strong>.<\/p>\n<p><img loading=\"lazy\" decoding=\"async\" class=\"aligncenter wp-image-94053\" src=\"https:\/\/aulaabierta.arasaac.org\/wp-content\/uploads\/2022\/08\/IMG_0456.jpeg\" alt=\"\" width=\"700\" height=\"525\" srcset=\"https:\/\/aulaabierta.arasaac.org\/wp-content\/uploads\/2022\/08\/IMG_0456.jpeg 2048w, https:\/\/aulaabierta.arasaac.org\/wp-content\/uploads\/2022\/08\/IMG_0456-300x225.jpeg 300w, https:\/\/aulaabierta.arasaac.org\/wp-content\/uploads\/2022\/08\/IMG_0456-1030x773.jpeg 1030w, https:\/\/aulaabierta.arasaac.org\/wp-content\/uploads\/2022\/08\/IMG_0456-768x576.jpeg 768w, https:\/\/aulaabierta.arasaac.org\/wp-content\/uploads\/2022\/08\/IMG_0456-1536x1152.jpeg 1536w, https:\/\/aulaabierta.arasaac.org\/wp-content\/uploads\/2022\/08\/IMG_0456-1500x1125.jpeg 1500w, https:\/\/aulaabierta.arasaac.org\/wp-content\/uploads\/2022\/08\/IMG_0456-705x529.jpeg 705w\" sizes=\"auto, (max-width: 700px) 100vw, 700px\" \/><\/p>\n<p>Se tivermos utilizadores criados no navegador e os quisermos utilizar na nova app, utilizamos a op\u00e7\u00e3o <strong>Conectar<\/strong> introduzindo o <strong>Nome de utilizador<\/strong> e a <strong>Palavra-passe<\/strong> de cada um deles. Se n\u00e3o tivermos criado utilizadores, clicamos em &#8220;Criar um novo utilizador online&#8221;.<\/p>\n<p><img loading=\"lazy\" decoding=\"async\" class=\"aligncenter wp-image-94058\" src=\"https:\/\/aulaabierta.arasaac.org\/wp-content\/uploads\/2022\/08\/IMG_0457_2.jpg\" alt=\"\" width=\"700\" height=\"525\" srcset=\"https:\/\/aulaabierta.arasaac.org\/wp-content\/uploads\/2022\/08\/IMG_0457_2.jpg 2048w, https:\/\/aulaabierta.arasaac.org\/wp-content\/uploads\/2022\/08\/IMG_0457_2-300x225.jpg 300w, https:\/\/aulaabierta.arasaac.org\/wp-content\/uploads\/2022\/08\/IMG_0457_2-1030x773.jpg 1030w, https:\/\/aulaabierta.arasaac.org\/wp-content\/uploads\/2022\/08\/IMG_0457_2-768x576.jpg 768w, https:\/\/aulaabierta.arasaac.org\/wp-content\/uploads\/2022\/08\/IMG_0457_2-1536x1152.jpg 1536w, https:\/\/aulaabierta.arasaac.org\/wp-content\/uploads\/2022\/08\/IMG_0457_2-1500x1125.jpg 1500w, https:\/\/aulaabierta.arasaac.org\/wp-content\/uploads\/2022\/08\/IMG_0457_2-705x529.jpg 705w\" sizes=\"auto, (max-width: 700px) 100vw, 700px\" \/><\/p>\n<p>Seguindos estes passos, poderemos usar o <strong>Asterics AAC <\/strong>como fosse uma app habitual do nosso dispositivo.<\/p>\n<\/div><\/section>\n<div class='flex_column av-3o0t68d-9dd0824e3cc2fa52bf979fb6c0999737 av_one_fifth  avia-builder-el-4  el_after_av_textblock  el_before_av_one_fifth  first flex_column_div column-top-margin'     ><\/div>\n<div class='flex_column av-3225ivh-62feaa760de1d70b965f013bf2170955 av_one_fifth  avia-builder-el-5  el_after_av_one_fifth  el_before_av_one_fifth  flex_column_div column-top-margin'     ><\/div>\n<div class='flex_column av-2mh91v1-08952d01aff91aa56df1b4eaf6f4ebfb av_one_fifth  avia-builder-el-6  el_after_av_one_fifth  el_before_av_one_fifth  flex_column_div column-top-margin'     ><style type=\"text\/css\" data-created_by=\"avia_inline_auto\" id=\"style-css-av-24hlq0d-c9e58cd6d030565dab36f17f11a7ba99\">\n.avia-image-container.av-24hlq0d-c9e58cd6d030565dab36f17f11a7ba99 img.avia_image{\nbox-shadow:none;\n}\n.avia-image-container.av-24hlq0d-c9e58cd6d030565dab36f17f11a7ba99 .av-image-caption-overlay-center{\ncolor:#ffffff;\n}\n<\/style>\n<div  class='avia-image-container av-24hlq0d-c9e58cd6d030565dab36f17f11a7ba99 av-styling- avia-align-center  avia-builder-el-7  avia-builder-el-no-sibling '   itemprop=\"image\" itemscope=\"itemscope\" itemtype=\"https:\/\/schema.org\/ImageObject\" ><div class=\"avia-image-container-inner\"><div class=\"avia-image-overlay-wrap\"><a href=\"https:\/\/aulaabierta.arasaac.org\/pt-pt\/asterics-aac_inicio_pt\" class='avia_image' ><img decoding=\"async\" class='wp-image-93348 avia-img-lazy-loading-not-93348 avia_image ' src=\"https:\/\/aulaabierta.arasaac.org\/wp-content\/uploads\/2022\/08\/casa-120x120-1-80x80.png\" alt='' title='casa-120x120'  height=\"80\" width=\"80\"  itemprop=\"thumbnailUrl\" srcset=\"https:\/\/aulaabierta.arasaac.org\/wp-content\/uploads\/2022\/08\/casa-120x120-1-80x80.png 80w, https:\/\/aulaabierta.arasaac.org\/wp-content\/uploads\/2022\/08\/casa-120x120-1-36x36.png 36w, https:\/\/aulaabierta.arasaac.org\/wp-content\/uploads\/2022\/08\/casa-120x120-1.png 120w\" sizes=\"(max-width: 80px) 100vw, 80px\" \/><\/a><\/div><\/div><\/div><\/div>\n<div class='flex_column av-1nd17xp-6b45efcb9dafccb61f83842de627b57d av_one_fifth  avia-builder-el-8  el_after_av_one_fifth  el_before_av_one_fifth  flex_column_div column-top-margin'     ><\/div>\n<div class='flex_column av-12sdze5-fef326c5874c08d750cff79cd0d394f4 av_one_fifth  avia-builder-el-9  el_after_av_one_fifth  el_before_av_one_full  flex_column_div column-top-margin'     ><\/div>\n<div class='flex_column av-npiy0d-c55d428557a5b1d4fb62dcbd9610c538 av_one_full  avia-builder-el-10  el_after_av_one_fifth  avia-builder-el-last  first flex_column_div column-top-margin'     ><\/div>\n","protected":false},"excerpt":{"rendered":"","protected":false},"author":5,"featured_media":93287,"parent":0,"menu_order":0,"comment_status":"closed","ping_status":"closed","template":"","meta":{"om_disable_all_campaigns":false,"_monsterinsights_skip_tracking":false,"_monsterinsights_sitenote_active":false,"_monsterinsights_sitenote_note":"","_monsterinsights_sitenote_category":0,"_uf_show_specific_survey":0,"_uf_disable_surveys":false,"footnotes":""},"class_list":["post-111226","page","type-page","status-publish","has-post-thumbnail","hentry"],"aioseo_notices":[],"_links":{"self":[{"href":"https:\/\/aulaabierta.arasaac.org\/pt-pt\/wp-json\/wp\/v2\/pages\/111226","targetHints":{"allow":["GET"]}}],"collection":[{"href":"https:\/\/aulaabierta.arasaac.org\/pt-pt\/wp-json\/wp\/v2\/pages"}],"about":[{"href":"https:\/\/aulaabierta.arasaac.org\/pt-pt\/wp-json\/wp\/v2\/types\/page"}],"author":[{"embeddable":true,"href":"https:\/\/aulaabierta.arasaac.org\/pt-pt\/wp-json\/wp\/v2\/users\/5"}],"replies":[{"embeddable":true,"href":"https:\/\/aulaabierta.arasaac.org\/pt-pt\/wp-json\/wp\/v2\/comments?post=111226"}],"version-history":[{"count":42,"href":"https:\/\/aulaabierta.arasaac.org\/pt-pt\/wp-json\/wp\/v2\/pages\/111226\/revisions"}],"predecessor-version":[{"id":150966,"href":"https:\/\/aulaabierta.arasaac.org\/pt-pt\/wp-json\/wp\/v2\/pages\/111226\/revisions\/150966"}],"wp:featuredmedia":[{"embeddable":true,"href":"https:\/\/aulaabierta.arasaac.org\/pt-pt\/wp-json\/wp\/v2\/media\/93287"}],"wp:attachment":[{"href":"https:\/\/aulaabierta.arasaac.org\/pt-pt\/wp-json\/wp\/v2\/media?parent=111226"}],"curies":[{"name":"wp","href":"https:\/\/api.w.org\/{rel}","templated":true}]}}