{"id":111429,"date":"2022-12-30T15:17:49","date_gmt":"2022-12-30T14:17:49","guid":{"rendered":"https:\/\/aulaabierta.arasaac.org\/asterics-grid_anexo-b-usar-codigos-de-cor-segundo-tipo-de-palavra"},"modified":"2025-09-11T19:22:38","modified_gmt":"2025-09-11T18:22:38","slug":"asterics-aac-anexo-c-usar-codigos-de-cor-de-acordo-com-o-tipo-de-palavra","status":"publish","type":"page","link":"https:\/\/aulaabierta.arasaac.org\/pt-pt\/asterics-aac-anexo-c-usar-codigos-de-cor-de-acordo-com-o-tipo-de-palavra","title":{"rendered":"Comunicador Asterics AAC &#8211; Anexo C &#8211; Usar c\u00f3digo de cor segundo o tipo de palavra"},"content":{"rendered":"\n<style type=\"text\/css\" data-created_by=\"avia_inline_auto\" id=\"style-css-av-g02wp-771bb74d68bd805092bb5109bd5a690b\">\n#top .av-special-heading.av-g02wp-771bb74d68bd805092bb5109bd5a690b{\npadding-bottom:0;\n}\nbody .av-special-heading.av-g02wp-771bb74d68bd805092bb5109bd5a690b .av-special-heading-tag .heading-char{\nfont-size:25px;\n}\n.av-special-heading.av-g02wp-771bb74d68bd805092bb5109bd5a690b .av-subheading{\nfont-size:15px;\n}\n<\/style>\n<div  class='av-special-heading av-g02wp-771bb74d68bd805092bb5109bd5a690b av-special-heading-h2  avia-builder-el-0  el_before_av_heading  avia-builder-el-first '><h2 class='av-special-heading-tag'  itemprop=\"headline\"  >Comunicador din\u00e2mico Asterics AAC<\/h2><div class=\"special-heading-border\"><div class=\"special-heading-inner-border\"><\/div><\/div><\/div>\n\n<style type=\"text\/css\" data-created_by=\"avia_inline_auto\" id=\"style-css-av-l6uyvnzl-2432de85cdc64f61beb0e7e61b49d560\">\n#top .av-special-heading.av-l6uyvnzl-2432de85cdc64f61beb0e7e61b49d560{\npadding-bottom:0;\n}\nbody .av-special-heading.av-l6uyvnzl-2432de85cdc64f61beb0e7e61b49d560 .av-special-heading-tag .heading-char{\nfont-size:25px;\n}\n.av-special-heading.av-l6uyvnzl-2432de85cdc64f61beb0e7e61b49d560 .av-subheading{\nfont-size:15px;\n}\n<\/style>\n<div  class='av-special-heading av-l6uyvnzl-2432de85cdc64f61beb0e7e61b49d560 av-special-heading-h2  avia-builder-el-1  el_after_av_heading  el_before_av_hr '><h2 class='av-special-heading-tag'  itemprop=\"headline\"  >Anexo C &#8211; Usar c\u00f3digo de cor segundo o tipo de palavra<\/h2><div class=\"special-heading-border\"><div class=\"special-heading-inner-border\"><\/div><\/div><\/div>\n<div  class='hr av-iuhhgx-d673ebc2263b20e277a8850c6f643d0e hr-default  avia-builder-el-2  el_after_av_heading  el_before_av_textblock '><span class='hr-inner '><span class=\"hr-inner-style\"><\/span><\/span><\/div>\n\n<style type=\"text\/css\" data-created_by=\"avia_inline_auto\" id=\"style-css-av-l7od3lky-d3322c1ef33746f21de40562a835b69b\">\n#top .av_textblock_section.av-l7od3lky-d3322c1ef33746f21de40562a835b69b .avia_textblock{\nfont-size:16px;\n}\n<\/style>\n<section  class='av_textblock_section av-l7od3lky-d3322c1ef33746f21de40562a835b69b'  itemscope=\"itemscope\" itemtype=\"https:\/\/schema.org\/CreativeWork\" ><div class='avia_textblock'  itemprop=\"text\" ><p>En <strong>AsTeRiCS Grid <\/strong>podemos <strong>asignar diferentes c\u00f3digos de colores<\/strong> a las celdas de los tableros, atendiendo a la funci\u00f3n que realiza cada una de las palabras (sustantivos, verbos, adjetivos, etc.) que los componen.<\/p>\n<p>Para activar esta opci\u00f3n, nos dirigimos al men\u00fa de <strong>Configuraci\u00f3n<\/strong> y en el apartado de <strong>Colores<\/strong>, podemos activar o desactivar esta opci\u00f3n en <strong>Esquema de color para categor\u00edas<\/strong>.<\/p>\n<p><img loading=\"lazy\" decoding=\"async\" class=\"alignnone size-full wp-image-149334\" src=\"https:\/\/aulaabierta.arasaac.org\/wp-content\/uploads\/2025\/02\/Asterics_esquemas_color_celdas_1.jpg\" alt=\"\" width=\"1919\" height=\"925\" srcset=\"https:\/\/aulaabierta.arasaac.org\/wp-content\/uploads\/2025\/02\/Asterics_esquemas_color_celdas_1.jpg 1919w, https:\/\/aulaabierta.arasaac.org\/wp-content\/uploads\/2025\/02\/Asterics_esquemas_color_celdas_1-300x145.jpg 300w, https:\/\/aulaabierta.arasaac.org\/wp-content\/uploads\/2025\/02\/Asterics_esquemas_color_celdas_1-1030x496.jpg 1030w, https:\/\/aulaabierta.arasaac.org\/wp-content\/uploads\/2025\/02\/Asterics_esquemas_color_celdas_1-768x370.jpg 768w, https:\/\/aulaabierta.arasaac.org\/wp-content\/uploads\/2025\/02\/Asterics_esquemas_color_celdas_1-1536x740.jpg 1536w, https:\/\/aulaabierta.arasaac.org\/wp-content\/uploads\/2025\/02\/Asterics_esquemas_color_celdas_1-1500x723.jpg 1500w, https:\/\/aulaabierta.arasaac.org\/wp-content\/uploads\/2025\/02\/Asterics_esquemas_color_celdas_1-705x340.jpg 705w\" sizes=\"auto, (max-width: 1919px) 100vw, 1919px\" \/><\/p>\n<p>Actualmente, las claves de color de los pictogramas m\u00e1s utilizadas con la <strong>Clave Fitzgerald<\/strong> y la <strong>Clave Goossens<\/strong>. Si seleccionamos la pesta\u00f1a, utilizar estas claves en dos tonos de color (claro, medio y oscuro) asignados a cada una de ellas.<\/p>\n<p>En la siguiente imagen, os mostramos un tablero en el que utilizamos la <strong>Clave Fitzgerald<\/strong> con la asignaci\u00f3n de colores correspondientes a los diferentes tipos de palabra.<\/p>\n<p><img loading=\"lazy\" decoding=\"async\" class=\"aligncenter wp-image-109819\" src=\"https:\/\/aulaabierta.arasaac.org\/wp-content\/uploads\/2022\/10\/Clasificacion_Colores_Pictogramas_ARASAAC-1.jpg\" alt=\"\" width=\"700\" height=\"339\" srcset=\"https:\/\/aulaabierta.arasaac.org\/wp-content\/uploads\/2022\/10\/Clasificacion_Colores_Pictogramas_ARASAAC-1.jpg 1125w, https:\/\/aulaabierta.arasaac.org\/wp-content\/uploads\/2022\/10\/Clasificacion_Colores_Pictogramas_ARASAAC-1-300x145.jpg 300w, https:\/\/aulaabierta.arasaac.org\/wp-content\/uploads\/2022\/10\/Clasificacion_Colores_Pictogramas_ARASAAC-1-1030x499.jpg 1030w, https:\/\/aulaabierta.arasaac.org\/wp-content\/uploads\/2022\/10\/Clasificacion_Colores_Pictogramas_ARASAAC-1-768x372.jpg 768w, https:\/\/aulaabierta.arasaac.org\/wp-content\/uploads\/2022\/10\/Clasificacion_Colores_Pictogramas_ARASAAC-1-705x342.jpg 705w\" sizes=\"auto, (max-width: 700px) 100vw, 700px\" \/><\/p>\n<p>En la siguiente imagen, os mostramos el mismo tablero con la asignaci\u00f3n de la <strong>Clave Goossens<\/strong>.<\/p>\n<p><img loading=\"lazy\" decoding=\"async\" class=\"aligncenter wp-image-109813\" src=\"https:\/\/aulaabierta.arasaac.org\/wp-content\/uploads\/2022\/10\/Clasificacion_Colores_Pictogramas_ARASAAC-2.jpg\" alt=\"\" width=\"700\" height=\"350\" srcset=\"https:\/\/aulaabierta.arasaac.org\/wp-content\/uploads\/2022\/10\/Clasificacion_Colores_Pictogramas_ARASAAC-2.jpg 1125w, https:\/\/aulaabierta.arasaac.org\/wp-content\/uploads\/2022\/10\/Clasificacion_Colores_Pictogramas_ARASAAC-2-300x150.jpg 300w, https:\/\/aulaabierta.arasaac.org\/wp-content\/uploads\/2022\/10\/Clasificacion_Colores_Pictogramas_ARASAAC-2-1030x515.jpg 1030w, https:\/\/aulaabierta.arasaac.org\/wp-content\/uploads\/2022\/10\/Clasificacion_Colores_Pictogramas_ARASAAC-2-768x384.jpg 768w, https:\/\/aulaabierta.arasaac.org\/wp-content\/uploads\/2022\/10\/Clasificacion_Colores_Pictogramas_ARASAAC-2-705x352.jpg 705w\" sizes=\"auto, (max-width: 700px) 100vw, 700px\" \/><\/p>\n<p>Tambi\u00e9n tenemos las opci\u00f3n de <strong>desactivar estas claves de color<\/strong> a nuestro tablero. Para ello, desactivamos la opci\u00f3n <strong>Activar el uso de c\u00f3digos de color para categor\u00edas<\/strong>.<\/p>\n<p><img loading=\"lazy\" decoding=\"async\" class=\"aligncenter wp-image-109833\" src=\"https:\/\/aulaabierta.arasaac.org\/wp-content\/uploads\/2022\/10\/Clasificacion_Colores_Pictogramas_ARASAAC-3.jpg\" alt=\"\" width=\"700\" height=\"341\" srcset=\"https:\/\/aulaabierta.arasaac.org\/wp-content\/uploads\/2022\/10\/Clasificacion_Colores_Pictogramas_ARASAAC-3.jpg 1131w, https:\/\/aulaabierta.arasaac.org\/wp-content\/uploads\/2022\/10\/Clasificacion_Colores_Pictogramas_ARASAAC-3-300x146.jpg 300w, https:\/\/aulaabierta.arasaac.org\/wp-content\/uploads\/2022\/10\/Clasificacion_Colores_Pictogramas_ARASAAC-3-1030x502.jpg 1030w, https:\/\/aulaabierta.arasaac.org\/wp-content\/uploads\/2022\/10\/Clasificacion_Colores_Pictogramas_ARASAAC-3-768x374.jpg 768w, https:\/\/aulaabierta.arasaac.org\/wp-content\/uploads\/2022\/10\/Clasificacion_Colores_Pictogramas_ARASAAC-3-705x343.jpg 705w\" sizes=\"auto, (max-width: 700px) 100vw, 700px\" \/><\/p>\n<p>Partiendo de esta \u00faltima opci\u00f3n, podemos a<strong>signar diferentes colores para el fondo de las celdas<\/strong>. Os mostramos un ejemplo en la siguiente imagen.<\/p>\n<p><img loading=\"lazy\" decoding=\"async\" class=\"aligncenter wp-image-109840\" src=\"https:\/\/aulaabierta.arasaac.org\/wp-content\/uploads\/2022\/10\/Clasificacion_Colores_Pictogramas_ARASAAC-4-1.jpg\" alt=\"\" width=\"700\" height=\"327\" srcset=\"https:\/\/aulaabierta.arasaac.org\/wp-content\/uploads\/2022\/10\/Clasificacion_Colores_Pictogramas_ARASAAC-4-1.jpg 1333w, https:\/\/aulaabierta.arasaac.org\/wp-content\/uploads\/2022\/10\/Clasificacion_Colores_Pictogramas_ARASAAC-4-1-300x140.jpg 300w, https:\/\/aulaabierta.arasaac.org\/wp-content\/uploads\/2022\/10\/Clasificacion_Colores_Pictogramas_ARASAAC-4-1-1030x481.jpg 1030w, https:\/\/aulaabierta.arasaac.org\/wp-content\/uploads\/2022\/10\/Clasificacion_Colores_Pictogramas_ARASAAC-4-1-768x358.jpg 768w, https:\/\/aulaabierta.arasaac.org\/wp-content\/uploads\/2022\/10\/Clasificacion_Colores_Pictogramas_ARASAAC-4-1-705x329.jpg 705w\" sizes=\"auto, (max-width: 700px) 100vw, 700px\" \/><\/p>\n<p>Como podemos comprobar, existen multitud de opciones de personalizaci\u00f3n de nuestro comunicador, lo que permite una mayor adaptaci\u00f3n a las necesidades y caracter\u00edsticas de la persona.<\/p>\n<\/div><\/section>\n<div class='flex_column av-2krg6xr-318b22cf5a7dcc17d549f6d260a48947 av_one_fifth  avia-builder-el-4  el_after_av_textblock  el_before_av_one_fifth  first flex_column_div column-top-margin'     ><style type=\"text\/css\" data-created_by=\"avia_inline_auto\" id=\"style-css-av-l6kdyooj-2824f1903575bdc0341ed7dc2f5a1404\">\n.avia-image-container.av-l6kdyooj-2824f1903575bdc0341ed7dc2f5a1404 img.avia_image{\nbox-shadow:none;\n}\n.avia-image-container.av-l6kdyooj-2824f1903575bdc0341ed7dc2f5a1404 .av-image-caption-overlay-center{\ncolor:#ffffff;\n}\n<\/style>\n<div  class='avia-image-container av-l6kdyooj-2824f1903575bdc0341ed7dc2f5a1404 av-styling- avia-align-center  avia-builder-el-5  avia-builder-el-no-sibling '   itemprop=\"image\" itemscope=\"itemscope\" itemtype=\"https:\/\/schema.org\/ImageObject\" ><div class=\"avia-image-container-inner\"><div class=\"avia-image-overlay-wrap\"><a href=\"https:\/\/aulaabierta.arasaac.org\/pt-pt\/asterics-aac_anexo-b-ocultar-celulas-numa-tabela-predefinida\" class='avia_image' ><img decoding=\"async\" class='wp-image-23493 avia-img-lazy-loading-not-23493 avia_image ' src=\"https:\/\/aulaabierta.arasaac.org\/wp-content\/uploads\/2016\/12\/before-80x80.png\" alt='' title='before'  height=\"80\" width=\"80\"  itemprop=\"thumbnailUrl\" srcset=\"https:\/\/aulaabierta.arasaac.org\/wp-content\/uploads\/2016\/12\/before-80x80.png 80w, https:\/\/aulaabierta.arasaac.org\/wp-content\/uploads\/2016\/12\/before-36x36.png 36w, https:\/\/aulaabierta.arasaac.org\/wp-content\/uploads\/2016\/12\/before-120x120.png 120w, https:\/\/aulaabierta.arasaac.org\/wp-content\/uploads\/2016\/12\/before.png 128w\" sizes=\"(max-width: 80px) 100vw, 80px\" \/><\/a><\/div><\/div><\/div><\/div>\n<div class='flex_column av-2acjjb3-72430572443564d7b3ecb332fff10556 av_one_fifth  avia-builder-el-6  el_after_av_one_fifth  el_before_av_one_fifth  flex_column_div column-top-margin'     ><\/div>\n<div class='flex_column av-5ueg0v-f5b4451085be42fd2a70550803012549 av_one_fifth  avia-builder-el-7  el_after_av_one_fifth  el_before_av_one_fifth  flex_column_div column-top-margin'     ><style type=\"text\/css\" data-created_by=\"avia_inline_auto\" id=\"style-css-av-l6ke1xda-6b10fa8827c48ad3be2dfbd0acb250aa\">\n.avia-image-container.av-l6ke1xda-6b10fa8827c48ad3be2dfbd0acb250aa img.avia_image{\nbox-shadow:none;\n}\n.avia-image-container.av-l6ke1xda-6b10fa8827c48ad3be2dfbd0acb250aa .av-image-caption-overlay-center{\ncolor:#ffffff;\n}\n<\/style>\n<div  class='avia-image-container av-l6ke1xda-6b10fa8827c48ad3be2dfbd0acb250aa av-styling- avia-align-center  avia-builder-el-8  avia-builder-el-no-sibling '   itemprop=\"image\" itemscope=\"itemscope\" itemtype=\"https:\/\/schema.org\/ImageObject\" ><div class=\"avia-image-container-inner\"><div class=\"avia-image-overlay-wrap\"><a href=\"https:\/\/aulaabierta.arasaac.org\/pt-pt\/asterics-aac_inicio_pt\" class='avia_image' ><img decoding=\"async\" class='wp-image-93348 avia-img-lazy-loading-not-93348 avia_image ' src=\"https:\/\/aulaabierta.arasaac.org\/wp-content\/uploads\/2022\/08\/casa-120x120-1-80x80.png\" alt='' title='casa-120x120'  height=\"80\" width=\"80\"  itemprop=\"thumbnailUrl\" srcset=\"https:\/\/aulaabierta.arasaac.org\/wp-content\/uploads\/2022\/08\/casa-120x120-1-80x80.png 80w, https:\/\/aulaabierta.arasaac.org\/wp-content\/uploads\/2022\/08\/casa-120x120-1-36x36.png 36w, https:\/\/aulaabierta.arasaac.org\/wp-content\/uploads\/2022\/08\/casa-120x120-1.png 120w\" sizes=\"(max-width: 80px) 100vw, 80px\" \/><\/a><\/div><\/div><\/div><\/div>\n<div class='flex_column av-126aqin-7a6e39193fa1262d0b61cdb616a4a062 av_one_fifth  avia-builder-el-9  el_after_av_one_fifth  el_before_av_one_fifth  flex_column_div column-top-margin'     ><\/div>\n<div class='flex_column av-w2yn9b-3822e7b37f6ad515aaaac5be5b29fec2 av_one_fifth  avia-builder-el-10  el_after_av_one_fifth  el_before_av_one_full  flex_column_div column-top-margin'     ><style type=\"text\/css\" data-created_by=\"avia_inline_auto\" id=\"style-css-av-l6kdzl6f-b0bc77f0adda2efaccd2152496e8dfae\">\n.avia-image-container.av-l6kdzl6f-b0bc77f0adda2efaccd2152496e8dfae img.avia_image{\nbox-shadow:none;\n}\n.avia-image-container.av-l6kdzl6f-b0bc77f0adda2efaccd2152496e8dfae .av-image-caption-overlay-center{\ncolor:#ffffff;\n}\n<\/style>\n<div  class='avia-image-container av-l6kdzl6f-b0bc77f0adda2efaccd2152496e8dfae av-styling- avia-align-center  avia-builder-el-11  avia-builder-el-no-sibling '   itemprop=\"image\" itemscope=\"itemscope\" itemtype=\"https:\/\/schema.org\/ImageObject\" ><div class=\"avia-image-container-inner\"><div class=\"avia-image-overlay-wrap\"><a href=\"https:\/\/aulaabierta.arasaac.org\/pt-pt\/asterics-aac_anexo-d-usar-letras-maiusculas-minusculas-no-comunicador\" class='avia_image' ><img decoding=\"async\" class='wp-image-23496 avia-img-lazy-loading-not-23496 avia_image ' src=\"https:\/\/aulaabierta.arasaac.org\/wp-content\/uploads\/2016\/12\/next-80x80.png\" alt='' title='next'  height=\"80\" width=\"80\"  itemprop=\"thumbnailUrl\" srcset=\"https:\/\/aulaabierta.arasaac.org\/wp-content\/uploads\/2016\/12\/next-80x80.png 80w, https:\/\/aulaabierta.arasaac.org\/wp-content\/uploads\/2016\/12\/next-36x36.png 36w, https:\/\/aulaabierta.arasaac.org\/wp-content\/uploads\/2016\/12\/next-120x120.png 120w, https:\/\/aulaabierta.arasaac.org\/wp-content\/uploads\/2016\/12\/next.png 128w\" sizes=\"(max-width: 80px) 100vw, 80px\" \/><\/a><\/div><\/div><\/div><\/div>\n<div class='flex_column av-vtfpkv-8fb9bef4cb06de80cef16013e631f9a4 av_one_full  avia-builder-el-12  el_after_av_one_fifth  avia-builder-el-last  first flex_column_div column-top-margin'     ><\/div>\n","protected":false},"excerpt":{"rendered":"","protected":false},"author":5,"featured_media":93287,"parent":0,"menu_order":0,"comment_status":"open","ping_status":"open","template":"","meta":{"om_disable_all_campaigns":false,"_monsterinsights_skip_tracking":false,"_monsterinsights_sitenote_active":false,"_monsterinsights_sitenote_note":"","_monsterinsights_sitenote_category":0,"_uf_show_specific_survey":0,"_uf_disable_surveys":false,"footnotes":""},"class_list":["post-111429","page","type-page","status-publish","has-post-thumbnail","hentry"],"aioseo_notices":[],"_links":{"self":[{"href":"https:\/\/aulaabierta.arasaac.org\/pt-pt\/wp-json\/wp\/v2\/pages\/111429","targetHints":{"allow":["GET"]}}],"collection":[{"href":"https:\/\/aulaabierta.arasaac.org\/pt-pt\/wp-json\/wp\/v2\/pages"}],"about":[{"href":"https:\/\/aulaabierta.arasaac.org\/pt-pt\/wp-json\/wp\/v2\/types\/page"}],"author":[{"embeddable":true,"href":"https:\/\/aulaabierta.arasaac.org\/pt-pt\/wp-json\/wp\/v2\/users\/5"}],"replies":[{"embeddable":true,"href":"https:\/\/aulaabierta.arasaac.org\/pt-pt\/wp-json\/wp\/v2\/comments?post=111429"}],"version-history":[{"count":38,"href":"https:\/\/aulaabierta.arasaac.org\/pt-pt\/wp-json\/wp\/v2\/pages\/111429\/revisions"}],"predecessor-version":[{"id":150975,"href":"https:\/\/aulaabierta.arasaac.org\/pt-pt\/wp-json\/wp\/v2\/pages\/111429\/revisions\/150975"}],"wp:featuredmedia":[{"embeddable":true,"href":"https:\/\/aulaabierta.arasaac.org\/pt-pt\/wp-json\/wp\/v2\/media\/93287"}],"wp:attachment":[{"href":"https:\/\/aulaabierta.arasaac.org\/pt-pt\/wp-json\/wp\/v2\/media?parent=111429"}],"curies":[{"name":"wp","href":"https:\/\/api.w.org\/{rel}","templated":true}]}}