{"id":146787,"date":"2023-07-04T00:41:14","date_gmt":"2023-07-03T23:41:14","guid":{"rendered":"https:\/\/aulaabierta.arasaac.org\/asterics-grid_editar-o-texto-de-uma-celula"},"modified":"2025-09-11T19:21:18","modified_gmt":"2025-09-11T18:21:18","slug":"asterics-aac_editar-o-texto-de-uma-celula","status":"publish","type":"page","link":"https:\/\/aulaabierta.arasaac.org\/pt-pt\/asterics-aac_editar-o-texto-de-uma-celula","title":{"rendered":"Comunicador Asterics AAC &#8211; 6 &#8211; Editar o texto de uma c\u00e9lula"},"content":{"rendered":"\n<style type=\"text\/css\" data-created_by=\"avia_inline_auto\" id=\"style-css-av-g02wp-3fdd8ad32e09f359dd7e31962b066ef5\">\n#top .av-special-heading.av-g02wp-3fdd8ad32e09f359dd7e31962b066ef5{\npadding-bottom:0;\n}\nbody .av-special-heading.av-g02wp-3fdd8ad32e09f359dd7e31962b066ef5 .av-special-heading-tag .heading-char{\nfont-size:25px;\n}\n.av-special-heading.av-g02wp-3fdd8ad32e09f359dd7e31962b066ef5 .av-subheading{\nfont-size:15px;\n}\n<\/style>\n<div  class='av-special-heading av-g02wp-3fdd8ad32e09f359dd7e31962b066ef5 av-special-heading-h2  avia-builder-el-0  el_before_av_heading  avia-builder-el-first '><h2 class='av-special-heading-tag'  itemprop=\"headline\"  >Comunicador din\u00e2mico Asterics AAC <\/h2><div class=\"special-heading-border\"><div class=\"special-heading-inner-border\"><\/div><\/div><\/div>\n\n<style type=\"text\/css\" data-created_by=\"avia_inline_auto\" id=\"style-css-av-l6uyvnzl-1295ce4328f036964ab28aad359034c3\">\n#top .av-special-heading.av-l6uyvnzl-1295ce4328f036964ab28aad359034c3{\npadding-bottom:0;\n}\nbody .av-special-heading.av-l6uyvnzl-1295ce4328f036964ab28aad359034c3 .av-special-heading-tag .heading-char{\nfont-size:25px;\n}\n.av-special-heading.av-l6uyvnzl-1295ce4328f036964ab28aad359034c3 .av-subheading{\nfont-size:15px;\n}\n<\/style>\n<div  class='av-special-heading av-l6uyvnzl-1295ce4328f036964ab28aad359034c3 av-special-heading-h2  avia-builder-el-1  el_after_av_heading  el_before_av_textblock '><h2 class='av-special-heading-tag'  itemprop=\"headline\"  >6 &#8211; Editar tableros<\/h2><div class=\"special-heading-border\"><div class=\"special-heading-inner-border\"><\/div><\/div><\/div>\n\n<style type=\"text\/css\" data-created_by=\"avia_inline_auto\" id=\"style-css-av-80ofsp-df25ec8e31eef2666334e6963e7d7654\">\n#top .av_textblock_section.av-80ofsp-df25ec8e31eef2666334e6963e7d7654 .avia_textblock{\nfont-size:16px;\n}\n<\/style>\n<section  class='av_textblock_section av-80ofsp-df25ec8e31eef2666334e6963e7d7654'  itemscope=\"itemscope\" itemtype=\"https:\/\/schema.org\/CreativeWork\" ><div class='avia_textblock'  itemprop=\"text\" ><p>Para acceder a la edici\u00f3n de un tablero podemos hacerlo o bien desde la ventana de visualizaci\u00f3n del comunicador pulsando en <strong>Editar<\/strong>&#8230;.<\/p>\n<p><img decoding=\"async\" src=\"https:\/\/aulaabierta.arasaac.org\/wp-content\/uploads\/2022\/08\/Comunicador-Asterics-pictogramas-ARASAAC-26.jpg\" \/><\/p>\n<p>&#8230; o bien desde la secci\u00f3n <strong>Gestionar Tableros. <\/strong>Dentro de esta p\u00e1gina podemos crear un nuevo tablero pulsando en <strong>Nuevo tablero<\/strong>. Si ya tenemos creado el tablero podemos pulsar en <strong>Editar<\/strong>, bien sea en el tablero actualmente seleccionado o en el men\u00fa contextual de cada tablero (3 puntos abajo a la derecha de cada tablero).<\/p>\n<p><img loading=\"lazy\" decoding=\"async\" class=\"alignnone size-full wp-image-149498\" src=\"https:\/\/aulaabierta.arasaac.org\/wp-content\/uploads\/2025\/02\/Asterics_edicion_tablero_11.jpg\" alt=\"\" width=\"1919\" height=\"932\" srcset=\"https:\/\/aulaabierta.arasaac.org\/wp-content\/uploads\/2025\/02\/Asterics_edicion_tablero_11.jpg 1919w, https:\/\/aulaabierta.arasaac.org\/wp-content\/uploads\/2025\/02\/Asterics_edicion_tablero_11-300x146.jpg 300w, https:\/\/aulaabierta.arasaac.org\/wp-content\/uploads\/2025\/02\/Asterics_edicion_tablero_11-1030x500.jpg 1030w, https:\/\/aulaabierta.arasaac.org\/wp-content\/uploads\/2025\/02\/Asterics_edicion_tablero_11-768x373.jpg 768w, https:\/\/aulaabierta.arasaac.org\/wp-content\/uploads\/2025\/02\/Asterics_edicion_tablero_11-1536x746.jpg 1536w, https:\/\/aulaabierta.arasaac.org\/wp-content\/uploads\/2025\/02\/Asterics_edicion_tablero_11-1500x729.jpg 1500w, https:\/\/aulaabierta.arasaac.org\/wp-content\/uploads\/2025\/02\/Asterics_edicion_tablero_11-705x342.jpg 705w\" sizes=\"auto, (max-width: 1919px) 100vw, 1919px\" \/><\/p>\n<p>Dentro de la ventana de Edici\u00f3n disponemos de un <strong>men\u00fa M\u00e1s<\/strong> que nos ofrece distintas opciones de edici\u00f3n.<\/p>\n<p><img loading=\"lazy\" decoding=\"async\" class=\"alignnone size-full wp-image-149450\" src=\"https:\/\/aulaabierta.arasaac.org\/wp-content\/uploads\/2025\/02\/Asterics_edicion_tablero_4.jpg\" alt=\"\" width=\"1919\" height=\"264\" srcset=\"https:\/\/aulaabierta.arasaac.org\/wp-content\/uploads\/2025\/02\/Asterics_edicion_tablero_4.jpg 1919w, https:\/\/aulaabierta.arasaac.org\/wp-content\/uploads\/2025\/02\/Asterics_edicion_tablero_4-300x41.jpg 300w, https:\/\/aulaabierta.arasaac.org\/wp-content\/uploads\/2025\/02\/Asterics_edicion_tablero_4-1030x142.jpg 1030w, https:\/\/aulaabierta.arasaac.org\/wp-content\/uploads\/2025\/02\/Asterics_edicion_tablero_4-768x106.jpg 768w, https:\/\/aulaabierta.arasaac.org\/wp-content\/uploads\/2025\/02\/Asterics_edicion_tablero_4-1536x211.jpg 1536w, https:\/\/aulaabierta.arasaac.org\/wp-content\/uploads\/2025\/02\/Asterics_edicion_tablero_4-1500x206.jpg 1500w, https:\/\/aulaabierta.arasaac.org\/wp-content\/uploads\/2025\/02\/Asterics_edicion_tablero_4-705x97.jpg 705w\" sizes=\"auto, (max-width: 1919px) 100vw, 1919px\" \/><\/p>\n<p><img loading=\"lazy\" decoding=\"async\" class=\"alignnone wp-image-150176 size-full\" src=\"https:\/\/aulaabierta.arasaac.org\/wp-content\/uploads\/2025\/04\/Asterics_edicion_tablero_3a.jpg\" alt=\"\" width=\"1919\" height=\"795\" srcset=\"https:\/\/aulaabierta.arasaac.org\/wp-content\/uploads\/2025\/04\/Asterics_edicion_tablero_3a.jpg 1919w, https:\/\/aulaabierta.arasaac.org\/wp-content\/uploads\/2025\/04\/Asterics_edicion_tablero_3a-300x124.jpg 300w, https:\/\/aulaabierta.arasaac.org\/wp-content\/uploads\/2025\/04\/Asterics_edicion_tablero_3a-1030x427.jpg 1030w, https:\/\/aulaabierta.arasaac.org\/wp-content\/uploads\/2025\/04\/Asterics_edicion_tablero_3a-768x318.jpg 768w, https:\/\/aulaabierta.arasaac.org\/wp-content\/uploads\/2025\/04\/Asterics_edicion_tablero_3a-1536x636.jpg 1536w, https:\/\/aulaabierta.arasaac.org\/wp-content\/uploads\/2025\/04\/Asterics_edicion_tablero_3a-1500x621.jpg 1500w, https:\/\/aulaabierta.arasaac.org\/wp-content\/uploads\/2025\/04\/Asterics_edicion_tablero_3a-705x292.jpg 705w\" sizes=\"auto, (max-width: 1919px) 100vw, 1919px\" \/><\/p>\n<p>La opci\u00f3n <strong>Nuevo<\/strong> permite crear nuevas celdas o crear celdas especiales (Youtube, frase acumulada, elementos din\u00e1micos, celdas de predicci\u00f3n, etc,). En el <a href=\"https:\/\/aulaabierta.arasaac.org\/asterics-aac_editar-celdas_texto_imagen_aspecto\" target=\"_blank\" rel=\"noopener\"><strong>pr\u00f3ximo cap\u00edtulo<\/strong><\/a> veremos como crear nuevas celdas.<\/p>\n<p><img loading=\"lazy\" decoding=\"async\" class=\"alignnone size-full wp-image-150182\" src=\"https:\/\/aulaabierta.arasaac.org\/wp-content\/uploads\/2025\/04\/Asterics_edicion_tablero_3b.jpg\" alt=\"\" width=\"1919\" height=\"779\" srcset=\"https:\/\/aulaabierta.arasaac.org\/wp-content\/uploads\/2025\/04\/Asterics_edicion_tablero_3b.jpg 1919w, https:\/\/aulaabierta.arasaac.org\/wp-content\/uploads\/2025\/04\/Asterics_edicion_tablero_3b-300x122.jpg 300w, https:\/\/aulaabierta.arasaac.org\/wp-content\/uploads\/2025\/04\/Asterics_edicion_tablero_3b-1030x418.jpg 1030w, https:\/\/aulaabierta.arasaac.org\/wp-content\/uploads\/2025\/04\/Asterics_edicion_tablero_3b-768x312.jpg 768w, https:\/\/aulaabierta.arasaac.org\/wp-content\/uploads\/2025\/04\/Asterics_edicion_tablero_3b-1536x624.jpg 1536w, https:\/\/aulaabierta.arasaac.org\/wp-content\/uploads\/2025\/04\/Asterics_edicion_tablero_3b-1500x609.jpg 1500w, https:\/\/aulaabierta.arasaac.org\/wp-content\/uploads\/2025\/04\/Asterics_edicion_tablero_3b-705x286.jpg 705w\" sizes=\"auto, (max-width: 1919px) 100vw, 1919px\" \/><\/p>\n<p><strong>Rellenar celdas vac\u00edas<\/strong>, permite crear celdas sin contenido en cada uno de los huecos definidos para nuestro tablero. Posteriormente podemos editar cada una de ellas y configurar su contenido.<\/p>\n<p><img loading=\"lazy\" decoding=\"async\" class=\"alignnone size-full wp-image-149462\" src=\"https:\/\/aulaabierta.arasaac.org\/wp-content\/uploads\/2025\/02\/Asterics_edicion_tablero_5.jpg\" alt=\"\" width=\"1919\" height=\"656\" srcset=\"https:\/\/aulaabierta.arasaac.org\/wp-content\/uploads\/2025\/02\/Asterics_edicion_tablero_5.jpg 1919w, https:\/\/aulaabierta.arasaac.org\/wp-content\/uploads\/2025\/02\/Asterics_edicion_tablero_5-300x103.jpg 300w, https:\/\/aulaabierta.arasaac.org\/wp-content\/uploads\/2025\/02\/Asterics_edicion_tablero_5-1030x352.jpg 1030w, https:\/\/aulaabierta.arasaac.org\/wp-content\/uploads\/2025\/02\/Asterics_edicion_tablero_5-768x263.jpg 768w, https:\/\/aulaabierta.arasaac.org\/wp-content\/uploads\/2025\/02\/Asterics_edicion_tablero_5-1536x525.jpg 1536w, https:\/\/aulaabierta.arasaac.org\/wp-content\/uploads\/2025\/02\/Asterics_edicion_tablero_5-1500x513.jpg 1500w, https:\/\/aulaabierta.arasaac.org\/wp-content\/uploads\/2025\/02\/Asterics_edicion_tablero_5-705x241.jpg 705w\" sizes=\"auto, (max-width: 1919px) 100vw, 1919px\" \/><\/p>\n<p>La opci\u00f3n de <strong>Copiar todas las celdas<\/strong> es muy interesante, ya que permite copiar en el <strong>portapapeles del dispositivo<\/strong> todas las celdas del tablero con el fin de pegarlas en otros tablero que tengamos o bien en el propio usuario, en otro usuario o incluso en un usuario que tengamos conectado en otro navegador.<\/p>\n<p>Una vez pulsado en <strong>Copiar todas las celdas<\/strong>, si abrimos otro tablero del comunicador (o creamos uno nuevo) y hacemos <strong>clic con el bot\u00f3n derecho<\/strong> del rat\u00f3n sobre una celda vac\u00eda, veremos que aparece la opci\u00f3n <strong>Pegar<\/strong>.<\/p>\n<p><img loading=\"lazy\" decoding=\"async\" class=\"alignnone size-full wp-image-149474\" src=\"https:\/\/aulaabierta.arasaac.org\/wp-content\/uploads\/2025\/02\/Asterics_edicion_tablero_6.jpg\" alt=\"\" width=\"1919\" height=\"814\" srcset=\"https:\/\/aulaabierta.arasaac.org\/wp-content\/uploads\/2025\/02\/Asterics_edicion_tablero_6.jpg 1919w, https:\/\/aulaabierta.arasaac.org\/wp-content\/uploads\/2025\/02\/Asterics_edicion_tablero_6-300x127.jpg 300w, https:\/\/aulaabierta.arasaac.org\/wp-content\/uploads\/2025\/02\/Asterics_edicion_tablero_6-1030x437.jpg 1030w, https:\/\/aulaabierta.arasaac.org\/wp-content\/uploads\/2025\/02\/Asterics_edicion_tablero_6-768x326.jpg 768w, https:\/\/aulaabierta.arasaac.org\/wp-content\/uploads\/2025\/02\/Asterics_edicion_tablero_6-1536x652.jpg 1536w, https:\/\/aulaabierta.arasaac.org\/wp-content\/uploads\/2025\/02\/Asterics_edicion_tablero_6-1500x636.jpg 1500w, https:\/\/aulaabierta.arasaac.org\/wp-content\/uploads\/2025\/02\/Asterics_edicion_tablero_6-705x299.jpg 705w\" sizes=\"auto, (max-width: 1919px) 100vw, 1919px\" \/><\/p>\n<p>Al pulsar nos pegar\u00e1 todas las celdas en el tablero.<\/p>\n<p><img loading=\"lazy\" decoding=\"async\" class=\"alignnone size-full wp-image-149468\" src=\"https:\/\/aulaabierta.arasaac.org\/wp-content\/uploads\/2025\/02\/Asterics_edicion_tablero_7.jpg\" alt=\"\" width=\"1919\" height=\"931\" srcset=\"https:\/\/aulaabierta.arasaac.org\/wp-content\/uploads\/2025\/02\/Asterics_edicion_tablero_7.jpg 1919w, https:\/\/aulaabierta.arasaac.org\/wp-content\/uploads\/2025\/02\/Asterics_edicion_tablero_7-300x146.jpg 300w, https:\/\/aulaabierta.arasaac.org\/wp-content\/uploads\/2025\/02\/Asterics_edicion_tablero_7-1030x500.jpg 1030w, https:\/\/aulaabierta.arasaac.org\/wp-content\/uploads\/2025\/02\/Asterics_edicion_tablero_7-768x373.jpg 768w, https:\/\/aulaabierta.arasaac.org\/wp-content\/uploads\/2025\/02\/Asterics_edicion_tablero_7-1536x745.jpg 1536w, https:\/\/aulaabierta.arasaac.org\/wp-content\/uploads\/2025\/02\/Asterics_edicion_tablero_7-1500x728.jpg 1500w, https:\/\/aulaabierta.arasaac.org\/wp-content\/uploads\/2025\/02\/Asterics_edicion_tablero_7-705x342.jpg 705w\" sizes=\"auto, (max-width: 1919px) 100vw, 1919px\" \/>Por defecto, suele pegarlas en la parte inferior, dejando celdas vac\u00edas en la parte superior. Para poder ajustarlo vamos a hacer uso de la opci\u00f3n <strong>Dise\u00f1o<\/strong> disponible en el men\u00fa de edici\u00f3n de tableros.<\/p>\n<p><img loading=\"lazy\" decoding=\"async\" class=\"alignnone size-full wp-image-149480\" src=\"https:\/\/aulaabierta.arasaac.org\/wp-content\/uploads\/2025\/02\/Asterics_edicion_tablero_8.jpg\" alt=\"\" width=\"1919\" height=\"932\" srcset=\"https:\/\/aulaabierta.arasaac.org\/wp-content\/uploads\/2025\/02\/Asterics_edicion_tablero_8.jpg 1919w, https:\/\/aulaabierta.arasaac.org\/wp-content\/uploads\/2025\/02\/Asterics_edicion_tablero_8-300x146.jpg 300w, https:\/\/aulaabierta.arasaac.org\/wp-content\/uploads\/2025\/02\/Asterics_edicion_tablero_8-1030x500.jpg 1030w, https:\/\/aulaabierta.arasaac.org\/wp-content\/uploads\/2025\/02\/Asterics_edicion_tablero_8-768x373.jpg 768w, https:\/\/aulaabierta.arasaac.org\/wp-content\/uploads\/2025\/02\/Asterics_edicion_tablero_8-1536x746.jpg 1536w, https:\/\/aulaabierta.arasaac.org\/wp-content\/uploads\/2025\/02\/Asterics_edicion_tablero_8-1500x729.jpg 1500w, https:\/\/aulaabierta.arasaac.org\/wp-content\/uploads\/2025\/02\/Asterics_edicion_tablero_8-705x342.jpg 705w\" sizes=\"auto, (max-width: 1919px) 100vw, 1919px\" \/><\/p>\n<p>Dentro de las opciones que nos ofrece el submen\u00fa Dise\u00f1o seleccionaremos la opci\u00f3n <strong>Mover todo arriba<\/strong>. En otros casos nos puede interesar las otras opciones que ofrece para mover todas las celdas abajo, a la derecha o izquierda o restablecer el tablero (alinea todos los pictos a la izquierda en la fila en la que est\u00e9n colocados).<\/p>\n<p><img loading=\"lazy\" decoding=\"async\" class=\"alignnone size-full wp-image-149486\" src=\"https:\/\/aulaabierta.arasaac.org\/wp-content\/uploads\/2025\/02\/Asterics_edicion_tablero_9.jpg\" alt=\"\" width=\"1916\" height=\"934\" srcset=\"https:\/\/aulaabierta.arasaac.org\/wp-content\/uploads\/2025\/02\/Asterics_edicion_tablero_9.jpg 1916w, https:\/\/aulaabierta.arasaac.org\/wp-content\/uploads\/2025\/02\/Asterics_edicion_tablero_9-300x146.jpg 300w, https:\/\/aulaabierta.arasaac.org\/wp-content\/uploads\/2025\/02\/Asterics_edicion_tablero_9-1030x502.jpg 1030w, https:\/\/aulaabierta.arasaac.org\/wp-content\/uploads\/2025\/02\/Asterics_edicion_tablero_9-768x374.jpg 768w, https:\/\/aulaabierta.arasaac.org\/wp-content\/uploads\/2025\/02\/Asterics_edicion_tablero_9-1536x749.jpg 1536w, https:\/\/aulaabierta.arasaac.org\/wp-content\/uploads\/2025\/02\/Asterics_edicion_tablero_9-1500x731.jpg 1500w, https:\/\/aulaabierta.arasaac.org\/wp-content\/uploads\/2025\/02\/Asterics_edicion_tablero_9-705x344.jpg 705w\" sizes=\"auto, (max-width: 1916px) 100vw, 1916px\" \/><\/p>\n<p>Una vez pulsado en <strong>Mover todo arriba<\/strong> nuestro tablero ya quedar\u00eda listo.<\/p>\n<p>Siguiendo con las opciones del <strong>submen\u00fa dise\u00f1o<\/strong> encontramos <strong>Borrar todas las celdas<\/strong>. Esta opci\u00f3n permite eliminar todas las celdas creadas y dejar el tablero vac\u00edo. Al pulsar aparece un mensaje de advertencia dado que esta opci\u00f3n supone el borrado de todas las celdas y debe ser usado con precauci\u00f3n.<\/p>\n<p>La siguiente opci\u00f3n del men\u00fa es <strong>Configuraci\u00f3n del tablero<\/strong>. Este es un apartado importante ya que en \u00e9l podemos definir el n\u00famero m\u00ednimo de filas y columnas del tablero. Al ser el n\u00famero m\u00ednimo supone que si a\u00f1adimos m\u00e1s celdas de las que inicialmente hemos configurado por el n\u00famero de filas y columnas, el sistema a\u00f1adir\u00e1 autom\u00e1ticamente una nueva fila o columna para darle cabida.<\/p>\n<p><img loading=\"lazy\" decoding=\"async\" class=\"alignnone size-full wp-image-149492\" src=\"https:\/\/aulaabierta.arasaac.org\/wp-content\/uploads\/2025\/02\/Asterics_edicion_tablero_10.jpg\" alt=\"\" width=\"1675\" height=\"848\" srcset=\"https:\/\/aulaabierta.arasaac.org\/wp-content\/uploads\/2025\/02\/Asterics_edicion_tablero_10.jpg 1675w, https:\/\/aulaabierta.arasaac.org\/wp-content\/uploads\/2025\/02\/Asterics_edicion_tablero_10-300x152.jpg 300w, https:\/\/aulaabierta.arasaac.org\/wp-content\/uploads\/2025\/02\/Asterics_edicion_tablero_10-1030x521.jpg 1030w, https:\/\/aulaabierta.arasaac.org\/wp-content\/uploads\/2025\/02\/Asterics_edicion_tablero_10-768x389.jpg 768w, https:\/\/aulaabierta.arasaac.org\/wp-content\/uploads\/2025\/02\/Asterics_edicion_tablero_10-1536x778.jpg 1536w, https:\/\/aulaabierta.arasaac.org\/wp-content\/uploads\/2025\/02\/Asterics_edicion_tablero_10-1500x759.jpg 1500w, https:\/\/aulaabierta.arasaac.org\/wp-content\/uploads\/2025\/02\/Asterics_edicion_tablero_10-705x357.jpg 705w\" sizes=\"auto, (max-width: 1675px) 100vw, 1675px\" \/><\/p>\n<p>Tambi\u00e9n podremos activar o desactivar la visualizaci\u00f3n del <a href=\"https:\/\/aulaabierta.arasaac.org\/asterics-aac_tablero-global\" target=\"_blank\" rel=\"noopener\"><strong>tablero global<\/strong><\/a> en un determinado tablero. El tablero global contiene, por defecto, celdas que se muestran en todos los tableros como el bot\u00f3n de inicio, retroceder, frase acumulada, reproducir o borrar.<\/p>\n<p><strong>(IMPORTANTE)<\/strong> Si desactivamos el tablero global para un determinado tablero, es interesante crear una celda que enlace con el tablero inicial del comunicador para que se pueda seguir navegando al resto de tableros del comunicador.<\/p>\n<p>La opci\u00f3n de <a href=\"https:\/\/aulaabierta.arasaac.org\/asterics-aac_acciones-cambiar-idioma-del-contenido\" target=\"_blank\" rel=\"noopener\"><strong>Traducir Tablero<\/strong><\/a> nos da acceso a la ventana de traducci\u00f3n de los tableros para hacer el comunicador multiling\u00fce. Para ampliar informaci\u00f3n sobre c\u00f3mo funciona os recomendamos la consulta del cap\u00edtulo en el que se explica la <a href=\"https:\/\/aulaabierta.arasaac.org\/asterics-aac_acciones-cambiar-idioma-del-contenido\" target=\"_blank\" rel=\"noopener\"><strong>acci\u00f3n de cambiar idioma del contenido<\/strong><\/a>.<\/p>\n<p>Finalmente, la opci\u00f3n <strong>Buscar<\/strong> abre la ventana de b\u00fasqueda de palabras dentro del comunicador. Esta opci\u00f3n es muy \u00fatil para saber si un determinado concepto ya est\u00e1 creado en otros tableros y cual es la ruta hasta llegar a \u00e9l. En el cap\u00edtulo <a href=\"https:\/\/aulaabierta.arasaac.org\/comunicador-asterics-aac-21-ventana-de-busqueda\" target=\"_blank\" rel=\"noopener\"><strong>Ventana de B\u00fasqueda<\/strong><\/a> del manual se puede ampliar informaci\u00f3n sobre su funcionamiento.<\/p>\n<\/div><\/section>\n\n<style type=\"text\/css\" data-created_by=\"avia_inline_auto\" id=\"style-css-av-l6x59eb1-5e724e7823506904326f0ad009010cca\">\n#top .av_textblock_section.av-l6x59eb1-5e724e7823506904326f0ad009010cca .avia_textblock{\nfont-size:16px;\n}\n<\/style>\n<section  class='av_textblock_section av-l6x59eb1-5e724e7823506904326f0ad009010cca'  itemscope=\"itemscope\" itemtype=\"https:\/\/schema.org\/CreativeWork\" ><div class='avia_textblock'  itemprop=\"text\" ><\/div><\/section>\n<div class='flex_column av-2krg6xr-318b22cf5a7dcc17d549f6d260a48947 av_one_fifth  avia-builder-el-4  el_after_av_textblock  el_before_av_one_fifth  first flex_column_div column-top-margin'     ><style type=\"text\/css\" data-created_by=\"avia_inline_auto\" id=\"style-css-av-l6kdyooj-ada998a52715c41fe5a25e90b16f0933\">\n.avia-image-container.av-l6kdyooj-ada998a52715c41fe5a25e90b16f0933 img.avia_image{\nbox-shadow:none;\n}\n.avia-image-container.av-l6kdyooj-ada998a52715c41fe5a25e90b16f0933 .av-image-caption-overlay-center{\ncolor:#ffffff;\n}\n<\/style>\n<div  class='avia-image-container av-l6kdyooj-ada998a52715c41fe5a25e90b16f0933 av-styling- avia-align-center  avia-builder-el-5  avia-builder-el-no-sibling '   itemprop=\"image\" itemscope=\"itemscope\" itemtype=\"https:\/\/schema.org\/ImageObject\" ><div class=\"avia-image-container-inner\"><div class=\"avia-image-overlay-wrap\"><a href=\"https:\/\/aulaabierta.arasaac.org\/pt-pt\/asterics-aac_paneil_principal_e_global\" class='avia_image' ><img decoding=\"async\" class='wp-image-23493 avia-img-lazy-loading-not-23493 avia_image ' src=\"https:\/\/aulaabierta.arasaac.org\/wp-content\/uploads\/2016\/12\/before-80x80.png\" alt='' title='before'  height=\"80\" width=\"80\"  itemprop=\"thumbnailUrl\" srcset=\"https:\/\/aulaabierta.arasaac.org\/wp-content\/uploads\/2016\/12\/before-80x80.png 80w, https:\/\/aulaabierta.arasaac.org\/wp-content\/uploads\/2016\/12\/before-36x36.png 36w, https:\/\/aulaabierta.arasaac.org\/wp-content\/uploads\/2016\/12\/before-120x120.png 120w, https:\/\/aulaabierta.arasaac.org\/wp-content\/uploads\/2016\/12\/before.png 128w\" sizes=\"(max-width: 80px) 100vw, 80px\" \/><\/a><\/div><\/div><\/div><\/div>\n<div class='flex_column av-2acjjb3-72430572443564d7b3ecb332fff10556 av_one_fifth  avia-builder-el-6  el_after_av_one_fifth  el_before_av_one_fifth  flex_column_div column-top-margin'     ><\/div>\n<div class='flex_column av-5ueg0v-f5b4451085be42fd2a70550803012549 av_one_fifth  avia-builder-el-7  el_after_av_one_fifth  el_before_av_one_fifth  flex_column_div column-top-margin'     ><style type=\"text\/css\" data-created_by=\"avia_inline_auto\" id=\"style-css-av-l6ke1xda-6b10fa8827c48ad3be2dfbd0acb250aa\">\n.avia-image-container.av-l6ke1xda-6b10fa8827c48ad3be2dfbd0acb250aa img.avia_image{\nbox-shadow:none;\n}\n.avia-image-container.av-l6ke1xda-6b10fa8827c48ad3be2dfbd0acb250aa .av-image-caption-overlay-center{\ncolor:#ffffff;\n}\n<\/style>\n<div  class='avia-image-container av-l6ke1xda-6b10fa8827c48ad3be2dfbd0acb250aa av-styling- avia-align-center  avia-builder-el-8  avia-builder-el-no-sibling '   itemprop=\"image\" itemscope=\"itemscope\" itemtype=\"https:\/\/schema.org\/ImageObject\" ><div class=\"avia-image-container-inner\"><div class=\"avia-image-overlay-wrap\"><a href=\"https:\/\/aulaabierta.arasaac.org\/pt-pt\/asterics-aac_inicio_pt\" class='avia_image' ><img decoding=\"async\" class='wp-image-93348 avia-img-lazy-loading-not-93348 avia_image ' src=\"https:\/\/aulaabierta.arasaac.org\/wp-content\/uploads\/2022\/08\/casa-120x120-1-80x80.png\" alt='' title='casa-120x120'  height=\"80\" width=\"80\"  itemprop=\"thumbnailUrl\" srcset=\"https:\/\/aulaabierta.arasaac.org\/wp-content\/uploads\/2022\/08\/casa-120x120-1-80x80.png 80w, https:\/\/aulaabierta.arasaac.org\/wp-content\/uploads\/2022\/08\/casa-120x120-1-36x36.png 36w, https:\/\/aulaabierta.arasaac.org\/wp-content\/uploads\/2022\/08\/casa-120x120-1.png 120w\" sizes=\"(max-width: 80px) 100vw, 80px\" \/><\/a><\/div><\/div><\/div><\/div>\n<div class='flex_column av-126aqin-7a6e39193fa1262d0b61cdb616a4a062 av_one_fifth  avia-builder-el-9  el_after_av_one_fifth  el_before_av_one_fifth  flex_column_div column-top-margin'     ><\/div>\n<div class='flex_column av-w2yn9b-3822e7b37f6ad515aaaac5be5b29fec2 av_one_fifth  avia-builder-el-10  el_after_av_one_fifth  el_before_av_one_full  flex_column_div column-top-margin'     ><style type=\"text\/css\" data-created_by=\"avia_inline_auto\" id=\"style-css-av-l6kdzl6f-21084474fc33e01f983f19c3118bd601\">\n.avia-image-container.av-l6kdzl6f-21084474fc33e01f983f19c3118bd601 img.avia_image{\nbox-shadow:none;\n}\n.avia-image-container.av-l6kdzl6f-21084474fc33e01f983f19c3118bd601 .av-image-caption-overlay-center{\ncolor:#ffffff;\n}\n<\/style>\n<div  class='avia-image-container av-l6kdzl6f-21084474fc33e01f983f19c3118bd601 av-styling- avia-align-center  avia-builder-el-11  avia-builder-el-no-sibling '   itemprop=\"image\" itemscope=\"itemscope\" itemtype=\"https:\/\/schema.org\/ImageObject\" ><div class=\"avia-image-container-inner\"><div class=\"avia-image-overlay-wrap\"><a href=\"https:\/\/aulaabierta.arasaac.org\/pt-pt\/asterics-aac_editar-a-imagem\" class='avia_image' ><img decoding=\"async\" class='wp-image-23496 avia-img-lazy-loading-not-23496 avia_image ' src=\"https:\/\/aulaabierta.arasaac.org\/wp-content\/uploads\/2016\/12\/next-80x80.png\" alt='' title='next'  height=\"80\" width=\"80\"  itemprop=\"thumbnailUrl\" srcset=\"https:\/\/aulaabierta.arasaac.org\/wp-content\/uploads\/2016\/12\/next-80x80.png 80w, https:\/\/aulaabierta.arasaac.org\/wp-content\/uploads\/2016\/12\/next-36x36.png 36w, https:\/\/aulaabierta.arasaac.org\/wp-content\/uploads\/2016\/12\/next-120x120.png 120w, https:\/\/aulaabierta.arasaac.org\/wp-content\/uploads\/2016\/12\/next.png 128w\" sizes=\"(max-width: 80px) 100vw, 80px\" \/><\/a><\/div><\/div><\/div><\/div>\n<div class='flex_column av-vtfpkv-8fb9bef4cb06de80cef16013e631f9a4 av_one_full  avia-builder-el-12  el_after_av_one_fifth  avia-builder-el-last  first flex_column_div column-top-margin'     ><\/div>\n","protected":false},"excerpt":{"rendered":"","protected":false},"author":5,"featured_media":93287,"parent":0,"menu_order":0,"comment_status":"open","ping_status":"open","template":"","meta":{"om_disable_all_campaigns":false,"_monsterinsights_skip_tracking":false,"_monsterinsights_sitenote_active":false,"_monsterinsights_sitenote_note":"","_monsterinsights_sitenote_category":0,"_uf_show_specific_survey":0,"_uf_disable_surveys":false,"footnotes":""},"class_list":["post-146787","page","type-page","status-publish","has-post-thumbnail","hentry"],"aioseo_notices":[],"_links":{"self":[{"href":"https:\/\/aulaabierta.arasaac.org\/pt-pt\/wp-json\/wp\/v2\/pages\/146787","targetHints":{"allow":["GET"]}}],"collection":[{"href":"https:\/\/aulaabierta.arasaac.org\/pt-pt\/wp-json\/wp\/v2\/pages"}],"about":[{"href":"https:\/\/aulaabierta.arasaac.org\/pt-pt\/wp-json\/wp\/v2\/types\/page"}],"author":[{"embeddable":true,"href":"https:\/\/aulaabierta.arasaac.org\/pt-pt\/wp-json\/wp\/v2\/users\/5"}],"replies":[{"embeddable":true,"href":"https:\/\/aulaabierta.arasaac.org\/pt-pt\/wp-json\/wp\/v2\/comments?post=146787"}],"version-history":[{"count":8,"href":"https:\/\/aulaabierta.arasaac.org\/pt-pt\/wp-json\/wp\/v2\/pages\/146787\/revisions"}],"predecessor-version":[{"id":150925,"href":"https:\/\/aulaabierta.arasaac.org\/pt-pt\/wp-json\/wp\/v2\/pages\/146787\/revisions\/150925"}],"wp:featuredmedia":[{"embeddable":true,"href":"https:\/\/aulaabierta.arasaac.org\/pt-pt\/wp-json\/wp\/v2\/media\/93287"}],"wp:attachment":[{"href":"https:\/\/aulaabierta.arasaac.org\/pt-pt\/wp-json\/wp\/v2\/media?parent=146787"}],"curies":[{"name":"wp","href":"https:\/\/api.w.org\/{rel}","templated":true}]}}