{"id":66387,"date":"2021-11-03T19:12:52","date_gmt":"2021-11-03T18:12:52","guid":{"rendered":"https:\/\/aulaabierta.arasaac.org\/mapa-visual-arasaac"},"modified":"2023-02-09T11:13:34","modified_gmt":"2023-02-09T10:13:34","slug":"mapa-visual-arasaac","status":"publish","type":"page","link":"https:\/\/aulaabierta.arasaac.org\/pt-pt\/mapa-visual-arasaac","title":{"rendered":"Mapa visual ARASAAC"},"content":{"rendered":"\n<style type=\"text\/css\" data-created_by=\"avia_inline_auto\" id=\"style-css-av-2eqcyh-cb05004675338fcf53b9a0b658669be9\">\n#top .av-special-heading.av-2eqcyh-cb05004675338fcf53b9a0b658669be9{\npadding-bottom:10px;\n}\nbody .av-special-heading.av-2eqcyh-cb05004675338fcf53b9a0b658669be9 .av-special-heading-tag .heading-char{\nfont-size:25px;\n}\n.av-special-heading.av-2eqcyh-cb05004675338fcf53b9a0b658669be9 .av-subheading{\nfont-size:15px;\n}\n<\/style>\n<div  class='av-special-heading av-2eqcyh-cb05004675338fcf53b9a0b658669be9 av-special-heading-h2  avia-builder-el-0  el_before_av_textblock  avia-builder-el-first '><h2 class='av-special-heading-tag'  itemprop=\"headline\"  >ARASAAC no mundo<\/h2><div class=\"special-heading-border\"><div class=\"special-heading-inner-border\"><\/div><\/div><\/div>\n<section  class='av_textblock_section av-kfs6xmo0-a5c33a9bab5cd1fb88dced3bca5c2df1'  itemscope=\"itemscope\" itemtype=\"https:\/\/schema.org\/CreativeWork\" ><div class='avia_textblock'  itemprop=\"text\" ><p>ARASAAC est\u00e1 presente em todo o mundo. No mapa abaixo voc\u00ea pode ver alguns exemplos de sua utiliza\u00e7\u00e3o. <a href=\"https:\/\/aulaabierta.arasaac.org\/pt-pt\/contato\">Contacte-nos<\/a> se quiser adicionar o seu exemplo de utiliza\u00e7\u00e3o do ARASAAC ao nosso mapa.<\/p>\n<\/div><\/section>\n\n","protected":false},"excerpt":{"rendered":"","protected":false},"author":5,"featured_media":0,"parent":0,"menu_order":0,"comment_status":"closed","ping_status":"closed","template":"","meta":{"om_disable_all_campaigns":false,"_monsterinsights_skip_tracking":false,"_monsterinsights_sitenote_active":false,"_monsterinsights_sitenote_note":"","_monsterinsights_sitenote_category":0,"_uf_show_specific_survey":0,"_uf_disable_surveys":false,"footnotes":""},"class_list":["post-66387","page","type-page","status-publish","hentry"],"aioseo_notices":[],"_links":{"self":[{"href":"https:\/\/aulaabierta.arasaac.org\/pt-pt\/wp-json\/wp\/v2\/pages\/66387","targetHints":{"allow":["GET"]}}],"collection":[{"href":"https:\/\/aulaabierta.arasaac.org\/pt-pt\/wp-json\/wp\/v2\/pages"}],"about":[{"href":"https:\/\/aulaabierta.arasaac.org\/pt-pt\/wp-json\/wp\/v2\/types\/page"}],"author":[{"embeddable":true,"href":"https:\/\/aulaabierta.arasaac.org\/pt-pt\/wp-json\/wp\/v2\/users\/5"}],"replies":[{"embeddable":true,"href":"https:\/\/aulaabierta.arasaac.org\/pt-pt\/wp-json\/wp\/v2\/comments?post=66387"}],"version-history":[{"count":7,"href":"https:\/\/aulaabierta.arasaac.org\/pt-pt\/wp-json\/wp\/v2\/pages\/66387\/revisions"}],"predecessor-version":[{"id":138900,"href":"https:\/\/aulaabierta.arasaac.org\/pt-pt\/wp-json\/wp\/v2\/pages\/66387\/revisions\/138900"}],"wp:attachment":[{"href":"https:\/\/aulaabierta.arasaac.org\/pt-pt\/wp-json\/wp\/v2\/media?parent=66387"}],"curies":[{"name":"wp","href":"https:\/\/api.w.org\/{rel}","templated":true}]}}