{"id":66826,"date":"2014-09-26T17:23:32","date_gmt":"2014-09-26T17:23:32","guid":{"rendered":"https:\/\/aulaabierta.arasaac.org\/about"},"modified":"2023-02-09T11:13:45","modified_gmt":"2023-02-09T10:13:45","slug":"about","status":"publish","type":"page","link":"https:\/\/aulaabierta.arasaac.org\/pt-pt\/about","title":{"rendered":"Sobre&#8230;"},"content":{"rendered":"<div id='av-layout-grid-1'  class='av-layout-grid-container av-3v6ej6-2210c3672caa25cd2fa421f1ed6eec1d entry-content-wrapper main_color av-flex-cells  avia-builder-el-0  el_before_av_section  avia-builder-el-first   container_wrap fullsize'  >\n\n<style type=\"text\/css\" data-created_by=\"avia_inline_auto\" id=\"style-css-av-3rbfg2-5bf788bda7e88d928b594acbf8bd5400\">\n.flex_cell.av-3rbfg2-5bf788bda7e88d928b594acbf8bd5400{\nvertical-align:top;\n}\n.responsive #top #wrap_all .flex_cell.av-3rbfg2-5bf788bda7e88d928b594acbf8bd5400{\npadding:30px 30px 30px 30px !important;\n}\n<\/style>\n<div class='flex_cell av-3rbfg2-5bf788bda7e88d928b594acbf8bd5400 av-gridrow-cell av_one_third no_margin  avia-builder-el-1  el_before_av_cell_one_third  avia-builder-el-first ' ><div class='flex_cell_inner'><p>\n<style type=\"text\/css\" data-created_by=\"avia_inline_auto\" id=\"style-css-av-p42lm-5cbafb5c552f29b26d12d49a402ba623\">\n#top .av-special-heading.av-p42lm-5cbafb5c552f29b26d12d49a402ba623{\npadding-bottom:10px;\n}\nbody .av-special-heading.av-p42lm-5cbafb5c552f29b26d12d49a402ba623 .av-special-heading-tag .heading-char{\nfont-size:25px;\n}\n.av-special-heading.av-p42lm-5cbafb5c552f29b26d12d49a402ba623 .av-subheading{\nfont-size:15px;\n}\n<\/style>\n<div  class='av-special-heading av-p42lm-5cbafb5c552f29b26d12d49a402ba623 av-special-heading-h3  avia-builder-el-2  el_before_av_textblock  avia-builder-el-first '><h3 class='av-special-heading-tag'  itemprop=\"headline\"  >Que \u00e9?<\/h3><div class=\"special-heading-border\"><div class=\"special-heading-inner-border\"><\/div><\/div><\/div><br \/>\n\n<style type=\"text\/css\" data-created_by=\"avia_inline_auto\" id=\"style-css-av-c2f6y-fca77d6bf04e0ced3f2559f6cf5daeec\">\n#top .av_textblock_section.av-c2f6y-fca77d6bf04e0ced3f2559f6cf5daeec .avia_textblock{\nfont-size:14px;\n}\n<\/style>\n<section  class='av_textblock_section av-c2f6y-fca77d6bf04e0ced3f2559f6cf5daeec'  itemscope=\"itemscope\" itemtype=\"https:\/\/schema.org\/CreativeWork\" ><div class='avia_textblock'  itemprop=\"text\" ><p>A <strong>Aula Aberta ARASAAC<\/strong> \u00e9 um reposit\u00f3rio de <strong>conte\u00fados de qualidade relacionados com a Comunica\u00e7\u00e3o Aumentativa e Alternativa (AAC). <\/strong> atrav\u00e9s do qual profissionais ou fam\u00edlias podem <strong>encontrar informa\u00e7\u00e3o<\/strong> sobre <strong>documentos, ferramentas e recursos de software gratuitos<\/strong> que utilizam pictogramas <a href=\"http:\/\/www.arasaac.org\/\" target=\"_blank\" rel=\"noopener\"><strong>ARASAAC.<\/strong><\/a><\/p>\n<p>Para aceder a este espa\u00e7o <strong>n\u00e3o \u00e9 necess\u00e1rio registar-se<\/strong> como utilizador e n\u00e3o tem que seguir um <strong>hor\u00e1rio estabelecido.<\/strong> O importante \u00e9 que <strong>cada pessoa obtenha forma\u00e7\u00e3o nos temas do seu interesse,<\/strong> seguindo o seu pr\u00f3prio ritmo de aprendizagem e atendendo sempre \u00e0s suas necessidades de forma\u00e7\u00e3o.<\/p>\n<\/div><\/section><\/p>\n<\/div><\/div>\n<style type=\"text\/css\" data-created_by=\"avia_inline_auto\" id=\"style-css-av-bh8ui-7a52a48d9dcec260c4ff29b6a640207f\">\n.flex_cell.av-bh8ui-7a52a48d9dcec260c4ff29b6a640207f{\nvertical-align:top;\nbackground-color:#f7f7f7;\n}\n.responsive #top #wrap_all .flex_cell.av-bh8ui-7a52a48d9dcec260c4ff29b6a640207f{\npadding:30px 30px 30px 30px !important;\n}\n<\/style>\n<div class='flex_cell av-bh8ui-7a52a48d9dcec260c4ff29b6a640207f av-gridrow-cell av_one_third no_margin  avia-builder-el-4  el_after_av_cell_one_third  el_before_av_cell_one_third ' ><div class='flex_cell_inner'><p>\n<style type=\"text\/css\" data-created_by=\"avia_inline_auto\" id=\"style-css-av-j21u2-4fab853f45c95c18c9e3886822eec9cc\">\n#top .av-special-heading.av-j21u2-4fab853f45c95c18c9e3886822eec9cc{\npadding-bottom:10px;\n}\nbody .av-special-heading.av-j21u2-4fab853f45c95c18c9e3886822eec9cc .av-special-heading-tag .heading-char{\nfont-size:25px;\n}\n.av-special-heading.av-j21u2-4fab853f45c95c18c9e3886822eec9cc .av-subheading{\nfont-size:15px;\n}\n<\/style>\n<div  class='av-special-heading av-j21u2-4fab853f45c95c18c9e3886822eec9cc av-special-heading-h3  avia-builder-el-5  el_before_av_textblock  avia-builder-el-first '><h3 class='av-special-heading-tag'  itemprop=\"headline\"  >Quais s\u00e3o os objetivos?<\/h3><div class=\"special-heading-border\"><div class=\"special-heading-inner-border\"><\/div><\/div><\/div><br \/>\n\n<style type=\"text\/css\" data-created_by=\"avia_inline_auto\" id=\"style-css-av-2v77zm-f58c0deb7cad529ab2246c9115eef400\">\n#top .av_textblock_section.av-2v77zm-f58c0deb7cad529ab2246c9115eef400 .avia_textblock{\nfont-size:14px;\n}\n<\/style>\n<section  class='av_textblock_section av-2v77zm-f58c0deb7cad529ab2246c9115eef400'  itemscope=\"itemscope\" itemtype=\"https:\/\/schema.org\/CreativeWork\" ><div class='avia_textblock'  itemprop=\"text\" ><ol>\n<li>Oferecer <strong>tutoriais<\/strong> e <strong>videotutoriais<\/strong> que expliquem o funcionamento dos <strong>diferentes programas, aplica\u00e7\u00f5es e ferramentas<\/strong> que utilizam os recursos <a href=\"http:\/\/www.arasaac.org\/\" target=\"_blank\" rel=\"noopener\"><strong>ARASAAC<\/strong><\/a> bem como os diferentes <strong>materiais<\/strong> que podemos elaborar ou adaptar a partir da sua utiliza\u00e7\u00e3o.<\/li>\n<li>Apresentar <strong>exemplos de materiais desenvolvidos pelos utilizadores<\/strong> organizados por conte\u00fados da \u00e1rea da linguagem, comunica\u00e7\u00e3o e outras \u00e1reas curriculares adaptadas.<\/li>\n<li>Divulgar <strong>documentos de refer\u00eancia em Comunica\u00e7\u00e3o Aumentativa e Alternativa (CAA)<\/strong> preparados por profissionais e institui\u00e7\u00f5es de prest\u00edgio.<\/li>\n<li>Expandir os conte\u00fados do canal <a href=\"https:\/\/www.youtube.com\/user\/arasaac\" target=\"_blank\" rel=\"noopener\"><strong>Youtube<\/strong><\/a> de <a href=\"http:\/\/www.arasaac.org\/\" target=\"_blank\" rel=\"noopener\"><strong>ARASAAC<\/strong><\/a> com a <strong>adi\u00e7\u00e3o de novos videotutoriais<\/strong>.<\/li>\n<li>Adicionar <strong>conte\u00fados de qualidade no campo da CAA<\/strong> com o contributo de <strong>profissionais de prest\u00edgio<\/strong> de diferentes \u00e1reas que complementam os conte\u00fados preparados pela equipa <a href=\"http:\/\/www.arasaac.org\/\" target=\"_blank\" rel=\"noopener\"><strong>ARASAAC.<\/strong><\/a><\/li>\n<\/ol>\n<\/div><\/section><\/p>\n<\/div><\/div>\n<style type=\"text\/css\" data-created_by=\"avia_inline_auto\" id=\"style-css-av-9sp2a-f676d232bcd40cc47cf4487f980c9307\">\n.flex_cell.av-9sp2a-f676d232bcd40cc47cf4487f980c9307{\nvertical-align:top;\nbackground-color:#eaeaea;\n}\n.responsive #top #wrap_all .flex_cell.av-9sp2a-f676d232bcd40cc47cf4487f980c9307{\npadding:30px 30px 30px 30px !important;\n}\n<\/style>\n<div class='flex_cell av-9sp2a-f676d232bcd40cc47cf4487f980c9307 av-gridrow-cell av_one_third no_margin  avia-builder-el-7  el_after_av_cell_one_third  avia-builder-el-last ' ><div class='flex_cell_inner'><p>\n<style type=\"text\/css\" data-created_by=\"avia_inline_auto\" id=\"style-css-av-gwkhe-7fc69e024ad24f8df6edfbc5b4c12e2a\">\n#top .av-special-heading.av-gwkhe-7fc69e024ad24f8df6edfbc5b4c12e2a{\npadding-bottom:10px;\n}\nbody .av-special-heading.av-gwkhe-7fc69e024ad24f8df6edfbc5b4c12e2a .av-special-heading-tag .heading-char{\nfont-size:25px;\n}\n.av-special-heading.av-gwkhe-7fc69e024ad24f8df6edfbc5b4c12e2a .av-subheading{\nfont-size:15px;\n}\n<\/style>\n<div  class='av-special-heading av-gwkhe-7fc69e024ad24f8df6edfbc5b4c12e2a av-special-heading-h3  avia-builder-el-8  el_before_av_textblock  avia-builder-el-first '><h3 class='av-special-heading-tag'  itemprop=\"headline\"  >Onde se integra?<\/h3><div class=\"special-heading-border\"><div class=\"special-heading-inner-border\"><\/div><\/div><\/div><br \/>\n\n<style type=\"text\/css\" data-created_by=\"avia_inline_auto\" id=\"style-css-av-8rq1m-8e0f7a62b0395342739bc3d76c608327\">\n#top .av_textblock_section.av-8rq1m-8e0f7a62b0395342739bc3d76c608327 .avia_textblock{\nfont-size:14px;\n}\n<\/style>\n<section  class='av_textblock_section av-8rq1m-8e0f7a62b0395342739bc3d76c608327'  itemscope=\"itemscope\" itemtype=\"https:\/\/schema.org\/CreativeWork\" ><div class='avia_textblock'  itemprop=\"text\" ><p>A <strong>Aula Aberta ARASAAC<\/strong> insere-se no Plano de A\u00e7\u00e3o <strong>ARASAAC,<\/strong> projeto financiado pelo <strong>Departamento de Educa\u00e7\u00e3o, Cultura e Desporto do Governo de Arag\u00e3o <\/strong>e coordenado pela <strong>Dire\u00e7\u00e3o-Geral de Inova\u00e7\u00e3o e Forma\u00e7\u00e3o Profissional<\/strong> daquele departamento.<\/p>\n<\/div><\/section><\/p>\n<\/div><\/div><\/div>\n<style type=\"text\/css\" data-created_by=\"avia_inline_auto\" id=\"style-css-av-267c5m-cfd56f61fffeb0ec5d0c42ce945be3fe\">\n.avia-section.av-267c5m-cfd56f61fffeb0ec5d0c42ce945be3fe{\nbackground-color:#8bb200;\nbackground-image:unset;\n}\n.avia-section.av-267c5m-cfd56f61fffeb0ec5d0c42ce945be3fe .av-extra-border-element .av-extra-border-inner{\nbackground-color:#8bb200;\n}\n<\/style>\n<div id='av_section_1'  class='avia-section av-267c5m-cfd56f61fffeb0ec5d0c42ce945be3fe main_color avia-section-default avia-no-border-styling  avia-builder-el-10  el_after_av_layout_row  el_before_av_layout_row  avia-bg-style-scroll av-arrow-down-section container_wrap fullsize'  ><div class='container av-section-cont-open' ><div class='template-page content  av-content-full alpha units'><div class='post-entry post-entry-type-page post-entry-66826'><div class='entry-content-wrapper clearfix'>\n<div class='flex_column av-23gj22-b46358c03ff179cf67b59ded606d1327 av_one_fourth  avia-builder-el-11  el_before_av_one_fourth  avia-builder-el-first  first flex_column_div '     ><div  class=\"avia-animated-number av-719l6-9445a4fbb318b167eda41930c4dc570a av-force-default-color avia_animate_when_visible  avia-builder-el-12  avia-builder-el-no-sibling  avia-color-font-light \" data-timer=\"3000\"><strong class=\"heading avia-animated-number-title\"><span class=\"avia-single-number __av-single-number\" data-number_format=\"\" data-number=\"60\" data-start_from=\"0\">60<\/span><\/strong><div class=\"avia-animated-number-content\"><p>Videotutoriais<\/p>\n<\/div><\/div><\/div><div class='flex_column av-1p5ag2-cdbfdeb31f9650ca3e027fc82e7b07fa av_one_fourth  avia-builder-el-13  el_after_av_one_fourth  el_before_av_one_fourth  flex_column_div '     ><div  class=\"avia-animated-number av-1m0ulu-d56ac163ce99a43069392b7529b237dc av-force-default-color avia_animate_when_visible  avia-builder-el-14  avia-builder-el-no-sibling  avia-color-font-light \" data-timer=\"3000\"><strong class=\"heading avia-animated-number-title\"><span class=\"avia-single-number __av-single-number\" data-number_format=\"\" data-number=\"17\" data-start_from=\"0\">17<\/span><\/strong><div class=\"avia-animated-number-content\"><p>Programas<\/p>\n<\/div><\/div><\/div><div class='flex_column av-1drcqa-ce28ad6170fb465cab7e245ad0582166 av_one_fourth  avia-builder-el-15  el_after_av_one_fourth  el_before_av_one_fourth  flex_column_div '     ><div  class=\"avia-animated-number av-4anfm-5212a2080c88e8013250a03b49e726fa av-force-default-color avia_animate_when_visible  avia-builder-el-16  avia-builder-el-no-sibling  avia-color-font-light \" data-timer=\"3000\"><strong class=\"heading avia-animated-number-title\"><span class=\"avia-single-number __av-single-number\" data-number_format=\"\" data-number=\"12\" data-start_from=\"0\">12<\/span><\/strong><div class=\"avia-animated-number-content\"><p>Documentos CAA<\/p>\n<\/div><\/div><\/div><div class='flex_column av-13ze7e-31c985cb8bb587fe53f6afb673664def av_one_fourth  avia-builder-el-17  el_after_av_one_fourth  avia-builder-el-last  flex_column_div '     ><div  class=\"avia-animated-number av-z4spm-2dbed748fa3a64d778eda23146294928 av-force-default-color avia_animate_when_visible  avia-builder-el-18  avia-builder-el-no-sibling  avia-color-font-light \" data-timer=\"3000\"><strong class=\"heading avia-animated-number-title\"><span class=\"avia-single-number __av-single-number\" data-number_format=\"\" data-number=\"33\" data-start_from=\"0\">33<\/span><\/strong><div class=\"avia-animated-number-content\"><p>Livros<\/p>\n<\/div><\/div><\/div>\n<\/p>\n<\/div><\/div><\/div><!-- close content main div --><\/div><div class='av-extra-border-element border-extra-arrow-down'><div class='av-extra-border-outer'><div class='av-extra-border-inner'><\/div><\/div><\/div><\/div><div id='av-layout-grid-2'  class='av-layout-grid-container av-t03hu-d2f307bb8fe5788992ebbb9e34434c1f entry-content-wrapper main_color av-flex-cells  avia-builder-el-19  el_after_av_section  avia-builder-el-last  grid-row-not-first  container_wrap fullsize'  >\n\n<style type=\"text\/css\" data-created_by=\"avia_inline_auto\" id=\"style-css-av-iy336-d0f75b8a3bc60fdb3c8ed4037d2b9a97\">\n.flex_cell.av-iy336-d0f75b8a3bc60fdb3c8ed4037d2b9a97{\nvertical-align:top;\n}\n.responsive #top #wrap_all .flex_cell.av-iy336-d0f75b8a3bc60fdb3c8ed4037d2b9a97{\npadding:40px 40px 40px 40px !important;\n}\n<\/style>\n<div class='flex_cell av-iy336-d0f75b8a3bc60fdb3c8ed4037d2b9a97 av-gridrow-cell av_one_full no_margin  avia-builder-el-20  avia-builder-el-no-sibling ' ><div class='flex_cell_inner'><p>\n<style type=\"text\/css\" data-created_by=\"avia_inline_auto\" id=\"style-css-av-b9jua-aeb55ea0cfb19cedc3e31530e15daad5\">\n#top .av-special-heading.av-b9jua-aeb55ea0cfb19cedc3e31530e15daad5{\npadding-bottom:10px;\n}\nbody .av-special-heading.av-b9jua-aeb55ea0cfb19cedc3e31530e15daad5 .av-special-heading-tag .heading-char{\nfont-size:25px;\n}\n.av-special-heading.av-b9jua-aeb55ea0cfb19cedc3e31530e15daad5 .av-subheading{\nfont-size:15px;\n}\n<\/style>\n<div  class='av-special-heading av-b9jua-aeb55ea0cfb19cedc3e31530e15daad5 av-special-heading-h3  avia-builder-el-21  el_before_av_textblock  avia-builder-el-first '><h3 class='av-special-heading-tag'  itemprop=\"headline\"  >Porqu\u00ea Aula Aberta?<\/h3><div class=\"special-heading-border\"><div class=\"special-heading-inner-border\"><\/div><\/div><\/div><br \/>\n\n<style type=\"text\/css\" data-created_by=\"avia_inline_auto\" id=\"style-css-av-987eq-d478c9802baa63ca5ab3f0c9cfa2047b\">\n#top .av_textblock_section.av-987eq-d478c9802baa63ca5ab3f0c9cfa2047b .avia_textblock{\nfont-size:14px;\n}\n<\/style>\n<section  class='av_textblock_section av-987eq-d478c9802baa63ca5ab3f0c9cfa2047b'  itemscope=\"itemscope\" itemtype=\"https:\/\/schema.org\/CreativeWork\" ><div class='avia_textblock'  itemprop=\"text\" ><p><span style=\"font-weight: 400;\">A ideia da <strong>Aula Aberta ARASAAC<\/strong> surgiu no in\u00edcio do ano letivo de 16-17 devido \u00e0 <strong>procura<\/strong> generalizada das institui\u00e7\u00f5es, profissionais e fam\u00edlias, tanto em Espanha como na Am\u00e9rica Latina, para forma\u00e7\u00e3o <strong>cont\u00ednua<\/strong> <strong>e aberta<\/strong> sobre temas relacionados com <strong>Comunica\u00e7\u00e3o Aumentativa e Alternativa<\/strong> <strong>(CAA)<\/strong> e com aplica\u00e7\u00f5es de computador <strong>distribu\u00eddas livremente<\/strong> que foram sendo criadas a partir dos recursos, distribu\u00eddos sob uma licen\u00e7a Creative Commons (BY-NC-SA) no <strong>Centro Aragon\u00eas de Comunica\u00e7\u00e3o Aumentativa e Alternativa ARASAAC<\/strong> (<\/span><a href=\"http:\/\/arasaac.org\/\" target=\"_blank\" rel=\"noopener\"><span style=\"font-weight: 400;\">http:\/\/arasaac.org\/<\/span><\/a><span style=\"font-weight: 400;\">) &#8211; projeto financiado e coordenado pelo Governo de Arag\u00e3o-<\/span><\/p>\n<p><span style=\"font-weight: 400;\">Desde 2007, <strong>ARASAAC<\/strong> foi-se tornando um Sistema de Comunica\u00e7\u00e3o Aumentativo e Alternativo (<strong>CAA)<\/strong> de <strong>reconhecido prest\u00edgio nacional e internacional<\/strong> e, atualmente, \u00e9 utilizado em muitos pa\u00edses como SAAC de refer\u00eancia e os seus recursos s\u00e3o a base na adapta\u00e7\u00e3o e desenvolvimento de materiais para pessoas com dificuldades graves de comunica\u00e7\u00e3o e com diversidade funcional (autismo, defici\u00eancia intelectual, afasia, etc.). <\/span><\/p>\n<p><span style=\"font-weight: 400;\">Al\u00e9m dos materiais, a licen\u00e7a Creative Commons <strong>ARASAAC<\/strong> tem favorecido o aparecimento de aplica\u00e7\u00f5es gratuitas para PC e dispositivos m\u00f3veis com muita qualidade e que ajudaram a ampliar o projeto.<\/span><\/p>\n<p><span style=\"font-weight: 400;\">Processadores de texto com pictogramas (AraWord), aplica\u00e7\u00f5es para elaborar tabelas e materiais de comunica\u00e7\u00e3o (Picto Selector), comunicadores para dispositivos m\u00f3veis (AraBoard, Pictodroid Lite, LetMeTalk, CPA), geradores de agendas personalizadas para trabalhar a antecipa\u00e7\u00e3o (PictogramAgenda), etc., s\u00e3o aplica\u00e7\u00f5es usadas diariamente por toda a comunidade educativa. Al\u00e9m disso, <strong>ARASAAC<\/strong> avan\u00e7ou para outras \u00e1reas muito importantes como a sa\u00fade &#8211; adapta\u00e7\u00e3o de protocolos com pictogramas ou utiliza\u00e7\u00e3o de comunicadores por pessoas com acidentes vasculares cerebrais (AVCs) ou a sinaliza\u00e7\u00e3o de espa\u00e7os p\u00fablicos por muitos munic\u00edpios.<\/span><\/p>\n<p><span style=\"font-weight: 400;\"> Embora todos estes recursos inform\u00e1ticos tenham sido desenvolvidos de acordo com a maior usabilidade para o utilizador final, \u00e9 verdade que existe uma procura generalizada de forma\u00e7\u00e3o para aprender a us\u00e1-los e tirar o m\u00e1ximo proveito de cada um deles.<\/span><\/p>\n<p><span style=\"font-weight: 400;\">Portanto, dentro da trajet\u00f3ria <strong>ARASAAC<\/strong> ao longo destes anos, os autores deste projeto acreditam que devem assumir a responsabilidade de <strong>oferecer conte\u00fados de forma\u00e7\u00e3o de qualidade<\/strong> sobre temas relacionados com recursos CAA e, ao mesmo tempo, evitar que outras pessoas fa\u00e7am neg\u00f3cios lucrativos a partir destes recursos atrav\u00e9s de cursos online com conte\u00fados relacionados com <strong>ARASAAC <\/strong>e os recursos gerados pelo projeto. <\/span><\/p>\n<p><span style=\"font-weight: 400;\">Nesta Aula Aberta est\u00e1 tamb\u00e9m subjacente a filosofia original do projeto: <strong>&#8220;a comunica\u00e7\u00e3o \u00e9 um direito de todas as pessoas&#8221;.<\/strong> Por isso, parece-nos adequado oferecer forma\u00e7\u00e3o a qualquer pessoa ou profissional que dela precise para trabalhar com o\/a seu aluno\/a ou o seu filho\/a. Pessoas bem formadas garantir\u00e3o um apoio adequado \u00e0s pessoas que precisam destes recursos para melhorar a sua qualidade de vida.<\/span><\/p>\n<\/div><\/section><\/p>\n<\/div><\/div><\/div>\n","protected":false},"excerpt":{"rendered":"","protected":false},"author":5,"featured_media":0,"parent":0,"menu_order":0,"comment_status":"open","ping_status":"open","template":"","meta":{"om_disable_all_campaigns":false,"_monsterinsights_skip_tracking":false,"_monsterinsights_sitenote_active":false,"_monsterinsights_sitenote_note":"","_monsterinsights_sitenote_category":0,"_uf_show_specific_survey":0,"_uf_disable_surveys":false,"footnotes":""},"class_list":["post-66826","page","type-page","status-publish","hentry"],"aioseo_notices":[],"_links":{"self":[{"href":"https:\/\/aulaabierta.arasaac.org\/pt-pt\/wp-json\/wp\/v2\/pages\/66826","targetHints":{"allow":["GET"]}}],"collection":[{"href":"https:\/\/aulaabierta.arasaac.org\/pt-pt\/wp-json\/wp\/v2\/pages"}],"about":[{"href":"https:\/\/aulaabierta.arasaac.org\/pt-pt\/wp-json\/wp\/v2\/types\/page"}],"author":[{"embeddable":true,"href":"https:\/\/aulaabierta.arasaac.org\/pt-pt\/wp-json\/wp\/v2\/users\/5"}],"replies":[{"embeddable":true,"href":"https:\/\/aulaabierta.arasaac.org\/pt-pt\/wp-json\/wp\/v2\/comments?post=66826"}],"version-history":[{"count":33,"href":"https:\/\/aulaabierta.arasaac.org\/pt-pt\/wp-json\/wp\/v2\/pages\/66826\/revisions"}],"predecessor-version":[{"id":144998,"href":"https:\/\/aulaabierta.arasaac.org\/pt-pt\/wp-json\/wp\/v2\/pages\/66826\/revisions\/144998"}],"wp:attachment":[{"href":"https:\/\/aulaabierta.arasaac.org\/pt-pt\/wp-json\/wp\/v2\/media?parent=66826"}],"curies":[{"name":"wp","href":"https:\/\/api.w.org\/{rel}","templated":true}]}}