{"id":66863,"date":"2016-12-15T09:21:35","date_gmt":"2016-12-15T09:21:35","guid":{"rendered":"https:\/\/aulaabierta.arasaac.org\/condiciones-de-uso"},"modified":"2023-02-09T11:13:50","modified_gmt":"2023-02-09T10:13:50","slug":"termos-de-utilizacao","status":"publish","type":"page","link":"https:\/\/aulaabierta.arasaac.org\/pt-pt\/termos-de-utilizacao","title":{"rendered":"Termos de utiliza\u00e7\u00e3o"},"content":{"rendered":"\n<style type=\"text\/css\" data-created_by=\"avia_inline_auto\" id=\"style-css-av-1ryfi-adcd45a420cf5f2f147b0c1ec7fe115b\">\n#top .av-special-heading.av-1ryfi-adcd45a420cf5f2f147b0c1ec7fe115b{\npadding-bottom:10px;\n}\nbody .av-special-heading.av-1ryfi-adcd45a420cf5f2f147b0c1ec7fe115b .av-special-heading-tag .heading-char{\nfont-size:25px;\n}\n.av-special-heading.av-1ryfi-adcd45a420cf5f2f147b0c1ec7fe115b .av-subheading{\nfont-size:15px;\n}\n<\/style>\n<div  class='av-special-heading av-1ryfi-adcd45a420cf5f2f147b0c1ec7fe115b av-special-heading-h3  avia-builder-el-0  el_before_av_textblock  avia-builder-el-first '><h3 class='av-special-heading-tag'  itemprop=\"headline\"  >Termos de utiliza\u00e7\u00e3o<\/h3><div class=\"special-heading-border\"><div class=\"special-heading-inner-border\"><\/div><\/div><\/div>\n\n<style type=\"text\/css\" data-created_by=\"avia_inline_auto\" id=\"style-css-av-jnfjy-47f3f0c84633c2b96efe4b7a5c32956a\">\n#top .av_textblock_section.av-jnfjy-47f3f0c84633c2b96efe4b7a5c32956a .avia_textblock{\nfont-size:14px;\n}\n<\/style>\n<section  class='av_textblock_section av-jnfjy-47f3f0c84633c2b96efe4b7a5c32956a'  itemscope=\"itemscope\" itemtype=\"https:\/\/schema.org\/CreativeWork\" ><div class='avia_textblock'  itemprop=\"text\" ><p>ARASAAC \u00e9 uma marca registada do Governo de Arag\u00e3o, registada no Gabinete espanhol de Patentes e Marcas. A Cole\u00e7\u00e3o de pictogramas ARASAAC est\u00e1 registada no Registo Geral de Propriedade Intelectual (N\u00ba. Dep\u00f3sito Legal Z 901-2013) como um trabalho coletivo em nome da Diputaci\u00f3n General de Arag\u00f3n, que o editou e divulgou de acordo com o disposto no artigo 8.\u00ba do texto revisto da Lei de Propriedade Intelectual, aprovado pelo Real Decreto Legislativo 1\/1996, de 12 de abril.<\/p>\n<p>Todos os recursos oferecidos na aula virtual (tutoriais, manuais, tutoriais de v\u00eddeo, materiais e recursos) s\u00e3o publicados no \u00e2mbito de uma <a href=\"https:\/\/creativecommons.org\/licenses\/by-nc-sa\/4.0\/\" target=\"_blank\" rel=\"noopener\"><strong>Licen\u00e7a Creative Commons (BY-NC-SA)<\/strong><\/a>, autorizando a sua utiliza\u00e7\u00e3o desde que se cite a fonte, autor, sejam partilhados sob a mesma licen\u00e7a e N\u00c3O SE FA\u00c7A USO COMERCIAL DOS MESMOS.<\/p>\n<p>Isto implica que qualquer trabalho derivado que seja elaborado a partir dos recursos contidos na Aula Aberta deve ser distribu\u00eddo com a mesma licen\u00e7a Creative Commons (BY-NC-SA), devem ser citados os autores dos recursos e a origem dos mesmos (Aula Aberta da ARASAAC) e a licen\u00e7a sob a qual s\u00e3o distribu\u00eddos (Creative Commons BY-NC-SA). Duas formas de citar s\u00e3o:<\/p>\n<blockquote>\n<p><i>&#8220;<strong>Autores dos tutoriais e tutoriais de v\u00eddeo:<\/strong> ARASAAC <strong>Origem:<\/strong> Aula Aberta ARASAAC (https:\/\/aulaabierta.arasaac.org\/) <strong>Licen\u00e7a:<\/strong> CC (BY-NC-SA) <strong>Propriedade:<\/strong> Governo de Arag\u00e3o&#8221;<\/i><\/p>\n<\/blockquote>\n<p>ou<\/p>\n<blockquote>\n<p><i>&#8220;<em>Os recursos utilizados s\u00e3o propriedade do Governo de Arag\u00e3o e foram criados pela equipa ARASAAC para a Aula Aberta ARASAAC (https:\/\/aulaabierta.arasaac.org\/) que os distribui sob uma licen\u00e7a Creative Commons (BY-NC-SA).<\/em><em>&#8220;<\/em><\/i><\/p>\n<\/blockquote>\n<p>A utiliza\u00e7\u00e3o destes recursos em qualquer produto ou publica\u00e7\u00e3o para fins comerciais est\u00e1, portanto, exclu\u00edda desta autoriza\u00e7\u00e3o.<\/p>\n<p>Para qualquer outra utiliza\u00e7\u00e3o, \u00e9 estritamente proibida a reprodu\u00e7\u00e3o total ou parcial destes materiais por qualquer meio ou procedimento, incluindo a reprografia e o processamento inform\u00e1tico, sem autoriza\u00e7\u00e3o escrita dos propriet\u00e1rios dos &#8220;Direitos de Autor&#8221;, nos termos das san\u00e7\u00f5es previstas na lei.<\/p>\n<\/div><\/section>\n\n<style type=\"text\/css\" data-created_by=\"avia_inline_auto\" id=\"style-css-av-axu7a-45533499e91831dc01dae7b9882eb7f5\">\n#top .av-special-heading.av-axu7a-45533499e91831dc01dae7b9882eb7f5{\npadding-bottom:10px;\n}\nbody .av-special-heading.av-axu7a-45533499e91831dc01dae7b9882eb7f5 .av-special-heading-tag .heading-char{\nfont-size:25px;\n}\n.av-special-heading.av-axu7a-45533499e91831dc01dae7b9882eb7f5 .av-subheading{\nfont-size:15px;\n}\n<\/style>\n<div  class='av-special-heading av-axu7a-45533499e91831dc01dae7b9882eb7f5 av-special-heading-h3  avia-builder-el-2  el_after_av_textblock  el_before_av_textblock '><h3 class='av-special-heading-tag'  itemprop=\"headline\"  >Isen\u00e7\u00e3o de responsabilidade<\/h3><div class=\"special-heading-border\"><div class=\"special-heading-inner-border\"><\/div><\/div><\/div>\n\n<style type=\"text\/css\" data-created_by=\"avia_inline_auto\" id=\"style-css-av-bl9ke-980518f447c3fc28bc0948eb8a6609ae\">\n#top .av_textblock_section.av-bl9ke-980518f447c3fc28bc0948eb8a6609ae .avia_textblock{\nfont-size:14px;\n}\n<\/style>\n<section  class='av_textblock_section av-bl9ke-980518f447c3fc28bc0948eb8a6609ae'  itemscope=\"itemscope\" itemtype=\"https:\/\/schema.org\/CreativeWork\" ><div class='avia_textblock'  itemprop=\"text\" ><p>A Aula Aberta ARASAAC \u00e9 informativa e orientadora e tem como objetivo disponibilizar a todos os interessados informa\u00e7\u00f5es e materiais para a sua forma\u00e7\u00e3o. No entanto, \u00e9 de notar o seguinte:<\/p>\n<ul>\n<ul>\n<ul>\n<ul>\n<ul>\n<li>O conte\u00fado oferecido n\u00e3o tem efeitos vinculativos para o Governo de Arag\u00e3o, pelo que n\u00e3o se assume qualquer responsabilidade pelo seu conte\u00fado.<\/li>\n<\/ul>\n<\/ul>\n<\/ul>\n<\/ul>\n<\/ul>\n<ul>\n<ul>\n<ul>\n<ul>\n<ul>\n<li>As informa\u00e7\u00f5es fornecidas podem n\u00e3o ser exaustivas, precisas ou atualizadas.<\/li>\n<\/ul>\n<\/ul>\n<\/ul>\n<\/ul>\n<\/ul>\n<ul>\n<ul>\n<ul>\n<ul>\n<ul>\n<li>S\u00e3o fornecidos links para p\u00e1ginas externas sobre as quais o Governo de Arag\u00e3o n\u00e3o tem controlo e a respeito das quais declina toda a responsabilidade.<\/li>\n<\/ul>\n<\/ul>\n<\/ul>\n<\/ul>\n<\/ul>\n<p>O Governo de Arag\u00e3o n\u00e3o se responsabiliza pelo uso impr\u00f3prio ou negligente dos recursos contidos nesta Aula Aberta feito por terceiros que excedam os termos da licen\u00e7a creative commons (BY-NC-SA).<\/p>\n<\/div><\/section>\n","protected":false},"excerpt":{"rendered":"","protected":false},"author":5,"featured_media":0,"parent":0,"menu_order":0,"comment_status":"closed","ping_status":"closed","template":"","meta":{"om_disable_all_campaigns":false,"_monsterinsights_skip_tracking":false,"_monsterinsights_sitenote_active":false,"_monsterinsights_sitenote_note":"","_monsterinsights_sitenote_category":0,"_uf_show_specific_survey":0,"_uf_disable_surveys":false,"footnotes":""},"class_list":["post-66863","page","type-page","status-publish","hentry"],"aioseo_notices":[],"_links":{"self":[{"href":"https:\/\/aulaabierta.arasaac.org\/pt-pt\/wp-json\/wp\/v2\/pages\/66863","targetHints":{"allow":["GET"]}}],"collection":[{"href":"https:\/\/aulaabierta.arasaac.org\/pt-pt\/wp-json\/wp\/v2\/pages"}],"about":[{"href":"https:\/\/aulaabierta.arasaac.org\/pt-pt\/wp-json\/wp\/v2\/types\/page"}],"author":[{"embeddable":true,"href":"https:\/\/aulaabierta.arasaac.org\/pt-pt\/wp-json\/wp\/v2\/users\/5"}],"replies":[{"embeddable":true,"href":"https:\/\/aulaabierta.arasaac.org\/pt-pt\/wp-json\/wp\/v2\/comments?post=66863"}],"version-history":[{"count":31,"href":"https:\/\/aulaabierta.arasaac.org\/pt-pt\/wp-json\/wp\/v2\/pages\/66863\/revisions"}],"predecessor-version":[{"id":145030,"href":"https:\/\/aulaabierta.arasaac.org\/pt-pt\/wp-json\/wp\/v2\/pages\/66863\/revisions\/145030"}],"wp:attachment":[{"href":"https:\/\/aulaabierta.arasaac.org\/pt-pt\/wp-json\/wp\/v2\/media?parent=66863"}],"curies":[{"name":"wp","href":"https:\/\/api.w.org\/{rel}","templated":true}]}}