{"id":66942,"date":"2021-05-05T07:35:57","date_gmt":"2021-05-05T06:35:57","guid":{"rendered":"https:\/\/aulaabierta.arasaac.org\/materiales-cuadro-de-busqueda"},"modified":"2023-02-09T11:13:51","modified_gmt":"2023-02-09T10:13:51","slug":"caixa-de-pesquisa-de-materiais","status":"publish","type":"page","link":"https:\/\/aulaabierta.arasaac.org\/pt-pt\/caixa-de-pesquisa-de-materiais","title":{"rendered":"Tutorial 13 &#8211; Website ARASAAC &#8211; Materiais &#8211; Caixa de Pesquisa"},"content":{"rendered":"<div id='av-layout-grid-1'  class='av-layout-grid-container av-pnep5h-f1b0ad97bd538c9ff01ca12a9c658404 entry-content-wrapper alternate_color av-border-cells av-flex-cells  avia-builder-el-0  el_before_av_textblock  avia-builder-el-first   container_wrap fullsize'  >\n\n<style type=\"text\/css\" data-created_by=\"avia_inline_auto\" id=\"style-css-av-orii9x-eed3c4e3301b190a8cb0365ef52132c5\">\n.flex_cell.av-orii9x-eed3c4e3301b190a8cb0365ef52132c5{\nvertical-align:top;\n}\n.responsive #top #wrap_all .flex_cell.av-orii9x-eed3c4e3301b190a8cb0365ef52132c5{\npadding:30px 30px 30px 30px !important;\n}\n<\/style>\n<div class='flex_cell av-orii9x-eed3c4e3301b190a8cb0365ef52132c5 av-gridrow-cell av_one_fifth no_margin  avia-builder-el-1  el_before_av_cell_four_fifth  avia-builder-el-first ' ><div class='flex_cell_inner'>\n<style type=\"text\/css\" data-created_by=\"avia_inline_auto\" id=\"style-css-av-28ajol-7909013c06fa872e6094c50a1c6ffde6\">\n.avia-image-container.av-28ajol-7909013c06fa872e6094c50a1c6ffde6 img.avia_image{\nbox-shadow:none;\n}\n.avia-image-container.av-28ajol-7909013c06fa872e6094c50a1c6ffde6 .av-caption-image-overlay-bg{\nopacity:0.4;\nbackground-color:#000000;\n}\n.avia-image-container.av-28ajol-7909013c06fa872e6094c50a1c6ffde6 .av-image-caption-overlay-center{\ncolor:#ffffff;\n}\n<\/style>\n<div  class='avia-image-container av-28ajol-7909013c06fa872e6094c50a1c6ffde6 av-styling- avia-align-left  avia-builder-el-2  avia-builder-el-no-sibling  noHover av-overlay-on-hover'   itemprop=\"image\" itemscope=\"itemscope\" itemtype=\"https:\/\/schema.org\/ImageObject\" ><div class=\"avia-image-container-inner\"><div class=\"avia-image-overlay-wrap\"><a href=\"https:\/\/aulaabierta.arasaac.org\/pt-pt\/tutorial-pagina-website-arasaac\" class='avia_image' ><div class=\"av-image-caption-overlay\"><div class=\"av-caption-image-overlay-bg\"><\/div><div class=\"av-image-caption-overlay-position\"><div class=\"av-image-caption-overlay-center\"><p>De volta ao topo<\/p>\n<\/div><\/div><\/div><img decoding=\"async\" class='wp-image-63920 avia-img-lazy-loading-not-63920 avia_image ' src=\"https:\/\/aulaabierta.arasaac.org\/wp-content\/uploads\/2021\/04\/web_nueva.png\" alt='' title='web_nueva'  height=\"500\" width=\"500\"  itemprop=\"thumbnailUrl\" srcset=\"https:\/\/aulaabierta.arasaac.org\/wp-content\/uploads\/2021\/04\/web_nueva.png 500w, https:\/\/aulaabierta.arasaac.org\/wp-content\/uploads\/2021\/04\/web_nueva-300x300.png 300w, https:\/\/aulaabierta.arasaac.org\/wp-content\/uploads\/2021\/04\/web_nueva-80x80.png 80w, https:\/\/aulaabierta.arasaac.org\/wp-content\/uploads\/2021\/04\/web_nueva-36x36.png 36w, https:\/\/aulaabierta.arasaac.org\/wp-content\/uploads\/2021\/04\/web_nueva-180x180.png 180w, https:\/\/aulaabierta.arasaac.org\/wp-content\/uploads\/2021\/04\/web_nueva-120x120.png 120w, https:\/\/aulaabierta.arasaac.org\/wp-content\/uploads\/2021\/04\/web_nueva-450x450.png 450w, https:\/\/aulaabierta.arasaac.org\/wp-content\/uploads\/2021\/04\/web_nueva-150x150.png 150w\" sizes=\"(max-width: 500px) 100vw, 500px\" \/><\/a><\/div><\/div><\/div>\n<\/div><\/div>\n<style type=\"text\/css\" data-created_by=\"avia_inline_auto\" id=\"style-css-av-kln9vp-91025341852359c5ee6404f950fd4750\">\n.flex_cell.av-kln9vp-91025341852359c5ee6404f950fd4750{\nvertical-align:middle;\n}\n.responsive #top #wrap_all .flex_cell.av-kln9vp-91025341852359c5ee6404f950fd4750{\npadding:30px 30px 30px 30px !important;\n}\n<\/style>\n<div class='flex_cell av-kln9vp-91025341852359c5ee6404f950fd4750 av-gridrow-cell av_four_fifth no_margin  avia-builder-el-3  el_after_av_cell_one_fifth  avia-builder-el-last ' ><div class='flex_cell_inner'>\n<style type=\"text\/css\" data-created_by=\"avia_inline_auto\" id=\"style-css-av-kob5hluj-b8dff335a348da143fc73bcbd37fc1a1\">\n#top .av-special-heading.av-kob5hluj-b8dff335a348da143fc73bcbd37fc1a1{\npadding-bottom:0;\n}\nbody .av-special-heading.av-kob5hluj-b8dff335a348da143fc73bcbd37fc1a1 .av-special-heading-tag .heading-char{\nfont-size:25px;\n}\n#top #wrap_all .av-special-heading.av-kob5hluj-b8dff335a348da143fc73bcbd37fc1a1 .av-special-heading-tag{\nfont-size:26px;\n}\n.av-special-heading.av-kob5hluj-b8dff335a348da143fc73bcbd37fc1a1 .av-subheading{\nfont-size:15px;\n}\n<\/style>\n<div  class='av-special-heading av-kob5hluj-b8dff335a348da143fc73bcbd37fc1a1 av-special-heading-h2  avia-builder-el-4  avia-builder-el-no-sibling '><h2 class='av-special-heading-tag'  itemprop=\"headline\"  >TUTORIAL 13 &#8211; WEBSITE ARASAAC &#8211; MATERIAIS &#8211; CAIXA DE PESQUISA<\/h2><div class=\"special-heading-border\"><div class=\"special-heading-inner-border\"><\/div><\/div><\/div>\n<\/div><\/div>\n<\/div><div id='after_grid_row_1'  class='main_color av_default_container_wrap container_wrap fullsize'  ><div class='container av-section-cont-open' ><div class='template-page content  av-content-full alpha units'><div class='post-entry post-entry-type-page post-entry-66942'><div class='entry-content-wrapper clearfix'>\n\n<style type=\"text\/css\" data-created_by=\"avia_inline_auto\" id=\"style-css-av-hrgnbp-4e9478d5f32e3b6706e12bd22f8ff4b5\">\n#top .av_textblock_section.av-hrgnbp-4e9478d5f32e3b6706e12bd22f8ff4b5 .avia_textblock{\nfont-size:16px;\n}\n<\/style>\n<section  class='av_textblock_section av-hrgnbp-4e9478d5f32e3b6706e12bd22f8ff4b5'  itemscope=\"itemscope\" itemtype=\"https:\/\/schema.org\/CreativeWork\" ><div class='avia_textblock'  itemprop=\"text\" ><h6 style=\"text-align: center;\"><img loading=\"lazy\" decoding=\"async\" class=\"aligncenter size-full wp-image-932\" src=\"https:\/\/aulaabierta.arasaac.org\/wp-content\/uploads\/2016\/12\/by-nc-sa.eu_petit.png\" alt=\"\" width=\"118\" height=\"41\">Este trabalho \u00e9 licenciado sob uma <a href=\"http:\/\/creativecommons.org\/licenses\/by-nc-sa\/4.0\/\" rel=\"license\">licen\u00e7a internacional Creative Commons Attribution-NonCoercial-ShareAlike 4.0 International.<\/a><\/h6>\n<hr>\n<p>Uma das sec\u00e7\u00f5es mais importantes do website da <a href=\"https:\/\/arasaac.org\/\" target=\"_blank\" rel=\"noopener\"><strong>ARASAAC<\/strong><\/a> s\u00e3o os materiais partilhados pelos colaboradores de forma altru\u00edsta e com a mesma licen\u00e7a que os pictogramas.<\/p>\n<p>Quando entramos na sec\u00e7\u00e3o <strong>de Materiais,<\/strong>encontramos uma caixa de pesquisa e uma s\u00e9rie de filtros que explicaremos neste e no pr\u00f3ximo tutorial.<\/p>\n<p>Na parte inferior, abaixo da caixa de pesquisa e filtros, focamo-nos nos materiais mostrados nesta p\u00e1gina que correspondem \u00e0s <strong>\u00faltimas 100 folhas de materiais<\/strong> que foram <strong>publicados, novos materiais ou tradu\u00e7\u00f5es de materiais.<\/strong> Como no caso dos pictogramas, encontramos a pagina\u00e7\u00e3o no topo para se mover.<\/p>\n<p><img loading=\"lazy\" decoding=\"async\" class=\"size-large wp-image-22366 aligncenter\" src=\"https:\/\/aulaabierta.arasaac.org\/wp-content\/uploads\/2021\/05\/Busqueda_de_materiales_pictogramas_ARASAAC-1030x465.jpg\" alt=\"\" width=\"1030\" height=\"465\" srcset=\"https:\/\/aulaabierta.arasaac.org\/wp-content\/uploads\/2021\/05\/Busqueda_de_materiales_pictogramas_ARASAAC-1030x465.jpg 1030w, https:\/\/aulaabierta.arasaac.org\/wp-content\/uploads\/2021\/05\/Busqueda_de_materiales_pictogramas_ARASAAC-300x136.jpg 300w, https:\/\/aulaabierta.arasaac.org\/wp-content\/uploads\/2021\/05\/Busqueda_de_materiales_pictogramas_ARASAAC-768x347.jpg 768w, https:\/\/aulaabierta.arasaac.org\/wp-content\/uploads\/2021\/05\/Busqueda_de_materiales_pictogramas_ARASAAC-1536x694.jpg 1536w, https:\/\/aulaabierta.arasaac.org\/wp-content\/uploads\/2021\/05\/Busqueda_de_materiales_pictogramas_ARASAAC-1500x678.jpg 1500w, https:\/\/aulaabierta.arasaac.org\/wp-content\/uploads\/2021\/05\/Busqueda_de_materiales_pictogramas_ARASAAC-705x319.jpg 705w, https:\/\/aulaabierta.arasaac.org\/wp-content\/uploads\/2021\/05\/Busqueda_de_materiales_pictogramas_ARASAAC-450x203.jpg 450w, https:\/\/aulaabierta.arasaac.org\/wp-content\/uploads\/2021\/05\/Busqueda_de_materiales_pictogramas_ARASAAC.jpg 1580w\" sizes=\"auto, (max-width: 1030px) 100vw, 1030px\" \/><\/p>\n<p>No site, podemos encontrar v\u00e1rios <strong>m\u00e9todos de pesquisa<\/strong> para localizar o material que precisamos para o nosso trabalho di\u00e1rio. \u00c9 importante comentar, antes de come\u00e7ar a realizar pesquisas, que a forma mais eficiente \u00e9 o uso de filtros combinados com uma palavra, como vamos discutir no seguinte tutorial.<\/p>\n<p>Neste tutorial vamos gui\u00e1-lo para a utiliza\u00e7\u00e3o<strong>da ferramenta de pesquisa de texto.<\/strong> Para isso, introduzimos uma ou mais palavras na caixa.<\/p>\n<p><img loading=\"lazy\" decoding=\"async\" class=\"size-large wp-image-22365 aligncenter\" src=\"https:\/\/aulaabierta.arasaac.org\/wp-content\/uploads\/2021\/05\/Busqueda_de_materiales_pictogramas_ARASAAC_1-1030x469.jpg\" alt=\"\" width=\"1030\" height=\"469\" srcset=\"https:\/\/aulaabierta.arasaac.org\/wp-content\/uploads\/2021\/05\/Busqueda_de_materiales_pictogramas_ARASAAC_1-1030x469.jpg 1030w, https:\/\/aulaabierta.arasaac.org\/wp-content\/uploads\/2021\/05\/Busqueda_de_materiales_pictogramas_ARASAAC_1-300x137.jpg 300w, https:\/\/aulaabierta.arasaac.org\/wp-content\/uploads\/2021\/05\/Busqueda_de_materiales_pictogramas_ARASAAC_1-768x350.jpg 768w, https:\/\/aulaabierta.arasaac.org\/wp-content\/uploads\/2021\/05\/Busqueda_de_materiales_pictogramas_ARASAAC_1-1536x699.jpg 1536w, https:\/\/aulaabierta.arasaac.org\/wp-content\/uploads\/2021\/05\/Busqueda_de_materiales_pictogramas_ARASAAC_1-1500x683.jpg 1500w, https:\/\/aulaabierta.arasaac.org\/wp-content\/uploads\/2021\/05\/Busqueda_de_materiales_pictogramas_ARASAAC_1-705x321.jpg 705w, https:\/\/aulaabierta.arasaac.org\/wp-content\/uploads\/2021\/05\/Busqueda_de_materiales_pictogramas_ARASAAC_1-450x205.jpg 450w, https:\/\/aulaabierta.arasaac.org\/wp-content\/uploads\/2021\/05\/Busqueda_de_materiales_pictogramas_ARASAAC_1.jpg 1577w\" sizes=\"auto, (max-width: 1030px) 100vw, 1030px\" \/><\/p>\n<p>Por exemplo, se procurarmos materiais sobre cores, escrevemos esta palavra na caixa de pesquisa e todas as folhas de material aparecer\u00e3o nas quais as cores da palavra aparecem no t\u00edtulo ou descri\u00e7\u00e3o.<\/p>\n<p><img loading=\"lazy\" decoding=\"async\" class=\"size-large wp-image-22375 aligncenter\" src=\"https:\/\/aulaabierta.arasaac.org\/wp-content\/uploads\/2021\/05\/Busqueda_de_materiales_pictogramas_ARASAAC_2-1030x471.jpg\" alt=\"\" width=\"1030\" height=\"471\" srcset=\"https:\/\/aulaabierta.arasaac.org\/wp-content\/uploads\/2021\/05\/Busqueda_de_materiales_pictogramas_ARASAAC_2-1030x471.jpg 1030w, https:\/\/aulaabierta.arasaac.org\/wp-content\/uploads\/2021\/05\/Busqueda_de_materiales_pictogramas_ARASAAC_2-300x137.jpg 300w, https:\/\/aulaabierta.arasaac.org\/wp-content\/uploads\/2021\/05\/Busqueda_de_materiales_pictogramas_ARASAAC_2-768x351.jpg 768w, https:\/\/aulaabierta.arasaac.org\/wp-content\/uploads\/2021\/05\/Busqueda_de_materiales_pictogramas_ARASAAC_2-1536x703.jpg 1536w, https:\/\/aulaabierta.arasaac.org\/wp-content\/uploads\/2021\/05\/Busqueda_de_materiales_pictogramas_ARASAAC_2-1500x686.jpg 1500w, https:\/\/aulaabierta.arasaac.org\/wp-content\/uploads\/2021\/05\/Busqueda_de_materiales_pictogramas_ARASAAC_2-705x323.jpg 705w, https:\/\/aulaabierta.arasaac.org\/wp-content\/uploads\/2021\/05\/Busqueda_de_materiales_pictogramas_ARASAAC_2-450x206.jpg 450w, https:\/\/aulaabierta.arasaac.org\/wp-content\/uploads\/2021\/05\/Busqueda_de_materiales_pictogramas_ARASAAC_2.jpg 1580w\" sizes=\"auto, (max-width: 1030px) 100vw, 1030px\" \/><\/p>\n<p>Se introduzirmos duas ou mais palavras, como no caso da consci\u00eancia fonol\u00f3gica, a procura mostrar-nos-\u00e1 os materiais que cont\u00eam estas duas palavras.<\/p>\n<p><img loading=\"lazy\" decoding=\"async\" class=\"size-large wp-image-22377 aligncenter\" src=\"https:\/\/aulaabierta.arasaac.org\/wp-content\/uploads\/2021\/05\/Busqueda_de_materiales_pictogramas_ARASAAC_3-1030x472.jpg\" alt=\"\" width=\"1030\" height=\"472\" srcset=\"https:\/\/aulaabierta.arasaac.org\/wp-content\/uploads\/2021\/05\/Busqueda_de_materiales_pictogramas_ARASAAC_3-1030x472.jpg 1030w, https:\/\/aulaabierta.arasaac.org\/wp-content\/uploads\/2021\/05\/Busqueda_de_materiales_pictogramas_ARASAAC_3-300x138.jpg 300w, https:\/\/aulaabierta.arasaac.org\/wp-content\/uploads\/2021\/05\/Busqueda_de_materiales_pictogramas_ARASAAC_3-768x352.jpg 768w, https:\/\/aulaabierta.arasaac.org\/wp-content\/uploads\/2021\/05\/Busqueda_de_materiales_pictogramas_ARASAAC_3-1536x705.jpg 1536w, https:\/\/aulaabierta.arasaac.org\/wp-content\/uploads\/2021\/05\/Busqueda_de_materiales_pictogramas_ARASAAC_3-1500x688.jpg 1500w, https:\/\/aulaabierta.arasaac.org\/wp-content\/uploads\/2021\/05\/Busqueda_de_materiales_pictogramas_ARASAAC_3-705x323.jpg 705w, https:\/\/aulaabierta.arasaac.org\/wp-content\/uploads\/2021\/05\/Busqueda_de_materiales_pictogramas_ARASAAC_3-450x206.jpg 450w, https:\/\/aulaabierta.arasaac.org\/wp-content\/uploads\/2021\/05\/Busqueda_de_materiales_pictogramas_ARASAAC_3.jpg 1574w\" sizes=\"auto, (max-width: 1030px) 100vw, 1030px\" \/><\/p>\n<p>Para reduzir a pesquisa, podemos usar a tabela de cita\u00e7\u00f5es na caixa de pesquisa. Temos de ter em conta que este tipo de pesquisa s\u00f3 mostrar\u00e1 os materiais que cont\u00eam as palavras na marca de cita\u00e7\u00e3o por essa ordem. Por exemplo, se escrevermos &#8220;agenda visual&#8221; mostrar-nos-\u00e1 apenas os materiais que cont\u00eam estas duas palavras e nesta ordem.<\/p>\n<p><img loading=\"lazy\" decoding=\"async\" class=\"size-large wp-image-22379 aligncenter\" src=\"https:\/\/aulaabierta.arasaac.org\/wp-content\/uploads\/2021\/05\/Busqueda_de_materiales_pictogramas_ARASAAC_4-1030x434.jpg\" alt=\"\" width=\"1030\" height=\"434\" srcset=\"https:\/\/aulaabierta.arasaac.org\/wp-content\/uploads\/2021\/05\/Busqueda_de_materiales_pictogramas_ARASAAC_4-1030x434.jpg 1030w, https:\/\/aulaabierta.arasaac.org\/wp-content\/uploads\/2021\/05\/Busqueda_de_materiales_pictogramas_ARASAAC_4-300x126.jpg 300w, https:\/\/aulaabierta.arasaac.org\/wp-content\/uploads\/2021\/05\/Busqueda_de_materiales_pictogramas_ARASAAC_4-768x324.jpg 768w, https:\/\/aulaabierta.arasaac.org\/wp-content\/uploads\/2021\/05\/Busqueda_de_materiales_pictogramas_ARASAAC_4-1536x648.jpg 1536w, https:\/\/aulaabierta.arasaac.org\/wp-content\/uploads\/2021\/05\/Busqueda_de_materiales_pictogramas_ARASAAC_4-1500x632.jpg 1500w, https:\/\/aulaabierta.arasaac.org\/wp-content\/uploads\/2021\/05\/Busqueda_de_materiales_pictogramas_ARASAAC_4-705x297.jpg 705w, https:\/\/aulaabierta.arasaac.org\/wp-content\/uploads\/2021\/05\/Busqueda_de_materiales_pictogramas_ARASAAC_4-450x190.jpg 450w, https:\/\/aulaabierta.arasaac.org\/wp-content\/uploads\/2021\/05\/Busqueda_de_materiales_pictogramas_ARASAAC_4.jpg 1575w\" sizes=\"auto, (max-width: 1030px) 100vw, 1030px\" \/><\/p>\n<p>Por esta raz\u00e3o, pode acontecer que realizemos pesquisas na marca\u00e7\u00e3o de cita\u00e7\u00f5es que n\u00e3o nos mostrem qualquer material. Este tipo de pesquisas requerem uma determinada pr\u00e1tica da nossa parte e para estar familiarizado com os materiais contidos no site.<\/p>\n<\/div><\/section>\n\n<style type=\"text\/css\" data-created_by=\"avia_inline_auto\" id=\"style-css-av-kobcw2fh-508e7b8b29296a3af9691b5e400fb991\">\n#top .av-special-heading.av-kobcw2fh-508e7b8b29296a3af9691b5e400fb991{\npadding-bottom:10px;\n}\nbody .av-special-heading.av-kobcw2fh-508e7b8b29296a3af9691b5e400fb991 .av-special-heading-tag .heading-char{\nfont-size:25px;\n}\n.av-special-heading.av-kobcw2fh-508e7b8b29296a3af9691b5e400fb991 .av-subheading{\nfont-size:15px;\n}\n<\/style>\n<div  class='av-special-heading av-kobcw2fh-508e7b8b29296a3af9691b5e400fb991 av-special-heading-h3  avia-builder-el-6  el_after_av_textblock  el_before_av_video '><h3 class='av-special-heading-tag'  itemprop=\"headline\"  >Tutorial de v\u00eddeo<\/h3><div class=\"special-heading-border\"><div class=\"special-heading-inner-border\"><\/div><\/div><\/div>\n<div  class='avia-video av-kobcvy4f-08c96a44e94b2cd07deab0adb44959a0 avia-video-16-9 av-no-preview-image avia-video-load-always av-lazyload-immediate av-lazyload-video-embed'  itemprop=\"video\" itemtype=\"https:\/\/schema.org\/VideoObject\"  data-original_url='https:\/\/youtu.be\/V5YfB8dOPz8'><script type='text\/html' class='av-video-tmpl'><div class='avia-iframe-wrap'><iframe loading=\"lazy\" title=\"TUTORIAL 13 \u2013 P\u00c1GINA WEB DE ARASAAC \u2013 MATERIALES - CUADRO DE B\u00daSQUEDA\" width=\"1500\" height=\"844\" src=\"https:\/\/www.youtube.com\/embed\/V5YfB8dOPz8?feature=oembed&autoplay=0&loop=0&controls=1&mute=0\" frameborder=\"0\" allow=\"accelerometer; autoplay; clipboard-write; encrypted-media; gyroscope; picture-in-picture\" allowfullscreen><\/iframe><\/div><\/script><div class='av-click-to-play-overlay'><div class=\"avia_playpause_icon\"><\/div><\/div><\/div>\n<\/div><\/div><\/div><!-- close content main div --><\/div><\/div><div id='av-layout-grid-2'  class='av-layout-grid-container av-f3tczp-cce5fbd2a42be631b2cf32320cacc69e entry-content-wrapper main_color av-border-top-bottom av-flex-cells  avia-builder-el-8  el_after_av_video  avia-builder-el-last  grid-row-not-first  container_wrap fullsize'  >\n\n<style type=\"text\/css\" data-created_by=\"avia_inline_auto\" id=\"style-css-av-dpel79-93c18472cef4c359aeea4e5f2938c84d\">\n.flex_cell.av-dpel79-93c18472cef4c359aeea4e5f2938c84d{\nvertical-align:top;\n}\n.responsive #top #wrap_all .flex_cell.av-dpel79-93c18472cef4c359aeea4e5f2938c84d{\npadding:30px 30px 30px 30px !important;\n}\n<\/style>\n<div class='flex_cell av-dpel79-93c18472cef4c359aeea4e5f2938c84d av-gridrow-cell av_one_fifth no_margin  avia-builder-el-9  el_before_av_cell_one_fifth  avia-builder-el-first ' ><div class='flex_cell_inner'>\n<style type=\"text\/css\" data-created_by=\"avia_inline_auto\" id=\"style-css-av-c9hl91-2446b55409ae72d25b4c8ac4fc9b22b1\">\n.avia-image-container.av-c9hl91-2446b55409ae72d25b4c8ac4fc9b22b1 img.avia_image{\nbox-shadow:none;\n}\n.avia-image-container.av-c9hl91-2446b55409ae72d25b4c8ac4fc9b22b1 .av-image-caption-overlay-center{\ncolor:#ffffff;\n}\n<\/style>\n<div  class='avia-image-container av-c9hl91-2446b55409ae72d25b4c8ac4fc9b22b1 av-styling- avia-align-center  avia-builder-el-10  avia-builder-el-no-sibling '   itemprop=\"image\" itemscope=\"itemscope\" itemtype=\"https:\/\/schema.org\/ImageObject\" ><div class=\"avia-image-container-inner\"><div class=\"avia-image-overlay-wrap\"><a href=\"https:\/\/aulaabierta.arasaac.org\/pt-pt\/vocabulario-nuclear-arasaac\" class='avia_image' ><img decoding=\"async\" class='wp-image-23493 avia-img-lazy-loading-not-23493 avia_image ' src=\"https:\/\/aulaabierta.arasaac.org\/wp-content\/uploads\/2016\/12\/before-80x80.png\" alt='' title='before'  height=\"80\" width=\"80\"  itemprop=\"thumbnailUrl\" srcset=\"https:\/\/aulaabierta.arasaac.org\/wp-content\/uploads\/2016\/12\/before-80x80.png 80w, https:\/\/aulaabierta.arasaac.org\/wp-content\/uploads\/2016\/12\/before-36x36.png 36w, https:\/\/aulaabierta.arasaac.org\/wp-content\/uploads\/2016\/12\/before-120x120.png 120w, https:\/\/aulaabierta.arasaac.org\/wp-content\/uploads\/2016\/12\/before.png 128w\" sizes=\"(max-width: 80px) 100vw, 80px\" \/><\/a><\/div><\/div><\/div>\n<\/div><\/div>\n<style type=\"text\/css\" data-created_by=\"avia_inline_auto\" id=\"style-css-av-ayvzqd-e087ef96d058efac08b9c959fa86365c\">\n.flex_cell.av-ayvzqd-e087ef96d058efac08b9c959fa86365c{\nvertical-align:top;\n}\n.responsive #top #wrap_all .flex_cell.av-ayvzqd-e087ef96d058efac08b9c959fa86365c{\npadding:30px 30px 30px 30px !important;\n}\n<\/style>\n<div class='flex_cell av-ayvzqd-e087ef96d058efac08b9c959fa86365c av-gridrow-cell av_one_fifth no_margin  avia-builder-el-11  el_after_av_cell_one_fifth  el_before_av_cell_one_fifth ' ><div class='flex_cell_inner'><\/div><\/div>\n<style type=\"text\/css\" data-created_by=\"avia_inline_auto\" id=\"style-css-av-9harkl-31d5fc777aae7445fb43c389af7650f1\">\n.flex_cell.av-9harkl-31d5fc777aae7445fb43c389af7650f1{\nvertical-align:top;\n}\n.responsive #top #wrap_all .flex_cell.av-9harkl-31d5fc777aae7445fb43c389af7650f1{\npadding:30px 30px 30px 30px !important;\n}\n<\/style>\n<div class='flex_cell av-9harkl-31d5fc777aae7445fb43c389af7650f1 av-gridrow-cell av_one_fifth no_margin  avia-builder-el-12  el_after_av_cell_one_fifth  el_before_av_cell_one_fifth ' ><div class='flex_cell_inner'>\n<style type=\"text\/css\" data-created_by=\"avia_inline_auto\" id=\"style-css-av-7yr8ud-07fb5f286a3d4e48a9def86c90b6660e\">\n.avia-image-container.av-7yr8ud-07fb5f286a3d4e48a9def86c90b6660e img.avia_image{\nbox-shadow:none;\n}\n.avia-image-container.av-7yr8ud-07fb5f286a3d4e48a9def86c90b6660e .av-image-caption-overlay-center{\ncolor:#ffffff;\n}\n<\/style>\n<div  class='avia-image-container av-7yr8ud-07fb5f286a3d4e48a9def86c90b6660e av-styling- avia-align-center  avia-builder-el-13  avia-builder-el-no-sibling '   itemprop=\"image\" itemscope=\"itemscope\" itemtype=\"https:\/\/schema.org\/ImageObject\" ><div class=\"avia-image-container-inner\"><div class=\"avia-image-overlay-wrap\"><a href=\"https:\/\/aulaabierta.arasaac.org\/pt-pt\/tutorial-pagina-website-arasaac\" class='avia_image' ><img decoding=\"async\" class='wp-image-23499 avia-img-lazy-loading-not-23499 avia_image ' src=\"https:\/\/aulaabierta.arasaac.org\/wp-content\/uploads\/2016\/12\/casa-80x80.png\" alt='' title='In\u00edcio'  height=\"80\" width=\"80\"  itemprop=\"thumbnailUrl\" srcset=\"https:\/\/aulaabierta.arasaac.org\/wp-content\/uploads\/2016\/12\/casa-80x80.png 80w, https:\/\/aulaabierta.arasaac.org\/wp-content\/uploads\/2016\/12\/casa-300x300.png 300w, https:\/\/aulaabierta.arasaac.org\/wp-content\/uploads\/2016\/12\/casa-36x36.png 36w, https:\/\/aulaabierta.arasaac.org\/wp-content\/uploads\/2016\/12\/casa-180x180.png 180w, https:\/\/aulaabierta.arasaac.org\/wp-content\/uploads\/2016\/12\/casa-120x120.png 120w, https:\/\/aulaabierta.arasaac.org\/wp-content\/uploads\/2016\/12\/casa-450x450.png 450w, https:\/\/aulaabierta.arasaac.org\/wp-content\/uploads\/2016\/12\/casa.png 500w\" sizes=\"(max-width: 80px) 100vw, 80px\" \/><\/a><\/div><\/div><\/div>\n<\/div><\/div>\n<style type=\"text\/css\" data-created_by=\"avia_inline_auto\" id=\"style-css-av-57sko5-47a26aaf10d28cd8fc05910c37cd3e22\">\n.flex_cell.av-57sko5-47a26aaf10d28cd8fc05910c37cd3e22{\nvertical-align:top;\n}\n.responsive #top #wrap_all .flex_cell.av-57sko5-47a26aaf10d28cd8fc05910c37cd3e22{\npadding:30px 30px 30px 30px !important;\n}\n<\/style>\n<div class='flex_cell av-57sko5-47a26aaf10d28cd8fc05910c37cd3e22 av-gridrow-cell av_one_fifth no_margin  avia-builder-el-14  el_after_av_cell_one_fifth  el_before_av_cell_one_fifth ' ><div class='flex_cell_inner'><\/div><\/div>\n<style type=\"text\/css\" data-created_by=\"avia_inline_auto\" id=\"style-css-av-4cgqth-c1463cdc42f3a84d07282416e31a6390\">\n.flex_cell.av-4cgqth-c1463cdc42f3a84d07282416e31a6390{\nvertical-align:top;\n}\n.responsive #top #wrap_all .flex_cell.av-4cgqth-c1463cdc42f3a84d07282416e31a6390{\npadding:30px 30px 30px 30px !important;\n}\n<\/style>\n<div class='flex_cell av-4cgqth-c1463cdc42f3a84d07282416e31a6390 av-gridrow-cell av_one_fifth no_margin  avia-builder-el-15  el_after_av_cell_one_fifth  avia-builder-el-last ' ><div class='flex_cell_inner'>\n<style type=\"text\/css\" data-created_by=\"avia_inline_auto\" id=\"style-css-av-2mnisl-6558c42385e8a95bf3a49eb4b9898d70\">\n.avia-image-container.av-2mnisl-6558c42385e8a95bf3a49eb4b9898d70 img.avia_image{\nbox-shadow:none;\n}\n.avia-image-container.av-2mnisl-6558c42385e8a95bf3a49eb4b9898d70 .av-image-caption-overlay-center{\ncolor:#ffffff;\n}\n<\/style>\n<div  class='avia-image-container av-2mnisl-6558c42385e8a95bf3a49eb4b9898d70 av-styling- avia-align-center  avia-builder-el-16  avia-builder-el-no-sibling '   itemprop=\"image\" itemscope=\"itemscope\" itemtype=\"https:\/\/schema.org\/ImageObject\" ><div class=\"avia-image-container-inner\"><div class=\"avia-image-overlay-wrap\"><a href=\"https:\/\/aulaabierta.arasaac.org\/pt-pt\/materiais-pesquisa-por-filtros\" class='avia_image' ><img decoding=\"async\" class='wp-image-23496 avia-img-lazy-loading-not-23496 avia_image ' src=\"https:\/\/aulaabierta.arasaac.org\/wp-content\/uploads\/2016\/12\/next-80x80.png\" alt='' title='next'  height=\"80\" width=\"80\"  itemprop=\"thumbnailUrl\" srcset=\"https:\/\/aulaabierta.arasaac.org\/wp-content\/uploads\/2016\/12\/next-80x80.png 80w, https:\/\/aulaabierta.arasaac.org\/wp-content\/uploads\/2016\/12\/next-36x36.png 36w, https:\/\/aulaabierta.arasaac.org\/wp-content\/uploads\/2016\/12\/next-120x120.png 120w, https:\/\/aulaabierta.arasaac.org\/wp-content\/uploads\/2016\/12\/next.png 128w\" sizes=\"(max-width: 80px) 100vw, 80px\" \/><\/a><\/div><\/div><\/div>\n<\/div><\/div>\n<\/div>\n","protected":false},"excerpt":{"rendered":"","protected":false},"author":5,"featured_media":63872,"parent":0,"menu_order":0,"comment_status":"closed","ping_status":"closed","template":"","meta":{"om_disable_all_campaigns":false,"_monsterinsights_skip_tracking":false,"_monsterinsights_sitenote_active":false,"_monsterinsights_sitenote_note":"","_monsterinsights_sitenote_category":0,"_uf_show_specific_survey":0,"_uf_disable_surveys":false,"footnotes":""},"class_list":["post-66942","page","type-page","status-publish","has-post-thumbnail","hentry"],"aioseo_notices":[],"_links":{"self":[{"href":"https:\/\/aulaabierta.arasaac.org\/pt-pt\/wp-json\/wp\/v2\/pages\/66942","targetHints":{"allow":["GET"]}}],"collection":[{"href":"https:\/\/aulaabierta.arasaac.org\/pt-pt\/wp-json\/wp\/v2\/pages"}],"about":[{"href":"https:\/\/aulaabierta.arasaac.org\/pt-pt\/wp-json\/wp\/v2\/types\/page"}],"author":[{"embeddable":true,"href":"https:\/\/aulaabierta.arasaac.org\/pt-pt\/wp-json\/wp\/v2\/users\/5"}],"replies":[{"embeddable":true,"href":"https:\/\/aulaabierta.arasaac.org\/pt-pt\/wp-json\/wp\/v2\/comments?post=66942"}],"version-history":[{"count":15,"href":"https:\/\/aulaabierta.arasaac.org\/pt-pt\/wp-json\/wp\/v2\/pages\/66942\/revisions"}],"predecessor-version":[{"id":70632,"href":"https:\/\/aulaabierta.arasaac.org\/pt-pt\/wp-json\/wp\/v2\/pages\/66942\/revisions\/70632"}],"wp:featuredmedia":[{"embeddable":true,"href":"https:\/\/aulaabierta.arasaac.org\/pt-pt\/wp-json\/wp\/v2\/media\/63872"}],"wp:attachment":[{"href":"https:\/\/aulaabierta.arasaac.org\/pt-pt\/wp-json\/wp\/v2\/media?parent=66942"}],"curies":[{"name":"wp","href":"https:\/\/api.w.org\/{rel}","templated":true}]}}