{"id":67161,"date":"2021-04-13T16:26:33","date_gmt":"2021-04-13T15:26:33","guid":{"rendered":"https:\/\/aulaabierta.arasaac.org\/personalizacion-tachado-arasaac"},"modified":"2023-02-09T11:13:53","modified_gmt":"2023-02-09T10:13:53","slug":"personalizacao-rasurado-arasaac","status":"publish","type":"page","link":"https:\/\/aulaabierta.arasaac.org\/pt-pt\/personalizacao-rasurado-arasaac","title":{"rendered":"Tutorial 8 &#8211; Website ARASAAC &#8211; Personaliza\u00e7\u00e3o &#8211; Rasurado"},"content":{"rendered":"<div id='av-layout-grid-1'  class='av-layout-grid-container av-pnep5h-f1b0ad97bd538c9ff01ca12a9c658404 entry-content-wrapper alternate_color av-border-cells av-flex-cells  avia-builder-el-0  el_before_av_textblock  avia-builder-el-first   container_wrap fullsize'  >\n\n<style type=\"text\/css\" data-created_by=\"avia_inline_auto\" id=\"style-css-av-orii9x-eed3c4e3301b190a8cb0365ef52132c5\">\n.flex_cell.av-orii9x-eed3c4e3301b190a8cb0365ef52132c5{\nvertical-align:top;\n}\n.responsive #top #wrap_all .flex_cell.av-orii9x-eed3c4e3301b190a8cb0365ef52132c5{\npadding:30px 30px 30px 30px !important;\n}\n<\/style>\n<div class='flex_cell av-orii9x-eed3c4e3301b190a8cb0365ef52132c5 av-gridrow-cell av_one_fifth no_margin  avia-builder-el-1  el_before_av_cell_four_fifth  avia-builder-el-first ' ><div class='flex_cell_inner'>\n<style type=\"text\/css\" data-created_by=\"avia_inline_auto\" id=\"style-css-av-28ajol-7909013c06fa872e6094c50a1c6ffde6\">\n.avia-image-container.av-28ajol-7909013c06fa872e6094c50a1c6ffde6 img.avia_image{\nbox-shadow:none;\n}\n.avia-image-container.av-28ajol-7909013c06fa872e6094c50a1c6ffde6 .av-caption-image-overlay-bg{\nopacity:0.4;\nbackground-color:#000000;\n}\n.avia-image-container.av-28ajol-7909013c06fa872e6094c50a1c6ffde6 .av-image-caption-overlay-center{\ncolor:#ffffff;\n}\n<\/style>\n<div  class='avia-image-container av-28ajol-7909013c06fa872e6094c50a1c6ffde6 av-styling- avia-align-left  avia-builder-el-2  avia-builder-el-no-sibling  noHover av-overlay-on-hover'   itemprop=\"image\" itemscope=\"itemscope\" itemtype=\"https:\/\/schema.org\/ImageObject\" ><div class=\"avia-image-container-inner\"><div class=\"avia-image-overlay-wrap\"><a href=\"https:\/\/aulaabierta.arasaac.org\/pt-pt\/tutorial-pagina-website-arasaac\" class='avia_image' ><div class=\"av-image-caption-overlay\"><div class=\"av-caption-image-overlay-bg\"><\/div><div class=\"av-image-caption-overlay-position\"><div class=\"av-image-caption-overlay-center\"><p>De volta ao topo<\/p>\n<\/div><\/div><\/div><img decoding=\"async\" class='wp-image-63920 avia-img-lazy-loading-not-63920 avia_image ' src=\"https:\/\/aulaabierta.arasaac.org\/wp-content\/uploads\/2021\/04\/web_nueva.png\" alt='' title='web_nueva'  height=\"500\" width=\"500\"  itemprop=\"thumbnailUrl\" srcset=\"https:\/\/aulaabierta.arasaac.org\/wp-content\/uploads\/2021\/04\/web_nueva.png 500w, https:\/\/aulaabierta.arasaac.org\/wp-content\/uploads\/2021\/04\/web_nueva-300x300.png 300w, https:\/\/aulaabierta.arasaac.org\/wp-content\/uploads\/2021\/04\/web_nueva-80x80.png 80w, https:\/\/aulaabierta.arasaac.org\/wp-content\/uploads\/2021\/04\/web_nueva-36x36.png 36w, https:\/\/aulaabierta.arasaac.org\/wp-content\/uploads\/2021\/04\/web_nueva-180x180.png 180w, https:\/\/aulaabierta.arasaac.org\/wp-content\/uploads\/2021\/04\/web_nueva-120x120.png 120w, https:\/\/aulaabierta.arasaac.org\/wp-content\/uploads\/2021\/04\/web_nueva-450x450.png 450w, https:\/\/aulaabierta.arasaac.org\/wp-content\/uploads\/2021\/04\/web_nueva-150x150.png 150w\" sizes=\"(max-width: 500px) 100vw, 500px\" \/><\/a><\/div><\/div><\/div>\n<\/div><\/div>\n<style type=\"text\/css\" data-created_by=\"avia_inline_auto\" id=\"style-css-av-kln9vp-91025341852359c5ee6404f950fd4750\">\n.flex_cell.av-kln9vp-91025341852359c5ee6404f950fd4750{\nvertical-align:middle;\n}\n.responsive #top #wrap_all .flex_cell.av-kln9vp-91025341852359c5ee6404f950fd4750{\npadding:30px 30px 30px 30px !important;\n}\n<\/style>\n<div class='flex_cell av-kln9vp-91025341852359c5ee6404f950fd4750 av-gridrow-cell av_four_fifth no_margin  avia-builder-el-3  el_after_av_cell_one_fifth  avia-builder-el-last ' ><div class='flex_cell_inner'>\n<style type=\"text\/css\" data-created_by=\"avia_inline_auto\" id=\"style-css-av-odtz33-022bb6a5658ef1d4681df15b06a80984\">\n#top .av-special-heading.av-odtz33-022bb6a5658ef1d4681df15b06a80984{\npadding-bottom:0;\n}\nbody .av-special-heading.av-odtz33-022bb6a5658ef1d4681df15b06a80984 .av-special-heading-tag .heading-char{\nfont-size:25px;\n}\n#top #wrap_all .av-special-heading.av-odtz33-022bb6a5658ef1d4681df15b06a80984 .av-special-heading-tag{\nfont-size:26px;\n}\n.av-special-heading.av-odtz33-022bb6a5658ef1d4681df15b06a80984 .av-subheading{\nfont-size:15px;\n}\n<\/style>\n<div  class='av-special-heading av-odtz33-022bb6a5658ef1d4681df15b06a80984 av-special-heading-h2  avia-builder-el-4  avia-builder-el-no-sibling '><h2 class='av-special-heading-tag'  itemprop=\"headline\"  >TUTORIAL 8 &#8211; Website ARASAAC &#8211; Personaliza\u00e7\u00e3o &#8211; Rasurado<\/h2><div class=\"special-heading-border\"><div class=\"special-heading-inner-border\"><\/div><\/div><\/div>\n<\/div><\/div>\n<\/div><div id='after_grid_row_1'  class='main_color av_default_container_wrap container_wrap fullsize'  ><div class='container av-section-cont-open' ><div class='template-page content  av-content-full alpha units'><div class='post-entry post-entry-type-page post-entry-67161'><div class='entry-content-wrapper clearfix'>\n\n<style type=\"text\/css\" data-created_by=\"avia_inline_auto\" id=\"style-css-av-hrgnbp-4e9478d5f32e3b6706e12bd22f8ff4b5\">\n#top .av_textblock_section.av-hrgnbp-4e9478d5f32e3b6706e12bd22f8ff4b5 .avia_textblock{\nfont-size:16px;\n}\n<\/style>\n<section  class='av_textblock_section av-hrgnbp-4e9478d5f32e3b6706e12bd22f8ff4b5'  itemscope=\"itemscope\" itemtype=\"https:\/\/schema.org\/CreativeWork\" ><div class='avia_textblock'  itemprop=\"text\" ><h6 style=\"text-align: center;\"><img loading=\"lazy\" decoding=\"async\" class=\"aligncenter size-full wp-image-932\" src=\"https:\/\/aulaabierta.arasaac.org\/wp-content\/uploads\/2016\/12\/by-nc-sa.eu_petit.png\" alt=\"\" width=\"118\" height=\"41\">Este trabalho \u00e9 licenciado sob uma <a href=\"http:\/\/creativecommons.org\/licenses\/by-nc-sa\/4.0\/\" rel=\"license\">licen\u00e7a internacional Creative Commons Attribution-NonCoercial-ShareAlike 4.0 International.<\/a><\/h6>\n<hr>\n<p>Em algumas ocasi\u00f5es, \u00e9 interessante notar que uma a\u00e7\u00e3o n\u00e3o \u00e9 adequada ou que j\u00e1 preenchemos uma atividade da nossa agenda di\u00e1ria. No ecr\u00e3 de <strong>personaliza\u00e7\u00e3o<\/strong> dos pictogramas <a href=\"https:\/\/arasaac.org\/\" target=\"_blank\" rel=\"noopener\"><strong>ARASAAC,<\/strong><\/a>podemos usar a op\u00e7\u00e3o <strong>Rasurado.<\/strong> Como pode ver, a greve vermelha \u00e9 transparente para permitir que o pictograma seja exibido na sua totalidade.<\/p>\n<p><img loading=\"lazy\" decoding=\"async\" class=\"size-large wp-image-22073 aligncenter\" src=\"https:\/\/aulaabierta.arasaac.org\/wp-content\/uploads\/2021\/04\/Tachado_pictogramas_ARASAAC_1-1030x468.jpg\" alt=\"\" width=\"1030\" height=\"468\" srcset=\"https:\/\/aulaabierta.arasaac.org\/wp-content\/uploads\/2021\/04\/Tachado_pictogramas_ARASAAC_1-1030x468.jpg 1030w, https:\/\/aulaabierta.arasaac.org\/wp-content\/uploads\/2021\/04\/Tachado_pictogramas_ARASAAC_1-300x136.jpg 300w, https:\/\/aulaabierta.arasaac.org\/wp-content\/uploads\/2021\/04\/Tachado_pictogramas_ARASAAC_1-768x349.jpg 768w, https:\/\/aulaabierta.arasaac.org\/wp-content\/uploads\/2021\/04\/Tachado_pictogramas_ARASAAC_1-1536x698.jpg 1536w, https:\/\/aulaabierta.arasaac.org\/wp-content\/uploads\/2021\/04\/Tachado_pictogramas_ARASAAC_1-1500x682.jpg 1500w, https:\/\/aulaabierta.arasaac.org\/wp-content\/uploads\/2021\/04\/Tachado_pictogramas_ARASAAC_1-705x320.jpg 705w, https:\/\/aulaabierta.arasaac.org\/wp-content\/uploads\/2021\/04\/Tachado_pictogramas_ARASAAC_1-450x204.jpg 450w, https:\/\/aulaabierta.arasaac.org\/wp-content\/uploads\/2021\/04\/Tachado_pictogramas_ARASAAC_1.jpg 1580w\" sizes=\"auto, (max-width: 1030px) 100vw, 1030px\" \/><\/p>\n<p>Na imagem a seguir, voc\u00ea tem um exemplo de um conselho de comportamentos apropriados &#8211; inapropriados em que n\u00f3s riscamos comportamentos disruptivos e enfatizamos comportamentos alternativos para evit\u00e1-los.<\/p>\n<p><img loading=\"lazy\" decoding=\"async\" class=\" wp-image-22075 aligncenter\" src=\"https:\/\/aulaabierta.arasaac.org\/wp-content\/uploads\/2021\/04\/Tachado_pictogramas_ARASAAC_2-1030x657.jpg\" alt=\"\" width=\"669\" height=\"427\" srcset=\"https:\/\/aulaabierta.arasaac.org\/wp-content\/uploads\/2021\/04\/Tachado_pictogramas_ARASAAC_2-1030x657.jpg 1030w, https:\/\/aulaabierta.arasaac.org\/wp-content\/uploads\/2021\/04\/Tachado_pictogramas_ARASAAC_2-300x191.jpg 300w, https:\/\/aulaabierta.arasaac.org\/wp-content\/uploads\/2021\/04\/Tachado_pictogramas_ARASAAC_2-768x490.jpg 768w, https:\/\/aulaabierta.arasaac.org\/wp-content\/uploads\/2021\/04\/Tachado_pictogramas_ARASAAC_2-705x450.jpg 705w, https:\/\/aulaabierta.arasaac.org\/wp-content\/uploads\/2021\/04\/Tachado_pictogramas_ARASAAC_2-450x287.jpg 450w, https:\/\/aulaabierta.arasaac.org\/wp-content\/uploads\/2021\/04\/Tachado_pictogramas_ARASAAC_2.jpg 1186w\" sizes=\"auto, (max-width: 669px) 100vw, 669px\" \/><\/p>\n<p>A greve pode tamb\u00e9m ser muito \u00fatil para a nossa agenda di\u00e1ria, na qual antecipamos as atividades que vamos realizar e, uma vez terminadas cada uma delas, riscamo-la. Deixamos-lhe um exemplo na imagem a seguir.<\/p>\n<p><img loading=\"lazy\" decoding=\"async\" class=\"size-large wp-image-22081 aligncenter\" src=\"https:\/\/aulaabierta.arasaac.org\/wp-content\/uploads\/2021\/04\/Tachado_pictogramas_ARASAAC_3-1030x583.jpg\" alt=\"\" width=\"1030\" height=\"583\" srcset=\"https:\/\/aulaabierta.arasaac.org\/wp-content\/uploads\/2021\/04\/Tachado_pictogramas_ARASAAC_3-1030x583.jpg 1030w, https:\/\/aulaabierta.arasaac.org\/wp-content\/uploads\/2021\/04\/Tachado_pictogramas_ARASAAC_3-300x170.jpg 300w, https:\/\/aulaabierta.arasaac.org\/wp-content\/uploads\/2021\/04\/Tachado_pictogramas_ARASAAC_3-768x435.jpg 768w, https:\/\/aulaabierta.arasaac.org\/wp-content\/uploads\/2021\/04\/Tachado_pictogramas_ARASAAC_3-705x399.jpg 705w, https:\/\/aulaabierta.arasaac.org\/wp-content\/uploads\/2021\/04\/Tachado_pictogramas_ARASAAC_3-450x255.jpg 450w, https:\/\/aulaabierta.arasaac.org\/wp-content\/uploads\/2021\/04\/Tachado_pictogramas_ARASAAC_3.jpg 1497w\" sizes=\"auto, (max-width: 1030px) 100vw, 1030px\" \/><\/p>\n<\/div><\/section>\n\n<style type=\"text\/css\" data-created_by=\"avia_inline_auto\" id=\"style-css-av-knoei43c-c092b46704de0611934dcd3867afd007\">\n#top .av-special-heading.av-knoei43c-c092b46704de0611934dcd3867afd007{\npadding-bottom:10px;\n}\nbody .av-special-heading.av-knoei43c-c092b46704de0611934dcd3867afd007 .av-special-heading-tag .heading-char{\nfont-size:25px;\n}\n.av-special-heading.av-knoei43c-c092b46704de0611934dcd3867afd007 .av-subheading{\nfont-size:15px;\n}\n<\/style>\n<div  class='av-special-heading av-knoei43c-c092b46704de0611934dcd3867afd007 av-special-heading-h3  avia-builder-el-6  el_after_av_textblock  el_before_av_video '><h3 class='av-special-heading-tag'  itemprop=\"headline\"  >Tutorial de v\u00eddeo<\/h3><div class=\"special-heading-border\"><div class=\"special-heading-inner-border\"><\/div><\/div><\/div>\n<div  class='avia-video av-knoehzbm-77da36958fcca7c0bc6154365c0ec2a2 avia-video-16-9 av-no-preview-image avia-video-load-always av-lazyload-immediate av-lazyload-video-embed'  itemprop=\"video\" itemtype=\"https:\/\/schema.org\/VideoObject\"  data-original_url='https:\/\/youtu.be\/MlBDz3tFD9o'><script type='text\/html' class='av-video-tmpl'><div class='avia-iframe-wrap'><iframe loading=\"lazy\" title=\"TUTORIAL 8 \u2013 P\u00c1GINA WEB DE ARASAAC \u2013 PICTOGRAMAS PERSONALIZADOS - TACHADO\" width=\"1500\" height=\"844\" src=\"https:\/\/www.youtube.com\/embed\/MlBDz3tFD9o?feature=oembed&autoplay=0&loop=0&controls=1&mute=0\" frameborder=\"0\" allow=\"accelerometer; autoplay; clipboard-write; encrypted-media; gyroscope; picture-in-picture\" allowfullscreen><\/iframe><\/div><\/script><div class='av-click-to-play-overlay'><div class=\"avia_playpause_icon\"><\/div><\/div><\/div>\n<\/div><\/div><\/div><!-- close content main div --><\/div><\/div><div id='av-layout-grid-2'  class='av-layout-grid-container av-f3tczp-cce5fbd2a42be631b2cf32320cacc69e entry-content-wrapper main_color av-border-top-bottom av-flex-cells  avia-builder-el-8  el_after_av_video  avia-builder-el-last  grid-row-not-first  container_wrap fullsize'  >\n\n<style type=\"text\/css\" data-created_by=\"avia_inline_auto\" id=\"style-css-av-dpel79-93c18472cef4c359aeea4e5f2938c84d\">\n.flex_cell.av-dpel79-93c18472cef4c359aeea4e5f2938c84d{\nvertical-align:top;\n}\n.responsive #top #wrap_all .flex_cell.av-dpel79-93c18472cef4c359aeea4e5f2938c84d{\npadding:30px 30px 30px 30px !important;\n}\n<\/style>\n<div class='flex_cell av-dpel79-93c18472cef4c359aeea4e5f2938c84d av-gridrow-cell av_one_fifth no_margin  avia-builder-el-9  el_before_av_cell_one_fifth  avia-builder-el-first ' ><div class='flex_cell_inner'>\n<style type=\"text\/css\" data-created_by=\"avia_inline_auto\" id=\"style-css-av-c9hl91-2b22461944a88f53b2e41eb804c47fd5\">\n.avia-image-container.av-c9hl91-2b22461944a88f53b2e41eb804c47fd5 img.avia_image{\nbox-shadow:none;\n}\n.avia-image-container.av-c9hl91-2b22461944a88f53b2e41eb804c47fd5 .av-image-caption-overlay-center{\ncolor:#ffffff;\n}\n<\/style>\n<div  class='avia-image-container av-c9hl91-2b22461944a88f53b2e41eb804c47fd5 av-styling- avia-align-center  avia-builder-el-10  avia-builder-el-no-sibling '   itemprop=\"image\" itemscope=\"itemscope\" itemtype=\"https:\/\/schema.org\/ImageObject\" ><div class=\"avia-image-container-inner\"><div class=\"avia-image-overlay-wrap\"><a href=\"https:\/\/aulaabierta.arasaac.org\/pt-pt\/personalizacao-fundo-cor-e-add-frame-arasaac\" class='avia_image' ><img decoding=\"async\" class='wp-image-23493 avia-img-lazy-loading-not-23493 avia_image ' src=\"https:\/\/aulaabierta.arasaac.org\/wp-content\/uploads\/2016\/12\/before-80x80.png\" alt='' title='before'  height=\"80\" width=\"80\"  itemprop=\"thumbnailUrl\" srcset=\"https:\/\/aulaabierta.arasaac.org\/wp-content\/uploads\/2016\/12\/before-80x80.png 80w, https:\/\/aulaabierta.arasaac.org\/wp-content\/uploads\/2016\/12\/before-36x36.png 36w, https:\/\/aulaabierta.arasaac.org\/wp-content\/uploads\/2016\/12\/before-120x120.png 120w, https:\/\/aulaabierta.arasaac.org\/wp-content\/uploads\/2016\/12\/before.png 128w\" sizes=\"(max-width: 80px) 100vw, 80px\" \/><\/a><\/div><\/div><\/div>\n<\/div><\/div>\n<style type=\"text\/css\" data-created_by=\"avia_inline_auto\" id=\"style-css-av-ayvzqd-e087ef96d058efac08b9c959fa86365c\">\n.flex_cell.av-ayvzqd-e087ef96d058efac08b9c959fa86365c{\nvertical-align:top;\n}\n.responsive #top #wrap_all .flex_cell.av-ayvzqd-e087ef96d058efac08b9c959fa86365c{\npadding:30px 30px 30px 30px !important;\n}\n<\/style>\n<div class='flex_cell av-ayvzqd-e087ef96d058efac08b9c959fa86365c av-gridrow-cell av_one_fifth no_margin  avia-builder-el-11  el_after_av_cell_one_fifth  el_before_av_cell_one_fifth ' ><div class='flex_cell_inner'><\/div><\/div>\n<style type=\"text\/css\" data-created_by=\"avia_inline_auto\" id=\"style-css-av-9harkl-31d5fc777aae7445fb43c389af7650f1\">\n.flex_cell.av-9harkl-31d5fc777aae7445fb43c389af7650f1{\nvertical-align:top;\n}\n.responsive #top #wrap_all .flex_cell.av-9harkl-31d5fc777aae7445fb43c389af7650f1{\npadding:30px 30px 30px 30px !important;\n}\n<\/style>\n<div class='flex_cell av-9harkl-31d5fc777aae7445fb43c389af7650f1 av-gridrow-cell av_one_fifth no_margin  avia-builder-el-12  el_after_av_cell_one_fifth  el_before_av_cell_one_fifth ' ><div class='flex_cell_inner'>\n<style type=\"text\/css\" data-created_by=\"avia_inline_auto\" id=\"style-css-av-7yr8ud-07fb5f286a3d4e48a9def86c90b6660e\">\n.avia-image-container.av-7yr8ud-07fb5f286a3d4e48a9def86c90b6660e img.avia_image{\nbox-shadow:none;\n}\n.avia-image-container.av-7yr8ud-07fb5f286a3d4e48a9def86c90b6660e .av-image-caption-overlay-center{\ncolor:#ffffff;\n}\n<\/style>\n<div  class='avia-image-container av-7yr8ud-07fb5f286a3d4e48a9def86c90b6660e av-styling- avia-align-center  avia-builder-el-13  avia-builder-el-no-sibling '   itemprop=\"image\" itemscope=\"itemscope\" itemtype=\"https:\/\/schema.org\/ImageObject\" ><div class=\"avia-image-container-inner\"><div class=\"avia-image-overlay-wrap\"><a href=\"https:\/\/aulaabierta.arasaac.org\/pt-pt\/tutorial-pagina-website-arasaac\" class='avia_image' ><img decoding=\"async\" class='wp-image-23499 avia-img-lazy-loading-not-23499 avia_image ' src=\"https:\/\/aulaabierta.arasaac.org\/wp-content\/uploads\/2016\/12\/casa-80x80.png\" alt='' title='In\u00edcio'  height=\"80\" width=\"80\"  itemprop=\"thumbnailUrl\" srcset=\"https:\/\/aulaabierta.arasaac.org\/wp-content\/uploads\/2016\/12\/casa-80x80.png 80w, https:\/\/aulaabierta.arasaac.org\/wp-content\/uploads\/2016\/12\/casa-300x300.png 300w, https:\/\/aulaabierta.arasaac.org\/wp-content\/uploads\/2016\/12\/casa-36x36.png 36w, https:\/\/aulaabierta.arasaac.org\/wp-content\/uploads\/2016\/12\/casa-180x180.png 180w, https:\/\/aulaabierta.arasaac.org\/wp-content\/uploads\/2016\/12\/casa-120x120.png 120w, https:\/\/aulaabierta.arasaac.org\/wp-content\/uploads\/2016\/12\/casa-450x450.png 450w, https:\/\/aulaabierta.arasaac.org\/wp-content\/uploads\/2016\/12\/casa.png 500w\" sizes=\"(max-width: 80px) 100vw, 80px\" \/><\/a><\/div><\/div><\/div>\n<\/div><\/div>\n<style type=\"text\/css\" data-created_by=\"avia_inline_auto\" id=\"style-css-av-57sko5-47a26aaf10d28cd8fc05910c37cd3e22\">\n.flex_cell.av-57sko5-47a26aaf10d28cd8fc05910c37cd3e22{\nvertical-align:top;\n}\n.responsive #top #wrap_all .flex_cell.av-57sko5-47a26aaf10d28cd8fc05910c37cd3e22{\npadding:30px 30px 30px 30px !important;\n}\n<\/style>\n<div class='flex_cell av-57sko5-47a26aaf10d28cd8fc05910c37cd3e22 av-gridrow-cell av_one_fifth no_margin  avia-builder-el-14  el_after_av_cell_one_fifth  el_before_av_cell_one_fifth ' ><div class='flex_cell_inner'><\/div><\/div>\n<style type=\"text\/css\" data-created_by=\"avia_inline_auto\" id=\"style-css-av-4cgqth-c1463cdc42f3a84d07282416e31a6390\">\n.flex_cell.av-4cgqth-c1463cdc42f3a84d07282416e31a6390{\nvertical-align:top;\n}\n.responsive #top #wrap_all .flex_cell.av-4cgqth-c1463cdc42f3a84d07282416e31a6390{\npadding:30px 30px 30px 30px !important;\n}\n<\/style>\n<div class='flex_cell av-4cgqth-c1463cdc42f3a84d07282416e31a6390 av-gridrow-cell av_one_fifth no_margin  avia-builder-el-15  el_after_av_cell_one_fifth  avia-builder-el-last ' ><div class='flex_cell_inner'>\n<style type=\"text\/css\" data-created_by=\"avia_inline_auto\" id=\"style-css-av-2mnisl-ebd636c4af9e80b26dc0e2462f230ef4\">\n.avia-image-container.av-2mnisl-ebd636c4af9e80b26dc0e2462f230ef4 img.avia_image{\nbox-shadow:none;\n}\n.avia-image-container.av-2mnisl-ebd636c4af9e80b26dc0e2462f230ef4 .av-image-caption-overlay-center{\ncolor:#ffffff;\n}\n<\/style>\n<div  class='avia-image-container av-2mnisl-ebd636c4af9e80b26dc0e2462f230ef4 av-styling- avia-align-center  avia-builder-el-16  avia-builder-el-no-sibling '   itemprop=\"image\" itemscope=\"itemscope\" itemtype=\"https:\/\/schema.org\/ImageObject\" ><div class=\"avia-image-container-inner\"><div class=\"avia-image-overlay-wrap\"><a href=\"https:\/\/aulaabierta.arasaac.org\/pt-pt\/personalizacao-traits-fisico-arasaac\" class='avia_image' ><img decoding=\"async\" class='wp-image-23496 avia-img-lazy-loading-not-23496 avia_image ' src=\"https:\/\/aulaabierta.arasaac.org\/wp-content\/uploads\/2016\/12\/next-80x80.png\" alt='' title='next'  height=\"80\" width=\"80\"  itemprop=\"thumbnailUrl\" srcset=\"https:\/\/aulaabierta.arasaac.org\/wp-content\/uploads\/2016\/12\/next-80x80.png 80w, https:\/\/aulaabierta.arasaac.org\/wp-content\/uploads\/2016\/12\/next-36x36.png 36w, https:\/\/aulaabierta.arasaac.org\/wp-content\/uploads\/2016\/12\/next-120x120.png 120w, https:\/\/aulaabierta.arasaac.org\/wp-content\/uploads\/2016\/12\/next.png 128w\" sizes=\"(max-width: 80px) 100vw, 80px\" \/><\/a><\/div><\/div><\/div>\n<\/div><\/div>\n<\/div>\n","protected":false},"excerpt":{"rendered":"","protected":false},"author":5,"featured_media":63872,"parent":0,"menu_order":0,"comment_status":"closed","ping_status":"closed","template":"","meta":{"om_disable_all_campaigns":false,"_monsterinsights_skip_tracking":false,"_monsterinsights_sitenote_active":false,"_monsterinsights_sitenote_note":"","_monsterinsights_sitenote_category":0,"_uf_show_specific_survey":0,"_uf_disable_surveys":false,"footnotes":""},"class_list":["post-67161","page","type-page","status-publish","has-post-thumbnail","hentry"],"aioseo_notices":[],"_links":{"self":[{"href":"https:\/\/aulaabierta.arasaac.org\/pt-pt\/wp-json\/wp\/v2\/pages\/67161","targetHints":{"allow":["GET"]}}],"collection":[{"href":"https:\/\/aulaabierta.arasaac.org\/pt-pt\/wp-json\/wp\/v2\/pages"}],"about":[{"href":"https:\/\/aulaabierta.arasaac.org\/pt-pt\/wp-json\/wp\/v2\/types\/page"}],"author":[{"embeddable":true,"href":"https:\/\/aulaabierta.arasaac.org\/pt-pt\/wp-json\/wp\/v2\/users\/5"}],"replies":[{"embeddable":true,"href":"https:\/\/aulaabierta.arasaac.org\/pt-pt\/wp-json\/wp\/v2\/comments?post=67161"}],"version-history":[{"count":15,"href":"https:\/\/aulaabierta.arasaac.org\/pt-pt\/wp-json\/wp\/v2\/pages\/67161\/revisions"}],"predecessor-version":[{"id":70628,"href":"https:\/\/aulaabierta.arasaac.org\/pt-pt\/wp-json\/wp\/v2\/pages\/67161\/revisions\/70628"}],"wp:featuredmedia":[{"embeddable":true,"href":"https:\/\/aulaabierta.arasaac.org\/pt-pt\/wp-json\/wp\/v2\/media\/63872"}],"wp:attachment":[{"href":"https:\/\/aulaabierta.arasaac.org\/pt-pt\/wp-json\/wp\/v2\/media?parent=67161"}],"curies":[{"name":"wp","href":"https:\/\/api.w.org\/{rel}","templated":true}]}}