{"id":68507,"date":"2020-04-20T19:53:59","date_gmt":"2020-04-20T18:53:59","guid":{"rendered":"https:\/\/aulaabierta.arasaac.org\/ejemplos_uso_ocio"},"modified":"2023-02-09T11:15:35","modified_gmt":"2023-02-09T10:15:35","slug":"exemplo_utilizacao_lazer","status":"publish","type":"page","link":"https:\/\/aulaabierta.arasaac.org\/pt-pt\/exemplo_utilizacao_lazer","title":{"rendered":"Exemplo de Uso &#8211; Lazer"},"content":{"rendered":"<div id='av-layout-grid-1'  class='av-layout-grid-container av-1p18m1p-d2a8024fc07447151850241989d05345 entry-content-wrapper main_color av-border-cells av-flex-cells  avia-builder-el-0  el_before_av_heading  avia-builder-el-first   container_wrap fullsize'  >\n<div class='flex_cell av-14aglz1-40681e61157ccf9ebadea380d797e5bf av-gridrow-cell av_one_fifth no_margin  avia-builder-el-1  el_before_av_cell_four_fifth  avia-builder-el-first ' ><div class='flex_cell_inner'>\n<style type=\"text\/css\" data-created_by=\"avia_inline_auto\" id=\"style-css-av-k98qhs7a-037b62de3fcc16d7b79149915a6efadb\">\n.av_font_icon.av-k98qhs7a-037b62de3fcc16d7b79149915a6efadb{\ncolor:#83a846;\nborder-color:#83a846;\n}\n.av_font_icon.av-k98qhs7a-037b62de3fcc16d7b79149915a6efadb .av-icon-char{\nfont-size:100px;\nline-height:100px;\n}\n<\/style>\n<span  class='av_font_icon av-k98qhs7a-037b62de3fcc16d7b79149915a6efadb avia_animate_when_visible av-icon-style- avia-icon-pos-center avia-icon-animate'><a href='https:\/\/aulaabierta.arasaac.org\/pt-pt\/exemplos-de-uso-caa'  class='av-icon-char' aria-hidden='true' data-av_icon='\ue870' data-av_iconfont='entypo-fontello' ><\/a><\/span>\n<\/div><\/div>\n<style type=\"text\/css\" data-created_by=\"avia_inline_auto\" id=\"style-css-av-1jfcit9-54b425557e0514afd8d5ab8e138c4db3\">\n.flex_cell.av-1jfcit9-54b425557e0514afd8d5ab8e138c4db3{\nvertical-align:top;\n}\n.responsive #top #wrap_all .flex_cell.av-1jfcit9-54b425557e0514afd8d5ab8e138c4db3{\npadding:30px 30px 30px 30px !important;\n}\n<\/style>\n<div class='flex_cell av-1jfcit9-54b425557e0514afd8d5ab8e138c4db3 av-gridrow-cell av_four_fifth no_margin  avia-builder-el-3  el_after_av_cell_one_fifth  avia-builder-el-last ' ><div class='flex_cell_inner'><p><section  class='av_textblock_section av-k98qnvx7-ec267ede00f098f0343d15461fa42231'  itemscope=\"itemscope\" itemtype=\"https:\/\/schema.org\/CreativeWork\" ><div class='avia_textblock'  itemprop=\"text\" ><p><a name=\"arriba\"><\/a><\/p>\n<\/div><\/section><br \/>\n\n<style type=\"text\/css\" data-created_by=\"avia_inline_auto\" id=\"style-css-av-k98u7ee8-8ee5480e07728d94cd24d275533c3faa\">\n#top .av-special-heading.av-k98u7ee8-8ee5480e07728d94cd24d275533c3faa{\npadding-bottom:10px;\n}\nbody .av-special-heading.av-k98u7ee8-8ee5480e07728d94cd24d275533c3faa .av-special-heading-tag .heading-char{\nfont-size:25px;\n}\n.av-special-heading.av-k98u7ee8-8ee5480e07728d94cd24d275533c3faa .av-subheading{\nfont-size:15px;\n}\n<\/style>\n<div  class='av-special-heading av-k98u7ee8-8ee5480e07728d94cd24d275533c3faa av-special-heading-h1  avia-builder-el-5  el_after_av_textblock  avia-builder-el-last '><h1 class='av-special-heading-tag'  itemprop=\"headline\"  >Exemplos de Utiliza\u00e7\u00e3o &#8211; Lazer<\/h1><div class=\"special-heading-border\"><div class=\"special-heading-inner-border\"><\/div><\/div><\/div><\/p>\n<\/div><\/div>\n<\/div><div id='after_grid_row_1'  class='main_color av_default_container_wrap container_wrap fullsize'  ><div class='container av-section-cont-open' ><div class='template-page content  av-content-full alpha units'><div class='post-entry post-entry-type-page post-entry-68507'><div class='entry-content-wrapper clearfix'>\n\n<style type=\"text\/css\" data-created_by=\"avia_inline_auto\" id=\"style-css-av-sktfej-756d8fab3a9ac8fa329980a296014d7c\">\n#top .av-special-heading.av-sktfej-756d8fab3a9ac8fa329980a296014d7c{\npadding-bottom:10px;\n}\nbody .av-special-heading.av-sktfej-756d8fab3a9ac8fa329980a296014d7c .av-special-heading-tag .heading-char{\nfont-size:25px;\n}\n.av-special-heading.av-sktfej-756d8fab3a9ac8fa329980a296014d7c .av-subheading{\nfont-size:15px;\n}\n<\/style>\n<div  class='av-special-heading av-sktfej-756d8fab3a9ac8fa329980a296014d7c av-special-heading-h2  avia-builder-el-6  el_after_av_layout_row  el_before_av_masonry_entries  avia-builder-el-no-sibling '><h2 class='av-special-heading-tag'  itemprop=\"headline\"  >Cat\u00e1logo<\/h2><div class=\"special-heading-border\"><div class=\"special-heading-inner-border\"><\/div><\/div><\/div>\n<div id='av-masonry-1' class='av-masonry av-boj6z-56cf263b1d2213c3cd5f518aa88e2c53 noHover av-fixed-size av-large-gap av-hover-overlay-active av-masonry-animation-active av-masonry-col-3 av-caption-always av-caption-style- av-masonry-entries ' data-post_id=\"68507\"><div class=\"av-masonry-container isotope av-js-disabled\"><div class='av-masonry-entry isotope-item av-masonry-item-no-image all_sort aprendizagem-de-servico_sort  exemplos-de-uso_sort  lazer_sort  comercio-pt-pt_sort  passeios-turisticos_sort  cultura-pt-pt_sort  ambiente-publico_sort '><\/div><a href=\"https:\/\/aulaabierta.arasaac.org\/pt-pt\/archivos\/Items de portfolio\/aprendizagem-servico-coworkids-milagrosa\"  id='av-masonry-1-item-146135' data-av-masonry-item='146135' class='av-masonry-entry isotope-item post-146135 portfolio type-portfolio status-publish has-post-thumbnail hentry portfolio_entries-aprendizagem-de-servico portfolio_entries-exemplos-de-uso portfolio_entries-lazer all_sort aprendizagem-de-servico_sort  exemplos-de-uso_sort  lazer_sort  av-masonry-item-with-image av-grid-img' title=\"Coworkids Milagrosa Pictogramas ARASAAC 1\"   itemscope=\"itemscope\" itemtype=\"https:\/\/schema.org\/CreativeWork\" ><div class='av-inner-masonry-sizer'><\/div><figure class='av-inner-masonry main_color'><div class=\"av-masonry-outerimage-container\"><div class='av-masonry-image-container' style=\"background-image: url(https:\/\/aulaabierta.arasaac.org\/wp-content\/uploads\/2023\/03\/Coworkids-Milagrosa-Pictogramas-ARASAAC-1-705x695.png);\"  title=\"Coworkids Milagrosa Pictogramas ARASAAC 1\"  ><\/div><\/div><figcaption class='av-inner-masonry-content site-background'><div class='av-inner-masonry-content-pos'><div class='av-inner-masonry-content-pos-content'><div class='avia-arrow'><\/div><h3 class='av-masonry-entry-title entry-title '  itemprop=\"headline\" >PROJETO DE APRENDIZAGEM E ATENDIMENTO &#8220;AJUDANDO A GENTE&#8221; &#8211; COWORKIDS MILAGROSA.<\/h3><\/div><\/div><\/figcaption><\/figure><\/a><!--end av-masonry entry--><a href=\"https:\/\/aulaabierta.arasaac.org\/pt-pt\/archivos\/Items de portfolio\/sinalizacao-com-pictogramas-do-centro-de-compras-e-lazer-7-palmas-las-palmas-de-gran-canaria-las-palmas\"  id='av-masonry-1-item-92642' data-av-masonry-item='92642' class='av-masonry-entry isotope-item post-92642 portfolio type-portfolio status-publish has-post-thumbnail hentry portfolio_entries-comercio-pt-pt portfolio_entries-exemplos-de-uso portfolio_entries-lazer all_sort comercio-pt-pt_sort  exemplos-de-uso_sort  lazer_sort  av-masonry-item-with-image av-landscape-img' title=\"Centro_Comercial_Palmas_7_pictogramas_ARASAAC_2\"   itemscope=\"itemscope\" itemtype=\"https:\/\/schema.org\/CreativeWork\" ><div class='av-inner-masonry-sizer'><\/div><figure class='av-inner-masonry main_color'><div class=\"av-masonry-outerimage-container\"><div class='av-masonry-image-container' style=\"background-image: url(https:\/\/aulaabierta.arasaac.org\/wp-content\/uploads\/2022\/06\/Centro_Comercial_Palmas_7_pictogramas_ARASAAC_2-705x364.jpg);\"  title=\"Centro_Comercial_Palmas_7_pictogramas_ARASAAC_2\"  ><\/div><\/div><figcaption class='av-inner-masonry-content site-background'><div class='av-inner-masonry-content-pos'><div class='av-inner-masonry-content-pos-content'><div class='avia-arrow'><\/div><h3 class='av-masonry-entry-title entry-title '  itemprop=\"headline\" >SINALIZA\u00c7\u00c3O COM PICTOGRAMAS DO CENTRO COMERCIAL E DE LAZER 7 PALMAS &#8211; LAS PALMAS DE GRAN CANARIA<\/h3><\/div><\/div><\/figcaption><\/figure><\/a><!--end av-masonry entry--><a href=\"https:\/\/aulaabierta.arasaac.org\/pt-pt\/archivos\/Items de portfolio\/acessibilidade-cognitivo-zoo-koki\"  id='av-masonry-1-item-92428' data-av-masonry-item='92428' class='av-masonry-entry isotope-item post-92428 portfolio type-portfolio status-publish has-post-thumbnail hentry portfolio_entries-exemplos-de-uso portfolio_entries-lazer all_sort exemplos-de-uso_sort  lazer_sort  av-masonry-item-with-image av-landscape-img' title=\"Zoo_Koki_1\"   itemscope=\"itemscope\" itemtype=\"https:\/\/schema.org\/CreativeWork\" ><div class='av-inner-masonry-sizer'><\/div><figure class='av-inner-masonry main_color'><div class=\"av-masonry-outerimage-container\"><div class='av-masonry-image-container' style=\"background-image: url(https:\/\/aulaabierta.arasaac.org\/wp-content\/uploads\/2022\/06\/Zoo_Koki_1-705x397.jpg);\"  title=\"Zoo_Koki_1\"  ><\/div><\/div><figcaption class='av-inner-masonry-content site-background'><div class='av-inner-masonry-content-pos'><div class='av-inner-masonry-content-pos-content'><div class='avia-arrow'><\/div><h3 class='av-masonry-entry-title entry-title '  itemprop=\"headline\" >ACESSIBILIDADE COGNITIVA &#8211; ZOO KOKI<\/h3><\/div><\/div><\/figcaption><\/figure><\/a><!--end av-masonry entry--><a href=\"https:\/\/aulaabierta.arasaac.org\/pt-pt\/archivos\/Items de portfolio\/acessibilidade-cognitiva-atraves-de-sinalizacao-com-pictogramas-vista-alegre-park-cordoba\"  id='av-masonry-1-item-92320' data-av-masonry-item='92320' class='av-masonry-entry isotope-item post-92320 portfolio type-portfolio status-publish has-post-thumbnail hentry portfolio_entries-exemplos-de-uso portfolio_entries-lazer all_sort exemplos-de-uso_sort  lazer_sort  av-masonry-item-with-image av-grid-img' title=\"Autismo_Cordoba_Parque_Vistalegre_pictogramas_ARASAAC_5\"   itemscope=\"itemscope\" itemtype=\"https:\/\/schema.org\/CreativeWork\" ><div class='av-inner-masonry-sizer'><\/div><figure class='av-inner-masonry main_color'><div class=\"av-masonry-outerimage-container\"><div class='av-masonry-image-container' style=\"background-image: url(https:\/\/aulaabierta.arasaac.org\/wp-content\/uploads\/2022\/06\/Autismo_Cordoba_Parque_Vistalegre_pictogramas_ARASAAC_5-581x705.jpg);\"  title=\"Autismo_Cordoba_Parque_Vistalegre_pictogramas_ARASAAC_5\"  ><\/div><\/div><figcaption class='av-inner-masonry-content site-background'><div class='av-inner-masonry-content-pos'><div class='av-inner-masonry-content-pos-content'><div class='avia-arrow'><\/div><h3 class='av-masonry-entry-title entry-title '  itemprop=\"headline\" >ACESSIBILIDADE COGNITIVA ATRAV\u00c9S DE SINALIZA\u00c7\u00c3O COM PICTOGRAMAS &#8211; PARQUE VISTA ALEGRE &#8211; C\u00d3RDOBA<\/h3><\/div><\/div><\/figcaption><\/figure><\/a><!--end av-masonry entry--><a href=\"https:\/\/aulaabierta.arasaac.org\/pt-pt\/archivos\/Items de portfolio\/acessibilidade-cognitiva-em-parques-infantis-poster-informativo\"  id='av-masonry-1-item-69119' data-av-masonry-item='69119' class='av-masonry-entry isotope-item post-69119 portfolio type-portfolio status-publish has-post-thumbnail hentry portfolio_entries-exemplos-de-uso portfolio_entries-lazer all_sort exemplos-de-uso_sort  lazer_sort  av-masonry-item-with-image av-grid-img' title=\"Cartel_Informativo_Parque_Puente_Genil_3\"   itemscope=\"itemscope\" itemtype=\"https:\/\/schema.org\/CreativeWork\" ><div class='av-inner-masonry-sizer'><\/div><figure class='av-inner-masonry main_color'><div class=\"av-masonry-outerimage-container\"><div class='av-masonry-image-container' style=\"background-image: url(https:\/\/aulaabierta.arasaac.org\/wp-content\/uploads\/2021\/10\/Cartel_Informativo_Parque_Puente_Genil_3-705x529.jpg);\"  title=\"Cartel_Informativo_Parque_Puente_Genil_3\"  ><\/div><\/div><figcaption class='av-inner-masonry-content site-background'><div class='av-inner-masonry-content-pos'><div class='av-inner-masonry-content-pos-content'><div class='avia-arrow'><\/div><h3 class='av-masonry-entry-title entry-title '  itemprop=\"headline\" >ACESSIBILIDADE COGNITIVA EM PARQUES INFANTIL &#8211; POSTER INFORMATIVO<\/h3><\/div><\/div><\/figcaption><\/figure><\/a><!--end av-masonry entry--><a href=\"https:\/\/aulaabierta.arasaac.org\/pt-pt\/archivos\/Items de portfolio\/visit-valencia-pictograms-turista\"  id='av-masonry-1-item-70105' data-av-masonry-item='70105' class='av-masonry-entry isotope-item post-70105 portfolio type-portfolio status-publish has-post-thumbnail hentry portfolio_entries-exemplos-de-uso portfolio_entries-lazer portfolio_entries-passeios-turisticos all_sort exemplos-de-uso_sort  lazer_sort  passeios-turisticos_sort  av-masonry-item-with-image av-landscape-img' title=\"Visit_Valencia_Mapa_pictogramas\"   itemscope=\"itemscope\" itemtype=\"https:\/\/schema.org\/CreativeWork\" ><div class='av-inner-masonry-sizer'><\/div><figure class='av-inner-masonry main_color'><div class=\"av-masonry-outerimage-container\"><div class='av-masonry-image-container' style=\"background-image: url(https:\/\/aulaabierta.arasaac.org\/wp-content\/uploads\/2021\/06\/Visit_Valencia_Mapa_pictogramas-705x322.png);\"  title=\"Visit_Valencia_Mapa_pictogramas\"  ><\/div><\/div><figcaption class='av-inner-masonry-content site-background'><div class='av-inner-masonry-content-pos'><div class='av-inner-masonry-content-pos-content'><div class='avia-arrow'><\/div><h3 class='av-masonry-entry-title entry-title '  itemprop=\"headline\" >Visite Val\u00eancia &#8211; Pictogramas tur\u00edsticos<\/h3><\/div><\/div><\/figcaption><\/figure><\/a><!--end av-masonry entry--><a href=\"https:\/\/aulaabierta.arasaac.org\/pt-pt\/archivos\/Items de portfolio\/parques-publico-badajoz-pt\"  id='av-masonry-1-item-70139' data-av-masonry-item='70139' class='av-masonry-entry isotope-item post-70139 portfolio type-portfolio status-publish hentry portfolio_entries-exemplos-de-uso portfolio_entries-lazer all_sort exemplos-de-uso_sort  lazer_sort  av-masonry-item-no-image' title=\"PARQUES P\u00daBLICOS &#8211; BADAJOZ\"   itemscope=\"itemscope\" itemtype=\"https:\/\/schema.org\/CreativeWork\" ><div class='av-inner-masonry-sizer'><\/div><figure class='av-inner-masonry main_color'><figcaption class='av-inner-masonry-content site-background'><div class='av-inner-masonry-content-pos'><div class='av-inner-masonry-content-pos-content'><div class='avia-arrow'><\/div><h3 class='av-masonry-entry-title entry-title '  itemprop=\"headline\" >PARQUES P\u00daBLICOS &#8211; BADAJOZ<\/h3><\/div><\/div><\/figcaption><\/figure><\/a><!--end av-masonry entry--><a href=\"https:\/\/aulaabierta.arasaac.org\/pt-pt\/archivos\/Items de portfolio\/tcg-fabrica-regulamentos-pictoadapts\"  id='av-masonry-1-item-70142' data-av-masonry-item='70142' class='av-masonry-entry isotope-item post-70142 portfolio type-portfolio status-publish has-post-thumbnail hentry portfolio_entries-exemplos-de-uso portfolio_entries-lazer all_sort exemplos-de-uso_sort  lazer_sort  av-masonry-item-with-image av-landscape-img' title=\"Constructorres-y-Sabuesos-752&#215;440\"   itemscope=\"itemscope\" itemtype=\"https:\/\/schema.org\/CreativeWork\" ><div class='av-inner-masonry-sizer'><\/div><figure class='av-inner-masonry main_color'><div class=\"av-masonry-outerimage-container\"><div class='av-masonry-image-container' style=\"background-image: url(https:\/\/aulaabierta.arasaac.org\/wp-content\/uploads\/2021\/03\/Constructorres-y-Sabuesos-752x440-1-705x413.jpg);\"  title=\"Constructorres-y-Sabuesos-752&#215;440\"  ><\/div><\/div><figcaption class='av-inner-masonry-content site-background'><div class='av-inner-masonry-content-pos'><div class='av-inner-masonry-content-pos-content'><div class='avia-arrow'><\/div><h3 class='av-masonry-entry-title entry-title '  itemprop=\"headline\" >TCG Factory &#8211; Regulamentos Pictoadapted<\/h3><\/div><\/div><\/figcaption><\/figure><\/a><!--end av-masonry entry--><a href=\"https:\/\/aulaabierta.arasaac.org\/pt-pt\/archivos\/Items de portfolio\/praca-do-gasometro-porto-alegre-pt\"  id='av-masonry-1-item-70174' data-av-masonry-item='70174' class='av-masonry-entry isotope-item post-70174 portfolio type-portfolio status-publish has-post-thumbnail hentry portfolio_entries-exemplos-de-uso portfolio_entries-lazer all_sort exemplos-de-uso_sort  lazer_sort  av-masonry-item-with-image av-grid-img' title=\"Pra\u00e7a_Do_Gas\u00f4metro_1\"   itemscope=\"itemscope\" itemtype=\"https:\/\/schema.org\/CreativeWork\" ><div class='av-inner-masonry-sizer'><\/div><figure class='av-inner-masonry main_color'><div class=\"av-masonry-outerimage-container\"><div class='av-masonry-image-container' style=\"background-image: url(https:\/\/aulaabierta.arasaac.org\/wp-content\/uploads\/2020\/08\/Praca_Do_Gasometro_1-705x705.jpg);\"  title=\"Pra\u00e7a_Do_Gas\u00f4metro_1\"  ><\/div><\/div><figcaption class='av-inner-masonry-content site-background'><div class='av-inner-masonry-content-pos'><div class='av-inner-masonry-content-pos-content'><div class='avia-arrow'><\/div><h3 class='av-masonry-entry-title entry-title '  itemprop=\"headline\" >Pra\u00e7a Do Gas\u00f4metro &#8211; Porto Alegre<\/h3><\/div><\/div><\/figcaption><\/figure><\/a><!--end av-masonry entry--><a href=\"https:\/\/aulaabierta.arasaac.org\/pt-pt\/archivos\/Items de portfolio\/guia-de-recursos-turisticos-e-culturais-da-ribera-alta-del-ebro\"  id='av-masonry-1-item-70177' data-av-masonry-item='70177' class='av-masonry-entry isotope-item post-70177 portfolio type-portfolio status-publish has-post-thumbnail hentry portfolio_entries-cultura-pt-pt portfolio_entries-exemplos-de-uso portfolio_entries-lazer all_sort cultura-pt-pt_sort  exemplos-de-uso_sort  lazer_sort  av-masonry-item-with-image av-grid-img' title=\"Comunicacion-aumentativa-Ribera-Alta-del-Ebro_8\"   itemscope=\"itemscope\" itemtype=\"https:\/\/schema.org\/CreativeWork\" ><div class='av-inner-masonry-sizer'><\/div><figure class='av-inner-masonry main_color'><div class=\"av-masonry-outerimage-container\"><div class='av-masonry-image-container' style=\"background-image: url(https:\/\/aulaabierta.arasaac.org\/wp-content\/uploads\/2020\/08\/Comunicacion-aumentativa-Ribera-Alta-del-Ebro_8-705x498.jpg);\"  title=\"Comunicacion-aumentativa-Ribera-Alta-del-Ebro_8\"  ><\/div><\/div><figcaption class='av-inner-masonry-content site-background'><div class='av-inner-masonry-content-pos'><div class='av-inner-masonry-content-pos-content'><div class='avia-arrow'><\/div><h3 class='av-masonry-entry-title entry-title '  itemprop=\"headline\" >Guia de recursos tur\u00edsticos e culturais da Ribera Alta del Ebro<\/h3><\/div><\/div><\/figcaption><\/figure><\/a><!--end av-masonry entry--><a href=\"https:\/\/aulaabierta.arasaac.org\/pt-pt\/archivos\/Items de portfolio\/jogo-virus-regulacao-pictoadapted\"  id='av-masonry-1-item-70207' data-av-masonry-item='70207' class='av-masonry-entry isotope-item post-70207 portfolio type-portfolio status-publish has-post-thumbnail hentry portfolio_entries-exemplos-de-uso portfolio_entries-lazer all_sort exemplos-de-uso_sort  lazer_sort  av-masonry-item-with-image av-grid-img' title=\"VIRUS-Reglamento-pictoadaptado_ARASAAC_01\"   itemscope=\"itemscope\" itemtype=\"https:\/\/schema.org\/CreativeWork\" ><div class='av-inner-masonry-sizer'><\/div><figure class='av-inner-masonry main_color'><div class=\"av-masonry-outerimage-container\"><div class='av-masonry-image-container' style=\"background-image: url(https:\/\/aulaabierta.arasaac.org\/wp-content\/uploads\/2020\/05\/VIRUS-Reglamento-pictoadaptado_ARASAAC_01-705x498.jpg);\"  title=\"VIRUS-Reglamento-pictoadaptado_ARASAAC_01\"  ><\/div><\/div><figcaption class='av-inner-masonry-content site-background'><div class='av-inner-masonry-content-pos'><div class='av-inner-masonry-content-pos-content'><div class='avia-arrow'><\/div><h3 class='av-masonry-entry-title entry-title '  itemprop=\"headline\" >Jogo do Virus &#8211; Regulamento Pictoadapted<\/h3><\/div><\/div><\/figcaption><\/figure><\/a><!--end av-masonry entry--><a href=\"https:\/\/aulaabierta.arasaac.org\/pt-pt\/archivos\/Items de portfolio\/autismo-segovia-bernuy-de-porreros-carbonero-de-ahusin-espirdo-y-casa-joven-de-segovia-pt\"  id='av-masonry-1-item-70331' data-av-masonry-item='70331' class='av-masonry-entry isotope-item post-70331 portfolio type-portfolio status-publish has-post-thumbnail hentry portfolio_entries-ambiente-publico portfolio_entries-cultura-pt-pt portfolio_entries-exemplos-de-uso portfolio_entries-lazer all_sort ambiente-publico_sort  cultura-pt-pt_sort  exemplos-de-uso_sort  lazer_sort  av-masonry-item-with-image av-grid-img' title=\"casa_joven_segovia_pictogramas_ARASAAC_1\"   itemscope=\"itemscope\" itemtype=\"https:\/\/schema.org\/CreativeWork\" ><div class='av-inner-masonry-sizer'><\/div><figure class='av-inner-masonry main_color'><div class=\"av-masonry-outerimage-container\"><div class='av-masonry-image-container' style=\"background-image: url(https:\/\/aulaabierta.arasaac.org\/wp-content\/uploads\/2019\/11\/casa_joven_segovia_pictogramas_ARASAAC_1-1-705x494.jpg);\"  title=\"casa_joven_segovia_pictogramas_ARASAAC_1\"  ><\/div><\/div><figcaption class='av-inner-masonry-content site-background'><div class='av-inner-masonry-content-pos'><div class='av-inner-masonry-content-pos-content'><div class='avia-arrow'><\/div><h3 class='av-masonry-entry-title entry-title '  itemprop=\"headline\" >ACESSIBILIDADE COGNITIVA BERNUY DE PORREROS, CARBONERO DE AHUS\u00cdN, ESPIRDO E CASA JOVEN DE SEGOVIA &#8211; SEGOVIA<\/h3><\/div><\/div><\/figcaption><\/figure><\/a><!--end av-masonry entry--><a href=\"https:\/\/aulaabierta.arasaac.org\/pt-pt\/archivos\/Items de portfolio\/parque-cristo-ressuscitado-murcia-pt\"  id='av-masonry-1-item-70371' data-av-masonry-item='70371' class='av-masonry-entry isotope-item post-70371 portfolio type-portfolio status-publish has-post-thumbnail hentry portfolio_entries-exemplos-de-uso portfolio_entries-lazer all_sort exemplos-de-uso_sort  lazer_sort  av-masonry-item-with-image av-grid-img' title=\"Accesibilidad_cognitiva_Parque_Cristo_resucitado_Murcia_ARASAAC_6\"   itemscope=\"itemscope\" itemtype=\"https:\/\/schema.org\/CreativeWork\" ><div class='av-inner-masonry-sizer'><\/div><figure class='av-inner-masonry main_color'><div class=\"av-masonry-outerimage-container\"><div class='av-masonry-image-container' style=\"background-image: url(https:\/\/aulaabierta.arasaac.org\/wp-content\/uploads\/2017\/10\/Accesibilidad_cognitiva_Parque_Cristo_resucitado_Murcia_ARASAAC_6-1-705x529.jpg);\"  title=\"Accesibilidad_cognitiva_Parque_Cristo_resucitado_Murcia_ARASAAC_6\"  ><\/div><\/div><figcaption class='av-inner-masonry-content site-background'><div class='av-inner-masonry-content-pos'><div class='av-inner-masonry-content-pos-content'><div class='avia-arrow'><\/div><h3 class='av-masonry-entry-title entry-title '  itemprop=\"headline\" >PARQUE CRISTO RESSUSCITADO &#8211; MURCIA<\/h3><\/div><\/div><\/figcaption><\/figure><\/a><!--end av-masonry entry--><a href=\"https:\/\/aulaabierta.arasaac.org\/pt-pt\/archivos\/Items de portfolio\/parque-das-familias-almeria\"  id='av-masonry-1-item-70374' data-av-masonry-item='70374' class='av-masonry-entry isotope-item post-70374 portfolio type-portfolio status-publish has-post-thumbnail hentry portfolio_entries-exemplos-de-uso portfolio_entries-lazer all_sort exemplos-de-uso_sort  lazer_sort  av-masonry-item-with-image av-grid-img' title=\"autismo_darata_parque_de_las_familias_almeria_pictogramas_ARASAAC_7\"   itemscope=\"itemscope\" itemtype=\"https:\/\/schema.org\/CreativeWork\" ><div class='av-inner-masonry-sizer'><\/div><figure class='av-inner-masonry main_color'><div class=\"av-masonry-outerimage-container\"><div class='av-masonry-image-container' style=\"background-image: url(https:\/\/aulaabierta.arasaac.org\/wp-content\/uploads\/2020\/03\/autismo_darata_parque_de_las_familias_almeria_pictogramas_ARASAAC_7-705x529.jpeg);\"  title=\"autismo_darata_parque_de_las_familias_almeria_pictogramas_ARASAAC_7\"  ><\/div><\/div><figcaption class='av-inner-masonry-content site-background'><div class='av-inner-masonry-content-pos'><div class='av-inner-masonry-content-pos-content'><div class='avia-arrow'><\/div><h3 class='av-masonry-entry-title entry-title '  itemprop=\"headline\" >PARQUE FAMILIAR (ALMERIA)<\/h3><\/div><\/div><\/figcaption><\/figure><\/a><!--end av-masonry entry--><\/div><\/div>\n","protected":false},"excerpt":{"rendered":"","protected":false},"author":5,"featured_media":57707,"parent":0,"menu_order":0,"comment_status":"open","ping_status":"open","template":"","meta":{"om_disable_all_campaigns":false,"_monsterinsights_skip_tracking":false,"_monsterinsights_sitenote_active":false,"_monsterinsights_sitenote_note":"","_monsterinsights_sitenote_category":0,"_uf_show_specific_survey":0,"_uf_disable_surveys":false,"footnotes":""},"class_list":["post-68507","page","type-page","status-publish","has-post-thumbnail","hentry"],"aioseo_notices":[],"_links":{"self":[{"href":"https:\/\/aulaabierta.arasaac.org\/pt-pt\/wp-json\/wp\/v2\/pages\/68507","targetHints":{"allow":["GET"]}}],"collection":[{"href":"https:\/\/aulaabierta.arasaac.org\/pt-pt\/wp-json\/wp\/v2\/pages"}],"about":[{"href":"https:\/\/aulaabierta.arasaac.org\/pt-pt\/wp-json\/wp\/v2\/types\/page"}],"author":[{"embeddable":true,"href":"https:\/\/aulaabierta.arasaac.org\/pt-pt\/wp-json\/wp\/v2\/users\/5"}],"replies":[{"embeddable":true,"href":"https:\/\/aulaabierta.arasaac.org\/pt-pt\/wp-json\/wp\/v2\/comments?post=68507"}],"version-history":[{"count":7,"href":"https:\/\/aulaabierta.arasaac.org\/pt-pt\/wp-json\/wp\/v2\/pages\/68507\/revisions"}],"predecessor-version":[{"id":139576,"href":"https:\/\/aulaabierta.arasaac.org\/pt-pt\/wp-json\/wp\/v2\/pages\/68507\/revisions\/139576"}],"wp:featuredmedia":[{"embeddable":true,"href":"https:\/\/aulaabierta.arasaac.org\/pt-pt\/wp-json\/wp\/v2\/media\/57707"}],"wp:attachment":[{"href":"https:\/\/aulaabierta.arasaac.org\/pt-pt\/wp-json\/wp\/v2\/media?parent=68507"}],"curies":[{"name":"wp","href":"https:\/\/api.w.org\/{rel}","templated":true}]}}