{"id":68660,"date":"2020-04-20T19:18:27","date_gmt":"2020-04-20T18:18:27","guid":{"rendered":"https:\/\/aulaabierta.arasaac.org\/ejemplos_uso_comercio"},"modified":"2023-02-09T11:15:36","modified_gmt":"2023-02-09T10:15:36","slug":"exemplo_utilizacao_comercio","status":"publish","type":"page","link":"https:\/\/aulaabierta.arasaac.org\/pt-pt\/exemplo_utilizacao_comercio","title":{"rendered":"Exemplo de Utiliza\u00e7\u00e3o &#8211; Com\u00e9rcio"},"content":{"rendered":"<div id='av-layout-grid-1'  class='av-layout-grid-container av-1p18m1p-d2a8024fc07447151850241989d05345 entry-content-wrapper main_color av-border-cells av-flex-cells  avia-builder-el-0  el_before_av_heading  avia-builder-el-first   container_wrap fullsize'  >\n<div class='flex_cell av-14aglz1-40681e61157ccf9ebadea380d797e5bf av-gridrow-cell av_one_fifth no_margin  avia-builder-el-1  el_before_av_cell_four_fifth  avia-builder-el-first ' ><div class='flex_cell_inner'>\n<style type=\"text\/css\" data-created_by=\"avia_inline_auto\" id=\"style-css-av-k98qhs7a-037b62de3fcc16d7b79149915a6efadb\">\n.av_font_icon.av-k98qhs7a-037b62de3fcc16d7b79149915a6efadb{\ncolor:#83a846;\nborder-color:#83a846;\n}\n.av_font_icon.av-k98qhs7a-037b62de3fcc16d7b79149915a6efadb .av-icon-char{\nfont-size:100px;\nline-height:100px;\n}\n<\/style>\n<span  class='av_font_icon av-k98qhs7a-037b62de3fcc16d7b79149915a6efadb avia_animate_when_visible av-icon-style- avia-icon-pos-center avia-icon-animate'><a href='https:\/\/aulaabierta.arasaac.org\/pt-pt\/exemplos-de-uso-caa'  class='av-icon-char' aria-hidden='true' data-av_icon='\ue870' data-av_iconfont='entypo-fontello' ><\/a><\/span>\n<\/div><\/div>\n<style type=\"text\/css\" data-created_by=\"avia_inline_auto\" id=\"style-css-av-1jfcit9-54b425557e0514afd8d5ab8e138c4db3\">\n.flex_cell.av-1jfcit9-54b425557e0514afd8d5ab8e138c4db3{\nvertical-align:top;\n}\n.responsive #top #wrap_all .flex_cell.av-1jfcit9-54b425557e0514afd8d5ab8e138c4db3{\npadding:30px 30px 30px 30px !important;\n}\n<\/style>\n<div class='flex_cell av-1jfcit9-54b425557e0514afd8d5ab8e138c4db3 av-gridrow-cell av_four_fifth no_margin  avia-builder-el-3  el_after_av_cell_one_fifth  avia-builder-el-last ' ><div class='flex_cell_inner'><p><section  class='av_textblock_section av-k98qnvx7-ec267ede00f098f0343d15461fa42231'  itemscope=\"itemscope\" itemtype=\"https:\/\/schema.org\/CreativeWork\" ><div class='avia_textblock'  itemprop=\"text\" ><p><a name=\"arriba\"><\/a><\/p>\n<\/div><\/section><br \/>\n\n<style type=\"text\/css\" data-created_by=\"avia_inline_auto\" id=\"style-css-av-k98sxe9z-a8de1dee685a270393f8080d3d9abd66\">\n#top .av-special-heading.av-k98sxe9z-a8de1dee685a270393f8080d3d9abd66{\npadding-bottom:10px;\n}\nbody .av-special-heading.av-k98sxe9z-a8de1dee685a270393f8080d3d9abd66 .av-special-heading-tag .heading-char{\nfont-size:25px;\n}\n.av-special-heading.av-k98sxe9z-a8de1dee685a270393f8080d3d9abd66 .av-subheading{\nfont-size:15px;\n}\n<\/style>\n<div  class='av-special-heading av-k98sxe9z-a8de1dee685a270393f8080d3d9abd66 av-special-heading-h1  avia-builder-el-5  el_after_av_textblock  avia-builder-el-last '><h1 class='av-special-heading-tag'  itemprop=\"headline\"  >Exemplos de Utiliza\u00e7\u00e3o &#8211; Com\u00e9rcio<\/h1><div class=\"special-heading-border\"><div class=\"special-heading-inner-border\"><\/div><\/div><\/div><\/p>\n<\/div><\/div>\n<\/div><div id='after_grid_row_1'  class='main_color av_default_container_wrap container_wrap fullsize'  ><div class='container av-section-cont-open' ><div class='template-page content  av-content-full alpha units'><div class='post-entry post-entry-type-page post-entry-68660'><div class='entry-content-wrapper clearfix'>\n\n<style type=\"text\/css\" data-created_by=\"avia_inline_auto\" id=\"style-css-av-tvbdps-5f9fce8485f62e77f90afddf18e533f7\">\n#top .av-special-heading.av-tvbdps-5f9fce8485f62e77f90afddf18e533f7{\npadding-bottom:10px;\n}\nbody .av-special-heading.av-tvbdps-5f9fce8485f62e77f90afddf18e533f7 .av-special-heading-tag .heading-char{\nfont-size:25px;\n}\n.av-special-heading.av-tvbdps-5f9fce8485f62e77f90afddf18e533f7 .av-subheading{\nfont-size:15px;\n}\n<\/style>\n<div  class='av-special-heading av-tvbdps-5f9fce8485f62e77f90afddf18e533f7 av-special-heading-h2  avia-builder-el-6  el_after_av_layout_row  el_before_av_masonry_entries  avia-builder-el-no-sibling '><h2 class='av-special-heading-tag'  itemprop=\"headline\"  >Cat\u00e1logo<\/h2><div class=\"special-heading-border\"><div class=\"special-heading-inner-border\"><\/div><\/div><\/div>\n<div id='av-masonry-1' class='av-masonry av-boj6z-98b20e6763d295f8783587fc8b888a64 noHover av-fixed-size av-large-gap av-hover-overlay-active av-masonry-animation-active av-masonry-col-3 av-caption-always av-caption-style- av-masonry-entries ' data-post_id=\"68660\"><div class=\"av-masonry-container isotope av-js-disabled\"><div class='av-masonry-entry isotope-item av-masonry-item-no-image all_sort comercio-pt-pt_sort  exemplos-de-uso_sort  restauracao-pt-pt_sort  lazer_sort  saude_sort  ambiente-publico_sort '><\/div><a href=\"https:\/\/aulaabierta.arasaac.org\/pt-pt\/archivos\/Items de portfolio\/padaria-la-union-tolhuin-argentina\"  id='av-masonry-1-item-107335' data-av-masonry-item='107335' class='av-masonry-entry isotope-item post-107335 portfolio type-portfolio status-publish has-post-thumbnail hentry portfolio_entries-comercio-pt-pt portfolio_entries-exemplos-de-uso portfolio_entries-restauracao-pt-pt all_sort comercio-pt-pt_sort  exemplos-de-uso_sort  restauracao-pt-pt_sort  av-masonry-item-with-image av-grid-img' title=\"Panaderia_La_union_Tolhuin_pictogramas_ARASAAC_1\"   itemscope=\"itemscope\" itemtype=\"https:\/\/schema.org\/CreativeWork\" ><div class='av-inner-masonry-sizer'><\/div><figure class='av-inner-masonry main_color'><div class=\"av-masonry-outerimage-container\"><div class='av-masonry-image-container' style=\"background-image: url(https:\/\/aulaabierta.arasaac.org\/wp-content\/uploads\/2022\/09\/Panaderia_La_union_Tolhuin_pictogramas_ARASAAC_1-705x533.jpg);\"  title=\"Panaderia_La_union_Tolhuin_pictogramas_ARASAAC_1\"  ><\/div><\/div><figcaption class='av-inner-masonry-content site-background'><div class='av-inner-masonry-content-pos'><div class='av-inner-masonry-content-pos-content'><div class='avia-arrow'><\/div><h3 class='av-masonry-entry-title entry-title '  itemprop=\"headline\" >ACESSIBILIDADE COGNITIVA &#8211; PADARIA LA UNION &#8211; TOLHU\u00cdN (ARGENTINA)<\/h3><\/div><\/div><\/figcaption><\/figure><\/a><!--end av-masonry entry--><a href=\"https:\/\/aulaabierta.arasaac.org\/pt-pt\/archivos\/Items de portfolio\/picteando-um-projeto-que-favorece-acessibilidade-cognitiva-em-lojas-la-rioja\"  id='av-masonry-1-item-92802' data-av-masonry-item='92802' class='av-masonry-entry isotope-item post-92802 portfolio type-portfolio status-publish has-post-thumbnail hentry portfolio_entries-comercio-pt-pt portfolio_entries-exemplos-de-uso all_sort comercio-pt-pt_sort  exemplos-de-uso_sort  av-masonry-item-with-image av-landscape-img' title=\"Comercios_Rioja_pictogramas_ARASAAC_1\"   itemscope=\"itemscope\" itemtype=\"https:\/\/schema.org\/CreativeWork\" ><div class='av-inner-masonry-sizer'><\/div><figure class='av-inner-masonry main_color'><div class=\"av-masonry-outerimage-container\"><div class='av-masonry-image-container' style=\"background-image: url(https:\/\/aulaabierta.arasaac.org\/wp-content\/uploads\/2022\/06\/Comercios_Rioja_pictogramas_ARASAAC_1-705x397.jpg);\"  title=\"Comercios_Rioja_pictogramas_ARASAAC_1\"  ><\/div><\/div><figcaption class='av-inner-masonry-content site-background'><div class='av-inner-masonry-content-pos'><div class='av-inner-masonry-content-pos-content'><div class='avia-arrow'><\/div><h3 class='av-masonry-entry-title entry-title '  itemprop=\"headline\" >PICTEANDO, UM PROJETO QUE PROMOVE ACESSIBILIDADE COGNITIVA EM LOJAS &#8211; LA RIOJA<\/h3><\/div><\/div><\/figcaption><\/figure><\/a><!--end av-masonry entry--><a href=\"https:\/\/aulaabierta.arasaac.org\/pt-pt\/archivos\/Items de portfolio\/sinalizacao-com-pictogramas-do-centro-de-compras-e-lazer-7-palmas-las-palmas-de-gran-canaria-las-palmas\"  id='av-masonry-1-item-92642' data-av-masonry-item='92642' class='av-masonry-entry isotope-item post-92642 portfolio type-portfolio status-publish has-post-thumbnail hentry portfolio_entries-comercio-pt-pt portfolio_entries-exemplos-de-uso portfolio_entries-lazer all_sort comercio-pt-pt_sort  exemplos-de-uso_sort  lazer_sort  av-masonry-item-with-image av-landscape-img' title=\"Centro_Comercial_Palmas_7_pictogramas_ARASAAC_2\"   itemscope=\"itemscope\" itemtype=\"https:\/\/schema.org\/CreativeWork\" ><div class='av-inner-masonry-sizer'><\/div><figure class='av-inner-masonry main_color'><div class=\"av-masonry-outerimage-container\"><div class='av-masonry-image-container' style=\"background-image: url(https:\/\/aulaabierta.arasaac.org\/wp-content\/uploads\/2022\/06\/Centro_Comercial_Palmas_7_pictogramas_ARASAAC_2-705x364.jpg);\"  title=\"Centro_Comercial_Palmas_7_pictogramas_ARASAAC_2\"  ><\/div><\/div><figcaption class='av-inner-masonry-content site-background'><div class='av-inner-masonry-content-pos'><div class='av-inner-masonry-content-pos-content'><div class='avia-arrow'><\/div><h3 class='av-masonry-entry-title entry-title '  itemprop=\"headline\" >SINALIZA\u00c7\u00c3O COM PICTOGRAMAS DO CENTRO COMERCIAL E DE LAZER 7 PALMAS &#8211; LAS PALMAS DE GRAN CANARIA<\/h3><\/div><\/div><\/figcaption><\/figure><\/a><!--end av-masonry entry--><a href=\"https:\/\/aulaabierta.arasaac.org\/pt-pt\/archivos\/Items de portfolio\/placas-de-comunicacao-farmacias-de-sevilha\"  id='av-masonry-1-item-86312' data-av-masonry-item='86312' class='av-masonry-entry isotope-item post-86312 portfolio type-portfolio status-publish has-post-thumbnail hentry portfolio_entries-comercio-pt-pt portfolio_entries-exemplos-de-uso portfolio_entries-saude all_sort comercio-pt-pt_sort  exemplos-de-uso_sort  saude_sort  av-masonry-item-with-image av-grid-img' title=\"Farmacias_Sevilla_pictogramas_ARASAAC_2\"   itemscope=\"itemscope\" itemtype=\"https:\/\/schema.org\/CreativeWork\" ><div class='av-inner-masonry-sizer'><\/div><figure class='av-inner-masonry main_color'><div class=\"av-masonry-outerimage-container\"><div class='av-masonry-image-container' style=\"background-image: url(https:\/\/aulaabierta.arasaac.org\/wp-content\/uploads\/2022\/01\/Farmacias_Sevilla_pictogramas_ARASAAC_2-529x705.jpeg);\"  title=\"Farmacias_Sevilla_pictogramas_ARASAAC_2\"  ><\/div><\/div><figcaption class='av-inner-masonry-content site-background'><div class='av-inner-masonry-content-pos'><div class='av-inner-masonry-content-pos-content'><div class='avia-arrow'><\/div><h3 class='av-masonry-entry-title entry-title '  itemprop=\"headline\" >ACESSIBILIDADE COGNITIVA COM PICTOGRAMAS POR ARASAAC \u2013 FARMACIAS DE SEVILHA<\/h3><\/div><\/div><\/figcaption><\/figure><\/a><!--end av-masonry entry--><a href=\"https:\/\/aulaabierta.arasaac.org\/pt-pt\/archivos\/Items de portfolio\/lojas-vila-joiosa\"  id='av-masonry-1-item-70128' data-av-masonry-item='70128' class='av-masonry-entry isotope-item post-70128 portfolio type-portfolio status-publish has-post-thumbnail hentry portfolio_entries-comercio-pt-pt portfolio_entries-exemplos-de-uso all_sort comercio-pt-pt_sort  exemplos-de-uso_sort  av-masonry-item-with-image av-landscape-img' title=\"Comercios_Vilajoiosa_1\"   itemscope=\"itemscope\" itemtype=\"https:\/\/schema.org\/CreativeWork\" ><div class='av-inner-masonry-sizer'><\/div><figure class='av-inner-masonry main_color'><div class=\"av-masonry-outerimage-container\"><div class='av-masonry-image-container' style=\"background-image: url(https:\/\/aulaabierta.arasaac.org\/wp-content\/uploads\/2021\/05\/Comercios_Vilajoiosa_1-705x379.jpg);\"  title=\"Comercios_Vilajoiosa_1\"  ><\/div><\/div><figcaption class='av-inner-masonry-content site-background'><div class='av-inner-masonry-content-pos'><div class='av-inner-masonry-content-pos-content'><div class='avia-arrow'><\/div><h3 class='av-masonry-entry-title entry-title '  itemprop=\"headline\" >Lojas Vila Joiosa<\/h3><\/div><\/div><\/figcaption><\/figure><\/a><!--end av-masonry entry--><a href=\"https:\/\/aulaabierta.arasaac.org\/pt-pt\/archivos\/Items de portfolio\/cabeleireiro-canino-marina-cao\"  id='av-masonry-1-item-70160' data-av-masonry-item='70160' class='av-masonry-entry isotope-item post-70160 portfolio type-portfolio status-publish has-post-thumbnail hentry portfolio_entries-comercio-pt-pt portfolio_entries-exemplos-de-uso all_sort comercio-pt-pt_sort  exemplos-de-uso_sort  av-masonry-item-with-image av-landscape-img' title=\"marina_dog_1\"   itemscope=\"itemscope\" itemtype=\"https:\/\/schema.org\/CreativeWork\" ><div class='av-inner-masonry-sizer'><\/div><figure class='av-inner-masonry main_color'><div class=\"av-masonry-outerimage-container\"><div class='av-masonry-image-container' style=\"background-image: url(https:\/\/aulaabierta.arasaac.org\/wp-content\/uploads\/2020\/12\/marina_dog_1-705x397.jpg);\"  title=\"marina_dog_1\"  ><\/div><\/div><figcaption class='av-inner-masonry-content site-background'><div class='av-inner-masonry-content-pos'><div class='av-inner-masonry-content-pos-content'><div class='avia-arrow'><\/div><h3 class='av-masonry-entry-title entry-title '  itemprop=\"headline\" >CABELEIREIRO CANINO &#8220;MARINA DOG&#8221;<\/h3><\/div><\/div><\/figcaption><\/figure><\/a><!--end av-masonry entry--><a href=\"https:\/\/aulaabierta.arasaac.org\/pt-pt\/archivos\/Items de portfolio\/nortea-alcobendas-madrid-e-san-sebastian-de-los-reyes-madrid-pt\"  id='av-masonry-1-item-70340' data-av-masonry-item='70340' class='av-masonry-entry isotope-item post-70340 portfolio type-portfolio status-publish has-post-thumbnail hentry portfolio_entries-ambiente-publico portfolio_entries-comercio-pt-pt portfolio_entries-exemplos-de-uso all_sort ambiente-publico_sort  comercio-pt-pt_sort  exemplos-de-uso_sort  av-masonry-item-with-image av-grid-img' title=\"san_sebastian_de_los_reyes_9\"   itemscope=\"itemscope\" itemtype=\"https:\/\/schema.org\/CreativeWork\" ><div class='av-inner-masonry-sizer'><\/div><figure class='av-inner-masonry main_color'><div class=\"av-masonry-outerimage-container\"><div class='av-masonry-image-container' style=\"background-image: url(https:\/\/aulaabierta.arasaac.org\/wp-content\/uploads\/2018\/10\/san_sebastian_de_los_reyes_9-637x705.jpg);\"  title=\"san_sebastian_de_los_reyes_9\"  ><\/div><\/div><figcaption class='av-inner-masonry-content site-background'><div class='av-inner-masonry-content-pos'><div class='av-inner-masonry-content-pos-content'><div class='avia-arrow'><\/div><h3 class='av-masonry-entry-title entry-title '  itemprop=\"headline\" >ACESSIBILIDADE COGNITIVA &#8211; ALCOBENDAS (MADRID) E SAN SEBASTIAN DE LOS REYES (MADRID)<\/h3><\/div><\/div><\/figcaption><\/figure><\/a><!--end av-masonry entry--><a href=\"https:\/\/aulaabierta.arasaac.org\/pt-pt\/archivos\/Items de portfolio\/municipio-de-mislata-valencia\"  id='av-masonry-1-item-70357' data-av-masonry-item='70357' class='av-masonry-entry isotope-item post-70357 portfolio type-portfolio status-publish has-post-thumbnail hentry portfolio_entries-ambiente-publico portfolio_entries-comercio-pt-pt portfolio_entries-exemplos-de-uso all_sort ambiente-publico_sort  comercio-pt-pt_sort  exemplos-de-uso_sort  av-masonry-item-with-image av-grid-img' title=\"Mislata_ARASAAC_1\"   itemscope=\"itemscope\" itemtype=\"https:\/\/schema.org\/CreativeWork\" ><div class='av-inner-masonry-sizer'><\/div><figure class='av-inner-masonry main_color'><div class=\"av-masonry-outerimage-container\"><div class='av-masonry-image-container' style=\"background-image: url(https:\/\/aulaabierta.arasaac.org\/wp-content\/uploads\/2017\/12\/Mislata_ARASAAC_1-1-705x470.jpg);\"  title=\"Mislata_ARASAAC_1\"  ><\/div><\/div><figcaption class='av-inner-masonry-content site-background'><div class='av-inner-masonry-content-pos'><div class='av-inner-masonry-content-pos-content'><div class='avia-arrow'><\/div><h3 class='av-masonry-entry-title entry-title '  itemprop=\"headline\" >MISLATA CITY COUNCIL (VALENCIA)<\/h3><\/div><\/div><\/figcaption><\/figure><\/a><!--end av-masonry entry--><a href=\"https:\/\/aulaabierta.arasaac.org\/pt-pt\/archivos\/Items de portfolio\/clubes-rikrok-de-los-hipermercados-alcampo-espana-pt\"  id='av-masonry-1-item-70414' data-av-masonry-item='70414' class='av-masonry-entry isotope-item post-70414 portfolio type-portfolio status-publish has-post-thumbnail hentry portfolio_entries-comercio-pt-pt portfolio_entries-exemplos-de-uso all_sort comercio-pt-pt_sort  exemplos-de-uso_sort  av-masonry-item-with-image av-grid-img' title=\"ARASAAC_pictogramas_en_hipermercados_de_Alcampo_1\"   itemscope=\"itemscope\" itemtype=\"https:\/\/schema.org\/CreativeWork\" ><div class='av-inner-masonry-sizer'><\/div><figure class='av-inner-masonry main_color'><div class=\"av-masonry-outerimage-container\"><div class='av-masonry-image-container' style=\"background-image: url(https:\/\/aulaabierta.arasaac.org\/wp-content\/uploads\/2018\/06\/ARASAAC_pictogramas_en_hipermercados_de_Alcampo_1-705x529.jpg);\"  title=\"ARASAAC_pictogramas_en_hipermercados_de_Alcampo_1\"  ><\/div><\/div><figcaption class='av-inner-masonry-content site-background'><div class='av-inner-masonry-content-pos'><div class='av-inner-masonry-content-pos-content'><div class='avia-arrow'><\/div><h3 class='av-masonry-entry-title entry-title '  itemprop=\"headline\" >CLUBES RIK&amp;ROK DOS HIPERMERCADOS ALCAMPO \u2013 ESPANHA<\/h3><\/div><\/div><\/figcaption><\/figure><\/a><!--end av-masonry entry--><a href=\"https:\/\/aulaabierta.arasaac.org\/pt-pt\/archivos\/Items de portfolio\/alcampo-paineis-comunicacao-coronavirus\"  id='av-masonry-1-item-70417' data-av-masonry-item='70417' class='av-masonry-entry isotope-item post-70417 portfolio type-portfolio status-publish has-post-thumbnail hentry portfolio_entries-comercio-pt-pt portfolio_entries-exemplos-de-uso all_sort comercio-pt-pt_sort  exemplos-de-uso_sort  av-masonry-item-with-image av-grid-img' title=\"Alcampo_pictogramas_ARASAAC_4\"   itemscope=\"itemscope\" itemtype=\"https:\/\/schema.org\/CreativeWork\" ><div class='av-inner-masonry-sizer'><\/div><figure class='av-inner-masonry main_color'><div class=\"av-masonry-outerimage-container\"><div class='av-masonry-image-container' style=\"background-image: url(https:\/\/aulaabierta.arasaac.org\/wp-content\/uploads\/2020\/04\/Alcampo_pictogramas_ARASAAC_4-529x705.jpg);\"  title=\"Alcampo_pictogramas_ARASAAC_4\"  ><\/div><\/div><figcaption class='av-inner-masonry-content site-background'><div class='av-inner-masonry-content-pos'><div class='av-inner-masonry-content-pos-content'><div class='avia-arrow'><\/div><h3 class='av-masonry-entry-title entry-title '  itemprop=\"headline\" >ALCAMPO &#8211; PAIN\u00c9IS DE COMUNICA\u00c7\u00c3O CORONAVIRUS<\/h3><\/div><\/div><\/figcaption><\/figure><\/a><!--end av-masonry entry--><a href=\"https:\/\/aulaabierta.arasaac.org\/pt-pt\/archivos\/Items de portfolio\/coloque-um-no-seu-distrito-malaga\"  id='av-masonry-1-item-70420' data-av-masonry-item='70420' class='av-masonry-entry isotope-item post-70420 portfolio type-portfolio status-publish has-post-thumbnail hentry portfolio_entries-comercio-pt-pt portfolio_entries-exemplos-de-uso all_sort comercio-pt-pt_sort  exemplos-de-uso_sort  av-masonry-item-with-image av-landscape-img' title=\"Pon_un_picto_en_tu_distrito_pictogramas_ARASAAC_2\"   itemscope=\"itemscope\" itemtype=\"https:\/\/schema.org\/CreativeWork\" ><div class='av-inner-masonry-sizer'><\/div><figure class='av-inner-masonry main_color'><div class=\"av-masonry-outerimage-container\"><div class='av-masonry-image-container' style=\"background-image: url(https:\/\/aulaabierta.arasaac.org\/wp-content\/uploads\/2019\/02\/Pon_un_picto_en_tu_distrito_pictogramas_ARASAAC_2-1-705x396.jpg);\"  title=\"Pon_un_picto_en_tu_distrito_pictogramas_ARASAAC_2\"  ><\/div><\/div><figcaption class='av-inner-masonry-content site-background'><div class='av-inner-masonry-content-pos'><div class='av-inner-masonry-content-pos-content'><div class='avia-arrow'><\/div><h3 class='av-masonry-entry-title entry-title '  itemprop=\"headline\" >&#8220;COLOQUE UM PICTO NO SEU DISTRITO&#8221; (M\u00c1LAGA)<\/h3><\/div><\/div><\/figcaption><\/figure><\/a><!--end av-masonry entry--><\/div><\/div>\n","protected":false},"excerpt":{"rendered":"","protected":false},"author":5,"featured_media":47614,"parent":0,"menu_order":0,"comment_status":"open","ping_status":"open","template":"","meta":{"om_disable_all_campaigns":false,"_monsterinsights_skip_tracking":false,"_monsterinsights_sitenote_active":false,"_monsterinsights_sitenote_note":"","_monsterinsights_sitenote_category":0,"_uf_show_specific_survey":0,"_uf_disable_surveys":false,"footnotes":""},"class_list":["post-68660","page","type-page","status-publish","has-post-thumbnail","hentry"],"aioseo_notices":[],"_links":{"self":[{"href":"https:\/\/aulaabierta.arasaac.org\/pt-pt\/wp-json\/wp\/v2\/pages\/68660","targetHints":{"allow":["GET"]}}],"collection":[{"href":"https:\/\/aulaabierta.arasaac.org\/pt-pt\/wp-json\/wp\/v2\/pages"}],"about":[{"href":"https:\/\/aulaabierta.arasaac.org\/pt-pt\/wp-json\/wp\/v2\/types\/page"}],"author":[{"embeddable":true,"href":"https:\/\/aulaabierta.arasaac.org\/pt-pt\/wp-json\/wp\/v2\/users\/5"}],"replies":[{"embeddable":true,"href":"https:\/\/aulaabierta.arasaac.org\/pt-pt\/wp-json\/wp\/v2\/comments?post=68660"}],"version-history":[{"count":7,"href":"https:\/\/aulaabierta.arasaac.org\/pt-pt\/wp-json\/wp\/v2\/pages\/68660\/revisions"}],"predecessor-version":[{"id":139580,"href":"https:\/\/aulaabierta.arasaac.org\/pt-pt\/wp-json\/wp\/v2\/pages\/68660\/revisions\/139580"}],"wp:featuredmedia":[{"embeddable":true,"href":"https:\/\/aulaabierta.arasaac.org\/pt-pt\/wp-json\/wp\/v2\/media\/47614"}],"wp:attachment":[{"href":"https:\/\/aulaabierta.arasaac.org\/pt-pt\/wp-json\/wp\/v2\/media?parent=68660"}],"curies":[{"name":"wp","href":"https:\/\/api.w.org\/{rel}","templated":true}]}}