{"id":68707,"date":"2020-04-20T19:56:47","date_gmt":"2020-04-20T18:56:47","guid":{"rendered":"https:\/\/aulaabierta.arasaac.org\/ejemplos_uso_restauracion"},"modified":"2023-02-09T11:15:37","modified_gmt":"2023-02-09T10:15:37","slug":"exemplo_utilizacao_restauracao","status":"publish","type":"page","link":"https:\/\/aulaabierta.arasaac.org\/pt-pt\/exemplo_utilizacao_restauracao","title":{"rendered":"Exemplo de Utiliza\u00e7\u00e3o &#8211; Restaura\u00e7\u00e3o"},"content":{"rendered":"<div id='av-layout-grid-1'  class='av-layout-grid-container av-1p18m1p-d2a8024fc07447151850241989d05345 entry-content-wrapper main_color av-border-cells av-flex-cells  avia-builder-el-0  el_before_av_heading  avia-builder-el-first   container_wrap fullsize'  >\n<div class='flex_cell av-14aglz1-40681e61157ccf9ebadea380d797e5bf av-gridrow-cell av_one_fifth no_margin  avia-builder-el-1  el_before_av_cell_four_fifth  avia-builder-el-first ' ><div class='flex_cell_inner'>\n<style type=\"text\/css\" data-created_by=\"avia_inline_auto\" id=\"style-css-av-k98qhs7a-037b62de3fcc16d7b79149915a6efadb\">\n.av_font_icon.av-k98qhs7a-037b62de3fcc16d7b79149915a6efadb{\ncolor:#83a846;\nborder-color:#83a846;\n}\n.av_font_icon.av-k98qhs7a-037b62de3fcc16d7b79149915a6efadb .av-icon-char{\nfont-size:100px;\nline-height:100px;\n}\n<\/style>\n<span  class='av_font_icon av-k98qhs7a-037b62de3fcc16d7b79149915a6efadb avia_animate_when_visible av-icon-style- avia-icon-pos-center avia-icon-animate'><a href='https:\/\/aulaabierta.arasaac.org\/pt-pt\/exemplos-de-uso-caa'  class='av-icon-char' aria-hidden='true' data-av_icon='\ue870' data-av_iconfont='entypo-fontello' ><\/a><\/span>\n<\/div><\/div>\n<style type=\"text\/css\" data-created_by=\"avia_inline_auto\" id=\"style-css-av-1jfcit9-54b425557e0514afd8d5ab8e138c4db3\">\n.flex_cell.av-1jfcit9-54b425557e0514afd8d5ab8e138c4db3{\nvertical-align:top;\n}\n.responsive #top #wrap_all .flex_cell.av-1jfcit9-54b425557e0514afd8d5ab8e138c4db3{\npadding:30px 30px 30px 30px !important;\n}\n<\/style>\n<div class='flex_cell av-1jfcit9-54b425557e0514afd8d5ab8e138c4db3 av-gridrow-cell av_four_fifth no_margin  avia-builder-el-3  el_after_av_cell_one_fifth  avia-builder-el-last ' ><div class='flex_cell_inner'><p><section  class='av_textblock_section av-k98qnvx7-ec267ede00f098f0343d15461fa42231'  itemscope=\"itemscope\" itemtype=\"https:\/\/schema.org\/CreativeWork\" ><div class='avia_textblock'  itemprop=\"text\" ><p><a name=\"arriba\"><\/a><\/p>\n<\/div><\/section><br \/>\n\n<style type=\"text\/css\" data-created_by=\"avia_inline_auto\" id=\"style-css-av-k98ub051-81887db1fad4fc40ff87f5f095a7c390\">\n#top .av-special-heading.av-k98ub051-81887db1fad4fc40ff87f5f095a7c390{\npadding-bottom:10px;\n}\nbody .av-special-heading.av-k98ub051-81887db1fad4fc40ff87f5f095a7c390 .av-special-heading-tag .heading-char{\nfont-size:25px;\n}\n.av-special-heading.av-k98ub051-81887db1fad4fc40ff87f5f095a7c390 .av-subheading{\nfont-size:15px;\n}\n<\/style>\n<div  class='av-special-heading av-k98ub051-81887db1fad4fc40ff87f5f095a7c390 av-special-heading-h1  avia-builder-el-5  el_after_av_textblock  avia-builder-el-last '><h1 class='av-special-heading-tag'  itemprop=\"headline\"  >Exemplos de Utiliza\u00e7\u00e3o &#8211; Restaura\u00e7\u00e3o<\/h1><div class=\"special-heading-border\"><div class=\"special-heading-inner-border\"><\/div><\/div><\/div><\/p>\n<\/div><\/div>\n<\/div><div id='after_grid_row_1'  class='main_color av_default_container_wrap container_wrap fullsize'  ><div class='container av-section-cont-open' ><div class='template-page content  av-content-full alpha units'><div class='post-entry post-entry-type-page post-entry-68707'><div class='entry-content-wrapper clearfix'>\n\n<style type=\"text\/css\" data-created_by=\"avia_inline_auto\" id=\"style-css-av-tcqnof-68d44f91b448cc219b353c9c050e5546\">\n#top .av-special-heading.av-tcqnof-68d44f91b448cc219b353c9c050e5546{\npadding-bottom:10px;\n}\nbody .av-special-heading.av-tcqnof-68d44f91b448cc219b353c9c050e5546 .av-special-heading-tag .heading-char{\nfont-size:25px;\n}\n.av-special-heading.av-tcqnof-68d44f91b448cc219b353c9c050e5546 .av-subheading{\nfont-size:15px;\n}\n<\/style>\n<div  class='av-special-heading av-tcqnof-68d44f91b448cc219b353c9c050e5546 av-special-heading-h2  avia-builder-el-6  el_after_av_layout_row  el_before_av_masonry_entries  avia-builder-el-no-sibling '><h2 class='av-special-heading-tag'  itemprop=\"headline\"  >Cat\u00e1logo<\/h2><div class=\"special-heading-border\"><div class=\"special-heading-inner-border\"><\/div><\/div><\/div>\n<div id='av-masonry-1' class='av-masonry av-boj6z-82cc0f117bd27632973baed0ab460022 noHover av-fixed-size av-large-gap av-hover-overlay-active av-masonry-animation-active av-masonry-col-3 av-caption-always av-caption-style- av-masonry-entries ' data-post_id=\"68707\"><div class=\"av-masonry-container isotope av-js-disabled\"><div class='av-masonry-entry isotope-item av-masonry-item-no-image all_sort educacao_sort  exemplos-de-uso_sort  restauracao-pt-pt_sort  comercio-pt-pt_sort '><\/div><a href=\"https:\/\/aulaabierta.arasaac.org\/pt-pt\/archivos\/Items de portfolio\/cafe-da-manha-na-cafeteria-sor-juana-esteira-tabela-and-asterics-aac\"  id='av-masonry-1-item-146039' data-av-masonry-item='146039' class='av-masonry-entry isotope-item post-146039 portfolio type-portfolio status-publish has-post-thumbnail hentry portfolio_entries-educacao portfolio_entries-exemplos-de-uso portfolio_entries-restauracao-pt-pt all_sort educacao_sort  exemplos-de-uso_sort  restauracao-pt-pt_sort  av-masonry-item-with-image av-grid-img' title=\"CPEE Sor Juana Ines de la Cruz Pictogramas ARASAAC 1\"   itemscope=\"itemscope\" itemtype=\"https:\/\/schema.org\/CreativeWork\" ><div class='av-inner-masonry-sizer'><\/div><figure class='av-inner-masonry main_color'><div class=\"av-masonry-outerimage-container\"><div class='av-masonry-image-container' style=\"background-image: url(https:\/\/aulaabierta.arasaac.org\/wp-content\/uploads\/2023\/03\/CPEE-Sor-Juana-Ines-de-la-Cruz-Pictogramas-ARASAAC-1-705x683.png);\"  title=\"CPEE Sor Juana Ines de la Cruz Pictogramas ARASAAC 1\"  ><\/div><\/div><figcaption class='av-inner-masonry-content site-background'><div class='av-inner-masonry-content-pos'><div class='av-inner-masonry-content-pos-content'><div class='avia-arrow'><\/div><h3 class='av-masonry-entry-title entry-title '  itemprop=\"headline\" >CAF\u00c9 DA MANH\u00c3 NA &#8220;CAFETER\u00cdA SOR JUANA&#8221; &#8211; ESTEIRA, TABELA E Asterics AAC<\/h3><\/div><\/div><\/figcaption><\/figure><\/a><!--end av-masonry entry--><a href=\"https:\/\/aulaabierta.arasaac.org\/pt-pt\/archivos\/Items de portfolio\/padaria-la-union-tolhuin-argentina\"  id='av-masonry-1-item-107335' data-av-masonry-item='107335' class='av-masonry-entry isotope-item post-107335 portfolio type-portfolio status-publish has-post-thumbnail hentry portfolio_entries-comercio-pt-pt portfolio_entries-exemplos-de-uso portfolio_entries-restauracao-pt-pt all_sort comercio-pt-pt_sort  exemplos-de-uso_sort  restauracao-pt-pt_sort  av-masonry-item-with-image av-grid-img' title=\"Panaderia_La_union_Tolhuin_pictogramas_ARASAAC_1\"   itemscope=\"itemscope\" itemtype=\"https:\/\/schema.org\/CreativeWork\" ><div class='av-inner-masonry-sizer'><\/div><figure class='av-inner-masonry main_color'><div class=\"av-masonry-outerimage-container\"><div class='av-masonry-image-container' style=\"background-image: url(https:\/\/aulaabierta.arasaac.org\/wp-content\/uploads\/2022\/09\/Panaderia_La_union_Tolhuin_pictogramas_ARASAAC_1-705x533.jpg);\"  title=\"Panaderia_La_union_Tolhuin_pictogramas_ARASAAC_1\"  ><\/div><\/div><figcaption class='av-inner-masonry-content site-background'><div class='av-inner-masonry-content-pos'><div class='av-inner-masonry-content-pos-content'><div class='avia-arrow'><\/div><h3 class='av-masonry-entry-title entry-title '  itemprop=\"headline\" >ACESSIBILIDADE COGNITIVA &#8211; PADARIA LA UNION &#8211; TOLHU\u00cdN (ARGENTINA)<\/h3><\/div><\/div><\/figcaption><\/figure><\/a><!--end av-masonry entry--><a href=\"https:\/\/aulaabierta.arasaac.org\/pt-pt\/archivos\/Items de portfolio\/menu-inclusive-para-local-food-fast-parral-chile\"  id='av-masonry-1-item-70147' data-av-masonry-item='70147' class='av-masonry-entry isotope-item post-70147 portfolio type-portfolio status-publish has-post-thumbnail hentry portfolio_entries-exemplos-de-uso portfolio_entries-restauracao-pt-pt all_sort exemplos-de-uso_sort  restauracao-pt-pt_sort  av-masonry-item-with-image av-grid-img' title=\"Restaurante_El_Gasca_Parral_Chile_1\"   itemscope=\"itemscope\" itemtype=\"https:\/\/schema.org\/CreativeWork\" ><div class='av-inner-masonry-sizer'><\/div><figure class='av-inner-masonry main_color'><div class=\"av-masonry-outerimage-container\"><div class='av-masonry-image-container' style=\"background-image: url(https:\/\/aulaabierta.arasaac.org\/wp-content\/uploads\/2021\/03\/Restaurante_El_Gasca_Parral_Chile_1-705x529.jpg);\"  title=\"Restaurante_El_Gasca_Parral_Chile_1\"  ><\/div><\/div><figcaption class='av-inner-masonry-content site-background'><div class='av-inner-masonry-content-pos'><div class='av-inner-masonry-content-pos-content'><div class='avia-arrow'><\/div><h3 class='av-masonry-entry-title entry-title '  itemprop=\"headline\" >MENU INCLUSIVO PARA FAST FOOD OUTLETS-PARRAL (CHILE)<\/h3><\/div><\/div><\/figcaption><\/figure><\/a><!--end av-masonry entry--><a href=\"https:\/\/aulaabierta.arasaac.org\/pt-pt\/archivos\/Items de portfolio\/adaptacao-de-cardapios-de-cafeterias-aspapros-almeria\"  id='av-masonry-1-item-70427' data-av-masonry-item='70427' class='av-masonry-entry isotope-item post-70427 portfolio type-portfolio status-publish has-post-thumbnail hentry portfolio_entries-exemplos-de-uso portfolio_entries-restauracao-pt-pt all_sort exemplos-de-uso_sort  restauracao-pt-pt_sort  av-masonry-item-with-image av-grid-img' title=\"aspapros_desayunos_pictogramas_ARASAAC_3\"   itemscope=\"itemscope\" itemtype=\"https:\/\/schema.org\/CreativeWork\" ><div class='av-inner-masonry-sizer'><\/div><figure class='av-inner-masonry main_color'><div class=\"av-masonry-outerimage-container\"><div class='av-masonry-image-container' style=\"background-image: url(https:\/\/aulaabierta.arasaac.org\/wp-content\/uploads\/2020\/03\/aspapros_desayunos_pictogramas_ARASAAC_3-528x705.jpg);\"  title=\"aspapros_desayunos_pictogramas_ARASAAC_3\"  ><\/div><\/div><figcaption class='av-inner-masonry-content site-background'><div class='av-inner-masonry-content-pos'><div class='av-inner-masonry-content-pos-content'><div class='avia-arrow'><\/div><h3 class='av-masonry-entry-title entry-title '  itemprop=\"headline\" >ADAPTA\u00c7\u00c3O DE CART\u00d5ES DO MENU DE CAFETER\u00cdAS &#8211; ASPAPROS (ALMER\u00cdA)<\/h3><\/div><\/div><\/figcaption><\/figure><\/a><!--end av-masonry entry--><a href=\"https:\/\/aulaabierta.arasaac.org\/pt-pt\/archivos\/Items de portfolio\/cafetaria-mqr-villena-alicante\"  id='av-masonry-1-item-70431' data-av-masonry-item='70431' class='av-masonry-entry isotope-item post-70431 portfolio type-portfolio status-publish has-post-thumbnail hentry portfolio_entries-exemplos-de-uso portfolio_entries-restauracao-pt-pt all_sort exemplos-de-uso_sort  restauracao-pt-pt_sort  av-masonry-item-with-image av-portrait-img' title=\"rbt\"   itemscope=\"itemscope\" itemtype=\"https:\/\/schema.org\/CreativeWork\" ><div class='av-inner-masonry-sizer'><\/div><figure class='av-inner-masonry main_color'><div class=\"av-masonry-outerimage-container\"><div class='av-masonry-image-container' style=\"background-image: url(https:\/\/aulaabierta.arasaac.org\/wp-content\/uploads\/2019\/09\/Carta_Cafeteria_MQR_con_pictogramas_ARASAAC_1-398x705.jpg);\"  title=\"rbt\"  ><\/div><\/div><figcaption class='av-inner-masonry-content site-background'><div class='av-inner-masonry-content-pos'><div class='av-inner-masonry-content-pos-content'><div class='avia-arrow'><\/div><h3 class='av-masonry-entry-title entry-title '  itemprop=\"headline\" >CAFETARIA MQR &#8211; VILLENA &#8211; ALICANTE<\/h3><\/div><\/div><\/figcaption><\/figure><\/a><!--end av-masonry entry--><a href=\"https:\/\/aulaabierta.arasaac.org\/pt-pt\/archivos\/Items de portfolio\/inclusive-saidas-e-cafeteiras-sikla-argentina\"  id='av-masonry-1-item-70434' data-av-masonry-item='70434' class='av-masonry-entry isotope-item post-70434 portfolio type-portfolio status-publish has-post-thumbnail hentry portfolio_entries-exemplos-de-uso portfolio_entries-restauracao-pt-pt all_sort exemplos-de-uso_sort  restauracao-pt-pt_sort  av-masonry-item-with-image av-landscape-img' title=\"Menu_inclusivo_cafeteras_pictogramas_1\"   itemscope=\"itemscope\" itemtype=\"https:\/\/schema.org\/CreativeWork\" ><div class='av-inner-masonry-sizer'><\/div><figure class='av-inner-masonry main_color'><div class=\"av-masonry-outerimage-container\"><div class='av-masonry-image-container' style=\"background-image: url(https:\/\/aulaabierta.arasaac.org\/wp-content\/uploads\/2019\/06\/Menu_inclusivo_cafeteras_pictogramas_1-705x397.jpg);\"  title=\"Menu_inclusivo_cafeteras_pictogramas_1\"  ><\/div><\/div><figcaption class='av-inner-masonry-content site-background'><div class='av-inner-masonry-content-pos'><div class='av-inner-masonry-content-pos-content'><div class='avia-arrow'><\/div><h3 class='av-masonry-entry-title entry-title '  itemprop=\"headline\" >SA\u00cdDAS INCLUSIVAS E CAFETERAS SIKLA (ARGENTINA)<\/h3><\/div><\/div><\/figcaption><\/figure><\/a><!--end av-masonry entry--><a href=\"https:\/\/aulaabierta.arasaac.org\/pt-pt\/archivos\/Items de portfolio\/restaurantes-la-colchoneria-rustic-burger-y-la-piccola-stanza-leon-pt\"  id='av-masonry-1-item-70437' data-av-masonry-item='70437' class='av-masonry-entry isotope-item post-70437 portfolio type-portfolio status-publish has-post-thumbnail hentry portfolio_entries-exemplos-de-uso portfolio_entries-restauracao-pt-pt all_sort exemplos-de-uso_sort  restauracao-pt-pt_sort  av-masonry-item-with-image av-landscape-img' title=\"Carta_adaptada_restaurante_pictogramas_ARASAAC\"   itemscope=\"itemscope\" itemtype=\"https:\/\/schema.org\/CreativeWork\" ><div class='av-inner-masonry-sizer'><\/div><figure class='av-inner-masonry main_color'><div class=\"av-masonry-outerimage-container\"><div class='av-masonry-image-container' style=\"background-image: url(https:\/\/aulaabierta.arasaac.org\/wp-content\/uploads\/2019\/06\/Carta_adaptada_restaurante_pictogramas_ARASAAC-1-705x370.jpg);\"  title=\"Carta_adaptada_restaurante_pictogramas_ARASAAC\"  ><\/div><\/div><figcaption class='av-inner-masonry-content site-background'><div class='av-inner-masonry-content-pos'><div class='av-inner-masonry-content-pos-content'><div class='avia-arrow'><\/div><h3 class='av-masonry-entry-title entry-title '  itemprop=\"headline\" >RESTAURANTES LA COLCHONER\u00cdA RUSTIC BURGER E LA PICCOLA STANZA (LE\u00d3N)<\/h3><\/div><\/div><\/figcaption><\/figure><\/a><!--end av-masonry entry--><a href=\"https:\/\/aulaabierta.arasaac.org\/pt-pt\/archivos\/Items de portfolio\/al-bar-e-al-ristorante-scelgo-io-bergamo-italia-pt\"  id='av-masonry-1-item-70440' data-av-masonry-item='70440' class='av-masonry-entry isotope-item post-70440 portfolio type-portfolio status-publish has-post-thumbnail hentry portfolio_entries-exemplos-de-uso portfolio_entries-restauracao-pt-pt all_sort exemplos-de-uso_sort  restauracao-pt-pt_sort  av-masonry-item-with-image av-grid-img' title=\"Tovagliette_Al-bar-e-al-ristorante-scelgo-io-ARASAAC\"   itemscope=\"itemscope\" itemtype=\"https:\/\/schema.org\/CreativeWork\" ><div class='av-inner-masonry-sizer'><\/div><figure class='av-inner-masonry main_color'><div class=\"av-masonry-outerimage-container\"><div class='av-masonry-image-container' style=\"background-image: url(https:\/\/aulaabierta.arasaac.org\/wp-content\/uploads\/2017\/04\/Tovagliette_Al-bar-e-al-ristorante-scelgo-io-ARASAAC-705x470.jpg);\"  title=\"Tovagliette_Al-bar-e-al-ristorante-scelgo-io-ARASAAC\"  ><\/div><\/div><figcaption class='av-inner-masonry-content site-background'><div class='av-inner-masonry-content-pos'><div class='av-inner-masonry-content-pos-content'><div class='avia-arrow'><\/div><h3 class='av-masonry-entry-title entry-title '  itemprop=\"headline\" >AL BAR E AL RISTORANTE SCELGO IO! &#8211; BERGAMO (ITALIA)<\/h3><\/div><\/div><\/figcaption><\/figure><\/a><!--end av-masonry entry--><a href=\"https:\/\/aulaabierta.arasaac.org\/pt-pt\/archivos\/Items de portfolio\/menu-adaptado-bodegas-el-pimpi-malaga-pt\"  id='av-masonry-1-item-70447' data-av-masonry-item='70447' class='av-masonry-entry isotope-item post-70447 portfolio type-portfolio status-publish has-post-thumbnail hentry portfolio_entries-exemplos-de-uso portfolio_entries-restauracao-pt-pt all_sort exemplos-de-uso_sort  restauracao-pt-pt_sort  av-masonry-item-with-image av-grid-img' title=\"Bodegas_El_Pimpi_Autismap_pictogramas_ARASAAC_1\"   itemscope=\"itemscope\" itemtype=\"https:\/\/schema.org\/CreativeWork\" ><div class='av-inner-masonry-sizer'><\/div><figure class='av-inner-masonry main_color'><div class=\"av-masonry-outerimage-container\"><div class='av-masonry-image-container' style=\"background-image: url(https:\/\/aulaabierta.arasaac.org\/wp-content\/uploads\/2020\/01\/Bodegas_El_Pimpi_Autismap_pictogramas_ARASAAC_1-705x470.jpg);\"  title=\"Bodegas_El_Pimpi_Autismap_pictogramas_ARASAAC_1\"  ><\/div><\/div><figcaption class='av-inner-masonry-content site-background'><div class='av-inner-masonry-content-pos'><div class='av-inner-masonry-content-pos-content'><div class='avia-arrow'><\/div><h3 class='av-masonry-entry-title entry-title '  itemprop=\"headline\" >MENU ADAPTADO ADEGAS \u00abEL PIMPI\u00bb (M\u00c1LAGA)<\/h3><\/div><\/div><\/figcaption><\/figure><\/a><!--end av-masonry entry--><\/div><\/div>\n","protected":false},"excerpt":{"rendered":"","protected":false},"author":5,"featured_media":57712,"parent":0,"menu_order":0,"comment_status":"open","ping_status":"open","template":"","meta":{"om_disable_all_campaigns":false,"_monsterinsights_skip_tracking":false,"_monsterinsights_sitenote_active":false,"_monsterinsights_sitenote_note":"","_monsterinsights_sitenote_category":0,"_uf_show_specific_survey":0,"_uf_disable_surveys":false,"footnotes":""},"class_list":["post-68707","page","type-page","status-publish","has-post-thumbnail","hentry"],"aioseo_notices":[],"_links":{"self":[{"href":"https:\/\/aulaabierta.arasaac.org\/pt-pt\/wp-json\/wp\/v2\/pages\/68707","targetHints":{"allow":["GET"]}}],"collection":[{"href":"https:\/\/aulaabierta.arasaac.org\/pt-pt\/wp-json\/wp\/v2\/pages"}],"about":[{"href":"https:\/\/aulaabierta.arasaac.org\/pt-pt\/wp-json\/wp\/v2\/types\/page"}],"author":[{"embeddable":true,"href":"https:\/\/aulaabierta.arasaac.org\/pt-pt\/wp-json\/wp\/v2\/users\/5"}],"replies":[{"embeddable":true,"href":"https:\/\/aulaabierta.arasaac.org\/pt-pt\/wp-json\/wp\/v2\/comments?post=68707"}],"version-history":[{"count":7,"href":"https:\/\/aulaabierta.arasaac.org\/pt-pt\/wp-json\/wp\/v2\/pages\/68707\/revisions"}],"predecessor-version":[{"id":139582,"href":"https:\/\/aulaabierta.arasaac.org\/pt-pt\/wp-json\/wp\/v2\/pages\/68707\/revisions\/139582"}],"wp:featuredmedia":[{"embeddable":true,"href":"https:\/\/aulaabierta.arasaac.org\/pt-pt\/wp-json\/wp\/v2\/media\/57712"}],"wp:attachment":[{"href":"https:\/\/aulaabierta.arasaac.org\/pt-pt\/wp-json\/wp\/v2\/media?parent=68707"}],"curies":[{"name":"wp","href":"https:\/\/api.w.org\/{rel}","templated":true}]}}