{"id":68820,"date":"2020-04-20T19:25:11","date_gmt":"2020-04-20T18:25:11","guid":{"rendered":"https:\/\/aulaabierta.arasaac.org\/ejemplos_uso_derechos"},"modified":"2023-02-09T11:15:38","modified_gmt":"2023-02-09T10:15:38","slug":"exemplo_utilizacao_direitos","status":"publish","type":"page","link":"https:\/\/aulaabierta.arasaac.org\/pt-pt\/exemplo_utilizacao_direitos","title":{"rendered":"Exemplo de Uso &#8211; Direitos"},"content":{"rendered":"<div id='av-layout-grid-1'  class='av-layout-grid-container av-1p18m1p-d2a8024fc07447151850241989d05345 entry-content-wrapper main_color av-border-cells av-flex-cells  avia-builder-el-0  el_before_av_heading  avia-builder-el-first   container_wrap fullsize'  >\n<div class='flex_cell av-14aglz1-40681e61157ccf9ebadea380d797e5bf av-gridrow-cell av_one_fifth no_margin  avia-builder-el-1  el_before_av_cell_four_fifth  avia-builder-el-first ' ><div class='flex_cell_inner'>\n<style type=\"text\/css\" data-created_by=\"avia_inline_auto\" id=\"style-css-av-k98qhs7a-037b62de3fcc16d7b79149915a6efadb\">\n.av_font_icon.av-k98qhs7a-037b62de3fcc16d7b79149915a6efadb{\ncolor:#83a846;\nborder-color:#83a846;\n}\n.av_font_icon.av-k98qhs7a-037b62de3fcc16d7b79149915a6efadb .av-icon-char{\nfont-size:100px;\nline-height:100px;\n}\n<\/style>\n<span  class='av_font_icon av-k98qhs7a-037b62de3fcc16d7b79149915a6efadb avia_animate_when_visible av-icon-style- avia-icon-pos-center avia-icon-animate'><a href='https:\/\/aulaabierta.arasaac.org\/pt-pt\/exemplos-de-uso-caa'  class='av-icon-char' aria-hidden='true' data-av_icon='\ue870' data-av_iconfont='entypo-fontello' ><\/a><\/span>\n<\/div><\/div>\n<style type=\"text\/css\" data-created_by=\"avia_inline_auto\" id=\"style-css-av-1jfcit9-54b425557e0514afd8d5ab8e138c4db3\">\n.flex_cell.av-1jfcit9-54b425557e0514afd8d5ab8e138c4db3{\nvertical-align:top;\n}\n.responsive #top #wrap_all .flex_cell.av-1jfcit9-54b425557e0514afd8d5ab8e138c4db3{\npadding:30px 30px 30px 30px !important;\n}\n<\/style>\n<div class='flex_cell av-1jfcit9-54b425557e0514afd8d5ab8e138c4db3 av-gridrow-cell av_four_fifth no_margin  avia-builder-el-3  el_after_av_cell_one_fifth  avia-builder-el-last ' ><div class='flex_cell_inner'><p><section  class='av_textblock_section av-k98qnvx7-ec267ede00f098f0343d15461fa42231'  itemscope=\"itemscope\" itemtype=\"https:\/\/schema.org\/CreativeWork\" ><div class='avia_textblock'  itemprop=\"text\" ><p><a name=\"arriba\"><\/a><\/p>\n<\/div><\/section><br \/>\n\n<style type=\"text\/css\" data-created_by=\"avia_inline_auto\" id=\"style-css-av-k98t6ci7-5f0c5625346db2e580786d17ee04003e\">\n#top .av-special-heading.av-k98t6ci7-5f0c5625346db2e580786d17ee04003e{\npadding-bottom:10px;\n}\nbody .av-special-heading.av-k98t6ci7-5f0c5625346db2e580786d17ee04003e .av-special-heading-tag .heading-char{\nfont-size:25px;\n}\n.av-special-heading.av-k98t6ci7-5f0c5625346db2e580786d17ee04003e .av-subheading{\nfont-size:15px;\n}\n<\/style>\n<div  class='av-special-heading av-k98t6ci7-5f0c5625346db2e580786d17ee04003e av-special-heading-h1  avia-builder-el-5  el_after_av_textblock  avia-builder-el-last '><h1 class='av-special-heading-tag'  itemprop=\"headline\"  >Exemplos de Uso &#8211; Direitos<\/h1><div class=\"special-heading-border\"><div class=\"special-heading-inner-border\"><\/div><\/div><\/div><\/p>\n<\/div><\/div>\n<\/div><div id='after_grid_row_1'  class='main_color av_default_container_wrap container_wrap fullsize'  ><div class='container av-section-cont-open' ><div class='template-page content  av-content-full alpha units'><div class='post-entry post-entry-type-page post-entry-68820'><div class='entry-content-wrapper clearfix'>\n\n<style type=\"text\/css\" data-created_by=\"avia_inline_auto\" id=\"style-css-av-qau1dn-6b8d16b06dcaf69949b47d57eb79e3cd\">\n#top .av-special-heading.av-qau1dn-6b8d16b06dcaf69949b47d57eb79e3cd{\npadding-bottom:10px;\n}\nbody .av-special-heading.av-qau1dn-6b8d16b06dcaf69949b47d57eb79e3cd .av-special-heading-tag .heading-char{\nfont-size:25px;\n}\n.av-special-heading.av-qau1dn-6b8d16b06dcaf69949b47d57eb79e3cd .av-subheading{\nfont-size:15px;\n}\n<\/style>\n<div  class='av-special-heading av-qau1dn-6b8d16b06dcaf69949b47d57eb79e3cd av-special-heading-h2  avia-builder-el-6  el_after_av_layout_row  el_before_av_masonry_entries  avia-builder-el-no-sibling '><h2 class='av-special-heading-tag'  itemprop=\"headline\"  >Cat\u00e1logo<\/h2><div class=\"special-heading-border\"><div class=\"special-heading-inner-border\"><\/div><\/div><\/div>\n<div id='av-masonry-1' class='av-masonry av-boj6z-b6cf84255d4338e3549a577eb9f6a2a0 noHover av-flex-size av-large-gap av-hover-overlay-active av-masonry-animation-active av-masonry-col-2 av-caption-always av-caption-style- av-masonry-entries ' data-post_id=\"68820\"><div class=\"av-masonry-container isotope av-js-disabled\"><div class='av-masonry-entry isotope-item av-masonry-item-no-image all_sort direitos_sort  documentos-pt-pt_sort  exemplos-de-uso_sort '><\/div><a href=\"https:\/\/aulaabierta.arasaac.org\/pt-pt\/archivos\/Items de portfolio\/plenario-municipal-acessivel-com-pictogramas-camara-municipal-terrassa\"  id='av-masonry-1-item-74478' data-av-masonry-item='74478' class='av-masonry-entry isotope-item post-74478 portfolio type-portfolio status-publish has-post-thumbnail hentry portfolio_entries-direitos portfolio_entries-documentos-pt-pt portfolio_entries-exemplos-de-uso all_sort direitos_sort  documentos-pt-pt_sort  exemplos-de-uso_sort  av-masonry-item-with-image' title=\"Terrasa_Plenos\"   itemscope=\"itemscope\" itemtype=\"https:\/\/schema.org\/CreativeWork\" ><div class='av-inner-masonry-sizer'><\/div><figure class='av-inner-masonry main_color'><div class=\"av-masonry-outerimage-container\"><div class='av-masonry-image-container'   ><img decoding=\"async\" width=\"705\" height=\"529\" class=\"wp-image-73012 avia-img-lazy-loading-not-73012\"  src=\"https:\/\/aulaabierta.arasaac.org\/wp-content\/uploads\/2021\/11\/Terrasa_Plenos-705x529.jpg\" title=\"Terrasa_Plenos\" alt=\"\" srcset=\"https:\/\/aulaabierta.arasaac.org\/wp-content\/uploads\/2021\/11\/Terrasa_Plenos-705x529.jpg 705w, https:\/\/aulaabierta.arasaac.org\/wp-content\/uploads\/2021\/11\/Terrasa_Plenos-300x225.jpg 300w, https:\/\/aulaabierta.arasaac.org\/wp-content\/uploads\/2021\/11\/Terrasa_Plenos-1030x773.jpg 1030w, https:\/\/aulaabierta.arasaac.org\/wp-content\/uploads\/2021\/11\/Terrasa_Plenos-768x576.jpg 768w, https:\/\/aulaabierta.arasaac.org\/wp-content\/uploads\/2021\/11\/Terrasa_Plenos-1536x1152.jpg 1536w, https:\/\/aulaabierta.arasaac.org\/wp-content\/uploads\/2021\/11\/Terrasa_Plenos-1500x1125.jpg 1500w, https:\/\/aulaabierta.arasaac.org\/wp-content\/uploads\/2021\/11\/Terrasa_Plenos.jpg 1600w\" sizes=\"(max-width: 705px) 100vw, 705px\" \/><\/div><\/div><figcaption class='av-inner-masonry-content site-background'><div class='av-inner-masonry-content-pos'><div class='av-inner-masonry-content-pos-content'><div class='avia-arrow'><\/div><h3 class='av-masonry-entry-title entry-title '  itemprop=\"headline\" >Plen\u00e1rios municipais acess\u00edveis com pictogramas &#8211; C\u00e2mara Municipal de Terrassa<\/h3><\/div><\/div><\/figcaption><\/figure><\/a><!--end av-masonry entry--><a href=\"https:\/\/aulaabierta.arasaac.org\/pt-pt\/archivos\/Items de portfolio\/eu-tambem-voto-ceapat\"  id='av-masonry-1-item-70477' data-av-masonry-item='70477' class='av-masonry-entry isotope-item post-70477 portfolio type-portfolio status-publish has-post-thumbnail hentry portfolio_entries-direitos portfolio_entries-exemplos-de-uso all_sort direitos_sort  exemplos-de-uso_sort  av-masonry-item-with-image' title=\"Yo_tambien_voto_Elecciones_Generales_2019_CEAPAT-ARASAAC_pictogramas_1\"   itemscope=\"itemscope\" itemtype=\"https:\/\/schema.org\/CreativeWork\" ><div class='av-inner-masonry-sizer'><\/div><figure class='av-inner-masonry main_color'><div class=\"av-masonry-outerimage-container\"><div class='av-masonry-image-container'   ><img decoding=\"async\" width=\"705\" height=\"503\" class=\"wp-image-46764 avia-img-lazy-loading-not-46764\"  src=\"https:\/\/aulaabierta.arasaac.org\/wp-content\/uploads\/2019\/04\/Yo_tambien_voto_Elecciones_Generales_2019_CEAPAT-ARASAAC_pictogramas_1-705x503.jpg\" title=\"Yo_tambien_voto_Elecciones_Generales_2019_CEAPAT-ARASAAC_pictogramas_1\" alt=\"\" srcset=\"https:\/\/aulaabierta.arasaac.org\/wp-content\/uploads\/2019\/04\/Yo_tambien_voto_Elecciones_Generales_2019_CEAPAT-ARASAAC_pictogramas_1-705x503.jpg 705w, https:\/\/aulaabierta.arasaac.org\/wp-content\/uploads\/2019\/04\/Yo_tambien_voto_Elecciones_Generales_2019_CEAPAT-ARASAAC_pictogramas_1-300x214.jpg 300w, https:\/\/aulaabierta.arasaac.org\/wp-content\/uploads\/2019\/04\/Yo_tambien_voto_Elecciones_Generales_2019_CEAPAT-ARASAAC_pictogramas_1-768x548.jpg 768w, https:\/\/aulaabierta.arasaac.org\/wp-content\/uploads\/2019\/04\/Yo_tambien_voto_Elecciones_Generales_2019_CEAPAT-ARASAAC_pictogramas_1-260x185.jpg 260w, https:\/\/aulaabierta.arasaac.org\/wp-content\/uploads\/2019\/04\/Yo_tambien_voto_Elecciones_Generales_2019_CEAPAT-ARASAAC_pictogramas_1-450x321.jpg 450w, https:\/\/aulaabierta.arasaac.org\/wp-content\/uploads\/2019\/04\/Yo_tambien_voto_Elecciones_Generales_2019_CEAPAT-ARASAAC_pictogramas_1.jpg 831w\" sizes=\"(max-width: 705px) 100vw, 705px\" \/><\/div><\/div><figcaption class='av-inner-masonry-content site-background'><div class='av-inner-masonry-content-pos'><div class='av-inner-masonry-content-pos-content'><div class='avia-arrow'><\/div><h3 class='av-masonry-entry-title entry-title '  itemprop=\"headline\" >TAMB\u00c9M VOTO &#8211; CEAPAT<\/h3><\/div><\/div><\/figcaption><\/figure><\/a><!--end av-masonry entry--><a href=\"https:\/\/aulaabierta.arasaac.org\/pt-pt\/archivos\/Items de portfolio\/depende-de-los-2-por-la-igualdad-de-genero-pt\"  id='av-masonry-1-item-70480' data-av-masonry-item='70480' class='av-masonry-entry isotope-item post-70480 portfolio type-portfolio status-publish has-post-thumbnail hentry portfolio_entries-direitos portfolio_entries-exemplos-de-uso all_sort direitos_sort  exemplos-de-uso_sort  av-masonry-item-with-image' title=\"Depende_de_los_2\"   itemscope=\"itemscope\" itemtype=\"https:\/\/schema.org\/CreativeWork\" ><div class='av-inner-masonry-sizer'><\/div><figure class='av-inner-masonry main_color'><div class=\"av-masonry-outerimage-container\"><div class='av-masonry-image-container'   ><img decoding=\"async\" width=\"705\" height=\"197\" class=\"wp-image-44501 avia-img-lazy-loading-not-44501\"  src=\"https:\/\/aulaabierta.arasaac.org\/wp-content\/uploads\/2018\/11\/Depende_de_los_2-705x197.jpg\" title=\"Depende_de_los_2\" alt=\"\" srcset=\"https:\/\/aulaabierta.arasaac.org\/wp-content\/uploads\/2018\/11\/Depende_de_los_2-705x197.jpg 705w, https:\/\/aulaabierta.arasaac.org\/wp-content\/uploads\/2018\/11\/Depende_de_los_2-300x84.jpg 300w, https:\/\/aulaabierta.arasaac.org\/wp-content\/uploads\/2018\/11\/Depende_de_los_2-768x214.jpg 768w, https:\/\/aulaabierta.arasaac.org\/wp-content\/uploads\/2018\/11\/Depende_de_los_2-450x126.jpg 450w, https:\/\/aulaabierta.arasaac.org\/wp-content\/uploads\/2018\/11\/Depende_de_los_2.jpg 964w\" sizes=\"(max-width: 705px) 100vw, 705px\" \/><\/div><\/div><figcaption class='av-inner-masonry-content site-background'><div class='av-inner-masonry-content-pos'><div class='av-inner-masonry-content-pos-content'><div class='avia-arrow'><\/div><h3 class='av-masonry-entry-title entry-title '  itemprop=\"headline\" >&#8220;DEPENDE DO 2&#8221; &#8211; PARA A IGUALDADE DE G\u00c9NERO<\/h3><\/div><\/div><\/figcaption><\/figure><\/a><!--end av-masonry entry--><\/div><\/div>\n","protected":false},"excerpt":{"rendered":"","protected":false},"author":5,"featured_media":57673,"parent":0,"menu_order":0,"comment_status":"open","ping_status":"open","template":"","meta":{"om_disable_all_campaigns":false,"_monsterinsights_skip_tracking":false,"_monsterinsights_sitenote_active":false,"_monsterinsights_sitenote_note":"","_monsterinsights_sitenote_category":0,"_uf_show_specific_survey":0,"_uf_disable_surveys":false,"footnotes":""},"class_list":["post-68820","page","type-page","status-publish","has-post-thumbnail","hentry"],"aioseo_notices":[],"_links":{"self":[{"href":"https:\/\/aulaabierta.arasaac.org\/pt-pt\/wp-json\/wp\/v2\/pages\/68820","targetHints":{"allow":["GET"]}}],"collection":[{"href":"https:\/\/aulaabierta.arasaac.org\/pt-pt\/wp-json\/wp\/v2\/pages"}],"about":[{"href":"https:\/\/aulaabierta.arasaac.org\/pt-pt\/wp-json\/wp\/v2\/types\/page"}],"author":[{"embeddable":true,"href":"https:\/\/aulaabierta.arasaac.org\/pt-pt\/wp-json\/wp\/v2\/users\/5"}],"replies":[{"embeddable":true,"href":"https:\/\/aulaabierta.arasaac.org\/pt-pt\/wp-json\/wp\/v2\/comments?post=68820"}],"version-history":[{"count":7,"href":"https:\/\/aulaabierta.arasaac.org\/pt-pt\/wp-json\/wp\/v2\/pages\/68820\/revisions"}],"predecessor-version":[{"id":139588,"href":"https:\/\/aulaabierta.arasaac.org\/pt-pt\/wp-json\/wp\/v2\/pages\/68820\/revisions\/139588"}],"wp:featuredmedia":[{"embeddable":true,"href":"https:\/\/aulaabierta.arasaac.org\/pt-pt\/wp-json\/wp\/v2\/media\/57673"}],"wp:attachment":[{"href":"https:\/\/aulaabierta.arasaac.org\/pt-pt\/wp-json\/wp\/v2\/media?parent=68820"}],"curies":[{"name":"wp","href":"https:\/\/api.w.org\/{rel}","templated":true}]}}