{"id":68897,"date":"2020-04-20T19:51:11","date_gmt":"2020-04-20T18:51:11","guid":{"rendered":"https:\/\/aulaabierta.arasaac.org\/ejemplos_uso_medios_de_comunicacion"},"modified":"2023-02-09T11:15:39","modified_gmt":"2023-02-09T10:15:39","slug":"exemplo_utilizacao_meios_comunicacao","status":"publish","type":"page","link":"https:\/\/aulaabierta.arasaac.org\/pt-pt\/exemplo_utilizacao_meios_comunicacao","title":{"rendered":"Exemplo de Utiliza\u00e7\u00e3o &#8211; Meios de comunica\u00e7\u00e3o"},"content":{"rendered":"<div id='av-layout-grid-1'  class='av-layout-grid-container av-1p18m1p-d2a8024fc07447151850241989d05345 entry-content-wrapper main_color av-border-cells av-flex-cells  avia-builder-el-0  el_before_av_heading  avia-builder-el-first   container_wrap fullsize'  >\n<div class='flex_cell av-14aglz1-40681e61157ccf9ebadea380d797e5bf av-gridrow-cell av_one_fifth no_margin  avia-builder-el-1  el_before_av_cell_four_fifth  avia-builder-el-first ' ><div class='flex_cell_inner'>\n<style type=\"text\/css\" data-created_by=\"avia_inline_auto\" id=\"style-css-av-k98qhs7a-037b62de3fcc16d7b79149915a6efadb\">\n.av_font_icon.av-k98qhs7a-037b62de3fcc16d7b79149915a6efadb{\ncolor:#83a846;\nborder-color:#83a846;\n}\n.av_font_icon.av-k98qhs7a-037b62de3fcc16d7b79149915a6efadb .av-icon-char{\nfont-size:100px;\nline-height:100px;\n}\n<\/style>\n<span  class='av_font_icon av-k98qhs7a-037b62de3fcc16d7b79149915a6efadb avia_animate_when_visible av-icon-style- avia-icon-pos-center avia-icon-animate'><a href='https:\/\/aulaabierta.arasaac.org\/pt-pt\/exemplos-de-uso-caa'  class='av-icon-char' aria-hidden='true' data-av_icon='\ue870' data-av_iconfont='entypo-fontello' ><\/a><\/span>\n<\/div><\/div>\n<style type=\"text\/css\" data-created_by=\"avia_inline_auto\" id=\"style-css-av-1jfcit9-54b425557e0514afd8d5ab8e138c4db3\">\n.flex_cell.av-1jfcit9-54b425557e0514afd8d5ab8e138c4db3{\nvertical-align:top;\n}\n.responsive #top #wrap_all .flex_cell.av-1jfcit9-54b425557e0514afd8d5ab8e138c4db3{\npadding:30px 30px 30px 30px !important;\n}\n<\/style>\n<div class='flex_cell av-1jfcit9-54b425557e0514afd8d5ab8e138c4db3 av-gridrow-cell av_four_fifth no_margin  avia-builder-el-3  el_after_av_cell_one_fifth  avia-builder-el-last ' ><div class='flex_cell_inner'><p><section  class='av_textblock_section av-k98qnvx7-ec267ede00f098f0343d15461fa42231'  itemscope=\"itemscope\" itemtype=\"https:\/\/schema.org\/CreativeWork\" ><div class='avia_textblock'  itemprop=\"text\" ><p><a name=\"arriba\"><\/a><\/p>\n<\/div><\/section><br \/>\n\n<style type=\"text\/css\" data-created_by=\"avia_inline_auto\" id=\"style-css-av-k98u3bnz-d118472656f64a599ac5f984613cab37\">\n#top .av-special-heading.av-k98u3bnz-d118472656f64a599ac5f984613cab37{\npadding-bottom:10px;\n}\nbody .av-special-heading.av-k98u3bnz-d118472656f64a599ac5f984613cab37 .av-special-heading-tag .heading-char{\nfont-size:25px;\n}\n.av-special-heading.av-k98u3bnz-d118472656f64a599ac5f984613cab37 .av-subheading{\nfont-size:15px;\n}\n<\/style>\n<div  class='av-special-heading av-k98u3bnz-d118472656f64a599ac5f984613cab37 av-special-heading-h1  avia-builder-el-5  el_after_av_textblock  avia-builder-el-last '><h1 class='av-special-heading-tag'  itemprop=\"headline\"  >Exemplos de Utiliza\u00e7\u00e3o &#8211; Meios de comunica\u00e7\u00e3o<\/h1><div class=\"special-heading-border\"><div class=\"special-heading-inner-border\"><\/div><\/div><\/div><\/p>\n<\/div><\/div>\n<\/div><div id='after_grid_row_1'  class='main_color av_default_container_wrap container_wrap fullsize'  ><div class='container av-section-cont-open' ><div class='template-page content  av-content-full alpha units'><div class='post-entry post-entry-type-page post-entry-68897'><div class='entry-content-wrapper clearfix'>\n\n<style type=\"text\/css\" data-created_by=\"avia_inline_auto\" id=\"style-css-av-t5aqly-d3a25286a7ae39603068ca411a429ed3\">\n#top .av-special-heading.av-t5aqly-d3a25286a7ae39603068ca411a429ed3{\npadding-bottom:10px;\n}\nbody .av-special-heading.av-t5aqly-d3a25286a7ae39603068ca411a429ed3 .av-special-heading-tag .heading-char{\nfont-size:25px;\n}\n.av-special-heading.av-t5aqly-d3a25286a7ae39603068ca411a429ed3 .av-subheading{\nfont-size:15px;\n}\n<\/style>\n<div  class='av-special-heading av-t5aqly-d3a25286a7ae39603068ca411a429ed3 av-special-heading-h2  avia-builder-el-6  el_after_av_layout_row  el_before_av_masonry_entries  avia-builder-el-no-sibling '><h2 class='av-special-heading-tag'  itemprop=\"headline\"  >Cat\u00e1logo<\/h2><div class=\"special-heading-border\"><div class=\"special-heading-inner-border\"><\/div><\/div><\/div>\n<div id='av-masonry-1' class='av-masonry av-boj6z-4cc3f4bc99bb00299a6b61d8cc95b9f5 noHover av-flex-size av-large-gap av-hover-overlay-active av-masonry-animation-active av-masonry-col-2 av-caption-always av-caption-style- av-masonry-entries ' data-post_id=\"68897\"><div class=\"av-masonry-container isotope av-js-disabled\"><div class='av-masonry-entry isotope-item av-masonry-item-no-image all_sort exemplos-de-uso_sort  meios-de-comunicacao_sort '><\/div><a href=\"https:\/\/aulaabierta.arasaac.org\/pt-pt\/archivos\/Items de portfolio\/canal-de-noticias-do-aragon-radio\"  id='av-masonry-1-item-70460' data-av-masonry-item='70460' class='av-masonry-entry isotope-item post-70460 portfolio type-portfolio status-publish has-post-thumbnail hentry portfolio_entries-exemplos-de-uso portfolio_entries-meios-de-comunicacao all_sort exemplos-de-uso_sort  meios-de-comunicacao_sort  av-masonry-item-with-image' title=\"noticia_aragon_radio_12\"   itemscope=\"itemscope\" itemtype=\"https:\/\/schema.org\/CreativeWork\" ><div class='av-inner-masonry-sizer'><\/div><figure class='av-inner-masonry main_color'><div class=\"av-masonry-outerimage-container\"><div class='av-masonry-image-container'   ><img decoding=\"async\" width=\"705\" height=\"433\" class=\"wp-image-56725 avia-img-lazy-loading-not-56725\"  src=\"https:\/\/aulaabierta.arasaac.org\/wp-content\/uploads\/2020\/04\/noticia_aragon_radio_12-705x433.jpg\" title=\"noticia_aragon_radio_12\" alt=\"\" srcset=\"https:\/\/aulaabierta.arasaac.org\/wp-content\/uploads\/2020\/04\/noticia_aragon_radio_12-705x433.jpg 705w, https:\/\/aulaabierta.arasaac.org\/wp-content\/uploads\/2020\/04\/noticia_aragon_radio_12-300x184.jpg 300w, https:\/\/aulaabierta.arasaac.org\/wp-content\/uploads\/2020\/04\/noticia_aragon_radio_12-1030x633.jpg 1030w, https:\/\/aulaabierta.arasaac.org\/wp-content\/uploads\/2020\/04\/noticia_aragon_radio_12-768x472.jpg 768w, https:\/\/aulaabierta.arasaac.org\/wp-content\/uploads\/2020\/04\/noticia_aragon_radio_12-450x276.jpg 450w, https:\/\/aulaabierta.arasaac.org\/wp-content\/uploads\/2020\/04\/noticia_aragon_radio_12.jpg 1416w\" sizes=\"(max-width: 705px) 100vw, 705px\" \/><\/div><\/div><figcaption class='av-inner-masonry-content site-background'><div class='av-inner-masonry-content-pos'><div class='av-inner-masonry-content-pos-content'><div class='avia-arrow'><\/div><h3 class='av-masonry-entry-title entry-title '  itemprop=\"headline\" >CANAL DE NOT\u00cdCIAS DO R\u00c1DIO ARAG\u00d3N<\/h3><\/div><\/div><\/figcaption><\/figure><\/a><!--end av-masonry entry--><a href=\"https:\/\/aulaabierta.arasaac.org\/pt-pt\/archivos\/Items de portfolio\/jornal-digital-selkosanomat-kuvilla-finlandia\"  id='av-masonry-1-item-70467' data-av-masonry-item='70467' class='av-masonry-entry isotope-item post-70467 portfolio type-portfolio status-publish has-post-thumbnail hentry portfolio_entries-exemplos-de-uso portfolio_entries-meios-de-comunicacao all_sort exemplos-de-uso_sort  meios-de-comunicacao_sort  av-masonry-item-with-image' title=\"Selkosanomat_Kuvilla_Papunet_ARASAAC_1\"   itemscope=\"itemscope\" itemtype=\"https:\/\/schema.org\/CreativeWork\" ><div class='av-inner-masonry-sizer'><\/div><figure class='av-inner-masonry main_color'><div class=\"av-masonry-outerimage-container\"><div class='av-masonry-image-container'   ><img decoding=\"async\" width=\"705\" height=\"479\" class=\"wp-image-29534 avia-img-lazy-loading-not-29534\"  src=\"https:\/\/aulaabierta.arasaac.org\/wp-content\/uploads\/2017\/08\/Selkosanomat_Kuvilla_Papunet_ARASAAC_1-705x479.jpg\" title=\"Selkosanomat_Kuvilla_Papunet_ARASAAC_1\" alt=\"\" srcset=\"https:\/\/aulaabierta.arasaac.org\/wp-content\/uploads\/2017\/08\/Selkosanomat_Kuvilla_Papunet_ARASAAC_1-705x479.jpg 705w, https:\/\/aulaabierta.arasaac.org\/wp-content\/uploads\/2017\/08\/Selkosanomat_Kuvilla_Papunet_ARASAAC_1-300x204.jpg 300w, https:\/\/aulaabierta.arasaac.org\/wp-content\/uploads\/2017\/08\/Selkosanomat_Kuvilla_Papunet_ARASAAC_1-768x522.jpg 768w, https:\/\/aulaabierta.arasaac.org\/wp-content\/uploads\/2017\/08\/Selkosanomat_Kuvilla_Papunet_ARASAAC_1-450x306.jpg 450w, https:\/\/aulaabierta.arasaac.org\/wp-content\/uploads\/2017\/08\/Selkosanomat_Kuvilla_Papunet_ARASAAC_1.jpg 998w\" sizes=\"(max-width: 705px) 100vw, 705px\" \/><\/div><\/div><figcaption class='av-inner-masonry-content site-background'><div class='av-inner-masonry-content-pos'><div class='av-inner-masonry-content-pos-content'><div class='avia-arrow'><\/div><h3 class='av-masonry-entry-title entry-title '  itemprop=\"headline\" >JORNAL DIGITAL SELKOSANOMAT KUVILLA (FINL\u00c2NDIA)<\/h3><\/div><\/div><\/figcaption><\/figure><\/a><!--end av-masonry entry--><\/div><\/div>\n","protected":false},"excerpt":{"rendered":"","protected":false},"author":5,"featured_media":57698,"parent":0,"menu_order":0,"comment_status":"open","ping_status":"open","template":"","meta":{"om_disable_all_campaigns":false,"_monsterinsights_skip_tracking":false,"_monsterinsights_sitenote_active":false,"_monsterinsights_sitenote_note":"","_monsterinsights_sitenote_category":0,"_uf_show_specific_survey":0,"_uf_disable_surveys":false,"footnotes":""},"class_list":["post-68897","page","type-page","status-publish","has-post-thumbnail","hentry"],"aioseo_notices":[],"_links":{"self":[{"href":"https:\/\/aulaabierta.arasaac.org\/pt-pt\/wp-json\/wp\/v2\/pages\/68897","targetHints":{"allow":["GET"]}}],"collection":[{"href":"https:\/\/aulaabierta.arasaac.org\/pt-pt\/wp-json\/wp\/v2\/pages"}],"about":[{"href":"https:\/\/aulaabierta.arasaac.org\/pt-pt\/wp-json\/wp\/v2\/types\/page"}],"author":[{"embeddable":true,"href":"https:\/\/aulaabierta.arasaac.org\/pt-pt\/wp-json\/wp\/v2\/users\/5"}],"replies":[{"embeddable":true,"href":"https:\/\/aulaabierta.arasaac.org\/pt-pt\/wp-json\/wp\/v2\/comments?post=68897"}],"version-history":[{"count":17,"href":"https:\/\/aulaabierta.arasaac.org\/pt-pt\/wp-json\/wp\/v2\/pages\/68897\/revisions"}],"predecessor-version":[{"id":145302,"href":"https:\/\/aulaabierta.arasaac.org\/pt-pt\/wp-json\/wp\/v2\/pages\/68897\/revisions\/145302"}],"wp:featuredmedia":[{"embeddable":true,"href":"https:\/\/aulaabierta.arasaac.org\/pt-pt\/wp-json\/wp\/v2\/media\/57698"}],"wp:attachment":[{"href":"https:\/\/aulaabierta.arasaac.org\/pt-pt\/wp-json\/wp\/v2\/media?parent=68897"}],"curies":[{"name":"wp","href":"https:\/\/api.w.org\/{rel}","templated":true}]}}