{"id":69124,"date":"2018-01-10T12:22:08","date_gmt":"2018-01-10T11:22:08","guid":{"rendered":"https:\/\/aulaabierta.arasaac.org\/accesibilidad-cognitiva-en-los-centros-educativos"},"modified":"2023-02-09T11:15:46","modified_gmt":"2023-02-09T10:15:46","slug":"acessibilidade-cognitiva-em-centros-educacionais","status":"publish","type":"page","link":"https:\/\/aulaabierta.arasaac.org\/pt-pt\/acessibilidade-cognitiva-em-centros-educacionais","title":{"rendered":"Acessibilidade cognitiva em centros educacionais"},"content":{"rendered":"<div id='av-layout-grid-1'  class='av-layout-grid-container av-pp26qy-dd2bf97abce86349c0344ba494e1aee8 entry-content-wrapper main_color av-flex-cells  avia-builder-el-0  el_before_av_textblock  avia-builder-el-first   container_wrap fullsize'  >\n\n<style type=\"text\/css\" data-created_by=\"avia_inline_auto\" id=\"style-css-av-2d7hoa-17f7ddedf07f910aef40cf784f35f009\">\n.flex_cell.av-2d7hoa-17f7ddedf07f910aef40cf784f35f009{\nvertical-align:top;\n}\n.responsive #top #wrap_all .flex_cell.av-2d7hoa-17f7ddedf07f910aef40cf784f35f009{\npadding:30px 30px 30px 30px !important;\n}\n<\/style>\n<div class='flex_cell av-2d7hoa-17f7ddedf07f910aef40cf784f35f009 av-gridrow-cell av_four_fifth no_margin  avia-builder-el-1  el_before_av_cell_one_fifth  avia-builder-el-first ' ><div class='flex_cell_inner'>\n<style type=\"text\/css\" data-created_by=\"avia_inline_auto\" id=\"style-css-av-mc0jqy-472aa1ac75b06670f72640c55e90c93d\">\n#top .av-special-heading.av-mc0jqy-472aa1ac75b06670f72640c55e90c93d{\npadding-bottom:10px;\n}\nbody .av-special-heading.av-mc0jqy-472aa1ac75b06670f72640c55e90c93d .av-special-heading-tag .heading-char{\nfont-size:25px;\n}\n.av-special-heading.av-mc0jqy-472aa1ac75b06670f72640c55e90c93d .av-subheading{\nfont-size:15px;\n}\n<\/style>\n<div  class='av-special-heading av-mc0jqy-472aa1ac75b06670f72640c55e90c93d av-special-heading-h2  avia-builder-el-2  avia-builder-el-no-sibling '><h2 class='av-special-heading-tag'  itemprop=\"headline\"  ><span class='special_amp'>&#8220;<\/span>Accesibilidad cognitiva en los centros educativos<span class='special_amp'>&#8221;<\/span> Minist\u00e9rio da Educa\u00e7\u00e3o, Cultura e Esportes (Espanha)<\/h2><div class=\"special-heading-border\"><div class=\"special-heading-inner-border\"><\/div><\/div><\/div>\n<\/div><\/div>\n<style type=\"text\/css\" data-created_by=\"avia_inline_auto\" id=\"style-css-av-kkw66y-4e45bc989a3cd794bd0efff9422c1413\">\n.flex_cell.av-kkw66y-4e45bc989a3cd794bd0efff9422c1413{\nvertical-align:top;\nbackground-color:#f7f7f7;\n}\n.responsive #top #wrap_all .flex_cell.av-kkw66y-4e45bc989a3cd794bd0efff9422c1413{\npadding:30px 30px 30px 30px !important;\n}\n<\/style>\n<div class='flex_cell av-kkw66y-4e45bc989a3cd794bd0efff9422c1413 av-gridrow-cell av_one_fifth no_margin  avia-builder-el-3  el_after_av_cell_four_fifth  avia-builder-el-last ' ><div class='flex_cell_inner'><p>\n<style type=\"text\/css\" data-created_by=\"avia_inline_auto\" id=\"style-css-av-izkrsa-3863ff2362871a157b66e3fbb2a42a60\">\n.avia-image-container.av-izkrsa-3863ff2362871a157b66e3fbb2a42a60 img.avia_image{\nbox-shadow:none;\n}\n.avia-image-container.av-izkrsa-3863ff2362871a157b66e3fbb2a42a60 .av-image-caption-overlay-center{\ncolor:#ffffff;\n}\n<\/style>\n<div  class='avia-image-container av-izkrsa-3863ff2362871a157b66e3fbb2a42a60 av-styling- avia-align-center  avia-builder-el-4  el_before_av_textblock  avia-builder-el-first '   itemprop=\"image\" itemscope=\"itemscope\" itemtype=\"https:\/\/schema.org\/ImageObject\" ><div class=\"avia-image-container-inner\"><div class=\"avia-image-overlay-wrap\"><a href=\"http:\/\/blog.educalab.es\/cniie\/wp-content\/uploads\/sites\/3\/2015\/05\/ACCESIBILIDAD-COGNITIVA-EN-LOS-CENTROS-EDUCATIVOS.pdf\" class='avia_image' target=\"_blank\" rel=\"noopener noreferrer\"><img decoding=\"async\" class='wp-image-24694 avia-img-lazy-loading-not-24694 avia_image ' src=\"https:\/\/aulaabierta.arasaac.org\/wp-content\/uploads\/2017\/01\/pdf_download-80x80.png\" alt='' title='pdf_download'  height=\"80\" width=\"80\"  itemprop=\"thumbnailUrl\" srcset=\"https:\/\/aulaabierta.arasaac.org\/wp-content\/uploads\/2017\/01\/pdf_download-80x80.png 80w, https:\/\/aulaabierta.arasaac.org\/wp-content\/uploads\/2017\/01\/pdf_download-36x36.png 36w, https:\/\/aulaabierta.arasaac.org\/wp-content\/uploads\/2017\/01\/pdf_download-120x120.png 120w, https:\/\/aulaabierta.arasaac.org\/wp-content\/uploads\/2017\/01\/pdf_download.png 128w\" sizes=\"(max-width: 80px) 100vw, 80px\" \/><\/a><\/div><\/div><\/div><br \/>\n<section  class='av_textblock_section av-gv4hzu-dd70d8f4db0829d7f9a2c7f30a6c0de4'  itemscope=\"itemscope\" itemtype=\"https:\/\/schema.org\/CreativeWork\" ><div class='avia_textblock'  itemprop=\"text\" ><h3 style=\"text-align: center;\"><a href=\"http:\/\/blog.educalab.es\/cniie\/wp-content\/uploads\/sites\/3\/2015\/05\/ACCESIBILIDAD-COGNITIVA-EN-LOS-CENTROS-EDUCATIVOS.pdf\" target=\"_blank\" rel=\"noopener noreferrer\">BAIXAR GUIA<\/a><\/h3>\n<\/div><\/section><\/p>\n<\/div><\/div>\n<\/div><div id='after_grid_row_1'  class='main_color av_default_container_wrap container_wrap fullsize'  ><div class='container av-section-cont-open' ><div class='template-page content  av-content-full alpha units'><div class='post-entry post-entry-type-page post-entry-69124'><div class='entry-content-wrapper clearfix'>\n<section  class='av_textblock_section av-f3ljqy-47fab8c2472e5fb363a8ed5d71ffcf10'  itemscope=\"itemscope\" itemtype=\"https:\/\/schema.org\/CreativeWork\" ><div class='avia_textblock'  itemprop=\"text\" ><h2><img loading=\"lazy\" decoding=\"async\" class=\"aligncenter size-full wp-image-932\" src=\"https:\/\/aulaabierta.arasaac.org\/wp-content\/uploads\/2016\/12\/by-nc-sa.eu_petit.png\" alt=\"\" width=\"118\" height=\"41\"><\/h2>\n<h6 style=\"text-align: center;\">Este trabalho \u00e9 licenciado sob uma <a href=\"http:\/\/creativecommons.org\/licenses\/by-nc-sa\/4.0\/\" target=\"_blank\" rel=\"license noopener\">licen\u00e7a internacional Creative Commons Attribution-NonCoercial-ShareAlike 4.0 International.<\/a><\/h6>\n<hr>\n<\/div><\/section>\n\n<style type=\"text\/css\" data-created_by=\"avia_inline_auto\" id=\"style-css-av-e15l7u-dd3b711edc9d783609d1f8200b3d075e\">\n#top .av_textblock_section.av-e15l7u-dd3b711edc9d783609d1f8200b3d075e .avia_textblock{\nfont-size:14px;\n}\n<\/style>\n<section  class='av_textblock_section av-e15l7u-dd3b711edc9d783609d1f8200b3d075e'  itemscope=\"itemscope\" itemtype=\"https:\/\/schema.org\/CreativeWork\" ><div class='avia_textblock'  itemprop=\"text\" ><p>O documento <a href=\"http:\/\/blog.educalab.es\/cniie\/wp-content\/uploads\/sites\/3\/2015\/05\/ACCESIBILIDAD-COGNITIVA-EN-LOS-CENTROS-EDUCATIVOS.pdf\" target=\"_blank\" rel=\"noopener noreferrer\"><strong>&#8220;Accesibilidad cognitiva en los centros educativos&#8221;<\/strong><\/a><strong> <\/strong>\u00e9 um documento editado pelo <strong>Minist\u00e9rio da Educa\u00e7\u00e3o, Cultura e Esporte<\/strong>, que faz parte da cole\u00e7\u00e3o &#8220;<strong>Guias Pr\u00e1ticos de Orienta\u00e7\u00f5es para a Inclus\u00e3o Educacional<\/strong>&#8220;, de autoria de son <strong>Mercedes Belinch\u00f3n<\/strong>, <strong>Silvia Casas<\/strong>, <strong>Cristina D\u00edez<\/strong> e J<strong>avier Tamarit<\/strong>.<\/p>\n<p>O objetivo principal desta publica\u00e7\u00e3o \u00e9 <strong>reconhecer e atentar<\/strong> para o fato de que muitas das <strong>pessoas<\/strong> que, no dia a dia, desenvolvem atividades nestes centros (estudantes, profissionais, familiares, auxiliares ocasionais, etc.) podem ter <strong>dificuldades compreender v\u00e1rios aspectos da organiza\u00e7\u00e3o e funcionamento<\/strong>da mesma por motivos muito diversos (defici\u00eancia, diferen\u00e7as culturais ou lingu\u00edsticas, estilos cognitivos peculiares, &#8230;).  <\/p>\n<p>Outra reivindica\u00e7\u00e3o \u00e9 a i<strong>dentifica\u00e7\u00e3o<\/strong>, pela pr\u00f3pria comunidade educacional, dos <strong>fatores que limitam a acessibilidade cognitiva de seus centros<\/strong> (barreiras) e f<strong>avorecem a concep\u00e7\u00e3o e planejamento de a\u00e7\u00f5es voltadas para a elimina\u00e7\u00e3o dessas barreiras<\/strong>.<\/p>\n<p><img loading=\"lazy\" decoding=\"async\" class=\"aligncenter size-full wp-image-6859\" src=\"https:\/\/aulaabierta.arasaac.org\/wp-content\/uploads\/2018\/01\/Accesibilidad_cognitiva_en_los_centros_educativos.jpg\" alt=\"\" width=\"825\" height=\"590\" srcset=\"https:\/\/aulaabierta.arasaac.org\/wp-content\/uploads\/2018\/01\/Accesibilidad_cognitiva_en_los_centros_educativos.jpg 825w, https:\/\/aulaabierta.arasaac.org\/wp-content\/uploads\/2018\/01\/Accesibilidad_cognitiva_en_los_centros_educativos-300x215.jpg 300w, https:\/\/aulaabierta.arasaac.org\/wp-content\/uploads\/2018\/01\/Accesibilidad_cognitiva_en_los_centros_educativos-768x549.jpg 768w, https:\/\/aulaabierta.arasaac.org\/wp-content\/uploads\/2018\/01\/Accesibilidad_cognitiva_en_los_centros_educativos-260x185.jpg 260w, https:\/\/aulaabierta.arasaac.org\/wp-content\/uploads\/2018\/01\/Accesibilidad_cognitiva_en_los_centros_educativos-705x504.jpg 705w, https:\/\/aulaabierta.arasaac.org\/wp-content\/uploads\/2018\/01\/Accesibilidad_cognitiva_en_los_centros_educativos-450x322.jpg 450w\" sizes=\"auto, (max-width: 825px) 100vw, 825px\" \/><\/p>\n<p><img loading=\"lazy\" decoding=\"async\" class=\"aligncenter size-full wp-image-6860\" src=\"https:\/\/aulaabierta.arasaac.org\/wp-content\/uploads\/2018\/01\/Accesibilidad_cognitiva_en_los_centros_educativos_1.jpg\" alt=\"\" width=\"823\" height=\"591\" srcset=\"https:\/\/aulaabierta.arasaac.org\/wp-content\/uploads\/2018\/01\/Accesibilidad_cognitiva_en_los_centros_educativos_1.jpg 823w, https:\/\/aulaabierta.arasaac.org\/wp-content\/uploads\/2018\/01\/Accesibilidad_cognitiva_en_los_centros_educativos_1-300x215.jpg 300w, https:\/\/aulaabierta.arasaac.org\/wp-content\/uploads\/2018\/01\/Accesibilidad_cognitiva_en_los_centros_educativos_1-768x552.jpg 768w, https:\/\/aulaabierta.arasaac.org\/wp-content\/uploads\/2018\/01\/Accesibilidad_cognitiva_en_los_centros_educativos_1-705x506.jpg 705w, https:\/\/aulaabierta.arasaac.org\/wp-content\/uploads\/2018\/01\/Accesibilidad_cognitiva_en_los_centros_educativos_1-450x323.jpg 450w\" sizes=\"auto, (max-width: 823px) 100vw, 823px\" \/><\/p>\n<p>Em \u00faltima an\u00e1lise, com este guia pretende-se <strong>sensibilizar toda a comunidade educativa<\/strong> com um conjunto de din\u00e2micas que v\u00e3o se incorporando nos projetos e objetivos dos pr\u00f3prios centros nos diferentes anos letivos.<\/p>\n<div><\/div>\n<div> Um guia essencial de consulta e uso que devemos ter em mente se queremos caminhar para a inclus\u00e3o real de todas as pessoas.<\/div>\n<div><\/div>\n<div><\/div>\n<p>Nossos agradecimentos aos autores pela sugest\u00e3o de usar os pictogramas <a href=\"http:\/\/www.arasaac.org\/\" target=\"_blank\" rel=\"noopener noreferrer\"><strong>ARASAAC<\/strong><\/a> como recursos visuais e como um modelo de acessibilidade cognitiva para adapta\u00e7\u00f5es de documentos.<\/p>\n<div><\/div>\n<div><\/div>\n<\/div><\/section>\n<\/div><\/div><\/div><!-- close content main div --><\/div><\/div><div id='av-layout-grid-2'  class='av-layout-grid-container av-c4xj0a-533df45c591e8aeca49f0e84b03140e5 entry-content-wrapper main_color av-flex-cells  avia-builder-el-8  el_after_av_textblock  avia-builder-el-last  grid-row-not-first  container_wrap fullsize'  >\n<div class='flex_cell av-bc92sq-360c9a38ecff07f653d17bbd449ab5c8 av-gridrow-cell av_one_fifth no_margin  avia-builder-el-9  el_before_av_cell_one_fifth  avia-builder-el-first ' ><div class='flex_cell_inner'><\/div><\/div><div class='flex_cell av-8t6ttm-680300cc10fb10d54dd2954b802ea504 av-gridrow-cell av_one_fifth no_margin  avia-builder-el-10  el_after_av_cell_one_fifth  el_before_av_cell_one_fifth ' ><div class='flex_cell_inner'><\/div><\/div>\n<style type=\"text\/css\" data-created_by=\"avia_inline_auto\" id=\"style-css-av-7kaj3e-2cb7f1bd6e1ec896266212581320665f\">\n.flex_cell.av-7kaj3e-2cb7f1bd6e1ec896266212581320665f{\nvertical-align:top;\n}\n.responsive #top #wrap_all .flex_cell.av-7kaj3e-2cb7f1bd6e1ec896266212581320665f{\npadding:30px 30px 30px 30px !important;\n}\n<\/style>\n<div class='flex_cell av-7kaj3e-2cb7f1bd6e1ec896266212581320665f av-gridrow-cell av_one_fifth no_margin  avia-builder-el-11  el_after_av_cell_one_fifth  el_before_av_cell_one_fifth ' ><div class='flex_cell_inner'>\n<style type=\"text\/css\" data-created_by=\"avia_inline_auto\" id=\"style-css-av-582rkq-494417438e72bccd76336c812b675605\">\n.avia-image-container.av-582rkq-494417438e72bccd76336c812b675605 img.avia_image{\nbox-shadow:none;\n}\n.avia-image-container.av-582rkq-494417438e72bccd76336c812b675605 .av-image-caption-overlay-center{\ncolor:#ffffff;\n}\n<\/style>\n<div  class='avia-image-container av-582rkq-494417438e72bccd76336c812b675605 av-styling- avia-align-center  avia-builder-el-12  avia-builder-el-no-sibling '   itemprop=\"image\" itemscope=\"itemscope\" itemtype=\"https:\/\/schema.org\/ImageObject\" ><div class=\"avia-image-container-inner\"><div class=\"avia-image-overlay-wrap\"><img decoding=\"async\" class='wp-image-23499 avia-img-lazy-loading-not-23499 avia_image ' src=\"https:\/\/aulaabierta.arasaac.org\/wp-content\/uploads\/2016\/12\/casa-80x80.png\" alt='' title='In\u00edcio'  height=\"80\" width=\"80\"  itemprop=\"thumbnailUrl\" srcset=\"https:\/\/aulaabierta.arasaac.org\/wp-content\/uploads\/2016\/12\/casa-80x80.png 80w, https:\/\/aulaabierta.arasaac.org\/wp-content\/uploads\/2016\/12\/casa-300x300.png 300w, https:\/\/aulaabierta.arasaac.org\/wp-content\/uploads\/2016\/12\/casa-36x36.png 36w, https:\/\/aulaabierta.arasaac.org\/wp-content\/uploads\/2016\/12\/casa-180x180.png 180w, https:\/\/aulaabierta.arasaac.org\/wp-content\/uploads\/2016\/12\/casa-120x120.png 120w, https:\/\/aulaabierta.arasaac.org\/wp-content\/uploads\/2016\/12\/casa-450x450.png 450w, https:\/\/aulaabierta.arasaac.org\/wp-content\/uploads\/2016\/12\/casa.png 500w\" sizes=\"(max-width: 80px) 100vw, 80px\" \/><\/div><\/div><\/div>\n<\/div><\/div>\n<style type=\"text\/css\" data-created_by=\"avia_inline_auto\" id=\"style-css-av-4pzei2-891687908cf5e7f64f62e5f79a55b9a2\">\n.flex_cell.av-4pzei2-891687908cf5e7f64f62e5f79a55b9a2{\nvertical-align:top;\n}\n.responsive #top #wrap_all .flex_cell.av-4pzei2-891687908cf5e7f64f62e5f79a55b9a2{\npadding:30px 30px 30px 30px !important;\n}\n<\/style>\n<div class='flex_cell av-4pzei2-891687908cf5e7f64f62e5f79a55b9a2 av-gridrow-cell av_one_fifth no_margin  avia-builder-el-13  el_after_av_cell_one_fifth  el_before_av_cell_one_fifth ' ><div class='flex_cell_inner'><\/div><\/div>\n<style type=\"text\/css\" data-created_by=\"avia_inline_auto\" id=\"style-css-av-2b8by2-5d3e747ef861f05884d30630fe4a2a84\">\n.flex_cell.av-2b8by2-5d3e747ef861f05884d30630fe4a2a84{\nvertical-align:top;\n}\n.responsive #top #wrap_all .flex_cell.av-2b8by2-5d3e747ef861f05884d30630fe4a2a84{\npadding:30px 30px 30px 30px !important;\n}\n<\/style>\n<div class='flex_cell av-2b8by2-5d3e747ef861f05884d30630fe4a2a84 av-gridrow-cell av_one_fifth no_margin  avia-builder-el-14  el_after_av_cell_one_fifth  avia-builder-el-last ' ><div class='flex_cell_inner'><\/div><\/div><\/div>\n","protected":false},"excerpt":{"rendered":"","protected":false},"author":5,"featured_media":0,"parent":0,"menu_order":0,"comment_status":"open","ping_status":"open","template":"","meta":{"om_disable_all_campaigns":false,"_monsterinsights_skip_tracking":false,"_monsterinsights_sitenote_active":false,"_monsterinsights_sitenote_note":"","_monsterinsights_sitenote_category":0,"_uf_show_specific_survey":0,"_uf_disable_surveys":false,"footnotes":""},"class_list":["post-69124","page","type-page","status-publish","hentry"],"aioseo_notices":[],"_links":{"self":[{"href":"https:\/\/aulaabierta.arasaac.org\/pt-pt\/wp-json\/wp\/v2\/pages\/69124","targetHints":{"allow":["GET"]}}],"collection":[{"href":"https:\/\/aulaabierta.arasaac.org\/pt-pt\/wp-json\/wp\/v2\/pages"}],"about":[{"href":"https:\/\/aulaabierta.arasaac.org\/pt-pt\/wp-json\/wp\/v2\/types\/page"}],"author":[{"embeddable":true,"href":"https:\/\/aulaabierta.arasaac.org\/pt-pt\/wp-json\/wp\/v2\/users\/5"}],"replies":[{"embeddable":true,"href":"https:\/\/aulaabierta.arasaac.org\/pt-pt\/wp-json\/wp\/v2\/comments?post=69124"}],"version-history":[{"count":9,"href":"https:\/\/aulaabierta.arasaac.org\/pt-pt\/wp-json\/wp\/v2\/pages\/69124\/revisions"}],"predecessor-version":[{"id":138903,"href":"https:\/\/aulaabierta.arasaac.org\/pt-pt\/wp-json\/wp\/v2\/pages\/69124\/revisions\/138903"}],"wp:attachment":[{"href":"https:\/\/aulaabierta.arasaac.org\/pt-pt\/wp-json\/wp\/v2\/media?parent=69124"}],"curies":[{"name":"wp","href":"https:\/\/api.w.org\/{rel}","templated":true}]}}