{"id":74238,"date":"2017-03-28T06:55:13","date_gmt":"2017-03-28T05:55:13","guid":{"rendered":"https:\/\/aulaabierta.arasaac.org\/materiales-caa-redes-sociales"},"modified":"2023-02-09T11:22:38","modified_gmt":"2023-02-09T10:22:38","slug":"materiais-caa-redes-sociais","status":"publish","type":"page","link":"https:\/\/aulaabierta.arasaac.org\/pt-pt\/materiais-caa-redes-sociais","title":{"rendered":"Materiais CAA &#8211; Redes Sociais"},"content":{"rendered":"<div id='av-layout-grid-1'  class='av-layout-grid-container av-m9n6sg-7d0df6a9bc21e6ac75233cf5921076eb entry-content-wrapper alternate_color av-border-cells av-flex-cells  avia-builder-el-0  el_before_av_textblock  avia-builder-el-first   container_wrap fullsize'  >\n\n<style type=\"text\/css\" data-created_by=\"avia_inline_auto\" id=\"style-css-av-l26474-79ce64d921294ae41e47d6b540c0ed6c\">\n.flex_cell.av-l26474-79ce64d921294ae41e47d6b540c0ed6c{\nvertical-align:top;\n}\n.responsive #top #wrap_all .flex_cell.av-l26474-79ce64d921294ae41e47d6b540c0ed6c{\npadding:30px 30px 30px 30px !important;\n}\n<\/style>\n<div class='flex_cell av-l26474-79ce64d921294ae41e47d6b540c0ed6c av-gridrow-cell av_one_fifth no_margin  avia-builder-el-1  el_before_av_cell_four_fifth  avia-builder-el-first ' ><div class='flex_cell_inner'>\n<style type=\"text\/css\" data-created_by=\"avia_inline_auto\" id=\"style-css-av-it20qo-81386d352471dc1c46d37be4d1b11809\">\n.avia-image-container.av-it20qo-81386d352471dc1c46d37be4d1b11809 img.avia_image{\nbox-shadow:none;\n}\n.avia-image-container.av-it20qo-81386d352471dc1c46d37be4d1b11809 .av-image-caption-overlay-center{\ncolor:#ffffff;\n}\n<\/style>\n<div  class='avia-image-container av-it20qo-81386d352471dc1c46d37be4d1b11809 av-styling- avia-align-center  avia-builder-el-2  avia-builder-el-no-sibling '   itemprop=\"image\" itemscope=\"itemscope\" itemtype=\"https:\/\/schema.org\/ImageObject\" ><div class=\"avia-image-container-inner\"><div class=\"avia-image-overlay-wrap\"><a href=\"https:\/\/aulaabierta.arasaac.org\/pt-pt\/materiais-caa\" class='avia_image' ><img decoding=\"async\" class='wp-image-24617 avia-img-lazy-loading-not-24617 avia_image ' src=\"https:\/\/aulaabierta.arasaac.org\/wp-content\/uploads\/2017\/01\/ficha.png\" alt='' title='ficha'  height=\"500\" width=\"500\"  itemprop=\"thumbnailUrl\" srcset=\"https:\/\/aulaabierta.arasaac.org\/wp-content\/uploads\/2017\/01\/ficha.png 500w, https:\/\/aulaabierta.arasaac.org\/wp-content\/uploads\/2017\/01\/ficha-80x80.png 80w, https:\/\/aulaabierta.arasaac.org\/wp-content\/uploads\/2017\/01\/ficha-300x300.png 300w, https:\/\/aulaabierta.arasaac.org\/wp-content\/uploads\/2017\/01\/ficha-36x36.png 36w, https:\/\/aulaabierta.arasaac.org\/wp-content\/uploads\/2017\/01\/ficha-180x180.png 180w, https:\/\/aulaabierta.arasaac.org\/wp-content\/uploads\/2017\/01\/ficha-120x120.png 120w, https:\/\/aulaabierta.arasaac.org\/wp-content\/uploads\/2017\/01\/ficha-450x450.png 450w\" sizes=\"(max-width: 500px) 100vw, 500px\" \/><\/a><\/div><\/div><\/div>\n<\/div><\/div>\n<style type=\"text\/css\" data-created_by=\"avia_inline_auto\" id=\"style-css-av-hdrb9c-470629c3c40daffd2aafba654cf32f12\">\n.flex_cell.av-hdrb9c-470629c3c40daffd2aafba654cf32f12{\nvertical-align:middle;\n}\n.responsive #top #wrap_all .flex_cell.av-hdrb9c-470629c3c40daffd2aafba654cf32f12{\npadding:30px 30px 30px 30px !important;\n}\n<\/style>\n<div class='flex_cell av-hdrb9c-470629c3c40daffd2aafba654cf32f12 av-gridrow-cell av_four_fifth no_margin  avia-builder-el-3  el_after_av_cell_one_fifth  avia-builder-el-last ' ><div class='flex_cell_inner'>\n<style type=\"text\/css\" data-created_by=\"avia_inline_auto\" id=\"style-css-av-fwv5vk-02b4ec4e1772af6e9ec15fc0988b2ead\">\n#top .av-special-heading.av-fwv5vk-02b4ec4e1772af6e9ec15fc0988b2ead{\npadding-bottom:0;\n}\nbody .av-special-heading.av-fwv5vk-02b4ec4e1772af6e9ec15fc0988b2ead .av-special-heading-tag .heading-char{\nfont-size:25px;\n}\n.av-special-heading.av-fwv5vk-02b4ec4e1772af6e9ec15fc0988b2ead .av-subheading{\nfont-size:15px;\n}\n<\/style>\n<div  class='av-special-heading av-fwv5vk-02b4ec4e1772af6e9ec15fc0988b2ead av-special-heading-h1  avia-builder-el-4  avia-builder-el-no-sibling '><h1 class='av-special-heading-tag'  itemprop=\"headline\"  >REDES SOCIAIS<\/h1><div class=\"special-heading-border\"><div class=\"special-heading-inner-border\"><\/div><\/div><\/div>\n<\/div><\/div>\n<\/div><div id='after_grid_row_1'  class='main_color av_default_container_wrap container_wrap fullsize'  ><div class='container av-section-cont-open' ><div class='template-page content  av-content-full alpha units'><div class='post-entry post-entry-type-page post-entry-74238'><div class='entry-content-wrapper clearfix'>\n\n<style type=\"text\/css\" data-created_by=\"avia_inline_auto\" id=\"style-css-av-dmeevk-ffa0c140835d47979ef247ec51c9576f\">\n#top .av_textblock_section.av-dmeevk-ffa0c140835d47979ef247ec51c9576f .avia_textblock{\nfont-size:16px;\n}\n<\/style>\n<section  class='av_textblock_section av-dmeevk-ffa0c140835d47979ef247ec51c9576f'  itemscope=\"itemscope\" itemtype=\"https:\/\/schema.org\/CreativeWork\" ><div class='avia_textblock'  itemprop=\"text\" ><h6 style=\"text-align: center;\"><img loading=\"lazy\" decoding=\"async\" class=\"aligncenter size-full wp-image-932\" src=\"https:\/\/aulaabierta.arasaac.org\/wp-content\/uploads\/2016\/12\/by-nc-sa.eu_petit.png\" alt=\"\" width=\"118\" height=\"41\">Este trabalho \u00e9 licenciado sob uma <a href=\"http:\/\/creativecommons.org\/licenses\/by-nc-sa\/4.0\/\" rel=\"license\">licen\u00e7a internacional Creative Commons Attribution-NonComercial-ShareAlike 4.0 International.<\/a><\/h6>\n<hr>\n<h3>Redes sociais<\/h3>\n<p>O principal objetivo deste tipo de material relacionado \u00e0s <strong>redes sociais<\/strong> \u00e9 mostrar o uso adequado ou inadequado que podemos fazer dos aplicativos de mensagens instant\u00e2neas, tendo em vista que seu boom atingiu um ponto que as consequ\u00eancias de seu uso inadequado podem chegar a ser imprevis\u00edvel. <\/p>\n<p>A elabora\u00e7\u00e3o deste tipo de gui\u00f5es e hist\u00f3rias sociais ajuda-nos a conhecer as diferentes redes de comunica\u00e7\u00e3o e o seu uso correcto.<\/p>\n<div><\/div>\n<div><\/div>\n<p>Abaixo anexamos alguns links e screenshots contidos no portal <a href=\"http:\/\/arasaac.org\/\"><strong>ARASAAC<\/strong><\/a>, elaborados pelos pr\u00f3prios usu\u00e1rios. Para ver o material completo de cada um dos arquivos, clique nos <strong>links para download<\/strong>.<\/p>\n<h3><\/h3>\n<\/div><\/section>\n<\/div><\/div><\/div><!-- close content main div --><\/div><\/div><div id='av-layout-grid-2'  class='av-layout-grid-container av-jya0t-703a85a32bffba6348e82cdf3e442e51 entry-content-wrapper main_color av-flex-cells  avia-builder-el-6  el_after_av_textblock  el_before_av_layout_row  grid-row-not-first  container_wrap fullsize'  >\n\n<style type=\"text\/css\" data-created_by=\"avia_inline_auto\" id=\"style-css-av-45zzot-4f23fed80106bc4d554343122f7251f5\">\n.flex_cell.av-45zzot-4f23fed80106bc4d554343122f7251f5{\nvertical-align:top;\nbackground-color:#f2f2f2;\n}\n.responsive #top #wrap_all .flex_cell.av-45zzot-4f23fed80106bc4d554343122f7251f5{\npadding:30px 30px 30px 30px !important;\n}\n<\/style>\n<div class='flex_cell av-45zzot-4f23fed80106bc4d554343122f7251f5 av-gridrow-cell av_one_third no_margin  avia-builder-el-7  el_before_av_cell_two_third  avia-builder-el-first ' ><div class='flex_cell_inner'><div  class='avia-slideshow av-7hpgcw-2cb9b226ca7d517583202ae48436855b avia-slideshow-no scaling av_slideshow avia-fade-slider  avia-builder-el-8  avia-builder-el-no-sibling  av-slideshow-ui av-control-default av-slideshow-autoplay av-loop-endless av-loop-manual-endless av-default-height-applied avia-slideshow-1' data-slideshow-options=\"{&quot;animation&quot;:&quot;fade&quot;,&quot;autoplay&quot;:true,&quot;loop_autoplay&quot;:&quot;endless&quot;,&quot;interval&quot;:4,&quot;loop_manual&quot;:&quot;manual-endless&quot;,&quot;autoplay_stopper&quot;:false,&quot;noNavigation&quot;:false,&quot;bg_slider&quot;:false,&quot;keep_padding&quot;:false,&quot;hoverpause&quot;:false,&quot;show_slide_delay&quot;:0}\"  itemprop=\"image\" itemscope=\"itemscope\" itemtype=\"https:\/\/schema.org\/ImageObject\" ><ul class='avia-slideshow-inner ' style='padding-bottom: 69.083333333333%;'><li  class='avia-slideshow-slide av-7hpgcw-2cb9b226ca7d517583202ae48436855b__0  av-single-slide slide-1 slide-odd'><div data-rel='slideshow-1' class='avia-slide-wrap '   ><img decoding=\"async\" class=\"wp-image-32722 avia-img-lazy-loading-not-32722\"  src=\"https:\/\/aulaabierta.arasaac.org\/wp-content\/uploads\/2018\/02\/Uso_de_redes_sociales_Whatsapp_ARASAAC_1.jpg\" width=\"1200\" height=\"829\" title='Uso_de_redes_sociales_Whatsapp_ARASAAC_1' alt=''  itemprop=\"thumbnailUrl\" srcset=\"https:\/\/aulaabierta.arasaac.org\/wp-content\/uploads\/2018\/02\/Uso_de_redes_sociales_Whatsapp_ARASAAC_1.jpg 1200w, https:\/\/aulaabierta.arasaac.org\/wp-content\/uploads\/2018\/02\/Uso_de_redes_sociales_Whatsapp_ARASAAC_1-300x207.jpg 300w, https:\/\/aulaabierta.arasaac.org\/wp-content\/uploads\/2018\/02\/Uso_de_redes_sociales_Whatsapp_ARASAAC_1-768x531.jpg 768w, https:\/\/aulaabierta.arasaac.org\/wp-content\/uploads\/2018\/02\/Uso_de_redes_sociales_Whatsapp_ARASAAC_1-1030x712.jpg 1030w, https:\/\/aulaabierta.arasaac.org\/wp-content\/uploads\/2018\/02\/Uso_de_redes_sociales_Whatsapp_ARASAAC_1-705x487.jpg 705w, https:\/\/aulaabierta.arasaac.org\/wp-content\/uploads\/2018\/02\/Uso_de_redes_sociales_Whatsapp_ARASAAC_1-450x311.jpg 450w\" sizes=\"(max-width: 1200px) 100vw, 1200px\" \/><\/div><\/li><\/ul><\/div>\n<\/div><\/div>\n<style type=\"text\/css\" data-created_by=\"avia_inline_auto\" id=\"style-css-av-9oju5-ab6ea49ac57b163d430700a7b5d03469\">\n.flex_cell.av-9oju5-ab6ea49ac57b163d430700a7b5d03469{\nvertical-align:top;\nbackground-color:#f2f2f2;\n}\n.responsive #top #wrap_all .flex_cell.av-9oju5-ab6ea49ac57b163d430700a7b5d03469{\npadding:30px 30px 30px 30px !important;\n}\n<\/style>\n<div class='flex_cell av-9oju5-ab6ea49ac57b163d430700a7b5d03469 av-gridrow-cell av_two_third no_margin  avia-builder-el-9  el_after_av_cell_one_third  avia-builder-el-last ' ><div class='flex_cell_inner'><p>\n<style type=\"text\/css\" data-created_by=\"avia_inline_auto\" id=\"style-css-av-kcc210rx-ae81fcc7c28b57aa58c8491907ff6a74\">\n#top .av-special-heading.av-kcc210rx-ae81fcc7c28b57aa58c8491907ff6a74{\nmargin:60px 0 0 0;\npadding-bottom:10px;\n}\nbody .av-special-heading.av-kcc210rx-ae81fcc7c28b57aa58c8491907ff6a74 .av-special-heading-tag .heading-char{\nfont-size:25px;\n}\n.av-special-heading.av-kcc210rx-ae81fcc7c28b57aa58c8491907ff6a74 .av-subheading{\nfont-size:15px;\n}\n<\/style>\n<div  class='av-special-heading av-kcc210rx-ae81fcc7c28b57aa58c8491907ff6a74 av-special-heading-h3 blockquote modern-quote modern-centered  avia-builder-el-10  el_before_av_button  avia-builder-el-first '><h3 class='av-special-heading-tag'  itemprop=\"headline\"  >Uso correto do WhatsApp<\/h3><div class=\"special-heading-border\"><div class=\"special-heading-inner-border\"><\/div><\/div><\/div><br \/>\n<div  class='avia-button-wrap av-kc5qrv02-e5ce631d83b900e211cdce0dee6b68c5-wrap avia-button-center  avia-builder-el-11  el_after_av_heading  avia-builder-el-last '><a href='http:\/\/www.arasaac.org\/materiales.php?id_material=1594' class='avia-button av-kc5qrv02-e5ce631d83b900e211cdce0dee6b68c5 avia-icon_select-yes-left-icon avia-size-x-large avia-position-center avia-color-theme-color' target=\"_blank\" rel=\"noopener noreferrer\"><span class='avia_button_icon avia_button_icon_left' aria-hidden='true' data-av_icon='\ue86c' data-av_iconfont='entypo-fontello'><\/span><span class='avia_iconbox_title' >Descarregamento ou material da ARASAAC<\/span><\/a><\/div><\/p>\n<\/div><\/div><\/div><div id='av-layout-grid-3'  class='av-layout-grid-container av-jya0t-703a85a32bffba6348e82cdf3e442e51 entry-content-wrapper main_color av-flex-cells  avia-builder-el-12  el_after_av_layout_row  el_before_av_layout_row  grid-row-not-first  container_wrap fullsize'  >\n<div class='flex_cell av-45zzot-963f5370ef1bb741f2746ee18e4e6985 av-gridrow-cell av_one_third no_margin  avia-builder-el-13  el_before_av_cell_two_third  avia-builder-el-first ' ><div class='flex_cell_inner'><div  class='avia-slideshow av-4b1kyo-ea8e28a85c44ad618662b1def4774723 avia-slideshow-no scaling av_slideshow avia-fade-slider  avia-builder-el-14  avia-builder-el-no-sibling  av-slideshow-ui av-control-default av-slideshow-autoplay av-loop-endless av-loop-manual-endless av-default-height-applied avia-slideshow-2' data-slideshow-options=\"{&quot;animation&quot;:&quot;fade&quot;,&quot;autoplay&quot;:true,&quot;loop_autoplay&quot;:&quot;endless&quot;,&quot;interval&quot;:4,&quot;loop_manual&quot;:&quot;manual-endless&quot;,&quot;autoplay_stopper&quot;:false,&quot;noNavigation&quot;:false,&quot;bg_slider&quot;:false,&quot;keep_padding&quot;:false,&quot;hoverpause&quot;:false,&quot;show_slide_delay&quot;:0}\"  itemprop=\"image\" itemscope=\"itemscope\" itemtype=\"https:\/\/schema.org\/ImageObject\" ><ul class='avia-slideshow-inner ' style='padding-bottom: 74.90157480315%;'><li  class='avia-slideshow-slide av-4b1kyo-ea8e28a85c44ad618662b1def4774723__0  av-single-slide slide-1 slide-odd'><div data-rel='slideshow-2' class='avia-slide-wrap '   ><img decoding=\"async\" class=\"wp-image-60319 avia-img-lazy-loading-not-60319\"  src=\"https:\/\/aulaabierta.arasaac.org\/wp-content\/uploads\/2020\/07\/Historia_social_Llamar_por_telefono-movil-Whatsaps_pictogramas_ARASAAC.jpeg\" width=\"1016\" height=\"761\" title='Historia_social_Llamar_por_telefono-movil-Whatsaps_pictogramas_ARASAAC' alt=''  itemprop=\"thumbnailUrl\" srcset=\"https:\/\/aulaabierta.arasaac.org\/wp-content\/uploads\/2020\/07\/Historia_social_Llamar_por_telefono-movil-Whatsaps_pictogramas_ARASAAC.jpeg 1016w, https:\/\/aulaabierta.arasaac.org\/wp-content\/uploads\/2020\/07\/Historia_social_Llamar_por_telefono-movil-Whatsaps_pictogramas_ARASAAC-300x225.jpeg 300w, https:\/\/aulaabierta.arasaac.org\/wp-content\/uploads\/2020\/07\/Historia_social_Llamar_por_telefono-movil-Whatsaps_pictogramas_ARASAAC-768x575.jpeg 768w, https:\/\/aulaabierta.arasaac.org\/wp-content\/uploads\/2020\/07\/Historia_social_Llamar_por_telefono-movil-Whatsaps_pictogramas_ARASAAC-705x528.jpeg 705w, https:\/\/aulaabierta.arasaac.org\/wp-content\/uploads\/2020\/07\/Historia_social_Llamar_por_telefono-movil-Whatsaps_pictogramas_ARASAAC-450x337.jpeg 450w\" sizes=\"(max-width: 1016px) 100vw, 1016px\" \/><\/div><\/li><\/ul><\/div>\n<\/div><\/div><div class='flex_cell av-9oju5-d9089180f4e98a13fc93403f90a55254 av-gridrow-cell av_two_third no_margin  avia-builder-el-15  el_after_av_cell_one_third  avia-builder-el-last ' ><div class='flex_cell_inner'><p>\n<style type=\"text\/css\" data-created_by=\"avia_inline_auto\" id=\"style-css-av-kcc22s8b-831b986955f3a194c775e381fa1f65fa\">\n#top .av-special-heading.av-kcc22s8b-831b986955f3a194c775e381fa1f65fa{\nmargin:60px 0 0 0;\npadding-bottom:10px;\n}\nbody .av-special-heading.av-kcc22s8b-831b986955f3a194c775e381fa1f65fa .av-special-heading-tag .heading-char{\nfont-size:25px;\n}\n.av-special-heading.av-kcc22s8b-831b986955f3a194c775e381fa1f65fa .av-subheading{\nfont-size:15px;\n}\n<\/style>\n<div  class='av-special-heading av-kcc22s8b-831b986955f3a194c775e381fa1f65fa av-special-heading-h3 blockquote modern-quote modern-centered  avia-builder-el-16  el_before_av_button  avia-builder-el-first '><h3 class='av-special-heading-tag'  itemprop=\"headline\"  >Hist\u00f3ria social &#8211; Usamos o telefone, celular ou WhatsApp para nos comunicarmos<\/h3><div class=\"special-heading-border\"><div class=\"special-heading-inner-border\"><\/div><\/div><\/div><br \/>\n<div  class='avia-button-wrap av-kc5qrv02-bf65e600fa8caa3755dd9ff418c186b9-wrap avia-button-center  avia-builder-el-17  el_after_av_heading  avia-builder-el-last '><a href='http:\/\/www.arasaac.org\/materiales.php?id_material=2529' class='avia-button av-kc5qrv02-bf65e600fa8caa3755dd9ff418c186b9 avia-icon_select-yes-left-icon avia-size-x-large avia-position-center avia-color-theme-color' target=\"_blank\" rel=\"noopener noreferrer\"><span class='avia_button_icon avia_button_icon_left' aria-hidden='true' data-av_icon='\ue86c' data-av_iconfont='entypo-fontello'><\/span><span class='avia_iconbox_title' >Descarregamento ou material da ARASAAC<\/span><\/a><\/div><\/p>\n<\/div><\/div><\/div><div id='av-layout-grid-4'  class='av-layout-grid-container av-cew7x9-23b89d524f2fcbfb4a9068b528c40865 entry-content-wrapper main_color av-flex-cells  avia-builder-el-18  el_after_av_layout_row  avia-builder-el-last  grid-row-not-first  container_wrap fullsize'  >\n\n<style type=\"text\/css\" data-created_by=\"avia_inline_auto\" id=\"style-css-av-aux1ml-eec177016313b649182db3df6d3c2c36\">\n.flex_cell.av-aux1ml-eec177016313b649182db3df6d3c2c36{\nvertical-align:top;\n}\n.responsive #top #wrap_all .flex_cell.av-aux1ml-eec177016313b649182db3df6d3c2c36{\npadding:30px 30px 30px 30px !important;\n}\n<\/style>\n<div class='flex_cell av-aux1ml-eec177016313b649182db3df6d3c2c36 av-gridrow-cell av_one_fifth no_margin  avia-builder-el-19  el_before_av_cell_one_fifth  avia-builder-el-first ' ><div class='flex_cell_inner'><\/div><\/div>\n<style type=\"text\/css\" data-created_by=\"avia_inline_auto\" id=\"style-css-av-z347x-f9a8bcd5e4634d29753c022fe8ee5391\">\n.flex_cell.av-z347x-f9a8bcd5e4634d29753c022fe8ee5391{\nvertical-align:top;\n}\n.responsive #top #wrap_all .flex_cell.av-z347x-f9a8bcd5e4634d29753c022fe8ee5391{\npadding:30px 30px 30px 30px !important;\n}\n<\/style>\n<div class='flex_cell av-z347x-f9a8bcd5e4634d29753c022fe8ee5391 av-gridrow-cell av_one_fifth no_margin  avia-builder-el-20  el_after_av_cell_one_fifth  el_before_av_cell_one_fifth ' ><div class='flex_cell_inner'><\/div><\/div>\n<style type=\"text\/css\" data-created_by=\"avia_inline_auto\" id=\"style-css-av-7simx9-4a93ae90fe63b268f9ea58e574b109ec\">\n.flex_cell.av-7simx9-4a93ae90fe63b268f9ea58e574b109ec{\nvertical-align:top;\n}\n.responsive #top #wrap_all .flex_cell.av-7simx9-4a93ae90fe63b268f9ea58e574b109ec{\npadding:30px 30px 30px 30px !important;\n}\n<\/style>\n<div class='flex_cell av-7simx9-4a93ae90fe63b268f9ea58e574b109ec av-gridrow-cell av_one_fifth no_margin  avia-builder-el-21  el_after_av_cell_one_fifth  el_before_av_cell_one_fifth ' ><div class='flex_cell_inner'>\n<style type=\"text\/css\" data-created_by=\"avia_inline_auto\" id=\"style-css-av-62b1x9-2f1a147994bd06a6ea636d61e75b613b\">\n.avia-image-container.av-62b1x9-2f1a147994bd06a6ea636d61e75b613b img.avia_image{\nbox-shadow:none;\n}\n.avia-image-container.av-62b1x9-2f1a147994bd06a6ea636d61e75b613b .av-image-caption-overlay-center{\ncolor:#ffffff;\n}\n<\/style>\n<div  class='avia-image-container av-62b1x9-2f1a147994bd06a6ea636d61e75b613b av-styling- avia-align-center  avia-builder-el-22  avia-builder-el-no-sibling '   itemprop=\"image\" itemscope=\"itemscope\" itemtype=\"https:\/\/schema.org\/ImageObject\" ><div class=\"avia-image-container-inner\"><div class=\"avia-image-overlay-wrap\"><a href=\"https:\/\/aulaabierta.arasaac.org\/pt-pt\/materiais-caa\" class='avia_image' ><img decoding=\"async\" class='wp-image-23499 avia-img-lazy-loading-not-23499 avia_image ' src=\"https:\/\/aulaabierta.arasaac.org\/wp-content\/uploads\/2016\/12\/casa-80x80.png\" alt='' title='In\u00edcio'  height=\"80\" width=\"80\"  itemprop=\"thumbnailUrl\" srcset=\"https:\/\/aulaabierta.arasaac.org\/wp-content\/uploads\/2016\/12\/casa-80x80.png 80w, https:\/\/aulaabierta.arasaac.org\/wp-content\/uploads\/2016\/12\/casa-300x300.png 300w, https:\/\/aulaabierta.arasaac.org\/wp-content\/uploads\/2016\/12\/casa-36x36.png 36w, https:\/\/aulaabierta.arasaac.org\/wp-content\/uploads\/2016\/12\/casa-180x180.png 180w, https:\/\/aulaabierta.arasaac.org\/wp-content\/uploads\/2016\/12\/casa-120x120.png 120w, https:\/\/aulaabierta.arasaac.org\/wp-content\/uploads\/2016\/12\/casa-450x450.png 450w, https:\/\/aulaabierta.arasaac.org\/wp-content\/uploads\/2016\/12\/casa.png 500w\" sizes=\"(max-width: 80px) 100vw, 80px\" \/><\/a><\/div><\/div><\/div>\n<\/div><\/div>\n<style type=\"text\/css\" data-created_by=\"avia_inline_auto\" id=\"style-css-av-481xq5-052784437cf3fddb1c1ddc30e9639fbf\">\n.flex_cell.av-481xq5-052784437cf3fddb1c1ddc30e9639fbf{\nvertical-align:top;\n}\n.responsive #top #wrap_all .flex_cell.av-481xq5-052784437cf3fddb1c1ddc30e9639fbf{\npadding:30px 30px 30px 30px !important;\n}\n<\/style>\n<div class='flex_cell av-481xq5-052784437cf3fddb1c1ddc30e9639fbf av-gridrow-cell av_one_fifth no_margin  avia-builder-el-23  el_after_av_cell_one_fifth  el_before_av_cell_one_fifth ' ><div class='flex_cell_inner'><\/div><\/div>\n<style type=\"text\/css\" data-created_by=\"avia_inline_auto\" id=\"style-css-av-2kkqe5-0306feb35d4cf67351b4c79559b93ff0\">\n.flex_cell.av-2kkqe5-0306feb35d4cf67351b4c79559b93ff0{\nvertical-align:top;\n}\n.responsive #top #wrap_all .flex_cell.av-2kkqe5-0306feb35d4cf67351b4c79559b93ff0{\npadding:30px 30px 30px 30px !important;\n}\n<\/style>\n<div class='flex_cell av-2kkqe5-0306feb35d4cf67351b4c79559b93ff0 av-gridrow-cell av_one_fifth no_margin  avia-builder-el-24  el_after_av_cell_one_fifth  avia-builder-el-last ' ><div class='flex_cell_inner'><\/div><\/div>\n<\/div><\/p>\n","protected":false},"excerpt":{"rendered":"","protected":false},"author":5,"featured_media":0,"parent":0,"menu_order":0,"comment_status":"closed","ping_status":"closed","template":"","meta":{"om_disable_all_campaigns":false,"_monsterinsights_skip_tracking":false,"_monsterinsights_sitenote_active":false,"_monsterinsights_sitenote_note":"","_monsterinsights_sitenote_category":0,"_uf_show_specific_survey":0,"_uf_disable_surveys":false,"footnotes":""},"class_list":["post-74238","page","type-page","status-publish","hentry"],"aioseo_notices":[],"_links":{"self":[{"href":"https:\/\/aulaabierta.arasaac.org\/pt-pt\/wp-json\/wp\/v2\/pages\/74238","targetHints":{"allow":["GET"]}}],"collection":[{"href":"https:\/\/aulaabierta.arasaac.org\/pt-pt\/wp-json\/wp\/v2\/pages"}],"about":[{"href":"https:\/\/aulaabierta.arasaac.org\/pt-pt\/wp-json\/wp\/v2\/types\/page"}],"author":[{"embeddable":true,"href":"https:\/\/aulaabierta.arasaac.org\/pt-pt\/wp-json\/wp\/v2\/users\/5"}],"replies":[{"embeddable":true,"href":"https:\/\/aulaabierta.arasaac.org\/pt-pt\/wp-json\/wp\/v2\/comments?post=74238"}],"version-history":[{"count":9,"href":"https:\/\/aulaabierta.arasaac.org\/pt-pt\/wp-json\/wp\/v2\/pages\/74238\/revisions"}],"predecessor-version":[{"id":86962,"href":"https:\/\/aulaabierta.arasaac.org\/pt-pt\/wp-json\/wp\/v2\/pages\/74238\/revisions\/86962"}],"wp:attachment":[{"href":"https:\/\/aulaabierta.arasaac.org\/pt-pt\/wp-json\/wp\/v2\/media?parent=74238"}],"curies":[{"name":"wp","href":"https:\/\/api.w.org\/{rel}","templated":true}]}}