{"id":77527,"date":"2017-01-13T19:52:28","date_gmt":"2017-01-13T19:52:28","guid":{"rendered":"https:\/\/aulaabierta.arasaac.org\/herramientas-online-carpeta-de-trabajo"},"modified":"2023-02-09T11:22:57","modified_gmt":"2023-02-09T10:22:57","slug":"online-ferramentas-portfolio-trabalho","status":"publish","type":"page","link":"https:\/\/aulaabierta.arasaac.org\/pt-pt\/online-ferramentas-portfolio-trabalho","title":{"rendered":"Ferramentas Online &#8211; Portf\u00f3lio de Trabalho"},"content":{"rendered":"<div id='av-layout-grid-1'  class='av-layout-grid-container av-o70csc-9eda9296035c53daba8277ee00052ace entry-content-wrapper alternate_color av-border-cells av-flex-cells  avia-builder-el-0  el_before_av_textblock  avia-builder-el-first   container_wrap fullsize'  >\n\n<style type=\"text\/css\" data-created_by=\"avia_inline_auto\" id=\"style-css-av-mlalek-70868c5923461dd43341f0b2db962330\">\n.flex_cell.av-mlalek-70868c5923461dd43341f0b2db962330{\nvertical-align:top;\n}\n.responsive #top #wrap_all .flex_cell.av-mlalek-70868c5923461dd43341f0b2db962330{\npadding:30px 30px 30px 30px !important;\n}\n<\/style>\n<div class='flex_cell av-mlalek-70868c5923461dd43341f0b2db962330 av-gridrow-cell av_one_fifth no_margin  avia-builder-el-1  el_before_av_cell_four_fifth  avia-builder-el-first ' ><div class='flex_cell_inner'>\n<style type=\"text\/css\" data-created_by=\"avia_inline_auto\" id=\"style-css-av-kzz6zw-d3c911b44b1e30cf2b6f6c95169228d8\">\n.avia-image-container.av-kzz6zw-d3c911b44b1e30cf2b6f6c95169228d8 img.avia_image{\nbox-shadow:none;\n}\n.avia-image-container.av-kzz6zw-d3c911b44b1e30cf2b6f6c95169228d8 .av-image-caption-overlay-center{\ncolor:#ffffff;\n}\n<\/style>\n<div  class='avia-image-container av-kzz6zw-d3c911b44b1e30cf2b6f6c95169228d8 av-styling- avia-align-center  avia-builder-el-2  avia-builder-el-no-sibling '   itemprop=\"image\" itemscope=\"itemscope\" itemtype=\"https:\/\/schema.org\/ImageObject\" ><div class=\"avia-image-container-inner\"><div class=\"avia-image-overlay-wrap\"><a href=\"https:\/\/aulaabierta.arasaac.org\/pt-pt\/ferramentas-online-arasaac\" class='avia_image' ><img decoding=\"async\" class='wp-image-24690 avia-img-lazy-loading-not-24690 avia_image ' src=\"https:\/\/aulaabierta.arasaac.org\/wp-content\/uploads\/2017\/01\/web-180x180.png\" alt='' title='web'  height=\"180\" width=\"180\"  itemprop=\"thumbnailUrl\" srcset=\"https:\/\/aulaabierta.arasaac.org\/wp-content\/uploads\/2017\/01\/web-180x180.png 180w, https:\/\/aulaabierta.arasaac.org\/wp-content\/uploads\/2017\/01\/web-80x80.png 80w, https:\/\/aulaabierta.arasaac.org\/wp-content\/uploads\/2017\/01\/web-300x300.png 300w, https:\/\/aulaabierta.arasaac.org\/wp-content\/uploads\/2017\/01\/web-36x36.png 36w, https:\/\/aulaabierta.arasaac.org\/wp-content\/uploads\/2017\/01\/web-120x120.png 120w, https:\/\/aulaabierta.arasaac.org\/wp-content\/uploads\/2017\/01\/web-450x450.png 450w, https:\/\/aulaabierta.arasaac.org\/wp-content\/uploads\/2017\/01\/web.png 500w\" sizes=\"(max-width: 180px) 100vw, 180px\" \/><\/a><\/div><\/div><\/div>\n<\/div><\/div>\n<style type=\"text\/css\" data-created_by=\"avia_inline_auto\" id=\"style-css-av-is7yss-062f846d9ff6a70bb3bca415347ae3b3\">\n.flex_cell.av-is7yss-062f846d9ff6a70bb3bca415347ae3b3{\nvertical-align:middle;\n}\n.responsive #top #wrap_all .flex_cell.av-is7yss-062f846d9ff6a70bb3bca415347ae3b3{\npadding:30px 30px 30px 30px !important;\n}\n<\/style>\n<div class='flex_cell av-is7yss-062f846d9ff6a70bb3bca415347ae3b3 av-gridrow-cell av_four_fifth no_margin  avia-builder-el-3  el_after_av_cell_one_fifth  avia-builder-el-last ' ><div class='flex_cell_inner'>\n<style type=\"text\/css\" data-created_by=\"avia_inline_auto\" id=\"style-css-av-i5c2b0-51c7e155badf28eba200e2ed73fd4e3f\">\n#top .av-special-heading.av-i5c2b0-51c7e155badf28eba200e2ed73fd4e3f{\npadding-bottom:0;\n}\nbody .av-special-heading.av-i5c2b0-51c7e155badf28eba200e2ed73fd4e3f .av-special-heading-tag .heading-char{\nfont-size:25px;\n}\n.av-special-heading.av-i5c2b0-51c7e155badf28eba200e2ed73fd4e3f .av-subheading{\nfont-size:15px;\n}\n<\/style>\n<div  class='av-special-heading av-i5c2b0-51c7e155badf28eba200e2ed73fd4e3f av-special-heading-h1  avia-builder-el-4  avia-builder-el-no-sibling '><h1 class='av-special-heading-tag'  itemprop=\"headline\"  >PORTF\u00d3LIO DE TRABALHO<\/h1><div class=\"special-heading-border\"><div class=\"special-heading-inner-border\"><\/div><\/div><\/div>\n<\/div><\/div>\n<\/div><div id='after_grid_row_1'  class='main_color av_default_container_wrap container_wrap fullsize'  ><div class='container av-section-cont-open' ><div class='template-page content  av-content-full alpha units'><div class='post-entry post-entry-type-page post-entry-77527'><div class='entry-content-wrapper clearfix'>\n<section  class='av_textblock_section av-fd2o18-58cfd6535cfde4012d04843c02d6fe98'  itemscope=\"itemscope\" itemtype=\"https:\/\/schema.org\/CreativeWork\" ><div class='avia_textblock'  itemprop=\"text\" ><h6 style=\"text-align: center;\"><img loading=\"lazy\" decoding=\"async\" class=\"aligncenter size-full wp-image-932\" src=\"https:\/\/aulaabierta.arasaac.org\/wp-content\/uploads\/2016\/12\/by-nc-sa.eu_petit.png\" alt=\"\" width=\"118\" height=\"41\" \/>Este obra est\u00e1 bajo una <a href=\"http:\/\/creativecommons.org\/licenses\/by-nc-sa\/4.0\/\" rel=\"license\">licencia de Creative Commons Reconocimiento-NoComercial-CompartirIgual 4.0 Internacional<\/a>.<\/h6>\n<hr \/>\n<\/div><\/section>\n\n<style type=\"text\/css\" data-created_by=\"avia_inline_auto\" id=\"style-css-av-e4qqbw-531ad480ea0f6476984d106e60609714\">\n#top .av_textblock_section.av-e4qqbw-531ad480ea0f6476984d106e60609714 .avia_textblock{\nfont-size:16px;\n}\n<\/style>\n<section  class='av_textblock_section av-e4qqbw-531ad480ea0f6476984d106e60609714'  itemscope=\"itemscope\" itemtype=\"https:\/\/schema.org\/CreativeWork\" ><div class='avia_textblock'  itemprop=\"text\" ><p>Se al\u00e9m dos pictogramas e imagens ARASAAC quisermos utilizar nossas pr\u00f3prias imagens nas diferentes ferramentas online do portal (exceto no Phrase Creator) teremos que recorrer \u00e0 &#8220;<strong>pasta de trabalho<\/strong>&#8221; ou ao &#8220;<strong>Carregar arquivos para meu trabalho bot\u00e3o pasta<\/strong>&#8220;dispon\u00edvel nas diferentes ferramentas.<\/p>\n<p>Podemos dividir o funcionamento da ferramenta em diferentes etapas, dependendo se acessamos a partir da p\u00e1gina &#8220;<strong><a href=\"http:\/\/antiguo.arasaac.org\/herramientas.php\" target=\"_blank\" rel=\"noopener\">Ferramentas online<\/a><\/strong>&#8221; ou de cada uma das ferramentas.<\/p>\n<h3>ACESSO A PARTIR DAS FERRAMENTAS ONLINE<\/h3>\n<p><strong>PASSO 1<\/strong>: Na p\u00e1gina &#8220;<strong><a href=\"http:\/\/antiguo.arasaac.org\/herramientas.php\" target=\"_blank\" rel=\"noopener\">Ferramentas online<\/a><\/strong>&#8221; do portal, clique na op\u00e7\u00e3o <a href=\"http:\/\/antiguo.arasaac.org\/carpeta_trabajo.php\" target=\"_blank\" rel=\"noopener\"><strong>Portf\u00f3lio de trabalho<\/strong><\/a>.<\/p>\n<p><img decoding=\"async\" class=\"aligncenter\" src=\"https:\/\/lh3.googleusercontent.com\/-0EBuKOQiNJs\/UiXMDuwF7vI\/AAAAAAAABK4\/3bNsijwwZE4\/w1044-h455-no\/carpeta_trabajo.png\" width=\"800\"><\/p>\n<p><strong>PASSO 2<\/strong>: Uma vez dentro, clique em &#8220;Selecionar arquivo&#8221;.<\/p>\n<p><img decoding=\"async\" class=\"aligncenter\" src=\"https:\/\/lh3.googleusercontent.com\/-wP7KKlgW81Q\/UiXPMfMl29I\/AAAAAAAABLQ\/iojQyaTvVpc\/w1043-h462-no\/carpeta_trabajo_1.png\" width=\"800\"><\/p>\n<p><strong>PASSO 3<\/strong>: Na janela pop-up que se abre, selecione a imagem a ser importada de nosso disco r\u00edgido e clique em Abrir.<\/p>\n<p><img decoding=\"async\" class=\"aligncenter\" src=\"https:\/\/lh5.googleusercontent.com\/-OpNQmrH3B6w\/UiXPMr94v7I\/AAAAAAAABLY\/3OZHTRj5s9c\/w1044-h463-no\/carpeta_trabajo_2.png\" width=\"800\"><\/p>\n<p><strong>PASSO 4<\/strong>: Volte para a tela inicial, clique em &#8220;Upload file&#8221;.<\/p>\n<p><img decoding=\"async\" class=\"aligncenter\" src=\"https:\/\/lh6.googleusercontent.com\/-ChdNpu_oD9U\/UiXPMuluF2I\/AAAAAAAABLk\/ljsftttO4Es\/w1044-h459-no\/carpeta_trabajo_3.png\" width=\"800\"><\/p>\n<p><strong>PASSO 5<\/strong>: Finalmente nossa imagem \u00e9 importada e pronta para ser usada em qualquer uma das ferramentas online da ARASAAC (exceto para o criador de frases).<\/p>\n<p><img decoding=\"async\" class=\"aligncenter\" src=\"https:\/\/lh3.googleusercontent.com\/-JIWYEKbWlDc\/UiXPM06SLWI\/AAAAAAAABLg\/V-kszn9n1ME\/w1044-h457-no\/carpeta_trabajo_4.png\" width=\"800\"><\/p>\n<h3>ACESSO DE CADA UMA DAS FERRAMENTAS<\/h3>\n<p>Uma vez clicado, uma nova janela aparecer\u00e1 na qual devemos selecionar o arquivo de imagem a carregar.<\/p>\n<p><img loading=\"lazy\" decoding=\"async\" class=\"aligncenter\" src=\"https:\/\/lh3.googleusercontent.com\/-qTcavmHIn6A\/UfI8v8K9URI\/AAAAAAAAA3Y\/_CmKyxEVoEk\/w1043-h469-no\/carpeta_trabajo_5.JPG\" width=\"800\" height=\"360\"><\/p>\n<p>\u00c9 importante ler as instru\u00e7\u00f5es que nos foram dadas:<\/p>\n<p><em>\u201cAl\u00e9m dos pictogramas e fotografias que o ARASAAC oferece, voc\u00ea pode enviar seus pr\u00f3prios arquivos de imagem para serem usados \u200b\u200bposteriormente com nossas ferramentas. Arquivos gr\u00e1ficos (<strong>jpg, png, gif<\/strong>) podem ser enviados<strong>individualmente<\/strong> ou em <strong>massa<\/strong>. Para fazer upload em massa de arquivos para a cesta, voc\u00ea deve compactar as imagens em um<strong>ZIP<\/strong> e fazer upload do arquivo. O tamanho m\u00e1ximo por arquivo \u00e9 2 MB. Os arquivos s\u00e3o armazenados em uma pasta tempor\u00e1ria que \u00e9 exclu\u00edda assim que a sess\u00e3o do navegador termina. &#8220;<\/em><\/p>\n<p>Depois de ler, clique em &#8220;<strong>Selecionar arquivo<\/strong>&#8220;.<\/p>\n<p><img loading=\"lazy\" decoding=\"async\" class=\"aligncenter\" src=\"https:\/\/lh4.googleusercontent.com\/-S9q-J8RdZwE\/UfI8wnaO0yI\/AAAAAAAAA3k\/N9msg3ceLhI\/w1044-h465-no\/carpeta_trabajo_6.JPG\" width=\"800\" height=\"356\"><\/p>\n<p>Uma vez escolhida a imagem do disco r\u00edgido, clique em &#8220;<strong>Abrir<\/strong>&#8220;. De volta \u00e0 janela anterior, clicamos em &#8220;<strong>Carregar arquiv<\/strong>o&#8221;. Assim que o arquivo for carregado, receberemos uma mensagem informativa dizendo se o processo foi correto ou se surgiu um problema.<\/p>\n<p><img loading=\"lazy\" decoding=\"async\" class=\"aligncenter\" src=\"https:\/\/lh6.googleusercontent.com\/-qiclayZRCRk\/UfI8wtqMqDI\/AAAAAAAAA3g\/bihhxTCwKd0\/w1044-h467-no\/carpeta_trabajo_7.JPG\" width=\"800\" height=\"358\"><\/p>\n<p>Assim que a importa\u00e7\u00e3o for conclu\u00edda, a imagem ficar\u00e1 dispon\u00edvel para uso na ferramenta que est\u00e1 sendo usada.<\/p>\n<\/div><\/section>\n<\/div><\/div><\/div><!-- close content main div --><\/div><\/div><div id='av-layout-grid-2'  class='av-layout-grid-container av-17mou4-9296155e1fd740a1eb85cc092cbd8f3d entry-content-wrapper main_color av-flex-cells  avia-builder-el-7  el_after_av_textblock  avia-builder-el-last  grid-row-not-first  container_wrap fullsize'  >\n\n<style type=\"text\/css\" data-created_by=\"avia_inline_auto\" id=\"style-css-av-aegeu4-e86f66c01ce1b8902ed6bcc5e560d883\">\n.flex_cell.av-aegeu4-e86f66c01ce1b8902ed6bcc5e560d883{\nvertical-align:top;\n}\n.responsive #top #wrap_all .flex_cell.av-aegeu4-e86f66c01ce1b8902ed6bcc5e560d883{\npadding:30px 30px 30px 30px !important;\n}\n<\/style>\n<div class='flex_cell av-aegeu4-e86f66c01ce1b8902ed6bcc5e560d883 av-gridrow-cell av_one_fifth no_margin  avia-builder-el-8  el_before_av_cell_one_fifth  avia-builder-el-first ' ><div class='flex_cell_inner'><\/div><\/div>\n<style type=\"text\/css\" data-created_by=\"avia_inline_auto\" id=\"style-css-av-9a5sm4-938d72e4c120226ab6e31552e9f4c442\">\n.flex_cell.av-9a5sm4-938d72e4c120226ab6e31552e9f4c442{\nvertical-align:top;\n}\n.responsive #top #wrap_all .flex_cell.av-9a5sm4-938d72e4c120226ab6e31552e9f4c442{\npadding:30px 30px 30px 30px !important;\n}\n<\/style>\n<div class='flex_cell av-9a5sm4-938d72e4c120226ab6e31552e9f4c442 av-gridrow-cell av_one_fifth no_margin  avia-builder-el-9  el_after_av_cell_one_fifth  el_before_av_cell_one_fifth ' ><div class='flex_cell_inner'><\/div><\/div>\n<style type=\"text\/css\" data-created_by=\"avia_inline_auto\" id=\"style-css-av-856j1o-54a7d4ad595cabe35304a7f541ba4d27\">\n.flex_cell.av-856j1o-54a7d4ad595cabe35304a7f541ba4d27{\nvertical-align:top;\n}\n.responsive #top #wrap_all .flex_cell.av-856j1o-54a7d4ad595cabe35304a7f541ba4d27{\npadding:30px 30px 30px 30px !important;\n}\n<\/style>\n<div class='flex_cell av-856j1o-54a7d4ad595cabe35304a7f541ba4d27 av-gridrow-cell av_one_fifth no_margin  avia-builder-el-10  el_after_av_cell_one_fifth  el_before_av_cell_one_fifth ' ><div class='flex_cell_inner'>\n<style type=\"text\/css\" data-created_by=\"avia_inline_auto\" id=\"style-css-av-5ui29o-ad273966c24720b0743b60dcc19d6da8\">\n.avia-image-container.av-5ui29o-ad273966c24720b0743b60dcc19d6da8 img.avia_image{\nbox-shadow:none;\n}\n.avia-image-container.av-5ui29o-ad273966c24720b0743b60dcc19d6da8 .av-image-caption-overlay-center{\ncolor:#ffffff;\n}\n<\/style>\n<div  class='avia-image-container av-5ui29o-ad273966c24720b0743b60dcc19d6da8 av-styling- avia-align-center  avia-builder-el-11  avia-builder-el-no-sibling '   itemprop=\"image\" itemscope=\"itemscope\" itemtype=\"https:\/\/schema.org\/ImageObject\" ><div class=\"avia-image-container-inner\"><div class=\"avia-image-overlay-wrap\"><a href=\"https:\/\/aulaabierta.arasaac.org\/pt-pt\/ferramentas-online-arasaac\" class='avia_image' ><img decoding=\"async\" class='wp-image-23499 avia-img-lazy-loading-not-23499 avia_image ' src=\"https:\/\/aulaabierta.arasaac.org\/wp-content\/uploads\/2016\/12\/casa-80x80.png\" alt='' title='In\u00edcio'  height=\"80\" width=\"80\"  itemprop=\"thumbnailUrl\" srcset=\"https:\/\/aulaabierta.arasaac.org\/wp-content\/uploads\/2016\/12\/casa-80x80.png 80w, https:\/\/aulaabierta.arasaac.org\/wp-content\/uploads\/2016\/12\/casa-300x300.png 300w, https:\/\/aulaabierta.arasaac.org\/wp-content\/uploads\/2016\/12\/casa-36x36.png 36w, https:\/\/aulaabierta.arasaac.org\/wp-content\/uploads\/2016\/12\/casa-180x180.png 180w, https:\/\/aulaabierta.arasaac.org\/wp-content\/uploads\/2016\/12\/casa-120x120.png 120w, https:\/\/aulaabierta.arasaac.org\/wp-content\/uploads\/2016\/12\/casa-450x450.png 450w, https:\/\/aulaabierta.arasaac.org\/wp-content\/uploads\/2016\/12\/casa.png 500w\" sizes=\"(max-width: 80px) 100vw, 80px\" \/><\/a><\/div><\/div><\/div>\n<\/div><\/div>\n<style type=\"text\/css\" data-created_by=\"avia_inline_auto\" id=\"style-css-av-3zhq4s-d2ceef8a608c14623d49ac7aebba19de\">\n.flex_cell.av-3zhq4s-d2ceef8a608c14623d49ac7aebba19de{\nvertical-align:top;\n}\n.responsive #top #wrap_all .flex_cell.av-3zhq4s-d2ceef8a608c14623d49ac7aebba19de{\npadding:30px 30px 30px 30px !important;\n}\n<\/style>\n<div class='flex_cell av-3zhq4s-d2ceef8a608c14623d49ac7aebba19de av-gridrow-cell av_one_fifth no_margin  avia-builder-el-12  el_after_av_cell_one_fifth  el_before_av_cell_one_fifth ' ><div class='flex_cell_inner'><\/div><\/div>\n<style type=\"text\/css\" data-created_by=\"avia_inline_auto\" id=\"style-css-av-28q7jg-4760cc9f84ba7a5e743a96aed23d031c\">\n.flex_cell.av-28q7jg-4760cc9f84ba7a5e743a96aed23d031c{\nvertical-align:top;\n}\n.responsive #top #wrap_all .flex_cell.av-28q7jg-4760cc9f84ba7a5e743a96aed23d031c{\npadding:30px 30px 30px 30px !important;\n}\n<\/style>\n<div class='flex_cell av-28q7jg-4760cc9f84ba7a5e743a96aed23d031c av-gridrow-cell av_one_fifth no_margin  avia-builder-el-13  el_after_av_cell_one_fifth  avia-builder-el-last ' ><div class='flex_cell_inner'><\/div><\/div>\n<\/div>\n","protected":false},"excerpt":{"rendered":"","protected":false},"author":5,"featured_media":0,"parent":0,"menu_order":0,"comment_status":"closed","ping_status":"closed","template":"","meta":{"om_disable_all_campaigns":false,"_monsterinsights_skip_tracking":false,"_monsterinsights_sitenote_active":false,"_monsterinsights_sitenote_note":"","_monsterinsights_sitenote_category":0,"_uf_show_specific_survey":0,"_uf_disable_surveys":false,"footnotes":""},"class_list":["post-77527","page","type-page","status-publish","hentry"],"aioseo_notices":[],"_links":{"self":[{"href":"https:\/\/aulaabierta.arasaac.org\/pt-pt\/wp-json\/wp\/v2\/pages\/77527","targetHints":{"allow":["GET"]}}],"collection":[{"href":"https:\/\/aulaabierta.arasaac.org\/pt-pt\/wp-json\/wp\/v2\/pages"}],"about":[{"href":"https:\/\/aulaabierta.arasaac.org\/pt-pt\/wp-json\/wp\/v2\/types\/page"}],"author":[{"embeddable":true,"href":"https:\/\/aulaabierta.arasaac.org\/pt-pt\/wp-json\/wp\/v2\/users\/5"}],"replies":[{"embeddable":true,"href":"https:\/\/aulaabierta.arasaac.org\/pt-pt\/wp-json\/wp\/v2\/comments?post=77527"}],"version-history":[{"count":4,"href":"https:\/\/aulaabierta.arasaac.org\/pt-pt\/wp-json\/wp\/v2\/pages\/77527\/revisions"}],"predecessor-version":[{"id":77551,"href":"https:\/\/aulaabierta.arasaac.org\/pt-pt\/wp-json\/wp\/v2\/pages\/77527\/revisions\/77551"}],"wp:attachment":[{"href":"https:\/\/aulaabierta.arasaac.org\/pt-pt\/wp-json\/wp\/v2\/media?parent=77527"}],"curies":[{"name":"wp","href":"https:\/\/api.w.org\/{rel}","templated":true}]}}