{"id":77724,"date":"2017-01-13T22:22:47","date_gmt":"2017-01-13T22:22:47","guid":{"rendered":"https:\/\/aulaabierta.arasaac.org\/herramientas-online-juego-de-la-oca"},"modified":"2023-02-09T11:23:00","modified_gmt":"2023-02-09T10:23:00","slug":"online-ferramentas-jogo-do-ganso","status":"publish","type":"page","link":"https:\/\/aulaabierta.arasaac.org\/pt-pt\/online-ferramentas-jogo-do-ganso","title":{"rendered":"Ferramentas Online &#8211; Jogo do Ganso"},"content":{"rendered":"<div id='av-layout-grid-1'  class='av-layout-grid-container av-oo3a66-f5e8e118e312d77bc9e335eb6d4b9bb6 entry-content-wrapper alternate_color av-border-cells av-flex-cells  avia-builder-el-0  el_before_av_textblock  avia-builder-el-first   container_wrap fullsize'  >\n\n<style type=\"text\/css\" data-created_by=\"avia_inline_auto\" id=\"style-css-av-lo9w8e-4dbfbb3d153d05ca419e1557a15a3e67\">\n.flex_cell.av-lo9w8e-4dbfbb3d153d05ca419e1557a15a3e67{\nvertical-align:top;\n}\n.responsive #top #wrap_all .flex_cell.av-lo9w8e-4dbfbb3d153d05ca419e1557a15a3e67{\npadding:30px 30px 30px 30px !important;\n}\n<\/style>\n<div class='flex_cell av-lo9w8e-4dbfbb3d153d05ca419e1557a15a3e67 av-gridrow-cell av_one_fourth no_margin  avia-builder-el-1  el_before_av_cell_three_fourth  avia-builder-el-first ' ><div class='flex_cell_inner'>\n<style type=\"text\/css\" data-created_by=\"avia_inline_auto\" id=\"style-css-av-kq243i-8b92512823ad97abd58d2328a77ea194\">\n.avia-image-container.av-kq243i-8b92512823ad97abd58d2328a77ea194 img.avia_image{\nbox-shadow:none;\n}\n.avia-image-container.av-kq243i-8b92512823ad97abd58d2328a77ea194 .av-image-caption-overlay-center{\ncolor:#ffffff;\n}\n<\/style>\n<div  class='avia-image-container av-kq243i-8b92512823ad97abd58d2328a77ea194 av-styling- avia-align-center  avia-builder-el-2  avia-builder-el-no-sibling '   itemprop=\"image\" itemscope=\"itemscope\" itemtype=\"https:\/\/schema.org\/ImageObject\" ><div class=\"avia-image-container-inner\"><div class=\"avia-image-overlay-wrap\"><a href=\"https:\/\/aulaabierta.arasaac.org\/pt-pt\/ferramentas-online-arasaac\" class='avia_image' ><img decoding=\"async\" class='wp-image-24690 avia-img-lazy-loading-not-24690 avia_image ' src=\"https:\/\/aulaabierta.arasaac.org\/wp-content\/uploads\/2017\/01\/web-180x180.png\" alt='' title='web'  height=\"180\" width=\"180\"  itemprop=\"thumbnailUrl\" srcset=\"https:\/\/aulaabierta.arasaac.org\/wp-content\/uploads\/2017\/01\/web-180x180.png 180w, https:\/\/aulaabierta.arasaac.org\/wp-content\/uploads\/2017\/01\/web-80x80.png 80w, https:\/\/aulaabierta.arasaac.org\/wp-content\/uploads\/2017\/01\/web-300x300.png 300w, https:\/\/aulaabierta.arasaac.org\/wp-content\/uploads\/2017\/01\/web-36x36.png 36w, https:\/\/aulaabierta.arasaac.org\/wp-content\/uploads\/2017\/01\/web-120x120.png 120w, https:\/\/aulaabierta.arasaac.org\/wp-content\/uploads\/2017\/01\/web-450x450.png 450w, https:\/\/aulaabierta.arasaac.org\/wp-content\/uploads\/2017\/01\/web.png 500w\" sizes=\"(max-width: 180px) 100vw, 180px\" \/><\/a><\/div><\/div><\/div>\n<\/div><\/div>\n<style type=\"text\/css\" data-created_by=\"avia_inline_auto\" id=\"style-css-av-io55ce-3132d39c947e4f421c2d2b4aab2696bc\">\n.flex_cell.av-io55ce-3132d39c947e4f421c2d2b4aab2696bc{\nvertical-align:middle;\n}\n.responsive #top #wrap_all .flex_cell.av-io55ce-3132d39c947e4f421c2d2b4aab2696bc{\npadding:30px 30px 30px 30px !important;\n}\n<\/style>\n<div class='flex_cell av-io55ce-3132d39c947e4f421c2d2b4aab2696bc av-gridrow-cell av_three_fourth no_margin  avia-builder-el-3  el_after_av_cell_one_fourth  avia-builder-el-last ' ><div class='flex_cell_inner'>\n<style type=\"text\/css\" data-created_by=\"avia_inline_auto\" id=\"style-css-av-grnnmm-83d3890e992c42f2f001ebadb30dd074\">\n#top .av-special-heading.av-grnnmm-83d3890e992c42f2f001ebadb30dd074{\npadding-bottom:0;\n}\nbody .av-special-heading.av-grnnmm-83d3890e992c42f2f001ebadb30dd074 .av-special-heading-tag .heading-char{\nfont-size:25px;\n}\n.av-special-heading.av-grnnmm-83d3890e992c42f2f001ebadb30dd074 .av-subheading{\nfont-size:15px;\n}\n<\/style>\n<div  class='av-special-heading av-grnnmm-83d3890e992c42f2f001ebadb30dd074 av-special-heading-h1  avia-builder-el-4  avia-builder-el-no-sibling '><h1 class='av-special-heading-tag'  itemprop=\"headline\"  >JOGO DO GANSO<\/h1><div class=\"special-heading-border\"><div class=\"special-heading-inner-border\"><\/div><\/div><\/div>\n<\/div><\/div>\n<\/div><div id='after_grid_row_1'  class='main_color av_default_container_wrap container_wrap fullsize'  ><div class='container av-section-cont-open' ><div class='template-page content  av-content-full alpha units'><div class='post-entry post-entry-type-page post-entry-77724'><div class='entry-content-wrapper clearfix'>\n<section  class='av_textblock_section av-gefma6-8ff4166c375e7adc47e5a2769e303eaa'  itemscope=\"itemscope\" itemtype=\"https:\/\/schema.org\/CreativeWork\" ><div class='avia_textblock'  itemprop=\"text\" ><h6 style=\"text-align: center;\"><img loading=\"lazy\" decoding=\"async\" class=\"aligncenter size-full wp-image-932\" src=\"https:\/\/aulaabierta.arasaac.org\/wp-content\/uploads\/2016\/12\/by-nc-sa.eu_petit.png\" alt=\"\" width=\"118\" height=\"41\">Este trabalho \u00e9 licenciado sob uma <a href=\"http:\/\/creativecommons.org\/licenses\/by-nc-sa\/4.0\/\" rel=\"license\">licen\u00e7a internacional Creative Commons Attribution-NonComercial-ShareAlike 4.0 International.<\/a><\/h6>\n<hr>\n<\/div><\/section>\n\n<style type=\"text\/css\" data-created_by=\"avia_inline_auto\" id=\"style-css-av-1divri-65719a13d3a3c8c111316c4500e9679b\">\n#top .av_textblock_section.av-1divri-65719a13d3a3c8c111316c4500e9679b .avia_textblock{\nfont-size:16px;\n}\n<\/style>\n<section  class='av_textblock_section av-1divri-65719a13d3a3c8c111316c4500e9679b'  itemscope=\"itemscope\" itemtype=\"https:\/\/schema.org\/CreativeWork\" ><div class='avia_textblock'  itemprop=\"text\" ><p>O <a href=\"http:\/\/antiguo.arasaac.org\/herramientas.php\" target=\"_blank\" rel=\"noopener\"><strong>Goose Game<\/strong><\/a>, assim como o gerador de bingo, nos permite criar facilmente um<strong>tabuleiro Goose<\/strong>, com os pictogramas que selecionamos, que podemos imprimir e usar com nossos alunos.<\/p>\n<p>De forma l\u00fadica, voc\u00ea pode trabalhar aspectos relacionados a campos sem\u00e2nticos, matem\u00e1tica (n\u00fameros, caixas de contagem, &#8230;), aten\u00e7\u00e3o, concentra\u00e7\u00e3o, &#8230;<\/p>\n<p><img loading=\"lazy\" decoding=\"async\" class=\"aligncenter\" src=\"http:\/\/3.bp.blogspot.com\/-q-QeoAVc-Pw\/UI1Y3W7HsPI\/AAAAAAAAFso\/yvlKprydB8M\/s1600\/OCA.png\" width=\"728\" height=\"232\"><\/p>\n<p>O manuseio desta ferramenta \u00e9 muito semelhante ao explicado acima para o Criador do Bingo.<\/p>\n<p>No <strong>passo 1<\/strong> teremos que procurar os pictogramas que vamos incluir no nosso Jogo do ganso e adicion\u00e1-los \u00e0 nossa sele\u00e7\u00e3o (ver &#8220;<a href=\"https:\/\/aulaabierta.arasaac.org\/pt-pt\/online-ferramentas-minha-selecao\">Minha pasta de sele\u00e7\u00e3o<\/a>&#8221; e &#8220;<a href=\"https:\/\/aulaabierta.arasaac.org\/pt-pt\/online-ferramentas-portfolio-trabalho\">A pasta Trabalho<\/a>&#8220;). Precisaremos de <strong>41 pictogramas diferentes<\/strong>, se quisermos que n\u00e3o se repitam. O resto das caixas s\u00e3o configuradas por padr\u00e3o para todos os jogos que fazemos. N\u00e3o \u00e9 necess\u00e1rio introduzir nem pontes, nem gansos, nem pris\u00e3o,&#8230;<\/p>\n<p><img decoding=\"async\" class=\"aligncenter\" src=\"https:\/\/lh6.googleusercontent.com\/-EXML7nP_M64\/UiW27Zkk16I\/AAAAAAAABGI\/eJ3iOYQtn2E\/w1043-h466-no\/oca_1.png\" width=\"800\"><\/p>\n<p>Uma vez selecionados os pictogramas que usaremos na <strong>Etapa 1<\/strong>, clicamos na guia <strong>Etapa 2<\/strong> e a seguinte janela aparece:<\/p>\n<p><img decoding=\"async\" class=\"aligncenter\" src=\"https:\/\/lh4.googleusercontent.com\/-OGCyMqYg_9c\/UekWrhwVuCI\/AAAAAAAAAus\/bs58gd0D4Cs\/w576-h370-no\/juego_oca_paso_2.png\"><\/p>\n<div class=\"separator\">Nesta segunda etapa voc\u00ea pode configurar o <strong>Tamanho do Papel<\/strong>, a <strong>enuncia\u00e7\u00e3o<\/strong> do nosso quadro e alguns <strong>aspectos visuais<\/strong> relacionados \u00e0s bordas. Pressionar o bot\u00e3o<strong>Gerar Goose Board<\/strong> ir\u00e1 gerar um <strong>documento RTF<\/strong> que pode ser aberto e modificado com o <strong>Microsoft Word<\/strong> ou <strong>Open Office<\/strong> antes de imprimir.<\/div>\n<p><img decoding=\"async\" class=\"aligncenter\" src=\"http:\/\/3.bp.blogspot.com\/-VTdnDv38coY\/UI1XMzXDb0I\/AAAAAAAAFsg\/470s2Uplw6s\/s1600\/oca.jpg\"><\/p>\n<\/div><\/section>\n<\/div><\/div><\/div><!-- close content main div --><\/div><\/div><div id='av-layout-grid-2'  class='av-layout-grid-container av-c4ma5a-a3095d23d61483691f20c466c593e155 entry-content-wrapper main_color av-flex-cells  avia-builder-el-7  el_after_av_textblock  avia-builder-el-last  grid-row-not-first  container_wrap fullsize'  >\n\n<style type=\"text\/css\" data-created_by=\"avia_inline_auto\" id=\"style-css-av-a4wu1q-f48afcc7e05825d5d76fc83603db7064\">\n.flex_cell.av-a4wu1q-f48afcc7e05825d5d76fc83603db7064{\nvertical-align:top;\n}\n.responsive #top #wrap_all .flex_cell.av-a4wu1q-f48afcc7e05825d5d76fc83603db7064{\npadding:30px 30px 30px 30px !important;\n}\n<\/style>\n<div class='flex_cell av-a4wu1q-f48afcc7e05825d5d76fc83603db7064 av-gridrow-cell av_one_fifth no_margin  avia-builder-el-8  el_before_av_cell_one_fifth  avia-builder-el-first ' ><div class='flex_cell_inner'><\/div><\/div>\n<style type=\"text\/css\" data-created_by=\"avia_inline_auto\" id=\"style-css-av-8vqodq-c077d16cba5cd5fa17c80b932c8d2b17\">\n.flex_cell.av-8vqodq-c077d16cba5cd5fa17c80b932c8d2b17{\nvertical-align:top;\n}\n.responsive #top #wrap_all .flex_cell.av-8vqodq-c077d16cba5cd5fa17c80b932c8d2b17{\npadding:30px 30px 30px 30px !important;\n}\n<\/style>\n<div class='flex_cell av-8vqodq-c077d16cba5cd5fa17c80b932c8d2b17 av-gridrow-cell av_one_fifth no_margin  avia-builder-el-9  el_after_av_cell_one_fifth  el_before_av_cell_one_fifth ' ><div class='flex_cell_inner'><\/div><\/div>\n<style type=\"text\/css\" data-created_by=\"avia_inline_auto\" id=\"style-css-av-76b66m-ac888e4cb83366ac5a72620c373c242c\">\n.flex_cell.av-76b66m-ac888e4cb83366ac5a72620c373c242c{\nvertical-align:top;\n}\n.responsive #top #wrap_all .flex_cell.av-76b66m-ac888e4cb83366ac5a72620c373c242c{\npadding:30px 30px 30px 30px !important;\n}\n<\/style>\n<div class='flex_cell av-76b66m-ac888e4cb83366ac5a72620c373c242c av-gridrow-cell av_one_fifth no_margin  avia-builder-el-10  el_after_av_cell_one_fifth  el_before_av_cell_one_fifth ' ><div class='flex_cell_inner'>\n<style type=\"text\/css\" data-created_by=\"avia_inline_auto\" id=\"style-css-av-56qfu6-3a6bf9accdff1cd38d2febe832540f93\">\n.avia-image-container.av-56qfu6-3a6bf9accdff1cd38d2febe832540f93 img.avia_image{\nbox-shadow:none;\n}\n.avia-image-container.av-56qfu6-3a6bf9accdff1cd38d2febe832540f93 .av-image-caption-overlay-center{\ncolor:#ffffff;\n}\n<\/style>\n<div  class='avia-image-container av-56qfu6-3a6bf9accdff1cd38d2febe832540f93 av-styling- avia-align-center  avia-builder-el-11  avia-builder-el-no-sibling '   itemprop=\"image\" itemscope=\"itemscope\" itemtype=\"https:\/\/schema.org\/ImageObject\" ><div class=\"avia-image-container-inner\"><div class=\"avia-image-overlay-wrap\"><a href=\"https:\/\/aulaabierta.arasaac.org\/pt-pt\/ferramentas-online-arasaac\" class='avia_image' ><img decoding=\"async\" class='wp-image-23499 avia-img-lazy-loading-not-23499 avia_image ' src=\"https:\/\/aulaabierta.arasaac.org\/wp-content\/uploads\/2016\/12\/casa-80x80.png\" alt='' title='In\u00edcio'  height=\"80\" width=\"80\"  itemprop=\"thumbnailUrl\" srcset=\"https:\/\/aulaabierta.arasaac.org\/wp-content\/uploads\/2016\/12\/casa-80x80.png 80w, https:\/\/aulaabierta.arasaac.org\/wp-content\/uploads\/2016\/12\/casa-300x300.png 300w, https:\/\/aulaabierta.arasaac.org\/wp-content\/uploads\/2016\/12\/casa-36x36.png 36w, https:\/\/aulaabierta.arasaac.org\/wp-content\/uploads\/2016\/12\/casa-180x180.png 180w, https:\/\/aulaabierta.arasaac.org\/wp-content\/uploads\/2016\/12\/casa-120x120.png 120w, https:\/\/aulaabierta.arasaac.org\/wp-content\/uploads\/2016\/12\/casa-450x450.png 450w, https:\/\/aulaabierta.arasaac.org\/wp-content\/uploads\/2016\/12\/casa.png 500w\" sizes=\"(max-width: 80px) 100vw, 80px\" \/><\/a><\/div><\/div><\/div>\n<\/div><\/div>\n<style type=\"text\/css\" data-created_by=\"avia_inline_auto\" id=\"style-css-av-3pk032-dc9ca651236c322383b952feb8348c7d\">\n.flex_cell.av-3pk032-dc9ca651236c322383b952feb8348c7d{\nvertical-align:top;\n}\n.responsive #top #wrap_all .flex_cell.av-3pk032-dc9ca651236c322383b952feb8348c7d{\npadding:30px 30px 30px 30px !important;\n}\n<\/style>\n<div class='flex_cell av-3pk032-dc9ca651236c322383b952feb8348c7d av-gridrow-cell av_one_fifth no_margin  avia-builder-el-12  el_after_av_cell_one_fifth  el_before_av_cell_one_fifth ' ><div class='flex_cell_inner'><\/div><\/div>\n<style type=\"text\/css\" data-created_by=\"avia_inline_auto\" id=\"style-css-av-3935hq-1ce30bc258b1189ae61dc8e786c6a600\">\n.flex_cell.av-3935hq-1ce30bc258b1189ae61dc8e786c6a600{\nvertical-align:top;\n}\n.responsive #top #wrap_all .flex_cell.av-3935hq-1ce30bc258b1189ae61dc8e786c6a600{\npadding:30px 30px 30px 30px !important;\n}\n<\/style>\n<div class='flex_cell av-3935hq-1ce30bc258b1189ae61dc8e786c6a600 av-gridrow-cell av_one_fifth no_margin  avia-builder-el-13  el_after_av_cell_one_fifth  avia-builder-el-last ' ><div class='flex_cell_inner'><\/div><\/div>\n<\/div>\n","protected":false},"excerpt":{"rendered":"","protected":false},"author":5,"featured_media":0,"parent":0,"menu_order":0,"comment_status":"closed","ping_status":"closed","template":"","meta":{"om_disable_all_campaigns":false,"_monsterinsights_skip_tracking":false,"_monsterinsights_sitenote_active":false,"_monsterinsights_sitenote_note":"","_monsterinsights_sitenote_category":0,"_uf_show_specific_survey":0,"_uf_disable_surveys":false,"footnotes":""},"class_list":["post-77724","page","type-page","status-publish","hentry"],"aioseo_notices":[],"_links":{"self":[{"href":"https:\/\/aulaabierta.arasaac.org\/pt-pt\/wp-json\/wp\/v2\/pages\/77724","targetHints":{"allow":["GET"]}}],"collection":[{"href":"https:\/\/aulaabierta.arasaac.org\/pt-pt\/wp-json\/wp\/v2\/pages"}],"about":[{"href":"https:\/\/aulaabierta.arasaac.org\/pt-pt\/wp-json\/wp\/v2\/types\/page"}],"author":[{"embeddable":true,"href":"https:\/\/aulaabierta.arasaac.org\/pt-pt\/wp-json\/wp\/v2\/users\/5"}],"replies":[{"embeddable":true,"href":"https:\/\/aulaabierta.arasaac.org\/pt-pt\/wp-json\/wp\/v2\/comments?post=77724"}],"version-history":[{"count":21,"href":"https:\/\/aulaabierta.arasaac.org\/pt-pt\/wp-json\/wp\/v2\/pages\/77724\/revisions"}],"predecessor-version":[{"id":145046,"href":"https:\/\/aulaabierta.arasaac.org\/pt-pt\/wp-json\/wp\/v2\/pages\/77724\/revisions\/145046"}],"wp:attachment":[{"href":"https:\/\/aulaabierta.arasaac.org\/pt-pt\/wp-json\/wp\/v2\/media?parent=77724"}],"curies":[{"name":"wp","href":"https:\/\/api.w.org\/{rel}","templated":true}]}}