{"id":77782,"date":"2017-01-13T22:31:52","date_gmt":"2017-01-13T22:31:52","guid":{"rendered":"https:\/\/aulaabierta.arasaac.org\/herramientas-online-dominos"},"modified":"2023-02-09T11:23:00","modified_gmt":"2023-02-09T10:23:00","slug":"online-ferramentas-domino","status":"publish","type":"page","link":"https:\/\/aulaabierta.arasaac.org\/pt-pt\/online-ferramentas-domino","title":{"rendered":"Ferramentas online &#8211; Dominos"},"content":{"rendered":"<div id='av-layout-grid-1'  class='av-layout-grid-container av-nquv6s-1a95349a5b895519defbced098c0a87f entry-content-wrapper alternate_color av-border-cells av-flex-cells  avia-builder-el-0  el_before_av_textblock  avia-builder-el-first   container_wrap fullsize'  >\n\n<style type=\"text\/css\" data-created_by=\"avia_inline_auto\" id=\"style-css-av-md43lg-4e62623d52c93aee12d467ecab6de7bc\">\n.flex_cell.av-md43lg-4e62623d52c93aee12d467ecab6de7bc{\nvertical-align:top;\n}\n.responsive #top #wrap_all .flex_cell.av-md43lg-4e62623d52c93aee12d467ecab6de7bc{\npadding:30px 30px 30px 30px !important;\n}\n<\/style>\n<div class='flex_cell av-md43lg-4e62623d52c93aee12d467ecab6de7bc av-gridrow-cell av_one_fourth no_margin  avia-builder-el-1  el_before_av_cell_three_fourth  avia-builder-el-first ' ><div class='flex_cell_inner'>\n<style type=\"text\/css\" data-created_by=\"avia_inline_auto\" id=\"style-css-av-kzfh5w-8dbfc2f5be5e52d7245479876d2af9d3\">\n.avia-image-container.av-kzfh5w-8dbfc2f5be5e52d7245479876d2af9d3 img.avia_image{\nbox-shadow:none;\n}\n.avia-image-container.av-kzfh5w-8dbfc2f5be5e52d7245479876d2af9d3 .av-image-caption-overlay-center{\ncolor:#ffffff;\n}\n<\/style>\n<div  class='avia-image-container av-kzfh5w-8dbfc2f5be5e52d7245479876d2af9d3 av-styling- avia-align-center  avia-builder-el-2  avia-builder-el-no-sibling '   itemprop=\"image\" itemscope=\"itemscope\" itemtype=\"https:\/\/schema.org\/ImageObject\" ><div class=\"avia-image-container-inner\"><div class=\"avia-image-overlay-wrap\"><a href=\"https:\/\/aulaabierta.arasaac.org\/pt-pt\/ferramentas-online-arasaac\" class='avia_image' ><img decoding=\"async\" class='wp-image-24690 avia-img-lazy-loading-not-24690 avia_image ' src=\"https:\/\/aulaabierta.arasaac.org\/wp-content\/uploads\/2017\/01\/web-180x180.png\" alt='' title='web'  height=\"180\" width=\"180\"  itemprop=\"thumbnailUrl\" srcset=\"https:\/\/aulaabierta.arasaac.org\/wp-content\/uploads\/2017\/01\/web-180x180.png 180w, https:\/\/aulaabierta.arasaac.org\/wp-content\/uploads\/2017\/01\/web-80x80.png 80w, https:\/\/aulaabierta.arasaac.org\/wp-content\/uploads\/2017\/01\/web-300x300.png 300w, https:\/\/aulaabierta.arasaac.org\/wp-content\/uploads\/2017\/01\/web-36x36.png 36w, https:\/\/aulaabierta.arasaac.org\/wp-content\/uploads\/2017\/01\/web-120x120.png 120w, https:\/\/aulaabierta.arasaac.org\/wp-content\/uploads\/2017\/01\/web-450x450.png 450w, https:\/\/aulaabierta.arasaac.org\/wp-content\/uploads\/2017\/01\/web.png 500w\" sizes=\"(max-width: 180px) 100vw, 180px\" \/><\/a><\/div><\/div><\/div>\n<\/div><\/div>\n<style type=\"text\/css\" data-created_by=\"avia_inline_auto\" id=\"style-css-av-jh0o6s-e075830b9d6c97bd4944e621e3a2db64\">\n.flex_cell.av-jh0o6s-e075830b9d6c97bd4944e621e3a2db64{\nvertical-align:middle;\n}\n.responsive #top #wrap_all .flex_cell.av-jh0o6s-e075830b9d6c97bd4944e621e3a2db64{\npadding:30px 30px 30px 30px !important;\n}\n<\/style>\n<div class='flex_cell av-jh0o6s-e075830b9d6c97bd4944e621e3a2db64 av-gridrow-cell av_three_fourth no_margin  avia-builder-el-3  el_after_av_cell_one_fourth  avia-builder-el-last ' ><div class='flex_cell_inner'>\n<style type=\"text\/css\" data-created_by=\"avia_inline_auto\" id=\"style-css-av-1pyub8-bbfaae9570d7fa5b724884f5a101a2be\">\n#top .av-special-heading.av-1pyub8-bbfaae9570d7fa5b724884f5a101a2be{\npadding-bottom:0;\n}\nbody .av-special-heading.av-1pyub8-bbfaae9570d7fa5b724884f5a101a2be .av-special-heading-tag .heading-char{\nfont-size:25px;\n}\n.av-special-heading.av-1pyub8-bbfaae9570d7fa5b724884f5a101a2be .av-subheading{\nfont-size:15px;\n}\n<\/style>\n<div  class='av-special-heading av-1pyub8-bbfaae9570d7fa5b724884f5a101a2be av-special-heading-h1  avia-builder-el-4  avia-builder-el-no-sibling '><h1 class='av-special-heading-tag'  itemprop=\"headline\"  >DOMIN\u00d3<\/h1><div class=\"special-heading-border\"><div class=\"special-heading-inner-border\"><\/div><\/div><\/div>\n<\/div><\/div>\n<\/div><div id='after_grid_row_1'  class='main_color av_default_container_wrap container_wrap fullsize'  ><div class='container av-section-cont-open' ><div class='template-page content  av-content-full alpha units'><div class='post-entry post-entry-type-page post-entry-77782'><div class='entry-content-wrapper clearfix'>\n<section  class='av_textblock_section av-g8y038-d138bf11eb7817356be0a164624ad6c1'  itemscope=\"itemscope\" itemtype=\"https:\/\/schema.org\/CreativeWork\" ><div class='avia_textblock'  itemprop=\"text\" ><h6 style=\"text-align: center;\"><img loading=\"lazy\" decoding=\"async\" class=\"aligncenter size-full wp-image-932\" src=\"https:\/\/aulaabierta.arasaac.org\/wp-content\/uploads\/2016\/12\/by-nc-sa.eu_petit.png\" alt=\"\" width=\"118\" height=\"41\" \/>Este obra est\u00e1 bajo una <a href=\"http:\/\/creativecommons.org\/licenses\/by-nc-sa\/4.0\/\" rel=\"license\">licencia de Creative Commons Reconocimiento-NoComercial-CompartirIgual 4.0 Internacional<\/a>.<\/h6>\n<hr \/>\n<\/div><\/section>\n\n<style type=\"text\/css\" data-created_by=\"avia_inline_auto\" id=\"style-css-av-dfrdtw-5608d6f5b7b3b40ceccf9dfb58d23e4d\">\n#top .av_textblock_section.av-dfrdtw-5608d6f5b7b3b40ceccf9dfb58d23e4d .avia_textblock{\nfont-size:16px;\n}\n<\/style>\n<section  class='av_textblock_section av-dfrdtw-5608d6f5b7b3b40ceccf9dfb58d23e4d'  itemscope=\"itemscope\" itemtype=\"https:\/\/schema.org\/CreativeWork\" ><div class='avia_textblock'  itemprop=\"text\" ><p>O <a href=\"http:\/\/antiguo.arasaac.org\/herramientas.php\" target=\"_blank\" rel=\"noopener\"><strong>Domino Generator<\/strong><\/a>, como o gerador de bingo e o gerador de gansos, permite-nos criar facilmente um <strong>jogo de domin\u00f3<\/strong>, com os pictogramas que selecionamos (ver &#8220;<a href=\"https:\/\/aulaabierta.arasaac.org\/pt-pt\/online-ferramentas-minha-selecao\">Minha pasta de sele\u00e7\u00e3o<\/a>&#8221; e &#8220;<a href=\"https:\/\/aulaabierta.arasaac.org\/pt-pt\/online-ferramentas-portfolio-trabalho\">Pasta de trabalho<\/a>&#8220;), que podemos imprimir., recortar e usar com nossos alunos.<\/p>\n<p>De forma l\u00fadica, voc\u00ea pode trabalhar aspectos relacionados a campos sem\u00e2nticos, leitura, matem\u00e1tica (n\u00fameros, contagem, &#8230;), aten\u00e7\u00e3o, concentra\u00e7\u00e3o, &#8230;<\/p>\n<p>O manuseio desta ferramenta \u00e9 muito semelhante ao explicado acima para o Bingo Creator e o Goose Game Generator.<\/p>\n<p>Na <strong>Etapa 1<\/strong>, teremos que procurar os pictogramas que vamos incluir em nosso Jogo do Ganso e adicion\u00e1-los \u00e0 nossa sele\u00e7\u00e3o. Precisaremos de 6 pictogramas ou imagens que transferimos para a pasta de trabalho. Se n\u00e3o selecionarmos 6 pictogramas, o sistema retornar\u00e1 uma mensagem de erro e n\u00e3o construir\u00e1 o domin\u00f3.<\/p>\n<p><img loading=\"lazy\" decoding=\"async\" class=\"aligncenter\" src=\"https:\/\/lh5.googleusercontent.com\/-hiNIlx2qTlw\/UiWo-TnKTXI\/AAAAAAAABEY\/EAuN_A6cspM\/w1044-h437-no\/domino_1.png\" width=\"880\" height=\"368\"><br \/>\nUma vez selecionados os pictogramas que usaremos na <strong>Etapa 1<\/strong>, clicamos na guia <strong>Etapa 2<\/strong> e a seguinte janela aparece:<\/p>\n<p><img decoding=\"async\" class=\"aligncenter\" src=\"https:\/\/lh4.googleusercontent.com\/-v80VB1D2W98\/UiWsvnBTH9I\/AAAAAAAABEs\/v9lETu6Mx-U\/w661-h443-no\/domino_2.png\"><br \/>\nDentro da configura\u00e7\u00e3o do domin\u00f3, podemos escrever uma <strong>declara\u00e7\u00e3o<\/strong> que ser\u00e1 impressa em cima dela e definir o tipo de domin\u00f3 que desejamos criar. As op\u00e7\u00f5es que temos s\u00e3o: Nesta segunda etapa voc\u00ea pode configurar vari\u00e1veis \u200b\u200bgerais como o <strong>Tamanho do Papel<\/strong> e sua <strong>orienta\u00e7\u00e3o<\/strong>.<\/p>\n<table border=\"0\" align=\"center\">\n<tbody>\n<tr>\n<td style=\"text-align: center;\"><img decoding=\"async\" src=\"https:\/\/lh3.googleusercontent.com\/-BfkNMJ8_i_I\/UiWyBXUz1sI\/AAAAAAAABFo\/5_6EpbjIh8s\/w1044-h513-no\/puntos-pictogramas.png\" width=\"300\"><br \/>\n<strong>PONTOS-PICTOGRAMA<\/strong><\/td>\n<td style=\"text-align: center;\"><img decoding=\"async\" src=\"https:\/\/lh4.googleusercontent.com\/-CGwydiPVYCE\/UiWyBD2dp9I\/AAAAAAAABFg\/BA3rDegt9oM\/w1044-h513-no\/pictograma-pictograma.png\" width=\"300\"><br \/>\n<strong>PICTOGRAMA-PICTOGRAMA<\/strong><\/td>\n<\/tr>\n<tr>\n<td style=\"text-align: center;\"><strong><img decoding=\"async\" class=\"aligncenter\" src=\"https:\/\/lh5.googleusercontent.com\/-7IBB7izsHU4\/UiWyAUaZXWI\/AAAAAAAABFQ\/EQtoQ_y2DE4\/w1044-h513-no\/numero-pictograma.png\" width=\"300\"><\/strong><br \/>\n<strong>N\u00daMERO-PICTOGRAMA<\/strong><\/td>\n<td><strong><img decoding=\"async\" class=\"aligncenter\" src=\"https:\/\/lh4.googleusercontent.com\/-EzlUCRFWCYQ\/UiWyApfJWPI\/AAAAAAAABFY\/Y6pCZvDwRpw\/w1044-h513-no\/pcitograma-texto.png\" width=\"300\"><\/strong><\/p>\n<p style=\"text-align: center;\"><strong>TEXTO-PICTOGRAMA<\/strong><\/p>\n<\/td>\n<\/tr>\n<tr>\n<td><strong><img decoding=\"async\" class=\"aligncenter\" src=\"https:\/\/lh6.googleusercontent.com\/-O66sl9wootE\/UiWx_vi5PfI\/AAAAAAAABFE\/wfTMrjYXRko\/w1044-h513-no\/mayusculas-minusculas.png\" width=\"300\"><\/strong><\/p>\n<p style=\"text-align: center;\"><strong>MAI\u00daSCULAS-MIN\u00daSCULAS<\/strong><\/p>\n<\/td>\n<td><strong><img decoding=\"async\" class=\"aligncenter\" src=\"https:\/\/lh6.googleusercontent.com\/-Ou6nG5FN6Hs\/UiWyBqhrgnI\/AAAAAAAABFs\/K9FRrMpIy0U\/w1044-h513-no\/tradicional.png\" width=\"300\"><\/strong><\/p>\n<p style=\"text-align: center;\"><strong>TRADICIONAL<\/strong><\/p>\n<\/td>\n<\/tr>\n<tr>\n<td style=\"text-align: center;\" colspan=\"2\"><em> Diferentes tipos de domin\u00f3<\/em><\/td>\n<\/tr>\n<\/tbody>\n<\/table>\n<p>Al\u00e9m do tipo de domin\u00f3, podem ser configurados diversos aspectos relacionados aos ladrilhos, como sua <strong>orienta\u00e7\u00e3o<\/strong> (horizontal ou vertical), <strong>tamanho<\/strong> (Normal ou Grande) ou <strong>cor<\/strong> (das bordas).<\/p>\n<p>Finalmente, para domin\u00f3s que carregam<strong>texto<\/strong>, podemos configurar a <strong>fonte<\/strong>, o <strong>tamanho<\/strong> e a <strong>cor<\/strong>.<\/p>\n<p>Pressionar o bot\u00e3o <strong>Gerar Dominoes<\/strong> ir\u00e1 gerar um <strong>documento RTF<\/strong> que pode ser aberto e modificado com o <strong>Microsoft Word<\/strong> ou <strong>Open Office<\/strong> antes de imprimir.<\/p>\n<\/div><\/section>\n<\/div><\/div><\/div><!-- close content main div --><\/div><\/div><div id='av-layout-grid-2'  class='av-layout-grid-container av-cme2k4-6d306a55202574abb141cee5f70b9eca entry-content-wrapper main_color av-flex-cells  avia-builder-el-7  el_after_av_textblock  avia-builder-el-last  grid-row-not-first  container_wrap fullsize'  >\n\n<style type=\"text\/css\" data-created_by=\"avia_inline_auto\" id=\"style-css-av-afka2c-372fa80501737182875a05ae36866527\">\n.flex_cell.av-afka2c-372fa80501737182875a05ae36866527{\nvertical-align:top;\n}\n.responsive #top #wrap_all .flex_cell.av-afka2c-372fa80501737182875a05ae36866527{\npadding:30px 30px 30px 30px !important;\n}\n<\/style>\n<div class='flex_cell av-afka2c-372fa80501737182875a05ae36866527 av-gridrow-cell av_one_fifth no_margin  avia-builder-el-8  el_before_av_cell_one_fifth  avia-builder-el-first ' ><div class='flex_cell_inner'><\/div><\/div>\n<style type=\"text\/css\" data-created_by=\"avia_inline_auto\" id=\"style-css-av-9euwmc-40e51383102e01542fcb2bcf470165a3\">\n.flex_cell.av-9euwmc-40e51383102e01542fcb2bcf470165a3{\nvertical-align:top;\n}\n.responsive #top #wrap_all .flex_cell.av-9euwmc-40e51383102e01542fcb2bcf470165a3{\npadding:30px 30px 30px 30px !important;\n}\n<\/style>\n<div class='flex_cell av-9euwmc-40e51383102e01542fcb2bcf470165a3 av-gridrow-cell av_one_fifth no_margin  avia-builder-el-9  el_after_av_cell_one_fifth  el_before_av_cell_one_fifth ' ><div class='flex_cell_inner'><\/div><\/div>\n<style type=\"text\/css\" data-created_by=\"avia_inline_auto\" id=\"style-css-av-7s3un8-9205e299df9f8cf0e379d3cb3547741b\">\n.flex_cell.av-7s3un8-9205e299df9f8cf0e379d3cb3547741b{\nvertical-align:top;\n}\n.responsive #top #wrap_all .flex_cell.av-7s3un8-9205e299df9f8cf0e379d3cb3547741b{\npadding:30px 30px 30px 30px !important;\n}\n<\/style>\n<div class='flex_cell av-7s3un8-9205e299df9f8cf0e379d3cb3547741b av-gridrow-cell av_one_fifth no_margin  avia-builder-el-10  el_after_av_cell_one_fifth  el_before_av_cell_one_fifth ' ><div class='flex_cell_inner'>\n<style type=\"text\/css\" data-created_by=\"avia_inline_auto\" id=\"style-css-av-5j0m1w-3edbe396a7ce688a769f5a92041b8e3f\">\n.avia-image-container.av-5j0m1w-3edbe396a7ce688a769f5a92041b8e3f img.avia_image{\nbox-shadow:none;\n}\n.avia-image-container.av-5j0m1w-3edbe396a7ce688a769f5a92041b8e3f .av-image-caption-overlay-center{\ncolor:#ffffff;\n}\n<\/style>\n<div  class='avia-image-container av-5j0m1w-3edbe396a7ce688a769f5a92041b8e3f av-styling- avia-align-center  avia-builder-el-11  avia-builder-el-no-sibling '   itemprop=\"image\" itemscope=\"itemscope\" itemtype=\"https:\/\/schema.org\/ImageObject\" ><div class=\"avia-image-container-inner\"><div class=\"avia-image-overlay-wrap\"><a href=\"https:\/\/aulaabierta.arasaac.org\/pt-pt\/ferramentas-online-arasaac\" class='avia_image' ><img decoding=\"async\" class='wp-image-23499 avia-img-lazy-loading-not-23499 avia_image ' src=\"https:\/\/aulaabierta.arasaac.org\/wp-content\/uploads\/2016\/12\/casa-80x80.png\" alt='' title='In\u00edcio'  height=\"80\" width=\"80\"  itemprop=\"thumbnailUrl\" srcset=\"https:\/\/aulaabierta.arasaac.org\/wp-content\/uploads\/2016\/12\/casa-80x80.png 80w, https:\/\/aulaabierta.arasaac.org\/wp-content\/uploads\/2016\/12\/casa-300x300.png 300w, https:\/\/aulaabierta.arasaac.org\/wp-content\/uploads\/2016\/12\/casa-36x36.png 36w, https:\/\/aulaabierta.arasaac.org\/wp-content\/uploads\/2016\/12\/casa-180x180.png 180w, https:\/\/aulaabierta.arasaac.org\/wp-content\/uploads\/2016\/12\/casa-120x120.png 120w, https:\/\/aulaabierta.arasaac.org\/wp-content\/uploads\/2016\/12\/casa-450x450.png 450w, https:\/\/aulaabierta.arasaac.org\/wp-content\/uploads\/2016\/12\/casa.png 500w\" sizes=\"(max-width: 80px) 100vw, 80px\" \/><\/a><\/div><\/div><\/div>\n<\/div><\/div>\n<style type=\"text\/css\" data-created_by=\"avia_inline_auto\" id=\"style-css-av-44qzg4-a890231e7adc35b1985f5db1224ad582\">\n.flex_cell.av-44qzg4-a890231e7adc35b1985f5db1224ad582{\nvertical-align:top;\n}\n.responsive #top #wrap_all .flex_cell.av-44qzg4-a890231e7adc35b1985f5db1224ad582{\npadding:30px 30px 30px 30px !important;\n}\n<\/style>\n<div class='flex_cell av-44qzg4-a890231e7adc35b1985f5db1224ad582 av-gridrow-cell av_one_fifth no_margin  avia-builder-el-12  el_after_av_cell_one_fifth  el_before_av_cell_one_fifth ' ><div class='flex_cell_inner'><\/div><\/div>\n<style type=\"text\/css\" data-created_by=\"avia_inline_auto\" id=\"style-css-av-2cmllg-b048ce03780ff6d1a0cc4e2027f91822\">\n.flex_cell.av-2cmllg-b048ce03780ff6d1a0cc4e2027f91822{\nvertical-align:top;\n}\n.responsive #top #wrap_all .flex_cell.av-2cmllg-b048ce03780ff6d1a0cc4e2027f91822{\npadding:30px 30px 30px 30px !important;\n}\n<\/style>\n<div class='flex_cell av-2cmllg-b048ce03780ff6d1a0cc4e2027f91822 av-gridrow-cell av_one_fifth no_margin  avia-builder-el-13  el_after_av_cell_one_fifth  avia-builder-el-last ' ><div class='flex_cell_inner'><\/div><\/div>\n<\/div>\n","protected":false},"excerpt":{"rendered":"","protected":false},"author":5,"featured_media":0,"parent":0,"menu_order":0,"comment_status":"closed","ping_status":"closed","template":"","meta":{"om_disable_all_campaigns":false,"_monsterinsights_skip_tracking":false,"_monsterinsights_sitenote_active":false,"_monsterinsights_sitenote_note":"","_monsterinsights_sitenote_category":0,"_uf_show_specific_survey":0,"_uf_disable_surveys":false,"footnotes":""},"class_list":["post-77782","page","type-page","status-publish","hentry"],"aioseo_notices":[],"_links":{"self":[{"href":"https:\/\/aulaabierta.arasaac.org\/pt-pt\/wp-json\/wp\/v2\/pages\/77782","targetHints":{"allow":["GET"]}}],"collection":[{"href":"https:\/\/aulaabierta.arasaac.org\/pt-pt\/wp-json\/wp\/v2\/pages"}],"about":[{"href":"https:\/\/aulaabierta.arasaac.org\/pt-pt\/wp-json\/wp\/v2\/types\/page"}],"author":[{"embeddable":true,"href":"https:\/\/aulaabierta.arasaac.org\/pt-pt\/wp-json\/wp\/v2\/users\/5"}],"replies":[{"embeddable":true,"href":"https:\/\/aulaabierta.arasaac.org\/pt-pt\/wp-json\/wp\/v2\/comments?post=77782"}],"version-history":[{"count":4,"href":"https:\/\/aulaabierta.arasaac.org\/pt-pt\/wp-json\/wp\/v2\/pages\/77782\/revisions"}],"predecessor-version":[{"id":77806,"href":"https:\/\/aulaabierta.arasaac.org\/pt-pt\/wp-json\/wp\/v2\/pages\/77782\/revisions\/77806"}],"wp:attachment":[{"href":"https:\/\/aulaabierta.arasaac.org\/pt-pt\/wp-json\/wp\/v2\/media?parent=77782"}],"curies":[{"name":"wp","href":"https:\/\/api.w.org\/{rel}","templated":true}]}}