{"id":79130,"date":"2020-11-14T20:53:02","date_gmt":"2020-11-14T19:53:02","guid":{"rendered":"https:\/\/aulaabierta.arasaac.org\/nox_player"},"modified":"2023-02-09T11:25:03","modified_gmt":"2023-02-09T10:25:03","slug":"nox-player-pt","status":"publish","type":"page","link":"https:\/\/aulaabierta.arasaac.org\/pt-pt\/nox-player-pt","title":{"rendered":"Nox Player &#8211; 0 &#8211; Inicio"},"content":{"rendered":"\n<style type=\"text\/css\" data-created_by=\"avia_inline_auto\" id=\"style-css-av-av_heading-c5df08016e8c2c88aa5e17788929079a\">\n#top .av-special-heading.av-av_heading-c5df08016e8c2c88aa5e17788929079a{\npadding-bottom:0;\n}\nbody .av-special-heading.av-av_heading-c5df08016e8c2c88aa5e17788929079a .av-special-heading-tag .heading-char{\nfont-size:25px;\n}\n.av-special-heading.av-av_heading-c5df08016e8c2c88aa5e17788929079a .av-subheading{\nfont-size:15px;\n}\n<\/style>\n<div  class='av-special-heading av-av_heading-c5df08016e8c2c88aa5e17788929079a av-special-heading-h2  avia-builder-el-0  el_before_av_layout_row  avia-builder-el-no-sibling '><h2 class='av-special-heading-tag'  itemprop=\"headline\"  >Nox Player<\/h2><div class=\"special-heading-border\"><div class=\"special-heading-inner-border\"><\/div><\/div><\/div>\n<\/div><\/div><\/div><!-- close content main div --><\/div><\/div><div id='av-layout-grid-1'  class='av-layout-grid-container av-1cayk1i-c57b0b11cfa7765e2d98b9cf56faee63 entry-content-wrapper main_color av-flex-cells  avia-builder-el-1  el_after_av_heading  el_before_av_hr  grid-row-not-first  container_wrap fullsize'  >\n\n<style type=\"text\/css\" data-created_by=\"avia_inline_auto\" id=\"style-css-av-1byhycm-143d6bf4459d48a8ca7c00884b60fe75\">\n.flex_cell.av-1byhycm-143d6bf4459d48a8ca7c00884b60fe75{\nvertical-align:top;\n}\n.responsive #top #wrap_all .flex_cell.av-1byhycm-143d6bf4459d48a8ca7c00884b60fe75{\npadding:30px 30px 30px 30px !important;\n}\n<\/style>\n<div class='flex_cell av-1byhycm-143d6bf4459d48a8ca7c00884b60fe75 av-gridrow-cell av_two_fifth no_margin  avia-builder-el-2  el_before_av_cell_two_fifth  avia-builder-el-first ' ><div class='flex_cell_inner'><p>\n<style type=\"text\/css\" data-created_by=\"avia_inline_auto\" id=\"style-css-av-9hgjlg-44d1ffb21522cde8ce4fa984e634f5cc\">\n#top .av-special-heading.av-9hgjlg-44d1ffb21522cde8ce4fa984e634f5cc{\npadding-bottom:10px;\n}\nbody .av-special-heading.av-9hgjlg-44d1ffb21522cde8ce4fa984e634f5cc .av-special-heading-tag .heading-char{\nfont-size:25px;\n}\n.av-special-heading.av-9hgjlg-44d1ffb21522cde8ce4fa984e634f5cc .av-subheading{\nfont-size:15px;\n}\n<\/style>\n<div  class='av-special-heading av-9hgjlg-44d1ffb21522cde8ce4fa984e634f5cc av-special-heading-h3  avia-builder-el-3  el_before_av_textblock  avia-builder-el-first '><h3 class='av-special-heading-tag'  itemprop=\"headline\"  >Que \u00e9?<\/h3><div class=\"special-heading-border\"><div class=\"special-heading-inner-border\"><\/div><\/div><\/div><br \/>\n\n<style type=\"text\/css\" data-created_by=\"avia_inline_auto\" id=\"style-css-av-17jzxom-a942faaf604624294a4566dd7d1d6f61\">\n#top .av_textblock_section.av-17jzxom-a942faaf604624294a4566dd7d1d6f61 .avia_textblock{\nfont-size:14px;\n}\n<\/style>\n<section  class='av_textblock_section av-17jzxom-a942faaf604624294a4566dd7d1d6f61'  itemscope=\"itemscope\" itemtype=\"https:\/\/schema.org\/CreativeWork\" ><div class='avia_textblock'  itemprop=\"text\" ><p>O <a href=\"https:\/\/es.bignox.com\/\" target=\"_blank\" rel=\"noopener\"><strong>Nox Player<\/strong><\/a> \u00e9 um software para Windows e Mac que lhe permite instalar e executar o <strong>Android<\/strong> no nosso sistema operativo cliente como uma aplica\u00e7\u00e3o aut\u00f3noma.<\/p>\n<div>Desta forma, podemos instalar qualquer aplica\u00e7\u00e3o Android sem ter a necessidade de ter um tablet. Por outro lado, ao correr sob o nosso sistema operativo cliente (Windows ou Mac) podemos projetar num quadro digital ou num projetor.<\/div>\n<div><\/div>\n<div>\u00c9 aconselh\u00e1vel instal\u00e1-lo com computadores com pelo menos 4Gb de RAM.<\/div>\n<\/div><\/section><br \/>\n\n<style type=\"text\/css\" data-created_by=\"avia_inline_auto\" id=\"style-css-av-16n1lcm-60567fe1aeb48eae6a2e32869a6aaf53\">\n.avia-image-container.av-16n1lcm-60567fe1aeb48eae6a2e32869a6aaf53 img.avia_image{\nbox-shadow:none;\n}\n.avia-image-container.av-16n1lcm-60567fe1aeb48eae6a2e32869a6aaf53 .av-image-caption-overlay-center{\ncolor:#ffffff;\n}\n<\/style>\n<div  class='avia-image-container av-16n1lcm-60567fe1aeb48eae6a2e32869a6aaf53 av-styling- avia-align-center  avia-builder-el-5  el_after_av_textblock  avia-builder-el-last '   itemprop=\"image\" itemscope=\"itemscope\" itemtype=\"https:\/\/schema.org\/ImageObject\" ><div class=\"avia-image-container-inner\"><div class=\"avia-image-overlay-wrap\"><a href=\"https:\/\/es.bignox.com\/\" class='avia_image' target=\"_blank\" rel=\"noopener noreferrer\"><img decoding=\"async\" class='wp-image-62760 avia-img-lazy-loading-not-62760 avia_image ' src=\"https:\/\/aulaabierta.arasaac.org\/wp-content\/uploads\/2020\/11\/kbp_nox_banner-1030x579.jpg\" alt='' title='kbp_nox_banner'  height=\"579\" width=\"1030\"  itemprop=\"thumbnailUrl\" srcset=\"https:\/\/aulaabierta.arasaac.org\/wp-content\/uploads\/2020\/11\/kbp_nox_banner-1030x579.jpg 1030w, https:\/\/aulaabierta.arasaac.org\/wp-content\/uploads\/2020\/11\/kbp_nox_banner-300x169.jpg 300w, https:\/\/aulaabierta.arasaac.org\/wp-content\/uploads\/2020\/11\/kbp_nox_banner-768x432.jpg 768w, https:\/\/aulaabierta.arasaac.org\/wp-content\/uploads\/2020\/11\/kbp_nox_banner-705x397.jpg 705w, https:\/\/aulaabierta.arasaac.org\/wp-content\/uploads\/2020\/11\/kbp_nox_banner-450x253.jpg 450w, https:\/\/aulaabierta.arasaac.org\/wp-content\/uploads\/2020\/11\/kbp_nox_banner.jpg 1280w\" sizes=\"(max-width: 1030px) 100vw, 1030px\" \/><\/a><\/div><\/div><\/div><\/p>\n<\/div><\/div>\n<style type=\"text\/css\" data-created_by=\"avia_inline_auto\" id=\"style-css-av-148yb9y-89dae5f3ed0e8c21b8cc519444a9496f\">\n.flex_cell.av-148yb9y-89dae5f3ed0e8c21b8cc519444a9496f{\nvertical-align:top;\nbackground-color:#f7f7f7;\n}\n.responsive #top #wrap_all .flex_cell.av-148yb9y-89dae5f3ed0e8c21b8cc519444a9496f{\npadding:30px 30px 30px 30px !important;\n}\n<\/style>\n<div class='flex_cell av-148yb9y-89dae5f3ed0e8c21b8cc519444a9496f av-gridrow-cell av_two_fifth no_margin  avia-builder-el-6  el_after_av_cell_two_fifth  el_before_av_cell_one_fifth ' ><div class='flex_cell_inner'><p>\n<style type=\"text\/css\" data-created_by=\"avia_inline_auto\" id=\"style-css-av-khi36hbs-90a06df19001a31f1e4d1c367639471e\">\n#top .av-special-heading.av-khi36hbs-90a06df19001a31f1e4d1c367639471e{\npadding-bottom:10px;\n}\nbody .av-special-heading.av-khi36hbs-90a06df19001a31f1e4d1c367639471e .av-special-heading-tag .heading-char{\nfont-size:25px;\n}\n.av-special-heading.av-khi36hbs-90a06df19001a31f1e4d1c367639471e .av-subheading{\nfont-size:15px;\n}\n<\/style>\n<div  class='av-special-heading av-khi36hbs-90a06df19001a31f1e4d1c367639471e av-special-heading-h3  avia-builder-el-7  el_before_av_textblock  avia-builder-el-first '><h3 class='av-special-heading-tag'  itemprop=\"headline\"  >Empresa<\/h3><div class=\"special-heading-border\"><div class=\"special-heading-inner-border\"><\/div><\/div><\/div><br \/>\n\n<style type=\"text\/css\" data-created_by=\"avia_inline_auto\" id=\"style-css-av-118uuom-cdbb203707ea248a8603241aaaac9798\">\n#top .av_textblock_section.av-118uuom-cdbb203707ea248a8603241aaaac9798 .avia_textblock{\nfont-size:14px;\n}\n<\/style>\n<section  class='av_textblock_section av-118uuom-cdbb203707ea248a8603241aaaac9798'  itemscope=\"itemscope\" itemtype=\"https:\/\/schema.org\/CreativeWork\" ><div class='avia_textblock'  itemprop=\"text\" ><p>Nox (HongKong) Limited<br \/>\nAddress: Room 1501 Grand Millennium Plaza (Lower Block), 181 Queen&#8217;s Road Central HK<br \/>\nTel: 00852-21527388\/ 21527399<br \/>\nE-mail: player_market@bignox.com<\/p>\n<\/div><\/section><br \/>\n\n<style type=\"text\/css\" data-created_by=\"avia_inline_auto\" id=\"style-css-av-1wzbgd0-3fc476d5bf5c20c9508f6d89fddc3b87\">\n#top .av-special-heading.av-1wzbgd0-3fc476d5bf5c20c9508f6d89fddc3b87{\npadding-bottom:10px;\n}\nbody .av-special-heading.av-1wzbgd0-3fc476d5bf5c20c9508f6d89fddc3b87 .av-special-heading-tag .heading-char{\nfont-size:25px;\n}\n.av-special-heading.av-1wzbgd0-3fc476d5bf5c20c9508f6d89fddc3b87 .av-subheading{\nfont-size:15px;\n}\n<\/style>\n<div  class='av-special-heading av-1wzbgd0-3fc476d5bf5c20c9508f6d89fddc3b87 av-special-heading-h3  avia-builder-el-9  el_after_av_textblock  el_before_av_textblock '><h3 class='av-special-heading-tag'  itemprop=\"headline\"  >Pagina web<\/h3><div class=\"special-heading-border\"><div class=\"special-heading-inner-border\"><\/div><\/div><\/div><br \/>\n\n<style type=\"text\/css\" data-created_by=\"avia_inline_auto\" id=\"style-css-av-yp2o2e-289b2493419e4ee3da010d43d9de9219\">\n#top .av_textblock_section.av-yp2o2e-289b2493419e4ee3da010d43d9de9219 .avia_textblock{\nfont-size:14px;\n}\n<\/style>\n<section  class='av_textblock_section av-yp2o2e-289b2493419e4ee3da010d43d9de9219'  itemscope=\"itemscope\" itemtype=\"https:\/\/schema.org\/CreativeWork\" ><div class='avia_textblock'  itemprop=\"text\" ><p><a href=\"https:\/\/es.bignox.com\/\" target=\"_blank\" rel=\"noopener\">https:\/\/es.bignox.com\/<\/a><\/p>\n<\/div><\/section><\/p>\n<\/div><\/div>\n<style type=\"text\/css\" data-created_by=\"avia_inline_auto\" id=\"style-css-av-39o7rq-e184f3aa2832aed0e45c976e50e8c6fd\">\n.flex_cell.av-39o7rq-e184f3aa2832aed0e45c976e50e8c6fd{\nvertical-align:top;\n}\n.responsive #top #wrap_all .flex_cell.av-39o7rq-e184f3aa2832aed0e45c976e50e8c6fd{\npadding:30px 30px 30px 30px !important;\n}\n<\/style>\n<div class='flex_cell av-39o7rq-e184f3aa2832aed0e45c976e50e8c6fd av-gridrow-cell av_one_fifth no_margin  avia-builder-el-11  el_after_av_cell_two_fifth  avia-builder-el-last ' ><div class='flex_cell_inner'><p>\n<style type=\"text\/css\" data-created_by=\"avia_inline_auto\" id=\"style-css-av-1q0jod0-757441e38239dd0b2b6a6ddd5c381705\">\n#top .av-special-heading.av-1q0jod0-757441e38239dd0b2b6a6ddd5c381705{\npadding-bottom:10px;\n}\nbody .av-special-heading.av-1q0jod0-757441e38239dd0b2b6a6ddd5c381705 .av-special-heading-tag .heading-char{\nfont-size:25px;\n}\n.av-special-heading.av-1q0jod0-757441e38239dd0b2b6a6ddd5c381705 .av-subheading{\nfont-size:15px;\n}\n<\/style>\n<div  class='av-special-heading av-1q0jod0-757441e38239dd0b2b6a6ddd5c381705 av-special-heading-h3  avia-builder-el-12  el_before_av_image  avia-builder-el-first '><h3 class='av-special-heading-tag'  itemprop=\"headline\"  >Sistemas Operativos<\/h3><div class=\"special-heading-border\"><div class=\"special-heading-inner-border\"><\/div><\/div><\/div><br \/>\n\n<style type=\"text\/css\" data-created_by=\"avia_inline_auto\" id=\"style-css-av-sagubq-9ccbea5c6d77789077fe943cf2e8ff0f\">\n.avia-image-container.av-sagubq-9ccbea5c6d77789077fe943cf2e8ff0f img.avia_image{\nbox-shadow:none;\n}\n.avia-image-container.av-sagubq-9ccbea5c6d77789077fe943cf2e8ff0f .av-image-caption-overlay-center{\ncolor:#ffffff;\n}\n<\/style>\n<div  class='avia-image-container av-sagubq-9ccbea5c6d77789077fe943cf2e8ff0f av-styling- avia-align-center  avia-builder-el-13  el_after_av_heading  avia-builder-el-last '   itemprop=\"image\" itemscope=\"itemscope\" itemtype=\"https:\/\/schema.org\/ImageObject\" ><div class=\"avia-image-container-inner\"><div class=\"avia-image-overlay-wrap\"><img decoding=\"async\" class='wp-image-25570 avia-img-lazy-loading-not-25570 avia_image ' src=\"https:\/\/aulaabierta.arasaac.org\/wp-content\/uploads\/2017\/01\/sistemas_operativos_pictoselector.png\" alt='' title='sistemas_operativos_pictoselector'  height=\"500\" width=\"500\"  itemprop=\"thumbnailUrl\" srcset=\"https:\/\/aulaabierta.arasaac.org\/wp-content\/uploads\/2017\/01\/sistemas_operativos_pictoselector.png 500w, https:\/\/aulaabierta.arasaac.org\/wp-content\/uploads\/2017\/01\/sistemas_operativos_pictoselector-80x80.png 80w, https:\/\/aulaabierta.arasaac.org\/wp-content\/uploads\/2017\/01\/sistemas_operativos_pictoselector-300x300.png 300w, https:\/\/aulaabierta.arasaac.org\/wp-content\/uploads\/2017\/01\/sistemas_operativos_pictoselector-36x36.png 36w, https:\/\/aulaabierta.arasaac.org\/wp-content\/uploads\/2017\/01\/sistemas_operativos_pictoselector-180x180.png 180w, https:\/\/aulaabierta.arasaac.org\/wp-content\/uploads\/2017\/01\/sistemas_operativos_pictoselector-120x120.png 120w, https:\/\/aulaabierta.arasaac.org\/wp-content\/uploads\/2017\/01\/sistemas_operativos_pictoselector-450x450.png 450w\" sizes=\"(max-width: 500px) 100vw, 500px\" \/><\/div><\/div><\/div><\/p>\n<\/div><\/div>\n<\/div><div id='after_grid_row_1'  class='main_color av_default_container_wrap container_wrap fullsize'  ><div class='container av-section-cont-open' ><div class='template-page content  av-content-full alpha units'><div class='post-entry post-entry-type-page post-entry-79130'><div class='entry-content-wrapper clearfix'>\n<div  class='hr av-2cm0jq-9393a729f21127f0ed28ad1bc40dbe57 hr-default  avia-builder-el-14  el_after_av_layout_row  el_before_av_heading  avia-builder-el-first '><span class='hr-inner '><span class=\"hr-inner-style\"><\/span><\/span><\/div>\n\n<style type=\"text\/css\" data-created_by=\"avia_inline_auto\" id=\"style-css-av-knewf6f0-883897ed26a0a268a679560be6d3589f\">\n#top .av-special-heading.av-knewf6f0-883897ed26a0a268a679560be6d3589f{\npadding-bottom:10px;\n}\nbody .av-special-heading.av-knewf6f0-883897ed26a0a268a679560be6d3589f .av-special-heading-tag .heading-char{\nfont-size:25px;\n}\n.av-special-heading.av-knewf6f0-883897ed26a0a268a679560be6d3589f .av-subheading{\nfont-size:15px;\n}\n<\/style>\n<div  class='av-special-heading av-knewf6f0-883897ed26a0a268a679560be6d3589f av-special-heading-h3  avia-builder-el-15  el_after_av_hr  el_before_av_video '><h3 class='av-special-heading-tag'  itemprop=\"headline\"  >Tutorial inicial de instala\u00e7\u00e3o e configura\u00e7\u00e3o<\/h3><div class=\"special-heading-border\"><div class=\"special-heading-inner-border\"><\/div><\/div><\/div>\n<div  class='avia-video av-knewhfgs-2843666fcaba25518523438cb1eed346 avia-video-16-9 av-no-preview-image avia-video-load-always av-lazyload-immediate av-lazyload-video-embed'  itemprop=\"video\" itemtype=\"https:\/\/schema.org\/VideoObject\"  data-original_url='https:\/\/www.youtube.com\/watch?v=Btpn8xoIwt0'><script type='text\/html' class='av-video-tmpl'><div class='avia-iframe-wrap'><iframe loading=\"lazy\" title=\"Nox App Player 7.0\" width=\"1500\" height=\"844\" src=\"https:\/\/www.youtube.com\/embed\/Btpn8xoIwt0?feature=oembed&autoplay=0&loop=0&controls=1&mute=0\" frameborder=\"0\" allow=\"accelerometer; autoplay; clipboard-write; encrypted-media; gyroscope; picture-in-picture\" allowfullscreen><\/iframe><\/div><\/script><div class='av-click-to-play-overlay'><div class=\"avia_playpause_icon\"><\/div><\/div><\/div>\n<\/div><\/div><\/div><!-- close content main div --><\/div><\/div><div id='av-layout-grid-2'  class='av-layout-grid-container av-fjcmw6-c8b51e82c86b4b6f73c9827232af8d50 entry-content-wrapper main_color av-border-top-bottom av-border-cells av-flex-cells  avia-builder-el-17  el_after_av_video  avia-builder-el-last  grid-row-not-first  container_wrap fullsize'  >\n\n<style type=\"text\/css\" data-created_by=\"avia_inline_auto\" id=\"style-css-av-74en5i-cfacd1849c57dbe8ede3603681ad1618\">\n.flex_cell.av-74en5i-cfacd1849c57dbe8ede3603681ad1618{\nvertical-align:top;\n}\n.responsive #top #wrap_all .flex_cell.av-74en5i-cfacd1849c57dbe8ede3603681ad1618{\npadding:40px 40px 40px 40px !important;\n}\n<\/style>\n<div class='flex_cell av-74en5i-cfacd1849c57dbe8ede3603681ad1618 av-gridrow-cell av_one_full no_margin  avia-builder-el-18  avia-builder-el-no-sibling ' ><div class='flex_cell_inner'><p>\n<style type=\"text\/css\" data-created_by=\"avia_inline_auto\" id=\"style-css-av-av_heading-39f84e807439b1a54e707024a3d55c94\">\n#top .av-special-heading.av-av_heading-39f84e807439b1a54e707024a3d55c94{\npadding-bottom:10px;\n}\nbody .av-special-heading.av-av_heading-39f84e807439b1a54e707024a3d55c94 .av-special-heading-tag .heading-char{\nfont-size:25px;\n}\n.av-special-heading.av-av_heading-39f84e807439b1a54e707024a3d55c94 .av-subheading{\nfont-size:15px;\n}\n<\/style>\n<div  class='av-special-heading av-av_heading-39f84e807439b1a54e707024a3d55c94 av-special-heading-h3  avia-builder-el-19  el_before_av_one_half  avia-builder-el-first '><h3 class='av-special-heading-tag'  itemprop=\"headline\"  >Onde baixar a App?<\/h3><div class=\"special-heading-border\"><div class=\"special-heading-inner-border\"><\/div><\/div><\/div><br \/>\n<div class='flex_column av-498ng6-0bb6ada710ea673fd6e378584e53c9eb av_one_half  avia-builder-el-20  el_after_av_heading  el_before_av_one_half  first flex_column_div '     ><style type=\"text\/css\" data-created_by=\"avia_inline_auto\" id=\"style-css-av-377hbq-6aed4f8a3162aa581e7824f897e6c1fb\">\n.avia-image-container.av-377hbq-6aed4f8a3162aa581e7824f897e6c1fb img.avia_image{\nbox-shadow:none;\n}\n.avia-image-container.av-377hbq-6aed4f8a3162aa581e7824f897e6c1fb .av-image-caption-overlay-center{\ncolor:#ffffff;\n}\n<\/style>\n<div  class='avia-image-container av-377hbq-6aed4f8a3162aa581e7824f897e6c1fb av-styling- avia-align-center  avia-builder-el-21  avia-builder-el-no-sibling '   itemprop=\"image\" itemscope=\"itemscope\" itemtype=\"https:\/\/schema.org\/ImageObject\" ><div class=\"avia-image-container-inner\"><div class=\"avia-image-overlay-wrap\"><a href=\"https:\/\/es.bignox.com\/\" class='avia_image' target=\"_blank\" rel=\"noopener noreferrer\"><img decoding=\"async\" class='wp-image-25566 avia-img-lazy-loading-not-25566 avia_image ' src=\"https:\/\/aulaabierta.arasaac.org\/wp-content\/uploads\/2017\/01\/windows.png\" alt='' title='windows'  height=\"128\" width=\"128\"  itemprop=\"thumbnailUrl\" srcset=\"https:\/\/aulaabierta.arasaac.org\/wp-content\/uploads\/2017\/01\/windows.png 128w, https:\/\/aulaabierta.arasaac.org\/wp-content\/uploads\/2017\/01\/windows-80x80.png 80w, https:\/\/aulaabierta.arasaac.org\/wp-content\/uploads\/2017\/01\/windows-36x36.png 36w, https:\/\/aulaabierta.arasaac.org\/wp-content\/uploads\/2017\/01\/windows-120x120.png 120w\" sizes=\"(max-width: 128px) 100vw, 128px\" \/><\/a><\/div><\/div><\/div><\/div><div class='flex_column av-498ng6-dffe4dd0bc91512ff71b5a758702be0a av_one_half  avia-builder-el-22  el_after_av_one_half  avia-builder-el-last  flex_column_div '     ><style type=\"text\/css\" data-created_by=\"avia_inline_auto\" id=\"style-css-av-377hbq-a0c75082f948b0db205b98e9a41aad85\">\n.avia-image-container.av-377hbq-a0c75082f948b0db205b98e9a41aad85 img.avia_image{\nbox-shadow:none;\n}\n.avia-image-container.av-377hbq-a0c75082f948b0db205b98e9a41aad85 .av-image-caption-overlay-center{\ncolor:#ffffff;\n}\n<\/style>\n<div  class='avia-image-container av-377hbq-a0c75082f948b0db205b98e9a41aad85 av-styling- avia-align-center  avia-builder-el-23  avia-builder-el-no-sibling '   itemprop=\"image\" itemscope=\"itemscope\" itemtype=\"https:\/\/schema.org\/ImageObject\" ><div class=\"avia-image-container-inner\"><div class=\"avia-image-overlay-wrap\"><a href=\"https:\/\/es.bignox.com\/\" class='avia_image' target=\"_blank\" rel=\"noopener noreferrer\"><img decoding=\"async\" class='wp-image-25562 avia-img-lazy-loading-not-25562 avia_image ' src=\"https:\/\/aulaabierta.arasaac.org\/wp-content\/uploads\/2017\/01\/ios.png\" alt='' title='ios'  height=\"128\" width=\"128\"  itemprop=\"thumbnailUrl\" srcset=\"https:\/\/aulaabierta.arasaac.org\/wp-content\/uploads\/2017\/01\/ios.png 128w, https:\/\/aulaabierta.arasaac.org\/wp-content\/uploads\/2017\/01\/ios-80x80.png 80w, https:\/\/aulaabierta.arasaac.org\/wp-content\/uploads\/2017\/01\/ios-36x36.png 36w, https:\/\/aulaabierta.arasaac.org\/wp-content\/uploads\/2017\/01\/ios-120x120.png 120w\" sizes=\"(max-width: 128px) 100vw, 128px\" \/><\/a><\/div><\/div><\/div><\/div><\/p>\n<\/div><\/div><\/div>\n","protected":false},"excerpt":{"rendered":"","protected":false},"author":5,"featured_media":62764,"parent":0,"menu_order":0,"comment_status":"open","ping_status":"open","template":"","meta":{"om_disable_all_campaigns":false,"_monsterinsights_skip_tracking":false,"_monsterinsights_sitenote_active":false,"_monsterinsights_sitenote_note":"","_monsterinsights_sitenote_category":0,"_uf_show_specific_survey":0,"_uf_disable_surveys":false,"footnotes":""},"class_list":["post-79130","page","type-page","status-publish","has-post-thumbnail","hentry"],"aioseo_notices":[],"_links":{"self":[{"href":"https:\/\/aulaabierta.arasaac.org\/pt-pt\/wp-json\/wp\/v2\/pages\/79130","targetHints":{"allow":["GET"]}}],"collection":[{"href":"https:\/\/aulaabierta.arasaac.org\/pt-pt\/wp-json\/wp\/v2\/pages"}],"about":[{"href":"https:\/\/aulaabierta.arasaac.org\/pt-pt\/wp-json\/wp\/v2\/types\/page"}],"author":[{"embeddable":true,"href":"https:\/\/aulaabierta.arasaac.org\/pt-pt\/wp-json\/wp\/v2\/users\/5"}],"replies":[{"embeddable":true,"href":"https:\/\/aulaabierta.arasaac.org\/pt-pt\/wp-json\/wp\/v2\/comments?post=79130"}],"version-history":[{"count":3,"href":"https:\/\/aulaabierta.arasaac.org\/pt-pt\/wp-json\/wp\/v2\/pages\/79130\/revisions"}],"predecessor-version":[{"id":79157,"href":"https:\/\/aulaabierta.arasaac.org\/pt-pt\/wp-json\/wp\/v2\/pages\/79130\/revisions\/79157"}],"wp:featuredmedia":[{"embeddable":true,"href":"https:\/\/aulaabierta.arasaac.org\/pt-pt\/wp-json\/wp\/v2\/media\/62764"}],"wp:attachment":[{"href":"https:\/\/aulaabierta.arasaac.org\/pt-pt\/wp-json\/wp\/v2\/media?parent=79130"}],"curies":[{"name":"wp","href":"https:\/\/api.w.org\/{rel}","templated":true}]}}