{"id":80628,"date":"2016-12-13T19:08:19","date_gmt":"2016-12-13T19:08:19","guid":{"rendered":"https:\/\/aulaabierta.arasaac.org\/araword-1-introduccion"},"modified":"2023-02-09T11:25:12","modified_gmt":"2023-02-09T10:25:12","slug":"araword-1-introducao","status":"publish","type":"page","link":"https:\/\/aulaabierta.arasaac.org\/pt-pt\/araword-1-introducao","title":{"rendered":"AraWord &#8211; 1 &#8211; Introdu\u00e7\u00e3o"},"content":{"rendered":"<div id='av-layout-grid-1'  class='av-layout-grid-container av-39krhr-46693e867e02ca3888b184921b39da81 entry-content-wrapper alternate_color av-border-cells av-flex-cells  avia-builder-el-0  el_before_av_textblock  avia-builder-el-first   container_wrap fullsize'  >\n\n<style type=\"text\/css\" data-created_by=\"avia_inline_auto\" id=\"style-css-av-31lx3r-5be48af25cf10a22c703bc48e8e07fb9\">\n.flex_cell.av-31lx3r-5be48af25cf10a22c703bc48e8e07fb9{\nvertical-align:top;\n}\n.responsive #top #wrap_all .flex_cell.av-31lx3r-5be48af25cf10a22c703bc48e8e07fb9{\npadding:30px 30px 30px 30px !important;\n}\n<\/style>\n<div class='flex_cell av-31lx3r-5be48af25cf10a22c703bc48e8e07fb9 av-gridrow-cell av_one_fifth no_margin  avia-builder-el-1  el_before_av_cell_four_fifth  avia-builder-el-first ' ><div class='flex_cell_inner'>\n<style type=\"text\/css\" data-created_by=\"avia_inline_auto\" id=\"style-css-av-2xw6af-e2fa96679c2dc21a56a33b0ba3ef7e7e\">\n.avia-image-container.av-2xw6af-e2fa96679c2dc21a56a33b0ba3ef7e7e img.avia_image{\nbox-shadow:none;\n}\n.avia-image-container.av-2xw6af-e2fa96679c2dc21a56a33b0ba3ef7e7e .av-caption-image-overlay-bg{\nopacity:0.4;\nbackground-color:#444444;\n}\n.avia-image-container.av-2xw6af-e2fa96679c2dc21a56a33b0ba3ef7e7e .av-image-caption-overlay-center{\ncolor:#ffffff;\n}\n<\/style>\n<div  class='avia-image-container av-2xw6af-e2fa96679c2dc21a56a33b0ba3ef7e7e av-styling- avia-align-left  avia-builder-el-2  avia-builder-el-no-sibling  noHover av-overlay-on-hover'   itemprop=\"image\" itemscope=\"itemscope\" itemtype=\"https:\/\/schema.org\/ImageObject\" ><div class=\"avia-image-container-inner\"><div class=\"avia-image-overlay-wrap\"><a href=\"https:\/\/aulaabierta.arasaac.org\/pt-pt\/araword-inicio-pt\" class='avia_image' ><div class=\"av-image-caption-overlay\"><div class=\"av-caption-image-overlay-bg\"><\/div><div class=\"av-image-caption-overlay-position\"><div class=\"av-image-caption-overlay-center\"><p>De volta ao topo<\/p>\n<\/div><\/div><\/div><img decoding=\"async\" class='wp-image-23547 avia-img-lazy-loading-not-23547 avia_image ' src=\"https:\/\/aulaabierta.arasaac.org\/wp-content\/uploads\/2016\/12\/AraWord-PC.jpg\" alt='' title='AraWord PC'  height=\"862\" width=\"862\"  itemprop=\"thumbnailUrl\" srcset=\"https:\/\/aulaabierta.arasaac.org\/wp-content\/uploads\/2016\/12\/AraWord-PC.jpg 862w, https:\/\/aulaabierta.arasaac.org\/wp-content\/uploads\/2016\/12\/AraWord-PC-80x80.jpg 80w, https:\/\/aulaabierta.arasaac.org\/wp-content\/uploads\/2016\/12\/AraWord-PC-300x300.jpg 300w, https:\/\/aulaabierta.arasaac.org\/wp-content\/uploads\/2016\/12\/AraWord-PC-768x768.jpg 768w, https:\/\/aulaabierta.arasaac.org\/wp-content\/uploads\/2016\/12\/AraWord-PC-36x36.jpg 36w, https:\/\/aulaabierta.arasaac.org\/wp-content\/uploads\/2016\/12\/AraWord-PC-180x180.jpg 180w, https:\/\/aulaabierta.arasaac.org\/wp-content\/uploads\/2016\/12\/AraWord-PC-705x705.jpg 705w, https:\/\/aulaabierta.arasaac.org\/wp-content\/uploads\/2016\/12\/AraWord-PC-120x120.jpg 120w, https:\/\/aulaabierta.arasaac.org\/wp-content\/uploads\/2016\/12\/AraWord-PC-450x450.jpg 450w\" sizes=\"(max-width: 862px) 100vw, 862px\" \/><\/a><\/div><\/div><\/div>\n<\/div><\/div>\n<style type=\"text\/css\" data-created_by=\"avia_inline_auto\" id=\"style-css-av-2prmnj-0ef7264b5999990ac50e3e3eb4ba9842\">\n.flex_cell.av-2prmnj-0ef7264b5999990ac50e3e3eb4ba9842{\nvertical-align:middle;\n}\n.responsive #top #wrap_all .flex_cell.av-2prmnj-0ef7264b5999990ac50e3e3eb4ba9842{\npadding:30px 30px 30px 30px !important;\n}\n<\/style>\n<div class='flex_cell av-2prmnj-0ef7264b5999990ac50e3e3eb4ba9842 av-gridrow-cell av_four_fifth no_margin  avia-builder-el-3  el_after_av_cell_one_fifth  avia-builder-el-last ' ><div class='flex_cell_inner'>\n<style type=\"text\/css\" data-created_by=\"avia_inline_auto\" id=\"style-css-av-96r9r-1d4fad8ee6f49325701e534d16c1afec\">\n#top .av-special-heading.av-96r9r-1d4fad8ee6f49325701e534d16c1afec{\npadding-bottom:0;\n}\nbody .av-special-heading.av-96r9r-1d4fad8ee6f49325701e534d16c1afec .av-special-heading-tag .heading-char{\nfont-size:25px;\n}\n#top #wrap_all .av-special-heading.av-96r9r-1d4fad8ee6f49325701e534d16c1afec .av-special-heading-tag{\nfont-size:26px;\n}\n.av-special-heading.av-96r9r-1d4fad8ee6f49325701e534d16c1afec .av-subheading{\nfont-size:15px;\n}\n<\/style>\n<div  class='av-special-heading av-96r9r-1d4fad8ee6f49325701e534d16c1afec av-special-heading-h2  avia-builder-el-4  avia-builder-el-no-sibling '><h2 class='av-special-heading-tag'  itemprop=\"headline\"  >1. INTRODU\u00c7\u00c3O<\/h2><div class=\"special-heading-border\"><div class=\"special-heading-inner-border\"><\/div><\/div><\/div>\n<\/div><\/div>\n<\/div><div id='after_grid_row_1'  class='main_color av_default_container_wrap container_wrap fullsize'  ><div class='container av-section-cont-open' ><div class='template-page content  av-content-full alpha units'><div class='post-entry post-entry-type-page post-entry-80628'><div class='entry-content-wrapper clearfix'>\n<section  class='av_textblock_section av-2ekxqn-5e1fdf596e46c0fde05d10d97f392229'  itemscope=\"itemscope\" itemtype=\"https:\/\/schema.org\/CreativeWork\" ><div class='avia_textblock'  itemprop=\"text\" ><h6 style=\"text-align: center;\"><img loading=\"lazy\" decoding=\"async\" class=\"aligncenter size-full wp-image-932\" src=\"https:\/\/aulaabierta.arasaac.org\/wp-content\/uploads\/2016\/12\/by-nc-sa.eu_petit.png\" alt=\"\" width=\"118\" height=\"41\" \/>Este obra est\u00e1 bajo una <a href=\"http:\/\/creativecommons.org\/licenses\/by-nc-sa\/4.0\/\" rel=\"license\">licencia de Creative Commons Reconocimiento-NoComercial-CompartirIgual 4.0 Internacional<\/a>.<\/h6>\n<hr \/>\n<\/div><\/section>\n\n<style type=\"text\/css\" data-created_by=\"avia_inline_auto\" id=\"style-css-av-av_heading-cab4dc3c002bdb8bbebeb772e3200471\">\n#top .av-special-heading.av-av_heading-cab4dc3c002bdb8bbebeb772e3200471{\npadding-bottom:10px;\n}\nbody .av-special-heading.av-av_heading-cab4dc3c002bdb8bbebeb772e3200471 .av-special-heading-tag .heading-char{\nfont-size:25px;\n}\n.av-special-heading.av-av_heading-cab4dc3c002bdb8bbebeb772e3200471 .av-subheading{\nfont-size:15px;\n}\n<\/style>\n<div  class='av-special-heading av-av_heading-cab4dc3c002bdb8bbebeb772e3200471 av-special-heading-h3  avia-builder-el-6  el_after_av_textblock  el_before_av_textblock '><h3 class='av-special-heading-tag'  itemprop=\"headline\"  >Introdu\u00e7\u00e3o<\/h3><div class=\"special-heading-border\"><div class=\"special-heading-inner-border\"><\/div><\/div><\/div>\n\n<style type=\"text\/css\" data-created_by=\"avia_inline_auto\" id=\"style-css-av-1tahx3-ff039f01fffe267a93c1b7ac5ed85e4a\">\n#top .av_textblock_section.av-1tahx3-ff039f01fffe267a93c1b7ac5ed85e4a .avia_textblock{\nfont-size:16px;\n}\n<\/style>\n<section  class='av_textblock_section av-1tahx3-ff039f01fffe267a93c1b7ac5ed85e4a'  itemscope=\"itemscope\" itemtype=\"https:\/\/schema.org\/CreativeWork\" ><div class='avia_textblock'  itemprop=\"text\" ><p><strong>AraWord<\/strong> \u00e9 uma <strong>aplica\u00e7\u00e3o de computador distribu\u00edda livremente,<\/strong>enquadrada dentro do conjunto de ferramentas para comunica\u00e7\u00e3o aumentada e alternativa  <a href=\"\"><strong>AraSuite<\/strong><\/a>, que consiste num <strong>processador de palavras que permite a escrita simult\u00e2nea de texto e pictogramas<\/strong>,facilitando a <strong>elabora\u00e7\u00e3o de materiais<\/strong> e <strong>adapta\u00e7\u00e3o de textos<\/strong> para <strong>pessoas que apresentam dificuldades no campo da comunica\u00e7\u00e3o funcional<\/strong>.    <\/p>\n<p><img loading=\"lazy\" decoding=\"async\" class=\"size-full wp-image-16726 aligncenter\" src=\"https:\/\/aulaabierta.arasaac.org\/wp-content\/uploads\/2020\/03\/AW_Tablero_Captura-3.jpg\" alt=\"\" width=\"1366\" height=\"728\" srcset=\"https:\/\/aulaabierta.arasaac.org\/wp-content\/uploads\/2020\/03\/AW_Tablero_Captura-3.jpg 1366w, https:\/\/aulaabierta.arasaac.org\/wp-content\/uploads\/2020\/03\/AW_Tablero_Captura-3-300x160.jpg 300w, https:\/\/aulaabierta.arasaac.org\/wp-content\/uploads\/2020\/03\/AW_Tablero_Captura-3-1030x549.jpg 1030w, https:\/\/aulaabierta.arasaac.org\/wp-content\/uploads\/2020\/03\/AW_Tablero_Captura-3-768x409.jpg 768w, https:\/\/aulaabierta.arasaac.org\/wp-content\/uploads\/2020\/03\/AW_Tablero_Captura-3-705x376.jpg 705w, https:\/\/aulaabierta.arasaac.org\/wp-content\/uploads\/2020\/03\/AW_Tablero_Captura-3-450x240.jpg 450w\" sizes=\"auto, (max-width: 1366px) 100vw, 1366px\" \/><\/p>\n<\/div><\/section>\n<\/div><\/div><\/div><!-- close content main div --><\/div><\/div><div id='av-layout-grid-2'  class='av-layout-grid-container av-1m0zkf-8a3194ef8b68c01bd8ef640c59f84123 entry-content-wrapper main_color av-border-top-bottom av-flex-cells  avia-builder-el-8  el_after_av_textblock  avia-builder-el-last  grid-row-not-first  container_wrap fullsize'  >\n\n<style type=\"text\/css\" data-created_by=\"avia_inline_auto\" id=\"style-css-av-1fyzkn-1c06a9dca39027be234f12647f2e17b3\">\n.flex_cell.av-1fyzkn-1c06a9dca39027be234f12647f2e17b3{\nvertical-align:top;\n}\n.responsive #top #wrap_all .flex_cell.av-1fyzkn-1c06a9dca39027be234f12647f2e17b3{\npadding:30px 30px 30px 30px !important;\n}\n<\/style>\n<div class='flex_cell av-1fyzkn-1c06a9dca39027be234f12647f2e17b3 av-gridrow-cell av_one_fifth no_margin  avia-builder-el-9  el_before_av_cell_one_fifth  avia-builder-el-first ' ><div class='flex_cell_inner'>\n<style type=\"text\/css\" data-created_by=\"avia_inline_auto\" id=\"style-css-av-19b4jj-2a43cc2554bda3b6183120962b2110e8\">\n.avia-image-container.av-19b4jj-2a43cc2554bda3b6183120962b2110e8 img.avia_image{\nbox-shadow:none;\n}\n.avia-image-container.av-19b4jj-2a43cc2554bda3b6183120962b2110e8 .av-image-caption-overlay-center{\ncolor:#ffffff;\n}\n<\/style>\n<div  class='avia-image-container av-19b4jj-2a43cc2554bda3b6183120962b2110e8 av-styling- avia-align-center  avia-builder-el-10  avia-builder-el-no-sibling '   itemprop=\"image\" itemscope=\"itemscope\" itemtype=\"https:\/\/schema.org\/ImageObject\" ><div class=\"avia-image-container-inner\"><div class=\"avia-image-overlay-wrap\"><a href=\"https:\/\/aulaabierta.arasaac.org\/pt-pt\/araword-inicio-pt\" class='avia_image' ><img decoding=\"async\" class='wp-image-23493 avia-img-lazy-loading-not-23493 avia_image ' src=\"https:\/\/aulaabierta.arasaac.org\/wp-content\/uploads\/2016\/12\/before-80x80.png\" alt='' title='before'  height=\"80\" width=\"80\"  itemprop=\"thumbnailUrl\" srcset=\"https:\/\/aulaabierta.arasaac.org\/wp-content\/uploads\/2016\/12\/before-80x80.png 80w, https:\/\/aulaabierta.arasaac.org\/wp-content\/uploads\/2016\/12\/before-36x36.png 36w, https:\/\/aulaabierta.arasaac.org\/wp-content\/uploads\/2016\/12\/before-120x120.png 120w, https:\/\/aulaabierta.arasaac.org\/wp-content\/uploads\/2016\/12\/before.png 128w\" sizes=\"(max-width: 80px) 100vw, 80px\" \/><\/a><\/div><\/div><\/div>\n<\/div><\/div>\n<style type=\"text\/css\" data-created_by=\"avia_inline_auto\" id=\"style-css-av-111kcn-77fe47c4ee8db7fe4016d910cb81e6ca\">\n.flex_cell.av-111kcn-77fe47c4ee8db7fe4016d910cb81e6ca{\nvertical-align:top;\n}\n.responsive #top #wrap_all .flex_cell.av-111kcn-77fe47c4ee8db7fe4016d910cb81e6ca{\npadding:30px 30px 30px 30px !important;\n}\n<\/style>\n<div class='flex_cell av-111kcn-77fe47c4ee8db7fe4016d910cb81e6ca av-gridrow-cell av_one_fifth no_margin  avia-builder-el-11  el_after_av_cell_one_fifth  el_before_av_cell_one_fifth ' ><div class='flex_cell_inner'><\/div><\/div>\n<style type=\"text\/css\" data-created_by=\"avia_inline_auto\" id=\"style-css-av-vkt0n-3e2ee569bc54c35b0481268076ea4351\">\n.flex_cell.av-vkt0n-3e2ee569bc54c35b0481268076ea4351{\nvertical-align:top;\n}\n.responsive #top #wrap_all .flex_cell.av-vkt0n-3e2ee569bc54c35b0481268076ea4351{\npadding:30px 30px 30px 30px !important;\n}\n<\/style>\n<div class='flex_cell av-vkt0n-3e2ee569bc54c35b0481268076ea4351 av-gridrow-cell av_one_fifth no_margin  avia-builder-el-12  el_after_av_cell_one_fifth  el_before_av_cell_one_fifth ' ><div class='flex_cell_inner'>\n<style type=\"text\/css\" data-created_by=\"avia_inline_auto\" id=\"style-css-av-q1a5b-8f2814273fd5e0e2227f7cdeba20dcad\">\n.avia-image-container.av-q1a5b-8f2814273fd5e0e2227f7cdeba20dcad img.avia_image{\nbox-shadow:none;\n}\n.avia-image-container.av-q1a5b-8f2814273fd5e0e2227f7cdeba20dcad .av-image-caption-overlay-center{\ncolor:#ffffff;\n}\n<\/style>\n<div  class='avia-image-container av-q1a5b-8f2814273fd5e0e2227f7cdeba20dcad av-styling- avia-align-center  avia-builder-el-13  avia-builder-el-no-sibling '   itemprop=\"image\" itemscope=\"itemscope\" itemtype=\"https:\/\/schema.org\/ImageObject\" ><div class=\"avia-image-container-inner\"><div class=\"avia-image-overlay-wrap\"><a href=\"https:\/\/aulaabierta.arasaac.org\/pt-pt\/araword-inicio-pt\" class='avia_image' ><img decoding=\"async\" class='wp-image-23499 avia-img-lazy-loading-not-23499 avia_image ' src=\"https:\/\/aulaabierta.arasaac.org\/wp-content\/uploads\/2016\/12\/casa-80x80.png\" alt='' title='In\u00edcio'  height=\"80\" width=\"80\"  itemprop=\"thumbnailUrl\" srcset=\"https:\/\/aulaabierta.arasaac.org\/wp-content\/uploads\/2016\/12\/casa-80x80.png 80w, https:\/\/aulaabierta.arasaac.org\/wp-content\/uploads\/2016\/12\/casa-300x300.png 300w, https:\/\/aulaabierta.arasaac.org\/wp-content\/uploads\/2016\/12\/casa-36x36.png 36w, https:\/\/aulaabierta.arasaac.org\/wp-content\/uploads\/2016\/12\/casa-180x180.png 180w, https:\/\/aulaabierta.arasaac.org\/wp-content\/uploads\/2016\/12\/casa-120x120.png 120w, https:\/\/aulaabierta.arasaac.org\/wp-content\/uploads\/2016\/12\/casa-450x450.png 450w, https:\/\/aulaabierta.arasaac.org\/wp-content\/uploads\/2016\/12\/casa.png 500w\" sizes=\"(max-width: 80px) 100vw, 80px\" \/><\/a><\/div><\/div><\/div>\n<\/div><\/div>\n<style type=\"text\/css\" data-created_by=\"avia_inline_auto\" id=\"style-css-av-no4k7-f6133ec3531d08750e5ab59ebc3a08d5\">\n.flex_cell.av-no4k7-f6133ec3531d08750e5ab59ebc3a08d5{\nvertical-align:top;\n}\n.responsive #top #wrap_all .flex_cell.av-no4k7-f6133ec3531d08750e5ab59ebc3a08d5{\npadding:30px 30px 30px 30px !important;\n}\n<\/style>\n<div class='flex_cell av-no4k7-f6133ec3531d08750e5ab59ebc3a08d5 av-gridrow-cell av_one_fifth no_margin  avia-builder-el-14  el_after_av_cell_one_fifth  el_before_av_cell_one_fifth ' ><div class='flex_cell_inner'><\/div><\/div>\n<style type=\"text\/css\" data-created_by=\"avia_inline_auto\" id=\"style-css-av-etvrr-3c3db2f43bea9f5abe334ca80a5cb133\">\n.flex_cell.av-etvrr-3c3db2f43bea9f5abe334ca80a5cb133{\nvertical-align:top;\n}\n.responsive #top #wrap_all .flex_cell.av-etvrr-3c3db2f43bea9f5abe334ca80a5cb133{\npadding:30px 30px 30px 30px !important;\n}\n<\/style>\n<div class='flex_cell av-etvrr-3c3db2f43bea9f5abe334ca80a5cb133 av-gridrow-cell av_one_fifth no_margin  avia-builder-el-15  el_after_av_cell_one_fifth  avia-builder-el-last ' ><div class='flex_cell_inner'>\n<style type=\"text\/css\" data-created_by=\"avia_inline_auto\" id=\"style-css-av-9wfnj-3fdee15dde25a1f493e6582c7c7af925\">\n.avia-image-container.av-9wfnj-3fdee15dde25a1f493e6582c7c7af925 img.avia_image{\nbox-shadow:none;\n}\n.avia-image-container.av-9wfnj-3fdee15dde25a1f493e6582c7c7af925 .av-image-caption-overlay-center{\ncolor:#ffffff;\n}\n<\/style>\n<div  class='avia-image-container av-9wfnj-3fdee15dde25a1f493e6582c7c7af925 av-styling- avia-align-center  avia-builder-el-16  avia-builder-el-no-sibling '   itemprop=\"image\" itemscope=\"itemscope\" itemtype=\"https:\/\/schema.org\/ImageObject\" ><div class=\"avia-image-container-inner\"><div class=\"avia-image-overlay-wrap\"><a href=\"https:\/\/aulaabierta.arasaac.org\/pt-pt\/araword-instalando-e-atualizando-o-pictograma-database\" class='avia_image' ><img decoding=\"async\" class='wp-image-23496 avia-img-lazy-loading-not-23496 avia_image ' src=\"https:\/\/aulaabierta.arasaac.org\/wp-content\/uploads\/2016\/12\/next-80x80.png\" alt='' title='next'  height=\"80\" width=\"80\"  itemprop=\"thumbnailUrl\" srcset=\"https:\/\/aulaabierta.arasaac.org\/wp-content\/uploads\/2016\/12\/next-80x80.png 80w, https:\/\/aulaabierta.arasaac.org\/wp-content\/uploads\/2016\/12\/next-36x36.png 36w, https:\/\/aulaabierta.arasaac.org\/wp-content\/uploads\/2016\/12\/next-120x120.png 120w, https:\/\/aulaabierta.arasaac.org\/wp-content\/uploads\/2016\/12\/next.png 128w\" sizes=\"(max-width: 80px) 100vw, 80px\" \/><\/a><\/div><\/div><\/div>\n<\/div><\/div>\n<\/div>\n","protected":false},"excerpt":{"rendered":"","protected":false},"author":5,"featured_media":23547,"parent":0,"menu_order":0,"comment_status":"closed","ping_status":"closed","template":"","meta":{"om_disable_all_campaigns":false,"_monsterinsights_skip_tracking":false,"_monsterinsights_sitenote_active":false,"_monsterinsights_sitenote_note":"","_monsterinsights_sitenote_category":0,"_uf_show_specific_survey":0,"_uf_disable_surveys":false,"footnotes":""},"class_list":["post-80628","page","type-page","status-publish","has-post-thumbnail","hentry"],"aioseo_notices":[],"_links":{"self":[{"href":"https:\/\/aulaabierta.arasaac.org\/pt-pt\/wp-json\/wp\/v2\/pages\/80628","targetHints":{"allow":["GET"]}}],"collection":[{"href":"https:\/\/aulaabierta.arasaac.org\/pt-pt\/wp-json\/wp\/v2\/pages"}],"about":[{"href":"https:\/\/aulaabierta.arasaac.org\/pt-pt\/wp-json\/wp\/v2\/types\/page"}],"author":[{"embeddable":true,"href":"https:\/\/aulaabierta.arasaac.org\/pt-pt\/wp-json\/wp\/v2\/users\/5"}],"replies":[{"embeddable":true,"href":"https:\/\/aulaabierta.arasaac.org\/pt-pt\/wp-json\/wp\/v2\/comments?post=80628"}],"version-history":[{"count":17,"href":"https:\/\/aulaabierta.arasaac.org\/pt-pt\/wp-json\/wp\/v2\/pages\/80628\/revisions"}],"predecessor-version":[{"id":136822,"href":"https:\/\/aulaabierta.arasaac.org\/pt-pt\/wp-json\/wp\/v2\/pages\/80628\/revisions\/136822"}],"wp:featuredmedia":[{"embeddable":true,"href":"https:\/\/aulaabierta.arasaac.org\/pt-pt\/wp-json\/wp\/v2\/media\/23547"}],"wp:attachment":[{"href":"https:\/\/aulaabierta.arasaac.org\/pt-pt\/wp-json\/wp\/v2\/media?parent=80628"}],"curies":[{"name":"wp","href":"https:\/\/api.w.org\/{rel}","templated":true}]}}