{"id":80712,"date":"2016-12-13T15:07:59","date_gmt":"2016-12-13T15:07:59","guid":{"rendered":"https:\/\/aulaabierta.arasaac.org\/araword-instalacion-y-actualizacion-de-la-base-de-datos-de-pictogramas"},"modified":"2023-02-09T11:30:52","modified_gmt":"2023-02-09T10:30:52","slug":"araword-instalando-e-atualizando-o-pictograma-database","status":"publish","type":"page","link":"https:\/\/aulaabierta.arasaac.org\/pt-pt\/araword-instalando-e-atualizando-o-pictograma-database","title":{"rendered":"AraWord &#8211; 2 &#8211; Instala\u00e7\u00e3o e atualiza\u00e7\u00e3o da base de dados de pictogramas"},"content":{"rendered":"<div id='av-layout-grid-1'  class='av-layout-grid-container av-3d76mg-51c78a25b28ec5e9b6bc8d129991c7e9 entry-content-wrapper alternate_color av-border-cells av-flex-cells  avia-builder-el-0  el_before_av_textblock  avia-builder-el-first   container_wrap fullsize'  >\n\n<style type=\"text\/css\" data-created_by=\"avia_inline_auto\" id=\"style-css-av-381w3k-1892af994743adbe1f502974fb5b65e2\">\n.flex_cell.av-381w3k-1892af994743adbe1f502974fb5b65e2{\nvertical-align:top;\n}\n.responsive #top #wrap_all .flex_cell.av-381w3k-1892af994743adbe1f502974fb5b65e2{\npadding:30px 30px 30px 30px !important;\n}\n<\/style>\n<div class='flex_cell av-381w3k-1892af994743adbe1f502974fb5b65e2 av-gridrow-cell av_one_fifth no_margin  avia-builder-el-1  el_before_av_cell_four_fifth  avia-builder-el-first ' ><div class='flex_cell_inner'>\n<style type=\"text\/css\" data-created_by=\"avia_inline_auto\" id=\"style-css-av-310hew-d445cda9d217730998b1784cf7864034\">\n.avia-image-container.av-310hew-d445cda9d217730998b1784cf7864034 img.avia_image{\nbox-shadow:none;\n}\n.avia-image-container.av-310hew-d445cda9d217730998b1784cf7864034 .av-caption-image-overlay-bg{\nopacity:0.4;\nbackground-color:#444444;\n}\n.avia-image-container.av-310hew-d445cda9d217730998b1784cf7864034 .av-image-caption-overlay-center{\ncolor:#ffffff;\n}\n<\/style>\n<div  class='avia-image-container av-310hew-d445cda9d217730998b1784cf7864034 av-styling- avia-align-left  avia-builder-el-2  avia-builder-el-no-sibling  noHover av-overlay-on-hover'   itemprop=\"image\" itemscope=\"itemscope\" itemtype=\"https:\/\/schema.org\/ImageObject\" ><div class=\"avia-image-container-inner\"><div class=\"avia-image-overlay-wrap\"><a href=\"https:\/\/aulaabierta.arasaac.org\/pt-pt\/araword-inicio-pt\" class='avia_image' ><div class=\"av-image-caption-overlay\"><div class=\"av-caption-image-overlay-bg\"><\/div><div class=\"av-image-caption-overlay-position\"><div class=\"av-image-caption-overlay-center\"><p>De volta ao topo<\/p>\n<\/div><\/div><\/div><img decoding=\"async\" class='wp-image-23547 avia-img-lazy-loading-not-23547 avia_image ' src=\"https:\/\/aulaabierta.arasaac.org\/wp-content\/uploads\/2016\/12\/AraWord-PC.jpg\" alt='' title='AraWord PC'  height=\"862\" width=\"862\"  itemprop=\"thumbnailUrl\" srcset=\"https:\/\/aulaabierta.arasaac.org\/wp-content\/uploads\/2016\/12\/AraWord-PC.jpg 862w, https:\/\/aulaabierta.arasaac.org\/wp-content\/uploads\/2016\/12\/AraWord-PC-80x80.jpg 80w, https:\/\/aulaabierta.arasaac.org\/wp-content\/uploads\/2016\/12\/AraWord-PC-300x300.jpg 300w, https:\/\/aulaabierta.arasaac.org\/wp-content\/uploads\/2016\/12\/AraWord-PC-768x768.jpg 768w, https:\/\/aulaabierta.arasaac.org\/wp-content\/uploads\/2016\/12\/AraWord-PC-36x36.jpg 36w, https:\/\/aulaabierta.arasaac.org\/wp-content\/uploads\/2016\/12\/AraWord-PC-180x180.jpg 180w, https:\/\/aulaabierta.arasaac.org\/wp-content\/uploads\/2016\/12\/AraWord-PC-705x705.jpg 705w, https:\/\/aulaabierta.arasaac.org\/wp-content\/uploads\/2016\/12\/AraWord-PC-120x120.jpg 120w, https:\/\/aulaabierta.arasaac.org\/wp-content\/uploads\/2016\/12\/AraWord-PC-450x450.jpg 450w\" sizes=\"(max-width: 862px) 100vw, 862px\" \/><\/a><\/div><\/div><\/div>\n<\/div><\/div>\n<style type=\"text\/css\" data-created_by=\"avia_inline_auto\" id=\"style-css-av-2w77rc-4d46b709827bb11c1a2d84ec3e7b56f2\">\n.flex_cell.av-2w77rc-4d46b709827bb11c1a2d84ec3e7b56f2{\nvertical-align:middle;\n}\n.responsive #top #wrap_all .flex_cell.av-2w77rc-4d46b709827bb11c1a2d84ec3e7b56f2{\npadding:30px 30px 30px 30px !important;\n}\n<\/style>\n<div class='flex_cell av-2w77rc-4d46b709827bb11c1a2d84ec3e7b56f2 av-gridrow-cell av_four_fifth no_margin  avia-builder-el-3  el_after_av_cell_one_fifth  avia-builder-el-last ' ><div class='flex_cell_inner'>\n<style type=\"text\/css\" data-created_by=\"avia_inline_auto\" id=\"style-css-av-2oxvkw-58acec2205f03231a1fba91dde5b08fd\">\n#top .av-special-heading.av-2oxvkw-58acec2205f03231a1fba91dde5b08fd{\npadding-bottom:0;\n}\nbody .av-special-heading.av-2oxvkw-58acec2205f03231a1fba91dde5b08fd .av-special-heading-tag .heading-char{\nfont-size:25px;\n}\n#top #wrap_all .av-special-heading.av-2oxvkw-58acec2205f03231a1fba91dde5b08fd .av-special-heading-tag{\nfont-size:26px;\n}\n.av-special-heading.av-2oxvkw-58acec2205f03231a1fba91dde5b08fd .av-subheading{\nfont-size:15px;\n}\n<\/style>\n<div  class='av-special-heading av-2oxvkw-58acec2205f03231a1fba91dde5b08fd av-special-heading-h2  avia-builder-el-4  avia-builder-el-no-sibling '><h2 class='av-special-heading-tag'  itemprop=\"headline\"  >2. INSTALA\u00c7\u00c3O E ATUALIZA\u00c7\u00c3O DO BANCO DE DADOS DE PICTOGRAMAS<\/h2><div class=\"special-heading-border\"><div class=\"special-heading-inner-border\"><\/div><\/div><\/div>\n<\/div><\/div>\n<\/div><div id='after_grid_row_1'  class='main_color av_default_container_wrap container_wrap fullsize'  ><div class='container av-section-cont-open' ><div class='template-page content  av-content-full alpha units'><div class='post-entry post-entry-type-page post-entry-80712'><div class='entry-content-wrapper clearfix'>\n<section  class='av_textblock_section av-2m5diw-911e4b976c648c4b86c9dc5fc9cdb7e0'  itemscope=\"itemscope\" itemtype=\"https:\/\/schema.org\/CreativeWork\" ><div class='avia_textblock'  itemprop=\"text\" ><h6><img loading=\"lazy\" decoding=\"async\" class=\"size-full wp-image-932 aligncenter\" src=\"https:\/\/aulaabierta.arasaac.org\/wp-content\/uploads\/2016\/12\/by-nc-sa.eu_petit.png\" alt=\"\" width=\"118\" height=\"41\"><\/h6>\n<h6 style=\"text-align: center;\">Este trabalho \u00e9 licenciado sob uma <a href=\"http:\/\/creativecommons.org\/licenses\/by-nc-sa\/4.0\/\" rel=\"license\">licen\u00e7a internacional Creative Commons Attribution-NonComercial-ShareAlike 4.0 International.<\/a><\/h6>\n<hr>\n<\/div><\/section>\n\n<style type=\"text\/css\" data-created_by=\"avia_inline_auto\" id=\"style-css-av-av_heading-9c4632a00fa2227b3d7d774674fe8c18\">\n#top .av-special-heading.av-av_heading-9c4632a00fa2227b3d7d774674fe8c18{\npadding-bottom:10px;\n}\nbody .av-special-heading.av-av_heading-9c4632a00fa2227b3d7d774674fe8c18 .av-special-heading-tag .heading-char{\nfont-size:25px;\n}\n.av-special-heading.av-av_heading-9c4632a00fa2227b3d7d774674fe8c18 .av-subheading{\nfont-size:15px;\n}\n<\/style>\n<div  class='av-special-heading av-av_heading-9c4632a00fa2227b3d7d774674fe8c18 av-special-heading-h3  avia-builder-el-6  el_after_av_textblock  el_before_av_video '><h3 class='av-special-heading-tag'  itemprop=\"headline\"  >Videotutoriais<\/h3><div class=\"special-heading-border\"><div class=\"special-heading-inner-border\"><\/div><\/div><\/div>\n<div  class='avia-video av-242fvs-4f63c8cfda599729b3a36092d16e90d6 avia-video-16-9 av-no-preview-image avia-video-load-always av-lazyload-immediate av-lazyload-video-embed'  itemprop=\"video\" itemtype=\"https:\/\/schema.org\/VideoObject\"  data-original_url='https:\/\/youtu.be\/onCFyaFwjs4'><script type='text\/html' class='av-video-tmpl'><div class='avia-iframe-wrap'><iframe loading=\"lazy\" title=\"AraWord  Instalaci\u00f3n\" width=\"1500\" height=\"844\" src=\"https:\/\/www.youtube.com\/embed\/onCFyaFwjs4?feature=oembed&autoplay=0&loop=0&controls=1&mute=0\" frameborder=\"0\" allow=\"accelerometer; autoplay; clipboard-write; encrypted-media; gyroscope; picture-in-picture\" allowfullscreen><\/iframe><\/div><\/script><div class='av-click-to-play-overlay'><div class=\"avia_playpause_icon\"><\/div><\/div><\/div>\n\n<style type=\"text\/css\" data-created_by=\"avia_inline_auto\" id=\"style-css-av-av_heading-12cd2cd8bc12e8ad41708aebea0977e3\">\n#top .av-special-heading.av-av_heading-12cd2cd8bc12e8ad41708aebea0977e3{\npadding-bottom:10px;\n}\nbody .av-special-heading.av-av_heading-12cd2cd8bc12e8ad41708aebea0977e3 .av-special-heading-tag .heading-char{\nfont-size:25px;\n}\n.av-special-heading.av-av_heading-12cd2cd8bc12e8ad41708aebea0977e3 .av-subheading{\nfont-size:15px;\n}\n<\/style>\n<div  class='av-special-heading av-av_heading-12cd2cd8bc12e8ad41708aebea0977e3 av-special-heading-h3  avia-builder-el-8  el_after_av_video  el_before_av_textblock '><h3 class='av-special-heading-tag'  itemprop=\"headline\"  >Tutorial<\/h3><div class=\"special-heading-border\"><div class=\"special-heading-inner-border\"><\/div><\/div><\/div>\n\n<style type=\"text\/css\" data-created_by=\"avia_inline_auto\" id=\"style-css-av-1qum94-57e7c54307d3cef3d6b151ec44804e61\">\n#top .av_textblock_section.av-1qum94-57e7c54307d3cef3d6b151ec44804e61 .avia_textblock{\nfont-size:16px;\n}\n<\/style>\n<section  class='av_textblock_section av-1qum94-57e7c54307d3cef3d6b151ec44804e61'  itemscope=\"itemscope\" itemtype=\"https:\/\/schema.org\/CreativeWork\" ><div class='avia_textblock'  itemprop=\"text\" ><p>Antes de instalar o <a href=\"http:\/\/sourceforge.net\/projects\/arasuite\/\"><strong>AraSuite<\/strong><\/a>, \u00e9 conveniente que voc\u00ea desinstale a vers\u00e3o anterior para aqueles que o t\u00eam instalado.<\/p>\n<p>Para proceder ao seu download e instala\u00e7\u00e3o no <strong>Windows,<\/strong>temos de introduzir o website da <a href=\"http:\/\/sourceforge.net\/projects\/arasuite\/\"><strong>AraSuite<\/strong><\/a> em <strong>SourceForge<\/strong> e clicar no bot\u00e3o <strong>Descarregar<\/strong>.<\/p>\n<p><img loading=\"lazy\" decoding=\"async\" class=\"alignnone size-full wp-image-17278\" src=\"https:\/\/aulaabierta.arasaac.org\/wp-content\/uploads\/2020\/04\/Descarga_AraSuite.png\" alt=\"\" width=\"1129\" height=\"713\" srcset=\"https:\/\/aulaabierta.arasaac.org\/wp-content\/uploads\/2020\/04\/Descarga_AraSuite.png 1129w, https:\/\/aulaabierta.arasaac.org\/wp-content\/uploads\/2020\/04\/Descarga_AraSuite-300x189.png 300w, https:\/\/aulaabierta.arasaac.org\/wp-content\/uploads\/2020\/04\/Descarga_AraSuite-1030x650.png 1030w, https:\/\/aulaabierta.arasaac.org\/wp-content\/uploads\/2020\/04\/Descarga_AraSuite-768x485.png 768w, https:\/\/aulaabierta.arasaac.org\/wp-content\/uploads\/2020\/04\/Descarga_AraSuite-705x445.png 705w, https:\/\/aulaabierta.arasaac.org\/wp-content\/uploads\/2020\/04\/Descarga_AraSuite-450x284.png 450w\" sizes=\"auto, (max-width: 1129px) 100vw, 1129px\" \/><\/p>\n<p>As vers\u00f5es <strong>MacOS<\/strong> e<strong> Linux<\/strong> podem ser descarregadas a partir desta outra p\u00e1gina:<\/p>\n<p style=\"text-align: center;\"><strong><a href=\"http:\/\/sourceforge.net\/projects\/arasuite\/files\/\" target=\"_blank\" rel=\"noopener\">http:\/\/sourceforge.net\/projects\/arasuite\/files\/<\/a><\/strong><\/p>\n<p style=\"text-align: left;\">Uma vez que o bot\u00e3o <strong>Download<\/strong> \u00e9 pressionado, uma nova p\u00e1gina ser\u00e1 aberta. Devemos aguardar alguns segundos para que a janela de download do arquivo compactado seja aberta.<\/p>\n<p><img loading=\"lazy\" decoding=\"async\" class=\"alignnone size-full wp-image-17279\" src=\"https:\/\/aulaabierta.arasaac.org\/wp-content\/uploads\/2020\/04\/Descarga_AraSuite_1.png\" alt=\"\" width=\"1110\" height=\"623\" srcset=\"https:\/\/aulaabierta.arasaac.org\/wp-content\/uploads\/2020\/04\/Descarga_AraSuite_1.png 1110w, https:\/\/aulaabierta.arasaac.org\/wp-content\/uploads\/2020\/04\/Descarga_AraSuite_1-300x168.png 300w, https:\/\/aulaabierta.arasaac.org\/wp-content\/uploads\/2020\/04\/Descarga_AraSuite_1-1030x578.png 1030w, https:\/\/aulaabierta.arasaac.org\/wp-content\/uploads\/2020\/04\/Descarga_AraSuite_1-768x431.png 768w, https:\/\/aulaabierta.arasaac.org\/wp-content\/uploads\/2020\/04\/Descarga_AraSuite_1-705x396.png 705w, https:\/\/aulaabierta.arasaac.org\/wp-content\/uploads\/2020\/04\/Descarga_AraSuite_1-450x253.png 450w\" sizes=\"auto, (max-width: 1110px) 100vw, 1110px\" \/><\/p>\n<p style=\"text-align: left;\">Quando baixamos o arquivo, devemos clicar duas vezes nele e seguir o processo de instala\u00e7\u00e3o sem modificar os par\u00e2metros que aparecem por padr\u00e3o.<\/p>\n<p style=\"text-align: left;\">Como pode ver, a <strong>AraSuite<\/strong> tamb\u00e9m cont\u00e9m as aplica\u00e7\u00f5es <strong>TICO Interpreter<\/strong> e <strong>TICO Editor<\/strong>,correspondentes ao<strong>gerador Projeto TICO das Placas de Comunica\u00e7\u00e3o Interativas<\/strong> que tamb\u00e9m est\u00e1 inclu\u00eddo na Suite.<\/p>\n<p>Para criar um atalho na \u00e1rea de trabalho, voc\u00ea deve abrir o <strong>Explorador de Arquivos<\/strong> e ir at\u00e9 a unidade C:, onde encontrar\u00e1 a pasta AraSuite e, dentro dela, o AraWord.<\/p>\n<p><img loading=\"lazy\" decoding=\"async\" class=\"alignnone size-full wp-image-17281\" src=\"https:\/\/aulaabierta.arasaac.org\/wp-content\/uploads\/2020\/04\/Descarga_AraSuite_2-1.png\" alt=\"\" width=\"780\" height=\"280\" srcset=\"https:\/\/aulaabierta.arasaac.org\/wp-content\/uploads\/2020\/04\/Descarga_AraSuite_2-1.png 780w, https:\/\/aulaabierta.arasaac.org\/wp-content\/uploads\/2020\/04\/Descarga_AraSuite_2-1-300x108.png 300w, https:\/\/aulaabierta.arasaac.org\/wp-content\/uploads\/2020\/04\/Descarga_AraSuite_2-1-768x276.png 768w, https:\/\/aulaabierta.arasaac.org\/wp-content\/uploads\/2020\/04\/Descarga_AraSuite_2-1-705x253.png 705w, https:\/\/aulaabierta.arasaac.org\/wp-content\/uploads\/2020\/04\/Descarga_AraSuite_2-1-450x162.png 450w\" sizes=\"auto, (max-width: 780px) 100vw, 780px\" \/><\/p>\n<p>Clicamos duas vezes nesta pasta para abri-la e clicamos com o bot\u00e3o direito do mouse no arquivo <strong>AraWordApp<\/strong> para envi\u00e1-lo para a <strong>\u00e1rea de trabalho<\/strong>.<\/p>\n<p style=\"text-align: left;\">Para terminar o processo de instala\u00e7\u00e3o, abriremos a aplica\u00e7\u00e3o, clicando no \u00edcone no ambiente de trabalho, e teremos de selecionar o <strong>Gestor de Recursos<\/strong> na Barra de <strong>Ferramentas<\/strong> e, mais tarde, em <strong>Verificar as atualiza\u00e7\u00f5es<\/strong>. Na nova janela, nota-se que &#8220;<strong>H\u00e1 uma nova vers\u00e3o dos pictogramas<\/strong>&#8220;. Clique no bot\u00e3o <strong>&#8216;Atualiza\u00e7\u00e3o&#8217;<\/strong> para descarregar os pictogramas que, mais tarde, usaremos com a <strong>AraWord<\/strong> e o <strong>TICO<\/strong>.<\/p>\n<p style=\"text-align: left;\"><img loading=\"lazy\" decoding=\"async\" class=\"aligncenter size-full wp-image-727\" src=\"https:\/\/aulaabierta.arasaac.org\/wp-content\/uploads\/2016\/12\/AW_5.jpg\" alt=\"\" width=\"640\" height=\"249\" srcset=\"https:\/\/aulaabierta.arasaac.org\/wp-content\/uploads\/2016\/12\/AW_5.jpg 640w, https:\/\/aulaabierta.arasaac.org\/wp-content\/uploads\/2016\/12\/AW_5-300x117.jpg 300w, https:\/\/aulaabierta.arasaac.org\/wp-content\/uploads\/2016\/12\/AW_5-450x175.jpg 450w\" sizes=\"auto, (max-width: 640px) 100vw, 640px\" \/><\/p>\n<p style=\"text-align: left;\">Tamb\u00e9m podemos instalar os pictogramas, abrindo <strong>o AraWord<\/strong> e selecionando <strong>Ferramentas &#8211; Gestor de Recursos &#8211; Verifique se h\u00e1 &gt; &gt; atualiza\u00e7\u00f5es<\/strong><\/p>\n<p style=\"text-align: left;\">Uma vez conclu\u00eddo o processo de atualiza\u00e7\u00e3o, podemos agora usar o aplicativo com todo o banco de dados de pictogramas <a href=\"http:\/\/arasaac.org\/\"><strong>ARASAAC<\/strong><\/a> e aproveitar as novas implementa\u00e7\u00f5es que ele incorpora.<\/p>\n<\/div><\/section>\n<\/div><\/div><\/div><!-- close content main div --><\/div><\/div><div id='av-layout-grid-2'  class='av-layout-grid-container av-1my2u8-1370ef45136cdda23fa43f92ccf2d2a4 entry-content-wrapper main_color av-border-top-bottom av-flex-cells  avia-builder-el-10  el_after_av_textblock  avia-builder-el-last  grid-row-not-first  container_wrap fullsize'  >\n\n<style type=\"text\/css\" data-created_by=\"avia_inline_auto\" id=\"style-css-av-1f52bs-fdef604fd925056dc835ffabc4e73091\">\n.flex_cell.av-1f52bs-fdef604fd925056dc835ffabc4e73091{\nvertical-align:top;\n}\n.responsive #top #wrap_all .flex_cell.av-1f52bs-fdef604fd925056dc835ffabc4e73091{\npadding:30px 30px 30px 30px !important;\n}\n<\/style>\n<div class='flex_cell av-1f52bs-fdef604fd925056dc835ffabc4e73091 av-gridrow-cell av_one_fifth no_margin  avia-builder-el-11  el_before_av_cell_one_fifth  avia-builder-el-first ' ><div class='flex_cell_inner'>\n<style type=\"text\/css\" data-created_by=\"avia_inline_auto\" id=\"style-css-av-16hfyo-79a09c4f8b4c127db7be740d48faaffc\">\n.avia-image-container.av-16hfyo-79a09c4f8b4c127db7be740d48faaffc img.avia_image{\nbox-shadow:none;\n}\n.avia-image-container.av-16hfyo-79a09c4f8b4c127db7be740d48faaffc .av-image-caption-overlay-center{\ncolor:#ffffff;\n}\n<\/style>\n<div  class='avia-image-container av-16hfyo-79a09c4f8b4c127db7be740d48faaffc av-styling- avia-align-center  avia-builder-el-12  avia-builder-el-no-sibling '   itemprop=\"image\" itemscope=\"itemscope\" itemtype=\"https:\/\/schema.org\/ImageObject\" ><div class=\"avia-image-container-inner\"><div class=\"avia-image-overlay-wrap\"><a href=\"https:\/\/aulaabierta.arasaac.org\/pt-pt\/araword-1-introducao\" class='avia_image' ><img decoding=\"async\" class='wp-image-23493 avia-img-lazy-loading-not-23493 avia_image ' src=\"https:\/\/aulaabierta.arasaac.org\/wp-content\/uploads\/2016\/12\/before-80x80.png\" alt='' title='before'  height=\"80\" width=\"80\"  itemprop=\"thumbnailUrl\" srcset=\"https:\/\/aulaabierta.arasaac.org\/wp-content\/uploads\/2016\/12\/before-80x80.png 80w, https:\/\/aulaabierta.arasaac.org\/wp-content\/uploads\/2016\/12\/before-36x36.png 36w, https:\/\/aulaabierta.arasaac.org\/wp-content\/uploads\/2016\/12\/before-120x120.png 120w, https:\/\/aulaabierta.arasaac.org\/wp-content\/uploads\/2016\/12\/before.png 128w\" sizes=\"(max-width: 80px) 100vw, 80px\" \/><\/a><\/div><\/div><\/div>\n<\/div><\/div>\n<style type=\"text\/css\" data-created_by=\"avia_inline_auto\" id=\"style-css-av-13ns8o-20b211445f023699d6f65b0e07d8ef8e\">\n.flex_cell.av-13ns8o-20b211445f023699d6f65b0e07d8ef8e{\nvertical-align:top;\n}\n.responsive #top #wrap_all .flex_cell.av-13ns8o-20b211445f023699d6f65b0e07d8ef8e{\npadding:30px 30px 30px 30px !important;\n}\n<\/style>\n<div class='flex_cell av-13ns8o-20b211445f023699d6f65b0e07d8ef8e av-gridrow-cell av_one_fifth no_margin  avia-builder-el-13  el_after_av_cell_one_fifth  el_before_av_cell_one_fifth ' ><div class='flex_cell_inner'><\/div><\/div>\n<style type=\"text\/css\" data-created_by=\"avia_inline_auto\" id=\"style-css-av-udsbk-23176b727d88066a84c7a1184d80fd95\">\n.flex_cell.av-udsbk-23176b727d88066a84c7a1184d80fd95{\nvertical-align:top;\n}\n.responsive #top #wrap_all .flex_cell.av-udsbk-23176b727d88066a84c7a1184d80fd95{\npadding:30px 30px 30px 30px !important;\n}\n<\/style>\n<div class='flex_cell av-udsbk-23176b727d88066a84c7a1184d80fd95 av-gridrow-cell av_one_fifth no_margin  avia-builder-el-14  el_after_av_cell_one_fifth  el_before_av_cell_one_fifth ' ><div class='flex_cell_inner'>\n<style type=\"text\/css\" data-created_by=\"avia_inline_auto\" id=\"style-css-av-t16bk-c0b21916c7fb9ffab5ca62d5503035ec\">\n.avia-image-container.av-t16bk-c0b21916c7fb9ffab5ca62d5503035ec img.avia_image{\nbox-shadow:none;\n}\n.avia-image-container.av-t16bk-c0b21916c7fb9ffab5ca62d5503035ec .av-image-caption-overlay-center{\ncolor:#ffffff;\n}\n<\/style>\n<div  class='avia-image-container av-t16bk-c0b21916c7fb9ffab5ca62d5503035ec av-styling- avia-align-center  avia-builder-el-15  avia-builder-el-no-sibling '   itemprop=\"image\" itemscope=\"itemscope\" itemtype=\"https:\/\/schema.org\/ImageObject\" ><div class=\"avia-image-container-inner\"><div class=\"avia-image-overlay-wrap\"><a href=\"https:\/\/aulaabierta.arasaac.org\/pt-pt\/araword-inicio-pt\" class='avia_image' ><img decoding=\"async\" class='wp-image-23499 avia-img-lazy-loading-not-23499 avia_image ' src=\"https:\/\/aulaabierta.arasaac.org\/wp-content\/uploads\/2016\/12\/casa-80x80.png\" alt='' title='In\u00edcio'  height=\"80\" width=\"80\"  itemprop=\"thumbnailUrl\" srcset=\"https:\/\/aulaabierta.arasaac.org\/wp-content\/uploads\/2016\/12\/casa-80x80.png 80w, https:\/\/aulaabierta.arasaac.org\/wp-content\/uploads\/2016\/12\/casa-300x300.png 300w, https:\/\/aulaabierta.arasaac.org\/wp-content\/uploads\/2016\/12\/casa-36x36.png 36w, https:\/\/aulaabierta.arasaac.org\/wp-content\/uploads\/2016\/12\/casa-180x180.png 180w, https:\/\/aulaabierta.arasaac.org\/wp-content\/uploads\/2016\/12\/casa-120x120.png 120w, https:\/\/aulaabierta.arasaac.org\/wp-content\/uploads\/2016\/12\/casa-450x450.png 450w, https:\/\/aulaabierta.arasaac.org\/wp-content\/uploads\/2016\/12\/casa.png 500w\" sizes=\"(max-width: 80px) 100vw, 80px\" \/><\/a><\/div><\/div><\/div>\n<\/div><\/div>\n<style type=\"text\/css\" data-created_by=\"avia_inline_auto\" id=\"style-css-av-m77ds-e5cd37cfd54df83af5d08fcf0c062e2a\">\n.flex_cell.av-m77ds-e5cd37cfd54df83af5d08fcf0c062e2a{\nvertical-align:top;\n}\n.responsive #top #wrap_all .flex_cell.av-m77ds-e5cd37cfd54df83af5d08fcf0c062e2a{\npadding:30px 30px 30px 30px !important;\n}\n<\/style>\n<div class='flex_cell av-m77ds-e5cd37cfd54df83af5d08fcf0c062e2a av-gridrow-cell av_one_fifth no_margin  avia-builder-el-16  el_after_av_cell_one_fifth  el_before_av_cell_one_fifth ' ><div class='flex_cell_inner'><\/div><\/div>\n<style type=\"text\/css\" data-created_by=\"avia_inline_auto\" id=\"style-css-av-f09mg-52c6f6fc11c7d3f8062ed0898f1f3542\">\n.flex_cell.av-f09mg-52c6f6fc11c7d3f8062ed0898f1f3542{\nvertical-align:top;\n}\n.responsive #top #wrap_all .flex_cell.av-f09mg-52c6f6fc11c7d3f8062ed0898f1f3542{\npadding:30px 30px 30px 30px !important;\n}\n<\/style>\n<div class='flex_cell av-f09mg-52c6f6fc11c7d3f8062ed0898f1f3542 av-gridrow-cell av_one_fifth no_margin  avia-builder-el-17  el_after_av_cell_one_fifth  avia-builder-el-last ' ><div class='flex_cell_inner'>\n<style type=\"text\/css\" data-created_by=\"avia_inline_auto\" id=\"style-css-av-og6g-2c7981afb2a4bd41244fa5f36eb30249\">\n.avia-image-container.av-og6g-2c7981afb2a4bd41244fa5f36eb30249 img.avia_image{\nbox-shadow:none;\n}\n.avia-image-container.av-og6g-2c7981afb2a4bd41244fa5f36eb30249 .av-image-caption-overlay-center{\ncolor:#ffffff;\n}\n<\/style>\n<div  class='avia-image-container av-og6g-2c7981afb2a4bd41244fa5f36eb30249 av-styling- avia-align-center  avia-builder-el-18  avia-builder-el-no-sibling '   itemprop=\"image\" itemscope=\"itemscope\" itemtype=\"https:\/\/schema.org\/ImageObject\" ><div class=\"avia-image-container-inner\"><div class=\"avia-image-overlay-wrap\"><a href=\"https:\/\/aulaabierta.arasaac.org\/pt-pt\/araword-3-menu-arquivo\" class='avia_image' ><img decoding=\"async\" class='wp-image-23496 avia-img-lazy-loading-not-23496 avia_image ' src=\"https:\/\/aulaabierta.arasaac.org\/wp-content\/uploads\/2016\/12\/next-80x80.png\" alt='' title='next'  height=\"80\" width=\"80\"  itemprop=\"thumbnailUrl\" srcset=\"https:\/\/aulaabierta.arasaac.org\/wp-content\/uploads\/2016\/12\/next-80x80.png 80w, https:\/\/aulaabierta.arasaac.org\/wp-content\/uploads\/2016\/12\/next-36x36.png 36w, https:\/\/aulaabierta.arasaac.org\/wp-content\/uploads\/2016\/12\/next-120x120.png 120w, https:\/\/aulaabierta.arasaac.org\/wp-content\/uploads\/2016\/12\/next.png 128w\" sizes=\"(max-width: 80px) 100vw, 80px\" \/><\/a><\/div><\/div><\/div>\n<\/div><\/div>\n<\/div>\n","protected":false},"excerpt":{"rendered":"","protected":false},"author":5,"featured_media":0,"parent":0,"menu_order":0,"comment_status":"closed","ping_status":"closed","template":"","meta":{"om_disable_all_campaigns":false,"_monsterinsights_skip_tracking":false,"_monsterinsights_sitenote_active":false,"_monsterinsights_sitenote_note":"","_monsterinsights_sitenote_category":0,"_uf_show_specific_survey":0,"_uf_disable_surveys":false,"footnotes":""},"class_list":["post-80712","page","type-page","status-publish","hentry"],"aioseo_notices":[],"_links":{"self":[{"href":"https:\/\/aulaabierta.arasaac.org\/pt-pt\/wp-json\/wp\/v2\/pages\/80712","targetHints":{"allow":["GET"]}}],"collection":[{"href":"https:\/\/aulaabierta.arasaac.org\/pt-pt\/wp-json\/wp\/v2\/pages"}],"about":[{"href":"https:\/\/aulaabierta.arasaac.org\/pt-pt\/wp-json\/wp\/v2\/types\/page"}],"author":[{"embeddable":true,"href":"https:\/\/aulaabierta.arasaac.org\/pt-pt\/wp-json\/wp\/v2\/users\/5"}],"replies":[{"embeddable":true,"href":"https:\/\/aulaabierta.arasaac.org\/pt-pt\/wp-json\/wp\/v2\/comments?post=80712"}],"version-history":[{"count":17,"href":"https:\/\/aulaabierta.arasaac.org\/pt-pt\/wp-json\/wp\/v2\/pages\/80712\/revisions"}],"predecessor-version":[{"id":136811,"href":"https:\/\/aulaabierta.arasaac.org\/pt-pt\/wp-json\/wp\/v2\/pages\/80712\/revisions\/136811"}],"wp:attachment":[{"href":"https:\/\/aulaabierta.arasaac.org\/pt-pt\/wp-json\/wp\/v2\/media?parent=80712"}],"curies":[{"name":"wp","href":"https:\/\/api.w.org\/{rel}","templated":true}]}}