{"id":80817,"date":"2016-12-13T16:23:29","date_gmt":"2016-12-13T16:23:29","guid":{"rendered":"https:\/\/aulaabierta.arasaac.org\/araword-menu-archivo"},"modified":"2023-02-09T11:25:13","modified_gmt":"2023-02-09T10:25:13","slug":"araword-3-menu-arquivo","status":"publish","type":"page","link":"https:\/\/aulaabierta.arasaac.org\/pt-pt\/araword-3-menu-arquivo","title":{"rendered":"AraWord &#8211; 3 &#8211; Menu Arquivo"},"content":{"rendered":"<div id='av-layout-grid-1'  class='av-layout-grid-container av-37tnu9-147df344d96898a282acd0db4bbf3b96 entry-content-wrapper alternate_color av-border-cells av-flex-cells  avia-builder-el-0  el_before_av_textblock  avia-builder-el-first   container_wrap fullsize'  >\n\n<style type=\"text\/css\" data-created_by=\"avia_inline_auto\" id=\"style-css-av-34hmup-8a58bcc5fdc4ee9f5e3536a03c94f2d0\">\n.flex_cell.av-34hmup-8a58bcc5fdc4ee9f5e3536a03c94f2d0{\nvertical-align:top;\n}\n.responsive #top #wrap_all .flex_cell.av-34hmup-8a58bcc5fdc4ee9f5e3536a03c94f2d0{\npadding:30px 30px 30px 30px !important;\n}\n<\/style>\n<div class='flex_cell av-34hmup-8a58bcc5fdc4ee9f5e3536a03c94f2d0 av-gridrow-cell av_one_fifth no_margin  avia-builder-el-1  el_before_av_cell_four_fifth  avia-builder-el-first ' ><div class='flex_cell_inner'>\n<style type=\"text\/css\" data-created_by=\"avia_inline_auto\" id=\"style-css-av-2ye0zl-fc6b78afaed9614b0344a19b4942786b\">\n.avia-image-container.av-2ye0zl-fc6b78afaed9614b0344a19b4942786b img.avia_image{\nbox-shadow:none;\n}\n.avia-image-container.av-2ye0zl-fc6b78afaed9614b0344a19b4942786b .av-caption-image-overlay-bg{\nopacity:0.4;\nbackground-color:#444444;\n}\n.avia-image-container.av-2ye0zl-fc6b78afaed9614b0344a19b4942786b .av-image-caption-overlay-center{\ncolor:#ffffff;\n}\n<\/style>\n<div  class='avia-image-container av-2ye0zl-fc6b78afaed9614b0344a19b4942786b av-styling- avia-align-left  avia-builder-el-2  avia-builder-el-no-sibling  noHover av-overlay-on-hover'   itemprop=\"image\" itemscope=\"itemscope\" itemtype=\"https:\/\/schema.org\/ImageObject\" ><div class=\"avia-image-container-inner\"><div class=\"avia-image-overlay-wrap\"><a href=\"https:\/\/aulaabierta.arasaac.org\/pt-pt\/araword-inicio-pt\" class='avia_image' ><div class=\"av-image-caption-overlay\"><div class=\"av-caption-image-overlay-bg\"><\/div><div class=\"av-image-caption-overlay-position\"><div class=\"av-image-caption-overlay-center\"><p>De volta ao topo<\/p>\n<\/div><\/div><\/div><img decoding=\"async\" class='wp-image-23547 avia-img-lazy-loading-not-23547 avia_image ' src=\"https:\/\/aulaabierta.arasaac.org\/wp-content\/uploads\/2016\/12\/AraWord-PC.jpg\" alt='' title='AraWord PC'  height=\"862\" width=\"862\"  itemprop=\"thumbnailUrl\" srcset=\"https:\/\/aulaabierta.arasaac.org\/wp-content\/uploads\/2016\/12\/AraWord-PC.jpg 862w, https:\/\/aulaabierta.arasaac.org\/wp-content\/uploads\/2016\/12\/AraWord-PC-80x80.jpg 80w, https:\/\/aulaabierta.arasaac.org\/wp-content\/uploads\/2016\/12\/AraWord-PC-300x300.jpg 300w, https:\/\/aulaabierta.arasaac.org\/wp-content\/uploads\/2016\/12\/AraWord-PC-768x768.jpg 768w, https:\/\/aulaabierta.arasaac.org\/wp-content\/uploads\/2016\/12\/AraWord-PC-36x36.jpg 36w, https:\/\/aulaabierta.arasaac.org\/wp-content\/uploads\/2016\/12\/AraWord-PC-180x180.jpg 180w, https:\/\/aulaabierta.arasaac.org\/wp-content\/uploads\/2016\/12\/AraWord-PC-705x705.jpg 705w, https:\/\/aulaabierta.arasaac.org\/wp-content\/uploads\/2016\/12\/AraWord-PC-120x120.jpg 120w, https:\/\/aulaabierta.arasaac.org\/wp-content\/uploads\/2016\/12\/AraWord-PC-450x450.jpg 450w\" sizes=\"(max-width: 862px) 100vw, 862px\" \/><\/a><\/div><\/div><\/div>\n<\/div><\/div>\n<style type=\"text\/css\" data-created_by=\"avia_inline_auto\" id=\"style-css-av-2ovo55-4c1ce7483872c4a637971c6198bfaefa\">\n.flex_cell.av-2ovo55-4c1ce7483872c4a637971c6198bfaefa{\nvertical-align:middle;\n}\n.responsive #top #wrap_all .flex_cell.av-2ovo55-4c1ce7483872c4a637971c6198bfaefa{\npadding:30px 30px 30px 30px !important;\n}\n<\/style>\n<div class='flex_cell av-2ovo55-4c1ce7483872c4a637971c6198bfaefa av-gridrow-cell av_four_fifth no_margin  avia-builder-el-3  el_after_av_cell_one_fifth  avia-builder-el-last ' ><div class='flex_cell_inner'>\n<style type=\"text\/css\" data-created_by=\"avia_inline_auto\" id=\"style-css-av-9fudt-49a9f63e3631a1aa25af05dd00649d8d\">\n#top .av-special-heading.av-9fudt-49a9f63e3631a1aa25af05dd00649d8d{\npadding-bottom:0;\n}\nbody .av-special-heading.av-9fudt-49a9f63e3631a1aa25af05dd00649d8d .av-special-heading-tag .heading-char{\nfont-size:25px;\n}\n#top #wrap_all .av-special-heading.av-9fudt-49a9f63e3631a1aa25af05dd00649d8d .av-special-heading-tag{\nfont-size:26px;\n}\n.av-special-heading.av-9fudt-49a9f63e3631a1aa25af05dd00649d8d .av-subheading{\nfont-size:15px;\n}\n<\/style>\n<div  class='av-special-heading av-9fudt-49a9f63e3631a1aa25af05dd00649d8d av-special-heading-h2  avia-builder-el-4  avia-builder-el-no-sibling '><h2 class='av-special-heading-tag'  itemprop=\"headline\"  >3. MENU DE ARQUIVO<\/h2><div class=\"special-heading-border\"><div class=\"special-heading-inner-border\"><\/div><\/div><\/div>\n<\/div><\/div>\n<\/div><div id='after_grid_row_1'  class='main_color av_default_container_wrap container_wrap fullsize'  ><div class='container av-section-cont-open' ><div class='template-page content  av-content-full alpha units'><div class='post-entry post-entry-type-page post-entry-80817'><div class='entry-content-wrapper clearfix'>\n<section  class='av_textblock_section av-2flha1-7e4bbb8f3e79d96fc5f99d0659db0d41'  itemscope=\"itemscope\" itemtype=\"https:\/\/schema.org\/CreativeWork\" ><div class='avia_textblock'  itemprop=\"text\" ><p><img loading=\"lazy\" decoding=\"async\" class=\"aligncenter size-full wp-image-932\" src=\"https:\/\/aulaabierta.arasaac.org\/wp-content\/uploads\/2016\/12\/by-nc-sa.eu_petit.png\" alt=\"\" width=\"118\" height=\"41\"><\/p>\n<h6 style=\"text-align: center;\">Este trabalho \u00e9 licenciado sob uma <a href=\"http:\/\/creativecommons.org\/licenses\/by-nc-sa\/4.0\/\" rel=\"license\">licen\u00e7a internacional Creative Commons Attribution-NonComercial-ShareAlike 4.0 International.<\/a><\/h6>\n<hr>\n<\/div><\/section>\n\n<style type=\"text\/css\" data-created_by=\"avia_inline_auto\" id=\"style-css-av-av_heading-12cd2cd8bc12e8ad41708aebea0977e3\">\n#top .av-special-heading.av-av_heading-12cd2cd8bc12e8ad41708aebea0977e3{\npadding-bottom:10px;\n}\nbody .av-special-heading.av-av_heading-12cd2cd8bc12e8ad41708aebea0977e3 .av-special-heading-tag .heading-char{\nfont-size:25px;\n}\n.av-special-heading.av-av_heading-12cd2cd8bc12e8ad41708aebea0977e3 .av-subheading{\nfont-size:15px;\n}\n<\/style>\n<div  class='av-special-heading av-av_heading-12cd2cd8bc12e8ad41708aebea0977e3 av-special-heading-h3  avia-builder-el-6  el_after_av_textblock  el_before_av_textblock '><h3 class='av-special-heading-tag'  itemprop=\"headline\"  >Tutorial<\/h3><div class=\"special-heading-border\"><div class=\"special-heading-inner-border\"><\/div><\/div><\/div>\n\n<style type=\"text\/css\" data-created_by=\"avia_inline_auto\" id=\"style-css-av-1ryt1t-401cd7a8517494814b2b48f338717cca\">\n#top .av_textblock_section.av-1ryt1t-401cd7a8517494814b2b48f338717cca .avia_textblock{\nfont-size:16px;\n}\n<\/style>\n<section  class='av_textblock_section av-1ryt1t-401cd7a8517494814b2b48f338717cca'  itemscope=\"itemscope\" itemtype=\"https:\/\/schema.org\/CreativeWork\" ><div class='avia_textblock'  itemprop=\"text\" ><p>Ao abrir o aplicativo, observamos que a interface \u00e9 bem simples e que a barra de ferramentas possui os elementos mais b\u00e1sicos para que possa ser utilizada, n\u00e3o apenas por profissionais ou fam\u00edlias, mas tamb\u00e9m por usu\u00e1rios de sistemas de comunica\u00e7\u00e3o aumentativa e alternativa.<\/p>\n<p><img loading=\"lazy\" decoding=\"async\" class=\"aligncenter size-full wp-image-728\" src=\"https:\/\/aulaabierta.arasaac.org\/wp-content\/uploads\/2016\/12\/AW_8.png\" alt=\"\" width=\"881\" height=\"658\" srcset=\"https:\/\/aulaabierta.arasaac.org\/wp-content\/uploads\/2016\/12\/AW_8.png 881w, https:\/\/aulaabierta.arasaac.org\/wp-content\/uploads\/2016\/12\/AW_8-300x224.png 300w, https:\/\/aulaabierta.arasaac.org\/wp-content\/uploads\/2016\/12\/AW_8-768x574.png 768w, https:\/\/aulaabierta.arasaac.org\/wp-content\/uploads\/2016\/12\/AW_8-705x527.png 705w, https:\/\/aulaabierta.arasaac.org\/wp-content\/uploads\/2016\/12\/AW_8-450x336.png 450w\" sizes=\"auto, (max-width: 881px) 100vw, 881px\" \/><\/p>\n<p>Inicialmente, o \u00edcone do <strong>AraWord<\/strong> aparece nos mostrando <strong>onde o cursor est\u00e1 localizado<\/strong>. Podemos apag\u00e1-lo para come\u00e7ar a escrever. Vamos analisar as diferentes op\u00e7\u00f5es que aparecem no menu <strong>Arquivo<\/strong>.<\/p>\n<p><img loading=\"lazy\" decoding=\"async\" class=\"alignnone size-full wp-image-23072\" src=\"https:\/\/aulaabierta.arasaac.org\/wp-content\/uploads\/2021\/10\/AraWord_menu_archivo_1.png\" alt=\"\" width=\"888\" height=\"351\" srcset=\"https:\/\/aulaabierta.arasaac.org\/wp-content\/uploads\/2021\/10\/AraWord_menu_archivo_1.png 888w, https:\/\/aulaabierta.arasaac.org\/wp-content\/uploads\/2021\/10\/AraWord_menu_archivo_1-300x119.png 300w, https:\/\/aulaabierta.arasaac.org\/wp-content\/uploads\/2021\/10\/AraWord_menu_archivo_1-768x304.png 768w, https:\/\/aulaabierta.arasaac.org\/wp-content\/uploads\/2021\/10\/AraWord_menu_archivo_1-705x279.png 705w, https:\/\/aulaabierta.arasaac.org\/wp-content\/uploads\/2021\/10\/AraWord_menu_archivo_1-450x178.png 450w\" sizes=\"auto, (max-width: 888px) 100vw, 888px\" \/><\/p>\n<p>Primeiro, aparece a op\u00e7\u00e3o <strong>Novo<\/strong>, que nos permite <strong>come\u00e7ar a escrever um novo texto<\/strong>. Mais tarde temos a op\u00e7\u00e3o de <strong>Salvar como&#8230;<\/strong>, que serve para salvar o texto em que estamos trabalhando e poder <strong>Abri-lo<\/strong>, depois, para <strong>continuar escrevendo o texto<\/strong> adaptado em que estamos trabalhando. Todos os pictogramas personalizados (que n\u00e3o fazem parte do banco de dados <a href=\"http:\/\/arasaac.org\/\"><strong>ARASAAC<\/strong><\/a>) que importamos para o <strong>AraWord<\/strong> e usamos no documento tamb\u00e9m s\u00e3o armazenados. Desta forma, independentemente do computador em que abrimos o documento, teremos a certeza de que todos os pictogramas s\u00e3o exibidos. Os arquivos s\u00e3o salvos com a <strong>extens\u00e3o .awd<\/strong>, portanto, para abri-los, teremos que faz\u00ea-lo diretamente com a op\u00e7\u00e3o Abrir, do pr\u00f3prio aplicativo.<\/p>\n<p><img loading=\"lazy\" decoding=\"async\" class=\"aligncenter size-full wp-image-729\" src=\"https:\/\/aulaabierta.arasaac.org\/wp-content\/uploads\/2016\/12\/AW_10.png\" alt=\"\" width=\"625\" height=\"429\" srcset=\"https:\/\/aulaabierta.arasaac.org\/wp-content\/uploads\/2016\/12\/AW_10.png 625w, https:\/\/aulaabierta.arasaac.org\/wp-content\/uploads\/2016\/12\/AW_10-300x206.png 300w, https:\/\/aulaabierta.arasaac.org\/wp-content\/uploads\/2016\/12\/AW_10-450x309.png 450w\" sizes=\"auto, (max-width: 625px) 100vw, 625px\" \/><\/p>\n<p>O menu <strong>Exportar como&#8230;<\/strong> oferece duas possibilidades: <strong>Exportar como imagem<\/strong> ou <strong>Exportar como PDF<\/strong><\/p>\n<p><img loading=\"lazy\" decoding=\"async\" class=\"aligncenter size-full wp-image-731\" src=\"https:\/\/aulaabierta.arasaac.org\/wp-content\/uploads\/2016\/12\/AW_12.png\" alt=\"\" width=\"1101\" height=\"765\" srcset=\"https:\/\/aulaabierta.arasaac.org\/wp-content\/uploads\/2016\/12\/AW_12.png 1101w, https:\/\/aulaabierta.arasaac.org\/wp-content\/uploads\/2016\/12\/AW_12-300x208.png 300w, https:\/\/aulaabierta.arasaac.org\/wp-content\/uploads\/2016\/12\/AW_12-768x534.png 768w, https:\/\/aulaabierta.arasaac.org\/wp-content\/uploads\/2016\/12\/AW_12-1030x716.png 1030w, https:\/\/aulaabierta.arasaac.org\/wp-content\/uploads\/2016\/12\/AW_12-705x490.png 705w, https:\/\/aulaabierta.arasaac.org\/wp-content\/uploads\/2016\/12\/AW_12-450x313.png 450w\" sizes=\"auto, (max-width: 1101px) 100vw, 1101px\" \/><\/p>\n<p>Dentro da op\u00e7\u00e3o <strong>Exportar como&#8230; Imagem<\/strong>, recomendamos o uso do formato JPG. Se voc\u00ea usar esta op\u00e7\u00e3o, assim que o documento for salvo como imagem, voc\u00ea poder\u00e1 <strong>inserir a imagem em qualquer documento ou apresenta\u00e7\u00e3o<\/strong>.<\/p>\n<p><img loading=\"lazy\" decoding=\"async\" class=\"size-full wp-image-23031 alignnone\" src=\"https:\/\/aulaabierta.arasaac.org\/wp-content\/uploads\/2021\/10\/AraWord_Texto.png\" alt=\"\" width=\"1556\" height=\"845\" srcset=\"https:\/\/aulaabierta.arasaac.org\/wp-content\/uploads\/2021\/10\/AraWord_Texto.png 1556w, https:\/\/aulaabierta.arasaac.org\/wp-content\/uploads\/2021\/10\/AraWord_Texto-300x163.png 300w, https:\/\/aulaabierta.arasaac.org\/wp-content\/uploads\/2021\/10\/AraWord_Texto-1030x559.png 1030w, https:\/\/aulaabierta.arasaac.org\/wp-content\/uploads\/2021\/10\/AraWord_Texto-768x417.png 768w, https:\/\/aulaabierta.arasaac.org\/wp-content\/uploads\/2021\/10\/AraWord_Texto-1536x834.png 1536w, https:\/\/aulaabierta.arasaac.org\/wp-content\/uploads\/2021\/10\/AraWord_Texto-1500x815.png 1500w, https:\/\/aulaabierta.arasaac.org\/wp-content\/uploads\/2021\/10\/AraWord_Texto-705x383.png 705w, https:\/\/aulaabierta.arasaac.org\/wp-content\/uploads\/2021\/10\/AraWord_Texto-450x244.png 450w\" sizes=\"auto, (max-width: 1556px) 100vw, 1556px\" \/><\/p>\n<p>Em algumas ocasi\u00f5es, ao salvar a imagem e inseri-la, pode acontecer que percebamos que a imagem cont\u00e9m um espa\u00e7o vazio ao seu redor. Para isso, os diferentes aplicativos de edi\u00e7\u00e3o de texto e cria\u00e7\u00e3o de apresenta\u00e7\u00f5es incorporam fun\u00e7\u00f5es de recorte de imagem, que podemos usar para torn\u00e1-lo otimizado.<\/p>\n<p>A outra op\u00e7\u00e3o que encontraremos e que nos permite <strong>imprimir<\/strong> os documentos \u00e9 atrav\u00e9s da op\u00e7\u00e3o <strong>Exportar como &#8230;. PDF<\/strong>.<\/p>\n<p>O <strong>menu de exporta\u00e7\u00e3o de PDF<\/strong> nos oferece diferentes possibilidades, que conforme configuramos, s\u00e3o mostradas na janela de visualiza\u00e7\u00e3o:<\/p>\n<p><img loading=\"lazy\" decoding=\"async\" class=\"size-full wp-image-23032 aligncenter\" src=\"https:\/\/aulaabierta.arasaac.org\/wp-content\/uploads\/2021\/10\/AraWord_Texto_pdf.png\" alt=\"\" width=\"1598\" height=\"846\" srcset=\"https:\/\/aulaabierta.arasaac.org\/wp-content\/uploads\/2021\/10\/AraWord_Texto_pdf.png 1598w, https:\/\/aulaabierta.arasaac.org\/wp-content\/uploads\/2021\/10\/AraWord_Texto_pdf-300x159.png 300w, https:\/\/aulaabierta.arasaac.org\/wp-content\/uploads\/2021\/10\/AraWord_Texto_pdf-1030x545.png 1030w, https:\/\/aulaabierta.arasaac.org\/wp-content\/uploads\/2021\/10\/AraWord_Texto_pdf-768x407.png 768w, https:\/\/aulaabierta.arasaac.org\/wp-content\/uploads\/2021\/10\/AraWord_Texto_pdf-1536x813.png 1536w, https:\/\/aulaabierta.arasaac.org\/wp-content\/uploads\/2021\/10\/AraWord_Texto_pdf-1500x794.png 1500w, https:\/\/aulaabierta.arasaac.org\/wp-content\/uploads\/2021\/10\/AraWord_Texto_pdf-710x375.png 710w, https:\/\/aulaabierta.arasaac.org\/wp-content\/uploads\/2021\/10\/AraWord_Texto_pdf-705x373.png 705w, https:\/\/aulaabierta.arasaac.org\/wp-content\/uploads\/2021\/10\/AraWord_Texto_pdf-450x238.png 450w\" sizes=\"auto, (max-width: 1598px) 100vw, 1598px\" \/><\/p>\n<ul>\n<li><strong>N\u00famero de pictogramas por linha:<\/strong> esta op\u00e7\u00e3o permite ajustar o n\u00famero de pictogramas que s\u00e3o inseridos em cada linha. \u00c0 medida que ajustamos o n\u00famero de imagens por linha, as linhas necess\u00e1rias s\u00e3o adicionadas para acomodar todo o texto.<\/li>\n<li><strong>Adicionar licen\u00e7a <a href=\"http:\/\/arasaac.org\/\">ARASAAC<\/a><\/strong>: esta op\u00e7\u00e3o \u00e9 ativada por padr\u00e3o e adiciona os termos da licen\u00e7a ARASAAC ao rodap\u00e9 do documento, garantindo-nos a possibilidade de distribuir o documento livremente.<\/li>\n<li><strong>PDF Paisagem<\/strong>: Ao ativar esta op\u00e7\u00e3o, o documento muda sua orienta\u00e7\u00e3o para Paisagem (Paisagem).<\/li>\n<\/ul>\n<p>Uma vez definidas as op\u00e7\u00f5es que nos interessam e a apar\u00eancia final do documento personalizada, pressionaremos o bot\u00e3o &#8220;Exportar PDF&#8221;, que abrir\u00e1 uma caixa de di\u00e1logo para salvar o PDF em nosso computador.<\/p>\n<p><img loading=\"lazy\" decoding=\"async\" class=\"aligncenter size-full wp-image-733\" src=\"https:\/\/aulaabierta.arasaac.org\/wp-content\/uploads\/2016\/12\/AW_14.png\" alt=\"\" width=\"625\" height=\"429\" srcset=\"https:\/\/aulaabierta.arasaac.org\/wp-content\/uploads\/2016\/12\/AW_14.png 625w, https:\/\/aulaabierta.arasaac.org\/wp-content\/uploads\/2016\/12\/AW_14-300x206.png 300w, https:\/\/aulaabierta.arasaac.org\/wp-content\/uploads\/2016\/12\/AW_14-450x309.png 450w\" sizes=\"auto, (max-width: 625px) 100vw, 625px\" \/><\/p>\n<p>Uma vez salvo, podemos abri-lo com qualquer leitor desse tipo de formato e imprimi-lo a partir da\u00ed.<\/p>\n<\/div><\/section>\n<\/div><\/div><\/div><!-- close content main div --><\/div><\/div><div id='av-layout-grid-2'  class='av-layout-grid-container av-1ixpch-c1e3b8abde98ccd95a02ef5d64384831 entry-content-wrapper main_color av-border-top-bottom av-flex-cells  avia-builder-el-8  el_after_av_textblock  avia-builder-el-last  grid-row-not-first  container_wrap fullsize'  >\n\n<style type=\"text\/css\" data-created_by=\"avia_inline_auto\" id=\"style-css-av-1gwqsx-118ebe20ef0e2696232d5567fdc8c085\">\n.flex_cell.av-1gwqsx-118ebe20ef0e2696232d5567fdc8c085{\nvertical-align:top;\n}\n.responsive #top #wrap_all .flex_cell.av-1gwqsx-118ebe20ef0e2696232d5567fdc8c085{\npadding:30px 30px 30px 30px !important;\n}\n<\/style>\n<div class='flex_cell av-1gwqsx-118ebe20ef0e2696232d5567fdc8c085 av-gridrow-cell av_one_fifth no_margin  avia-builder-el-9  el_before_av_cell_one_fifth  avia-builder-el-first ' ><div class='flex_cell_inner'>\n<style type=\"text\/css\" data-created_by=\"avia_inline_auto\" id=\"style-css-av-18drvl-cace2c6046ba5a5827b100387661b7b3\">\n.avia-image-container.av-18drvl-cace2c6046ba5a5827b100387661b7b3 img.avia_image{\nbox-shadow:none;\n}\n.avia-image-container.av-18drvl-cace2c6046ba5a5827b100387661b7b3 .av-image-caption-overlay-center{\ncolor:#ffffff;\n}\n<\/style>\n<div  class='avia-image-container av-18drvl-cace2c6046ba5a5827b100387661b7b3 av-styling- avia-align-center  avia-builder-el-10  avia-builder-el-no-sibling '   itemprop=\"image\" itemscope=\"itemscope\" itemtype=\"https:\/\/schema.org\/ImageObject\" ><div class=\"avia-image-container-inner\"><div class=\"avia-image-overlay-wrap\"><a href=\"https:\/\/aulaabierta.arasaac.org\/pt-pt\/araword-instalando-e-atualizando-o-pictograma-database\" class='avia_image' ><img decoding=\"async\" class='wp-image-23493 avia-img-lazy-loading-not-23493 avia_image ' src=\"https:\/\/aulaabierta.arasaac.org\/wp-content\/uploads\/2016\/12\/before-80x80.png\" alt='' title='before'  height=\"80\" width=\"80\"  itemprop=\"thumbnailUrl\" srcset=\"https:\/\/aulaabierta.arasaac.org\/wp-content\/uploads\/2016\/12\/before-80x80.png 80w, https:\/\/aulaabierta.arasaac.org\/wp-content\/uploads\/2016\/12\/before-36x36.png 36w, https:\/\/aulaabierta.arasaac.org\/wp-content\/uploads\/2016\/12\/before-120x120.png 120w, https:\/\/aulaabierta.arasaac.org\/wp-content\/uploads\/2016\/12\/before.png 128w\" sizes=\"(max-width: 80px) 100vw, 80px\" \/><\/a><\/div><\/div><\/div>\n<\/div><\/div>\n<style type=\"text\/css\" data-created_by=\"avia_inline_auto\" id=\"style-css-av-12xc49-cb884271633d262d61141093b1abdd75\">\n.flex_cell.av-12xc49-cb884271633d262d61141093b1abdd75{\nvertical-align:top;\n}\n.responsive #top #wrap_all .flex_cell.av-12xc49-cb884271633d262d61141093b1abdd75{\npadding:30px 30px 30px 30px !important;\n}\n<\/style>\n<div class='flex_cell av-12xc49-cb884271633d262d61141093b1abdd75 av-gridrow-cell av_one_fifth no_margin  avia-builder-el-11  el_after_av_cell_one_fifth  el_before_av_cell_one_fifth ' ><div class='flex_cell_inner'><\/div><\/div>\n<style type=\"text\/css\" data-created_by=\"avia_inline_auto\" id=\"style-css-av-zapyh-77055633a68ae92c06366601fdf60260\">\n.flex_cell.av-zapyh-77055633a68ae92c06366601fdf60260{\nvertical-align:top;\n}\n.responsive #top #wrap_all .flex_cell.av-zapyh-77055633a68ae92c06366601fdf60260{\npadding:30px 30px 30px 30px !important;\n}\n<\/style>\n<div class='flex_cell av-zapyh-77055633a68ae92c06366601fdf60260 av-gridrow-cell av_one_fifth no_margin  avia-builder-el-12  el_after_av_cell_one_fifth  el_before_av_cell_one_fifth ' ><div class='flex_cell_inner'>\n<style type=\"text\/css\" data-created_by=\"avia_inline_auto\" id=\"style-css-av-q3dpt-500b31077fa57b27c1c6a92d9195e322\">\n.avia-image-container.av-q3dpt-500b31077fa57b27c1c6a92d9195e322 img.avia_image{\nbox-shadow:none;\n}\n.avia-image-container.av-q3dpt-500b31077fa57b27c1c6a92d9195e322 .av-image-caption-overlay-center{\ncolor:#ffffff;\n}\n<\/style>\n<div  class='avia-image-container av-q3dpt-500b31077fa57b27c1c6a92d9195e322 av-styling- avia-align-center  avia-builder-el-13  avia-builder-el-no-sibling '   itemprop=\"image\" itemscope=\"itemscope\" itemtype=\"https:\/\/schema.org\/ImageObject\" ><div class=\"avia-image-container-inner\"><div class=\"avia-image-overlay-wrap\"><a href=\"https:\/\/aulaabierta.arasaac.org\/pt-pt\/araword-inicio-pt\" class='avia_image' ><img decoding=\"async\" class='wp-image-23499 avia-img-lazy-loading-not-23499 avia_image ' src=\"https:\/\/aulaabierta.arasaac.org\/wp-content\/uploads\/2016\/12\/casa-80x80.png\" alt='' title='In\u00edcio'  height=\"80\" width=\"80\"  itemprop=\"thumbnailUrl\" srcset=\"https:\/\/aulaabierta.arasaac.org\/wp-content\/uploads\/2016\/12\/casa-80x80.png 80w, https:\/\/aulaabierta.arasaac.org\/wp-content\/uploads\/2016\/12\/casa-300x300.png 300w, https:\/\/aulaabierta.arasaac.org\/wp-content\/uploads\/2016\/12\/casa-36x36.png 36w, https:\/\/aulaabierta.arasaac.org\/wp-content\/uploads\/2016\/12\/casa-180x180.png 180w, https:\/\/aulaabierta.arasaac.org\/wp-content\/uploads\/2016\/12\/casa-120x120.png 120w, https:\/\/aulaabierta.arasaac.org\/wp-content\/uploads\/2016\/12\/casa-450x450.png 450w, https:\/\/aulaabierta.arasaac.org\/wp-content\/uploads\/2016\/12\/casa.png 500w\" sizes=\"(max-width: 80px) 100vw, 80px\" \/><\/a><\/div><\/div><\/div>\n<\/div><\/div>\n<style type=\"text\/css\" data-created_by=\"avia_inline_auto\" id=\"style-css-av-23nkx-a7f7d7222d8ebdc70a80ca7e5dda83f2\">\n.flex_cell.av-23nkx-a7f7d7222d8ebdc70a80ca7e5dda83f2{\nvertical-align:top;\n}\n.responsive #top #wrap_all .flex_cell.av-23nkx-a7f7d7222d8ebdc70a80ca7e5dda83f2{\npadding:30px 30px 30px 30px !important;\n}\n<\/style>\n<div class='flex_cell av-23nkx-a7f7d7222d8ebdc70a80ca7e5dda83f2 av-gridrow-cell av_one_fifth no_margin  avia-builder-el-14  el_after_av_cell_one_fifth  el_before_av_cell_one_fifth ' ><div class='flex_cell_inner'><\/div><\/div>\n<style type=\"text\/css\" data-created_by=\"avia_inline_auto\" id=\"style-css-av-d66sx-fe67ed725e5d67c6956cbf9d31fd46a9\">\n.flex_cell.av-d66sx-fe67ed725e5d67c6956cbf9d31fd46a9{\nvertical-align:top;\n}\n.responsive #top #wrap_all .flex_cell.av-d66sx-fe67ed725e5d67c6956cbf9d31fd46a9{\npadding:30px 30px 30px 30px !important;\n}\n<\/style>\n<div class='flex_cell av-d66sx-fe67ed725e5d67c6956cbf9d31fd46a9 av-gridrow-cell av_one_fifth no_margin  avia-builder-el-15  el_after_av_cell_one_fifth  avia-builder-el-last ' ><div class='flex_cell_inner'>\n<style type=\"text\/css\" data-created_by=\"avia_inline_auto\" id=\"style-css-av-7qha1-85ba3c9e247fe42121d6a804a561ef9a\">\n.avia-image-container.av-7qha1-85ba3c9e247fe42121d6a804a561ef9a img.avia_image{\nbox-shadow:none;\n}\n.avia-image-container.av-7qha1-85ba3c9e247fe42121d6a804a561ef9a .av-image-caption-overlay-center{\ncolor:#ffffff;\n}\n<\/style>\n<div  class='avia-image-container av-7qha1-85ba3c9e247fe42121d6a804a561ef9a av-styling- avia-align-center  avia-builder-el-16  avia-builder-el-no-sibling '   itemprop=\"image\" itemscope=\"itemscope\" itemtype=\"https:\/\/schema.org\/ImageObject\" ><div class=\"avia-image-container-inner\"><div class=\"avia-image-overlay-wrap\"><a href=\"https:\/\/aulaabierta.arasaac.org\/pt-pt\/araword-5-menu-texto-pt\" class='avia_image' ><img decoding=\"async\" class='wp-image-23496 avia-img-lazy-loading-not-23496 avia_image ' src=\"https:\/\/aulaabierta.arasaac.org\/wp-content\/uploads\/2016\/12\/next-80x80.png\" alt='' title='next'  height=\"80\" width=\"80\"  itemprop=\"thumbnailUrl\" srcset=\"https:\/\/aulaabierta.arasaac.org\/wp-content\/uploads\/2016\/12\/next-80x80.png 80w, https:\/\/aulaabierta.arasaac.org\/wp-content\/uploads\/2016\/12\/next-36x36.png 36w, https:\/\/aulaabierta.arasaac.org\/wp-content\/uploads\/2016\/12\/next-120x120.png 120w, https:\/\/aulaabierta.arasaac.org\/wp-content\/uploads\/2016\/12\/next.png 128w\" sizes=\"(max-width: 80px) 100vw, 80px\" \/><\/a><\/div><\/div><\/div>\n<\/div><\/div>\n<\/div>\n","protected":false},"excerpt":{"rendered":"","protected":false},"author":5,"featured_media":0,"parent":0,"menu_order":0,"comment_status":"closed","ping_status":"closed","template":"","meta":{"om_disable_all_campaigns":false,"_monsterinsights_skip_tracking":false,"_monsterinsights_sitenote_active":false,"_monsterinsights_sitenote_note":"","_monsterinsights_sitenote_category":0,"_uf_show_specific_survey":0,"_uf_disable_surveys":false,"footnotes":""},"class_list":["post-80817","page","type-page","status-publish","hentry"],"aioseo_notices":[],"_links":{"self":[{"href":"https:\/\/aulaabierta.arasaac.org\/pt-pt\/wp-json\/wp\/v2\/pages\/80817","targetHints":{"allow":["GET"]}}],"collection":[{"href":"https:\/\/aulaabierta.arasaac.org\/pt-pt\/wp-json\/wp\/v2\/pages"}],"about":[{"href":"https:\/\/aulaabierta.arasaac.org\/pt-pt\/wp-json\/wp\/v2\/types\/page"}],"author":[{"embeddable":true,"href":"https:\/\/aulaabierta.arasaac.org\/pt-pt\/wp-json\/wp\/v2\/users\/5"}],"replies":[{"embeddable":true,"href":"https:\/\/aulaabierta.arasaac.org\/pt-pt\/wp-json\/wp\/v2\/comments?post=80817"}],"version-history":[{"count":14,"href":"https:\/\/aulaabierta.arasaac.org\/pt-pt\/wp-json\/wp\/v2\/pages\/80817\/revisions"}],"predecessor-version":[{"id":136813,"href":"https:\/\/aulaabierta.arasaac.org\/pt-pt\/wp-json\/wp\/v2\/pages\/80817\/revisions\/136813"}],"wp:attachment":[{"href":"https:\/\/aulaabierta.arasaac.org\/pt-pt\/wp-json\/wp\/v2\/media?parent=80817"}],"curies":[{"name":"wp","href":"https:\/\/api.w.org\/{rel}","templated":true}]}}