{"id":80901,"date":"2016-12-13T17:07:23","date_gmt":"2016-12-13T17:07:23","guid":{"rendered":"https:\/\/aulaabierta.arasaac.org\/araword-3-menu-edicion"},"modified":"2023-02-09T11:25:13","modified_gmt":"2023-02-09T10:25:13","slug":"araword-4-menu-editar-pt","status":"publish","type":"page","link":"https:\/\/aulaabierta.arasaac.org\/pt-pt\/araword-4-menu-editar-pt","title":{"rendered":"AraWord &#8211; 4 &#8211; Menu Editar"},"content":{"rendered":"<div id='av-layout-grid-1'  class='av-layout-grid-container av-36axy0-e02cb81e72022734dd75eb67d8b6ddfc entry-content-wrapper alternate_color av-border-cells av-flex-cells  avia-builder-el-0  el_before_av_textblock  avia-builder-el-first   container_wrap fullsize'  >\n\n<style type=\"text\/css\" data-created_by=\"avia_inline_auto\" id=\"style-css-av-34ph9s-99070c2b06163849fc670f187961f10b\">\n.flex_cell.av-34ph9s-99070c2b06163849fc670f187961f10b{\nvertical-align:top;\n}\n.responsive #top #wrap_all .flex_cell.av-34ph9s-99070c2b06163849fc670f187961f10b{\npadding:30px 30px 30px 30px !important;\n}\n<\/style>\n<div class='flex_cell av-34ph9s-99070c2b06163849fc670f187961f10b av-gridrow-cell av_one_fifth no_margin  avia-builder-el-1  el_before_av_cell_four_fifth  avia-builder-el-first ' ><div class='flex_cell_inner'>\n<style type=\"text\/css\" data-created_by=\"avia_inline_auto\" id=\"style-css-av-2wmck8-96a5d571c833d35d05a8231dee94016d\">\n.avia-image-container.av-2wmck8-96a5d571c833d35d05a8231dee94016d img.avia_image{\nbox-shadow:none;\n}\n.avia-image-container.av-2wmck8-96a5d571c833d35d05a8231dee94016d .av-caption-image-overlay-bg{\nopacity:0.4;\nbackground-color:#444444;\n}\n.avia-image-container.av-2wmck8-96a5d571c833d35d05a8231dee94016d .av-image-caption-overlay-center{\ncolor:#ffffff;\n}\n<\/style>\n<div  class='avia-image-container av-2wmck8-96a5d571c833d35d05a8231dee94016d av-styling- avia-align-left  avia-builder-el-2  avia-builder-el-no-sibling  noHover av-overlay-on-hover'   itemprop=\"image\" itemscope=\"itemscope\" itemtype=\"https:\/\/schema.org\/ImageObject\" ><div class=\"avia-image-container-inner\"><div class=\"avia-image-overlay-wrap\"><a href=\"https:\/\/aulaabierta.arasaac.org\/pt-pt\/araword-inicio-pt\" class='avia_image' ><div class=\"av-image-caption-overlay\"><div class=\"av-caption-image-overlay-bg\"><\/div><div class=\"av-image-caption-overlay-position\"><div class=\"av-image-caption-overlay-center\"><p>De volta ao topo<\/p>\n<\/div><\/div><\/div><img decoding=\"async\" class='wp-image-23547 avia-img-lazy-loading-not-23547 avia_image ' src=\"https:\/\/aulaabierta.arasaac.org\/wp-content\/uploads\/2016\/12\/AraWord-PC.jpg\" alt='' title='AraWord PC'  height=\"862\" width=\"862\"  itemprop=\"thumbnailUrl\" srcset=\"https:\/\/aulaabierta.arasaac.org\/wp-content\/uploads\/2016\/12\/AraWord-PC.jpg 862w, https:\/\/aulaabierta.arasaac.org\/wp-content\/uploads\/2016\/12\/AraWord-PC-80x80.jpg 80w, https:\/\/aulaabierta.arasaac.org\/wp-content\/uploads\/2016\/12\/AraWord-PC-300x300.jpg 300w, https:\/\/aulaabierta.arasaac.org\/wp-content\/uploads\/2016\/12\/AraWord-PC-768x768.jpg 768w, https:\/\/aulaabierta.arasaac.org\/wp-content\/uploads\/2016\/12\/AraWord-PC-36x36.jpg 36w, https:\/\/aulaabierta.arasaac.org\/wp-content\/uploads\/2016\/12\/AraWord-PC-180x180.jpg 180w, https:\/\/aulaabierta.arasaac.org\/wp-content\/uploads\/2016\/12\/AraWord-PC-705x705.jpg 705w, https:\/\/aulaabierta.arasaac.org\/wp-content\/uploads\/2016\/12\/AraWord-PC-120x120.jpg 120w, https:\/\/aulaabierta.arasaac.org\/wp-content\/uploads\/2016\/12\/AraWord-PC-450x450.jpg 450w\" sizes=\"(max-width: 862px) 100vw, 862px\" \/><\/a><\/div><\/div><\/div>\n<\/div><\/div>\n<style type=\"text\/css\" data-created_by=\"avia_inline_auto\" id=\"style-css-av-9twkg-0d206d3195b4c89586fcb0635d777001\">\n.flex_cell.av-9twkg-0d206d3195b4c89586fcb0635d777001{\nvertical-align:middle;\n}\n.responsive #top #wrap_all .flex_cell.av-9twkg-0d206d3195b4c89586fcb0635d777001{\npadding:30px 30px 30px 30px !important;\n}\n<\/style>\n<div class='flex_cell av-9twkg-0d206d3195b4c89586fcb0635d777001 av-gridrow-cell av_four_fifth no_margin  avia-builder-el-3  el_after_av_cell_one_fifth  avia-builder-el-last ' ><div class='flex_cell_inner'>\n<style type=\"text\/css\" data-created_by=\"avia_inline_auto\" id=\"style-css-av-2mkegw-539a999b1aa8c1014eb31ac209c0438a\">\n#top .av-special-heading.av-2mkegw-539a999b1aa8c1014eb31ac209c0438a{\npadding-bottom:0;\n}\nbody .av-special-heading.av-2mkegw-539a999b1aa8c1014eb31ac209c0438a .av-special-heading-tag .heading-char{\nfont-size:25px;\n}\n#top #wrap_all .av-special-heading.av-2mkegw-539a999b1aa8c1014eb31ac209c0438a .av-special-heading-tag{\nfont-size:26px;\n}\n.av-special-heading.av-2mkegw-539a999b1aa8c1014eb31ac209c0438a .av-subheading{\nfont-size:15px;\n}\n<\/style>\n<div  class='av-special-heading av-2mkegw-539a999b1aa8c1014eb31ac209c0438a av-special-heading-h2  avia-builder-el-4  avia-builder-el-no-sibling '><h2 class='av-special-heading-tag'  itemprop=\"headline\"  >4. MENU EDITAR<\/h2><div class=\"special-heading-border\"><div class=\"special-heading-inner-border\"><\/div><\/div><\/div>\n<\/div><\/div><\/div><div id='after_grid_row_1'  class='main_color av_default_container_wrap container_wrap fullsize'  ><div class='container av-section-cont-open' ><div class='template-page content  av-content-full alpha units'><div class='post-entry post-entry-type-page post-entry-80901'><div class='entry-content-wrapper clearfix'><section  class='av_textblock_section av-8kq0w-484800630604351622fb13f38bb79d7f'  itemscope=\"itemscope\" itemtype=\"https:\/\/schema.org\/CreativeWork\" ><div class='avia_textblock'  itemprop=\"text\" ><p><img loading=\"lazy\" decoding=\"async\" class=\"aligncenter size-full wp-image-932\" src=\"https:\/\/aulaabierta.arasaac.org\/wp-content\/uploads\/2016\/12\/by-nc-sa.eu_petit.png\" alt=\"\" width=\"118\" height=\"41\"><\/p>\n<h6 style=\"text-align: center;\">Este trabalho \u00e9 licenciado sob uma <a href=\"http:\/\/creativecommons.org\/licenses\/by-nc-sa\/4.0\/\" rel=\"license\">licen\u00e7a internacional Creative Commons Attribution-NonComercial-ShareAlike 4.0 International.<\/a><\/h6>\n<hr>\n<\/div><\/section><\/p>\n\n<style type=\"text\/css\" data-created_by=\"avia_inline_auto\" id=\"style-css-av-7jk28-17ce09ef0eaf651970341e9c6a1c8355\">\n#top .av-special-heading.av-7jk28-17ce09ef0eaf651970341e9c6a1c8355{\npadding-bottom:10px;\n}\nbody .av-special-heading.av-7jk28-17ce09ef0eaf651970341e9c6a1c8355 .av-special-heading-tag .heading-char{\nfont-size:25px;\n}\n.av-special-heading.av-7jk28-17ce09ef0eaf651970341e9c6a1c8355 .av-subheading{\nfont-size:15px;\n}\n<\/style>\n<div  class='av-special-heading av-7jk28-17ce09ef0eaf651970341e9c6a1c8355 av-special-heading-h3  avia-builder-el-6  el_after_av_textblock  el_before_av_textblock '><h3 class='av-special-heading-tag'  itemprop=\"headline\"  >Tutorial<\/h3><div class=\"special-heading-border\"><div class=\"special-heading-inner-border\"><\/div><\/div><\/div>\n\n<style type=\"text\/css\" data-created_by=\"avia_inline_auto\" id=\"style-css-av-1q5a9k-194ef346834f27f0e17371419a3a6ec3\">\n#top .av_textblock_section.av-1q5a9k-194ef346834f27f0e17371419a3a6ec3 .avia_textblock{\nfont-size:16px;\n}\n<\/style>\n<section  class='av_textblock_section av-1q5a9k-194ef346834f27f0e17371419a3a6ec3'  itemscope=\"itemscope\" itemtype=\"https:\/\/schema.org\/CreativeWork\" ><div class='avia_textblock'  itemprop=\"text\" ><p>O menu <strong>Editar<\/strong> apresenta os <strong>comandos b\u00e1sicos<\/strong> em qualquer processador de palavras.<\/p>\n<p><img loading=\"lazy\" decoding=\"async\" class=\"aligncenter size-large wp-image-3996\" src=\"https:\/\/aulaabierta.arasaac.org\/wp-content\/uploads\/2016\/12\/AW_30-1-1030x210.png\" alt=\"\" width=\"1030\" height=\"210\" srcset=\"https:\/\/aulaabierta.arasaac.org\/wp-content\/uploads\/2016\/12\/AW_30-1-1030x210.png 1030w, https:\/\/aulaabierta.arasaac.org\/wp-content\/uploads\/2016\/12\/AW_30-1-300x61.png 300w, https:\/\/aulaabierta.arasaac.org\/wp-content\/uploads\/2016\/12\/AW_30-1-768x157.png 768w, https:\/\/aulaabierta.arasaac.org\/wp-content\/uploads\/2016\/12\/AW_30-1-705x144.png 705w, https:\/\/aulaabierta.arasaac.org\/wp-content\/uploads\/2016\/12\/AW_30-1-450x92.png 450w, https:\/\/aulaabierta.arasaac.org\/wp-content\/uploads\/2016\/12\/AW_30-1.png 1361w\" sizes=\"auto, (max-width: 1030px) 100vw, 1030px\" \/><\/p>\n<p>Uma das op\u00e7\u00f5es mais impressionantes \u00e9 a op\u00e7\u00e3o de <strong>colar um texto<\/strong> que copiamos anteriormente da Internet.<\/p>\n<p><strong>NOTA IMPORTANTE:<\/strong> o exemplo apresentado abaixo \u00e9 apenas uma amostra de todo o potencial que o AraWord tem, mas recomendamos que, para uma legendagem correta, siga as sugest\u00f5es que encontrar\u00e1 nesta sec\u00e7\u00e3o da Sala de Aula Aberta da ARASAAC: <a href=\"https:\/\/aulaabierta.arasaac.org\/pt-pt\/tutorial-caa-como-legendar-textos-com-pictogramas\" target=\"_blank\" rel=\"noopener\">COMO LEGENDAR TEXTOS COM PICTOGRAMOS<\/a><\/p>\n<p>Selecionamos uma frase da hist\u00f3ria <a href=\"https:\/\/drive.google.com\/file\/d\/1lhA5TTA9Q_dZwhHCyiACkRFpN5u-tmoh\/view\" target=\"_blank\" rel=\"noopener\"><em>&#8220;Um amigo especial&#8221;<\/em><\/a> em Leitura F\u00e1cil que extra\u00edmos da <a href=\"https:\/\/bibliotecabase.sinpromi.es\/publicaciones-propias\/lectura-facil\/\" target=\"_blank\" rel=\"noopener\"><strong>Biblioteca Base de Sinpromi<\/strong><\/a> e usando a combina\u00e7\u00e3o Ctrl+C ou o bot\u00e3o de rato direito que copiamos.<\/p>\n<p><img loading=\"lazy\" decoding=\"async\" class=\"alignnone size-full wp-image-80887\" src=\"https:\/\/aulaabierta.arasaac.org\/wp-content\/uploads\/2022\/01\/Cuento_LF_Araword.jpg\" alt=\"\" width=\"861\" height=\"386\" srcset=\"https:\/\/aulaabierta.arasaac.org\/wp-content\/uploads\/2022\/01\/Cuento_LF_Araword.jpg 861w, https:\/\/aulaabierta.arasaac.org\/wp-content\/uploads\/2022\/01\/Cuento_LF_Araword-300x134.jpg 300w, https:\/\/aulaabierta.arasaac.org\/wp-content\/uploads\/2022\/01\/Cuento_LF_Araword-768x344.jpg 768w, https:\/\/aulaabierta.arasaac.org\/wp-content\/uploads\/2022\/01\/Cuento_LF_Araword-705x316.jpg 705w\" sizes=\"auto, (max-width: 861px) 100vw, 861px\" \/><\/p>\n<p>Imediatamente, dirigimo-nos ao <strong>AraWord<\/strong> e utilizamos a op\u00e7\u00e3o Pasta no menu Editar ou na combina\u00e7\u00e3o Crtl+V.<\/p>\n<p><img loading=\"lazy\" decoding=\"async\" class=\"alignnone size-full wp-image-80892\" src=\"https:\/\/aulaabierta.arasaac.org\/wp-content\/uploads\/2022\/01\/Cuento_LF_Araword_1.jpg\" alt=\"\" width=\"969\" height=\"684\" srcset=\"https:\/\/aulaabierta.arasaac.org\/wp-content\/uploads\/2022\/01\/Cuento_LF_Araword_1.jpg 969w, https:\/\/aulaabierta.arasaac.org\/wp-content\/uploads\/2022\/01\/Cuento_LF_Araword_1-300x212.jpg 300w, https:\/\/aulaabierta.arasaac.org\/wp-content\/uploads\/2022\/01\/Cuento_LF_Araword_1-768x542.jpg 768w, https:\/\/aulaabierta.arasaac.org\/wp-content\/uploads\/2022\/01\/Cuento_LF_Araword_1-260x185.jpg 260w, https:\/\/aulaabierta.arasaac.org\/wp-content\/uploads\/2022\/01\/Cuento_LF_Araword_1-705x498.jpg 705w\" sizes=\"auto, (max-width: 969px) 100vw, 969px\" \/><\/p>\n<p>Como pode ver, o resultado \u00e9 muito bom. S\u00f3 teremos de usar algumas ferramentas que explicaremos mais tarde para obter o resultado desejado.<\/p>\n<\/div><\/section>\n<\/div><\/div><\/div><!-- close content main div --><\/div><\/div><div id='av-layout-grid-2'  class='av-layout-grid-container av-1l9m6w-6aff6dcc31a25364d35645a5df47edb2 entry-content-wrapper main_color av-border-top-bottom av-flex-cells  avia-builder-el-8  el_after_av_textblock  avia-builder-el-last  grid-row-not-first  container_wrap fullsize'  >\n\n<style type=\"text\/css\" data-created_by=\"avia_inline_auto\" id=\"style-css-av-1cn1mw-9c2895fb13294914c4b50aa092f238d4\">\n.flex_cell.av-1cn1mw-9c2895fb13294914c4b50aa092f238d4{\nvertical-align:top;\n}\n.responsive #top #wrap_all .flex_cell.av-1cn1mw-9c2895fb13294914c4b50aa092f238d4{\npadding:30px 30px 30px 30px !important;\n}\n<\/style>\n<div class='flex_cell av-1cn1mw-9c2895fb13294914c4b50aa092f238d4 av-gridrow-cell av_one_fifth no_margin  avia-builder-el-9  el_before_av_cell_one_fifth  avia-builder-el-first ' ><div class='flex_cell_inner'>\n<style type=\"text\/css\" data-created_by=\"avia_inline_auto\" id=\"style-css-av-17pt8g-05533e499f76944cf5e2c25eeca0eb95\">\n.avia-image-container.av-17pt8g-05533e499f76944cf5e2c25eeca0eb95 img.avia_image{\nbox-shadow:none;\n}\n.avia-image-container.av-17pt8g-05533e499f76944cf5e2c25eeca0eb95 .av-image-caption-overlay-center{\ncolor:#ffffff;\n}\n<\/style>\n<div  class='avia-image-container av-17pt8g-05533e499f76944cf5e2c25eeca0eb95 av-styling- avia-align-center  avia-builder-el-10  avia-builder-el-no-sibling '   itemprop=\"image\" itemscope=\"itemscope\" itemtype=\"https:\/\/schema.org\/ImageObject\" ><div class=\"avia-image-container-inner\"><div class=\"avia-image-overlay-wrap\"><a href=\"https:\/\/aulaabierta.arasaac.org\/pt-pt\/araword-3-menu-arquivo\" class='avia_image' ><img decoding=\"async\" class='wp-image-23493 avia-img-lazy-loading-not-23493 avia_image ' src=\"https:\/\/aulaabierta.arasaac.org\/wp-content\/uploads\/2016\/12\/before-80x80.png\" alt='' title='before'  height=\"80\" width=\"80\"  itemprop=\"thumbnailUrl\" srcset=\"https:\/\/aulaabierta.arasaac.org\/wp-content\/uploads\/2016\/12\/before-80x80.png 80w, https:\/\/aulaabierta.arasaac.org\/wp-content\/uploads\/2016\/12\/before-36x36.png 36w, https:\/\/aulaabierta.arasaac.org\/wp-content\/uploads\/2016\/12\/before-120x120.png 120w, https:\/\/aulaabierta.arasaac.org\/wp-content\/uploads\/2016\/12\/before.png 128w\" sizes=\"(max-width: 80px) 100vw, 80px\" \/><\/a><\/div><\/div><\/div>\n<\/div><\/div>\n<style type=\"text\/css\" data-created_by=\"avia_inline_auto\" id=\"style-css-av-13wknc-9732b8d8d42a9de022d23d63fbb63f9b\">\n.flex_cell.av-13wknc-9732b8d8d42a9de022d23d63fbb63f9b{\nvertical-align:top;\n}\n.responsive #top #wrap_all .flex_cell.av-13wknc-9732b8d8d42a9de022d23d63fbb63f9b{\npadding:30px 30px 30px 30px !important;\n}\n<\/style>\n<div class='flex_cell av-13wknc-9732b8d8d42a9de022d23d63fbb63f9b av-gridrow-cell av_one_fifth no_margin  avia-builder-el-11  el_after_av_cell_one_fifth  el_before_av_cell_one_fifth ' ><div class='flex_cell_inner'><\/div><\/div>\n<style type=\"text\/css\" data-created_by=\"avia_inline_auto\" id=\"style-css-av-y67mw-e0a6f9614ef002a89e7dd4921bd0f11d\">\n.flex_cell.av-y67mw-e0a6f9614ef002a89e7dd4921bd0f11d{\nvertical-align:top;\n}\n.responsive #top #wrap_all .flex_cell.av-y67mw-e0a6f9614ef002a89e7dd4921bd0f11d{\npadding:30px 30px 30px 30px !important;\n}\n<\/style>\n<div class='flex_cell av-y67mw-e0a6f9614ef002a89e7dd4921bd0f11d av-gridrow-cell av_one_fifth no_margin  avia-builder-el-12  el_after_av_cell_one_fifth  el_before_av_cell_one_fifth ' ><div class='flex_cell_inner'>\n<style type=\"text\/css\" data-created_by=\"avia_inline_auto\" id=\"style-css-av-phry8-ec10d2fc620bb9796020fd2821b5c1cc\">\n.avia-image-container.av-phry8-ec10d2fc620bb9796020fd2821b5c1cc img.avia_image{\nbox-shadow:none;\n}\n.avia-image-container.av-phry8-ec10d2fc620bb9796020fd2821b5c1cc .av-image-caption-overlay-center{\ncolor:#ffffff;\n}\n<\/style>\n<div  class='avia-image-container av-phry8-ec10d2fc620bb9796020fd2821b5c1cc av-styling- avia-align-center  avia-builder-el-13  avia-builder-el-no-sibling '   itemprop=\"image\" itemscope=\"itemscope\" itemtype=\"https:\/\/schema.org\/ImageObject\" ><div class=\"avia-image-container-inner\"><div class=\"avia-image-overlay-wrap\"><a href=\"https:\/\/aulaabierta.arasaac.org\/pt-pt\/araword-inicio-pt\" class='avia_image' ><img decoding=\"async\" class='wp-image-23499 avia-img-lazy-loading-not-23499 avia_image ' src=\"https:\/\/aulaabierta.arasaac.org\/wp-content\/uploads\/2016\/12\/casa-80x80.png\" alt='' title='In\u00edcio'  height=\"80\" width=\"80\"  itemprop=\"thumbnailUrl\" srcset=\"https:\/\/aulaabierta.arasaac.org\/wp-content\/uploads\/2016\/12\/casa-80x80.png 80w, https:\/\/aulaabierta.arasaac.org\/wp-content\/uploads\/2016\/12\/casa-300x300.png 300w, https:\/\/aulaabierta.arasaac.org\/wp-content\/uploads\/2016\/12\/casa-36x36.png 36w, https:\/\/aulaabierta.arasaac.org\/wp-content\/uploads\/2016\/12\/casa-180x180.png 180w, https:\/\/aulaabierta.arasaac.org\/wp-content\/uploads\/2016\/12\/casa-120x120.png 120w, https:\/\/aulaabierta.arasaac.org\/wp-content\/uploads\/2016\/12\/casa-450x450.png 450w, https:\/\/aulaabierta.arasaac.org\/wp-content\/uploads\/2016\/12\/casa.png 500w\" sizes=\"(max-width: 80px) 100vw, 80px\" \/><\/a><\/div><\/div><\/div>\n<\/div><\/div>\n<style type=\"text\/css\" data-created_by=\"avia_inline_auto\" id=\"style-css-av-npr60-d51ed4a9114c8e02f296c5252189c1ea\">\n.flex_cell.av-npr60-d51ed4a9114c8e02f296c5252189c1ea{\nvertical-align:top;\n}\n.responsive #top #wrap_all .flex_cell.av-npr60-d51ed4a9114c8e02f296c5252189c1ea{\npadding:30px 30px 30px 30px !important;\n}\n<\/style>\n<div class='flex_cell av-npr60-d51ed4a9114c8e02f296c5252189c1ea av-gridrow-cell av_one_fifth no_margin  avia-builder-el-14  el_after_av_cell_one_fifth  el_before_av_cell_one_fifth ' ><div class='flex_cell_inner'><\/div><\/div>\n<style type=\"text\/css\" data-created_by=\"avia_inline_auto\" id=\"style-css-av-hfz2w-e1dcd16745291fc28412567683d6599a\">\n.flex_cell.av-hfz2w-e1dcd16745291fc28412567683d6599a{\nvertical-align:top;\n}\n.responsive #top #wrap_all .flex_cell.av-hfz2w-e1dcd16745291fc28412567683d6599a{\npadding:30px 30px 30px 30px !important;\n}\n<\/style>\n<div class='flex_cell av-hfz2w-e1dcd16745291fc28412567683d6599a av-gridrow-cell av_one_fifth no_margin  avia-builder-el-15  el_after_av_cell_one_fifth  avia-builder-el-last ' ><div class='flex_cell_inner'>\n<style type=\"text\/css\" data-created_by=\"avia_inline_auto\" id=\"style-css-av-11s60-901769d5defd8c04d24a54c94eb90ca3\">\n.avia-image-container.av-11s60-901769d5defd8c04d24a54c94eb90ca3 img.avia_image{\nbox-shadow:none;\n}\n.avia-image-container.av-11s60-901769d5defd8c04d24a54c94eb90ca3 .av-image-caption-overlay-center{\ncolor:#ffffff;\n}\n<\/style>\n<div  class='avia-image-container av-11s60-901769d5defd8c04d24a54c94eb90ca3 av-styling- avia-align-center  avia-builder-el-16  avia-builder-el-no-sibling '   itemprop=\"image\" itemscope=\"itemscope\" itemtype=\"https:\/\/schema.org\/ImageObject\" ><div class=\"avia-image-container-inner\"><div class=\"avia-image-overlay-wrap\"><a href=\"https:\/\/aulaabierta.arasaac.org\/pt-pt\/araword-5-menu-texto-pt\" class='avia_image' ><img decoding=\"async\" class='wp-image-23496 avia-img-lazy-loading-not-23496 avia_image ' src=\"https:\/\/aulaabierta.arasaac.org\/wp-content\/uploads\/2016\/12\/next-80x80.png\" alt='' title='next'  height=\"80\" width=\"80\"  itemprop=\"thumbnailUrl\" srcset=\"https:\/\/aulaabierta.arasaac.org\/wp-content\/uploads\/2016\/12\/next-80x80.png 80w, https:\/\/aulaabierta.arasaac.org\/wp-content\/uploads\/2016\/12\/next-36x36.png 36w, https:\/\/aulaabierta.arasaac.org\/wp-content\/uploads\/2016\/12\/next-120x120.png 120w, https:\/\/aulaabierta.arasaac.org\/wp-content\/uploads\/2016\/12\/next.png 128w\" sizes=\"(max-width: 80px) 100vw, 80px\" \/><\/a><\/div><\/div><\/div>\n<\/div><\/div>\n<\/div>\n","protected":false},"excerpt":{"rendered":"","protected":false},"author":5,"featured_media":0,"parent":0,"menu_order":0,"comment_status":"closed","ping_status":"closed","template":"","meta":{"om_disable_all_campaigns":false,"_monsterinsights_skip_tracking":false,"_monsterinsights_sitenote_active":false,"_monsterinsights_sitenote_note":"","_monsterinsights_sitenote_category":0,"_uf_show_specific_survey":0,"_uf_disable_surveys":false,"footnotes":""},"class_list":["post-80901","page","type-page","status-publish","hentry"],"aioseo_notices":[],"_links":{"self":[{"href":"https:\/\/aulaabierta.arasaac.org\/pt-pt\/wp-json\/wp\/v2\/pages\/80901","targetHints":{"allow":["GET"]}}],"collection":[{"href":"https:\/\/aulaabierta.arasaac.org\/pt-pt\/wp-json\/wp\/v2\/pages"}],"about":[{"href":"https:\/\/aulaabierta.arasaac.org\/pt-pt\/wp-json\/wp\/v2\/types\/page"}],"author":[{"embeddable":true,"href":"https:\/\/aulaabierta.arasaac.org\/pt-pt\/wp-json\/wp\/v2\/users\/5"}],"replies":[{"embeddable":true,"href":"https:\/\/aulaabierta.arasaac.org\/pt-pt\/wp-json\/wp\/v2\/comments?post=80901"}],"version-history":[{"count":11,"href":"https:\/\/aulaabierta.arasaac.org\/pt-pt\/wp-json\/wp\/v2\/pages\/80901\/revisions"}],"predecessor-version":[{"id":136815,"href":"https:\/\/aulaabierta.arasaac.org\/pt-pt\/wp-json\/wp\/v2\/pages\/80901\/revisions\/136815"}],"wp:attachment":[{"href":"https:\/\/aulaabierta.arasaac.org\/pt-pt\/wp-json\/wp\/v2\/media?parent=80901"}],"curies":[{"name":"wp","href":"https:\/\/api.w.org\/{rel}","templated":true}]}}