{"id":81071,"date":"2016-12-13T19:01:45","date_gmt":"2016-12-13T19:01:45","guid":{"rendered":"https:\/\/aulaabierta.arasaac.org\/araword-6-pictogramas"},"modified":"2023-02-09T11:25:14","modified_gmt":"2023-02-09T10:25:14","slug":"araword-6-pictogramas-pt","status":"publish","type":"page","link":"https:\/\/aulaabierta.arasaac.org\/pt-pt\/araword-6-pictogramas-pt","title":{"rendered":"AraWord &#8211; 6 &#8211; Menu Pictogramas"},"content":{"rendered":"<div id='av-layout-grid-1'  class='av-layout-grid-container av-35qpkt-e683bc433be9a54e6d5007b04ac23d0f entry-content-wrapper alternate_color av-border-cells av-flex-cells  avia-builder-el-0  el_before_av_textblock  avia-builder-el-first   container_wrap fullsize'  >\n\n<style type=\"text\/css\" data-created_by=\"avia_inline_auto\" id=\"style-css-av-33omwt-a10678fa59bd12c56827fc7ae3b9db29\">\n.flex_cell.av-33omwt-a10678fa59bd12c56827fc7ae3b9db29{\nvertical-align:top;\n}\n.responsive #top #wrap_all .flex_cell.av-33omwt-a10678fa59bd12c56827fc7ae3b9db29{\npadding:30px 30px 30px 30px !important;\n}\n<\/style>\n<div class='flex_cell av-33omwt-a10678fa59bd12c56827fc7ae3b9db29 av-gridrow-cell av_one_fifth no_margin  avia-builder-el-1  el_before_av_cell_four_fifth  avia-builder-el-first ' ><div class='flex_cell_inner'>\n<style type=\"text\/css\" data-created_by=\"avia_inline_auto\" id=\"style-css-av-2yevw5-6bac218b994dd419a5f22b2845af8de3\">\n.avia-image-container.av-2yevw5-6bac218b994dd419a5f22b2845af8de3 img.avia_image{\nbox-shadow:none;\n}\n.avia-image-container.av-2yevw5-6bac218b994dd419a5f22b2845af8de3 .av-caption-image-overlay-bg{\nopacity:0.4;\nbackground-color:#444444;\n}\n.avia-image-container.av-2yevw5-6bac218b994dd419a5f22b2845af8de3 .av-image-caption-overlay-center{\ncolor:#ffffff;\n}\n<\/style>\n<div  class='avia-image-container av-2yevw5-6bac218b994dd419a5f22b2845af8de3 av-styling- avia-align-left  avia-builder-el-2  avia-builder-el-no-sibling  noHover av-overlay-on-hover'   itemprop=\"image\" itemscope=\"itemscope\" itemtype=\"https:\/\/schema.org\/ImageObject\" ><div class=\"avia-image-container-inner\"><div class=\"avia-image-overlay-wrap\"><a href=\"https:\/\/aulaabierta.arasaac.org\/pt-pt\/araword-inicio-pt\" class='avia_image' ><div class=\"av-image-caption-overlay\"><div class=\"av-caption-image-overlay-bg\"><\/div><div class=\"av-image-caption-overlay-position\"><div class=\"av-image-caption-overlay-center\"><p>De volta ao topo<\/p>\n<\/div><\/div><\/div><img decoding=\"async\" class='wp-image-23547 avia-img-lazy-loading-not-23547 avia_image ' src=\"https:\/\/aulaabierta.arasaac.org\/wp-content\/uploads\/2016\/12\/AraWord-PC.jpg\" alt='' title='AraWord PC'  height=\"862\" width=\"862\"  itemprop=\"thumbnailUrl\" srcset=\"https:\/\/aulaabierta.arasaac.org\/wp-content\/uploads\/2016\/12\/AraWord-PC.jpg 862w, https:\/\/aulaabierta.arasaac.org\/wp-content\/uploads\/2016\/12\/AraWord-PC-80x80.jpg 80w, https:\/\/aulaabierta.arasaac.org\/wp-content\/uploads\/2016\/12\/AraWord-PC-300x300.jpg 300w, https:\/\/aulaabierta.arasaac.org\/wp-content\/uploads\/2016\/12\/AraWord-PC-768x768.jpg 768w, https:\/\/aulaabierta.arasaac.org\/wp-content\/uploads\/2016\/12\/AraWord-PC-36x36.jpg 36w, https:\/\/aulaabierta.arasaac.org\/wp-content\/uploads\/2016\/12\/AraWord-PC-180x180.jpg 180w, https:\/\/aulaabierta.arasaac.org\/wp-content\/uploads\/2016\/12\/AraWord-PC-705x705.jpg 705w, https:\/\/aulaabierta.arasaac.org\/wp-content\/uploads\/2016\/12\/AraWord-PC-120x120.jpg 120w, https:\/\/aulaabierta.arasaac.org\/wp-content\/uploads\/2016\/12\/AraWord-PC-450x450.jpg 450w\" sizes=\"(max-width: 862px) 100vw, 862px\" \/><\/a><\/div><\/div><\/div>\n<\/div><\/div>\n<style type=\"text\/css\" data-created_by=\"avia_inline_auto\" id=\"style-css-av-2ok1z1-f6d791e2d11d7d42e1857400dd039b33\">\n.flex_cell.av-2ok1z1-f6d791e2d11d7d42e1857400dd039b33{\nvertical-align:middle;\n}\n.responsive #top #wrap_all .flex_cell.av-2ok1z1-f6d791e2d11d7d42e1857400dd039b33{\npadding:30px 30px 30px 30px !important;\n}\n<\/style>\n<div class='flex_cell av-2ok1z1-f6d791e2d11d7d42e1857400dd039b33 av-gridrow-cell av_four_fifth no_margin  avia-builder-el-3  el_after_av_cell_one_fifth  avia-builder-el-last ' ><div class='flex_cell_inner'>\n<style type=\"text\/css\" data-created_by=\"avia_inline_auto\" id=\"style-css-av-kup44rg4-4af3820b3d8e1a3f2613dd76e98ccc28\">\n#top .av-special-heading.av-kup44rg4-4af3820b3d8e1a3f2613dd76e98ccc28{\npadding-bottom:0;\n}\nbody .av-special-heading.av-kup44rg4-4af3820b3d8e1a3f2613dd76e98ccc28 .av-special-heading-tag .heading-char{\nfont-size:25px;\n}\n#top #wrap_all .av-special-heading.av-kup44rg4-4af3820b3d8e1a3f2613dd76e98ccc28 .av-special-heading-tag{\nfont-size:26px;\n}\n.av-special-heading.av-kup44rg4-4af3820b3d8e1a3f2613dd76e98ccc28 .av-subheading{\nfont-size:15px;\n}\n<\/style>\n<div  class='av-special-heading av-kup44rg4-4af3820b3d8e1a3f2613dd76e98ccc28 av-special-heading-h2  avia-builder-el-4  avia-builder-el-no-sibling  av-linked-heading'><h2 class='av-special-heading-tag'  itemprop=\"headline\"  >6. MENU PICTOGRAMAS<\/h2><div class=\"special-heading-border\"><div class=\"special-heading-inner-border\"><\/div><\/div><\/div>\n<\/div><\/div><\/div><div id='after_grid_row_1'  class='main_color av_default_container_wrap container_wrap fullsize'  ><div class='container av-section-cont-open' ><div class='template-page content  av-content-full alpha units'><div class='post-entry post-entry-type-page post-entry-81071'><div class='entry-content-wrapper clearfix'><section  class='av_textblock_section av-2evnj9-5df03887628404c4ae6f2ec3d35d3f44'  itemscope=\"itemscope\" itemtype=\"https:\/\/schema.org\/CreativeWork\" ><div class='avia_textblock'  itemprop=\"text\" ><p><img loading=\"lazy\" decoding=\"async\" class=\"size-full wp-image-932 aligncenter\" src=\"https:\/\/aulaabierta.arasaac.org\/wp-content\/uploads\/2016\/12\/by-nc-sa.eu_petit.png\" alt=\"\" width=\"118\" height=\"41\"><\/p>\n<h6 style=\"text-align: center;\">Este trabalho \u00e9 licenciado sob uma <a href=\"http:\/\/creativecommons.org\/licenses\/by-nc-sa\/4.0\/\" rel=\"license\">licen\u00e7a internacional Creative Commons Attribution-NonCommercial-ShareAlike 4.0 International.<\/a><\/h6>\n<hr>\n<\/div><\/section><\/p>\n\n<style type=\"text\/css\" data-created_by=\"avia_inline_auto\" id=\"style-css-av-6k7pp-d5176dbae01fdbfd5b235f36929a79fa\">\n#top .av-special-heading.av-6k7pp-d5176dbae01fdbfd5b235f36929a79fa{\npadding-bottom:10px;\n}\nbody .av-special-heading.av-6k7pp-d5176dbae01fdbfd5b235f36929a79fa .av-special-heading-tag .heading-char{\nfont-size:25px;\n}\n.av-special-heading.av-6k7pp-d5176dbae01fdbfd5b235f36929a79fa .av-subheading{\nfont-size:15px;\n}\n<\/style>\n<div  class='av-special-heading av-6k7pp-d5176dbae01fdbfd5b235f36929a79fa av-special-heading-h3  avia-builder-el-6  el_after_av_textblock  el_before_av_textblock '><h3 class='av-special-heading-tag'  itemprop=\"headline\"  >Tutorial<\/h3><div class=\"special-heading-border\"><div class=\"special-heading-inner-border\"><\/div><\/div><\/div>\n\n<style type=\"text\/css\" data-created_by=\"avia_inline_auto\" id=\"style-css-av-1sx0kl-68afb6a0b2c89e582a481ebc8b4e9e7e\">\n#top .av_textblock_section.av-1sx0kl-68afb6a0b2c89e582a481ebc8b4e9e7e .avia_textblock{\nfont-size:16px;\n}\n<\/style>\n<section  class='av_textblock_section av-1sx0kl-68afb6a0b2c89e582a481ebc8b4e9e7e'  itemscope=\"itemscope\" itemtype=\"https:\/\/schema.org\/CreativeWork\" ><div class='avia_textblock'  itemprop=\"text\" ><p>Este \u00e9 sem d\u00favida um dos menus mais importantes da aplica\u00e7\u00e3o.<\/p>\n<p><img loading=\"lazy\" decoding=\"async\" class=\"aligncenter size-full wp-image-841\" src=\"https:\/\/aulaabierta.arasaac.org\/wp-content\/uploads\/2016\/12\/AW_36.png\" alt=\"\" width=\"1008\" height=\"314\" srcset=\"https:\/\/aulaabierta.arasaac.org\/wp-content\/uploads\/2016\/12\/AW_36.png 1008w, https:\/\/aulaabierta.arasaac.org\/wp-content\/uploads\/2016\/12\/AW_36-300x93.png 300w, https:\/\/aulaabierta.arasaac.org\/wp-content\/uploads\/2016\/12\/AW_36-768x239.png 768w, https:\/\/aulaabierta.arasaac.org\/wp-content\/uploads\/2016\/12\/AW_36-705x220.png 705w, https:\/\/aulaabierta.arasaac.org\/wp-content\/uploads\/2016\/12\/AW_36-450x140.png 450w\" sizes=\"auto, (max-width: 1008px) 100vw, 1008px\" \/><br \/>\nA partir deste menu, podemos configurar o <strong>tamanho dos pictogramas<\/strong> adaptando-os ao tamanho desejado.<\/p>\n<p><img loading=\"lazy\" decoding=\"async\" class=\"aligncenter size-full wp-image-842\" src=\"https:\/\/aulaabierta.arasaac.org\/wp-content\/uploads\/2016\/12\/AW_37.png\" alt=\"\" width=\"214\" height=\"95\"><br \/>\nEm seguida, podemos usar tr\u00eas das op\u00e7\u00f5es mais importantes para adaptar qualquer texto a pictogramas: <strong>Pr\u00f3xima imagem,<\/strong> <strong>Composi\u00e7\u00e3o \/ Decompo\u00e7\u00e3o da palavra<\/strong> e <strong>renomear.<\/strong> Podemos ativar essas op\u00e7\u00f5es de v\u00e1rias maneiras, usando o menu de ferramentas, as teclas de fun\u00e7\u00e3o ou os \u00edcones da barra de ferramentas.<\/p>\n<p><img loading=\"lazy\" decoding=\"async\" class=\"aligncenter size-full wp-image-843\" src=\"https:\/\/aulaabierta.arasaac.org\/wp-content\/uploads\/2016\/12\/AW_38.png\" alt=\"\" width=\"652\" height=\"241\" srcset=\"https:\/\/aulaabierta.arasaac.org\/wp-content\/uploads\/2016\/12\/AW_38.png 652w, https:\/\/aulaabierta.arasaac.org\/wp-content\/uploads\/2016\/12\/AW_38-300x111.png 300w, https:\/\/aulaabierta.arasaac.org\/wp-content\/uploads\/2016\/12\/AW_38-450x166.png 450w\" sizes=\"auto, (max-width: 652px) 100vw, 652px\" \/><\/p>\n<p>Escrevemos a palavra &#8220;menina&#8221; em nosso texto e deixamos o cursor dentro dessa c\u00e9lula. Como na base de dados do aplicativo, temos v\u00e1rios pictogramas associados \u00e0 palavra &#8220;menina&#8221;, temos a op\u00e7\u00e3o de selecionar o que mais nos interessa, incluindo as fotografias ou imagens que carregamos no aplicativo e ainda selecionar o texto escrito . Para realizar esta a\u00e7\u00e3o, vamos ao menu <strong>Pictograms<\/strong> e selecionamos a <strong>pr\u00f3xima imagem<\/strong>, clicamos na tecla <strong>F3<\/strong> ou clicamos no <strong>\u00edcone<\/strong> correspondente, neste caso o das tr\u00eas ma\u00e7\u00e3s.<\/p>\n<p><img loading=\"lazy\" decoding=\"async\" class=\"aligncenter size-full wp-image-1875\" src=\"https:\/\/aulaabierta.arasaac.org\/wp-content\/uploads\/2016\/12\/AraWord-Cambiar-pictograma.jpg\" alt=\"\" width=\"784\" height=\"293\" srcset=\"https:\/\/aulaabierta.arasaac.org\/wp-content\/uploads\/2016\/12\/AraWord-Cambiar-pictograma.jpg 784w, https:\/\/aulaabierta.arasaac.org\/wp-content\/uploads\/2016\/12\/AraWord-Cambiar-pictograma-300x112.jpg 300w, https:\/\/aulaabierta.arasaac.org\/wp-content\/uploads\/2016\/12\/AraWord-Cambiar-pictograma-768x287.jpg 768w, https:\/\/aulaabierta.arasaac.org\/wp-content\/uploads\/2016\/12\/AraWord-Cambiar-pictograma-705x263.jpg 705w, https:\/\/aulaabierta.arasaac.org\/wp-content\/uploads\/2016\/12\/AraWord-Cambiar-pictograma-450x168.jpg 450w\" sizes=\"auto, (max-width: 784px) 100vw, 784px\" \/><\/p>\n<p>Por padr\u00e3o, o <strong>AraWord<\/strong> junta-se \u00e0s composi\u00e7\u00f5es de palavras que est\u00e3o associadas a um \u00fanico pictograma, como no caso da &#8220;escova de dentes&#8221;. Pode acontecer que estejamos interessados \u200b\u200bem mostrar esta palavra como um \u00fanico pictograma ou como o conjunto de tr\u00eas pictogramas que a comp\u00f5em. Para juntar ou separar os diferentes pictogramas que comp\u00f5em a <strong>palavra, <\/strong>usaremos a op\u00e7\u00e3o <strong>Compor \/ Decompo uma palavra,<\/strong>a tecla<strong> F4 <\/strong>ou clicar no <strong>\u00edcone<\/strong> indicado na captura inferior. Observaremos que, automaticamente, aparecem os tr\u00eas pictogramas que comp\u00f5em esta palavra. Para voltar a usar um \u00fanico pictograma, vamos ao texto de qualquer um dos tr\u00eas pictogramas e usamos qualquer uma das op\u00e7\u00f5es que mencionamos acima para voltar a ter um \u00fanico pictograma.<\/p>\n<p><img loading=\"lazy\" decoding=\"async\" class=\"aligncenter size-full wp-image-845\" src=\"https:\/\/aulaabierta.arasaac.org\/wp-content\/uploads\/2016\/12\/AW_40.png\" alt=\"\" width=\"551\" height=\"215\" srcset=\"https:\/\/aulaabierta.arasaac.org\/wp-content\/uploads\/2016\/12\/AW_40.png 551w, https:\/\/aulaabierta.arasaac.org\/wp-content\/uploads\/2016\/12\/AW_40-300x117.png 300w, https:\/\/aulaabierta.arasaac.org\/wp-content\/uploads\/2016\/12\/AW_40-450x176.png 450w\" sizes=\"auto, (max-width: 551px) 100vw, 551px\" \/><\/p>\n<p>Pode acontecer que queiramos mudar o nome de um pictograma. Para isso, colocar-nos-emos no texto da c\u00e9lula e usaremos a op\u00e7\u00e3o <strong>Renomear,<\/strong>a tecla<strong> F5<\/strong> ou o <strong>\u00edcone correspondente.<\/strong> Como exemplo, escrevemos a palavra &#8220;menina&#8221; v\u00e1rias vezes. Colocamos o cursor dentro de cada um dos pictogramas correspondentes e selecionamos uma das tr\u00eas op\u00e7\u00f5es que discutimos. Observaremos que podemos apagar o texto contido e escrever a palavra desejada. No caso de escrevermos um <strong>nome composto<\/strong>, por exemplo Mar\u00eda Elena, devemos escrever tudo seguido e uma vez escrito, separe-o com a tecla Espa\u00e7o.<\/p>\n<p><img loading=\"lazy\" decoding=\"async\" class=\"aligncenter size-full wp-image-846\" src=\"https:\/\/aulaabierta.arasaac.org\/wp-content\/uploads\/2016\/12\/AW_41.png\" alt=\"\" width=\"536\" height=\"225\" srcset=\"https:\/\/aulaabierta.arasaac.org\/wp-content\/uploads\/2016\/12\/AW_41.png 536w, https:\/\/aulaabierta.arasaac.org\/wp-content\/uploads\/2016\/12\/AW_41-300x126.png 300w, https:\/\/aulaabierta.arasaac.org\/wp-content\/uploads\/2016\/12\/AW_41-450x189.png 450w\" sizes=\"auto, (max-width: 536px) 100vw, 536px\" \/><\/p>\n<p>Dentro deste menu, temos tamb\u00e9m as op\u00e7\u00f5es de <strong>Ocultar\/Mostrar Imagem<\/strong> ou <strong>Ocultar\/Mostrar Fronteira de um Item\/Todos os Itens.<\/strong> Recomendamos que voc\u00ea fa\u00e7a alguns pequenos testes para se familiarizar com essas op\u00e7\u00f5es e ver o que acontece.<\/p>\n<p>Na vers\u00e3o mais recente do <strong>AraWord,<\/strong> foi adicionada a possibilidade de converter os pictogramas em<strong>Grayscale<\/strong>, o que, sem d\u00favida, facilita a cria\u00e7\u00e3o de documentos facilmente imprim\u00edveis em tons de cinza.<\/p>\n<p><img loading=\"lazy\" decoding=\"async\" class=\"aligncenter size-full wp-image-847\" src=\"https:\/\/aulaabierta.arasaac.org\/wp-content\/uploads\/2016\/12\/AW_42.png\" alt=\"\" width=\"837\" height=\"317\" srcset=\"https:\/\/aulaabierta.arasaac.org\/wp-content\/uploads\/2016\/12\/AW_42.png 837w, https:\/\/aulaabierta.arasaac.org\/wp-content\/uploads\/2016\/12\/AW_42-300x114.png 300w, https:\/\/aulaabierta.arasaac.org\/wp-content\/uploads\/2016\/12\/AW_42-768x291.png 768w, https:\/\/aulaabierta.arasaac.org\/wp-content\/uploads\/2016\/12\/AW_42-705x267.png 705w, https:\/\/aulaabierta.arasaac.org\/wp-content\/uploads\/2016\/12\/AW_42-450x170.png 450w\" sizes=\"auto, (max-width: 837px) 100vw, 837px\" \/><br \/>\nAo clicar nesta op\u00e7\u00e3o, aparece uma janela pop-up na qual 256 est\u00e1 definido em N\u00edveis. Ao clicar em Aceitar, os pictogramas que temos at\u00e9 agora ser\u00e3o convertidos em tons de cinza e os novos que aparecem ao escrever tamb\u00e9m ser\u00e3o convertidos.<\/p>\n<p><img loading=\"lazy\" decoding=\"async\" class=\"size-full wp-image-23061 aligncenter\" src=\"https:\/\/aulaabierta.arasaac.org\/wp-content\/uploads\/2021\/10\/AraWord_Texto_5-1.png\" alt=\"\" width=\"972\" height=\"513\" srcset=\"https:\/\/aulaabierta.arasaac.org\/wp-content\/uploads\/2021\/10\/AraWord_Texto_5-1.png 972w, https:\/\/aulaabierta.arasaac.org\/wp-content\/uploads\/2021\/10\/AraWord_Texto_5-1-300x158.png 300w, https:\/\/aulaabierta.arasaac.org\/wp-content\/uploads\/2021\/10\/AraWord_Texto_5-1-768x405.png 768w, https:\/\/aulaabierta.arasaac.org\/wp-content\/uploads\/2021\/10\/AraWord_Texto_5-1-710x375.png 710w, https:\/\/aulaabierta.arasaac.org\/wp-content\/uploads\/2021\/10\/AraWord_Texto_5-1-705x372.png 705w, https:\/\/aulaabierta.arasaac.org\/wp-content\/uploads\/2021\/10\/AraWord_Texto_5-1-450x238.png 450w\" sizes=\"auto, (max-width: 972px) 100vw, 972px\" \/><\/p>\n<p>Se quisermos voltar a ver os pictogramas de cor, vamos selecionar esta op\u00e7\u00e3o novamente e na janela pop-up colocaremos o n\u00famero 0 em vez de 256. N\u00f3s s\u00f3 temos que clicar em OK.<\/p>\n<p><img loading=\"lazy\" decoding=\"async\" class=\"aligncenter size-full wp-image-849\" src=\"https:\/\/aulaabierta.arasaac.org\/wp-content\/uploads\/2016\/12\/AW_44.png\" alt=\"\" width=\"196\" height=\"98\"><\/p>\n<p>Se quiser convert\u00ea-los de volta \u00e0 cal\u00f3ula, ter\u00e1 que escrever 256 novamente.<\/p>\n<\/div><\/section>\n<\/div><\/div><\/div><!-- close content main div --><\/div><\/div><div id='av-layout-grid-2'  class='av-layout-grid-container av-1jnrnp-1bb3279c03a04c75d3d3876d6dcc5e78 entry-content-wrapper main_color av-border-top-bottom av-flex-cells  avia-builder-el-8  el_after_av_textblock  avia-builder-el-last  grid-row-not-first  container_wrap fullsize'  >\n\n<style type=\"text\/css\" data-created_by=\"avia_inline_auto\" id=\"style-css-av-1cdcwd-9557c947edcf1f392c8d4def5f60b4f3\">\n.flex_cell.av-1cdcwd-9557c947edcf1f392c8d4def5f60b4f3{\nvertical-align:top;\n}\n.responsive #top #wrap_all .flex_cell.av-1cdcwd-9557c947edcf1f392c8d4def5f60b4f3{\npadding:30px 30px 30px 30px !important;\n}\n<\/style>\n<div class='flex_cell av-1cdcwd-9557c947edcf1f392c8d4def5f60b4f3 av-gridrow-cell av_one_fifth no_margin  avia-builder-el-9  el_before_av_cell_one_fifth  avia-builder-el-first ' ><div class='flex_cell_inner'>\n<style type=\"text\/css\" data-created_by=\"avia_inline_auto\" id=\"style-css-av-18dzmt-f9cf7684ae786d4d4f1f1462710fa060\">\n.avia-image-container.av-18dzmt-f9cf7684ae786d4d4f1f1462710fa060 img.avia_image{\nbox-shadow:none;\n}\n.avia-image-container.av-18dzmt-f9cf7684ae786d4d4f1f1462710fa060 .av-image-caption-overlay-center{\ncolor:#ffffff;\n}\n<\/style>\n<div  class='avia-image-container av-18dzmt-f9cf7684ae786d4d4f1f1462710fa060 av-styling- avia-align-center  avia-builder-el-10  avia-builder-el-no-sibling '   itemprop=\"image\" itemscope=\"itemscope\" itemtype=\"https:\/\/schema.org\/ImageObject\" ><div class=\"avia-image-container-inner\"><div class=\"avia-image-overlay-wrap\"><a href=\"https:\/\/aulaabierta.arasaac.org\/pt-pt\/araword-5-menu-texto-pt\" class='avia_image' ><img decoding=\"async\" class='wp-image-23493 avia-img-lazy-loading-not-23493 avia_image ' src=\"https:\/\/aulaabierta.arasaac.org\/wp-content\/uploads\/2016\/12\/before-80x80.png\" alt='' title='before'  height=\"80\" width=\"80\"  itemprop=\"thumbnailUrl\" srcset=\"https:\/\/aulaabierta.arasaac.org\/wp-content\/uploads\/2016\/12\/before-80x80.png 80w, https:\/\/aulaabierta.arasaac.org\/wp-content\/uploads\/2016\/12\/before-36x36.png 36w, https:\/\/aulaabierta.arasaac.org\/wp-content\/uploads\/2016\/12\/before-120x120.png 120w, https:\/\/aulaabierta.arasaac.org\/wp-content\/uploads\/2016\/12\/before.png 128w\" sizes=\"(max-width: 80px) 100vw, 80px\" \/><\/a><\/div><\/div><\/div>\n<\/div><\/div>\n<style type=\"text\/css\" data-created_by=\"avia_inline_auto\" id=\"style-css-av-11jp4d-b81386bb301ed6c5e394b679b81745e0\">\n.flex_cell.av-11jp4d-b81386bb301ed6c5e394b679b81745e0{\nvertical-align:top;\n}\n.responsive #top #wrap_all .flex_cell.av-11jp4d-b81386bb301ed6c5e394b679b81745e0{\npadding:30px 30px 30px 30px !important;\n}\n<\/style>\n<div class='flex_cell av-11jp4d-b81386bb301ed6c5e394b679b81745e0 av-gridrow-cell av_one_fifth no_margin  avia-builder-el-11  el_after_av_cell_one_fifth  el_before_av_cell_one_fifth ' ><div class='flex_cell_inner'><\/div><\/div>\n<style type=\"text\/css\" data-created_by=\"avia_inline_auto\" id=\"style-css-av-vvzsd-8265de4fb3e4d29f633e7e26446638d0\">\n.flex_cell.av-vvzsd-8265de4fb3e4d29f633e7e26446638d0{\nvertical-align:top;\n}\n.responsive #top #wrap_all .flex_cell.av-vvzsd-8265de4fb3e4d29f633e7e26446638d0{\npadding:30px 30px 30px 30px !important;\n}\n<\/style>\n<div class='flex_cell av-vvzsd-8265de4fb3e4d29f633e7e26446638d0 av-gridrow-cell av_one_fifth no_margin  avia-builder-el-12  el_after_av_cell_one_fifth  el_before_av_cell_one_fifth ' ><div class='flex_cell_inner'>\n<style type=\"text\/css\" data-created_by=\"avia_inline_auto\" id=\"style-css-av-osdml-39fafbd8f148ef94e3d3cac863ef6808\">\n.avia-image-container.av-osdml-39fafbd8f148ef94e3d3cac863ef6808 img.avia_image{\nbox-shadow:none;\n}\n.avia-image-container.av-osdml-39fafbd8f148ef94e3d3cac863ef6808 .av-image-caption-overlay-center{\ncolor:#ffffff;\n}\n<\/style>\n<div  class='avia-image-container av-osdml-39fafbd8f148ef94e3d3cac863ef6808 av-styling- avia-align-center  avia-builder-el-13  avia-builder-el-no-sibling '   itemprop=\"image\" itemscope=\"itemscope\" itemtype=\"https:\/\/schema.org\/ImageObject\" ><div class=\"avia-image-container-inner\"><div class=\"avia-image-overlay-wrap\"><a href=\"https:\/\/aulaabierta.arasaac.org\/pt-pt\/araword-inicio-pt\" class='avia_image' ><img decoding=\"async\" class='wp-image-23499 avia-img-lazy-loading-not-23499 avia_image ' src=\"https:\/\/aulaabierta.arasaac.org\/wp-content\/uploads\/2016\/12\/casa-80x80.png\" alt='' title='In\u00edcio'  height=\"80\" width=\"80\"  itemprop=\"thumbnailUrl\" srcset=\"https:\/\/aulaabierta.arasaac.org\/wp-content\/uploads\/2016\/12\/casa-80x80.png 80w, https:\/\/aulaabierta.arasaac.org\/wp-content\/uploads\/2016\/12\/casa-300x300.png 300w, https:\/\/aulaabierta.arasaac.org\/wp-content\/uploads\/2016\/12\/casa-36x36.png 36w, https:\/\/aulaabierta.arasaac.org\/wp-content\/uploads\/2016\/12\/casa-180x180.png 180w, https:\/\/aulaabierta.arasaac.org\/wp-content\/uploads\/2016\/12\/casa-120x120.png 120w, https:\/\/aulaabierta.arasaac.org\/wp-content\/uploads\/2016\/12\/casa-450x450.png 450w, https:\/\/aulaabierta.arasaac.org\/wp-content\/uploads\/2016\/12\/casa.png 500w\" sizes=\"(max-width: 80px) 100vw, 80px\" \/><\/a><\/div><\/div><\/div>\n<\/div><\/div>\n<style type=\"text\/css\" data-created_by=\"avia_inline_auto\" id=\"style-css-av-men7h-3cf01115e545c12ec42a8b63752d1ae7\">\n.flex_cell.av-men7h-3cf01115e545c12ec42a8b63752d1ae7{\nvertical-align:top;\n}\n.responsive #top #wrap_all .flex_cell.av-men7h-3cf01115e545c12ec42a8b63752d1ae7{\npadding:30px 30px 30px 30px !important;\n}\n<\/style>\n<div class='flex_cell av-men7h-3cf01115e545c12ec42a8b63752d1ae7 av-gridrow-cell av_one_fifth no_margin  avia-builder-el-14  el_after_av_cell_one_fifth  el_before_av_cell_one_fifth ' ><div class='flex_cell_inner'><\/div><\/div>\n<style type=\"text\/css\" data-created_by=\"avia_inline_auto\" id=\"style-css-av-cv68l-816a69e87f67b44788ecbf2860756d6a\">\n.flex_cell.av-cv68l-816a69e87f67b44788ecbf2860756d6a{\nvertical-align:top;\n}\n.responsive #top #wrap_all .flex_cell.av-cv68l-816a69e87f67b44788ecbf2860756d6a{\npadding:30px 30px 30px 30px !important;\n}\n<\/style>\n<div class='flex_cell av-cv68l-816a69e87f67b44788ecbf2860756d6a av-gridrow-cell av_one_fifth no_margin  avia-builder-el-15  el_after_av_cell_one_fifth  avia-builder-el-last ' ><div class='flex_cell_inner'>\n<style type=\"text\/css\" data-created_by=\"avia_inline_auto\" id=\"style-css-av-b6vpp-54769f96d3612d3cf533f0366940c36b\">\n.avia-image-container.av-b6vpp-54769f96d3612d3cf533f0366940c36b img.avia_image{\nbox-shadow:none;\n}\n.avia-image-container.av-b6vpp-54769f96d3612d3cf533f0366940c36b .av-image-caption-overlay-center{\ncolor:#ffffff;\n}\n<\/style>\n<div  class='avia-image-container av-b6vpp-54769f96d3612d3cf533f0366940c36b av-styling- avia-align-center  avia-builder-el-16  avia-builder-el-no-sibling '   itemprop=\"image\" itemscope=\"itemscope\" itemtype=\"https:\/\/schema.org\/ImageObject\" ><div class=\"avia-image-container-inner\"><div class=\"avia-image-overlay-wrap\"><a href=\"https:\/\/aulaabierta.arasaac.org\/pt-pt\/araword-7-menu-ferramentas\" class='avia_image' ><img decoding=\"async\" class='wp-image-23496 avia-img-lazy-loading-not-23496 avia_image ' src=\"https:\/\/aulaabierta.arasaac.org\/wp-content\/uploads\/2016\/12\/next-80x80.png\" alt='' title='next'  height=\"80\" width=\"80\"  itemprop=\"thumbnailUrl\" srcset=\"https:\/\/aulaabierta.arasaac.org\/wp-content\/uploads\/2016\/12\/next-80x80.png 80w, https:\/\/aulaabierta.arasaac.org\/wp-content\/uploads\/2016\/12\/next-36x36.png 36w, https:\/\/aulaabierta.arasaac.org\/wp-content\/uploads\/2016\/12\/next-120x120.png 120w, https:\/\/aulaabierta.arasaac.org\/wp-content\/uploads\/2016\/12\/next.png 128w\" sizes=\"(max-width: 80px) 100vw, 80px\" \/><\/a><\/div><\/div><\/div>\n<\/div><\/div>\n<\/div>\n","protected":false},"excerpt":{"rendered":"","protected":false},"author":5,"featured_media":0,"parent":0,"menu_order":0,"comment_status":"closed","ping_status":"closed","template":"","meta":{"om_disable_all_campaigns":false,"_monsterinsights_skip_tracking":false,"_monsterinsights_sitenote_active":false,"_monsterinsights_sitenote_note":"","_monsterinsights_sitenote_category":0,"_uf_show_specific_survey":0,"_uf_disable_surveys":false,"footnotes":""},"class_list":["post-81071","page","type-page","status-publish","hentry"],"aioseo_notices":[],"_links":{"self":[{"href":"https:\/\/aulaabierta.arasaac.org\/pt-pt\/wp-json\/wp\/v2\/pages\/81071","targetHints":{"allow":["GET"]}}],"collection":[{"href":"https:\/\/aulaabierta.arasaac.org\/pt-pt\/wp-json\/wp\/v2\/pages"}],"about":[{"href":"https:\/\/aulaabierta.arasaac.org\/pt-pt\/wp-json\/wp\/v2\/types\/page"}],"author":[{"embeddable":true,"href":"https:\/\/aulaabierta.arasaac.org\/pt-pt\/wp-json\/wp\/v2\/users\/5"}],"replies":[{"embeddable":true,"href":"https:\/\/aulaabierta.arasaac.org\/pt-pt\/wp-json\/wp\/v2\/comments?post=81071"}],"version-history":[{"count":8,"href":"https:\/\/aulaabierta.arasaac.org\/pt-pt\/wp-json\/wp\/v2\/pages\/81071\/revisions"}],"predecessor-version":[{"id":136819,"href":"https:\/\/aulaabierta.arasaac.org\/pt-pt\/wp-json\/wp\/v2\/pages\/81071\/revisions\/136819"}],"wp:attachment":[{"href":"https:\/\/aulaabierta.arasaac.org\/pt-pt\/wp-json\/wp\/v2\/media?parent=81071"}],"curies":[{"name":"wp","href":"https:\/\/api.w.org\/{rel}","templated":true}]}}