{"id":81842,"date":"2018-04-30T06:51:22","date_gmt":"2018-04-30T05:51:22","guid":{"rendered":"https:\/\/aulaabierta.arasaac.org\/materiales-caa-unidades-didacticas-los-medios-de-comunicacion"},"modified":"2023-02-09T11:29:09","modified_gmt":"2023-02-09T10:29:09","slug":"materiais-caa-didatica-unidades-os-meios-de-comunicacao","status":"publish","type":"page","link":"https:\/\/aulaabierta.arasaac.org\/pt-pt\/materiais-caa-didatica-unidades-os-meios-de-comunicacao","title":{"rendered":"Materiais AAC &#8211; Unidades Did\u00e1ticas &#8211; Os Meios de Comunica\u00e7\u00e3o"},"content":{"rendered":"<div id='av-layout-grid-1'  class='av-layout-grid-container av-nvtjfw-269bb8973dc119fe99377be8f6de59d0 entry-content-wrapper alternate_color av-border-cells av-flex-cells  avia-builder-el-0  el_before_av_textblock  avia-builder-el-first   container_wrap fullsize'  >\n\n<style type=\"text\/css\" data-created_by=\"avia_inline_auto\" id=\"style-css-av-mc52y4-ee8e2fa19e8be99b3c98e98269e428da\">\n.flex_cell.av-mc52y4-ee8e2fa19e8be99b3c98e98269e428da{\nvertical-align:top;\n}\n.responsive #top #wrap_all .flex_cell.av-mc52y4-ee8e2fa19e8be99b3c98e98269e428da{\npadding:30px 30px 30px 30px !important;\n}\n<\/style>\n<div class='flex_cell av-mc52y4-ee8e2fa19e8be99b3c98e98269e428da av-gridrow-cell av_one_fifth no_margin  avia-builder-el-1  el_before_av_cell_four_fifth  avia-builder-el-first ' ><div class='flex_cell_inner'>\n<style type=\"text\/css\" data-created_by=\"avia_inline_auto\" id=\"style-css-av-k8y18s-87610d1c21d724197dc6476a525c2017\">\n.avia-image-container.av-k8y18s-87610d1c21d724197dc6476a525c2017 img.avia_image{\nbox-shadow:none;\n}\n.avia-image-container.av-k8y18s-87610d1c21d724197dc6476a525c2017 .av-image-caption-overlay-center{\ncolor:#ffffff;\n}\n<\/style>\n<div  class='avia-image-container av-k8y18s-87610d1c21d724197dc6476a525c2017 av-styling- avia-align-center  avia-builder-el-2  avia-builder-el-no-sibling '   itemprop=\"image\" itemscope=\"itemscope\" itemtype=\"https:\/\/schema.org\/ImageObject\" ><div class=\"avia-image-container-inner\"><div class=\"avia-image-overlay-wrap\"><a href=\"https:\/\/aulaabierta.arasaac.org\/pt-pt\/materiais-caa\" class='avia_image' ><img decoding=\"async\" class='wp-image-24617 avia-img-lazy-loading-not-24617 avia_image ' src=\"https:\/\/aulaabierta.arasaac.org\/wp-content\/uploads\/2017\/01\/ficha.png\" alt='' title='ficha'  height=\"500\" width=\"500\"  itemprop=\"thumbnailUrl\" srcset=\"https:\/\/aulaabierta.arasaac.org\/wp-content\/uploads\/2017\/01\/ficha.png 500w, https:\/\/aulaabierta.arasaac.org\/wp-content\/uploads\/2017\/01\/ficha-80x80.png 80w, https:\/\/aulaabierta.arasaac.org\/wp-content\/uploads\/2017\/01\/ficha-300x300.png 300w, https:\/\/aulaabierta.arasaac.org\/wp-content\/uploads\/2017\/01\/ficha-36x36.png 36w, https:\/\/aulaabierta.arasaac.org\/wp-content\/uploads\/2017\/01\/ficha-180x180.png 180w, https:\/\/aulaabierta.arasaac.org\/wp-content\/uploads\/2017\/01\/ficha-120x120.png 120w, https:\/\/aulaabierta.arasaac.org\/wp-content\/uploads\/2017\/01\/ficha-450x450.png 450w\" sizes=\"(max-width: 500px) 100vw, 500px\" \/><\/a><\/div><\/div><\/div>\n<\/div><\/div>\n<style type=\"text\/css\" data-created_by=\"avia_inline_auto\" id=\"style-css-av-ik6j8s-487e975473b4972683a47700442bde28\">\n.flex_cell.av-ik6j8s-487e975473b4972683a47700442bde28{\nvertical-align:middle;\n}\n.responsive #top #wrap_all .flex_cell.av-ik6j8s-487e975473b4972683a47700442bde28{\npadding:30px 30px 30px 30px !important;\n}\n<\/style>\n<div class='flex_cell av-ik6j8s-487e975473b4972683a47700442bde28 av-gridrow-cell av_four_fifth no_margin  avia-builder-el-3  el_after_av_cell_one_fifth  avia-builder-el-last ' ><div class='flex_cell_inner'>\n<style type=\"text\/css\" data-created_by=\"avia_inline_auto\" id=\"style-css-av-h6gu8c-d1c2e16de50c20c55519c932344e0783\">\n#top .av-special-heading.av-h6gu8c-d1c2e16de50c20c55519c932344e0783{\npadding-bottom:0;\n}\nbody .av-special-heading.av-h6gu8c-d1c2e16de50c20c55519c932344e0783 .av-special-heading-tag .heading-char{\nfont-size:25px;\n}\n.av-special-heading.av-h6gu8c-d1c2e16de50c20c55519c932344e0783 .av-subheading{\nfont-size:15px;\n}\n<\/style>\n<div  class='av-special-heading av-h6gu8c-d1c2e16de50c20c55519c932344e0783 av-special-heading-h1  avia-builder-el-4  avia-builder-el-no-sibling '><h1 class='av-special-heading-tag'  itemprop=\"headline\"  >UNIDADES DID\u00c1TICAS &#8211; OS MEIOS DE COMUNICA\u00c7\u00c3O<\/h1><div class=\"special-heading-border\"><div class=\"special-heading-inner-border\"><\/div><\/div><\/div>\n<\/div><\/div>\n<\/div><div id='after_grid_row_1'  class='main_color av_default_container_wrap container_wrap fullsize'  ><div class='container av-section-cont-open' ><div class='template-page content  av-content-full alpha units'><div class='post-entry post-entry-type-page post-entry-81842'><div class='entry-content-wrapper clearfix'>\n\n<style type=\"text\/css\" data-created_by=\"avia_inline_auto\" id=\"style-css-av-fvnb7w-e230ceda7b5e49c8c52467d883db6bd2\">\n#top .av_textblock_section.av-fvnb7w-e230ceda7b5e49c8c52467d883db6bd2 .avia_textblock{\nfont-size:16px;\n}\n<\/style>\n<section  class='av_textblock_section av-fvnb7w-e230ceda7b5e49c8c52467d883db6bd2'  itemscope=\"itemscope\" itemtype=\"https:\/\/schema.org\/CreativeWork\" ><div class='avia_textblock'  itemprop=\"text\" ><h6 style=\"text-align: center;\"><img loading=\"lazy\" decoding=\"async\" class=\"aligncenter size-full wp-image-932\" src=\"https:\/\/aulaabierta.arasaac.org\/wp-content\/uploads\/2016\/12\/by-nc-sa.eu_petit.png\" alt=\"\" width=\"118\" height=\"41\">Este trabalho \u00e9 licenciado sob uma <a href=\"http:\/\/creativecommons.org\/licenses\/by-nc-sa\/4.0\/\" rel=\"license\">licen\u00e7a internacional Creative Commons Attribution-NonCommercial-ShareAlike 4.0 International.<\/a><\/h6>\n<p style=\"text-align: center;\">________________________________________________________________<\/p>\n<h3><strong><a href=\"https:\/\/arasaac.org\/materials\/es\/1802\" target=\"_blank\" rel=\"noopener noreferrer\">Os Meios de Comunica\u00e7\u00e3o<\/a>.<\/strong><\/h3>\n<p>Download direto a partir de:<b><a href=\"https:\/\/arasaac.org\/materials\/es\/1802\" target=\"_blank\" rel=\"noopener noreferrer\">https:\/\/arasaac.org\/materials\/es\/1802<\/a><\/b><\/p>\n<p>Clique nas imagens para v\u00ea-las em tamanho real.<\/p>\n<h3><\/h3>\n<\/div><\/section>\n\n<style type=\"text\/css\" data-created_by=\"avia_inline_auto\" id=\"style-css-av-eit4gs-1771b93acbe1f91d60564560446d56c4\">\n#top .avia-gallery.av-eit4gs-1771b93acbe1f91d60564560446d56c4 .avia-gallery-thumb a{\nwidth:33.3333%;\n}\n<\/style>\n<div  class='avia-gallery av-eit4gs-1771b93acbe1f91d60564560446d56c4 avia_animate_when_visible  avia-builder-el-6  el_after_av_textblock  el_before_av_layout_row  avia-builder-el-last  avia_lazyload avia-gallery-animate avia-gallery-1'  itemprop=\"image\" itemscope=\"itemscope\" itemtype=\"https:\/\/schema.org\/ImageObject\" ><meta itemprop=\"contentURL\" content=\"https:\/\/aulaabierta.arasaac.org\/pt-pt\/materiais-caa-didatica-unidades-os-meios-de-comunicacao\"><div class='avia-gallery-thumb'><a href=\"https:\/\/aulaabierta.arasaac.org\/wp-content\/uploads\/2018\/04\/Los_medios_de_comunicacion_ARASAAC_1.png\" data-srcset=\"https:\/\/aulaabierta.arasaac.org\/wp-content\/uploads\/2018\/04\/Los_medios_de_comunicacion_ARASAAC_1.png 837w, https:\/\/aulaabierta.arasaac.org\/wp-content\/uploads\/2018\/04\/Los_medios_de_comunicacion_ARASAAC_1-300x214.png 300w, https:\/\/aulaabierta.arasaac.org\/wp-content\/uploads\/2018\/04\/Los_medios_de_comunicacion_ARASAAC_1-768x548.png 768w, https:\/\/aulaabierta.arasaac.org\/wp-content\/uploads\/2018\/04\/Los_medios_de_comunicacion_ARASAAC_1-260x185.png 260w, https:\/\/aulaabierta.arasaac.org\/wp-content\/uploads\/2018\/04\/Los_medios_de_comunicacion_ARASAAC_1-705x503.png 705w, https:\/\/aulaabierta.arasaac.org\/wp-content\/uploads\/2018\/04\/Los_medios_de_comunicacion_ARASAAC_1-450x321.png 450w\" data-sizes=\"(max-width: 837px) 100vw, 837px\" data-rel='gallery-1' data-prev-img='https:\/\/aulaabierta.arasaac.org\/wp-content\/uploads\/2018\/04\/Los_medios_de_comunicacion_ARASAAC_1-495x400.png' class='first_thumb lightbox ' data-onclick='1' title='Los_medios_de_comunicacion_ARASAAC_1'  itemprop=\"thumbnailUrl\"  ><img decoding=\"async\" class=\"wp-image-33642 avia-img-lazy-loading-not-33642\"   src=\"https:\/\/aulaabierta.arasaac.org\/wp-content\/uploads\/2018\/04\/Los_medios_de_comunicacion_ARASAAC_1-495x400.png\" width=\"495\" height=\"400\"  title='Los_medios_de_comunicacion_ARASAAC_1' alt='' \/><div class='big-prev-fake'><img loading=\"lazy\" decoding=\"async\" class=\"wp-image-33642 avia-img-lazy-loading-33642\"  width=\"495\" height=\"400\" src=\"https:\/\/aulaabierta.arasaac.org\/wp-content\/uploads\/2018\/04\/Los_medios_de_comunicacion_ARASAAC_1-495x400.png\" title='Los_medios_de_comunicacion_ARASAAC_1' alt='' \/><\/div><\/a><a href=\"https:\/\/aulaabierta.arasaac.org\/wp-content\/uploads\/2018\/04\/Los_medios_de_comunicacion_ARASAAC_2.png\" data-srcset=\"https:\/\/aulaabierta.arasaac.org\/wp-content\/uploads\/2018\/04\/Los_medios_de_comunicacion_ARASAAC_2.png 784w, https:\/\/aulaabierta.arasaac.org\/wp-content\/uploads\/2018\/04\/Los_medios_de_comunicacion_ARASAAC_2-300x216.png 300w, https:\/\/aulaabierta.arasaac.org\/wp-content\/uploads\/2018\/04\/Los_medios_de_comunicacion_ARASAAC_2-768x552.png 768w, https:\/\/aulaabierta.arasaac.org\/wp-content\/uploads\/2018\/04\/Los_medios_de_comunicacion_ARASAAC_2-705x507.png 705w, https:\/\/aulaabierta.arasaac.org\/wp-content\/uploads\/2018\/04\/Los_medios_de_comunicacion_ARASAAC_2-450x324.png 450w\" data-sizes=\"(max-width: 784px) 100vw, 784px\" data-rel='gallery-1' data-prev-img='https:\/\/aulaabierta.arasaac.org\/wp-content\/uploads\/2018\/04\/Los_medios_de_comunicacion_ARASAAC_2-495x400.png' class='lightbox ' data-onclick='2' title='Los_medios_de_comunicacion_ARASAAC_2'  itemprop=\"thumbnailUrl\"  ><img decoding=\"async\" class=\"wp-image-33646 avia-img-lazy-loading-not-33646\"   src=\"https:\/\/aulaabierta.arasaac.org\/wp-content\/uploads\/2018\/04\/Los_medios_de_comunicacion_ARASAAC_2-495x400.png\" width=\"495\" height=\"400\"  title='Los_medios_de_comunicacion_ARASAAC_2' alt='' \/><div class='big-prev-fake'><img loading=\"lazy\" decoding=\"async\" class=\"wp-image-33646 avia-img-lazy-loading-33646\"  width=\"495\" height=\"400\" src=\"https:\/\/aulaabierta.arasaac.org\/wp-content\/uploads\/2018\/04\/Los_medios_de_comunicacion_ARASAAC_2-495x400.png\" title='Los_medios_de_comunicacion_ARASAAC_2' alt='' \/><\/div><\/a><a href=\"https:\/\/aulaabierta.arasaac.org\/wp-content\/uploads\/2018\/04\/Los_medios_de_comunicacion_ARASAAC_3.png\" data-srcset=\"https:\/\/aulaabierta.arasaac.org\/wp-content\/uploads\/2018\/04\/Los_medios_de_comunicacion_ARASAAC_3.png 810w, https:\/\/aulaabierta.arasaac.org\/wp-content\/uploads\/2018\/04\/Los_medios_de_comunicacion_ARASAAC_3-300x213.png 300w, https:\/\/aulaabierta.arasaac.org\/wp-content\/uploads\/2018\/04\/Los_medios_de_comunicacion_ARASAAC_3-768x544.png 768w, https:\/\/aulaabierta.arasaac.org\/wp-content\/uploads\/2018\/04\/Los_medios_de_comunicacion_ARASAAC_3-260x185.png 260w, https:\/\/aulaabierta.arasaac.org\/wp-content\/uploads\/2018\/04\/Los_medios_de_comunicacion_ARASAAC_3-705x500.png 705w, https:\/\/aulaabierta.arasaac.org\/wp-content\/uploads\/2018\/04\/Los_medios_de_comunicacion_ARASAAC_3-450x319.png 450w\" data-sizes=\"(max-width: 810px) 100vw, 810px\" data-rel='gallery-1' data-prev-img='https:\/\/aulaabierta.arasaac.org\/wp-content\/uploads\/2018\/04\/Los_medios_de_comunicacion_ARASAAC_3-495x400.png' class='lightbox ' data-onclick='3' title='Los_medios_de_comunicacion_ARASAAC_3'  itemprop=\"thumbnailUrl\"  ><img decoding=\"async\" class=\"wp-image-33650 avia-img-lazy-loading-not-33650\"   src=\"https:\/\/aulaabierta.arasaac.org\/wp-content\/uploads\/2018\/04\/Los_medios_de_comunicacion_ARASAAC_3-495x400.png\" width=\"495\" height=\"400\"  title='Los_medios_de_comunicacion_ARASAAC_3' alt='' \/><div class='big-prev-fake'><img loading=\"lazy\" decoding=\"async\" class=\"wp-image-33650 avia-img-lazy-loading-33650\"  width=\"495\" height=\"400\" src=\"https:\/\/aulaabierta.arasaac.org\/wp-content\/uploads\/2018\/04\/Los_medios_de_comunicacion_ARASAAC_3-495x400.png\" title='Los_medios_de_comunicacion_ARASAAC_3' alt='' \/><\/div><\/a><a href=\"https:\/\/aulaabierta.arasaac.org\/wp-content\/uploads\/2018\/04\/Los_medios_de_comunicacion_ARASAAC_4.png\" data-srcset=\"https:\/\/aulaabierta.arasaac.org\/wp-content\/uploads\/2018\/04\/Los_medios_de_comunicacion_ARASAAC_4.png 810w, https:\/\/aulaabierta.arasaac.org\/wp-content\/uploads\/2018\/04\/Los_medios_de_comunicacion_ARASAAC_4-300x213.png 300w, https:\/\/aulaabierta.arasaac.org\/wp-content\/uploads\/2018\/04\/Los_medios_de_comunicacion_ARASAAC_4-768x546.png 768w, https:\/\/aulaabierta.arasaac.org\/wp-content\/uploads\/2018\/04\/Los_medios_de_comunicacion_ARASAAC_4-260x185.png 260w, https:\/\/aulaabierta.arasaac.org\/wp-content\/uploads\/2018\/04\/Los_medios_de_comunicacion_ARASAAC_4-705x501.png 705w, https:\/\/aulaabierta.arasaac.org\/wp-content\/uploads\/2018\/04\/Los_medios_de_comunicacion_ARASAAC_4-450x320.png 450w\" data-sizes=\"(max-width: 810px) 100vw, 810px\" data-rel='gallery-1' data-prev-img='https:\/\/aulaabierta.arasaac.org\/wp-content\/uploads\/2018\/04\/Los_medios_de_comunicacion_ARASAAC_4-495x400.png' class='first_thumb lightbox ' data-onclick='4' title='Los_medios_de_comunicacion_ARASAAC_4'  itemprop=\"thumbnailUrl\"  ><img decoding=\"async\" class=\"wp-image-33654 avia-img-lazy-loading-not-33654\"   src=\"https:\/\/aulaabierta.arasaac.org\/wp-content\/uploads\/2018\/04\/Los_medios_de_comunicacion_ARASAAC_4-495x400.png\" width=\"495\" height=\"400\"  title='Los_medios_de_comunicacion_ARASAAC_4' alt='' \/><div class='big-prev-fake'><img loading=\"lazy\" decoding=\"async\" class=\"wp-image-33654 avia-img-lazy-loading-33654\"  width=\"495\" height=\"400\" src=\"https:\/\/aulaabierta.arasaac.org\/wp-content\/uploads\/2018\/04\/Los_medios_de_comunicacion_ARASAAC_4-495x400.png\" title='Los_medios_de_comunicacion_ARASAAC_4' alt='' \/><\/div><\/a><a href=\"https:\/\/aulaabierta.arasaac.org\/wp-content\/uploads\/2018\/04\/Los_medios_de_comunicacion_ARASAAC_5.png\" data-srcset=\"https:\/\/aulaabierta.arasaac.org\/wp-content\/uploads\/2018\/04\/Los_medios_de_comunicacion_ARASAAC_5.png 808w, https:\/\/aulaabierta.arasaac.org\/wp-content\/uploads\/2018\/04\/Los_medios_de_comunicacion_ARASAAC_5-300x213.png 300w, https:\/\/aulaabierta.arasaac.org\/wp-content\/uploads\/2018\/04\/Los_medios_de_comunicacion_ARASAAC_5-768x545.png 768w, https:\/\/aulaabierta.arasaac.org\/wp-content\/uploads\/2018\/04\/Los_medios_de_comunicacion_ARASAAC_5-260x185.png 260w, https:\/\/aulaabierta.arasaac.org\/wp-content\/uploads\/2018\/04\/Los_medios_de_comunicacion_ARASAAC_5-705x500.png 705w, https:\/\/aulaabierta.arasaac.org\/wp-content\/uploads\/2018\/04\/Los_medios_de_comunicacion_ARASAAC_5-450x319.png 450w\" data-sizes=\"(max-width: 808px) 100vw, 808px\" data-rel='gallery-1' data-prev-img='https:\/\/aulaabierta.arasaac.org\/wp-content\/uploads\/2018\/04\/Los_medios_de_comunicacion_ARASAAC_5-495x400.png' class='lightbox ' data-onclick='5' title='Los_medios_de_comunicacion_ARASAAC_5'  itemprop=\"thumbnailUrl\"  ><img decoding=\"async\" class=\"wp-image-33658 avia-img-lazy-loading-not-33658\"   src=\"https:\/\/aulaabierta.arasaac.org\/wp-content\/uploads\/2018\/04\/Los_medios_de_comunicacion_ARASAAC_5-495x400.png\" width=\"495\" height=\"400\"  title='Los_medios_de_comunicacion_ARASAAC_5' alt='' \/><div class='big-prev-fake'><img loading=\"lazy\" decoding=\"async\" class=\"wp-image-33658 avia-img-lazy-loading-33658\"  width=\"495\" height=\"400\" src=\"https:\/\/aulaabierta.arasaac.org\/wp-content\/uploads\/2018\/04\/Los_medios_de_comunicacion_ARASAAC_5-495x400.png\" title='Los_medios_de_comunicacion_ARASAAC_5' alt='' \/><\/div><\/a><a href=\"https:\/\/aulaabierta.arasaac.org\/wp-content\/uploads\/2018\/04\/Los_medios_de_comunicacion_ARASAAC_6.png\" data-srcset=\"https:\/\/aulaabierta.arasaac.org\/wp-content\/uploads\/2018\/04\/Los_medios_de_comunicacion_ARASAAC_6.png 810w, https:\/\/aulaabierta.arasaac.org\/wp-content\/uploads\/2018\/04\/Los_medios_de_comunicacion_ARASAAC_6-300x213.png 300w, https:\/\/aulaabierta.arasaac.org\/wp-content\/uploads\/2018\/04\/Los_medios_de_comunicacion_ARASAAC_6-768x546.png 768w, https:\/\/aulaabierta.arasaac.org\/wp-content\/uploads\/2018\/04\/Los_medios_de_comunicacion_ARASAAC_6-260x185.png 260w, https:\/\/aulaabierta.arasaac.org\/wp-content\/uploads\/2018\/04\/Los_medios_de_comunicacion_ARASAAC_6-705x501.png 705w, https:\/\/aulaabierta.arasaac.org\/wp-content\/uploads\/2018\/04\/Los_medios_de_comunicacion_ARASAAC_6-450x320.png 450w\" data-sizes=\"(max-width: 810px) 100vw, 810px\" data-rel='gallery-1' data-prev-img='https:\/\/aulaabierta.arasaac.org\/wp-content\/uploads\/2018\/04\/Los_medios_de_comunicacion_ARASAAC_6-495x400.png' class='lightbox ' data-onclick='6' title='Los_medios_de_comunicacion_ARASAAC_6'  itemprop=\"thumbnailUrl\"  ><img decoding=\"async\" class=\"wp-image-33662 avia-img-lazy-loading-not-33662\"   src=\"https:\/\/aulaabierta.arasaac.org\/wp-content\/uploads\/2018\/04\/Los_medios_de_comunicacion_ARASAAC_6-495x400.png\" width=\"495\" height=\"400\"  title='Los_medios_de_comunicacion_ARASAAC_6' alt='' \/><div class='big-prev-fake'><img loading=\"lazy\" decoding=\"async\" class=\"wp-image-33662 avia-img-lazy-loading-33662\"  width=\"495\" height=\"400\" src=\"https:\/\/aulaabierta.arasaac.org\/wp-content\/uploads\/2018\/04\/Los_medios_de_comunicacion_ARASAAC_6-495x400.png\" title='Los_medios_de_comunicacion_ARASAAC_6' alt='' \/><\/div><\/a><\/div><\/div>\n<\/div><\/div><\/div><!-- close content main div --><\/div><\/div><div id='av-layout-grid-2'  class='av-layout-grid-container av-cyv0r0-da5b4e4f9f2c1d13c78f3ece187aaa68 entry-content-wrapper main_color av-flex-cells  avia-builder-el-7  el_after_av_gallery  avia-builder-el-last  grid-row-not-first  container_wrap fullsize'  >\n\n<style type=\"text\/css\" data-created_by=\"avia_inline_auto\" id=\"style-css-av-az1xh8-8201a52b3b505a65a00eed8284b56ad9\">\n.flex_cell.av-az1xh8-8201a52b3b505a65a00eed8284b56ad9{\nvertical-align:top;\n}\n.responsive #top #wrap_all .flex_cell.av-az1xh8-8201a52b3b505a65a00eed8284b56ad9{\npadding:30px 30px 30px 30px !important;\n}\n<\/style>\n<div class='flex_cell av-az1xh8-8201a52b3b505a65a00eed8284b56ad9 av-gridrow-cell av_one_fifth no_margin  avia-builder-el-8  el_before_av_cell_one_fifth  avia-builder-el-first ' ><div class='flex_cell_inner'><\/div><\/div>\n<style type=\"text\/css\" data-created_by=\"avia_inline_auto\" id=\"style-css-av-8ick24-c739037e2afefdb4401b24e4703ef422\">\n.flex_cell.av-8ick24-c739037e2afefdb4401b24e4703ef422{\nvertical-align:top;\n}\n.responsive #top #wrap_all .flex_cell.av-8ick24-c739037e2afefdb4401b24e4703ef422{\npadding:30px 30px 30px 30px !important;\n}\n<\/style>\n<div class='flex_cell av-8ick24-c739037e2afefdb4401b24e4703ef422 av-gridrow-cell av_one_fifth no_margin  avia-builder-el-9  el_after_av_cell_one_fifth  el_before_av_cell_one_fifth ' ><div class='flex_cell_inner'><\/div><\/div>\n<style type=\"text\/css\" data-created_by=\"avia_inline_auto\" id=\"style-css-av-82apl8-c1ae85a3684e35d2634b0c69cc83613d\">\n.flex_cell.av-82apl8-c1ae85a3684e35d2634b0c69cc83613d{\nvertical-align:top;\n}\n.responsive #top #wrap_all .flex_cell.av-82apl8-c1ae85a3684e35d2634b0c69cc83613d{\npadding:30px 30px 30px 30px !important;\n}\n<\/style>\n<div class='flex_cell av-82apl8-c1ae85a3684e35d2634b0c69cc83613d av-gridrow-cell av_one_fifth no_margin  avia-builder-el-10  el_after_av_cell_one_fifth  el_before_av_cell_one_fifth ' ><div class='flex_cell_inner'>\n<style type=\"text\/css\" data-created_by=\"avia_inline_auto\" id=\"style-css-av-65asak-ca373f946adb3e521b170088340933d6\">\n.avia-image-container.av-65asak-ca373f946adb3e521b170088340933d6 img.avia_image{\nbox-shadow:none;\n}\n.avia-image-container.av-65asak-ca373f946adb3e521b170088340933d6 .av-image-caption-overlay-center{\ncolor:#ffffff;\n}\n<\/style>\n<div  class='avia-image-container av-65asak-ca373f946adb3e521b170088340933d6 av-styling- avia-align-center  avia-builder-el-11  avia-builder-el-no-sibling '   itemprop=\"image\" itemscope=\"itemscope\" itemtype=\"https:\/\/schema.org\/ImageObject\" ><div class=\"avia-image-container-inner\"><div class=\"avia-image-overlay-wrap\"><a href=\"https:\/\/aulaabierta.arasaac.org\/pt-pt\/materiais-caa\" class='avia_image' ><img decoding=\"async\" class='wp-image-23499 avia-img-lazy-loading-not-23499 avia_image ' src=\"https:\/\/aulaabierta.arasaac.org\/wp-content\/uploads\/2016\/12\/casa-80x80.png\" alt='' title='In\u00edcio'  height=\"80\" width=\"80\"  itemprop=\"thumbnailUrl\" srcset=\"https:\/\/aulaabierta.arasaac.org\/wp-content\/uploads\/2016\/12\/casa-80x80.png 80w, https:\/\/aulaabierta.arasaac.org\/wp-content\/uploads\/2016\/12\/casa-300x300.png 300w, https:\/\/aulaabierta.arasaac.org\/wp-content\/uploads\/2016\/12\/casa-36x36.png 36w, https:\/\/aulaabierta.arasaac.org\/wp-content\/uploads\/2016\/12\/casa-180x180.png 180w, https:\/\/aulaabierta.arasaac.org\/wp-content\/uploads\/2016\/12\/casa-120x120.png 120w, https:\/\/aulaabierta.arasaac.org\/wp-content\/uploads\/2016\/12\/casa-450x450.png 450w, https:\/\/aulaabierta.arasaac.org\/wp-content\/uploads\/2016\/12\/casa.png 500w\" sizes=\"(max-width: 80px) 100vw, 80px\" \/><\/a><\/div><\/div><\/div>\n<\/div><\/div>\n<style type=\"text\/css\" data-created_by=\"avia_inline_auto\" id=\"style-css-av-3p5zm4-0b857ea0b012fb8b59628a1b31d7506a\">\n.flex_cell.av-3p5zm4-0b857ea0b012fb8b59628a1b31d7506a{\nvertical-align:top;\n}\n.responsive #top #wrap_all .flex_cell.av-3p5zm4-0b857ea0b012fb8b59628a1b31d7506a{\npadding:30px 30px 30px 30px !important;\n}\n<\/style>\n<div class='flex_cell av-3p5zm4-0b857ea0b012fb8b59628a1b31d7506a av-gridrow-cell av_one_fifth no_margin  avia-builder-el-12  el_after_av_cell_one_fifth  el_before_av_cell_one_fifth ' ><div class='flex_cell_inner'><\/div><\/div>\n<style type=\"text\/css\" data-created_by=\"avia_inline_auto\" id=\"style-css-av-2e268c-a5a9ed53ea715af558f261ecbda545d6\">\n.flex_cell.av-2e268c-a5a9ed53ea715af558f261ecbda545d6{\nvertical-align:top;\n}\n.responsive #top #wrap_all .flex_cell.av-2e268c-a5a9ed53ea715af558f261ecbda545d6{\npadding:30px 30px 30px 30px !important;\n}\n<\/style>\n<div class='flex_cell av-2e268c-a5a9ed53ea715af558f261ecbda545d6 av-gridrow-cell av_one_fifth no_margin  avia-builder-el-13  el_after_av_cell_one_fifth  avia-builder-el-last ' ><div class='flex_cell_inner'><\/div><\/div>\n<\/div>\n","protected":false},"excerpt":{"rendered":"","protected":false},"author":5,"featured_media":0,"parent":0,"menu_order":0,"comment_status":"closed","ping_status":"closed","template":"","meta":{"om_disable_all_campaigns":false,"_monsterinsights_skip_tracking":false,"_monsterinsights_sitenote_active":false,"_monsterinsights_sitenote_note":"","_monsterinsights_sitenote_category":0,"_uf_show_specific_survey":0,"_uf_disable_surveys":false,"footnotes":""},"class_list":["post-81842","page","type-page","status-publish","hentry"],"aioseo_notices":[],"_links":{"self":[{"href":"https:\/\/aulaabierta.arasaac.org\/pt-pt\/wp-json\/wp\/v2\/pages\/81842","targetHints":{"allow":["GET"]}}],"collection":[{"href":"https:\/\/aulaabierta.arasaac.org\/pt-pt\/wp-json\/wp\/v2\/pages"}],"about":[{"href":"https:\/\/aulaabierta.arasaac.org\/pt-pt\/wp-json\/wp\/v2\/types\/page"}],"author":[{"embeddable":true,"href":"https:\/\/aulaabierta.arasaac.org\/pt-pt\/wp-json\/wp\/v2\/users\/5"}],"replies":[{"embeddable":true,"href":"https:\/\/aulaabierta.arasaac.org\/pt-pt\/wp-json\/wp\/v2\/comments?post=81842"}],"version-history":[{"count":4,"href":"https:\/\/aulaabierta.arasaac.org\/pt-pt\/wp-json\/wp\/v2\/pages\/81842\/revisions"}],"predecessor-version":[{"id":81866,"href":"https:\/\/aulaabierta.arasaac.org\/pt-pt\/wp-json\/wp\/v2\/pages\/81842\/revisions\/81866"}],"wp:attachment":[{"href":"https:\/\/aulaabierta.arasaac.org\/pt-pt\/wp-json\/wp\/v2\/media?parent=81842"}],"curies":[{"name":"wp","href":"https:\/\/api.w.org\/{rel}","templated":true}]}}