{"id":82188,"date":"2017-01-21T07:42:18","date_gmt":"2017-01-21T06:42:18","guid":{"rendered":"https:\/\/aulaabierta.arasaac.org\/picto-selector-1-introduccion"},"modified":"2023-02-09T11:29:13","modified_gmt":"2023-02-09T10:29:13","slug":"picto-selector-1-introducao","status":"publish","type":"page","link":"https:\/\/aulaabierta.arasaac.org\/pt-pt\/picto-selector-1-introducao","title":{"rendered":"Picto Seletor &#8211; 1 &#8211; Introdu\u00e7\u00e3o"},"content":{"rendered":"<div id='av-layout-grid-1'  class='av-layout-grid-container av-pks7mn-3d234dbab4c37107565fae9a8589d010 entry-content-wrapper alternate_color av-border-cells av-flex-cells  avia-builder-el-0  el_before_av_textblock  avia-builder-el-first   container_wrap fullsize'  >\n\n<style type=\"text\/css\" data-created_by=\"avia_inline_auto\" id=\"style-css-av-ndb233-19732d57431be3216d919d1144b611dc\">\n.flex_cell.av-ndb233-19732d57431be3216d919d1144b611dc{\nvertical-align:top;\n}\n.responsive #top #wrap_all .flex_cell.av-ndb233-19732d57431be3216d919d1144b611dc{\npadding:30px 30px 30px 30px !important;\n}\n<\/style>\n<div class='flex_cell av-ndb233-19732d57431be3216d919d1144b611dc av-gridrow-cell av_one_fifth no_margin  avia-builder-el-1  el_before_av_cell_four_fifth  avia-builder-el-first ' ><div class='flex_cell_inner'>\n<style type=\"text\/css\" data-created_by=\"avia_inline_auto\" id=\"style-css-av-n1rodr-121bdac63eb7ed89b0fe05bb985476cf\">\n.avia-image-container.av-n1rodr-121bdac63eb7ed89b0fe05bb985476cf img.avia_image{\nbox-shadow:none;\n}\n.avia-image-container.av-n1rodr-121bdac63eb7ed89b0fe05bb985476cf .av-caption-image-overlay-bg{\nopacity:0.4;\nbackground-color:#444444;\n}\n.avia-image-container.av-n1rodr-121bdac63eb7ed89b0fe05bb985476cf .av-image-caption-overlay-center{\ncolor:#ffffff;\n}\n<\/style>\n<div  class='avia-image-container av-n1rodr-121bdac63eb7ed89b0fe05bb985476cf av-styling- avia-align-left  avia-builder-el-2  avia-builder-el-no-sibling  noHover av-overlay-on-hover'   itemprop=\"image\" itemscope=\"itemscope\" itemtype=\"https:\/\/schema.org\/ImageObject\" ><div class=\"avia-image-container-inner\"><div class=\"avia-image-overlay-wrap\"><a href=\"https:\/\/aulaabierta.arasaac.org\/pt-pt\/picto-selector-inicio-pt\" class='avia_image' ><div class=\"av-image-caption-overlay\"><div class=\"av-caption-image-overlay-bg\"><\/div><div class=\"av-image-caption-overlay-position\"><div class=\"av-image-caption-overlay-center\"><p>De volta ao topo<\/p>\n<\/div><\/div><\/div><img decoding=\"async\" class='wp-image-23553 avia-img-lazy-loading-not-23553 avia_image ' src=\"https:\/\/aulaabierta.arasaac.org\/wp-content\/uploads\/2016\/12\/ordenador_pictoselector-300x300.png\" alt='' title='ordenador_pictoselector'  height=\"300\" width=\"300\"  itemprop=\"thumbnailUrl\" srcset=\"https:\/\/aulaabierta.arasaac.org\/wp-content\/uploads\/2016\/12\/ordenador_pictoselector-300x300.png 300w, https:\/\/aulaabierta.arasaac.org\/wp-content\/uploads\/2016\/12\/ordenador_pictoselector-80x80.png 80w, https:\/\/aulaabierta.arasaac.org\/wp-content\/uploads\/2016\/12\/ordenador_pictoselector-36x36.png 36w, https:\/\/aulaabierta.arasaac.org\/wp-content\/uploads\/2016\/12\/ordenador_pictoselector-180x180.png 180w, https:\/\/aulaabierta.arasaac.org\/wp-content\/uploads\/2016\/12\/ordenador_pictoselector-120x120.png 120w, https:\/\/aulaabierta.arasaac.org\/wp-content\/uploads\/2016\/12\/ordenador_pictoselector-450x450.png 450w, https:\/\/aulaabierta.arasaac.org\/wp-content\/uploads\/2016\/12\/ordenador_pictoselector.png 500w\" sizes=\"(max-width: 300px) 100vw, 300px\" \/><\/a><\/div><\/div><\/div>\n<\/div><\/div>\n<style type=\"text\/css\" data-created_by=\"avia_inline_auto\" id=\"style-css-av-k3f0lb-54957bb32627b806d8c03a01b95116af\">\n.flex_cell.av-k3f0lb-54957bb32627b806d8c03a01b95116af{\nvertical-align:middle;\n}\n.responsive #top #wrap_all .flex_cell.av-k3f0lb-54957bb32627b806d8c03a01b95116af{\npadding:30px 30px 30px 30px !important;\n}\n<\/style>\n<div class='flex_cell av-k3f0lb-54957bb32627b806d8c03a01b95116af av-gridrow-cell av_four_fifth no_margin  avia-builder-el-3  el_after_av_cell_one_fifth  avia-builder-el-last ' ><div class='flex_cell_inner'>\n<style type=\"text\/css\" data-created_by=\"avia_inline_auto\" id=\"style-css-av-jongsf-4a0bbaafab17a53a0e9da541ad8f0174\">\n#top .av-special-heading.av-jongsf-4a0bbaafab17a53a0e9da541ad8f0174{\npadding-bottom:0;\n}\nbody .av-special-heading.av-jongsf-4a0bbaafab17a53a0e9da541ad8f0174 .av-special-heading-tag .heading-char{\nfont-size:25px;\n}\n#top #wrap_all .av-special-heading.av-jongsf-4a0bbaafab17a53a0e9da541ad8f0174 .av-special-heading-tag{\nfont-size:26px;\n}\n.av-special-heading.av-jongsf-4a0bbaafab17a53a0e9da541ad8f0174 .av-subheading{\nfont-size:15px;\n}\n<\/style>\n<div  class='av-special-heading av-jongsf-4a0bbaafab17a53a0e9da541ad8f0174 av-special-heading-h2  avia-builder-el-4  avia-builder-el-no-sibling '><h2 class='av-special-heading-tag'  itemprop=\"headline\"  >1. INTRODU\u00c7\u00c3O<\/h2><div class=\"special-heading-border\"><div class=\"special-heading-inner-border\"><\/div><\/div><\/div>\n<\/div><\/div>\n<\/div><div id='after_grid_row_1'  class='main_color av_default_container_wrap container_wrap fullsize'  ><div class='container av-section-cont-open' ><div class='template-page content  av-content-full alpha units'><div class='post-entry post-entry-type-page post-entry-82188'><div class='entry-content-wrapper clearfix'>\n\n<style type=\"text\/css\" data-created_by=\"avia_inline_auto\" id=\"style-css-av-gxosm7-44bc2b4932318257adc0c49e8b921691\">\n#top .av_textblock_section.av-gxosm7-44bc2b4932318257adc0c49e8b921691 .avia_textblock{\nfont-size:16px;\n}\n<\/style>\n<section  class='av_textblock_section av-gxosm7-44bc2b4932318257adc0c49e8b921691'  itemscope=\"itemscope\" itemtype=\"https:\/\/schema.org\/CreativeWork\" ><div class='avia_textblock'  itemprop=\"text\" ><h6 style=\"text-align: center;\"><strong><img loading=\"lazy\" decoding=\"async\" class=\"aligncenter size-full wp-image-932\" src=\"https:\/\/aulaabierta.arasaac.org\/wp-content\/uploads\/2016\/12\/by-nc-sa.eu_petit.png\" alt=\"\" width=\"118\" height=\"41\">Este trabalho \u00e9 licenciado sob uma <a href=\"http:\/\/creativecommons.org\/licenses\/by-nc-sa\/4.0\/\" rel=\"license\">licen\u00e7a internacional Creative Commons Attribution-NonCommercial-ShareAlike 4.0 International.<\/a><\/strong><\/h6>\n<hr>\n<p><strong>Picto Selector<\/strong>\u00e9 uma aplica\u00e7\u00e3o para sistemas operativos<strong>Windows<\/strong> e desenhada para facilitar a <strong>selec\u00e7\u00e3o e impress\u00e3o de quadros de comunica\u00e7\u00e3o<\/strong> com <strong>pictogramas, imagens e fotografias<\/strong>.<\/p>\n<p><img loading=\"lazy\" decoding=\"async\" class=\"aligncenter size-large wp-image-2983\" src=\"https:\/\/aulaabierta.arasaac.org\/wp-content\/uploads\/2017\/01\/Picto-Selector-0-1-1030x550.jpg\" alt=\"\" width=\"1030\" height=\"550\" srcset=\"https:\/\/aulaabierta.arasaac.org\/wp-content\/uploads\/2017\/01\/Picto-Selector-0-1-1030x550.jpg 1030w, https:\/\/aulaabierta.arasaac.org\/wp-content\/uploads\/2017\/01\/Picto-Selector-0-1-300x160.jpg 300w, https:\/\/aulaabierta.arasaac.org\/wp-content\/uploads\/2017\/01\/Picto-Selector-0-1-768x410.jpg 768w, https:\/\/aulaabierta.arasaac.org\/wp-content\/uploads\/2017\/01\/Picto-Selector-0-1-705x376.jpg 705w, https:\/\/aulaabierta.arasaac.org\/wp-content\/uploads\/2017\/01\/Picto-Selector-0-1-450x240.jpg 450w, https:\/\/aulaabierta.arasaac.org\/wp-content\/uploads\/2017\/01\/Picto-Selector-0-1.jpg 1366w\" sizes=\"auto, (max-width: 1030px) 100vw, 1030px\" \/><\/p>\n<p>A aplica\u00e7\u00e3o incorpora <strong>mais de 35.000 pictogramas<\/strong>,incluindo toda a base de dados de pictogramas <a href=\"http:\/\/www.arasaac.org\/\"><strong>ARASAAC,<\/strong><\/a>com a sua tradu\u00e7\u00e3o correspondente <strong>em diferentes l\u00ednguas:<\/strong>espanhol, ingl\u00eas, holand\u00eas, alem\u00e3o, franc\u00eas, italiano, portugu\u00eas, dinamarqu\u00eas, etc.<\/p>\n<p>A <strong>facilidade de uso<\/strong> do aplicativo simplifica o processo de<strong>adapta\u00e7\u00e3o e desenvolvimento de materiais<\/strong> relacionados \u00e0 comunica\u00e7\u00e3o aumentativa; <strong>placas de comunica\u00e7\u00e3o<\/strong>, <strong>rotinas<\/strong>, <strong>hor\u00e1rios<\/strong>, <strong>antecipa\u00e7\u00e3o<\/strong>, <strong>mapas conceituais<\/strong>, etc.<\/p>\n<\/div><\/section>\n<\/div><\/div><\/div><!-- close content main div --><\/div><\/div><div id='av-layout-grid-2'  class='av-layout-grid-container av-famlen-910b338c46ee88a62fe494683459b69f entry-content-wrapper main_color av-border-top-bottom av-flex-cells  avia-builder-el-6  el_after_av_textblock  avia-builder-el-last  grid-row-not-first  container_wrap fullsize'  >\n\n<style type=\"text\/css\" data-created_by=\"avia_inline_auto\" id=\"style-css-av-ecd3jj-68ad547df9e6c674446d0d6e17ce5f6a\">\n.flex_cell.av-ecd3jj-68ad547df9e6c674446d0d6e17ce5f6a{\nvertical-align:top;\n}\n.responsive #top #wrap_all .flex_cell.av-ecd3jj-68ad547df9e6c674446d0d6e17ce5f6a{\npadding:30px 30px 30px 30px !important;\n}\n<\/style>\n<div class='flex_cell av-ecd3jj-68ad547df9e6c674446d0d6e17ce5f6a av-gridrow-cell av_one_fifth no_margin  avia-builder-el-7  el_before_av_cell_one_fifth  avia-builder-el-first ' ><div class='flex_cell_inner'>\n<style type=\"text\/css\" data-created_by=\"avia_inline_auto\" id=\"style-css-av-d07run-5f8eb0aa6b54b05660323415c92b1dc2\">\n.avia-image-container.av-d07run-5f8eb0aa6b54b05660323415c92b1dc2 img.avia_image{\nbox-shadow:none;\n}\n.avia-image-container.av-d07run-5f8eb0aa6b54b05660323415c92b1dc2 .av-image-caption-overlay-center{\ncolor:#ffffff;\n}\n<\/style>\n<div  class='avia-image-container av-d07run-5f8eb0aa6b54b05660323415c92b1dc2 av-styling- avia-align-center  avia-builder-el-8  avia-builder-el-no-sibling '   itemprop=\"image\" itemscope=\"itemscope\" itemtype=\"https:\/\/schema.org\/ImageObject\" ><div class=\"avia-image-container-inner\"><div class=\"avia-image-overlay-wrap\"><a href=\"https:\/\/aulaabierta.arasaac.org\/pt-pt\/picto-selector-inicio-pt\" class='avia_image' ><img decoding=\"async\" class='wp-image-23493 avia-img-lazy-loading-not-23493 avia_image ' src=\"https:\/\/aulaabierta.arasaac.org\/wp-content\/uploads\/2016\/12\/before-80x80.png\" alt='' title='before'  height=\"80\" width=\"80\"  itemprop=\"thumbnailUrl\" srcset=\"https:\/\/aulaabierta.arasaac.org\/wp-content\/uploads\/2016\/12\/before-80x80.png 80w, https:\/\/aulaabierta.arasaac.org\/wp-content\/uploads\/2016\/12\/before-36x36.png 36w, https:\/\/aulaabierta.arasaac.org\/wp-content\/uploads\/2016\/12\/before-120x120.png 120w, https:\/\/aulaabierta.arasaac.org\/wp-content\/uploads\/2016\/12\/before.png 128w\" sizes=\"(max-width: 80px) 100vw, 80px\" \/><\/a><\/div><\/div><\/div>\n<\/div><\/div>\n<style type=\"text\/css\" data-created_by=\"avia_inline_auto\" id=\"style-css-av-b2k9sf-1ba5f3f646f045fae3ce4191d7da498f\">\n.flex_cell.av-b2k9sf-1ba5f3f646f045fae3ce4191d7da498f{\nvertical-align:top;\n}\n.responsive #top #wrap_all .flex_cell.av-b2k9sf-1ba5f3f646f045fae3ce4191d7da498f{\npadding:30px 30px 30px 30px !important;\n}\n<\/style>\n<div class='flex_cell av-b2k9sf-1ba5f3f646f045fae3ce4191d7da498f av-gridrow-cell av_one_fifth no_margin  avia-builder-el-9  el_after_av_cell_one_fifth  el_before_av_cell_one_fifth ' ><div class='flex_cell_inner'><\/div><\/div>\n<style type=\"text\/css\" data-created_by=\"avia_inline_auto\" id=\"style-css-av-94s1z3-5e139633697754ed2ed3c43955ac0092\">\n.flex_cell.av-94s1z3-5e139633697754ed2ed3c43955ac0092{\nvertical-align:top;\n}\n.responsive #top #wrap_all .flex_cell.av-94s1z3-5e139633697754ed2ed3c43955ac0092{\npadding:30px 30px 30px 30px !important;\n}\n<\/style>\n<div class='flex_cell av-94s1z3-5e139633697754ed2ed3c43955ac0092 av-gridrow-cell av_one_fifth no_margin  avia-builder-el-10  el_after_av_cell_one_fifth  el_before_av_cell_one_fifth ' ><div class='flex_cell_inner'>\n<style type=\"text\/css\" data-created_by=\"avia_inline_auto\" id=\"style-css-av-73airz-6f714c6a53121ce53e4dc03ed3c6051b\">\n.avia-image-container.av-73airz-6f714c6a53121ce53e4dc03ed3c6051b img.avia_image{\nbox-shadow:none;\n}\n.avia-image-container.av-73airz-6f714c6a53121ce53e4dc03ed3c6051b .av-image-caption-overlay-center{\ncolor:#ffffff;\n}\n<\/style>\n<div  class='avia-image-container av-73airz-6f714c6a53121ce53e4dc03ed3c6051b av-styling- avia-align-center  avia-builder-el-11  avia-builder-el-no-sibling '   itemprop=\"image\" itemscope=\"itemscope\" itemtype=\"https:\/\/schema.org\/ImageObject\" ><div class=\"avia-image-container-inner\"><div class=\"avia-image-overlay-wrap\"><a href=\"https:\/\/aulaabierta.arasaac.org\/pt-pt\/picto-selector-inicio-pt\" class='avia_image' ><img decoding=\"async\" class='wp-image-23499 avia-img-lazy-loading-not-23499 avia_image ' src=\"https:\/\/aulaabierta.arasaac.org\/wp-content\/uploads\/2016\/12\/casa-80x80.png\" alt='' title='In\u00edcio'  height=\"80\" width=\"80\"  itemprop=\"thumbnailUrl\" srcset=\"https:\/\/aulaabierta.arasaac.org\/wp-content\/uploads\/2016\/12\/casa-80x80.png 80w, https:\/\/aulaabierta.arasaac.org\/wp-content\/uploads\/2016\/12\/casa-300x300.png 300w, https:\/\/aulaabierta.arasaac.org\/wp-content\/uploads\/2016\/12\/casa-36x36.png 36w, https:\/\/aulaabierta.arasaac.org\/wp-content\/uploads\/2016\/12\/casa-180x180.png 180w, https:\/\/aulaabierta.arasaac.org\/wp-content\/uploads\/2016\/12\/casa-120x120.png 120w, https:\/\/aulaabierta.arasaac.org\/wp-content\/uploads\/2016\/12\/casa-450x450.png 450w, https:\/\/aulaabierta.arasaac.org\/wp-content\/uploads\/2016\/12\/casa.png 500w\" sizes=\"(max-width: 80px) 100vw, 80px\" \/><\/a><\/div><\/div><\/div>\n<\/div><\/div>\n<style type=\"text\/css\" data-created_by=\"avia_inline_auto\" id=\"style-css-av-6cbdcv-231720919eaf851573da4c63b5a0de0c\">\n.flex_cell.av-6cbdcv-231720919eaf851573da4c63b5a0de0c{\nvertical-align:top;\n}\n.responsive #top #wrap_all .flex_cell.av-6cbdcv-231720919eaf851573da4c63b5a0de0c{\npadding:30px 30px 30px 30px !important;\n}\n<\/style>\n<div class='flex_cell av-6cbdcv-231720919eaf851573da4c63b5a0de0c av-gridrow-cell av_one_fifth no_margin  avia-builder-el-12  el_after_av_cell_one_fifth  el_before_av_cell_one_fifth ' ><div class='flex_cell_inner'><\/div><\/div>\n<style type=\"text\/css\" data-created_by=\"avia_inline_auto\" id=\"style-css-av-cu63j-edccb847f49c095dcd98d99895fa77e4\">\n.flex_cell.av-cu63j-edccb847f49c095dcd98d99895fa77e4{\nvertical-align:top;\n}\n.responsive #top #wrap_all .flex_cell.av-cu63j-edccb847f49c095dcd98d99895fa77e4{\npadding:30px 30px 30px 30px !important;\n}\n<\/style>\n<div class='flex_cell av-cu63j-edccb847f49c095dcd98d99895fa77e4 av-gridrow-cell av_one_fifth no_margin  avia-builder-el-13  el_after_av_cell_one_fifth  avia-builder-el-last ' ><div class='flex_cell_inner'>\n<style type=\"text\/css\" data-created_by=\"avia_inline_auto\" id=\"style-css-av-210g7j-9d541ace4a38b9b10a7327a13c58d650\">\n.avia-image-container.av-210g7j-9d541ace4a38b9b10a7327a13c58d650 img.avia_image{\nbox-shadow:none;\n}\n.avia-image-container.av-210g7j-9d541ace4a38b9b10a7327a13c58d650 .av-image-caption-overlay-center{\ncolor:#ffffff;\n}\n<\/style>\n<div  class='avia-image-container av-210g7j-9d541ace4a38b9b10a7327a13c58d650 av-styling- avia-align-center  avia-builder-el-14  avia-builder-el-no-sibling '   itemprop=\"image\" itemscope=\"itemscope\" itemtype=\"https:\/\/schema.org\/ImageObject\" ><div class=\"avia-image-container-inner\"><div class=\"avia-image-overlay-wrap\"><a href=\"https:\/\/aulaabierta.arasaac.org\/pt-pt\/picto-selector-2-instalacao\" class='avia_image' ><img decoding=\"async\" class='wp-image-23496 avia-img-lazy-loading-not-23496 avia_image ' src=\"https:\/\/aulaabierta.arasaac.org\/wp-content\/uploads\/2016\/12\/next-80x80.png\" alt='' title='next'  height=\"80\" width=\"80\"  itemprop=\"thumbnailUrl\" srcset=\"https:\/\/aulaabierta.arasaac.org\/wp-content\/uploads\/2016\/12\/next-80x80.png 80w, https:\/\/aulaabierta.arasaac.org\/wp-content\/uploads\/2016\/12\/next-36x36.png 36w, https:\/\/aulaabierta.arasaac.org\/wp-content\/uploads\/2016\/12\/next-120x120.png 120w, https:\/\/aulaabierta.arasaac.org\/wp-content\/uploads\/2016\/12\/next.png 128w\" sizes=\"(max-width: 80px) 100vw, 80px\" \/><\/a><\/div><\/div><\/div>\n<\/div><\/div>\n<\/div>\n","protected":false},"excerpt":{"rendered":"","protected":false},"author":5,"featured_media":23553,"parent":0,"menu_order":0,"comment_status":"closed","ping_status":"closed","template":"","meta":{"om_disable_all_campaigns":false,"_monsterinsights_skip_tracking":false,"_monsterinsights_sitenote_active":false,"_monsterinsights_sitenote_note":"","_monsterinsights_sitenote_category":0,"_uf_show_specific_survey":0,"_uf_disable_surveys":false,"footnotes":""},"class_list":["post-82188","page","type-page","status-publish","has-post-thumbnail","hentry"],"aioseo_notices":[],"_links":{"self":[{"href":"https:\/\/aulaabierta.arasaac.org\/pt-pt\/wp-json\/wp\/v2\/pages\/82188","targetHints":{"allow":["GET"]}}],"collection":[{"href":"https:\/\/aulaabierta.arasaac.org\/pt-pt\/wp-json\/wp\/v2\/pages"}],"about":[{"href":"https:\/\/aulaabierta.arasaac.org\/pt-pt\/wp-json\/wp\/v2\/types\/page"}],"author":[{"embeddable":true,"href":"https:\/\/aulaabierta.arasaac.org\/pt-pt\/wp-json\/wp\/v2\/users\/5"}],"replies":[{"embeddable":true,"href":"https:\/\/aulaabierta.arasaac.org\/pt-pt\/wp-json\/wp\/v2\/comments?post=82188"}],"version-history":[{"count":17,"href":"https:\/\/aulaabierta.arasaac.org\/pt-pt\/wp-json\/wp\/v2\/pages\/82188\/revisions"}],"predecessor-version":[{"id":136921,"href":"https:\/\/aulaabierta.arasaac.org\/pt-pt\/wp-json\/wp\/v2\/pages\/82188\/revisions\/136921"}],"wp:featuredmedia":[{"embeddable":true,"href":"https:\/\/aulaabierta.arasaac.org\/pt-pt\/wp-json\/wp\/v2\/media\/23553"}],"wp:attachment":[{"href":"https:\/\/aulaabierta.arasaac.org\/pt-pt\/wp-json\/wp\/v2\/media?parent=82188"}],"curies":[{"name":"wp","href":"https:\/\/api.w.org\/{rel}","templated":true}]}}