{"id":82383,"date":"2017-01-29T08:05:42","date_gmt":"2017-01-29T07:05:42","guid":{"rendered":"https:\/\/aulaabierta.arasaac.org\/picto-selector-12-pictograma-de-codigo-qr"},"modified":"2023-02-09T11:29:15","modified_gmt":"2023-02-09T10:29:15","slug":"picto-selector-12-qr-code-pictograma-pt","status":"publish","type":"page","link":"https:\/\/aulaabierta.arasaac.org\/pt-pt\/picto-selector-12-qr-code-pictograma-pt","title":{"rendered":"Picto Selector &#8211; 12 &#8211; Pictograma de c\u00f3digo QR"},"content":{"rendered":"<div id='av-layout-grid-1'  class='av-layout-grid-container av-av_layout_row-cf0131907da0bd4ef305776fbd0391d0 entry-content-wrapper alternate_color av-border-cells av-flex-cells  avia-builder-el-0  el_before_av_textblock  avia-builder-el-first   container_wrap fullsize'  >\n\n<style type=\"text\/css\" data-created_by=\"avia_inline_auto\" id=\"style-css-av-av_cell_one_fifth-5227a743201b625eadc00b27db60eab9\">\n.flex_cell.av-av_cell_one_fifth-5227a743201b625eadc00b27db60eab9{\nvertical-align:top;\n}\n.responsive #top #wrap_all .flex_cell.av-av_cell_one_fifth-5227a743201b625eadc00b27db60eab9{\npadding:30px 30px 30px 30px !important;\n}\n<\/style>\n<div class='flex_cell av-av_cell_one_fifth-5227a743201b625eadc00b27db60eab9 av-gridrow-cell av_one_fifth no_margin  avia-builder-el-1  el_before_av_cell_four_fifth  avia-builder-el-first ' ><div class='flex_cell_inner'>\n<style type=\"text\/css\" data-created_by=\"avia_inline_auto\" id=\"style-css-av-av_image-2ee88055896cc0b48eba6df788c22ac3\">\n.avia-image-container.av-av_image-2ee88055896cc0b48eba6df788c22ac3 img.avia_image{\nbox-shadow:none;\n}\n.avia-image-container.av-av_image-2ee88055896cc0b48eba6df788c22ac3 .av-caption-image-overlay-bg{\nopacity:0.4;\nbackground-color:#444444;\n}\n.avia-image-container.av-av_image-2ee88055896cc0b48eba6df788c22ac3 .av-image-caption-overlay-center{\ncolor:#ffffff;\n}\n<\/style>\n<div  class='avia-image-container av-av_image-2ee88055896cc0b48eba6df788c22ac3 av-styling- avia-align-left  avia-builder-el-2  avia-builder-el-no-sibling  noHover av-overlay-on-hover'   itemprop=\"image\" itemscope=\"itemscope\" itemtype=\"https:\/\/schema.org\/ImageObject\" ><div class=\"avia-image-container-inner\"><div class=\"avia-image-overlay-wrap\"><a href=\"https:\/\/aulaabierta.arasaac.org\/pt-pt\/picto-selector-inicio-pt\" class='avia_image' ><div class=\"av-image-caption-overlay\"><div class=\"av-caption-image-overlay-bg\"><\/div><div class=\"av-image-caption-overlay-position\"><div class=\"av-image-caption-overlay-center\"><p>De volta ao topo<\/p>\n<\/div><\/div><\/div><img decoding=\"async\" class='wp-image-23553 avia-img-lazy-loading-not-23553 avia_image ' src=\"https:\/\/aulaabierta.arasaac.org\/wp-content\/uploads\/2016\/12\/ordenador_pictoselector-300x300.png\" alt='' title='ordenador_pictoselector'  height=\"300\" width=\"300\"  itemprop=\"thumbnailUrl\" srcset=\"https:\/\/aulaabierta.arasaac.org\/wp-content\/uploads\/2016\/12\/ordenador_pictoselector-300x300.png 300w, https:\/\/aulaabierta.arasaac.org\/wp-content\/uploads\/2016\/12\/ordenador_pictoselector-80x80.png 80w, https:\/\/aulaabierta.arasaac.org\/wp-content\/uploads\/2016\/12\/ordenador_pictoselector-36x36.png 36w, https:\/\/aulaabierta.arasaac.org\/wp-content\/uploads\/2016\/12\/ordenador_pictoselector-180x180.png 180w, https:\/\/aulaabierta.arasaac.org\/wp-content\/uploads\/2016\/12\/ordenador_pictoselector-120x120.png 120w, https:\/\/aulaabierta.arasaac.org\/wp-content\/uploads\/2016\/12\/ordenador_pictoselector-450x450.png 450w, https:\/\/aulaabierta.arasaac.org\/wp-content\/uploads\/2016\/12\/ordenador_pictoselector.png 500w\" sizes=\"(max-width: 300px) 100vw, 300px\" \/><\/a><\/div><\/div><\/div>\n<\/div><\/div>\n<style type=\"text\/css\" data-created_by=\"avia_inline_auto\" id=\"style-css-av-av_cell_four_fifth-51bfb5260486183706b211b34d210c4f\">\n.flex_cell.av-av_cell_four_fifth-51bfb5260486183706b211b34d210c4f{\nvertical-align:middle;\n}\n.responsive #top #wrap_all .flex_cell.av-av_cell_four_fifth-51bfb5260486183706b211b34d210c4f{\npadding:30px 30px 30px 30px !important;\n}\n<\/style>\n<div class='flex_cell av-av_cell_four_fifth-51bfb5260486183706b211b34d210c4f av-gridrow-cell av_four_fifth no_margin  avia-builder-el-3  el_after_av_cell_one_fifth  avia-builder-el-last ' ><div class='flex_cell_inner'>\n<style type=\"text\/css\" data-created_by=\"avia_inline_auto\" id=\"style-css-av-av_heading-6af45e9fd948293dc550bea987f8dc88\">\n#top .av-special-heading.av-av_heading-6af45e9fd948293dc550bea987f8dc88{\npadding-bottom:0;\n}\nbody .av-special-heading.av-av_heading-6af45e9fd948293dc550bea987f8dc88 .av-special-heading-tag .heading-char{\nfont-size:25px;\n}\n#top #wrap_all .av-special-heading.av-av_heading-6af45e9fd948293dc550bea987f8dc88 .av-special-heading-tag{\nfont-size:26px;\n}\n.av-special-heading.av-av_heading-6af45e9fd948293dc550bea987f8dc88 .av-subheading{\nfont-size:15px;\n}\n<\/style>\n<div  class='av-special-heading av-av_heading-6af45e9fd948293dc550bea987f8dc88 av-special-heading-h2  avia-builder-el-4  avia-builder-el-no-sibling '><h2 class='av-special-heading-tag'  itemprop=\"headline\"  >12. PICTOGRAMA DE C\u00d3DIGO QR<\/h2><div class=\"special-heading-border\"><div class=\"special-heading-inner-border\"><\/div><\/div><\/div>\n<\/div><\/div>\n<\/div><div id='after_grid_row_1'  class='main_color av_default_container_wrap container_wrap fullsize'  ><div class='container av-section-cont-open' ><div class='template-page content  av-content-full alpha units'><div class='post-entry post-entry-type-page post-entry-82383'><div class='entry-content-wrapper clearfix'>\n<section  class='av_textblock_section av-av_textblock-0366cc7376be6c9e82a3e9cc8987b64f'  itemscope=\"itemscope\" itemtype=\"https:\/\/schema.org\/CreativeWork\" ><div class='avia_textblock'  itemprop=\"text\" ><h6 style=\"text-align: center;\"><strong><img loading=\"lazy\" decoding=\"async\" class=\"aligncenter size-full wp-image-932\" src=\"https:\/\/aulaabierta.arasaac.org\/wp-content\/uploads\/2016\/12\/by-nc-sa.eu_petit.png\" alt=\"\" width=\"118\" height=\"41\" \/>Este obra est\u00e1 bajo una <a href=\"http:\/\/creativecommons.org\/licenses\/by-nc-sa\/4.0\/\" rel=\"license\">licencia de Creative Commons Reconocimiento-NoComercial-CompartirIgual 4.0 Internacional<\/a>.<\/strong><\/h6>\n<hr \/>\n<\/div><\/section>\n\n<style type=\"text\/css\" data-created_by=\"avia_inline_auto\" id=\"style-css-av-av_heading-0e5a13f0f82acd4fb3921b465ef48fc3\">\n#top .av-special-heading.av-av_heading-0e5a13f0f82acd4fb3921b465ef48fc3{\npadding-bottom:10px;\n}\nbody .av-special-heading.av-av_heading-0e5a13f0f82acd4fb3921b465ef48fc3 .av-special-heading-tag .heading-char{\nfont-size:25px;\n}\n.av-special-heading.av-av_heading-0e5a13f0f82acd4fb3921b465ef48fc3 .av-subheading{\nfont-size:15px;\n}\n<\/style>\n<div  class='av-special-heading av-av_heading-0e5a13f0f82acd4fb3921b465ef48fc3 av-special-heading-h3  avia-builder-el-6  el_after_av_textblock  el_before_av_video '><h3 class='av-special-heading-tag'  itemprop=\"headline\"  >Tutorial de v\u00eddeo<\/h3><div class=\"special-heading-border\"><div class=\"special-heading-inner-border\"><\/div><\/div><\/div>\n<div  class='avia-video av-av_video-81c5d96b0535aa5cf6489b3561cc43cc avia-video-16-9 av-no-preview-image avia-video-load-always av-lazyload-immediate av-lazyload-video-embed'  itemprop=\"video\" itemtype=\"https:\/\/schema.org\/VideoObject\"  data-original_url='https:\/\/youtu.be\/8grkd7y3NtY'><script type='text\/html' class='av-video-tmpl'><div class='avia-iframe-wrap'><iframe loading=\"lazy\" title=\"PictoSelector - Codigos QR\" width=\"1500\" height=\"844\" src=\"https:\/\/www.youtube.com\/embed\/8grkd7y3NtY?feature=oembed&autoplay=0&loop=0&controls=1&mute=0\" frameborder=\"0\" allow=\"accelerometer; autoplay; clipboard-write; encrypted-media; gyroscope; picture-in-picture\" allowfullscreen><\/iframe><\/div><\/script><div class='av-click-to-play-overlay'><div class=\"avia_playpause_icon\"><\/div><\/div><\/div>\n\n<style type=\"text\/css\" data-created_by=\"avia_inline_auto\" id=\"style-css-av-av_heading-4622dc87a0aaff0f89ef4cdd087565fe\">\n#top .av-special-heading.av-av_heading-4622dc87a0aaff0f89ef4cdd087565fe{\npadding-bottom:10px;\n}\nbody .av-special-heading.av-av_heading-4622dc87a0aaff0f89ef4cdd087565fe .av-special-heading-tag .heading-char{\nfont-size:25px;\n}\n.av-special-heading.av-av_heading-4622dc87a0aaff0f89ef4cdd087565fe .av-subheading{\nfont-size:15px;\n}\n<\/style>\n<div  class='av-special-heading av-av_heading-4622dc87a0aaff0f89ef4cdd087565fe av-special-heading-h3  avia-builder-el-8  el_after_av_video  el_before_av_textblock '><h3 class='av-special-heading-tag'  itemprop=\"headline\"  >Tutorial<\/h3><div class=\"special-heading-border\"><div class=\"special-heading-inner-border\"><\/div><\/div><\/div>\n\n<style type=\"text\/css\" data-created_by=\"avia_inline_auto\" id=\"style-css-av-av_textblock-fae8699d538200a543ba402659dba9b0\">\n#top .av_textblock_section.av-av_textblock-fae8699d538200a543ba402659dba9b0 .avia_textblock{\nfont-size:16px;\n}\n<\/style>\n<section  class='av_textblock_section av-av_textblock-fae8699d538200a543ba402659dba9b0'  itemscope=\"itemscope\" itemtype=\"https:\/\/schema.org\/CreativeWork\" ><div class='avia_textblock'  itemprop=\"text\" ><p>Continuamos avan\u00e7ando no conhecimento dos pictogramas que o <strong>Picto Selector<\/strong> incorpora em sua galeria e, nesta ocasi\u00e3o, falamos de um tipo de pictograma que, quando voc\u00ea sabe us\u00e1-lo, pode ser muito interessante para voc\u00ea realizar atividades recreativas. e atividades motivadoras. Este \u00e9 o pictograma do <strong>QR Code<\/strong>.<\/p>\n<p><img loading=\"lazy\" decoding=\"async\" class=\"aligncenter size-full wp-image-3454\" src=\"https:\/\/aulaabierta.arasaac.org\/wp-content\/uploads\/2017\/01\/Picto-Selector-43.jpg\" alt=\"\" width=\"765\" height=\"178\" srcset=\"https:\/\/aulaabierta.arasaac.org\/wp-content\/uploads\/2017\/01\/Picto-Selector-43.jpg 765w, https:\/\/aulaabierta.arasaac.org\/wp-content\/uploads\/2017\/01\/Picto-Selector-43-300x70.jpg 300w, https:\/\/aulaabierta.arasaac.org\/wp-content\/uploads\/2017\/01\/Picto-Selector-43-705x164.jpg 705w, https:\/\/aulaabierta.arasaac.org\/wp-content\/uploads\/2017\/01\/Picto-Selector-43-450x105.jpg 450w\" sizes=\"auto, (max-width: 765px) 100vw, 765px\" \/><\/p>\n<p>Um <strong>c\u00f3digo QR<\/strong> \u00e9 um <strong>c\u00f3digo de barras quadrado bidimensional<\/strong> que pode <strong>armazenar dados codificados<\/strong>. Na maioria das vezes, esses dados geralmente s\u00e3o um<strong>link para um site<\/strong>.<\/p>\n<p>Para <strong>digitalizar um c\u00f3digo QR<\/strong> necessitamos de uma <strong>aplica\u00e7\u00e3o concebida para o efeito no nosso dispositivo m\u00f3vel<\/strong> (tablet ou smartphone) que permita a leitura do c\u00f3digo e acesso imediato ao site url que pr\u00e9-estabelecemos. Para localizar aplicativos desse tipo, voc\u00ea pode escrever em seu gerenciador de downloads &#8220;qr code&#8221; e alguns aplicativos desse tipo aparecer\u00e3o. Claro, sempre que vamos escanear um c\u00f3digo QR, precisaremos estar <strong>conectados \u00e0 Internet<\/strong>.<\/p>\n<p>Quando clicamos no \u00edcone do pictograma <strong>QR Code<\/strong>, aparece uma janela pop-up, na qual vamos inserir as informa\u00e7\u00f5es do site na se\u00e7\u00e3o <strong>Conte\u00fado<\/strong>.<\/p>\n<p><img loading=\"lazy\" decoding=\"async\" class=\"aligncenter size-full wp-image-3721\" src=\"https:\/\/aulaabierta.arasaac.org\/wp-content\/uploads\/2017\/01\/Picto-Selector-86-1.jpg\" alt=\"\" width=\"1366\" height=\"770\" srcset=\"https:\/\/aulaabierta.arasaac.org\/wp-content\/uploads\/2017\/01\/Picto-Selector-86-1.jpg 1366w, https:\/\/aulaabierta.arasaac.org\/wp-content\/uploads\/2017\/01\/Picto-Selector-86-1-300x169.jpg 300w, https:\/\/aulaabierta.arasaac.org\/wp-content\/uploads\/2017\/01\/Picto-Selector-86-1-768x433.jpg 768w, https:\/\/aulaabierta.arasaac.org\/wp-content\/uploads\/2017\/01\/Picto-Selector-86-1-1030x581.jpg 1030w, https:\/\/aulaabierta.arasaac.org\/wp-content\/uploads\/2017\/01\/Picto-Selector-86-1-705x397.jpg 705w, https:\/\/aulaabierta.arasaac.org\/wp-content\/uploads\/2017\/01\/Picto-Selector-86-1-450x254.jpg 450w\" sizes=\"auto, (max-width: 1366px) 100vw, 1366px\" \/><\/p>\n<p>Em nosso exemplo, vamos ao site <strong>ARASAAC<\/strong>, copiamos o endere\u00e7o URL e colamos na aba <strong>Conte\u00fado<\/strong> do nosso pictograma <strong>QR Code<\/strong>.<\/p>\n<p><img loading=\"lazy\" decoding=\"async\" class=\"aligncenter size-full wp-image-3727\" src=\"https:\/\/aulaabierta.arasaac.org\/wp-content\/uploads\/2017\/01\/Picto-Selector-87.jpg\" alt=\"\" width=\"1007\" height=\"725\" srcset=\"https:\/\/aulaabierta.arasaac.org\/wp-content\/uploads\/2017\/01\/Picto-Selector-87.jpg 1007w, https:\/\/aulaabierta.arasaac.org\/wp-content\/uploads\/2017\/01\/Picto-Selector-87-300x216.jpg 300w, https:\/\/aulaabierta.arasaac.org\/wp-content\/uploads\/2017\/01\/Picto-Selector-87-768x553.jpg 768w, https:\/\/aulaabierta.arasaac.org\/wp-content\/uploads\/2017\/01\/Picto-Selector-87-705x508.jpg 705w, https:\/\/aulaabierta.arasaac.org\/wp-content\/uploads\/2017\/01\/Picto-Selector-87-450x324.jpg 450w\" sizes=\"auto, (max-width: 1007px) 100vw, 1007px\" \/><\/p>\n<p>Voc\u00ea notar\u00e1 que o conte\u00fado do c\u00f3digo que aparece no <strong>Preview<\/strong> mudou, pois o novo c\u00f3digo QR cont\u00e9m as informa\u00e7\u00f5es espec\u00edficas do nosso site de url.<\/p>\n<p><img loading=\"lazy\" decoding=\"async\" class=\"aligncenter size-full wp-image-3730\" src=\"https:\/\/aulaabierta.arasaac.org\/wp-content\/uploads\/2017\/01\/Picto-Selector-88.jpg\" alt=\"\" width=\"1007\" height=\"409\" srcset=\"https:\/\/aulaabierta.arasaac.org\/wp-content\/uploads\/2017\/01\/Picto-Selector-88.jpg 1007w, https:\/\/aulaabierta.arasaac.org\/wp-content\/uploads\/2017\/01\/Picto-Selector-88-300x122.jpg 300w, https:\/\/aulaabierta.arasaac.org\/wp-content\/uploads\/2017\/01\/Picto-Selector-88-768x312.jpg 768w, https:\/\/aulaabierta.arasaac.org\/wp-content\/uploads\/2017\/01\/Picto-Selector-88-705x286.jpg 705w, https:\/\/aulaabierta.arasaac.org\/wp-content\/uploads\/2017\/01\/Picto-Selector-88-450x183.jpg 450w\" sizes=\"auto, (max-width: 1007px) 100vw, 1007px\" \/><\/p>\n<p>Esta informa\u00e7\u00e3o \u00e9 \u00fanica e nunca ser\u00e3o gerados dois c\u00f3digos QR id\u00eanticos com informa\u00e7\u00f5es diferentes.<\/p>\n<p>No nosso exemplo, preparamos alguns pictogramas de <strong>monumentos mundiais<\/strong> e um QR code para cada um deles que, ao passar o leitor de c\u00f3digo do nosso dispositivo m\u00f3vel, abrir\u00e1 uma <strong>p\u00e1gina da Wikipedia com informa\u00e7\u00f5es e fotografias<\/strong> sobre cada um deles.<\/p>\n<p><img loading=\"lazy\" decoding=\"async\" class=\"aligncenter size-full wp-image-3732\" src=\"https:\/\/aulaabierta.arasaac.org\/wp-content\/uploads\/2017\/01\/Picto-Selector-89.jpg\" alt=\"\" width=\"1366\" height=\"768\" srcset=\"https:\/\/aulaabierta.arasaac.org\/wp-content\/uploads\/2017\/01\/Picto-Selector-89.jpg 1366w, https:\/\/aulaabierta.arasaac.org\/wp-content\/uploads\/2017\/01\/Picto-Selector-89-300x169.jpg 300w, https:\/\/aulaabierta.arasaac.org\/wp-content\/uploads\/2017\/01\/Picto-Selector-89-768x432.jpg 768w, https:\/\/aulaabierta.arasaac.org\/wp-content\/uploads\/2017\/01\/Picto-Selector-89-1030x579.jpg 1030w, https:\/\/aulaabierta.arasaac.org\/wp-content\/uploads\/2017\/01\/Picto-Selector-89-705x396.jpg 705w, https:\/\/aulaabierta.arasaac.org\/wp-content\/uploads\/2017\/01\/Picto-Selector-89-450x253.jpg 450w\" sizes=\"auto, (max-width: 1366px) 100vw, 1366px\" \/><\/p>\n<p>Vamos ver o resultado final. Para isso vamos ao menu <strong>Ficheiro<\/strong>e selecionamos a op\u00e7\u00e3o <strong>Imprimir<\/strong> op\u00e7\u00e3o para pr\u00e9-visualizar o resultado e executar uma das a\u00e7\u00f5es:<strong> Guardar como ficheiro PDF,<\/strong><strong>Guardar como ficheiro<\/strong> gr\u00e1fico ou <strong>Imprimir.<\/strong><\/p>\n<p><img loading=\"lazy\" decoding=\"async\" class=\"aligncenter size-full wp-image-3735\" src=\"https:\/\/aulaabierta.arasaac.org\/wp-content\/uploads\/2017\/01\/Picto-Selector-90.jpg\" alt=\"\" width=\"1366\" height=\"768\" srcset=\"https:\/\/aulaabierta.arasaac.org\/wp-content\/uploads\/2017\/01\/Picto-Selector-90.jpg 1366w, https:\/\/aulaabierta.arasaac.org\/wp-content\/uploads\/2017\/01\/Picto-Selector-90-300x169.jpg 300w, https:\/\/aulaabierta.arasaac.org\/wp-content\/uploads\/2017\/01\/Picto-Selector-90-768x432.jpg 768w, https:\/\/aulaabierta.arasaac.org\/wp-content\/uploads\/2017\/01\/Picto-Selector-90-1030x579.jpg 1030w, https:\/\/aulaabierta.arasaac.org\/wp-content\/uploads\/2017\/01\/Picto-Selector-90-705x396.jpg 705w, https:\/\/aulaabierta.arasaac.org\/wp-content\/uploads\/2017\/01\/Picto-Selector-90-450x253.jpg 450w\" sizes=\"auto, (max-width: 1366px) 100vw, 1366px\" \/><\/p>\n<\/div><\/section>\n<\/div><\/div><\/div><!-- close content main div --><\/div><\/div><div id='av-layout-grid-2'  class='av-layout-grid-container av-av_layout_row-ff89abd0ebc2125893d5f3061474122c entry-content-wrapper main_color av-border-top-bottom av-flex-cells  avia-builder-el-10  el_after_av_textblock  avia-builder-el-last  grid-row-not-first  container_wrap fullsize'  >\n\n<style type=\"text\/css\" data-created_by=\"avia_inline_auto\" id=\"style-css-av-av_cell_one_fifth-5227a743201b625eadc00b27db60eab9\">\n.flex_cell.av-av_cell_one_fifth-5227a743201b625eadc00b27db60eab9{\nvertical-align:top;\n}\n.responsive #top #wrap_all .flex_cell.av-av_cell_one_fifth-5227a743201b625eadc00b27db60eab9{\npadding:30px 30px 30px 30px !important;\n}\n<\/style>\n<div class='flex_cell av-av_cell_one_fifth-5227a743201b625eadc00b27db60eab9 av-gridrow-cell av_one_fifth no_margin  avia-builder-el-11  el_before_av_cell_one_fifth  avia-builder-el-first ' ><div class='flex_cell_inner'>\n<style type=\"text\/css\" data-created_by=\"avia_inline_auto\" id=\"style-css-av-av_image-75342922d30084a789fd7c051f9d7264\">\n.avia-image-container.av-av_image-75342922d30084a789fd7c051f9d7264 img.avia_image{\nbox-shadow:none;\n}\n.avia-image-container.av-av_image-75342922d30084a789fd7c051f9d7264 .av-image-caption-overlay-center{\ncolor:#ffffff;\n}\n<\/style>\n<div  class='avia-image-container av-av_image-75342922d30084a789fd7c051f9d7264 av-styling- avia-align-center  avia-builder-el-12  avia-builder-el-no-sibling '   itemprop=\"image\" itemscope=\"itemscope\" itemtype=\"https:\/\/schema.org\/ImageObject\" ><div class=\"avia-image-container-inner\"><div class=\"avia-image-overlay-wrap\"><a href=\"https:\/\/aulaabierta.arasaac.org\/pt-pt\/emoticons\" class='avia_image' ><img decoding=\"async\" class='wp-image-23493 avia-img-lazy-loading-not-23493 avia_image ' src=\"https:\/\/aulaabierta.arasaac.org\/wp-content\/uploads\/2016\/12\/before-80x80.png\" alt='' title='before'  height=\"80\" width=\"80\"  itemprop=\"thumbnailUrl\" srcset=\"https:\/\/aulaabierta.arasaac.org\/wp-content\/uploads\/2016\/12\/before-80x80.png 80w, https:\/\/aulaabierta.arasaac.org\/wp-content\/uploads\/2016\/12\/before-36x36.png 36w, https:\/\/aulaabierta.arasaac.org\/wp-content\/uploads\/2016\/12\/before-120x120.png 120w, https:\/\/aulaabierta.arasaac.org\/wp-content\/uploads\/2016\/12\/before.png 128w\" sizes=\"(max-width: 80px) 100vw, 80px\" \/><\/a><\/div><\/div><\/div>\n<\/div><\/div>\n<style type=\"text\/css\" data-created_by=\"avia_inline_auto\" id=\"style-css-av-av_cell_one_fifth-5227a743201b625eadc00b27db60eab9\">\n.flex_cell.av-av_cell_one_fifth-5227a743201b625eadc00b27db60eab9{\nvertical-align:top;\n}\n.responsive #top #wrap_all .flex_cell.av-av_cell_one_fifth-5227a743201b625eadc00b27db60eab9{\npadding:30px 30px 30px 30px !important;\n}\n<\/style>\n<div class='flex_cell av-av_cell_one_fifth-5227a743201b625eadc00b27db60eab9 av-gridrow-cell av_one_fifth no_margin  avia-builder-el-13  el_after_av_cell_one_fifth  el_before_av_cell_one_fifth ' ><div class='flex_cell_inner'><\/div><\/div>\n<style type=\"text\/css\" data-created_by=\"avia_inline_auto\" id=\"style-css-av-av_cell_one_fifth-5227a743201b625eadc00b27db60eab9\">\n.flex_cell.av-av_cell_one_fifth-5227a743201b625eadc00b27db60eab9{\nvertical-align:top;\n}\n.responsive #top #wrap_all .flex_cell.av-av_cell_one_fifth-5227a743201b625eadc00b27db60eab9{\npadding:30px 30px 30px 30px !important;\n}\n<\/style>\n<div class='flex_cell av-av_cell_one_fifth-5227a743201b625eadc00b27db60eab9 av-gridrow-cell av_one_fifth no_margin  avia-builder-el-14  el_after_av_cell_one_fifth  el_before_av_cell_one_fifth ' ><div class='flex_cell_inner'>\n<style type=\"text\/css\" data-created_by=\"avia_inline_auto\" id=\"style-css-av-av_image-5733222140a3d77e54ab8728b959fe45\">\n.avia-image-container.av-av_image-5733222140a3d77e54ab8728b959fe45 img.avia_image{\nbox-shadow:none;\n}\n.avia-image-container.av-av_image-5733222140a3d77e54ab8728b959fe45 .av-image-caption-overlay-center{\ncolor:#ffffff;\n}\n<\/style>\n<div  class='avia-image-container av-av_image-5733222140a3d77e54ab8728b959fe45 av-styling- avia-align-center  avia-builder-el-15  avia-builder-el-no-sibling '   itemprop=\"image\" itemscope=\"itemscope\" itemtype=\"https:\/\/schema.org\/ImageObject\" ><div class=\"avia-image-container-inner\"><div class=\"avia-image-overlay-wrap\"><a href=\"https:\/\/aulaabierta.arasaac.org\/pt-pt\/picto-selector-inicio-pt\" class='avia_image' ><img decoding=\"async\" class='wp-image-23499 avia-img-lazy-loading-not-23499 avia_image ' src=\"https:\/\/aulaabierta.arasaac.org\/wp-content\/uploads\/2016\/12\/casa-80x80.png\" alt='' title='In\u00edcio'  height=\"80\" width=\"80\"  itemprop=\"thumbnailUrl\" srcset=\"https:\/\/aulaabierta.arasaac.org\/wp-content\/uploads\/2016\/12\/casa-80x80.png 80w, https:\/\/aulaabierta.arasaac.org\/wp-content\/uploads\/2016\/12\/casa-300x300.png 300w, https:\/\/aulaabierta.arasaac.org\/wp-content\/uploads\/2016\/12\/casa-36x36.png 36w, https:\/\/aulaabierta.arasaac.org\/wp-content\/uploads\/2016\/12\/casa-180x180.png 180w, https:\/\/aulaabierta.arasaac.org\/wp-content\/uploads\/2016\/12\/casa-120x120.png 120w, https:\/\/aulaabierta.arasaac.org\/wp-content\/uploads\/2016\/12\/casa-450x450.png 450w, https:\/\/aulaabierta.arasaac.org\/wp-content\/uploads\/2016\/12\/casa.png 500w\" sizes=\"(max-width: 80px) 100vw, 80px\" \/><\/a><\/div><\/div><\/div>\n<\/div><\/div>\n<style type=\"text\/css\" data-created_by=\"avia_inline_auto\" id=\"style-css-av-av_cell_one_fifth-5227a743201b625eadc00b27db60eab9\">\n.flex_cell.av-av_cell_one_fifth-5227a743201b625eadc00b27db60eab9{\nvertical-align:top;\n}\n.responsive #top #wrap_all .flex_cell.av-av_cell_one_fifth-5227a743201b625eadc00b27db60eab9{\npadding:30px 30px 30px 30px !important;\n}\n<\/style>\n<div class='flex_cell av-av_cell_one_fifth-5227a743201b625eadc00b27db60eab9 av-gridrow-cell av_one_fifth no_margin  avia-builder-el-16  el_after_av_cell_one_fifth  el_before_av_cell_one_fifth ' ><div class='flex_cell_inner'><\/div><\/div>\n<style type=\"text\/css\" data-created_by=\"avia_inline_auto\" id=\"style-css-av-av_cell_one_fifth-5227a743201b625eadc00b27db60eab9\">\n.flex_cell.av-av_cell_one_fifth-5227a743201b625eadc00b27db60eab9{\nvertical-align:top;\n}\n.responsive #top #wrap_all .flex_cell.av-av_cell_one_fifth-5227a743201b625eadc00b27db60eab9{\npadding:30px 30px 30px 30px !important;\n}\n<\/style>\n<div class='flex_cell av-av_cell_one_fifth-5227a743201b625eadc00b27db60eab9 av-gridrow-cell av_one_fifth no_margin  avia-builder-el-17  el_after_av_cell_one_fifth  avia-builder-el-last ' ><div class='flex_cell_inner'>\n<style type=\"text\/css\" data-created_by=\"avia_inline_auto\" id=\"style-css-av-av_image-53d6c2abd35deca2be81aa0487e30ed1\">\n.avia-image-container.av-av_image-53d6c2abd35deca2be81aa0487e30ed1 img.avia_image{\nbox-shadow:none;\n}\n.avia-image-container.av-av_image-53d6c2abd35deca2be81aa0487e30ed1 .av-image-caption-overlay-center{\ncolor:#ffffff;\n}\n<\/style>\n<div  class='avia-image-container av-av_image-53d6c2abd35deca2be81aa0487e30ed1 av-styling- avia-align-center  avia-builder-el-18  avia-builder-el-no-sibling '   itemprop=\"image\" itemscope=\"itemscope\" itemtype=\"https:\/\/schema.org\/ImageObject\" ><div class=\"avia-image-container-inner\"><div class=\"avia-image-overlay-wrap\"><a href=\"https:\/\/aulaabierta.arasaac.org\/pt-pt\/picto-selector-13-barra-de-texto-pt\" class='avia_image' ><img decoding=\"async\" class='wp-image-23496 avia-img-lazy-loading-not-23496 avia_image ' src=\"https:\/\/aulaabierta.arasaac.org\/wp-content\/uploads\/2016\/12\/next-80x80.png\" alt='' title='next'  height=\"80\" width=\"80\"  itemprop=\"thumbnailUrl\" srcset=\"https:\/\/aulaabierta.arasaac.org\/wp-content\/uploads\/2016\/12\/next-80x80.png 80w, https:\/\/aulaabierta.arasaac.org\/wp-content\/uploads\/2016\/12\/next-36x36.png 36w, https:\/\/aulaabierta.arasaac.org\/wp-content\/uploads\/2016\/12\/next-120x120.png 120w, https:\/\/aulaabierta.arasaac.org\/wp-content\/uploads\/2016\/12\/next.png 128w\" sizes=\"(max-width: 80px) 100vw, 80px\" \/><\/a><\/div><\/div><\/div>\n<\/div><\/div>\n<\/div>\n","protected":false},"excerpt":{"rendered":"","protected":false},"author":5,"featured_media":23553,"parent":0,"menu_order":0,"comment_status":"closed","ping_status":"closed","template":"","meta":{"om_disable_all_campaigns":false,"_monsterinsights_skip_tracking":false,"_monsterinsights_sitenote_active":false,"_monsterinsights_sitenote_note":"","_monsterinsights_sitenote_category":0,"_uf_show_specific_survey":0,"_uf_disable_surveys":false,"footnotes":""},"class_list":["post-82383","page","type-page","status-publish","has-post-thumbnail","hentry"],"aioseo_notices":[],"_links":{"self":[{"href":"https:\/\/aulaabierta.arasaac.org\/pt-pt\/wp-json\/wp\/v2\/pages\/82383","targetHints":{"allow":["GET"]}}],"collection":[{"href":"https:\/\/aulaabierta.arasaac.org\/pt-pt\/wp-json\/wp\/v2\/pages"}],"about":[{"href":"https:\/\/aulaabierta.arasaac.org\/pt-pt\/wp-json\/wp\/v2\/types\/page"}],"author":[{"embeddable":true,"href":"https:\/\/aulaabierta.arasaac.org\/pt-pt\/wp-json\/wp\/v2\/users\/5"}],"replies":[{"embeddable":true,"href":"https:\/\/aulaabierta.arasaac.org\/pt-pt\/wp-json\/wp\/v2\/comments?post=82383"}],"version-history":[{"count":5,"href":"https:\/\/aulaabierta.arasaac.org\/pt-pt\/wp-json\/wp\/v2\/pages\/82383\/revisions"}],"predecessor-version":[{"id":138802,"href":"https:\/\/aulaabierta.arasaac.org\/pt-pt\/wp-json\/wp\/v2\/pages\/82383\/revisions\/138802"}],"wp:featuredmedia":[{"embeddable":true,"href":"https:\/\/aulaabierta.arasaac.org\/pt-pt\/wp-json\/wp\/v2\/media\/23553"}],"wp:attachment":[{"href":"https:\/\/aulaabierta.arasaac.org\/pt-pt\/wp-json\/wp\/v2\/media?parent=82383"}],"curies":[{"name":"wp","href":"https:\/\/api.w.org\/{rel}","templated":true}]}}