{"id":82583,"date":"2018-11-19T11:21:35","date_gmt":"2018-11-19T10:21:35","guid":{"rendered":"https:\/\/aulaabierta.arasaac.org\/symbotalk-2-web-descarga"},"modified":"2023-02-09T11:29:18","modified_gmt":"2023-02-09T10:29:18","slug":"symbotalk-2-web-download-pt","status":"publish","type":"page","link":"https:\/\/aulaabierta.arasaac.org\/pt-pt\/symbotalk-2-web-download-pt","title":{"rendered":"Symbotalk &#8211; 2 &#8211; Registo e acesso ao Symbotalk"},"content":{"rendered":"<div id='av-layout-grid-1'  class='av-layout-grid-container av-7yygpbb-8de795f8b1ad684c8eee684105001c70 entry-content-wrapper alternate_color av-border-cells av-flex-cells  avia-builder-el-0  el_before_av_textblock  avia-builder-el-first   container_wrap fullsize'  >\n\n<style type=\"text\/css\" data-created_by=\"avia_inline_auto\" id=\"style-css-av-7s72p7r-2ef4f16c6dcd97681eaa5c7371b5f73e\">\n.flex_cell.av-7s72p7r-2ef4f16c6dcd97681eaa5c7371b5f73e{\nvertical-align:top;\n}\n.responsive #top #wrap_all .flex_cell.av-7s72p7r-2ef4f16c6dcd97681eaa5c7371b5f73e{\npadding:30px 30px 30px 30px !important;\n}\n<\/style>\n<div class='flex_cell av-7s72p7r-2ef4f16c6dcd97681eaa5c7371b5f73e av-gridrow-cell av_one_fifth no_margin  avia-builder-el-1  el_before_av_cell_four_fifth  avia-builder-el-first ' ><div class='flex_cell_inner'>\n<style type=\"text\/css\" data-created_by=\"avia_inline_auto\" id=\"style-css-av-75kfa6f-e56db393b0944dc82653a86f4c3757a6\">\n.avia-image-container.av-75kfa6f-e56db393b0944dc82653a86f4c3757a6 img.avia_image{\nbox-shadow:none;\n}\n.avia-image-container.av-75kfa6f-e56db393b0944dc82653a86f4c3757a6 .av-caption-image-overlay-bg{\nopacity:0.4;\nbackground-color:#000000;\n}\n.avia-image-container.av-75kfa6f-e56db393b0944dc82653a86f4c3757a6 .av-image-caption-overlay-center{\ncolor:#ffffff;\n}\n<\/style>\n<div  class='avia-image-container av-75kfa6f-e56db393b0944dc82653a86f4c3757a6 av-styling- avia-align-left  avia-builder-el-2  avia-builder-el-no-sibling  noHover av-overlay-on-hover'   itemprop=\"image\" itemscope=\"itemscope\" itemtype=\"https:\/\/schema.org\/ImageObject\" ><div class=\"avia-image-container-inner\"><div class=\"avia-image-overlay-wrap\"><a href=\"https:\/\/aulaabierta.arasaac.org\/pt-pt\/symbotalk-0-inicio-pt\" class='avia_image' ><div class=\"av-image-caption-overlay\"><div class=\"av-caption-image-overlay-bg\"><\/div><div class=\"av-image-caption-overlay-position\"><div class=\"av-image-caption-overlay-center\"><p>De volta ao topo<\/p>\n<\/div><\/div><\/div><img decoding=\"async\" class='wp-image-34810 avia-img-lazy-loading-not-34810 avia_image ' src=\"https:\/\/aulaabierta.arasaac.org\/wp-content\/uploads\/2018\/06\/Symbotalk_ARASAAC-300x300.png\" alt='' title='Symbotalk_ARASAAC'  height=\"300\" width=\"300\"  itemprop=\"thumbnailUrl\" srcset=\"https:\/\/aulaabierta.arasaac.org\/wp-content\/uploads\/2018\/06\/Symbotalk_ARASAAC-300x300.png 300w, https:\/\/aulaabierta.arasaac.org\/wp-content\/uploads\/2018\/06\/Symbotalk_ARASAAC-80x80.png 80w, https:\/\/aulaabierta.arasaac.org\/wp-content\/uploads\/2018\/06\/Symbotalk_ARASAAC-768x767.png 768w, https:\/\/aulaabierta.arasaac.org\/wp-content\/uploads\/2018\/06\/Symbotalk_ARASAAC-1030x1030.png 1030w, https:\/\/aulaabierta.arasaac.org\/wp-content\/uploads\/2018\/06\/Symbotalk_ARASAAC-36x36.png 36w, https:\/\/aulaabierta.arasaac.org\/wp-content\/uploads\/2018\/06\/Symbotalk_ARASAAC-180x180.png 180w, https:\/\/aulaabierta.arasaac.org\/wp-content\/uploads\/2018\/06\/Symbotalk_ARASAAC-705x705.png 705w, https:\/\/aulaabierta.arasaac.org\/wp-content\/uploads\/2018\/06\/Symbotalk_ARASAAC-120x120.png 120w, https:\/\/aulaabierta.arasaac.org\/wp-content\/uploads\/2018\/06\/Symbotalk_ARASAAC-450x450.png 450w, https:\/\/aulaabierta.arasaac.org\/wp-content\/uploads\/2018\/06\/Symbotalk_ARASAAC.png 1042w\" sizes=\"(max-width: 300px) 100vw, 300px\" \/><\/a><\/div><\/div><\/div>\n<\/div><\/div>\n<style type=\"text\/css\" data-created_by=\"avia_inline_auto\" id=\"style-css-av-6p28og7-986829ece050c1dd947955775265e5b1\">\n.flex_cell.av-6p28og7-986829ece050c1dd947955775265e5b1{\nvertical-align:middle;\n}\n.responsive #top #wrap_all .flex_cell.av-6p28og7-986829ece050c1dd947955775265e5b1{\npadding:30px 30px 30px 30px !important;\n}\n<\/style>\n<div class='flex_cell av-6p28og7-986829ece050c1dd947955775265e5b1 av-gridrow-cell av_four_fifth no_margin  avia-builder-el-3  el_after_av_cell_one_fifth  avia-builder-el-last ' ><div class='flex_cell_inner'>\n<style type=\"text\/css\" data-created_by=\"avia_inline_auto\" id=\"style-css-av-jqqelz66-6dec5145dbdf6c229a75321dcbb95b86\">\n#top .av-special-heading.av-jqqelz66-6dec5145dbdf6c229a75321dcbb95b86{\npadding-bottom:0;\n}\nbody .av-special-heading.av-jqqelz66-6dec5145dbdf6c229a75321dcbb95b86 .av-special-heading-tag .heading-char{\nfont-size:25px;\n}\n#top #wrap_all .av-special-heading.av-jqqelz66-6dec5145dbdf6c229a75321dcbb95b86 .av-special-heading-tag{\nfont-size:26px;\n}\n.av-special-heading.av-jqqelz66-6dec5145dbdf6c229a75321dcbb95b86 .av-subheading{\nfont-size:15px;\n}\n<\/style>\n<div  class='av-special-heading av-jqqelz66-6dec5145dbdf6c229a75321dcbb95b86 av-special-heading-h2  avia-builder-el-4  avia-builder-el-no-sibling '><h2 class='av-special-heading-tag'  itemprop=\"headline\"  >2. INSCRI\u00c7\u00c3O E ACESSO AO SYMBOTALK<\/h2><div class=\"special-heading-border\"><div class=\"special-heading-inner-border\"><\/div><\/div><\/div>\n<\/div><\/div>\n<\/div><div id='after_grid_row_1'  class='main_color av_default_container_wrap container_wrap fullsize'  ><div class='container av-section-cont-open' ><div class='template-page content  av-content-full alpha units'><div class='post-entry post-entry-type-page post-entry-82583'><div class='entry-content-wrapper clearfix'>\n\n<style type=\"text\/css\" data-created_by=\"avia_inline_auto\" id=\"style-css-av-5ybegxz-e9fac6a7e77e1aca3fbec049dfa61e89\">\n#top .av_textblock_section.av-5ybegxz-e9fac6a7e77e1aca3fbec049dfa61e89 .avia_textblock{\nfont-size:16px;\n}\n<\/style>\n<section  class='av_textblock_section av-5ybegxz-e9fac6a7e77e1aca3fbec049dfa61e89'  itemscope=\"itemscope\" itemtype=\"https:\/\/schema.org\/CreativeWork\" ><div class='avia_textblock'  itemprop=\"text\" ><h6 style=\"text-align: center;\"><img loading=\"lazy\" decoding=\"async\" class=\"aligncenter size-full wp-image-932\" src=\"https:\/\/aulaabierta.arasaac.org\/wp-content\/uploads\/2016\/12\/by-nc-sa.eu_petit.png\" alt=\"\" width=\"118\" height=\"41\">Este trabalho \u00e9 licenciado sob uma <a href=\"http:\/\/creativecommons.org\/licenses\/by-nc-sa\/4.0\/\" rel=\"license\">licen\u00e7a internacional Creative Commons Attribution-NonCommercial-ShareAlike 4.0 International.<\/a><\/h6>\n<hr>\n<p><a href=\"https:\/\/www.symbotalk.com\/\" target=\"_blank\" rel=\"noopener noreferrer\"><strong>O Symbotalk<\/strong><\/a> \u00e9 um <strong>comunicador de plataformas<\/strong> cruzadas com uma <strong>interface \u00fanica<\/strong>, independentemente da plataforma de utiliza\u00e7\u00e3o, o que permite a <strong>sincroniza\u00e7\u00e3o<\/strong>de informa\u00e7\u00e3o entre qualquer um deles<\/p>\n<p>Podemos aceder \u00e0 <a href=\"https:\/\/www.symbotalkapp.com\/\" target=\"_blank\" rel=\"noopener\"><strong>aplica\u00e7\u00e3o web<\/strong><\/a> atrav\u00e9s do nosso navegador habitual no PC e atrav\u00e9s do <strong>download gratuito da App<\/strong>para dispositivos m\u00f3veis com sistema operativo <a href=\"https:\/\/play.google.com\/store\/apps\/details?id=com.elelad.comboard&amp;hl=es_419\" target=\"_blank\" rel=\"noopener\"><strong><\/strong><strong><a href=\"https:\/\/itunes.apple.com\/us\/app\/symbotalk-aac-talker\/id1294023783?mt=8\" target=\"_blank\" rel=\"noopener\">AndroideiOS<\/a><\/strong>.<\/a><\/p>\n<p><img loading=\"lazy\" decoding=\"async\" class=\"aligncenter wp-image-9025 size-full\" src=\"https:\/\/aulaabierta.arasaac.org\/wp-content\/uploads\/2018\/06\/Symbotalk_Plataformas.jpg\" alt=\"\" width=\"400\" height=\"300\" srcset=\"https:\/\/aulaabierta.arasaac.org\/wp-content\/uploads\/2018\/06\/Symbotalk_Plataformas.jpg 400w, https:\/\/aulaabierta.arasaac.org\/wp-content\/uploads\/2018\/06\/Symbotalk_Plataformas-300x225.jpg 300w\" sizes=\"auto, (max-width: 400px) 100vw, 400px\" \/><\/p>\n<p>A \u00fanica <strong>diferen\u00e7a<\/strong>entre a vers\u00e3o web da aplica\u00e7\u00e3o e a que descarregamos em dispositivos m\u00f3veis \u00e9 o acesso a algumas funcionalidades adicionais, como a <strong>impress\u00e3o em pdf das placas na vers\u00e3o web<\/strong> para PC.<\/p>\n<\/div><\/section>\n\n<style type=\"text\/css\" data-created_by=\"avia_inline_auto\" id=\"style-css-av-l2znon-b4e52ff77de813ef441764014908e559\">\n#top .av-special-heading.av-l2znon-b4e52ff77de813ef441764014908e559{\npadding-bottom:10px;\n}\nbody .av-special-heading.av-l2znon-b4e52ff77de813ef441764014908e559 .av-special-heading-tag .heading-char{\nfont-size:25px;\n}\n.av-special-heading.av-l2znon-b4e52ff77de813ef441764014908e559 .av-subheading{\nfont-size:15px;\n}\n<\/style>\n<div  class='av-special-heading av-l2znon-b4e52ff77de813ef441764014908e559 av-special-heading-h3  avia-builder-el-6  el_after_av_textblock  el_before_av_textblock '><h3 class='av-special-heading-tag'  itemprop=\"headline\"  >Registar e aceder \u00e0 aplica\u00e7\u00e3o Symbotalk<\/h3><div class=\"special-heading-border\"><div class=\"special-heading-inner-border\"><\/div><\/div><\/div>\n<section  class='av_textblock_section av-4vv5ngn-fe3cdce30373d6a221612691382140b7'  itemscope=\"itemscope\" itemtype=\"https:\/\/schema.org\/CreativeWork\" ><div class='avia_textblock'  itemprop=\"text\" ><p>Quando acedemos ao <strong>SymboTalk<\/strong>, encontramos o ecr\u00e3 de boas-vindas.<\/p>\n<p><img loading=\"lazy\" decoding=\"async\" class=\"aligncenter wp-image-12584 size-full\" src=\"https:\/\/aulaabierta.arasaac.org\/wp-content\/uploads\/2018\/11\/symbotalk_2_1.jpg\" alt=\"\" width=\"1481\" height=\"824\" srcset=\"https:\/\/aulaabierta.arasaac.org\/wp-content\/uploads\/2018\/11\/symbotalk_2_1.jpg 1481w, https:\/\/aulaabierta.arasaac.org\/wp-content\/uploads\/2018\/11\/symbotalk_2_1-300x167.jpg 300w, https:\/\/aulaabierta.arasaac.org\/wp-content\/uploads\/2018\/11\/symbotalk_2_1-768x427.jpg 768w, https:\/\/aulaabierta.arasaac.org\/wp-content\/uploads\/2018\/11\/symbotalk_2_1-1030x573.jpg 1030w, https:\/\/aulaabierta.arasaac.org\/wp-content\/uploads\/2018\/11\/symbotalk_2_1-705x392.jpg 705w, https:\/\/aulaabierta.arasaac.org\/wp-content\/uploads\/2018\/11\/symbotalk_2_1-450x250.jpg 450w\" sizes=\"auto, (max-width: 1481px) 100vw, 1481px\" \/><\/p>\n<p>Para come\u00e7ar a utilizar a aplica\u00e7\u00e3o, clique no \u00edcone de <img loading=\"lazy\" decoding=\"async\" class=\"alignnone wp-image-13149\" src=\"https:\/\/aulaabierta.arasaac.org\/wp-content\/uploads\/2019\/01\/Icono_symbotalk_1.jpg\" alt=\"\" width=\"28\" height=\"22\">encontrado na barra superior direita.<\/p>\n<p><img loading=\"lazy\" decoding=\"async\" class=\"alignnone wp-image-12585 size-full\" src=\"https:\/\/aulaabierta.arasaac.org\/wp-content\/uploads\/2018\/11\/symbotalk_2_2.jpg\" alt=\"\" width=\"1479\" height=\"835\" srcset=\"https:\/\/aulaabierta.arasaac.org\/wp-content\/uploads\/2018\/11\/symbotalk_2_2.jpg 1479w, https:\/\/aulaabierta.arasaac.org\/wp-content\/uploads\/2018\/11\/symbotalk_2_2-300x169.jpg 300w, https:\/\/aulaabierta.arasaac.org\/wp-content\/uploads\/2018\/11\/symbotalk_2_2-768x434.jpg 768w, https:\/\/aulaabierta.arasaac.org\/wp-content\/uploads\/2018\/11\/symbotalk_2_2-1030x582.jpg 1030w, https:\/\/aulaabierta.arasaac.org\/wp-content\/uploads\/2018\/11\/symbotalk_2_2-705x398.jpg 705w, https:\/\/aulaabierta.arasaac.org\/wp-content\/uploads\/2018\/11\/symbotalk_2_2-450x254.jpg 450w\" sizes=\"auto, (max-width: 1479px) 100vw, 1479px\" \/><\/p>\n<p>Clique no <strong>Login<\/strong>para poder iniciar a <strong>inscri\u00e7\u00e3o<\/strong>na aplica\u00e7\u00e3o <strong>gratuitamente<\/strong>.<\/p>\n<p><img loading=\"lazy\" decoding=\"async\" class=\"alignnone wp-image-12586 size-full\" src=\"https:\/\/aulaabierta.arasaac.org\/wp-content\/uploads\/2018\/11\/symbotalk_2_3.jpg\" alt=\"\" width=\"1481\" height=\"833\" srcset=\"https:\/\/aulaabierta.arasaac.org\/wp-content\/uploads\/2018\/11\/symbotalk_2_3.jpg 1481w, https:\/\/aulaabierta.arasaac.org\/wp-content\/uploads\/2018\/11\/symbotalk_2_3-300x169.jpg 300w, https:\/\/aulaabierta.arasaac.org\/wp-content\/uploads\/2018\/11\/symbotalk_2_3-768x432.jpg 768w, https:\/\/aulaabierta.arasaac.org\/wp-content\/uploads\/2018\/11\/symbotalk_2_3-1030x579.jpg 1030w, https:\/\/aulaabierta.arasaac.org\/wp-content\/uploads\/2018\/11\/symbotalk_2_3-705x397.jpg 705w, https:\/\/aulaabierta.arasaac.org\/wp-content\/uploads\/2018\/11\/symbotalk_2_3-450x253.jpg 450w\" sizes=\"auto, (max-width: 1481px) 100vw, 1481px\" \/><\/p>\n<p>Em seguida, aparece uma janela na qual \u00e9 relatado que para <strong>sincronizar entre dispositivos \u00e9 necess\u00e1rio<\/strong> fazer uma subscri\u00e7\u00e3o de $ 1 por m\u00eas. Esta mensagem n\u00e3o afeta o funcionamento da aplica\u00e7\u00e3o (totalmente funcional no PC ou na App), uma vez que o <strong>REGISTO<\/strong>e <strong>UTILIZA\u00c7\u00c3O<\/strong>\u00e9 <strong>TOTALMENTE GRATUITO<\/strong>. Esta subscri\u00e7\u00e3o destina-se a cobrir os custos do servidor em que as c\u00f3pias de seguran\u00e7a est\u00e3o hospedadas para sincronizar entre dispositivos e os custos de publica\u00e7\u00e3o e manuten\u00e7\u00e3o da App nas diferentes plataformas.<\/p>\n<p>Para continuar com o processo de inscri\u00e7\u00e3o clique em <strong>Iniciar sa\u00e7\u00e3o<\/strong>.<\/p>\n<p><img loading=\"lazy\" decoding=\"async\" class=\"alignnone wp-image-12587 size-full\" src=\"https:\/\/aulaabierta.arasaac.org\/wp-content\/uploads\/2018\/11\/symbotalk_2_4.jpg\" alt=\"\" width=\"1481\" height=\"834\" srcset=\"https:\/\/aulaabierta.arasaac.org\/wp-content\/uploads\/2018\/11\/symbotalk_2_4.jpg 1481w, https:\/\/aulaabierta.arasaac.org\/wp-content\/uploads\/2018\/11\/symbotalk_2_4-300x169.jpg 300w, https:\/\/aulaabierta.arasaac.org\/wp-content\/uploads\/2018\/11\/symbotalk_2_4-768x432.jpg 768w, https:\/\/aulaabierta.arasaac.org\/wp-content\/uploads\/2018\/11\/symbotalk_2_4-1030x580.jpg 1030w, https:\/\/aulaabierta.arasaac.org\/wp-content\/uploads\/2018\/11\/symbotalk_2_4-705x397.jpg 705w, https:\/\/aulaabierta.arasaac.org\/wp-content\/uploads\/2018\/11\/symbotalk_2_4-450x253.jpg 450w\" sizes=\"auto, (max-width: 1481px) 100vw, 1481px\" \/><\/p>\n<p>Assim que acedermos \u00e0 janela de registo, verificamos a caixa que <strong>concordo com os Termos<\/strong>.<\/p>\n<p>Seguem-se <strong>duas possibilidades de registo<\/strong>:<\/p>\n<ol>\n<li>Registe-se na aplica\u00e7\u00e3o com uma<strong>conta de e-mail de qualquer servi\u00e7o de mensagens<\/strong> (Gmail, Hotmail, Outlook, etc.). No caso de sincronizarmos o comunicador com outras pessoas (profissionais ou fam\u00edlias), recomendamos a cria\u00e7\u00e3o e utiliza\u00e7\u00e3o de uma conta de e-mail exclusiva para o efeito.<\/li>\n<li>Registe-se na nossa <strong>conta de e-mail do Google.<\/strong> Para fazer este clique no Iniciar <strong>s\u00e7\u00e3o com a caixa do Google<\/strong>. Ser\u00e1 apresentada uma janela pop-up na qual as contas da Google com as quais j\u00e1 autenticamos nesse navegador ser\u00e3o listadas ou obteremos um formul\u00e1rio do Google no qual podemos introduzir os dados da nossa conta Google (nome de utilizador e senha). Uma vez que estes passos estejam feitos, a janela fechar-se-\u00e1 e voltaremos \u00e0 aplica\u00e7\u00e3o j\u00e1 registada.<\/li>\n<\/ol>\n<p>Assim que o formul\u00e1rio de inscri\u00e7\u00e3o estiver conclu\u00eddo, clique em <strong>Assinar<\/strong>.<\/p>\n<p><img loading=\"lazy\" decoding=\"async\" class=\"alignnone size-full wp-image-12588\" src=\"https:\/\/aulaabierta.arasaac.org\/wp-content\/uploads\/2018\/11\/symbotalk_2_7.jpg\" alt=\"\" width=\"1482\" height=\"834\" srcset=\"https:\/\/aulaabierta.arasaac.org\/wp-content\/uploads\/2018\/11\/symbotalk_2_7.jpg 1482w, https:\/\/aulaabierta.arasaac.org\/wp-content\/uploads\/2018\/11\/symbotalk_2_7-300x169.jpg 300w, https:\/\/aulaabierta.arasaac.org\/wp-content\/uploads\/2018\/11\/symbotalk_2_7-768x432.jpg 768w, https:\/\/aulaabierta.arasaac.org\/wp-content\/uploads\/2018\/11\/symbotalk_2_7-1030x580.jpg 1030w, https:\/\/aulaabierta.arasaac.org\/wp-content\/uploads\/2018\/11\/symbotalk_2_7-705x397.jpg 705w, https:\/\/aulaabierta.arasaac.org\/wp-content\/uploads\/2018\/11\/symbotalk_2_7-450x253.jpg 450w\" sizes=\"auto, (max-width: 1482px) 100vw, 1482px\" \/><\/p>\n<p>Se j\u00e1 estivermos registados na aplica\u00e7\u00e3o, podemos acess\u00e1-la diretamente a partir do separador <strong>Sign In.<\/strong><\/p>\n<p><img loading=\"lazy\" decoding=\"async\" class=\"alignnone size-full wp-image-12590\" src=\"https:\/\/aulaabierta.arasaac.org\/wp-content\/uploads\/2018\/11\/symbotalk_2_8.jpg\" alt=\"\" width=\"1481\" height=\"831\" srcset=\"https:\/\/aulaabierta.arasaac.org\/wp-content\/uploads\/2018\/11\/symbotalk_2_8.jpg 1481w, https:\/\/aulaabierta.arasaac.org\/wp-content\/uploads\/2018\/11\/symbotalk_2_8-300x168.jpg 300w, https:\/\/aulaabierta.arasaac.org\/wp-content\/uploads\/2018\/11\/symbotalk_2_8-768x431.jpg 768w, https:\/\/aulaabierta.arasaac.org\/wp-content\/uploads\/2018\/11\/symbotalk_2_8-1030x578.jpg 1030w, https:\/\/aulaabierta.arasaac.org\/wp-content\/uploads\/2018\/11\/symbotalk_2_8-705x396.jpg 705w, https:\/\/aulaabierta.arasaac.org\/wp-content\/uploads\/2018\/11\/symbotalk_2_8-450x252.jpg 450w\" sizes=\"auto, (max-width: 1481px) 100vw, 1481px\" \/><\/p>\n<p>Tal como no registo temos duas op\u00e7\u00f5es: ou insiramos o e-mail e a palavra-passe com que nos registamos manualmente (1) ou autenticamos com a conta google (2).<\/p>\n<\/div><\/section>\n<\/div><\/div><\/div><!-- close content main div --><\/div><\/div><div id='av-layout-grid-2'  class='av-layout-grid-container av-4ke33yf-b7571d2b4a58d5cf7861b2294411d567 entry-content-wrapper main_color av-border-top-bottom av-flex-cells  avia-builder-el-8  el_after_av_textblock  avia-builder-el-last  grid-row-not-first  container_wrap fullsize'  >\n\n<style type=\"text\/css\" data-created_by=\"avia_inline_auto\" id=\"style-css-av-3vdp9t3-73bab922e01f0d79888f0a9e55273a53\">\n.flex_cell.av-3vdp9t3-73bab922e01f0d79888f0a9e55273a53{\nvertical-align:top;\n}\n.responsive #top #wrap_all .flex_cell.av-3vdp9t3-73bab922e01f0d79888f0a9e55273a53{\npadding:30px 30px 30px 30px !important;\n}\n<\/style>\n<div class='flex_cell av-3vdp9t3-73bab922e01f0d79888f0a9e55273a53 av-gridrow-cell av_one_fifth no_margin  avia-builder-el-9  el_before_av_cell_one_fifth  avia-builder-el-first ' ><div class='flex_cell_inner'>\n<style type=\"text\/css\" data-created_by=\"avia_inline_auto\" id=\"style-css-av-3jrg9c7-8d217a564745fea6f8ecdf76c2709894\">\n.avia-image-container.av-3jrg9c7-8d217a564745fea6f8ecdf76c2709894 img.avia_image{\nbox-shadow:none;\n}\n.avia-image-container.av-3jrg9c7-8d217a564745fea6f8ecdf76c2709894 .av-image-caption-overlay-center{\ncolor:#ffffff;\n}\n<\/style>\n<div  class='avia-image-container av-3jrg9c7-8d217a564745fea6f8ecdf76c2709894 av-styling- avia-align-center  avia-builder-el-10  avia-builder-el-no-sibling '   itemprop=\"image\" itemscope=\"itemscope\" itemtype=\"https:\/\/schema.org\/ImageObject\" ><div class=\"avia-image-container-inner\"><div class=\"avia-image-overlay-wrap\"><a href=\"https:\/\/aulaabierta.arasaac.org\/pt-pt\/symbotalk-1-introducao\" class='avia_image' ><img decoding=\"async\" class='wp-image-23493 avia-img-lazy-loading-not-23493 avia_image ' src=\"https:\/\/aulaabierta.arasaac.org\/wp-content\/uploads\/2016\/12\/before-80x80.png\" alt='' title='before'  height=\"80\" width=\"80\"  itemprop=\"thumbnailUrl\" srcset=\"https:\/\/aulaabierta.arasaac.org\/wp-content\/uploads\/2016\/12\/before-80x80.png 80w, https:\/\/aulaabierta.arasaac.org\/wp-content\/uploads\/2016\/12\/before-36x36.png 36w, https:\/\/aulaabierta.arasaac.org\/wp-content\/uploads\/2016\/12\/before-120x120.png 120w, https:\/\/aulaabierta.arasaac.org\/wp-content\/uploads\/2016\/12\/before.png 128w\" sizes=\"(max-width: 80px) 100vw, 80px\" \/><\/a><\/div><\/div><\/div>\n<\/div><\/div>\n<style type=\"text\/css\" data-created_by=\"avia_inline_auto\" id=\"style-css-av-2tqmoyv-d2e9eefda301d560b42bba5fcf1e2653\">\n.flex_cell.av-2tqmoyv-d2e9eefda301d560b42bba5fcf1e2653{\nvertical-align:top;\n}\n.responsive #top #wrap_all .flex_cell.av-2tqmoyv-d2e9eefda301d560b42bba5fcf1e2653{\npadding:30px 30px 30px 30px !important;\n}\n<\/style>\n<div class='flex_cell av-2tqmoyv-d2e9eefda301d560b42bba5fcf1e2653 av-gridrow-cell av_one_fifth no_margin  avia-builder-el-11  el_after_av_cell_one_fifth  el_before_av_cell_one_fifth ' ><div class='flex_cell_inner'><\/div><\/div>\n<style type=\"text\/css\" data-created_by=\"avia_inline_auto\" id=\"style-css-av-2mopbgn-f724d45b1a21dde3827f7788a6d82e2b\">\n.flex_cell.av-2mopbgn-f724d45b1a21dde3827f7788a6d82e2b{\nvertical-align:top;\n}\n.responsive #top #wrap_all .flex_cell.av-2mopbgn-f724d45b1a21dde3827f7788a6d82e2b{\npadding:30px 30px 30px 30px !important;\n}\n<\/style>\n<div class='flex_cell av-2mopbgn-f724d45b1a21dde3827f7788a6d82e2b av-gridrow-cell av_one_fifth no_margin  avia-builder-el-12  el_after_av_cell_one_fifth  el_before_av_cell_one_fifth ' ><div class='flex_cell_inner'>\n<style type=\"text\/css\" data-created_by=\"avia_inline_auto\" id=\"style-css-av-28179hj-b8dd07263787a4ab8ae30ea5784537fb\">\n.avia-image-container.av-28179hj-b8dd07263787a4ab8ae30ea5784537fb img.avia_image{\nbox-shadow:none;\n}\n.avia-image-container.av-28179hj-b8dd07263787a4ab8ae30ea5784537fb .av-image-caption-overlay-center{\ncolor:#ffffff;\n}\n<\/style>\n<div  class='avia-image-container av-28179hj-b8dd07263787a4ab8ae30ea5784537fb av-styling- avia-align-center  avia-builder-el-13  avia-builder-el-no-sibling '   itemprop=\"image\" itemscope=\"itemscope\" itemtype=\"https:\/\/schema.org\/ImageObject\" ><div class=\"avia-image-container-inner\"><div class=\"avia-image-overlay-wrap\"><a href=\"https:\/\/aulaabierta.arasaac.org\/pt-pt\/symbotalk-0-inicio-pt\" class='avia_image' ><img decoding=\"async\" class='wp-image-23499 avia-img-lazy-loading-not-23499 avia_image ' src=\"https:\/\/aulaabierta.arasaac.org\/wp-content\/uploads\/2016\/12\/casa-80x80.png\" alt='' title='In\u00edcio'  height=\"80\" width=\"80\"  itemprop=\"thumbnailUrl\" srcset=\"https:\/\/aulaabierta.arasaac.org\/wp-content\/uploads\/2016\/12\/casa-80x80.png 80w, https:\/\/aulaabierta.arasaac.org\/wp-content\/uploads\/2016\/12\/casa-300x300.png 300w, https:\/\/aulaabierta.arasaac.org\/wp-content\/uploads\/2016\/12\/casa-36x36.png 36w, https:\/\/aulaabierta.arasaac.org\/wp-content\/uploads\/2016\/12\/casa-180x180.png 180w, https:\/\/aulaabierta.arasaac.org\/wp-content\/uploads\/2016\/12\/casa-120x120.png 120w, https:\/\/aulaabierta.arasaac.org\/wp-content\/uploads\/2016\/12\/casa-450x450.png 450w, https:\/\/aulaabierta.arasaac.org\/wp-content\/uploads\/2016\/12\/casa.png 500w\" sizes=\"(max-width: 80px) 100vw, 80px\" \/><\/a><\/div><\/div><\/div>\n<\/div><\/div>\n<style type=\"text\/css\" data-created_by=\"avia_inline_auto\" id=\"style-css-av-1fodfnr-80cc106157a10ab22d9acfd27cdc82f0\">\n.flex_cell.av-1fodfnr-80cc106157a10ab22d9acfd27cdc82f0{\nvertical-align:top;\n}\n.responsive #top #wrap_all .flex_cell.av-1fodfnr-80cc106157a10ab22d9acfd27cdc82f0{\npadding:30px 30px 30px 30px !important;\n}\n<\/style>\n<div class='flex_cell av-1fodfnr-80cc106157a10ab22d9acfd27cdc82f0 av-gridrow-cell av_one_fifth no_margin  avia-builder-el-14  el_after_av_cell_one_fifth  el_before_av_cell_one_fifth ' ><div class='flex_cell_inner'><\/div><\/div>\n<style type=\"text\/css\" data-created_by=\"avia_inline_auto\" id=\"style-css-av-11ybxvr-5d40c349abf50ca0b8e0396509004170\">\n.flex_cell.av-11ybxvr-5d40c349abf50ca0b8e0396509004170{\nvertical-align:top;\n}\n.responsive #top #wrap_all .flex_cell.av-11ybxvr-5d40c349abf50ca0b8e0396509004170{\npadding:30px 30px 30px 30px !important;\n}\n<\/style>\n<div class='flex_cell av-11ybxvr-5d40c349abf50ca0b8e0396509004170 av-gridrow-cell av_one_fifth no_margin  avia-builder-el-15  el_after_av_cell_one_fifth  avia-builder-el-last ' ><div class='flex_cell_inner'>\n<style type=\"text\/css\" data-created_by=\"avia_inline_auto\" id=\"style-css-av-n9n0p3-e76c5da13ee80a7e8b3b1984a8c86d12\">\n.avia-image-container.av-n9n0p3-e76c5da13ee80a7e8b3b1984a8c86d12 img.avia_image{\nbox-shadow:none;\n}\n.avia-image-container.av-n9n0p3-e76c5da13ee80a7e8b3b1984a8c86d12 .av-image-caption-overlay-center{\ncolor:#ffffff;\n}\n<\/style>\n<div  class='avia-image-container av-n9n0p3-e76c5da13ee80a7e8b3b1984a8c86d12 av-styling- avia-align-center  avia-builder-el-16  avia-builder-el-no-sibling '   itemprop=\"image\" itemscope=\"itemscope\" itemtype=\"https:\/\/schema.org\/ImageObject\" ><div class=\"avia-image-container-inner\"><div class=\"avia-image-overlay-wrap\"><a href=\"https:\/\/aulaabierta.arasaac.org\/pt-pt\/symbotalk-3-primeira-configuracoes-pt\" class='avia_image' ><img decoding=\"async\" class='wp-image-23496 avia-img-lazy-loading-not-23496 avia_image ' src=\"https:\/\/aulaabierta.arasaac.org\/wp-content\/uploads\/2016\/12\/next-80x80.png\" alt='' title='next'  height=\"80\" width=\"80\"  itemprop=\"thumbnailUrl\" srcset=\"https:\/\/aulaabierta.arasaac.org\/wp-content\/uploads\/2016\/12\/next-80x80.png 80w, https:\/\/aulaabierta.arasaac.org\/wp-content\/uploads\/2016\/12\/next-36x36.png 36w, https:\/\/aulaabierta.arasaac.org\/wp-content\/uploads\/2016\/12\/next-120x120.png 120w, https:\/\/aulaabierta.arasaac.org\/wp-content\/uploads\/2016\/12\/next.png 128w\" sizes=\"(max-width: 80px) 100vw, 80px\" \/><\/a><\/div><\/div><\/div>\n<\/div><\/div>\n<\/div>\n","protected":false},"excerpt":{"rendered":"","protected":false},"author":5,"featured_media":34810,"parent":0,"menu_order":0,"comment_status":"closed","ping_status":"closed","template":"","meta":{"om_disable_all_campaigns":false,"_monsterinsights_skip_tracking":false,"_monsterinsights_sitenote_active":false,"_monsterinsights_sitenote_note":"","_monsterinsights_sitenote_category":0,"_uf_show_specific_survey":0,"_uf_disable_surveys":false,"footnotes":""},"class_list":["post-82583","page","type-page","status-publish","has-post-thumbnail","hentry"],"aioseo_notices":[],"_links":{"self":[{"href":"https:\/\/aulaabierta.arasaac.org\/pt-pt\/wp-json\/wp\/v2\/pages\/82583","targetHints":{"allow":["GET"]}}],"collection":[{"href":"https:\/\/aulaabierta.arasaac.org\/pt-pt\/wp-json\/wp\/v2\/pages"}],"about":[{"href":"https:\/\/aulaabierta.arasaac.org\/pt-pt\/wp-json\/wp\/v2\/types\/page"}],"author":[{"embeddable":true,"href":"https:\/\/aulaabierta.arasaac.org\/pt-pt\/wp-json\/wp\/v2\/users\/5"}],"replies":[{"embeddable":true,"href":"https:\/\/aulaabierta.arasaac.org\/pt-pt\/wp-json\/wp\/v2\/comments?post=82583"}],"version-history":[{"count":16,"href":"https:\/\/aulaabierta.arasaac.org\/pt-pt\/wp-json\/wp\/v2\/pages\/82583\/revisions"}],"predecessor-version":[{"id":145198,"href":"https:\/\/aulaabierta.arasaac.org\/pt-pt\/wp-json\/wp\/v2\/pages\/82583\/revisions\/145198"}],"wp:featuredmedia":[{"embeddable":true,"href":"https:\/\/aulaabierta.arasaac.org\/pt-pt\/wp-json\/wp\/v2\/media\/34810"}],"wp:attachment":[{"href":"https:\/\/aulaabierta.arasaac.org\/pt-pt\/wp-json\/wp\/v2\/media?parent=82583"}],"curies":[{"name":"wp","href":"https:\/\/api.w.org\/{rel}","templated":true}]}}