{"id":82648,"date":"2017-02-01T16:51:57","date_gmt":"2017-02-01T15:51:57","guid":{"rendered":"https:\/\/aulaabierta.arasaac.org\/picto-selector-16-ajustes-de-usuario"},"modified":"2023-02-09T11:29:20","modified_gmt":"2023-02-09T10:29:20","slug":"picto-selector-16-configuracoes-do-usuario","status":"publish","type":"page","link":"https:\/\/aulaabierta.arasaac.org\/pt-pt\/picto-selector-16-configuracoes-do-usuario","title":{"rendered":"Seletor Picto &#8211; 16 &#8211; Configura\u00e7\u00f5es do Usu\u00e1rio"},"content":{"rendered":"<div id='av-layout-grid-1'  class='av-layout-grid-container av-av_layout_row-cf0131907da0bd4ef305776fbd0391d0 entry-content-wrapper alternate_color av-border-cells av-flex-cells  avia-builder-el-0  el_before_av_textblock  avia-builder-el-first   container_wrap fullsize'  >\n\n<style type=\"text\/css\" data-created_by=\"avia_inline_auto\" id=\"style-css-av-av_cell_one_fifth-5227a743201b625eadc00b27db60eab9\">\n.flex_cell.av-av_cell_one_fifth-5227a743201b625eadc00b27db60eab9{\nvertical-align:top;\n}\n.responsive #top #wrap_all .flex_cell.av-av_cell_one_fifth-5227a743201b625eadc00b27db60eab9{\npadding:30px 30px 30px 30px !important;\n}\n<\/style>\n<div class='flex_cell av-av_cell_one_fifth-5227a743201b625eadc00b27db60eab9 av-gridrow-cell av_one_fifth no_margin  avia-builder-el-1  el_before_av_cell_four_fifth  avia-builder-el-first ' ><div class='flex_cell_inner'>\n<style type=\"text\/css\" data-created_by=\"avia_inline_auto\" id=\"style-css-av-av_image-2ee88055896cc0b48eba6df788c22ac3\">\n.avia-image-container.av-av_image-2ee88055896cc0b48eba6df788c22ac3 img.avia_image{\nbox-shadow:none;\n}\n.avia-image-container.av-av_image-2ee88055896cc0b48eba6df788c22ac3 .av-caption-image-overlay-bg{\nopacity:0.4;\nbackground-color:#444444;\n}\n.avia-image-container.av-av_image-2ee88055896cc0b48eba6df788c22ac3 .av-image-caption-overlay-center{\ncolor:#ffffff;\n}\n<\/style>\n<div  class='avia-image-container av-av_image-2ee88055896cc0b48eba6df788c22ac3 av-styling- avia-align-left  avia-builder-el-2  avia-builder-el-no-sibling  noHover av-overlay-on-hover'   itemprop=\"image\" itemscope=\"itemscope\" itemtype=\"https:\/\/schema.org\/ImageObject\" ><div class=\"avia-image-container-inner\"><div class=\"avia-image-overlay-wrap\"><a href=\"https:\/\/aulaabierta.arasaac.org\/pt-pt\/picto-selector-inicio-pt\" class='avia_image' ><div class=\"av-image-caption-overlay\"><div class=\"av-caption-image-overlay-bg\"><\/div><div class=\"av-image-caption-overlay-position\"><div class=\"av-image-caption-overlay-center\"><p>De volta ao topo<\/p>\n<\/div><\/div><\/div><img decoding=\"async\" class='wp-image-23553 avia-img-lazy-loading-not-23553 avia_image ' src=\"https:\/\/aulaabierta.arasaac.org\/wp-content\/uploads\/2016\/12\/ordenador_pictoselector-300x300.png\" alt='' title='ordenador_pictoselector'  height=\"300\" width=\"300\"  itemprop=\"thumbnailUrl\" srcset=\"https:\/\/aulaabierta.arasaac.org\/wp-content\/uploads\/2016\/12\/ordenador_pictoselector-300x300.png 300w, https:\/\/aulaabierta.arasaac.org\/wp-content\/uploads\/2016\/12\/ordenador_pictoselector-80x80.png 80w, https:\/\/aulaabierta.arasaac.org\/wp-content\/uploads\/2016\/12\/ordenador_pictoselector-36x36.png 36w, https:\/\/aulaabierta.arasaac.org\/wp-content\/uploads\/2016\/12\/ordenador_pictoselector-180x180.png 180w, https:\/\/aulaabierta.arasaac.org\/wp-content\/uploads\/2016\/12\/ordenador_pictoselector-120x120.png 120w, https:\/\/aulaabierta.arasaac.org\/wp-content\/uploads\/2016\/12\/ordenador_pictoselector-450x450.png 450w, https:\/\/aulaabierta.arasaac.org\/wp-content\/uploads\/2016\/12\/ordenador_pictoselector.png 500w\" sizes=\"(max-width: 300px) 100vw, 300px\" \/><\/a><\/div><\/div><\/div>\n<\/div><\/div>\n<style type=\"text\/css\" data-created_by=\"avia_inline_auto\" id=\"style-css-av-av_cell_four_fifth-51bfb5260486183706b211b34d210c4f\">\n.flex_cell.av-av_cell_four_fifth-51bfb5260486183706b211b34d210c4f{\nvertical-align:middle;\n}\n.responsive #top #wrap_all .flex_cell.av-av_cell_four_fifth-51bfb5260486183706b211b34d210c4f{\npadding:30px 30px 30px 30px !important;\n}\n<\/style>\n<div class='flex_cell av-av_cell_four_fifth-51bfb5260486183706b211b34d210c4f av-gridrow-cell av_four_fifth no_margin  avia-builder-el-3  el_after_av_cell_one_fifth  avia-builder-el-last ' ><div class='flex_cell_inner'>\n<style type=\"text\/css\" data-created_by=\"avia_inline_auto\" id=\"style-css-av-av_heading-5dba82b541b35ea507788c982533bfab\">\n#top .av-special-heading.av-av_heading-5dba82b541b35ea507788c982533bfab{\npadding-bottom:0;\n}\nbody .av-special-heading.av-av_heading-5dba82b541b35ea507788c982533bfab .av-special-heading-tag .heading-char{\nfont-size:25px;\n}\n#top #wrap_all .av-special-heading.av-av_heading-5dba82b541b35ea507788c982533bfab .av-special-heading-tag{\nfont-size:26px;\n}\n.av-special-heading.av-av_heading-5dba82b541b35ea507788c982533bfab .av-subheading{\nfont-size:15px;\n}\n<\/style>\n<div  class='av-special-heading av-av_heading-5dba82b541b35ea507788c982533bfab av-special-heading-h2  avia-builder-el-4  avia-builder-el-no-sibling '><h2 class='av-special-heading-tag'  itemprop=\"headline\"  >16. CONFIGURA\u00c7\u00d5ES DO USU\u00c1RIO<\/h2><div class=\"special-heading-border\"><div class=\"special-heading-inner-border\"><\/div><\/div><\/div>\n<\/div><\/div>\n<\/div><div id='after_grid_row_1'  class='main_color av_default_container_wrap container_wrap fullsize'  ><div class='container av-section-cont-open' ><div class='template-page content  av-content-full alpha units'><div class='post-entry post-entry-type-page post-entry-82648'><div class='entry-content-wrapper clearfix'>\n<section  class='av_textblock_section av-av_textblock-0366cc7376be6c9e82a3e9cc8987b64f'  itemscope=\"itemscope\" itemtype=\"https:\/\/schema.org\/CreativeWork\" ><div class='avia_textblock'  itemprop=\"text\" ><h6 style=\"text-align: center;\"><strong><img loading=\"lazy\" decoding=\"async\" class=\"aligncenter size-full wp-image-932\" src=\"https:\/\/aulaabierta.arasaac.org\/wp-content\/uploads\/2016\/12\/by-nc-sa.eu_petit.png\" alt=\"\" width=\"118\" height=\"41\" \/>Este obra est\u00e1 bajo una <a href=\"http:\/\/creativecommons.org\/licenses\/by-nc-sa\/4.0\/\" rel=\"license\">licencia de Creative Commons Reconocimiento-NoComercial-CompartirIgual 4.0 Internacional<\/a>.<\/strong><\/h6>\n<hr \/>\n<\/div><\/section>\n\n<style type=\"text\/css\" data-created_by=\"avia_inline_auto\" id=\"style-css-av-av_heading-0e5a13f0f82acd4fb3921b465ef48fc3\">\n#top .av-special-heading.av-av_heading-0e5a13f0f82acd4fb3921b465ef48fc3{\npadding-bottom:10px;\n}\nbody .av-special-heading.av-av_heading-0e5a13f0f82acd4fb3921b465ef48fc3 .av-special-heading-tag .heading-char{\nfont-size:25px;\n}\n.av-special-heading.av-av_heading-0e5a13f0f82acd4fb3921b465ef48fc3 .av-subheading{\nfont-size:15px;\n}\n<\/style>\n<div  class='av-special-heading av-av_heading-0e5a13f0f82acd4fb3921b465ef48fc3 av-special-heading-h3  avia-builder-el-6  el_after_av_textblock  el_before_av_video '><h3 class='av-special-heading-tag'  itemprop=\"headline\"  >Tutorial de v\u00eddeo<\/h3><div class=\"special-heading-border\"><div class=\"special-heading-inner-border\"><\/div><\/div><\/div>\n<div  class='avia-video av-av_video-9c64a2c763c88a4593cc23c5461c8efd avia-video-16-9 av-no-preview-image avia-video-load-always av-lazyload-immediate av-lazyload-video-embed'  itemprop=\"video\" itemtype=\"https:\/\/schema.org\/VideoObject\"  data-original_url='https:\/\/youtu.be\/hvDw-ywyN0Y'><script type='text\/html' class='av-video-tmpl'><div class='avia-iframe-wrap'><iframe loading=\"lazy\" title=\"PictoSelector - Ajustes de Usuario\" width=\"1500\" height=\"844\" src=\"https:\/\/www.youtube.com\/embed\/hvDw-ywyN0Y?feature=oembed&autoplay=0&loop=0&controls=1&mute=0\" frameborder=\"0\" allow=\"accelerometer; autoplay; clipboard-write; encrypted-media; gyroscope; picture-in-picture\" allowfullscreen><\/iframe><\/div><\/script><div class='av-click-to-play-overlay'><div class=\"avia_playpause_icon\"><\/div><\/div><\/div>\n\n<style type=\"text\/css\" data-created_by=\"avia_inline_auto\" id=\"style-css-av-av_heading-4622dc87a0aaff0f89ef4cdd087565fe\">\n#top .av-special-heading.av-av_heading-4622dc87a0aaff0f89ef4cdd087565fe{\npadding-bottom:10px;\n}\nbody .av-special-heading.av-av_heading-4622dc87a0aaff0f89ef4cdd087565fe .av-special-heading-tag .heading-char{\nfont-size:25px;\n}\n.av-special-heading.av-av_heading-4622dc87a0aaff0f89ef4cdd087565fe .av-subheading{\nfont-size:15px;\n}\n<\/style>\n<div  class='av-special-heading av-av_heading-4622dc87a0aaff0f89ef4cdd087565fe av-special-heading-h3  avia-builder-el-8  el_after_av_video  el_before_av_textblock '><h3 class='av-special-heading-tag'  itemprop=\"headline\"  >Tutorial<\/h3><div class=\"special-heading-border\"><div class=\"special-heading-inner-border\"><\/div><\/div><\/div>\n\n<style type=\"text\/css\" data-created_by=\"avia_inline_auto\" id=\"style-css-av-av_textblock-fae8699d538200a543ba402659dba9b0\">\n#top .av_textblock_section.av-av_textblock-fae8699d538200a543ba402659dba9b0 .avia_textblock{\nfont-size:16px;\n}\n<\/style>\n<section  class='av_textblock_section av-av_textblock-fae8699d538200a543ba402659dba9b0'  itemscope=\"itemscope\" itemtype=\"https:\/\/schema.org\/CreativeWork\" ><div class='avia_textblock'  itemprop=\"text\" ><p>As <strong>Defini\u00e7\u00f5es<\/strong> de Utilizador do <strong>Seletor picto<\/strong> permitem-nos aceder \u00e0 <strong>configura\u00e7\u00e3o geral da aplica\u00e7\u00e3o<\/strong> e <strong>definir por padr\u00e3o op\u00e7\u00f5es<\/strong> para a sua gest\u00e3o que permanecer\u00e3o ativas nas pr\u00f3ximas sess\u00f5es em que iniciamos a aplica\u00e7\u00e3o.<\/p>\n<p><img loading=\"lazy\" decoding=\"async\" class=\"aligncenter size-full wp-image-3854\" src=\"https:\/\/aulaabierta.arasaac.org\/wp-content\/uploads\/2017\/02\/Picto-Selector-130.jpg\" alt=\"\" width=\"1366\" height=\"768\" srcset=\"https:\/\/aulaabierta.arasaac.org\/wp-content\/uploads\/2017\/02\/Picto-Selector-130.jpg 1366w, https:\/\/aulaabierta.arasaac.org\/wp-content\/uploads\/2017\/02\/Picto-Selector-130-300x169.jpg 300w, https:\/\/aulaabierta.arasaac.org\/wp-content\/uploads\/2017\/02\/Picto-Selector-130-768x432.jpg 768w, https:\/\/aulaabierta.arasaac.org\/wp-content\/uploads\/2017\/02\/Picto-Selector-130-1030x579.jpg 1030w, https:\/\/aulaabierta.arasaac.org\/wp-content\/uploads\/2017\/02\/Picto-Selector-130-705x396.jpg 705w, https:\/\/aulaabierta.arasaac.org\/wp-content\/uploads\/2017\/02\/Picto-Selector-130-450x253.jpg 450w\" sizes=\"auto, (max-width: 1366px) 100vw, 1366px\" \/><\/p>\n<p>Abaixo, explicamos algumas das<strong>configura\u00e7\u00f5es b\u00e1sicas<\/strong> que podem ser de grande ajuda na cria\u00e7\u00e3o dos seus len\u00e7\u00f3is e p\u00e1ginas de pictogramas.<\/p>\n<p>Na sec\u00e7\u00e3o <strong>Comum,<\/strong>podemos <strong>ativar\/desativar<\/strong> v\u00e1rias op\u00e7\u00f5es entre as quais destacamos a possibilidade de trabalhar como <strong>Utilizador Avan\u00e7ado,<\/strong><strong>mostrar truques<\/strong> numa pequena janela pop-up sempre que iniciarmos a aplica\u00e7\u00e3o, <strong>Visualizar<\/strong> na janela inferior esquerda como est\u00e1 a nossa folha de pictograma e <strong>mostrar o assistente de Folhas de Pictogram<\/strong> ao clicar na folha de pictograma Novo.       Ao clicar nas caixas correspondentes, ativaremos\/desativaremos essas op\u00e7\u00f5es.<\/p>\n<p><img loading=\"lazy\" decoding=\"async\" class=\"aligncenter size-full wp-image-4051\" src=\"https:\/\/aulaabierta.arasaac.org\/wp-content\/uploads\/2017\/02\/Picto-Selector-210.jpg\" alt=\"\" width=\"695\" height=\"579\" srcset=\"https:\/\/aulaabierta.arasaac.org\/wp-content\/uploads\/2017\/02\/Picto-Selector-210.jpg 695w, https:\/\/aulaabierta.arasaac.org\/wp-content\/uploads\/2017\/02\/Picto-Selector-210-300x250.jpg 300w, https:\/\/aulaabierta.arasaac.org\/wp-content\/uploads\/2017\/02\/Picto-Selector-210-450x375.jpg 450w\" sizes=\"auto, (max-width: 695px) 100vw, 695px\" \/><\/p>\n<p>Na sec\u00e7\u00e3o <strong>Idioma,<\/strong>temos de selecionar o <strong>Idioma da aplica\u00e7\u00e3o<\/strong> que traduzir\u00e1 a interface, os menus e as ferramentas nesse idioma.<\/p>\n<p>Tamb\u00e9m definiremos a <strong>Prioridade lingu\u00edstica para os s\u00edmbolos,<\/strong>usando as setas para colocar a nossa l\u00edngua em primeiro lugar.<\/p>\n<p><img loading=\"lazy\" decoding=\"async\" class=\"aligncenter size-large wp-image-4052\" src=\"https:\/\/aulaabierta.arasaac.org\/wp-content\/uploads\/2017\/02\/Picto-Selector-211.jpg\" alt=\"\" width=\"695\" height=\"578\" srcset=\"https:\/\/aulaabierta.arasaac.org\/wp-content\/uploads\/2017\/02\/Picto-Selector-211.jpg 695w, https:\/\/aulaabierta.arasaac.org\/wp-content\/uploads\/2017\/02\/Picto-Selector-211-300x249.jpg 300w, https:\/\/aulaabierta.arasaac.org\/wp-content\/uploads\/2017\/02\/Picto-Selector-211-450x374.jpg 450w\" sizes=\"auto, (max-width: 695px) 100vw, 695px\" \/><\/p>\n<p>Na sec\u00e7\u00e3o <strong>Fronteira,<\/strong>podemos ativar\/desativar permanentemente a <strong>fronteira dos pictogramas<\/strong> e no caso de querermos usar por limite padr\u00e3o para todos os s\u00edmbolos, podemos <strong>pr\u00e9-definir as defini\u00e7\u00f5es de fronteira padr\u00e3o,<\/strong>que ser\u00e3o ativadas sempre que abrirmos a aplica\u00e7\u00e3o.<\/p>\n<p><img loading=\"lazy\" decoding=\"async\" class=\"aligncenter size-large wp-image-4053\" src=\"https:\/\/aulaabierta.arasaac.org\/wp-content\/uploads\/2017\/02\/Picto-Selector-212.jpg\" alt=\"\" width=\"695\" height=\"575\" srcset=\"https:\/\/aulaabierta.arasaac.org\/wp-content\/uploads\/2017\/02\/Picto-Selector-212.jpg 695w, https:\/\/aulaabierta.arasaac.org\/wp-content\/uploads\/2017\/02\/Picto-Selector-212-300x248.jpg 300w, https:\/\/aulaabierta.arasaac.org\/wp-content\/uploads\/2017\/02\/Picto-Selector-212-450x372.jpg 450w\" sizes=\"auto, (max-width: 695px) 100vw, 695px\" \/><\/p>\n<p>Na <strong>Sec\u00e7\u00e3o Imagem para o Pictograma Err\u00f3neo,<\/strong>a aplica\u00e7\u00e3o facilita-nos a escolha da <strong>cor da l\u00e2mina<\/strong> que ser\u00e1 colocada acima do pictograma, podendo visualizar o resultado na janela \u00e0 direita. Tamb\u00e9m podemos <strong>usar a nossa pr\u00f3pria imagem como uma l\u00e2mina,<\/strong>em vez daquela que vem por padr\u00e3o, embora o ficheiro que carregamos tenha de ser transparente.<\/p>\n<p><img loading=\"lazy\" decoding=\"async\" class=\"aligncenter size-large wp-image-4054\" src=\"https:\/\/aulaabierta.arasaac.org\/wp-content\/uploads\/2017\/02\/Picto-Selector-213.jpg\" alt=\"\" width=\"695\" height=\"578\" srcset=\"https:\/\/aulaabierta.arasaac.org\/wp-content\/uploads\/2017\/02\/Picto-Selector-213.jpg 695w, https:\/\/aulaabierta.arasaac.org\/wp-content\/uploads\/2017\/02\/Picto-Selector-213-300x249.jpg 300w, https:\/\/aulaabierta.arasaac.org\/wp-content\/uploads\/2017\/02\/Picto-Selector-213-450x374.jpg 450w\" sizes=\"auto, (max-width: 695px) 100vw, 695px\" \/><\/p>\n<p>Finalmente, na sec\u00e7\u00e3o <strong>Picto inser\u00e7\u00e3o do Word,<\/strong>podemos <strong>pr\u00e9-defini\u00e7\u00e3o do tamanho de sa\u00edda que o nosso pictograma ter\u00e1 quando o arrastarmos para o Word<\/strong> da Lista de pictogramas ou quando o copiarmos diretamente, utilizando o menu de contexto dos pictogramas. Tamb\u00e9m podemos ativar\/desativar a possibilidade de <strong>copiar os pictogramas com o texto<\/strong> que associaram, utilizando as diferentes op\u00e7\u00f5es que aparecem no separador nomes, que \u00e9 configurado por padr\u00e3o com a op\u00e7\u00e3o de n\u00e3o inserir o texto. Tente abrir esta guia e use a op\u00e7\u00e3o que melhor lhe convier.<\/p>\n<p><img loading=\"lazy\" decoding=\"async\" class=\"aligncenter size-large wp-image-4055\" src=\"https:\/\/aulaabierta.arasaac.org\/wp-content\/uploads\/2017\/02\/Picto-Selector-214.jpg\" alt=\"\" width=\"696\" height=\"578\" srcset=\"https:\/\/aulaabierta.arasaac.org\/wp-content\/uploads\/2017\/02\/Picto-Selector-214.jpg 696w, https:\/\/aulaabierta.arasaac.org\/wp-content\/uploads\/2017\/02\/Picto-Selector-214-300x249.jpg 300w, https:\/\/aulaabierta.arasaac.org\/wp-content\/uploads\/2017\/02\/Picto-Selector-214-450x374.jpg 450w\" sizes=\"auto, (max-width: 696px) 100vw, 696px\" \/><\/p>\n<\/div><\/section>\n<\/div><\/div><\/div><!-- close content main div --><\/div><\/div><div id='av-layout-grid-2'  class='av-layout-grid-container av-av_layout_row-ff89abd0ebc2125893d5f3061474122c entry-content-wrapper main_color av-border-top-bottom av-flex-cells  avia-builder-el-10  el_after_av_textblock  avia-builder-el-last  grid-row-not-first  container_wrap fullsize'  >\n\n<style type=\"text\/css\" data-created_by=\"avia_inline_auto\" id=\"style-css-av-av_cell_one_fifth-5227a743201b625eadc00b27db60eab9\">\n.flex_cell.av-av_cell_one_fifth-5227a743201b625eadc00b27db60eab9{\nvertical-align:top;\n}\n.responsive #top #wrap_all .flex_cell.av-av_cell_one_fifth-5227a743201b625eadc00b27db60eab9{\npadding:30px 30px 30px 30px !important;\n}\n<\/style>\n<div class='flex_cell av-av_cell_one_fifth-5227a743201b625eadc00b27db60eab9 av-gridrow-cell av_one_fifth no_margin  avia-builder-el-11  el_before_av_cell_one_fifth  avia-builder-el-first ' ><div class='flex_cell_inner'>\n<style type=\"text\/css\" data-created_by=\"avia_inline_auto\" id=\"style-css-av-av_image-a0571225ae7f8936ca1bd372ee665ad3\">\n.avia-image-container.av-av_image-a0571225ae7f8936ca1bd372ee665ad3 img.avia_image{\nbox-shadow:none;\n}\n.avia-image-container.av-av_image-a0571225ae7f8936ca1bd372ee665ad3 .av-image-caption-overlay-center{\ncolor:#ffffff;\n}\n<\/style>\n<div  class='avia-image-container av-av_image-a0571225ae7f8936ca1bd372ee665ad3 av-styling- avia-align-center  avia-builder-el-12  avia-builder-el-no-sibling '   itemprop=\"image\" itemscope=\"itemscope\" itemtype=\"https:\/\/schema.org\/ImageObject\" ><div class=\"avia-image-container-inner\"><div class=\"avia-image-overlay-wrap\"><a href=\"https:\/\/aulaabierta.arasaac.org\/pt-pt\/picto-selector-15-criar-uma-nova-pagina-de-pictogramas\" class='avia_image' ><img decoding=\"async\" class='wp-image-23493 avia-img-lazy-loading-not-23493 avia_image ' src=\"https:\/\/aulaabierta.arasaac.org\/wp-content\/uploads\/2016\/12\/before-80x80.png\" alt='' title='before'  height=\"80\" width=\"80\"  itemprop=\"thumbnailUrl\" srcset=\"https:\/\/aulaabierta.arasaac.org\/wp-content\/uploads\/2016\/12\/before-80x80.png 80w, https:\/\/aulaabierta.arasaac.org\/wp-content\/uploads\/2016\/12\/before-36x36.png 36w, https:\/\/aulaabierta.arasaac.org\/wp-content\/uploads\/2016\/12\/before-120x120.png 120w, https:\/\/aulaabierta.arasaac.org\/wp-content\/uploads\/2016\/12\/before.png 128w\" sizes=\"(max-width: 80px) 100vw, 80px\" \/><\/a><\/div><\/div><\/div>\n<\/div><\/div>\n<style type=\"text\/css\" data-created_by=\"avia_inline_auto\" id=\"style-css-av-av_cell_one_fifth-5227a743201b625eadc00b27db60eab9\">\n.flex_cell.av-av_cell_one_fifth-5227a743201b625eadc00b27db60eab9{\nvertical-align:top;\n}\n.responsive #top #wrap_all .flex_cell.av-av_cell_one_fifth-5227a743201b625eadc00b27db60eab9{\npadding:30px 30px 30px 30px !important;\n}\n<\/style>\n<div class='flex_cell av-av_cell_one_fifth-5227a743201b625eadc00b27db60eab9 av-gridrow-cell av_one_fifth no_margin  avia-builder-el-13  el_after_av_cell_one_fifth  el_before_av_cell_one_fifth ' ><div class='flex_cell_inner'><\/div><\/div>\n<style type=\"text\/css\" data-created_by=\"avia_inline_auto\" id=\"style-css-av-av_cell_one_fifth-5227a743201b625eadc00b27db60eab9\">\n.flex_cell.av-av_cell_one_fifth-5227a743201b625eadc00b27db60eab9{\nvertical-align:top;\n}\n.responsive #top #wrap_all .flex_cell.av-av_cell_one_fifth-5227a743201b625eadc00b27db60eab9{\npadding:30px 30px 30px 30px !important;\n}\n<\/style>\n<div class='flex_cell av-av_cell_one_fifth-5227a743201b625eadc00b27db60eab9 av-gridrow-cell av_one_fifth no_margin  avia-builder-el-14  el_after_av_cell_one_fifth  el_before_av_cell_one_fifth ' ><div class='flex_cell_inner'>\n<style type=\"text\/css\" data-created_by=\"avia_inline_auto\" id=\"style-css-av-av_image-5733222140a3d77e54ab8728b959fe45\">\n.avia-image-container.av-av_image-5733222140a3d77e54ab8728b959fe45 img.avia_image{\nbox-shadow:none;\n}\n.avia-image-container.av-av_image-5733222140a3d77e54ab8728b959fe45 .av-image-caption-overlay-center{\ncolor:#ffffff;\n}\n<\/style>\n<div  class='avia-image-container av-av_image-5733222140a3d77e54ab8728b959fe45 av-styling- avia-align-center  avia-builder-el-15  avia-builder-el-no-sibling '   itemprop=\"image\" itemscope=\"itemscope\" itemtype=\"https:\/\/schema.org\/ImageObject\" ><div class=\"avia-image-container-inner\"><div class=\"avia-image-overlay-wrap\"><a href=\"https:\/\/aulaabierta.arasaac.org\/pt-pt\/picto-selector-inicio-pt\" class='avia_image' ><img decoding=\"async\" class='wp-image-23499 avia-img-lazy-loading-not-23499 avia_image ' src=\"https:\/\/aulaabierta.arasaac.org\/wp-content\/uploads\/2016\/12\/casa-80x80.png\" alt='' title='In\u00edcio'  height=\"80\" width=\"80\"  itemprop=\"thumbnailUrl\" srcset=\"https:\/\/aulaabierta.arasaac.org\/wp-content\/uploads\/2016\/12\/casa-80x80.png 80w, https:\/\/aulaabierta.arasaac.org\/wp-content\/uploads\/2016\/12\/casa-300x300.png 300w, https:\/\/aulaabierta.arasaac.org\/wp-content\/uploads\/2016\/12\/casa-36x36.png 36w, https:\/\/aulaabierta.arasaac.org\/wp-content\/uploads\/2016\/12\/casa-180x180.png 180w, https:\/\/aulaabierta.arasaac.org\/wp-content\/uploads\/2016\/12\/casa-120x120.png 120w, https:\/\/aulaabierta.arasaac.org\/wp-content\/uploads\/2016\/12\/casa-450x450.png 450w, https:\/\/aulaabierta.arasaac.org\/wp-content\/uploads\/2016\/12\/casa.png 500w\" sizes=\"(max-width: 80px) 100vw, 80px\" \/><\/a><\/div><\/div><\/div>\n<\/div><\/div>\n<style type=\"text\/css\" data-created_by=\"avia_inline_auto\" id=\"style-css-av-av_cell_one_fifth-5227a743201b625eadc00b27db60eab9\">\n.flex_cell.av-av_cell_one_fifth-5227a743201b625eadc00b27db60eab9{\nvertical-align:top;\n}\n.responsive #top #wrap_all .flex_cell.av-av_cell_one_fifth-5227a743201b625eadc00b27db60eab9{\npadding:30px 30px 30px 30px !important;\n}\n<\/style>\n<div class='flex_cell av-av_cell_one_fifth-5227a743201b625eadc00b27db60eab9 av-gridrow-cell av_one_fifth no_margin  avia-builder-el-16  el_after_av_cell_one_fifth  el_before_av_cell_one_fifth ' ><div class='flex_cell_inner'><\/div><\/div>\n<style type=\"text\/css\" data-created_by=\"avia_inline_auto\" id=\"style-css-av-av_cell_one_fifth-5227a743201b625eadc00b27db60eab9\">\n.flex_cell.av-av_cell_one_fifth-5227a743201b625eadc00b27db60eab9{\nvertical-align:top;\n}\n.responsive #top #wrap_all .flex_cell.av-av_cell_one_fifth-5227a743201b625eadc00b27db60eab9{\npadding:30px 30px 30px 30px !important;\n}\n<\/style>\n<div class='flex_cell av-av_cell_one_fifth-5227a743201b625eadc00b27db60eab9 av-gridrow-cell av_one_fifth no_margin  avia-builder-el-17  el_after_av_cell_one_fifth  avia-builder-el-last ' ><div class='flex_cell_inner'>\n<style type=\"text\/css\" data-created_by=\"avia_inline_auto\" id=\"style-css-av-av_image-443fce1f8c2f34771860dfc3877e47f7\">\n.avia-image-container.av-av_image-443fce1f8c2f34771860dfc3877e47f7 img.avia_image{\nbox-shadow:none;\n}\n.avia-image-container.av-av_image-443fce1f8c2f34771860dfc3877e47f7 .av-image-caption-overlay-center{\ncolor:#ffffff;\n}\n<\/style>\n<div  class='avia-image-container av-av_image-443fce1f8c2f34771860dfc3877e47f7 av-styling- avia-align-center  avia-builder-el-18  avia-builder-el-no-sibling '   itemprop=\"image\" itemscope=\"itemscope\" itemtype=\"https:\/\/schema.org\/ImageObject\" ><div class=\"avia-image-container-inner\"><div class=\"avia-image-overlay-wrap\"><a href=\"https:\/\/aulaabierta.arasaac.org\/pt-pt\/picto-selector-17-exemplos-de-uso\" class='avia_image' ><img decoding=\"async\" class='wp-image-23496 avia-img-lazy-loading-not-23496 avia_image ' src=\"https:\/\/aulaabierta.arasaac.org\/wp-content\/uploads\/2016\/12\/next-80x80.png\" alt='' title='next'  height=\"80\" width=\"80\"  itemprop=\"thumbnailUrl\" srcset=\"https:\/\/aulaabierta.arasaac.org\/wp-content\/uploads\/2016\/12\/next-80x80.png 80w, https:\/\/aulaabierta.arasaac.org\/wp-content\/uploads\/2016\/12\/next-36x36.png 36w, https:\/\/aulaabierta.arasaac.org\/wp-content\/uploads\/2016\/12\/next-120x120.png 120w, https:\/\/aulaabierta.arasaac.org\/wp-content\/uploads\/2016\/12\/next.png 128w\" sizes=\"(max-width: 80px) 100vw, 80px\" \/><\/a><\/div><\/div><\/div>\n<\/div><\/div>\n<\/div>\n","protected":false},"excerpt":{"rendered":"","protected":false},"author":5,"featured_media":23553,"parent":0,"menu_order":0,"comment_status":"closed","ping_status":"closed","template":"","meta":{"om_disable_all_campaigns":false,"_monsterinsights_skip_tracking":false,"_monsterinsights_sitenote_active":false,"_monsterinsights_sitenote_note":"","_monsterinsights_sitenote_category":0,"_uf_show_specific_survey":0,"_uf_disable_surveys":false,"footnotes":""},"class_list":["post-82648","page","type-page","status-publish","has-post-thumbnail","hentry"],"aioseo_notices":[],"_links":{"self":[{"href":"https:\/\/aulaabierta.arasaac.org\/pt-pt\/wp-json\/wp\/v2\/pages\/82648","targetHints":{"allow":["GET"]}}],"collection":[{"href":"https:\/\/aulaabierta.arasaac.org\/pt-pt\/wp-json\/wp\/v2\/pages"}],"about":[{"href":"https:\/\/aulaabierta.arasaac.org\/pt-pt\/wp-json\/wp\/v2\/types\/page"}],"author":[{"embeddable":true,"href":"https:\/\/aulaabierta.arasaac.org\/pt-pt\/wp-json\/wp\/v2\/users\/5"}],"replies":[{"embeddable":true,"href":"https:\/\/aulaabierta.arasaac.org\/pt-pt\/wp-json\/wp\/v2\/comments?post=82648"}],"version-history":[{"count":5,"href":"https:\/\/aulaabierta.arasaac.org\/pt-pt\/wp-json\/wp\/v2\/pages\/82648\/revisions"}],"predecessor-version":[{"id":138808,"href":"https:\/\/aulaabierta.arasaac.org\/pt-pt\/wp-json\/wp\/v2\/pages\/82648\/revisions\/138808"}],"wp:featuredmedia":[{"embeddable":true,"href":"https:\/\/aulaabierta.arasaac.org\/pt-pt\/wp-json\/wp\/v2\/media\/23553"}],"wp:attachment":[{"href":"https:\/\/aulaabierta.arasaac.org\/pt-pt\/wp-json\/wp\/v2\/media?parent=82648"}],"curies":[{"name":"wp","href":"https:\/\/api.w.org\/{rel}","templated":true}]}}