{"id":82884,"date":"2018-11-19T13:22:54","date_gmt":"2018-11-19T12:22:54","guid":{"rendered":"https:\/\/aulaabierta.arasaac.org\/symbotalk-4-como-funciona"},"modified":"2023-02-09T11:29:23","modified_gmt":"2023-02-09T10:29:23","slug":"symbotalk-4-como-funciona-pt","status":"publish","type":"page","link":"https:\/\/aulaabierta.arasaac.org\/pt-pt\/symbotalk-4-como-funciona-pt","title":{"rendered":"Symbotalk &#8211; 4 &#8211; Como funciona o Symbotalk?"},"content":{"rendered":"<div id='av-layout-grid-1'  class='av-layout-grid-container av-75ttxka-6a058204fb8aa27856587e95192c8787 entry-content-wrapper alternate_color av-border-cells av-flex-cells  avia-builder-el-0  el_before_av_textblock  avia-builder-el-first   container_wrap fullsize'  >\n\n<style type=\"text\/css\" data-created_by=\"avia_inline_auto\" id=\"style-css-av-6ssfs8a-3060f475e74878fa5fdae4017fac9d74\">\n.flex_cell.av-6ssfs8a-3060f475e74878fa5fdae4017fac9d74{\nvertical-align:top;\n}\n.responsive #top #wrap_all .flex_cell.av-6ssfs8a-3060f475e74878fa5fdae4017fac9d74{\npadding:30px 30px 30px 30px !important;\n}\n<\/style>\n<div class='flex_cell av-6ssfs8a-3060f475e74878fa5fdae4017fac9d74 av-gridrow-cell av_one_fifth no_margin  avia-builder-el-1  el_before_av_cell_four_fifth  avia-builder-el-first ' ><div class='flex_cell_inner'>\n<style type=\"text\/css\" data-created_by=\"avia_inline_auto\" id=\"style-css-av-69o4jre-82d4f36bfd9c3c3aafda4dfaeb530d06\">\n.avia-image-container.av-69o4jre-82d4f36bfd9c3c3aafda4dfaeb530d06 img.avia_image{\nbox-shadow:none;\n}\n.avia-image-container.av-69o4jre-82d4f36bfd9c3c3aafda4dfaeb530d06 .av-caption-image-overlay-bg{\nopacity:0.4;\nbackground-color:#000000;\n}\n.avia-image-container.av-69o4jre-82d4f36bfd9c3c3aafda4dfaeb530d06 .av-image-caption-overlay-center{\ncolor:#ffffff;\n}\n<\/style>\n<div  class='avia-image-container av-69o4jre-82d4f36bfd9c3c3aafda4dfaeb530d06 av-styling- avia-align-left  avia-builder-el-2  avia-builder-el-no-sibling  noHover av-overlay-on-hover'   itemprop=\"image\" itemscope=\"itemscope\" itemtype=\"https:\/\/schema.org\/ImageObject\" ><div class=\"avia-image-container-inner\"><div class=\"avia-image-overlay-wrap\"><a href=\"https:\/\/aulaabierta.arasaac.org\/pt-pt\/symbotalk-0-inicio-pt\" class='avia_image' ><div class=\"av-image-caption-overlay\"><div class=\"av-caption-image-overlay-bg\"><\/div><div class=\"av-image-caption-overlay-position\"><div class=\"av-image-caption-overlay-center\"><p>De volta ao topo<\/p>\n<\/div><\/div><\/div><img decoding=\"async\" class='wp-image-34810 avia-img-lazy-loading-not-34810 avia_image ' src=\"https:\/\/aulaabierta.arasaac.org\/wp-content\/uploads\/2018\/06\/Symbotalk_ARASAAC-300x300.png\" alt='' title='Symbotalk_ARASAAC'  height=\"300\" width=\"300\"  itemprop=\"thumbnailUrl\" srcset=\"https:\/\/aulaabierta.arasaac.org\/wp-content\/uploads\/2018\/06\/Symbotalk_ARASAAC-300x300.png 300w, https:\/\/aulaabierta.arasaac.org\/wp-content\/uploads\/2018\/06\/Symbotalk_ARASAAC-80x80.png 80w, https:\/\/aulaabierta.arasaac.org\/wp-content\/uploads\/2018\/06\/Symbotalk_ARASAAC-768x767.png 768w, https:\/\/aulaabierta.arasaac.org\/wp-content\/uploads\/2018\/06\/Symbotalk_ARASAAC-1030x1030.png 1030w, https:\/\/aulaabierta.arasaac.org\/wp-content\/uploads\/2018\/06\/Symbotalk_ARASAAC-36x36.png 36w, https:\/\/aulaabierta.arasaac.org\/wp-content\/uploads\/2018\/06\/Symbotalk_ARASAAC-180x180.png 180w, https:\/\/aulaabierta.arasaac.org\/wp-content\/uploads\/2018\/06\/Symbotalk_ARASAAC-705x705.png 705w, https:\/\/aulaabierta.arasaac.org\/wp-content\/uploads\/2018\/06\/Symbotalk_ARASAAC-120x120.png 120w, https:\/\/aulaabierta.arasaac.org\/wp-content\/uploads\/2018\/06\/Symbotalk_ARASAAC-450x450.png 450w, https:\/\/aulaabierta.arasaac.org\/wp-content\/uploads\/2018\/06\/Symbotalk_ARASAAC.png 1042w\" sizes=\"(max-width: 300px) 100vw, 300px\" \/><\/a><\/div><\/div><\/div>\n<\/div><\/div>\n<style type=\"text\/css\" data-created_by=\"avia_inline_auto\" id=\"style-css-av-5lbbh62-87e65bc2930ec3aa14c52ff54fabac66\">\n.flex_cell.av-5lbbh62-87e65bc2930ec3aa14c52ff54fabac66{\nvertical-align:middle;\n}\n.responsive #top #wrap_all .flex_cell.av-5lbbh62-87e65bc2930ec3aa14c52ff54fabac66{\npadding:30px 30px 30px 30px !important;\n}\n<\/style>\n<div class='flex_cell av-5lbbh62-87e65bc2930ec3aa14c52ff54fabac66 av-gridrow-cell av_four_fifth no_margin  avia-builder-el-3  el_after_av_cell_one_fifth  avia-builder-el-last ' ><div class='flex_cell_inner'>\n<style type=\"text\/css\" data-created_by=\"avia_inline_auto\" id=\"style-css-av-5hvygmi-925dc62f8f2e00762c9a4d803b6112a2\">\n#top .av-special-heading.av-5hvygmi-925dc62f8f2e00762c9a4d803b6112a2{\npadding-bottom:0;\n}\nbody .av-special-heading.av-5hvygmi-925dc62f8f2e00762c9a4d803b6112a2 .av-special-heading-tag .heading-char{\nfont-size:25px;\n}\n#top #wrap_all .av-special-heading.av-5hvygmi-925dc62f8f2e00762c9a4d803b6112a2 .av-special-heading-tag{\nfont-size:26px;\n}\n.av-special-heading.av-5hvygmi-925dc62f8f2e00762c9a4d803b6112a2 .av-subheading{\nfont-size:15px;\n}\n<\/style>\n<div  class='av-special-heading av-5hvygmi-925dc62f8f2e00762c9a4d803b6112a2 av-special-heading-h2  avia-builder-el-4  avia-builder-el-no-sibling '><h2 class='av-special-heading-tag'  itemprop=\"headline\"  >4. COMO FUNCIONA O SYMBOTALK?<\/h2><div class=\"special-heading-border\"><div class=\"special-heading-inner-border\"><\/div><\/div><\/div>\n<\/div><\/div>\n<\/div><div id='after_grid_row_1'  class='main_color av_default_container_wrap container_wrap fullsize'  ><div class='container av-section-cont-open' ><div class='template-page content  av-content-full alpha units'><div class='post-entry post-entry-type-page post-entry-82884'><div class='entry-content-wrapper clearfix'>\n\n<style type=\"text\/css\" data-created_by=\"avia_inline_auto\" id=\"style-css-av-4xm5bai-79f134085512721fdac5da02d42a262f\">\n#top .av_textblock_section.av-4xm5bai-79f134085512721fdac5da02d42a262f .avia_textblock{\nfont-size:16px;\n}\n<\/style>\n<section  class='av_textblock_section av-4xm5bai-79f134085512721fdac5da02d42a262f'  itemscope=\"itemscope\" itemtype=\"https:\/\/schema.org\/CreativeWork\" ><div class='avia_textblock'  itemprop=\"text\" ><h6 style=\"text-align: center;\"><img loading=\"lazy\" decoding=\"async\" class=\"aligncenter size-full wp-image-932\" src=\"https:\/\/aulaabierta.arasaac.org\/wp-content\/uploads\/2016\/12\/by-nc-sa.eu_petit.png\" alt=\"\" width=\"118\" height=\"41\">Este trabalho \u00e9 licenciado sob uma <a href=\"http:\/\/creativecommons.org\/licenses\/by-nc-sa\/4.0\/\" rel=\"license\">licen\u00e7a internacional Creative Commons Attribution-NonCommercial-ShareAlike 4.0 International.<\/a><\/h6>\n<h4><strong>1. Modo de edi\u00e7\u00e3o: Placas e c\u00e9lulas.<\/strong><\/h4>\n<p>Antes de come\u00e7ar a criar os nossos primeiros conselhos de comunica\u00e7\u00e3o, \u00e9 importante saber como funciona o <strong>SymboTalk<\/strong>, para aprender a criar las <strong>cellse<\/strong>organizar <strong>placas<\/strong>e perfis.<\/p>\n<p>Na janela principal do <strong>SymboTalk<\/strong>, s\u00e3o apresentados dois modos de funcionamento: <strong>Modo de Edi\u00e7\u00e3o<\/strong> e <strong>Modo de Utilizador<\/strong>. Neste cap\u00edtulo, vamos trabalhar com o Modo editar, pois dedicaremos um cap\u00edtulo ao Modo utilizador mais tarde.<\/p>\n<p>O <strong>Modo de Edi\u00e7\u00e3o<\/strong> permite-nos <strong>criar e editar placas e c\u00e9lulas<\/strong>, bem como <strong>gerir perfis<\/strong>.<\/p>\n<p><img loading=\"lazy\" decoding=\"async\" class=\"alignnone size-full wp-image-12634\" src=\"https:\/\/aulaabierta.arasaac.org\/wp-content\/uploads\/2018\/11\/symbotalk_4_1.jpg\" alt=\"\" width=\"1213\" height=\"467\" srcset=\"https:\/\/aulaabierta.arasaac.org\/wp-content\/uploads\/2018\/11\/symbotalk_4_1.jpg 1213w, https:\/\/aulaabierta.arasaac.org\/wp-content\/uploads\/2018\/11\/symbotalk_4_1-300x115.jpg 300w, https:\/\/aulaabierta.arasaac.org\/wp-content\/uploads\/2018\/11\/symbotalk_4_1-768x296.jpg 768w, https:\/\/aulaabierta.arasaac.org\/wp-content\/uploads\/2018\/11\/symbotalk_4_1-1030x397.jpg 1030w, https:\/\/aulaabierta.arasaac.org\/wp-content\/uploads\/2018\/11\/symbotalk_4_1-705x271.jpg 705w, https:\/\/aulaabierta.arasaac.org\/wp-content\/uploads\/2018\/11\/symbotalk_4_1-450x173.jpg 450w\" sizes=\"auto, (max-width: 1213px) 100vw, 1213px\" \/><\/p>\n<p>Na parte inferior, sob o bot\u00e3o <strong>Iniciar<\/strong>, observamos que, por padr\u00e3o, temos 14 placas e 1 perfil.<\/p>\n<p>Para saber um pouco melhor como funciona o <strong>SymboTalk<\/strong>, vamos clicar em <strong>14 pranchas<\/strong>.<\/p>\n<p><img loading=\"lazy\" decoding=\"async\" class=\"alignnone size-full wp-image-12635\" src=\"https:\/\/aulaabierta.arasaac.org\/wp-content\/uploads\/2018\/11\/symbotalk_4_2.jpg\" alt=\"\" width=\"1212\" height=\"464\" srcset=\"https:\/\/aulaabierta.arasaac.org\/wp-content\/uploads\/2018\/11\/symbotalk_4_2.jpg 1212w, https:\/\/aulaabierta.arasaac.org\/wp-content\/uploads\/2018\/11\/symbotalk_4_2-300x115.jpg 300w, https:\/\/aulaabierta.arasaac.org\/wp-content\/uploads\/2018\/11\/symbotalk_4_2-768x294.jpg 768w, https:\/\/aulaabierta.arasaac.org\/wp-content\/uploads\/2018\/11\/symbotalk_4_2-1030x394.jpg 1030w, https:\/\/aulaabierta.arasaac.org\/wp-content\/uploads\/2018\/11\/symbotalk_4_2-705x270.jpg 705w, https:\/\/aulaabierta.arasaac.org\/wp-content\/uploads\/2018\/11\/symbotalk_4_2-450x172.jpg 450w\" sizes=\"auto, (max-width: 1212px) 100vw, 1212px\" \/><\/p>\n<p>Desta forma, acedemos \u00e0 <strong>lista de placas predefinidas<\/strong>. Cada um deles \u00e9 atribu\u00eddo <strong>Nome<\/strong>que o identifica, a <strong>Data<\/strong>em que foi criado e informa\u00e7\u00e3o do <strong>N\u00famero de C\u00e9lulas e Distribui\u00e7\u00e3o.<\/strong> No nosso caso, todas as placas predefinidas t\u00eam 15 c\u00e9lulas organizadas em 5 colunas x 3 linhas.<\/p>\n<p><img loading=\"lazy\" decoding=\"async\" class=\"alignnone size-full wp-image-12627\" src=\"https:\/\/aulaabierta.arasaac.org\/wp-content\/uploads\/2018\/11\/symbotalk_4_3.jpg\" alt=\"\" width=\"1214\" height=\"916\" srcset=\"https:\/\/aulaabierta.arasaac.org\/wp-content\/uploads\/2018\/11\/symbotalk_4_3.jpg 1214w, https:\/\/aulaabierta.arasaac.org\/wp-content\/uploads\/2018\/11\/symbotalk_4_3-300x226.jpg 300w, https:\/\/aulaabierta.arasaac.org\/wp-content\/uploads\/2018\/11\/symbotalk_4_3-768x579.jpg 768w, https:\/\/aulaabierta.arasaac.org\/wp-content\/uploads\/2018\/11\/symbotalk_4_3-1030x777.jpg 1030w, https:\/\/aulaabierta.arasaac.org\/wp-content\/uploads\/2018\/11\/symbotalk_4_3-705x532.jpg 705w, https:\/\/aulaabierta.arasaac.org\/wp-content\/uploads\/2018\/11\/symbotalk_4_3-450x340.jpg 450w\" sizes=\"auto, (max-width: 1214px) 100vw, 1214px\" \/><\/p>\n<p>Clicamos no quadro <strong>principal<\/strong>e observamos a distribui\u00e7\u00e3o das <strong>c\u00e9lulas<\/strong>. Se olhar de perto, algumas c\u00e9lulas t\u00eam uma<strong>lingueta azul<\/strong> no canto superior direito. Esse separador diz-nos que esta c\u00e9lula est\u00e1 <strong>ligada a outro quadro<\/strong> da nossa lista.<\/p>\n<p><img loading=\"lazy\" decoding=\"async\" class=\"alignnone size-full wp-image-12629\" src=\"https:\/\/aulaabierta.arasaac.org\/wp-content\/uploads\/2018\/11\/symbotalk_4_5.jpg\" alt=\"\" width=\"1211\" height=\"913\" srcset=\"https:\/\/aulaabierta.arasaac.org\/wp-content\/uploads\/2018\/11\/symbotalk_4_5.jpg 1211w, https:\/\/aulaabierta.arasaac.org\/wp-content\/uploads\/2018\/11\/symbotalk_4_5-300x226.jpg 300w, https:\/\/aulaabierta.arasaac.org\/wp-content\/uploads\/2018\/11\/symbotalk_4_5-768x579.jpg 768w, https:\/\/aulaabierta.arasaac.org\/wp-content\/uploads\/2018\/11\/symbotalk_4_5-1030x777.jpg 1030w, https:\/\/aulaabierta.arasaac.org\/wp-content\/uploads\/2018\/11\/symbotalk_4_5-705x532.jpg 705w, https:\/\/aulaabierta.arasaac.org\/wp-content\/uploads\/2018\/11\/symbotalk_4_5-450x339.jpg 450w\" sizes=\"auto, (max-width: 1211px) 100vw, 1211px\" \/><\/p>\n<p>Se clicarmos na c\u00e9lula alimentar, vemos como saltamos para outra placa que na nossa lista de placas se chamava Comida.<\/p>\n<p><img loading=\"lazy\" decoding=\"async\" class=\"alignnone size-full wp-image-12630\" src=\"https:\/\/aulaabierta.arasaac.org\/wp-content\/uploads\/2018\/11\/symbotalk_4_6.jpg\" alt=\"\" width=\"1210\" height=\"917\" srcset=\"https:\/\/aulaabierta.arasaac.org\/wp-content\/uploads\/2018\/11\/symbotalk_4_6.jpg 1210w, https:\/\/aulaabierta.arasaac.org\/wp-content\/uploads\/2018\/11\/symbotalk_4_6-300x227.jpg 300w, https:\/\/aulaabierta.arasaac.org\/wp-content\/uploads\/2018\/11\/symbotalk_4_6-768x582.jpg 768w, https:\/\/aulaabierta.arasaac.org\/wp-content\/uploads\/2018\/11\/symbotalk_4_6-1030x781.jpg 1030w, https:\/\/aulaabierta.arasaac.org\/wp-content\/uploads\/2018\/11\/symbotalk_4_6-705x534.jpg 705w, https:\/\/aulaabierta.arasaac.org\/wp-content\/uploads\/2018\/11\/symbotalk_4_6-450x341.jpg 450w\" sizes=\"auto, (max-width: 1210px) 100vw, 1210px\" \/><\/p>\n<p>Neste tabuleiro, podemos apreciar como algumas c\u00e9lulas (por exemplo: frutas e legumes) tamb\u00e9m est\u00e3o ligadas, por isso, quando clicarmos nelas, v\u00e3o direcionar-nos para outras placas ligadas.<\/p>\n<p><img loading=\"lazy\" decoding=\"async\" class=\"alignnone size-full wp-image-12631\" src=\"https:\/\/aulaabierta.arasaac.org\/wp-content\/uploads\/2018\/11\/symbotalk_4_7.jpg\" alt=\"\" width=\"1211\" height=\"914\" srcset=\"https:\/\/aulaabierta.arasaac.org\/wp-content\/uploads\/2018\/11\/symbotalk_4_7.jpg 1211w, https:\/\/aulaabierta.arasaac.org\/wp-content\/uploads\/2018\/11\/symbotalk_4_7-300x226.jpg 300w, https:\/\/aulaabierta.arasaac.org\/wp-content\/uploads\/2018\/11\/symbotalk_4_7-768x580.jpg 768w, https:\/\/aulaabierta.arasaac.org\/wp-content\/uploads\/2018\/11\/symbotalk_4_7-1030x777.jpg 1030w, https:\/\/aulaabierta.arasaac.org\/wp-content\/uploads\/2018\/11\/symbotalk_4_7-705x532.jpg 705w, https:\/\/aulaabierta.arasaac.org\/wp-content\/uploads\/2018\/11\/symbotalk_4_7-450x340.jpg 450w\" sizes=\"auto, (max-width: 1211px) 100vw, 1211px\" \/><\/p>\n<p>Esta estrutura de <strong>liga\u00e7\u00f5es entre as diferentes placas<\/strong> \u00e9 a <strong>chave para o funcionamento<\/strong>do <strong>SymboTalk.<\/strong><\/p>\n<p>Por isso, a primeira coisa que temos de fazer \u00e9 criar os quadros que possamos precisar para os nossos utilizadores e, posteriormente, lig\u00e1-los numa <strong>estrutura comunicativa de acordo com as capacidades e necessidades do utilizador..<\/strong> Dependendo da evolu\u00e7\u00e3o, adicionaremos e modificaremos o tamanho ou n\u00famero de placas no seu perfil.<\/p>\n<p>\u00c9 importante notar que o <strong>SymboTalk<\/strong> tamb\u00e9m nos permite <strong>criar placas simples<\/strong> de uma, duas, quatro ou 16 c\u00e9lulas sem liga\u00e7\u00f5es, para que possa ser usada nas<strong>fases iniciais da comunica\u00e7\u00e3o<\/strong>(desde o efeito causa com 1 ou 2 c\u00e9lulas, at\u00e9 ao uso da palavra-frase).<\/p>\n<h4><strong>2. Modo de edi\u00e7\u00e3o: Perfis.<\/strong><\/h4>\n<p>Uma vez definidas e criadas as placas iniciais, devemos associ\u00e1-las a um utilizador espec\u00edfico, criando um <strong>Perfil<\/strong>, que ser\u00e1 o utilizado no <strong>Modo utilizador.<\/strong><\/p>\n<p><img loading=\"lazy\" decoding=\"async\" class=\"alignnone size-full wp-image-12636\" src=\"https:\/\/aulaabierta.arasaac.org\/wp-content\/uploads\/2018\/11\/symbotalk_4_8.jpg\" alt=\"\" width=\"1209\" height=\"483\" srcset=\"https:\/\/aulaabierta.arasaac.org\/wp-content\/uploads\/2018\/11\/symbotalk_4_8.jpg 1209w, https:\/\/aulaabierta.arasaac.org\/wp-content\/uploads\/2018\/11\/symbotalk_4_8-300x120.jpg 300w, https:\/\/aulaabierta.arasaac.org\/wp-content\/uploads\/2018\/11\/symbotalk_4_8-768x307.jpg 768w, https:\/\/aulaabierta.arasaac.org\/wp-content\/uploads\/2018\/11\/symbotalk_4_8-1030x411.jpg 1030w, https:\/\/aulaabierta.arasaac.org\/wp-content\/uploads\/2018\/11\/symbotalk_4_8-705x282.jpg 705w, https:\/\/aulaabierta.arasaac.org\/wp-content\/uploads\/2018\/11\/symbotalk_4_8-450x180.jpg 450w\" sizes=\"auto, (max-width: 1209px) 100vw, 1209px\" \/><\/p>\n<p>Como exemplo e clicando no perfil que est\u00e1 associado por padr\u00e3o, vemos que existe um Utilizador chamado Utilizador. Ao editar este perfil, vemos que estabeleceu por defeito o Main estabelecido, a partir do qual o comunicador come\u00e7ar\u00e1 no Modo utilizador. Podemos alterar o quadro inicial selecionando outro quadro da lista.<\/p>\n<p><img loading=\"lazy\" decoding=\"async\" class=\"alignnone size-full wp-image-12633\" src=\"https:\/\/aulaabierta.arasaac.org\/wp-content\/uploads\/2018\/11\/symbotalk_4_9.jpg\" alt=\"\" width=\"1212\" height=\"713\" srcset=\"https:\/\/aulaabierta.arasaac.org\/wp-content\/uploads\/2018\/11\/symbotalk_4_9.jpg 1212w, https:\/\/aulaabierta.arasaac.org\/wp-content\/uploads\/2018\/11\/symbotalk_4_9-300x176.jpg 300w, https:\/\/aulaabierta.arasaac.org\/wp-content\/uploads\/2018\/11\/symbotalk_4_9-768x452.jpg 768w, https:\/\/aulaabierta.arasaac.org\/wp-content\/uploads\/2018\/11\/symbotalk_4_9-1030x606.jpg 1030w, https:\/\/aulaabierta.arasaac.org\/wp-content\/uploads\/2018\/11\/symbotalk_4_9-705x415.jpg 705w, https:\/\/aulaabierta.arasaac.org\/wp-content\/uploads\/2018\/11\/symbotalk_4_9-450x265.jpg 450w\" sizes=\"auto, (max-width: 1212px) 100vw, 1212px\" \/><\/p>\n<p>Para aprender a gerir perfis, pode consult\u00e1-lo no <a href=\"https:\/\/aulaabierta.arasaac.org\/pt-pt\/symboltalk-8-gerenciamento-perfis\"><strong>cap\u00edtulo 8<\/strong><\/a> deste tutorial.<\/p>\n<\/div><\/section>\n<\/div><\/div><\/div><!-- close content main div --><\/div><\/div><div id='av-layout-grid-2'  class='av-layout-grid-container av-4evl6wa-4c901a511d61f01990ef801b93dbc711 entry-content-wrapper main_color av-border-top-bottom av-flex-cells  avia-builder-el-6  el_after_av_textblock  avia-builder-el-last  grid-row-not-first  container_wrap fullsize'  >\n\n<style type=\"text\/css\" data-created_by=\"avia_inline_auto\" id=\"style-css-av-3rho4cq-1ab853d19c421b9ad3b90612f856194b\">\n.flex_cell.av-3rho4cq-1ab853d19c421b9ad3b90612f856194b{\nvertical-align:top;\n}\n.responsive #top #wrap_all .flex_cell.av-3rho4cq-1ab853d19c421b9ad3b90612f856194b{\npadding:30px 30px 30px 30px !important;\n}\n<\/style>\n<div class='flex_cell av-3rho4cq-1ab853d19c421b9ad3b90612f856194b av-gridrow-cell av_one_fifth no_margin  avia-builder-el-7  el_before_av_cell_one_fifth  avia-builder-el-first ' ><div class='flex_cell_inner'>\n<style type=\"text\/css\" data-created_by=\"avia_inline_auto\" id=\"style-css-av-3akayp6-7009e48f57b12513f7dc30cc4da426c1\">\n.avia-image-container.av-3akayp6-7009e48f57b12513f7dc30cc4da426c1 img.avia_image{\nbox-shadow:none;\n}\n.avia-image-container.av-3akayp6-7009e48f57b12513f7dc30cc4da426c1 .av-image-caption-overlay-center{\ncolor:#ffffff;\n}\n<\/style>\n<div  class='avia-image-container av-3akayp6-7009e48f57b12513f7dc30cc4da426c1 av-styling- avia-align-center  avia-builder-el-8  avia-builder-el-no-sibling '   itemprop=\"image\" itemscope=\"itemscope\" itemtype=\"https:\/\/schema.org\/ImageObject\" ><div class=\"avia-image-container-inner\"><div class=\"avia-image-overlay-wrap\"><a href=\"https:\/\/aulaabierta.arasaac.org\/pt-pt\/symbotalk-3-primeira-configuracoes-pt\" class='avia_image' ><img decoding=\"async\" class='wp-image-23493 avia-img-lazy-loading-not-23493 avia_image ' src=\"https:\/\/aulaabierta.arasaac.org\/wp-content\/uploads\/2016\/12\/before-80x80.png\" alt='' title='before'  height=\"80\" width=\"80\"  itemprop=\"thumbnailUrl\" srcset=\"https:\/\/aulaabierta.arasaac.org\/wp-content\/uploads\/2016\/12\/before-80x80.png 80w, https:\/\/aulaabierta.arasaac.org\/wp-content\/uploads\/2016\/12\/before-36x36.png 36w, https:\/\/aulaabierta.arasaac.org\/wp-content\/uploads\/2016\/12\/before-120x120.png 120w, https:\/\/aulaabierta.arasaac.org\/wp-content\/uploads\/2016\/12\/before.png 128w\" sizes=\"(max-width: 80px) 100vw, 80px\" \/><\/a><\/div><\/div><\/div>\n<\/div><\/div>\n<style type=\"text\/css\" data-created_by=\"avia_inline_auto\" id=\"style-css-av-36okj0q-f5e09d65a0e9e36484278088f86ba2c6\">\n.flex_cell.av-36okj0q-f5e09d65a0e9e36484278088f86ba2c6{\nvertical-align:top;\n}\n.responsive #top #wrap_all .flex_cell.av-36okj0q-f5e09d65a0e9e36484278088f86ba2c6{\npadding:30px 30px 30px 30px !important;\n}\n<\/style>\n<div class='flex_cell av-36okj0q-f5e09d65a0e9e36484278088f86ba2c6 av-gridrow-cell av_one_fifth no_margin  avia-builder-el-9  el_after_av_cell_one_fifth  el_before_av_cell_one_fifth ' ><div class='flex_cell_inner'><\/div><\/div>\n<style type=\"text\/css\" data-created_by=\"avia_inline_auto\" id=\"style-css-av-2mz29ey-1a5832e565f6a25eacc9b74213a5dc04\">\n.flex_cell.av-2mz29ey-1a5832e565f6a25eacc9b74213a5dc04{\nvertical-align:top;\n}\n.responsive #top #wrap_all .flex_cell.av-2mz29ey-1a5832e565f6a25eacc9b74213a5dc04{\npadding:30px 30px 30px 30px !important;\n}\n<\/style>\n<div class='flex_cell av-2mz29ey-1a5832e565f6a25eacc9b74213a5dc04 av-gridrow-cell av_one_fifth no_margin  avia-builder-el-10  el_after_av_cell_one_fifth  el_before_av_cell_one_fifth ' ><div class='flex_cell_inner'>\n<style type=\"text\/css\" data-created_by=\"avia_inline_auto\" id=\"style-css-av-21mwsq2-fbd7ca85b29c6a989ff93d6e80674488\">\n.avia-image-container.av-21mwsq2-fbd7ca85b29c6a989ff93d6e80674488 img.avia_image{\nbox-shadow:none;\n}\n.avia-image-container.av-21mwsq2-fbd7ca85b29c6a989ff93d6e80674488 .av-image-caption-overlay-center{\ncolor:#ffffff;\n}\n<\/style>\n<div  class='avia-image-container av-21mwsq2-fbd7ca85b29c6a989ff93d6e80674488 av-styling- avia-align-center  avia-builder-el-11  avia-builder-el-no-sibling '   itemprop=\"image\" itemscope=\"itemscope\" itemtype=\"https:\/\/schema.org\/ImageObject\" ><div class=\"avia-image-container-inner\"><div class=\"avia-image-overlay-wrap\"><a href=\"https:\/\/aulaabierta.arasaac.org\/pt-pt\/symbotalk-0-inicio-pt\" class='avia_image' ><img decoding=\"async\" class='wp-image-23499 avia-img-lazy-loading-not-23499 avia_image ' src=\"https:\/\/aulaabierta.arasaac.org\/wp-content\/uploads\/2016\/12\/casa-80x80.png\" alt='' title='In\u00edcio'  height=\"80\" width=\"80\"  itemprop=\"thumbnailUrl\" srcset=\"https:\/\/aulaabierta.arasaac.org\/wp-content\/uploads\/2016\/12\/casa-80x80.png 80w, https:\/\/aulaabierta.arasaac.org\/wp-content\/uploads\/2016\/12\/casa-300x300.png 300w, https:\/\/aulaabierta.arasaac.org\/wp-content\/uploads\/2016\/12\/casa-36x36.png 36w, https:\/\/aulaabierta.arasaac.org\/wp-content\/uploads\/2016\/12\/casa-180x180.png 180w, https:\/\/aulaabierta.arasaac.org\/wp-content\/uploads\/2016\/12\/casa-120x120.png 120w, https:\/\/aulaabierta.arasaac.org\/wp-content\/uploads\/2016\/12\/casa-450x450.png 450w, https:\/\/aulaabierta.arasaac.org\/wp-content\/uploads\/2016\/12\/casa.png 500w\" sizes=\"(max-width: 80px) 100vw, 80px\" \/><\/a><\/div><\/div><\/div>\n<\/div><\/div>\n<style type=\"text\/css\" data-created_by=\"avia_inline_auto\" id=\"style-css-av-1rww26i-618e5d5dce4c808d26c17599c56ab1e2\">\n.flex_cell.av-1rww26i-618e5d5dce4c808d26c17599c56ab1e2{\nvertical-align:top;\n}\n.responsive #top #wrap_all .flex_cell.av-1rww26i-618e5d5dce4c808d26c17599c56ab1e2{\npadding:30px 30px 30px 30px !important;\n}\n<\/style>\n<div class='flex_cell av-1rww26i-618e5d5dce4c808d26c17599c56ab1e2 av-gridrow-cell av_one_fifth no_margin  avia-builder-el-12  el_after_av_cell_one_fifth  el_before_av_cell_one_fifth ' ><div class='flex_cell_inner'><\/div><\/div>\n<style type=\"text\/css\" data-created_by=\"avia_inline_auto\" id=\"style-css-av-14iqezu-f6cc3fb281717be24b5fe0b313847ee2\">\n.flex_cell.av-14iqezu-f6cc3fb281717be24b5fe0b313847ee2{\nvertical-align:top;\n}\n.responsive #top #wrap_all .flex_cell.av-14iqezu-f6cc3fb281717be24b5fe0b313847ee2{\npadding:30px 30px 30px 30px !important;\n}\n<\/style>\n<div class='flex_cell av-14iqezu-f6cc3fb281717be24b5fe0b313847ee2 av-gridrow-cell av_one_fifth no_margin  avia-builder-el-13  el_after_av_cell_one_fifth  avia-builder-el-last ' ><div class='flex_cell_inner'>\n<style type=\"text\/css\" data-created_by=\"avia_inline_auto\" id=\"style-css-av-oxnii2-b78fe5d3ff9523fb81a11bd338830e8f\">\n.avia-image-container.av-oxnii2-b78fe5d3ff9523fb81a11bd338830e8f img.avia_image{\nbox-shadow:none;\n}\n.avia-image-container.av-oxnii2-b78fe5d3ff9523fb81a11bd338830e8f .av-image-caption-overlay-center{\ncolor:#ffffff;\n}\n<\/style>\n<div  class='avia-image-container av-oxnii2-b78fe5d3ff9523fb81a11bd338830e8f av-styling- avia-align-center  avia-builder-el-14  avia-builder-el-no-sibling '   itemprop=\"image\" itemscope=\"itemscope\" itemtype=\"https:\/\/schema.org\/ImageObject\" ><div class=\"avia-image-container-inner\"><div class=\"avia-image-overlay-wrap\"><a href=\"https:\/\/aulaabierta.arasaac.org\/pt-pt\/symbotalk-5-criar-vincular-quadro\" class='avia_image' ><img decoding=\"async\" class='wp-image-23496 avia-img-lazy-loading-not-23496 avia_image ' src=\"https:\/\/aulaabierta.arasaac.org\/wp-content\/uploads\/2016\/12\/next-80x80.png\" alt='' title='next'  height=\"80\" width=\"80\"  itemprop=\"thumbnailUrl\" srcset=\"https:\/\/aulaabierta.arasaac.org\/wp-content\/uploads\/2016\/12\/next-80x80.png 80w, https:\/\/aulaabierta.arasaac.org\/wp-content\/uploads\/2016\/12\/next-36x36.png 36w, https:\/\/aulaabierta.arasaac.org\/wp-content\/uploads\/2016\/12\/next-120x120.png 120w, https:\/\/aulaabierta.arasaac.org\/wp-content\/uploads\/2016\/12\/next.png 128w\" sizes=\"(max-width: 80px) 100vw, 80px\" \/><\/a><\/div><\/div><\/div>\n<\/div><\/div>\n<\/div>\n","protected":false},"excerpt":{"rendered":"","protected":false},"author":5,"featured_media":34810,"parent":0,"menu_order":0,"comment_status":"closed","ping_status":"closed","template":"","meta":{"om_disable_all_campaigns":false,"_monsterinsights_skip_tracking":false,"_monsterinsights_sitenote_active":false,"_monsterinsights_sitenote_note":"","_monsterinsights_sitenote_category":0,"_uf_show_specific_survey":0,"_uf_disable_surveys":false,"footnotes":""},"class_list":["post-82884","page","type-page","status-publish","has-post-thumbnail","hentry"],"aioseo_notices":[],"_links":{"self":[{"href":"https:\/\/aulaabierta.arasaac.org\/pt-pt\/wp-json\/wp\/v2\/pages\/82884","targetHints":{"allow":["GET"]}}],"collection":[{"href":"https:\/\/aulaabierta.arasaac.org\/pt-pt\/wp-json\/wp\/v2\/pages"}],"about":[{"href":"https:\/\/aulaabierta.arasaac.org\/pt-pt\/wp-json\/wp\/v2\/types\/page"}],"author":[{"embeddable":true,"href":"https:\/\/aulaabierta.arasaac.org\/pt-pt\/wp-json\/wp\/v2\/users\/5"}],"replies":[{"embeddable":true,"href":"https:\/\/aulaabierta.arasaac.org\/pt-pt\/wp-json\/wp\/v2\/comments?post=82884"}],"version-history":[{"count":8,"href":"https:\/\/aulaabierta.arasaac.org\/pt-pt\/wp-json\/wp\/v2\/pages\/82884\/revisions"}],"predecessor-version":[{"id":139068,"href":"https:\/\/aulaabierta.arasaac.org\/pt-pt\/wp-json\/wp\/v2\/pages\/82884\/revisions\/139068"}],"wp:featuredmedia":[{"embeddable":true,"href":"https:\/\/aulaabierta.arasaac.org\/pt-pt\/wp-json\/wp\/v2\/media\/34810"}],"wp:attachment":[{"href":"https:\/\/aulaabierta.arasaac.org\/pt-pt\/wp-json\/wp\/v2\/media?parent=82884"}],"curies":[{"name":"wp","href":"https:\/\/api.w.org\/{rel}","templated":true}]}}