{"id":83176,"date":"2017-12-05T07:56:56","date_gmt":"2017-12-05T06:56:56","guid":{"rendered":"https:\/\/aulaabierta.arasaac.org\/nuevas-mejoras-e-implementaciones"},"modified":"2023-02-09T11:29:27","modified_gmt":"2023-02-09T10:29:27","slug":"novas-melhorias-e-implementacoes","status":"publish","type":"page","link":"https:\/\/aulaabierta.arasaac.org\/pt-pt\/novas-melhorias-e-implementacoes","title":{"rendered":"Picto Selector &#8211; Novas melhorias e implementa\u00e7\u00f5es"},"content":{"rendered":"<div id='av-layout-grid-1'  class='av-layout-grid-container av-2k742y-d10a095925731c8618a4ef0b1276534c entry-content-wrapper alternate_color av-border-cells av-flex-cells  avia-builder-el-0  el_before_av_textblock  avia-builder-el-first   container_wrap fullsize'  >\n\n<style type=\"text\/css\" data-created_by=\"avia_inline_auto\" id=\"style-css-av-o1wza2-a59bbabb0313c102d702dde21425bb36\">\n.flex_cell.av-o1wza2-a59bbabb0313c102d702dde21425bb36{\nvertical-align:top;\n}\n.responsive #top #wrap_all .flex_cell.av-o1wza2-a59bbabb0313c102d702dde21425bb36{\npadding:30px 30px 30px 30px !important;\n}\n<\/style>\n<div class='flex_cell av-o1wza2-a59bbabb0313c102d702dde21425bb36 av-gridrow-cell av_one_fifth no_margin  avia-builder-el-1  el_before_av_cell_four_fifth  avia-builder-el-first ' ><div class='flex_cell_inner'>\n<style type=\"text\/css\" data-created_by=\"avia_inline_auto\" id=\"style-css-av-n0c3kq-f3f3bf857ac61521ab019d1685de0fc5\">\n.avia-image-container.av-n0c3kq-f3f3bf857ac61521ab019d1685de0fc5 img.avia_image{\nbox-shadow:none;\n}\n.avia-image-container.av-n0c3kq-f3f3bf857ac61521ab019d1685de0fc5 .av-caption-image-overlay-bg{\nopacity:0.4;\nbackground-color:#444444;\n}\n.avia-image-container.av-n0c3kq-f3f3bf857ac61521ab019d1685de0fc5 .av-image-caption-overlay-center{\ncolor:#ffffff;\n}\n<\/style>\n<div  class='avia-image-container av-n0c3kq-f3f3bf857ac61521ab019d1685de0fc5 av-styling- avia-align-left  avia-builder-el-2  avia-builder-el-no-sibling  noHover av-overlay-on-hover'   itemprop=\"image\" itemscope=\"itemscope\" itemtype=\"https:\/\/schema.org\/ImageObject\" ><div class=\"avia-image-container-inner\"><div class=\"avia-image-overlay-wrap\"><a href=\"https:\/\/aulaabierta.arasaac.org\/pt-pt\/picto-selector-inicio-pt\" class='avia_image' ><div class=\"av-image-caption-overlay\"><div class=\"av-caption-image-overlay-bg\"><\/div><div class=\"av-image-caption-overlay-position\"><div class=\"av-image-caption-overlay-center\"><p>De volta ao topo<\/p>\n<\/div><\/div><\/div><img decoding=\"async\" class='wp-image-23553 avia-img-lazy-loading-not-23553 avia_image ' src=\"https:\/\/aulaabierta.arasaac.org\/wp-content\/uploads\/2016\/12\/ordenador_pictoselector-300x300.png\" alt='' title='ordenador_pictoselector'  height=\"300\" width=\"300\"  itemprop=\"thumbnailUrl\" srcset=\"https:\/\/aulaabierta.arasaac.org\/wp-content\/uploads\/2016\/12\/ordenador_pictoselector-300x300.png 300w, https:\/\/aulaabierta.arasaac.org\/wp-content\/uploads\/2016\/12\/ordenador_pictoselector-80x80.png 80w, https:\/\/aulaabierta.arasaac.org\/wp-content\/uploads\/2016\/12\/ordenador_pictoselector-36x36.png 36w, https:\/\/aulaabierta.arasaac.org\/wp-content\/uploads\/2016\/12\/ordenador_pictoselector-180x180.png 180w, https:\/\/aulaabierta.arasaac.org\/wp-content\/uploads\/2016\/12\/ordenador_pictoselector-120x120.png 120w, https:\/\/aulaabierta.arasaac.org\/wp-content\/uploads\/2016\/12\/ordenador_pictoselector-450x450.png 450w, https:\/\/aulaabierta.arasaac.org\/wp-content\/uploads\/2016\/12\/ordenador_pictoselector.png 500w\" sizes=\"(max-width: 300px) 100vw, 300px\" \/><\/a><\/div><\/div><\/div>\n<\/div><\/div>\n<style type=\"text\/css\" data-created_by=\"avia_inline_auto\" id=\"style-css-av-25b9yi-67694739dd50b03901ed691447cd6314\">\n.flex_cell.av-25b9yi-67694739dd50b03901ed691447cd6314{\nvertical-align:middle;\n}\n.responsive #top #wrap_all .flex_cell.av-25b9yi-67694739dd50b03901ed691447cd6314{\npadding:30px 30px 30px 30px !important;\n}\n<\/style>\n<div class='flex_cell av-25b9yi-67694739dd50b03901ed691447cd6314 av-gridrow-cell av_four_fifth no_margin  avia-builder-el-3  el_after_av_cell_one_fifth  avia-builder-el-last ' ><div class='flex_cell_inner'>\n<style type=\"text\/css\" data-created_by=\"avia_inline_auto\" id=\"style-css-av-ipe93u-2ee7eb121468a5be2b88ee06cd29218e\">\n#top .av-special-heading.av-ipe93u-2ee7eb121468a5be2b88ee06cd29218e{\npadding-bottom:0;\n}\nbody .av-special-heading.av-ipe93u-2ee7eb121468a5be2b88ee06cd29218e .av-special-heading-tag .heading-char{\nfont-size:25px;\n}\n#top #wrap_all .av-special-heading.av-ipe93u-2ee7eb121468a5be2b88ee06cd29218e .av-special-heading-tag{\nfont-size:26px;\n}\n.av-special-heading.av-ipe93u-2ee7eb121468a5be2b88ee06cd29218e .av-subheading{\nfont-size:15px;\n}\n<\/style>\n<div  class='av-special-heading av-ipe93u-2ee7eb121468a5be2b88ee06cd29218e av-special-heading-h2  avia-builder-el-4  avia-builder-el-no-sibling '><h2 class='av-special-heading-tag'  itemprop=\"headline\"  >NOVAS MELHORIAS E IMPLEMENTA\u00c7\u00d5ES<\/h2><div class=\"special-heading-border\"><div class=\"special-heading-inner-border\"><\/div><\/div><\/div>\n<\/div><\/div>\n<\/div><div id='after_grid_row_1'  class='main_color av_default_container_wrap container_wrap fullsize'  ><div class='container av-section-cont-open' ><div class='template-page content  av-content-full alpha units'><div class='post-entry post-entry-type-page post-entry-83176'><div class='entry-content-wrapper clearfix'>\n<section  class='av_textblock_section av-i6olka-f9a2d9259b913b53481158021e3f1acb'  itemscope=\"itemscope\" itemtype=\"https:\/\/schema.org\/CreativeWork\" ><div class='avia_textblock'  itemprop=\"text\" ><p>Como ya hemos comentado a lo largo de este tutorial, <a href=\"https:\/\/www.pictoselector.eu\/es\/\" target=\"_blank\" rel=\"noopener\"><strong>Picto Selector<\/strong><\/a> es una <strong>herramienta din\u00e1mica<\/strong> y en continua<strong> actualizaci\u00f3n<\/strong>, por lo que iremos a\u00f1adiendo en este apartado las <strong>nueva mejoras e implementaciones<\/strong> que se vayan realizando en la misma en el futuro.<\/p>\n<\/div><\/section>\n<section  class='av_textblock_section av-gbprfu-f18017610136c836f40f2291517633a0'  itemscope=\"itemscope\" itemtype=\"https:\/\/schema.org\/CreativeWork\" ><div class='avia_textblock'  itemprop=\"text\" ><h6 style=\"text-align: center;\"><strong><img loading=\"lazy\" decoding=\"async\" class=\"aligncenter size-full wp-image-932\" src=\"https:\/\/aulaabierta.arasaac.org\/wp-content\/uploads\/2016\/12\/by-nc-sa.eu_petit.png\" alt=\"\" width=\"118\" height=\"41\" \/>Este obra est\u00e1 bajo una <a href=\"http:\/\/creativecommons.org\/licenses\/by-nc-sa\/4.0\/\" rel=\"license\">licencia de Creative Commons Reconocimiento-NoComercial-CompartirIgual 4.0 Internacional<\/a>.<\/strong><\/h6>\n<hr \/>\n<\/div><\/section>\n\n<style type=\"text\/css\" data-created_by=\"avia_inline_auto\" id=\"style-css-av-eucw7e-17bd4c8ed8156cd76b7f368e976c2144\">\n#top .av_textblock_section.av-eucw7e-17bd4c8ed8156cd76b7f368e976c2144 .avia_textblock{\nfont-size:16px;\n}\n<\/style>\n<section  class='av_textblock_section av-eucw7e-17bd4c8ed8156cd76b7f368e976c2144'  itemscope=\"itemscope\" itemtype=\"https:\/\/schema.org\/CreativeWork\" ><div class='avia_textblock'  itemprop=\"text\" ><h3>Adicione aos pictogramas o s\u00edmbolo do plural e dos tempos verbais (passado e futuro).<\/h3>\n<p>Para utilizar estas melhorias, tem de abrir o <a href=\"https:\/\/www.pictoselector.eu\/es\/\" target=\"_blank\" rel=\"noopener\"><strong>Picto Seletor<\/strong><\/a> e, a partir do menu <strong>Ajuda,<\/strong>clique em Procurar atualiza\u00e7\u00f5es para verificar se instal\u00e1mos a <strong>vers\u00e3o mais recente da aplica\u00e7\u00e3o.<\/strong><\/p>\n<p>Uma das melhorias sugeridas do <a href=\"http:\/\/www.arasaac.org\/\" target=\"_blank\" rel=\"noopener\"><strong>ARASAAC<\/strong><\/a> ao autor tem sido a possibilidade de incluir no topo do pictograma o <strong>s\u00edmbolo + do plural<\/strong> e as <strong>setas direcionais<\/strong> para indicar o <strong>verbo passado<\/strong> e <strong>futuro.<\/strong><\/p>\n<p>Podemos usar estas op\u00e7\u00f5es de duas maneiras: <strong>clicando duas vezes no pictograma<\/strong> para trazer a janela pop-up <strong>pictograma<\/strong> ou <strong>clicando \u00e0 direita<\/strong> no pictograma.<\/p>\n<p>Em ambos os casos, o menu <strong>Adicionar <\/strong>aparecer\u00e1 com v\u00e1riasop\u00e7\u00f5es: <strong>Nada Plural, Passado, Futuro<\/strong> e<strong> Personalizado.<\/strong><\/p>\n<p>La opci\u00f3n del <strong>Plural<\/strong> permite a\u00f1adir el <strong>s\u00edmbolo +<\/strong> en la parte superior derecha del pictograma tal como pod\u00e9is comprobar en estas capturas.<\/p>\n<p>Podemos usar a op\u00e7\u00e3o de clicar duas vezes no pictograma para que a janela pop-up apare\u00e7a a partir da qual selecionaremos a op\u00e7\u00e3o <strong>Adicionar<\/strong> e, mais tarde, <strong>plural <\/strong>para que o s\u00edmbolo + apare\u00e7a.<\/p>\n<p><img loading=\"lazy\" decoding=\"async\" class=\"aligncenter size-full wp-image-6573\" src=\"https:\/\/aulaabierta.arasaac.org\/wp-content\/uploads\/2017\/12\/Picto_Selector_Plural_0a.jpg\" alt=\"\" width=\"1366\" height=\"768\" srcset=\"https:\/\/aulaabierta.arasaac.org\/wp-content\/uploads\/2017\/12\/Picto_Selector_Plural_0a.jpg 1366w, https:\/\/aulaabierta.arasaac.org\/wp-content\/uploads\/2017\/12\/Picto_Selector_Plural_0a-300x169.jpg 300w, https:\/\/aulaabierta.arasaac.org\/wp-content\/uploads\/2017\/12\/Picto_Selector_Plural_0a-768x432.jpg 768w, https:\/\/aulaabierta.arasaac.org\/wp-content\/uploads\/2017\/12\/Picto_Selector_Plural_0a-1030x579.jpg 1030w, https:\/\/aulaabierta.arasaac.org\/wp-content\/uploads\/2017\/12\/Picto_Selector_Plural_0a-705x396.jpg 705w, https:\/\/aulaabierta.arasaac.org\/wp-content\/uploads\/2017\/12\/Picto_Selector_Plural_0a-450x253.jpg 450w\" sizes=\"auto, (max-width: 1366px) 100vw, 1366px\" \/><\/p>\n<p>Tamb\u00e9m podemos usar a op\u00e7\u00e3o de nos colocar no pictograma e pressionar o bot\u00e3o direito do mouse, de modo que apare\u00e7a o menu contextual a partir do qual podemos selecionar a op\u00e7\u00e3o <strong>Adicionar<\/strong> e, posteriormente, <strong>Plural<\/strong>.<\/p>\n<p><img loading=\"lazy\" decoding=\"async\" class=\"aligncenter size-full wp-image-6576\" src=\"https:\/\/aulaabierta.arasaac.org\/wp-content\/uploads\/2017\/12\/Picto_Selector_Plural_0-1.jpg\" alt=\"\" width=\"1366\" height=\"768\" srcset=\"https:\/\/aulaabierta.arasaac.org\/wp-content\/uploads\/2017\/12\/Picto_Selector_Plural_0-1.jpg 1366w, https:\/\/aulaabierta.arasaac.org\/wp-content\/uploads\/2017\/12\/Picto_Selector_Plural_0-1-300x169.jpg 300w, https:\/\/aulaabierta.arasaac.org\/wp-content\/uploads\/2017\/12\/Picto_Selector_Plural_0-1-768x432.jpg 768w, https:\/\/aulaabierta.arasaac.org\/wp-content\/uploads\/2017\/12\/Picto_Selector_Plural_0-1-1030x579.jpg 1030w, https:\/\/aulaabierta.arasaac.org\/wp-content\/uploads\/2017\/12\/Picto_Selector_Plural_0-1-705x396.jpg 705w, https:\/\/aulaabierta.arasaac.org\/wp-content\/uploads\/2017\/12\/Picto_Selector_Plural_0-1-450x253.jpg 450w\" sizes=\"auto, (max-width: 1366px) 100vw, 1366px\" \/><\/p>\n<p>Usando qualquer uma das duas formas, desta forma nosso quadro estar\u00e1 pronto para imprimir.<\/p>\n<p><img loading=\"lazy\" decoding=\"async\" class=\"aligncenter size-full wp-image-6567\" src=\"https:\/\/aulaabierta.arasaac.org\/wp-content\/uploads\/2017\/12\/Picto_Selector_Plural_1.jpg\" alt=\"\" width=\"1366\" height=\"768\" srcset=\"https:\/\/aulaabierta.arasaac.org\/wp-content\/uploads\/2017\/12\/Picto_Selector_Plural_1.jpg 1366w, https:\/\/aulaabierta.arasaac.org\/wp-content\/uploads\/2017\/12\/Picto_Selector_Plural_1-300x169.jpg 300w, https:\/\/aulaabierta.arasaac.org\/wp-content\/uploads\/2017\/12\/Picto_Selector_Plural_1-768x432.jpg 768w, https:\/\/aulaabierta.arasaac.org\/wp-content\/uploads\/2017\/12\/Picto_Selector_Plural_1-1030x579.jpg 1030w, https:\/\/aulaabierta.arasaac.org\/wp-content\/uploads\/2017\/12\/Picto_Selector_Plural_1-705x396.jpg 705w, https:\/\/aulaabierta.arasaac.org\/wp-content\/uploads\/2017\/12\/Picto_Selector_Plural_1-450x253.jpg 450w\" sizes=\"auto, (max-width: 1366px) 100vw, 1366px\" \/><\/p>\n<p>Uma vez adicionados os s\u00edmbolos e impresso o tabuleiro, este ser\u00e1 o resultado final, no qual podemos ver o s\u00edmbolo +, representando o plural, na parte superior direita dos pictogramas.<\/p>\n<p><img loading=\"lazy\" decoding=\"async\" class=\"aligncenter size-full wp-image-6568\" src=\"https:\/\/aulaabierta.arasaac.org\/wp-content\/uploads\/2017\/12\/Picto_Selector_Plural_2.jpg\" alt=\"\" width=\"635\" height=\"543\" srcset=\"https:\/\/aulaabierta.arasaac.org\/wp-content\/uploads\/2017\/12\/Picto_Selector_Plural_2.jpg 635w, https:\/\/aulaabierta.arasaac.org\/wp-content\/uploads\/2017\/12\/Picto_Selector_Plural_2-300x257.jpg 300w, https:\/\/aulaabierta.arasaac.org\/wp-content\/uploads\/2017\/12\/Picto_Selector_Plural_2-450x385.jpg 450w\" sizes=\"auto, (max-width: 635px) 100vw, 635px\" \/>Em rela\u00e7\u00e3o aos <strong>tempos verbais<\/strong>, os passos para acessar os s\u00edmbolos de seta s\u00e3o os mesmos do caso que usamos para o plural.<\/p>\n<p>Podemos premir o <strong>bot\u00e3o do rato direito<\/strong> para adicionar a<strong>seta de passe nolado esquerdo<\/strong> do pictograma ou a <strong>seta futura no lado direito<\/strong>.<\/p>\n<p><img loading=\"lazy\" decoding=\"async\" class=\"aligncenter size-full wp-image-6555\" src=\"https:\/\/aulaabierta.arasaac.org\/wp-content\/uploads\/2017\/12\/Picto_Selector_Tiempos_verbales_0.jpg\" alt=\"\" width=\"1366\" height=\"768\" srcset=\"https:\/\/aulaabierta.arasaac.org\/wp-content\/uploads\/2017\/12\/Picto_Selector_Tiempos_verbales_0.jpg 1366w, https:\/\/aulaabierta.arasaac.org\/wp-content\/uploads\/2017\/12\/Picto_Selector_Tiempos_verbales_0-300x169.jpg 300w, https:\/\/aulaabierta.arasaac.org\/wp-content\/uploads\/2017\/12\/Picto_Selector_Tiempos_verbales_0-768x432.jpg 768w, https:\/\/aulaabierta.arasaac.org\/wp-content\/uploads\/2017\/12\/Picto_Selector_Tiempos_verbales_0-1030x579.jpg 1030w, https:\/\/aulaabierta.arasaac.org\/wp-content\/uploads\/2017\/12\/Picto_Selector_Tiempos_verbales_0-705x396.jpg 705w, https:\/\/aulaabierta.arasaac.org\/wp-content\/uploads\/2017\/12\/Picto_Selector_Tiempos_verbales_0-450x253.jpg 450w\" sizes=\"auto, (max-width: 1366px) 100vw, 1366px\" \/><\/p>\n<p>Ou podemos clicar <strong>duas vezes no pictograma<\/strong> e na parte inferior da janela pop-up, a op\u00e7\u00e3o de <strong>Adicionar&#8230; Passado<\/strong> oo <strong>Futuro<\/strong>.<\/p>\n<p><img loading=\"lazy\" decoding=\"async\" class=\"aligncenter size-full wp-image-6556\" src=\"https:\/\/aulaabierta.arasaac.org\/wp-content\/uploads\/2017\/12\/Picto_Selector_Tiempos_verbales_1.jpg\" alt=\"\" width=\"1366\" height=\"768\" srcset=\"https:\/\/aulaabierta.arasaac.org\/wp-content\/uploads\/2017\/12\/Picto_Selector_Tiempos_verbales_1.jpg 1366w, https:\/\/aulaabierta.arasaac.org\/wp-content\/uploads\/2017\/12\/Picto_Selector_Tiempos_verbales_1-300x169.jpg 300w, https:\/\/aulaabierta.arasaac.org\/wp-content\/uploads\/2017\/12\/Picto_Selector_Tiempos_verbales_1-768x432.jpg 768w, https:\/\/aulaabierta.arasaac.org\/wp-content\/uploads\/2017\/12\/Picto_Selector_Tiempos_verbales_1-1030x579.jpg 1030w, https:\/\/aulaabierta.arasaac.org\/wp-content\/uploads\/2017\/12\/Picto_Selector_Tiempos_verbales_1-705x396.jpg 705w, https:\/\/aulaabierta.arasaac.org\/wp-content\/uploads\/2017\/12\/Picto_Selector_Tiempos_verbales_1-450x253.jpg 450w\" sizes=\"auto, (max-width: 1366px) 100vw, 1366px\" \/><\/p>\n<p><img loading=\"lazy\" decoding=\"async\" class=\"aligncenter size-full wp-image-6557\" src=\"https:\/\/aulaabierta.arasaac.org\/wp-content\/uploads\/2017\/12\/Picto_Selector_Tiempos_verbales_2.jpg\" alt=\"\" width=\"1366\" height=\"768\" srcset=\"https:\/\/aulaabierta.arasaac.org\/wp-content\/uploads\/2017\/12\/Picto_Selector_Tiempos_verbales_2.jpg 1366w, https:\/\/aulaabierta.arasaac.org\/wp-content\/uploads\/2017\/12\/Picto_Selector_Tiempos_verbales_2-300x169.jpg 300w, https:\/\/aulaabierta.arasaac.org\/wp-content\/uploads\/2017\/12\/Picto_Selector_Tiempos_verbales_2-768x432.jpg 768w, https:\/\/aulaabierta.arasaac.org\/wp-content\/uploads\/2017\/12\/Picto_Selector_Tiempos_verbales_2-1030x579.jpg 1030w, https:\/\/aulaabierta.arasaac.org\/wp-content\/uploads\/2017\/12\/Picto_Selector_Tiempos_verbales_2-705x396.jpg 705w, https:\/\/aulaabierta.arasaac.org\/wp-content\/uploads\/2017\/12\/Picto_Selector_Tiempos_verbales_2-450x253.jpg 450w\" sizes=\"auto, (max-width: 1366px) 100vw, 1366px\" \/><\/p>\n<p>Uma vez impresso, este \u00e9 o resultado final no qual podemos ver o s\u00edmbolo +, representando o plural, na parte superior direita dos pictogramas.<\/p>\n<p><img loading=\"lazy\" decoding=\"async\" class=\"aligncenter size-full wp-image-6565\" src=\"https:\/\/aulaabierta.arasaac.org\/wp-content\/uploads\/2017\/12\/Picto_Selector_Tiempos_verbales_3.jpg\" alt=\"\" width=\"742\" height=\"508\" srcset=\"https:\/\/aulaabierta.arasaac.org\/wp-content\/uploads\/2017\/12\/Picto_Selector_Tiempos_verbales_3.jpg 742w, https:\/\/aulaabierta.arasaac.org\/wp-content\/uploads\/2017\/12\/Picto_Selector_Tiempos_verbales_3-300x205.jpg 300w, https:\/\/aulaabierta.arasaac.org\/wp-content\/uploads\/2017\/12\/Picto_Selector_Tiempos_verbales_3-705x483.jpg 705w, https:\/\/aulaabierta.arasaac.org\/wp-content\/uploads\/2017\/12\/Picto_Selector_Tiempos_verbales_3-450x308.jpg 450w\" sizes=\"auto, (max-width: 742px) 100vw, 742px\" \/><\/p>\n<p>Caso pretenda utilizar estes pictogramas com o s\u00edmbolo + ou com as setas dos verbos tensos nos seus documentos ou apresenta\u00e7\u00f5es, tem de utilizar a op\u00e7\u00e3o de <strong>Copiar para o Word<\/strong> ou <b>Copiar para a clipboard<\/b> <a href=\"https:\/\/aulaabierta.arasaac.org\/pt-pt\/menu-de-contexto-dos-pictogramas\"><strong>(Cap\u00edtulo 9<\/strong><\/a>deste tutorial).<\/p>\n<p>Uma vez copiados nessas duas ferramentas de escrit\u00f3rio, voc\u00ea pode pressionar o bot\u00e3o direito do mouse e usar a op\u00e7\u00e3o <strong>Salvar como imagem<\/strong> para us\u00e1-las no <strong>AraWord<\/strong>.<\/p>\n<\/div><\/section>\n<\/div><\/div><\/div><!-- close content main div --><\/div><\/div><div id='av-layout-grid-2'  class='av-layout-grid-container av-buh5e2-ed37df92db1611d632239a9525d7ba36 entry-content-wrapper main_color av-border-top-bottom av-flex-cells  avia-builder-el-8  el_after_av_textblock  avia-builder-el-last  grid-row-not-first  container_wrap fullsize'  >\n\n<style type=\"text\/css\" data-created_by=\"avia_inline_auto\" id=\"style-css-av-b1zk3e-41c3630c40b9502271c05a7ebc4903de\">\n.flex_cell.av-b1zk3e-41c3630c40b9502271c05a7ebc4903de{\nvertical-align:top;\n}\n.responsive #top #wrap_all .flex_cell.av-b1zk3e-41c3630c40b9502271c05a7ebc4903de{\npadding:30px 30px 30px 30px !important;\n}\n<\/style>\n<div class='flex_cell av-b1zk3e-41c3630c40b9502271c05a7ebc4903de av-gridrow-cell av_one_fifth no_margin  avia-builder-el-9  el_before_av_cell_one_fifth  avia-builder-el-first ' ><div class='flex_cell_inner'><\/div><\/div>\n<style type=\"text\/css\" data-created_by=\"avia_inline_auto\" id=\"style-css-av-94wuhm-c68da0a8112ff363be2f9cb55ff599fe\">\n.flex_cell.av-94wuhm-c68da0a8112ff363be2f9cb55ff599fe{\nvertical-align:top;\n}\n.responsive #top #wrap_all .flex_cell.av-94wuhm-c68da0a8112ff363be2f9cb55ff599fe{\npadding:30px 30px 30px 30px !important;\n}\n<\/style>\n<div class='flex_cell av-94wuhm-c68da0a8112ff363be2f9cb55ff599fe av-gridrow-cell av_one_fifth no_margin  avia-builder-el-10  el_after_av_cell_one_fifth  el_before_av_cell_one_fifth ' ><div class='flex_cell_inner'><\/div><\/div>\n<style type=\"text\/css\" data-created_by=\"avia_inline_auto\" id=\"style-css-av-70k7ve-54d8647382b130c2b1d035abc421b5d8\">\n.flex_cell.av-70k7ve-54d8647382b130c2b1d035abc421b5d8{\nvertical-align:top;\n}\n.responsive #top #wrap_all .flex_cell.av-70k7ve-54d8647382b130c2b1d035abc421b5d8{\npadding:30px 30px 30px 30px !important;\n}\n<\/style>\n<div class='flex_cell av-70k7ve-54d8647382b130c2b1d035abc421b5d8 av-gridrow-cell av_one_fifth no_margin  avia-builder-el-11  el_after_av_cell_one_fifth  el_before_av_cell_one_fifth ' ><div class='flex_cell_inner'>\n<style type=\"text\/css\" data-created_by=\"avia_inline_auto\" id=\"style-css-av-58trka-4b68ad0891fb7b6c8836566631d28008\">\n.avia-image-container.av-58trka-4b68ad0891fb7b6c8836566631d28008 img.avia_image{\nbox-shadow:none;\n}\n.avia-image-container.av-58trka-4b68ad0891fb7b6c8836566631d28008 .av-image-caption-overlay-center{\ncolor:#ffffff;\n}\n<\/style>\n<div  class='avia-image-container av-58trka-4b68ad0891fb7b6c8836566631d28008 av-styling- avia-align-center  avia-builder-el-12  avia-builder-el-no-sibling '   itemprop=\"image\" itemscope=\"itemscope\" itemtype=\"https:\/\/schema.org\/ImageObject\" ><div class=\"avia-image-container-inner\"><div class=\"avia-image-overlay-wrap\"><a href=\"https:\/\/aulaabierta.arasaac.org\/pt-pt\/picto-selector-inicio-pt\" class='avia_image' ><img decoding=\"async\" class='wp-image-23499 avia-img-lazy-loading-not-23499 avia_image ' src=\"https:\/\/aulaabierta.arasaac.org\/wp-content\/uploads\/2016\/12\/casa-80x80.png\" alt='' title='In\u00edcio'  height=\"80\" width=\"80\"  itemprop=\"thumbnailUrl\" srcset=\"https:\/\/aulaabierta.arasaac.org\/wp-content\/uploads\/2016\/12\/casa-80x80.png 80w, https:\/\/aulaabierta.arasaac.org\/wp-content\/uploads\/2016\/12\/casa-300x300.png 300w, https:\/\/aulaabierta.arasaac.org\/wp-content\/uploads\/2016\/12\/casa-36x36.png 36w, https:\/\/aulaabierta.arasaac.org\/wp-content\/uploads\/2016\/12\/casa-180x180.png 180w, https:\/\/aulaabierta.arasaac.org\/wp-content\/uploads\/2016\/12\/casa-120x120.png 120w, https:\/\/aulaabierta.arasaac.org\/wp-content\/uploads\/2016\/12\/casa-450x450.png 450w, https:\/\/aulaabierta.arasaac.org\/wp-content\/uploads\/2016\/12\/casa.png 500w\" sizes=\"(max-width: 80px) 100vw, 80px\" \/><\/a><\/div><\/div><\/div>\n<\/div><\/div>\n<style type=\"text\/css\" data-created_by=\"avia_inline_auto\" id=\"style-css-av-4ts53u-65fb93ce70f80e1ed790244389161338\">\n.flex_cell.av-4ts53u-65fb93ce70f80e1ed790244389161338{\nvertical-align:top;\n}\n.responsive #top #wrap_all .flex_cell.av-4ts53u-65fb93ce70f80e1ed790244389161338{\npadding:30px 30px 30px 30px !important;\n}\n<\/style>\n<div class='flex_cell av-4ts53u-65fb93ce70f80e1ed790244389161338 av-gridrow-cell av_one_fifth no_margin  avia-builder-el-13  el_after_av_cell_one_fifth  el_before_av_cell_one_fifth ' ><div class='flex_cell_inner'><\/div><\/div>\n<style type=\"text\/css\" data-created_by=\"avia_inline_auto\" id=\"style-css-av-2qoyai-84b1c8723d4c97b141060949758cac86\">\n.flex_cell.av-2qoyai-84b1c8723d4c97b141060949758cac86{\nvertical-align:top;\n}\n.responsive #top #wrap_all .flex_cell.av-2qoyai-84b1c8723d4c97b141060949758cac86{\npadding:30px 30px 30px 30px !important;\n}\n<\/style>\n<div class='flex_cell av-2qoyai-84b1c8723d4c97b141060949758cac86 av-gridrow-cell av_one_fifth no_margin  avia-builder-el-14  el_after_av_cell_one_fifth  avia-builder-el-last ' ><div class='flex_cell_inner'><\/div><\/div>\n<\/div>\n","protected":false},"excerpt":{"rendered":"","protected":false},"author":5,"featured_media":23553,"parent":0,"menu_order":0,"comment_status":"closed","ping_status":"closed","template":"","meta":{"om_disable_all_campaigns":false,"_monsterinsights_skip_tracking":false,"_monsterinsights_sitenote_active":false,"_monsterinsights_sitenote_note":"","_monsterinsights_sitenote_category":0,"_uf_show_specific_survey":0,"_uf_disable_surveys":false,"footnotes":""},"class_list":["post-83176","page","type-page","status-publish","has-post-thumbnail","hentry"],"aioseo_notices":[],"_links":{"self":[{"href":"https:\/\/aulaabierta.arasaac.org\/pt-pt\/wp-json\/wp\/v2\/pages\/83176","targetHints":{"allow":["GET"]}}],"collection":[{"href":"https:\/\/aulaabierta.arasaac.org\/pt-pt\/wp-json\/wp\/v2\/pages"}],"about":[{"href":"https:\/\/aulaabierta.arasaac.org\/pt-pt\/wp-json\/wp\/v2\/types\/page"}],"author":[{"embeddable":true,"href":"https:\/\/aulaabierta.arasaac.org\/pt-pt\/wp-json\/wp\/v2\/users\/5"}],"replies":[{"embeddable":true,"href":"https:\/\/aulaabierta.arasaac.org\/pt-pt\/wp-json\/wp\/v2\/comments?post=83176"}],"version-history":[{"count":4,"href":"https:\/\/aulaabierta.arasaac.org\/pt-pt\/wp-json\/wp\/v2\/pages\/83176\/revisions"}],"predecessor-version":[{"id":83200,"href":"https:\/\/aulaabierta.arasaac.org\/pt-pt\/wp-json\/wp\/v2\/pages\/83176\/revisions\/83200"}],"wp:featuredmedia":[{"embeddable":true,"href":"https:\/\/aulaabierta.arasaac.org\/pt-pt\/wp-json\/wp\/v2\/media\/23553"}],"wp:attachment":[{"href":"https:\/\/aulaabierta.arasaac.org\/pt-pt\/wp-json\/wp\/v2\/media?parent=83176"}],"curies":[{"name":"wp","href":"https:\/\/api.w.org\/{rel}","templated":true}]}}