{"id":96211,"date":"2022-09-08T08:58:06","date_gmt":"2022-09-08T07:58:06","guid":{"rendered":"https:\/\/aulaabierta.arasaac.org\/?page_id=96211"},"modified":"2022-12-09T18:21:01","modified_gmt":"2022-12-09T17:21:01","slug":"asterics-aac_instalacion_mac","status":"publish","type":"page","link":"https:\/\/aulaabierta.arasaac.org\/pt-pt\/asterics-aac_instalacion_mac","title":{"rendered":"Comunicador din\u00e1mico Asterics AAC &#8211; Instalaci\u00f3n en Mac como aplicaci\u00f3n"},"content":{"rendered":"\n<style type=\"text\/css\" data-created_by=\"avia_inline_auto\" id=\"style-css-av-g02wp-2befcac3cda6446b391255e941bbf843\">\n#top .av-special-heading.av-g02wp-2befcac3cda6446b391255e941bbf843{\npadding-bottom:0;\n}\nbody .av-special-heading.av-g02wp-2befcac3cda6446b391255e941bbf843 .av-special-heading-tag .heading-char{\nfont-size:25px;\n}\n.av-special-heading.av-g02wp-2befcac3cda6446b391255e941bbf843 .av-subheading{\nfont-size:15px;\n}\n<\/style>\n<div  class='av-special-heading av-g02wp-2befcac3cda6446b391255e941bbf843 av-special-heading-h2  avia-builder-el-0  el_before_av_textblock  avia-builder-el-first '><h2 class='av-special-heading-tag'  itemprop=\"headline\"  >Asterics AAC &#8211; Instalaci\u00f3n en Mac como aplicaci\u00f3n<\/h2><div class=\"special-heading-border\"><div class=\"special-heading-inner-border\"><\/div><\/div><\/div>\n\n<style type=\"text\/css\" data-created_by=\"avia_inline_auto\" id=\"style-css-av-l6xxvjl9-5b8ff173a6de397024e332dd1543100b\">\n#top .av_textblock_section.av-l6xxvjl9-5b8ff173a6de397024e332dd1543100b .avia_textblock{\nfont-size:16px;\n}\n<\/style>\n<section  class='av_textblock_section av-l6xxvjl9-5b8ff173a6de397024e332dd1543100b'  itemscope=\"itemscope\" itemtype=\"https:\/\/schema.org\/CreativeWork\" ><div class='avia_textblock'  itemprop=\"text\" ><p><strong>Asterics AAC<\/strong> es un <strong>comunicador web (webapp) multiplataforma<\/strong>, lo que implica que funciona teniendo siempre como base un <strong>navegador web <\/strong>con la ventaja de que\u00a0<strong>almacena todos los datos en el dispositivo<\/strong> que estamos utilizando (ordenador, tablet o smartphone).<\/p>\n<p>Esta ventaja permite su <strong>funcionamiento offline <\/strong>(sin conexi\u00f3n a Internet) tras la primera conexi\u00f3n y descarga inicial de los datos. Tambi\u00e9n tenemos la posibilidad de <strong>instalarlo como si fuera una aplicaci\u00f3n del propio Mac<\/strong> (aunque siga siendo una <strong>webapp<\/strong>), es decir, su funcionamiento ser\u00e1 el mismo que el de cualquier otra aplicaci\u00f3n que hayamos instalado en nuestro ordenador. Esto ofrece como ventaja adicional la visualizaci\u00f3n en una ventana independiente, a pantalla completa y sin que se vea el navegador, es decir, como si fuera una aplicaci\u00f3n m\u00e1s de Mac.<\/p>\n<p>En este tutorial, vamos a explicar c\u00f3mo <strong>instalar Asterics AAC en Mac<\/strong> desde <strong>Google Chrome<\/strong>.<\/p>\n<\/div><\/section>\n\n<style type=\"text\/css\" data-created_by=\"avia_inline_auto\" id=\"style-css-av-l6kydw6c-96f4d1eef111e73ffafe85dab2527078\">\n#top .av-special-heading.av-l6kydw6c-96f4d1eef111e73ffafe85dab2527078{\npadding-bottom:0;\n}\nbody .av-special-heading.av-l6kydw6c-96f4d1eef111e73ffafe85dab2527078 .av-special-heading-tag .heading-char{\nfont-size:25px;\n}\n.av-special-heading.av-l6kydw6c-96f4d1eef111e73ffafe85dab2527078 .av-subheading{\nfont-size:15px;\n}\n<\/style>\n<div  class='av-special-heading av-l6kydw6c-96f4d1eef111e73ffafe85dab2527078 av-special-heading-h2  avia-builder-el-2  el_after_av_textblock  el_before_av_textblock '><h2 class='av-special-heading-tag'  itemprop=\"headline\"  >1- Instalaci\u00f3n con Google Chrome<\/h2><div class=\"special-heading-border\"><div class=\"special-heading-inner-border\"><\/div><\/div><\/div>\n\n<style type=\"text\/css\" data-created_by=\"avia_inline_auto\" id=\"style-css-av-knuu1r-3ac2949693aa8e2efd46d09d23d5ca6b\">\n#top .av_textblock_section.av-knuu1r-3ac2949693aa8e2efd46d09d23d5ca6b .avia_textblock{\nfont-size:16px;\n}\n<\/style>\n<section  class='av_textblock_section av-knuu1r-3ac2949693aa8e2efd46d09d23d5ca6b'  itemscope=\"itemscope\" itemtype=\"https:\/\/schema.org\/CreativeWork\" ><div class='avia_textblock'  itemprop=\"text\" ><p>Para instalar el comunicador din\u00e1mico <strong>Asterics AAC<\/strong> como si fuera una aplicaci\u00f3n de Mac, abrimos la web de <a href=\"https:\/\/grid.asterics.eu\/#main\" target=\"_blank\" rel=\"noopener\"><strong>Asterics AAC <\/strong><\/a>en una<b> nueva pesta\u00f1a <\/b>desde el navegador<b><strong> Google Chrome <\/strong><\/b>y pulsamos en el <b><strong>icono de instalar aplicaci\u00f3n<\/strong><\/b> (se\u00f1alado en la captura).<\/p>\n<p><img loading=\"lazy\" decoding=\"async\" class=\"alignnone size-large wp-image-96223\" src=\"https:\/\/aulaabierta.arasaac.org\/wp-content\/uploads\/2022\/09\/Instalacion_AsTERICS_Grid_Chrome_Mac_1-1030x644.png\" alt=\"\" width=\"1030\" height=\"644\" srcset=\"https:\/\/aulaabierta.arasaac.org\/wp-content\/uploads\/2022\/09\/Instalacion_AsTERICS_Grid_Chrome_Mac_1-1030x644.png 1030w, https:\/\/aulaabierta.arasaac.org\/wp-content\/uploads\/2022\/09\/Instalacion_AsTERICS_Grid_Chrome_Mac_1-300x188.png 300w, https:\/\/aulaabierta.arasaac.org\/wp-content\/uploads\/2022\/09\/Instalacion_AsTERICS_Grid_Chrome_Mac_1-768x480.png 768w, https:\/\/aulaabierta.arasaac.org\/wp-content\/uploads\/2022\/09\/Instalacion_AsTERICS_Grid_Chrome_Mac_1-705x441.png 705w, https:\/\/aulaabierta.arasaac.org\/wp-content\/uploads\/2022\/09\/Instalacion_AsTERICS_Grid_Chrome_Mac_1.png 1440w\" sizes=\"auto, (max-width: 1030px) 100vw, 1030px\" \/><\/p>\n<p>Pulsamos en <strong>Instalar<\/strong>.<\/p>\n<p><img loading=\"lazy\" decoding=\"async\" class=\"alignnone size-large wp-image-96218\" src=\"https:\/\/aulaabierta.arasaac.org\/wp-content\/uploads\/2022\/09\/Instalacion_AsTERICS_Grid_Chrome_Mac_2-1030x644.png\" alt=\"\" width=\"1030\" height=\"644\" srcset=\"https:\/\/aulaabierta.arasaac.org\/wp-content\/uploads\/2022\/09\/Instalacion_AsTERICS_Grid_Chrome_Mac_2-1030x644.png 1030w, https:\/\/aulaabierta.arasaac.org\/wp-content\/uploads\/2022\/09\/Instalacion_AsTERICS_Grid_Chrome_Mac_2-300x188.png 300w, https:\/\/aulaabierta.arasaac.org\/wp-content\/uploads\/2022\/09\/Instalacion_AsTERICS_Grid_Chrome_Mac_2-768x480.png 768w, https:\/\/aulaabierta.arasaac.org\/wp-content\/uploads\/2022\/09\/Instalacion_AsTERICS_Grid_Chrome_Mac_2-705x441.png 705w, https:\/\/aulaabierta.arasaac.org\/wp-content\/uploads\/2022\/09\/Instalacion_AsTERICS_Grid_Chrome_Mac_2.png 1440w\" sizes=\"auto, (max-width: 1030px) 100vw, 1030px\" \/><\/p>\n<p>Tras unos segundos de espera, aparece una nueva ventana de aplicaciones de Chrome en la que veremos ya <strong>Asterics AAC.\u00a0<\/strong><\/p>\n<p><img loading=\"lazy\" decoding=\"async\" class=\"alignnone size-large wp-image-96213\" src=\"https:\/\/aulaabierta.arasaac.org\/wp-content\/uploads\/2022\/09\/Instalacion_AsTERICS_Grid_Chrome_Mac_3-1030x644.png\" alt=\"\" width=\"1030\" height=\"644\" srcset=\"https:\/\/aulaabierta.arasaac.org\/wp-content\/uploads\/2022\/09\/Instalacion_AsTERICS_Grid_Chrome_Mac_3-1030x644.png 1030w, https:\/\/aulaabierta.arasaac.org\/wp-content\/uploads\/2022\/09\/Instalacion_AsTERICS_Grid_Chrome_Mac_3-300x188.png 300w, https:\/\/aulaabierta.arasaac.org\/wp-content\/uploads\/2022\/09\/Instalacion_AsTERICS_Grid_Chrome_Mac_3-768x480.png 768w, https:\/\/aulaabierta.arasaac.org\/wp-content\/uploads\/2022\/09\/Instalacion_AsTERICS_Grid_Chrome_Mac_3-705x441.png 705w, https:\/\/aulaabierta.arasaac.org\/wp-content\/uploads\/2022\/09\/Instalacion_AsTERICS_Grid_Chrome_Mac_3.png 1440w\" sizes=\"auto, (max-width: 1030px) 100vw, 1030px\" \/><\/p>\n<p>Podemos hacer clic para <strong>abrir la aplicaci\u00f3n<\/strong> o crearnos un acceso directo en el escritorio. Al abrirla podemos redimensionarla a pantalla completa de modo que no veamos el escritorio. Tampoco veremos el navegador sobre el que funciona.<\/p>\n<p><img loading=\"lazy\" decoding=\"async\" class=\"alignnone size-large wp-image-96228\" src=\"https:\/\/aulaabierta.arasaac.org\/wp-content\/uploads\/2022\/09\/Instalacion_AsTERICS_Grid_Chrome_Mac_4-1030x644.png\" alt=\"\" width=\"1030\" height=\"644\" srcset=\"https:\/\/aulaabierta.arasaac.org\/wp-content\/uploads\/2022\/09\/Instalacion_AsTERICS_Grid_Chrome_Mac_4-1030x644.png 1030w, https:\/\/aulaabierta.arasaac.org\/wp-content\/uploads\/2022\/09\/Instalacion_AsTERICS_Grid_Chrome_Mac_4-300x188.png 300w, https:\/\/aulaabierta.arasaac.org\/wp-content\/uploads\/2022\/09\/Instalacion_AsTERICS_Grid_Chrome_Mac_4-768x480.png 768w, https:\/\/aulaabierta.arasaac.org\/wp-content\/uploads\/2022\/09\/Instalacion_AsTERICS_Grid_Chrome_Mac_4-705x441.png 705w, https:\/\/aulaabierta.arasaac.org\/wp-content\/uploads\/2022\/09\/Instalacion_AsTERICS_Grid_Chrome_Mac_4.png 1440w\" sizes=\"auto, (max-width: 1030px) 100vw, 1030px\" \/><\/p>\n<p>Para desinstalar la aplicaci\u00f3n tenemos la posibilidad de hacerlo <strong>desde la propia ventana de la aplicaci\u00f3n<\/strong> pulsando en los<strong> &#8230; <\/strong>(1), que aparecen en la parte superior de la ventana,\u00a0 y, posteriormente, en <strong>Desinstalar Asterics AAC<\/strong> (2).<\/p>\n<\/div><\/section>\n<div class='flex_column av-2krg6xr-318b22cf5a7dcc17d549f6d260a48947 av_one_fifth  avia-builder-el-4  el_after_av_textblock  el_before_av_one_fifth  first flex_column_div column-top-margin'     ><\/div>\n<div class='flex_column av-2acjjb3-72430572443564d7b3ecb332fff10556 av_one_fifth  avia-builder-el-5  el_after_av_one_fifth  el_before_av_one_fifth  flex_column_div column-top-margin'     ><\/div>\n<div class='flex_column av-5ueg0v-f5b4451085be42fd2a70550803012549 av_one_fifth  avia-builder-el-6  el_after_av_one_fifth  el_before_av_one_fifth  flex_column_div column-top-margin'     ><style type=\"text\/css\" data-created_by=\"avia_inline_auto\" id=\"style-css-av-l6ke1xda-c7a30f91aff1ce03c84a461b6347de39\">\n.avia-image-container.av-l6ke1xda-c7a30f91aff1ce03c84a461b6347de39 img.avia_image{\nbox-shadow:none;\n}\n.avia-image-container.av-l6ke1xda-c7a30f91aff1ce03c84a461b6347de39 .av-image-caption-overlay-center{\ncolor:#ffffff;\n}\n<\/style>\n<div  class='avia-image-container av-l6ke1xda-c7a30f91aff1ce03c84a461b6347de39 av-styling- avia-align-center  avia-builder-el-7  avia-builder-el-no-sibling '   itemprop=\"image\" itemscope=\"itemscope\" itemtype=\"https:\/\/schema.org\/ImageObject\" ><div class=\"avia-image-container-inner\"><div class=\"avia-image-overlay-wrap\"><a href=\"https:\/\/aulaabierta.arasaac.org\/asterics-aac_inicio\" class='avia_image' ><img decoding=\"async\" class='wp-image-93348 avia-img-lazy-loading-not-93348 avia_image ' src=\"https:\/\/aulaabierta.arasaac.org\/wp-content\/uploads\/2022\/08\/casa-120x120-1-80x80.png\" alt='' title='casa-120x120'  height=\"80\" width=\"80\"  itemprop=\"thumbnailUrl\" srcset=\"https:\/\/aulaabierta.arasaac.org\/wp-content\/uploads\/2022\/08\/casa-120x120-1-80x80.png 80w, https:\/\/aulaabierta.arasaac.org\/wp-content\/uploads\/2022\/08\/casa-120x120-1-36x36.png 36w, https:\/\/aulaabierta.arasaac.org\/wp-content\/uploads\/2022\/08\/casa-120x120-1.png 120w\" sizes=\"(max-width: 80px) 100vw, 80px\" \/><\/a><\/div><\/div><\/div><\/div>\n<div class='flex_column av-126aqin-7a6e39193fa1262d0b61cdb616a4a062 av_one_fifth  avia-builder-el-8  el_after_av_one_fifth  el_before_av_one_fifth  flex_column_div column-top-margin'     ><\/div>\n<div class='flex_column av-w2yn9b-3822e7b37f6ad515aaaac5be5b29fec2 av_one_fifth  avia-builder-el-9  el_after_av_one_fifth  el_before_av_one_full  flex_column_div column-top-margin'     ><\/div>\n<div class='flex_column av-vtfpkv-8fb9bef4cb06de80cef16013e631f9a4 av_one_full  avia-builder-el-10  el_after_av_one_fifth  avia-builder-el-last  first flex_column_div column-top-margin'     ><\/div>\n","protected":false},"excerpt":{"rendered":"","protected":false},"author":5,"featured_media":93283,"parent":0,"menu_order":0,"comment_status":"open","ping_status":"open","template":"","meta":{"om_disable_all_campaigns":false,"_monsterinsights_skip_tracking":false,"_monsterinsights_sitenote_active":false,"_monsterinsights_sitenote_note":"","_monsterinsights_sitenote_category":0,"_uf_show_specific_survey":0,"_uf_disable_surveys":false,"footnotes":""},"class_list":["post-96211","page","type-page","status-publish","has-post-thumbnail","hentry"],"aioseo_notices":[],"_links":{"self":[{"href":"https:\/\/aulaabierta.arasaac.org\/pt-pt\/wp-json\/wp\/v2\/pages\/96211","targetHints":{"allow":["GET"]}}],"collection":[{"href":"https:\/\/aulaabierta.arasaac.org\/pt-pt\/wp-json\/wp\/v2\/pages"}],"about":[{"href":"https:\/\/aulaabierta.arasaac.org\/pt-pt\/wp-json\/wp\/v2\/types\/page"}],"author":[{"embeddable":true,"href":"https:\/\/aulaabierta.arasaac.org\/pt-pt\/wp-json\/wp\/v2\/users\/5"}],"replies":[{"embeddable":true,"href":"https:\/\/aulaabierta.arasaac.org\/pt-pt\/wp-json\/wp\/v2\/comments?post=96211"}],"version-history":[{"count":4,"href":"https:\/\/aulaabierta.arasaac.org\/pt-pt\/wp-json\/wp\/v2\/pages\/96211\/revisions"}],"predecessor-version":[{"id":136463,"href":"https:\/\/aulaabierta.arasaac.org\/pt-pt\/wp-json\/wp\/v2\/pages\/96211\/revisions\/136463"}],"wp:featuredmedia":[{"embeddable":true,"href":"https:\/\/aulaabierta.arasaac.org\/pt-pt\/wp-json\/wp\/v2\/media\/93283"}],"wp:attachment":[{"href":"https:\/\/aulaabierta.arasaac.org\/pt-pt\/wp-json\/wp\/v2\/media?parent=96211"}],"curies":[{"name":"wp","href":"https:\/\/api.w.org\/{rel}","templated":true}]}}